{"id":10028,"date":"2022-03-03T01:21:47","date_gmt":"2022-03-03T01:21:47","guid":{"rendered":"https:\/\/instamedic.mx\/?post_type=product&#038;p=10028"},"modified":"2023-09-15T18:50:59","modified_gmt":"2023-09-15T18:50:59","slug":"bata-medica-para-caballero-repelente-a-fluidos","status":"publish","type":"product","link":"https:\/\/instamedic.mx\/en\/tienda-medica\/uniformes\/batas\/batas-medicas\/bata-medica-para-caballero-repelente-a-fluidos\/","title":{"rendered":"Bata M\u00e9dica para Caballero REPELENTE A FLUIDOS"},"content":{"rendered":"<ul>\n<li>Cl\u00e1sica bata m\u00e9dica profesional para caballero, REPELENTE A FLUIDOS, corte recto elegante y 3 amplias bolsas delanteras.<\/li>\n<li>Tallas de la 26 a la 46.<\/li>\n<li>TELA- 80% Poli\u00e9ster y 20% Algod\u00f3n &#8211; Color Blanco. Nuestros productos no tienen \u201cbolitas\u201d ni arrugas, siendo una prenda con un tacto espectacular y una vista a\u00fan mejor. Sus bolsas te permiten tener siempre a la mano tus accesorios y herramientas de trabajo como el estetoscopio, para que siempre est\u00e9s preparado\/a.<\/li>\n<li>CONSTRUCCI\u00d3N Y EXTRA: Doble remache en nuestras costuras para que la prenda tenga mayor durabilidad y resistencia. Amplia gama de colores para que tengas toda nuestra linda colecci\u00f3n.<\/li>\n<li>Empresa orgullosamente Mexicana.<\/li>\n<\/ul>","protected":false},"excerpt":{"rendered":"<ul>\n<li>Cl\u00e1sica bata m\u00e9dica profesional para caballero, REPELENTE A FLUIDOS, corte recto elegante y 3 amplias bolsas delanteras.<\/li>\n<li>Tallas de la 26 a la 46.<\/li>\n<li>TELA- 80% Poli\u00e9ster y 20% Algod\u00f3n &#8211; Color Blanco. Nuestros productos no tienen \u201cbolitas\u201d ni arrugas, siendo una prenda con un tacto espectacular y una vista a\u00fan mejor. Sus bolsas te permiten tener siempre a la mano tus accesorios y herramientas de trabajo como el estetoscopio, para que siempre est\u00e9s preparado\/a.<\/li>\n<li>CONSTRUCCI\u00d3N Y EXTRA: Doble remache en nuestras costuras para que la prenda tenga mayor durabilidad y resistencia. Amplia gama de colores para que tengas toda nuestra linda colecci\u00f3n.<\/li>\n<li>Empresa orgullosamente Mexicana.<\/li>\n<\/ul>","protected":false},"featured_media":10051,"comment_status":"open","ping_status":"closed","template":"","meta":[],"wpc-collection":[],"product_brand":[],"product_cat":[197],"product_tag":[542,199,198,396,544,543,397,201,408],"yoast_head":"<!-- This site is optimized with the Yoast SEO Premium plugin v22.3 (Yoast SEO v22.4) - https:\/\/yoast.com\/wordpress\/plugins\/seo\/ -->\n<title>Bata M\u00e9dica para Caballero REPELENTE A FLUIDOS | Instamedic<\/title>\n<meta name=\"robots\" content=\"index, follow, max-snippet:-1, max-image-preview:large, max-video-preview:-1\" \/>\n<link rel=\"canonical\" href=\"https:\/\/instamedic.mx\/en\/tienda-medica\/uniformes\/batas\/batas-medicas\/bata-medica-para-caballero-repelente-a-fluidos\/\" \/>\n<meta property=\"og:locale\" content=\"en_US\" \/>\n<meta property=\"og:type\" content=\"article\" \/>\n<meta property=\"og:title\" content=\"Bata M\u00e9dica para Caballero REPELENTE A FLUIDOS\" \/>\n<meta property=\"og:description\" content=\"Cl\u00e1sica bata m\u00e9dica profesional para caballero, REPELENTE A FLUIDOS, corte recto elegante y 3 amplias bolsas delanteras.  Tallas de la 26 a la 46.  TELA- 80% Poli\u00e9ster y 20% Algod\u00f3n - Color Blanco. Nuestros productos no tienen \u201cbolitas\u201d ni arrugas, siendo una prenda con un tacto espectacular y una vista a\u00fan mejor. Sus bolsas te permiten tener siempre a la mano tus accesorios y herramientas de trabajo como el estetoscopio, para que siempre est\u00e9s preparado\/a.  CONSTRUCCI\u00d3N Y EXTRA: Doble remache en nuestras costuras para que la prenda tenga mayor durabilidad y resistencia. Amplia gama de colores para que tengas toda nuestra linda colecci\u00f3n.  Empresa orgullosamente Mexicana.\" \/>\n<meta property=\"og:url\" content=\"https:\/\/instamedic.mx\/en\/tienda-medica\/uniformes\/batas\/batas-medicas\/bata-medica-para-caballero-repelente-a-fluidos\/\" \/>\n<meta property=\"og:site_name\" content=\"Instamedic\" \/>\n<meta property=\"article:publisher\" content=\"https:\/\/www.facebook.com\/instamedicmx\" \/>\n<meta property=\"article:modified_time\" content=\"2023-09-15T18:50:59+00:00\" \/>\n<meta property=\"og:image\" content=\"https:\/\/instamedic.mx\/wp-content\/uploads\/2022\/03\/batta-medica-caballero-antifluidos-hassan-ha36.jpg\" \/>\n\t<meta property=\"og:image:width\" content=\"1365\" \/>\n\t<meta property=\"og:image:height\" content=\"2048\" \/>\n\t<meta property=\"og:image:type\" content=\"image\/jpeg\" \/>\n<meta name=\"twitter:card\" content=\"summary_large_image\" \/>\n<meta name=\"twitter:label1\" content=\"Est. reading time\" \/>\n\t<meta name=\"twitter:data1\" content=\"1 minute\" \/>\n<script type=\"application\/ld+json\" class=\"yoast-schema-graph\">{\"@context\":\"https:\/\/schema.org\",\"@graph\":[{\"@type\":\"WebPage\",\"@id\":\"https:\/\/instamedic.mx\/tienda-medica\/uniformes\/batas\/batas-medicas\/bata-medica-para-caballero-repelente-a-fluidos\/\",\"url\":\"https:\/\/instamedic.mx\/tienda-medica\/uniformes\/batas\/batas-medicas\/bata-medica-para-caballero-repelente-a-fluidos\/\",\"name\":\"Bata M\u00e9dica para Caballero REPELENTE A FLUIDOS | Instamedic\",\"isPartOf\":{\"@id\":\"https:\/\/instamedic.mx\/#website\"},\"primaryImageOfPage\":{\"@id\":\"https:\/\/instamedic.mx\/tienda-medica\/uniformes\/batas\/batas-medicas\/bata-medica-para-caballero-repelente-a-fluidos\/#primaryimage\"},\"image\":{\"@id\":\"https:\/\/instamedic.mx\/tienda-medica\/uniformes\/batas\/batas-medicas\/bata-medica-para-caballero-repelente-a-fluidos\/#primaryimage\"},\"thumbnailUrl\":\"https:\/\/instamedic.mx\/wp-content\/uploads\/2022\/03\/batta-medica-caballero-antifluidos-hassan-ha36.jpg\",\"datePublished\":\"2022-03-03T01:21:47+00:00\",\"dateModified\":\"2023-09-15T18:50:59+00:00\",\"breadcrumb\":{\"@id\":\"https:\/\/instamedic.mx\/tienda-medica\/uniformes\/batas\/batas-medicas\/bata-medica-para-caballero-repelente-a-fluidos\/#breadcrumb\"},\"inLanguage\":\"en-US\",\"potentialAction\":[{\"@type\":\"ReadAction\",\"target\":[\"https:\/\/instamedic.mx\/tienda-medica\/uniformes\/batas\/batas-medicas\/bata-medica-para-caballero-repelente-a-fluidos\/\"]}]},{\"@type\":\"ImageObject\",\"inLanguage\":\"en-US\",\"@id\":\"https:\/\/instamedic.mx\/tienda-medica\/uniformes\/batas\/batas-medicas\/bata-medica-para-caballero-repelente-a-fluidos\/#primaryimage\",\"url\":\"https:\/\/instamedic.mx\/wp-content\/uploads\/2022\/03\/batta-medica-caballero-antifluidos-hassan-ha36.jpg\",\"contentUrl\":\"https:\/\/instamedic.mx\/wp-content\/uploads\/2022\/03\/batta-medica-caballero-antifluidos-hassan-ha36.jpg\",\"width\":1365,\"height\":2048},{\"@type\":\"BreadcrumbList\",\"@id\":\"https:\/\/instamedic.mx\/tienda-medica\/uniformes\/batas\/batas-medicas\/bata-medica-para-caballero-repelente-a-fluidos\/#breadcrumb\",\"itemListElement\":[{\"@type\":\"ListItem\",\"position\":1,\"name\":\"Inicio\",\"item\":\"https:\/\/instamedic.mx\/\"},{\"@type\":\"ListItem\",\"position\":2,\"name\":\"Tienda m\u00e9dica\",\"item\":\"https:\/\/instamedic.mx\/tienda-medica\/\"},{\"@type\":\"ListItem\",\"position\":3,\"name\":\"Bata M\u00e9dica para Caballero REPELENTE A FLUIDOS\"}]},{\"@type\":\"WebSite\",\"@id\":\"https:\/\/instamedic.mx\/#website\",\"url\":\"https:\/\/instamedic.mx\/\",\"name\":\"INSTAMEDIC\",\"description\":\"Venta de equipo m\u00e9dico, instrumental y uniformes quirpurgicos\",\"publisher\":{\"@id\":\"https:\/\/instamedic.mx\/#organization\"},\"potentialAction\":[{\"@type\":\"SearchAction\",\"target\":{\"@type\":\"EntryPoint\",\"urlTemplate\":\"https:\/\/instamedic.mx\/?s={search_term_string}\"},\"query-input\":\"required name=search_term_string\"}],\"inLanguage\":\"en-US\"},{\"@type\":\"Organization\",\"@id\":\"https:\/\/instamedic.mx\/#organization\",\"name\":\"INSTAMEDIC\",\"url\":\"https:\/\/instamedic.mx\/\",\"logo\":{\"@type\":\"ImageObject\",\"inLanguage\":\"en-US\",\"@id\":\"https:\/\/instamedic.mx\/#\/schema\/logo\/image\/\",\"url\":\"https:\/\/instamedic.mx\/wp-content\/uploads\/2024\/02\/Logo-instamedic.png\",\"contentUrl\":\"https:\/\/instamedic.mx\/wp-content\/uploads\/2024\/02\/Logo-instamedic.png\",\"width\":500,\"height\":500,\"caption\":\"INSTAMEDIC\"},\"image\":{\"@id\":\"https:\/\/instamedic.mx\/#\/schema\/logo\/image\/\"},\"sameAs\":[\"https:\/\/www.facebook.com\/instamedicmx\",\"https:\/\/www.instagram.com\/instamedic_mx\/\"],\"email\":\"info@instamedic.mx\",\"telephone\":\"8713426247\"}]}<\/script>\n<!-- \/ Yoast SEO Premium plugin. -->","yoast_head_json":{"title":"Bata M\u00e9dica para Caballero REPELENTE A FLUIDOS | Instamedic","robots":{"index":"index","follow":"follow","max-snippet":"max-snippet:-1","max-image-preview":"max-image-preview:large","max-video-preview":"max-video-preview:-1"},"canonical":"https:\/\/instamedic.mx\/en\/tienda-medica\/uniformes\/batas\/batas-medicas\/bata-medica-para-caballero-repelente-a-fluidos\/","og_locale":"en_US","og_type":"article","og_title":"Bata M\u00e9dica para Caballero REPELENTE A FLUIDOS","og_description":"Cl\u00e1sica bata m\u00e9dica profesional para caballero, REPELENTE A FLUIDOS, corte recto elegante y 3 amplias bolsas delanteras.  Tallas de la 26 a la 46.  TELA- 80% Poli\u00e9ster y 20% Algod\u00f3n - Color Blanco. Nuestros productos no tienen \u201cbolitas\u201d ni arrugas, siendo una prenda con un tacto espectacular y una vista a\u00fan mejor. Sus bolsas te permiten tener siempre a la mano tus accesorios y herramientas de trabajo como el estetoscopio, para que siempre est\u00e9s preparado\/a.  CONSTRUCCI\u00d3N Y EXTRA: Doble remache en nuestras costuras para que la prenda tenga mayor durabilidad y resistencia. Amplia gama de colores para que tengas toda nuestra linda colecci\u00f3n.  Empresa orgullosamente Mexicana.","og_url":"https:\/\/instamedic.mx\/en\/tienda-medica\/uniformes\/batas\/batas-medicas\/bata-medica-para-caballero-repelente-a-fluidos\/","og_site_name":"Instamedic","article_publisher":"https:\/\/www.facebook.com\/instamedicmx","article_modified_time":"2023-09-15T18:50:59+00:00","og_image":[{"width":1365,"height":2048,"url":"https:\/\/instamedic.mx\/wp-content\/uploads\/2022\/03\/batta-medica-caballero-antifluidos-hassan-ha36.jpg","type":"image\/jpeg"}],"twitter_card":"summary_large_image","twitter_misc":{"Est. reading time":"1 minute"},"schema":{"@context":"https:\/\/schema.org","@graph":[{"@type":"WebPage","@id":"https:\/\/instamedic.mx\/tienda-medica\/uniformes\/batas\/batas-medicas\/bata-medica-para-caballero-repelente-a-fluidos\/","url":"https:\/\/instamedic.mx\/tienda-medica\/uniformes\/batas\/batas-medicas\/bata-medica-para-caballero-repelente-a-fluidos\/","name":"Bata M\u00e9dica para Caballero REPELENTE A FLUIDOS | Instamedic","isPartOf":{"@id":"https:\/\/instamedic.mx\/#website"},"primaryImageOfPage":{"@id":"https:\/\/instamedic.mx\/tienda-medica\/uniformes\/batas\/batas-medicas\/bata-medica-para-caballero-repelente-a-fluidos\/#primaryimage"},"image":{"@id":"https:\/\/instamedic.mx\/tienda-medica\/uniformes\/batas\/batas-medicas\/bata-medica-para-caballero-repelente-a-fluidos\/#primaryimage"},"thumbnailUrl":"https:\/\/instamedic.mx\/wp-content\/uploads\/2022\/03\/batta-medica-caballero-antifluidos-hassan-ha36.jpg","datePublished":"2022-03-03T01:21:47+00:00","dateModified":"2023-09-15T18:50:59+00:00","breadcrumb":{"@id":"https:\/\/instamedic.mx\/tienda-medica\/uniformes\/batas\/batas-medicas\/bata-medica-para-caballero-repelente-a-fluidos\/#breadcrumb"},"inLanguage":"en-US","potentialAction":[{"@type":"ReadAction","target":["https:\/\/instamedic.mx\/tienda-medica\/uniformes\/batas\/batas-medicas\/bata-medica-para-caballero-repelente-a-fluidos\/"]}]},{"@type":"ImageObject","inLanguage":"en-US","@id":"https:\/\/instamedic.mx\/tienda-medica\/uniformes\/batas\/batas-medicas\/bata-medica-para-caballero-repelente-a-fluidos\/#primaryimage","url":"https:\/\/instamedic.mx\/wp-content\/uploads\/2022\/03\/batta-medica-caballero-antifluidos-hassan-ha36.jpg","contentUrl":"https:\/\/instamedic.mx\/wp-content\/uploads\/2022\/03\/batta-medica-caballero-antifluidos-hassan-ha36.jpg","width":1365,"height":2048},{"@type":"BreadcrumbList","@id":"https:\/\/instamedic.mx\/tienda-medica\/uniformes\/batas\/batas-medicas\/bata-medica-para-caballero-repelente-a-fluidos\/#breadcrumb","itemListElement":[{"@type":"ListItem","position":1,"name":"Inicio","item":"https:\/\/instamedic.mx\/"},{"@type":"ListItem","position":2,"name":"Tienda m\u00e9dica","item":"https:\/\/instamedic.mx\/tienda-medica\/"},{"@type":"ListItem","position":3,"name":"Bata M\u00e9dica para Caballero REPELENTE A FLUIDOS"}]},{"@type":"WebSite","@id":"https:\/\/instamedic.mx\/#website","url":"https:\/\/instamedic.mx\/","name":"INSTAMEDIC","description":"Venta de equipo m\u00e9dico, instrumental y uniformes quirpurgicos","publisher":{"@id":"https:\/\/instamedic.mx\/#organization"},"potentialAction":[{"@type":"SearchAction","target":{"@type":"EntryPoint","urlTemplate":"https:\/\/instamedic.mx\/?s={search_term_string}"},"query-input":"required name=search_term_string"}],"inLanguage":"en-US"},{"@type":"Organization","@id":"https:\/\/instamedic.mx\/#organization","name":"INSTAMEDIC","url":"https:\/\/instamedic.mx\/","logo":{"@type":"ImageObject","inLanguage":"en-US","@id":"https:\/\/instamedic.mx\/#\/schema\/logo\/image\/","url":"https:\/\/instamedic.mx\/wp-content\/uploads\/2024\/02\/Logo-instamedic.png","contentUrl":"https:\/\/instamedic.mx\/wp-content\/uploads\/2024\/02\/Logo-instamedic.png","width":500,"height":500,"caption":"INSTAMEDIC"},"image":{"@id":"https:\/\/instamedic.mx\/#\/schema\/logo\/image\/"},"sameAs":["https:\/\/www.facebook.com\/instamedicmx","https:\/\/www.instagram.com\/instamedic_mx\/"],"email":"info@instamedic.mx","telephone":"8713426247"}]}},"jetpack_sharing_enabled":true,"_links":{"self":[{"href":"https:\/\/instamedic.mx\/en\/wp-json\/wp\/v2\/product\/10028"}],"collection":[{"href":"https:\/\/instamedic.mx\/en\/wp-json\/wp\/v2\/product"}],"about":[{"href":"https:\/\/instamedic.mx\/en\/wp-json\/wp\/v2\/types\/product"}],"replies":[{"embeddable":true,"href":"https:\/\/instamedic.mx\/en\/wp-json\/wp\/v2\/comments?post=10028"}],"version-history":[{"count":1,"href":"https:\/\/instamedic.mx\/en\/wp-json\/wp\/v2\/product\/10028\/revisions"}],"predecessor-version":[{"id":21671,"href":"https:\/\/instamedic.mx\/en\/wp-json\/wp\/v2\/product\/10028\/revisions\/21671"}],"wp:featuredmedia":[{"embeddable":true,"href":"https:\/\/instamedic.mx\/en\/wp-json\/wp\/v2\/media\/10051"}],"wp:attachment":[{"href":"https:\/\/instamedic.mx\/en\/wp-json\/wp\/v2\/media?parent=10028"}],"wp:term":[{"taxonomy":"wpc-collection","embeddable":true,"href":"https:\/\/instamedic.mx\/en\/wp-json\/wp\/v2\/wpc-collection?post=10028"},{"taxonomy":"product_brand","embeddable":true,"href":"https:\/\/instamedic.mx\/en\/wp-json\/wp\/v2\/product_brand?post=10028"},{"taxonomy":"product_cat","embeddable":true,"href":"https:\/\/instamedic.mx\/en\/wp-json\/wp\/v2\/product_cat?post=10028"},{"taxonomy":"product_tag","embeddable":true,"href":"https:\/\/instamedic.mx\/en\/wp-json\/wp\/v2\/product_tag?post=10028"}],"curies":[{"name":"wp","href":"https:\/\/api.w.org\/{rel}","templated":true}]}}