{"id":10098,"date":"2022-03-04T02:16:57","date_gmt":"2022-03-04T02:16:57","guid":{"rendered":"https:\/\/instamedic.mx\/?post_type=product&#038;p=10098"},"modified":"2023-09-15T18:50:58","modified_gmt":"2023-09-15T18:50:58","slug":"kanaus-coat-pro-gray-pink-dama","status":"publish","type":"product","link":"https:\/\/instamedic.mx\/en\/tienda-medica\/uniformes\/batas\/batas-quirurgicas-cirujano\/kanaus-coat-pro-gray-pink-dama\/","title":{"rendered":"Kanaus\u00ae Coat Pro Gray Pink | Dama"},"content":{"rendered":"<p><strong>Bubble &#8211; TEK:\u00a0<\/strong>cuenta con un acabado exterior que protege al tejido textil, evitando la absorci\u00f3n de l\u00edquidos, y facilitando la remoci\u00f3n de part\u00edculas de suciedad.<img decoding=\"async\" src=\"https:\/\/cdn.shopify.com\/s\/files\/1\/0265\/0423\/3018\/files\/Bubble_-_TEK.png?v=1618334685\" alt=\"\" width=\"130\" height=\"130\" \/><\/p>\n<p><strong>Ultra Blindage:<\/strong>\u00a0esta tecnolog\u00eda cuenta con una tela recubierta con un componente qu\u00edmico que impide el paso de agua, sin embargo permite una transpirabilidad ideal, manteniendo seco, c\u00f3modo y altamente seguro al usuario.<\/p>\n<p><img decoding=\"async\" src=\"https:\/\/cdn.shopify.com\/s\/files\/1\/0265\/0423\/3018\/files\/Ultra_Blindage.png?v=1618334660\" alt=\"\" width=\"130\" height=\"130\" \/><\/p>\n<p><strong>Bleach Guard:<\/strong>\u00a0cuenta con fibras que ofrecen m\u00e1xima protecci\u00f3n del color y textura ante cualquier exposici\u00f3n al cloro.\u00a0<img decoding=\"async\" src=\"https:\/\/cdn.shopify.com\/s\/files\/1\/0265\/0423\/3018\/files\/Bleach_Guard.png?v=1618334613\" alt=\"\" width=\"130\" height=\"130\" \/><\/p>\n<p><strong>Breathe &#8211; TEK:<\/strong>\u00a0hay actividades que requieren mantener en constante movimiento al usuario, es por ello que esta tecnolog\u00eda permite una completa absorci\u00f3n y evaporaci\u00f3n del sudor, adem\u00e1s de que reduce los olores y elimina manchas, dando un resultado de frescura por largas horas.<\/p>\n<p><img loading=\"lazy\" decoding=\"async\" src=\"https:\/\/cdn.shopify.com\/s\/files\/1\/0265\/0423\/3018\/files\/Breathe_Tek.png?v=1618335546\" alt=\"\" width=\"130\" height=\"130\" \/><\/p>\n<p><strong>Eco &#8211; TEK<\/strong>\u00a0asegura fibras no nocivas para la piel del usuario; sustentada con la OEKO \u2013 TEX\u00ae Certification, lider mundial ecol\u00f3gica para productos textiles. Nuestros productos est\u00e1n dise\u00f1ados para causar un m\u00ednimo o nulo impacto medioambiental en prendas que cuidan la salud de quien las usa.<\/p>\n<p><img loading=\"lazy\" decoding=\"async\" src=\"https:\/\/cdn.shopify.com\/s\/files\/1\/0265\/0423\/3018\/files\/Capa_1.png?v=1619113676\" alt=\"\" width=\"150\" height=\"108\" \/><\/p>","protected":false},"excerpt":{"rendered":"<p>Bata profesional con tecnolog\u00eda\u00a0<strong>impermeable<\/strong>,\u00a0<strong>repelente y anti cloro<\/strong>\u00a0de dise\u00f1o\u00a0<strong>cl\u00e1sico, compacto y minimalista<\/strong>.\u00a0<strong>\u00a0<\/strong><\/p>\n<p><strong>DETALLES<\/strong><\/p>\n<ul>\n<li>Pu\u00f1os el\u00e1sticos con loops de ajuste para pulgar, que facilitan la colocaci\u00f3n de guantes de protecci\u00f3n.<\/li>\n<li>Tiras de ajuste posterior.<\/li>\n<li>Cinta Velcro\u00ae de ajuste en cuello.<\/li>\n<li>Kanaus\u00ae Safe Bag confeccionado e integrado para transportar tu Kanaus Coat PRO de manera segura al lugar de lavado.<\/li>\n<li>Composici\u00f3n:\u00a0Shield TX\u00a0100% Filamento Poli\u00e9ster.<\/li>\n<\/ul>\n<div class=\"ks-table-content-wrapper ks-toggle-style-1\">\n<div class=\"ks-table-wrapper\">\n<table class=\"ks-table\">\n<tbody>\n<tr class=\"ks-table-row\">\n<td class=\"ks-table-cell ks-table-header-cell\">BUSTO<\/td>\n<td class=\"ks-table-cell ks-table-header-cell\">CINTURA<\/td>\n<td class=\"ks-table-cell ks-table-header-cell\">LARGO DE MANGA<\/td>\n<td class=\"ks-table-cell ks-table-header-cell\">LARGO TOTAL<\/td>\n<\/tr>\n<tr class=\"ks-table-row\">\n<td class=\"ks-table-cell ks-table-header-cell\">XS<\/td>\n<td class=\"ks-table-cell\" data-unit-values=\"{&quot;0&quot;:&quot;37.4&quot;,&quot;1&quot;:&quot;95&quot;}\" data-unit-type=\"single\">95<\/td>\n<td class=\"ks-table-cell\" data-unit-values=\"{&quot;0&quot;:&quot;37&quot;,&quot;1&quot;:&quot;94&quot;}\" data-unit-type=\"single\">94<\/td>\n<td class=\"ks-table-cell\" data-unit-values=\"{&quot;0&quot;:&quot;22.4&quot;,&quot;1&quot;:&quot;57&quot;}\" data-unit-type=\"single\">57<\/td>\n<td class=\"ks-table-cell\" data-unit-values=\"{&quot;0&quot;:&quot;42.1&quot;,&quot;1&quot;:&quot;107&quot;}\" data-unit-type=\"single\">107<\/td>\n<\/tr>\n<tr class=\"ks-table-row\">\n<td class=\"ks-table-cell ks-table-header-cell\">S<\/td>\n<td class=\"ks-table-cell\" data-unit-values=\"{&quot;0&quot;:&quot;39.4&quot;,&quot;1&quot;:&quot;100&quot;}\" data-unit-type=\"single\">100<\/td>\n<td class=\"ks-table-cell\" data-unit-values=\"{&quot;0&quot;:&quot;39&quot;,&quot;1&quot;:&quot;99&quot;}\" data-unit-type=\"single\">99<\/td>\n<td class=\"ks-table-cell\" data-unit-values=\"{&quot;0&quot;:&quot;22.8&quot;,&quot;1&quot;:&quot;58&quot;}\" data-unit-type=\"single\">58<\/td>\n<td class=\"ks-table-cell\" data-unit-values=\"{&quot;0&quot;:&quot;42.5&quot;,&quot;1&quot;:&quot;108&quot;}\" data-unit-type=\"single\">108<\/td>\n<\/tr>\n<tr class=\"ks-table-row\">\n<td class=\"ks-table-cell ks-table-header-cell\">M<\/td>\n<td class=\"ks-table-cell\" data-unit-values=\"{&quot;0&quot;:&quot;41.3&quot;,&quot;1&quot;:&quot;105&quot;}\" data-unit-type=\"single\">105<\/td>\n<td class=\"ks-table-cell\" data-unit-values=\"{&quot;0&quot;:&quot;40.9&quot;,&quot;1&quot;:&quot;104&quot;}\" data-unit-type=\"single\">104<\/td>\n<td class=\"ks-table-cell\" data-unit-values=\"{&quot;0&quot;:&quot;23.2&quot;,&quot;1&quot;:&quot;59&quot;}\" data-unit-type=\"single\">59<\/td>\n<td class=\"ks-table-cell\" data-unit-values=\"{&quot;0&quot;:&quot;42.9&quot;,&quot;1&quot;:&quot;109&quot;}\" data-unit-type=\"single\">109<\/td>\n<\/tr>\n<tr class=\"ks-table-row\">\n<td class=\"ks-table-cell ks-table-header-cell\">L<\/td>\n<td class=\"ks-table-cell\" data-unit-values=\"{&quot;0&quot;:&quot;43.3&quot;,&quot;1&quot;:&quot;110&quot;}\" data-unit-type=\"single\">110<\/td>\n<td class=\"ks-table-cell\" data-unit-values=\"{&quot;0&quot;:&quot;42.9&quot;,&quot;1&quot;:&quot;109&quot;}\" data-unit-type=\"single\">109<\/td>\n<td class=\"ks-table-cell\" data-unit-values=\"{&quot;0&quot;:&quot;23.6&quot;,&quot;1&quot;:&quot;60&quot;}\" data-unit-type=\"single\">60<\/td>\n<td class=\"ks-table-cell\" data-unit-values=\"{&quot;0&quot;:&quot;43.3&quot;,&quot;1&quot;:&quot;110&quot;}\" data-unit-type=\"single\">110<\/td>\n<\/tr>\n<tr class=\"ks-table-row\">\n<td class=\"ks-table-cell ks-table-header-cell\">XL<\/td>\n<td class=\"ks-table-cell\" data-unit-values=\"{&quot;0&quot;:&quot;45.3&quot;,&quot;1&quot;:&quot;115&quot;}\" data-unit-type=\"single\">115<\/td>\n<td class=\"ks-table-cell\" data-unit-values=\"{&quot;0&quot;:&quot;44.9&quot;,&quot;1&quot;:&quot;114&quot;}\" data-unit-type=\"single\">114<\/td>\n<td class=\"ks-table-cell\" data-unit-values=\"{&quot;0&quot;:&quot;24&quot;,&quot;1&quot;:&quot;61&quot;}\" data-unit-type=\"single\">61<\/td>\n<td class=\"ks-table-cell\" data-unit-values=\"{&quot;0&quot;:&quot;43.7&quot;,&quot;1&quot;:&quot;111&quot;}\" data-unit-type=\"single\">111<\/td>\n<\/tr>\n<\/tbody>\n<\/table>\n<\/div>\n<\/div>\n<div class=\"ks-html-content\">\n<p><strong>El programa recomendaci\u00f3n de tallas kanaus es un aproximado \u00fanicamente, le recomendamos basarse en conjunto con la gu\u00eda de tallas por medida manual, as\u00ed podr\u00e1 obtener de una manera m\u00e1s especifica y exacta su talla, sujeto a las medidas, peso y altura.<\/strong><strong>\u00a0<\/strong><\/p>\n<\/div>","protected":false},"featured_media":10100,"comment_status":"open","ping_status":"closed","template":"","meta":[],"wpc-collection":[],"product_brand":[],"product_cat":[226],"product_tag":[417,547,543,546,408],"yoast_head":"<!-- This site is optimized with the Yoast SEO Premium plugin v22.3 (Yoast SEO v22.4) - https:\/\/yoast.com\/wordpress\/plugins\/seo\/ -->\n<title>Kanaus\u00ae Coat Pro Gray Pink | Dama | Instamedic<\/title>\n<meta name=\"robots\" content=\"index, follow, max-snippet:-1, max-image-preview:large, max-video-preview:-1\" \/>\n<link rel=\"canonical\" href=\"https:\/\/instamedic.mx\/en\/tienda-medica\/uniformes\/batas\/batas-quirurgicas-cirujano\/kanaus-coat-pro-gray-pink-dama\/\" \/>\n<meta property=\"og:locale\" content=\"en_US\" \/>\n<meta property=\"og:type\" content=\"article\" \/>\n<meta property=\"og:title\" content=\"Kanaus\u00ae Coat Pro Gray Pink | Dama\" \/>\n<meta property=\"og:description\" content=\"Bata profesional con tecnolog\u00eda\u00a0impermeable,\u00a0repelente y anti cloro\u00a0de dise\u00f1o\u00a0cl\u00e1sico, compacto y minimalista.\u00a0\u00a0  DETALLES   Pu\u00f1os el\u00e1sticos con loops de ajuste para pulgar, que facilitan la colocaci\u00f3n de guantes de protecci\u00f3n.  Tiras de ajuste posterior.  Cinta Velcro\u00ae de ajuste en cuello.  Kanaus\u00ae Safe Bag confeccionado e integrado para transportar tu Kanaus Coat PRO de manera segura al lugar de lavado.  Composici\u00f3n:\u00a0Shield TX\u00a0100% Filamento Poli\u00e9ster.       BUSTO CINTURA LARGO DE MANGA LARGO TOTAL   XS 95 94 57 107   S 100 99 58 108   M 105 104 59 109   L 110 109 60 110   XL 115 114 61 111        El programa recomendaci\u00f3n de tallas kanaus es un aproximado \u00fanicamente, le recomendamos basarse en conjunto con la gu\u00eda de tallas por medida manual, as\u00ed podr\u00e1 obtener de una manera m\u00e1s especifica y exacta su talla, sujeto a las medidas, peso y altura.\u00a0\" \/>\n<meta property=\"og:url\" content=\"https:\/\/instamedic.mx\/en\/tienda-medica\/uniformes\/batas\/batas-quirurgicas-cirujano\/kanaus-coat-pro-gray-pink-dama\/\" \/>\n<meta property=\"og:site_name\" content=\"Instamedic\" \/>\n<meta property=\"article:publisher\" content=\"https:\/\/www.facebook.com\/instamedicmx\" \/>\n<meta property=\"article:modified_time\" content=\"2023-09-15T18:50:58+00:00\" \/>\n<meta property=\"og:image\" content=\"https:\/\/instamedic.mx\/wp-content\/uploads\/2022\/03\/Kanaus_coat_pro_grey_pink-removebg-preview.png\" \/>\n\t<meta property=\"og:image:width\" content=\"375\" \/>\n\t<meta property=\"og:image:height\" content=\"666\" \/>\n\t<meta property=\"og:image:type\" content=\"image\/png\" \/>\n<meta name=\"twitter:card\" content=\"summary_large_image\" \/>\n<meta name=\"twitter:label1\" content=\"Est. reading time\" \/>\n\t<meta name=\"twitter:data1\" content=\"2 minutes\" \/>\n<script type=\"application\/ld+json\" class=\"yoast-schema-graph\">{\"@context\":\"https:\/\/schema.org\",\"@graph\":[{\"@type\":\"WebPage\",\"@id\":\"https:\/\/instamedic.mx\/tienda-medica\/uniformes\/batas\/batas-quirurgicas-cirujano\/kanaus-coat-pro-gray-pink-dama\/\",\"url\":\"https:\/\/instamedic.mx\/tienda-medica\/uniformes\/batas\/batas-quirurgicas-cirujano\/kanaus-coat-pro-gray-pink-dama\/\",\"name\":\"Kanaus\u00ae Coat Pro Gray Pink | Dama | Instamedic\",\"isPartOf\":{\"@id\":\"https:\/\/instamedic.mx\/#website\"},\"primaryImageOfPage\":{\"@id\":\"https:\/\/instamedic.mx\/tienda-medica\/uniformes\/batas\/batas-quirurgicas-cirujano\/kanaus-coat-pro-gray-pink-dama\/#primaryimage\"},\"image\":{\"@id\":\"https:\/\/instamedic.mx\/tienda-medica\/uniformes\/batas\/batas-quirurgicas-cirujano\/kanaus-coat-pro-gray-pink-dama\/#primaryimage\"},\"thumbnailUrl\":\"https:\/\/instamedic.mx\/wp-content\/uploads\/2022\/03\/Kanaus_coat_pro_grey_pink-removebg-preview.png\",\"datePublished\":\"2022-03-04T02:16:57+00:00\",\"dateModified\":\"2023-09-15T18:50:58+00:00\",\"breadcrumb\":{\"@id\":\"https:\/\/instamedic.mx\/tienda-medica\/uniformes\/batas\/batas-quirurgicas-cirujano\/kanaus-coat-pro-gray-pink-dama\/#breadcrumb\"},\"inLanguage\":\"en-US\",\"potentialAction\":[{\"@type\":\"ReadAction\",\"target\":[\"https:\/\/instamedic.mx\/tienda-medica\/uniformes\/batas\/batas-quirurgicas-cirujano\/kanaus-coat-pro-gray-pink-dama\/\"]}]},{\"@type\":\"ImageObject\",\"inLanguage\":\"en-US\",\"@id\":\"https:\/\/instamedic.mx\/tienda-medica\/uniformes\/batas\/batas-quirurgicas-cirujano\/kanaus-coat-pro-gray-pink-dama\/#primaryimage\",\"url\":\"https:\/\/instamedic.mx\/wp-content\/uploads\/2022\/03\/Kanaus_coat_pro_grey_pink-removebg-preview.png\",\"contentUrl\":\"https:\/\/instamedic.mx\/wp-content\/uploads\/2022\/03\/Kanaus_coat_pro_grey_pink-removebg-preview.png\",\"width\":375,\"height\":666},{\"@type\":\"BreadcrumbList\",\"@id\":\"https:\/\/instamedic.mx\/tienda-medica\/uniformes\/batas\/batas-quirurgicas-cirujano\/kanaus-coat-pro-gray-pink-dama\/#breadcrumb\",\"itemListElement\":[{\"@type\":\"ListItem\",\"position\":1,\"name\":\"Inicio\",\"item\":\"https:\/\/instamedic.mx\/\"},{\"@type\":\"ListItem\",\"position\":2,\"name\":\"Tienda m\u00e9dica\",\"item\":\"https:\/\/instamedic.mx\/tienda-medica\/\"},{\"@type\":\"ListItem\",\"position\":3,\"name\":\"Kanaus\u00ae Coat Pro Gray Pink | Dama\"}]},{\"@type\":\"WebSite\",\"@id\":\"https:\/\/instamedic.mx\/#website\",\"url\":\"https:\/\/instamedic.mx\/\",\"name\":\"INSTAMEDIC\",\"description\":\"Venta de equipo m\u00e9dico, instrumental y uniformes quirpurgicos\",\"publisher\":{\"@id\":\"https:\/\/instamedic.mx\/#organization\"},\"potentialAction\":[{\"@type\":\"SearchAction\",\"target\":{\"@type\":\"EntryPoint\",\"urlTemplate\":\"https:\/\/instamedic.mx\/?s={search_term_string}\"},\"query-input\":\"required name=search_term_string\"}],\"inLanguage\":\"en-US\"},{\"@type\":\"Organization\",\"@id\":\"https:\/\/instamedic.mx\/#organization\",\"name\":\"INSTAMEDIC\",\"url\":\"https:\/\/instamedic.mx\/\",\"logo\":{\"@type\":\"ImageObject\",\"inLanguage\":\"en-US\",\"@id\":\"https:\/\/instamedic.mx\/#\/schema\/logo\/image\/\",\"url\":\"https:\/\/instamedic.mx\/wp-content\/uploads\/2024\/02\/Logo-instamedic.png\",\"contentUrl\":\"https:\/\/instamedic.mx\/wp-content\/uploads\/2024\/02\/Logo-instamedic.png\",\"width\":500,\"height\":500,\"caption\":\"INSTAMEDIC\"},\"image\":{\"@id\":\"https:\/\/instamedic.mx\/#\/schema\/logo\/image\/\"},\"sameAs\":[\"https:\/\/www.facebook.com\/instamedicmx\",\"https:\/\/www.instagram.com\/instamedic_mx\/\"],\"email\":\"info@instamedic.mx\",\"telephone\":\"8713426247\"}]}<\/script>\n<!-- \/ Yoast SEO Premium plugin. -->","yoast_head_json":{"title":"Kanaus\u00ae Coat Pro Gray Pink | Dama | Instamedic","robots":{"index":"index","follow":"follow","max-snippet":"max-snippet:-1","max-image-preview":"max-image-preview:large","max-video-preview":"max-video-preview:-1"},"canonical":"https:\/\/instamedic.mx\/en\/tienda-medica\/uniformes\/batas\/batas-quirurgicas-cirujano\/kanaus-coat-pro-gray-pink-dama\/","og_locale":"en_US","og_type":"article","og_title":"Kanaus\u00ae Coat Pro Gray Pink | Dama","og_description":"Bata profesional con tecnolog\u00eda\u00a0impermeable,\u00a0repelente y anti cloro\u00a0de dise\u00f1o\u00a0cl\u00e1sico, compacto y minimalista.\u00a0\u00a0  DETALLES   Pu\u00f1os el\u00e1sticos con loops de ajuste para pulgar, que facilitan la colocaci\u00f3n de guantes de protecci\u00f3n.  Tiras de ajuste posterior.  Cinta Velcro\u00ae de ajuste en cuello.  Kanaus\u00ae Safe Bag confeccionado e integrado para transportar tu Kanaus Coat PRO de manera segura al lugar de lavado.  Composici\u00f3n:\u00a0Shield TX\u00a0100% Filamento Poli\u00e9ster.       BUSTO CINTURA LARGO DE MANGA LARGO TOTAL   XS 95 94 57 107   S 100 99 58 108   M 105 104 59 109   L 110 109 60 110   XL 115 114 61 111        El programa recomendaci\u00f3n de tallas kanaus es un aproximado \u00fanicamente, le recomendamos basarse en conjunto con la gu\u00eda de tallas por medida manual, as\u00ed podr\u00e1 obtener de una manera m\u00e1s especifica y exacta su talla, sujeto a las medidas, peso y altura.\u00a0","og_url":"https:\/\/instamedic.mx\/en\/tienda-medica\/uniformes\/batas\/batas-quirurgicas-cirujano\/kanaus-coat-pro-gray-pink-dama\/","og_site_name":"Instamedic","article_publisher":"https:\/\/www.facebook.com\/instamedicmx","article_modified_time":"2023-09-15T18:50:58+00:00","og_image":[{"width":375,"height":666,"url":"https:\/\/instamedic.mx\/wp-content\/uploads\/2022\/03\/Kanaus_coat_pro_grey_pink-removebg-preview.png","type":"image\/png"}],"twitter_card":"summary_large_image","twitter_misc":{"Est. reading time":"2 minutes"},"schema":{"@context":"https:\/\/schema.org","@graph":[{"@type":"WebPage","@id":"https:\/\/instamedic.mx\/tienda-medica\/uniformes\/batas\/batas-quirurgicas-cirujano\/kanaus-coat-pro-gray-pink-dama\/","url":"https:\/\/instamedic.mx\/tienda-medica\/uniformes\/batas\/batas-quirurgicas-cirujano\/kanaus-coat-pro-gray-pink-dama\/","name":"Kanaus\u00ae Coat Pro Gray Pink | Dama | Instamedic","isPartOf":{"@id":"https:\/\/instamedic.mx\/#website"},"primaryImageOfPage":{"@id":"https:\/\/instamedic.mx\/tienda-medica\/uniformes\/batas\/batas-quirurgicas-cirujano\/kanaus-coat-pro-gray-pink-dama\/#primaryimage"},"image":{"@id":"https:\/\/instamedic.mx\/tienda-medica\/uniformes\/batas\/batas-quirurgicas-cirujano\/kanaus-coat-pro-gray-pink-dama\/#primaryimage"},"thumbnailUrl":"https:\/\/instamedic.mx\/wp-content\/uploads\/2022\/03\/Kanaus_coat_pro_grey_pink-removebg-preview.png","datePublished":"2022-03-04T02:16:57+00:00","dateModified":"2023-09-15T18:50:58+00:00","breadcrumb":{"@id":"https:\/\/instamedic.mx\/tienda-medica\/uniformes\/batas\/batas-quirurgicas-cirujano\/kanaus-coat-pro-gray-pink-dama\/#breadcrumb"},"inLanguage":"en-US","potentialAction":[{"@type":"ReadAction","target":["https:\/\/instamedic.mx\/tienda-medica\/uniformes\/batas\/batas-quirurgicas-cirujano\/kanaus-coat-pro-gray-pink-dama\/"]}]},{"@type":"ImageObject","inLanguage":"en-US","@id":"https:\/\/instamedic.mx\/tienda-medica\/uniformes\/batas\/batas-quirurgicas-cirujano\/kanaus-coat-pro-gray-pink-dama\/#primaryimage","url":"https:\/\/instamedic.mx\/wp-content\/uploads\/2022\/03\/Kanaus_coat_pro_grey_pink-removebg-preview.png","contentUrl":"https:\/\/instamedic.mx\/wp-content\/uploads\/2022\/03\/Kanaus_coat_pro_grey_pink-removebg-preview.png","width":375,"height":666},{"@type":"BreadcrumbList","@id":"https:\/\/instamedic.mx\/tienda-medica\/uniformes\/batas\/batas-quirurgicas-cirujano\/kanaus-coat-pro-gray-pink-dama\/#breadcrumb","itemListElement":[{"@type":"ListItem","position":1,"name":"Inicio","item":"https:\/\/instamedic.mx\/"},{"@type":"ListItem","position":2,"name":"Tienda m\u00e9dica","item":"https:\/\/instamedic.mx\/tienda-medica\/"},{"@type":"ListItem","position":3,"name":"Kanaus\u00ae Coat Pro Gray Pink | Dama"}]},{"@type":"WebSite","@id":"https:\/\/instamedic.mx\/#website","url":"https:\/\/instamedic.mx\/","name":"INSTAMEDIC","description":"Venta de equipo m\u00e9dico, instrumental y uniformes quirpurgicos","publisher":{"@id":"https:\/\/instamedic.mx\/#organization"},"potentialAction":[{"@type":"SearchAction","target":{"@type":"EntryPoint","urlTemplate":"https:\/\/instamedic.mx\/?s={search_term_string}"},"query-input":"required name=search_term_string"}],"inLanguage":"en-US"},{"@type":"Organization","@id":"https:\/\/instamedic.mx\/#organization","name":"INSTAMEDIC","url":"https:\/\/instamedic.mx\/","logo":{"@type":"ImageObject","inLanguage":"en-US","@id":"https:\/\/instamedic.mx\/#\/schema\/logo\/image\/","url":"https:\/\/instamedic.mx\/wp-content\/uploads\/2024\/02\/Logo-instamedic.png","contentUrl":"https:\/\/instamedic.mx\/wp-content\/uploads\/2024\/02\/Logo-instamedic.png","width":500,"height":500,"caption":"INSTAMEDIC"},"image":{"@id":"https:\/\/instamedic.mx\/#\/schema\/logo\/image\/"},"sameAs":["https:\/\/www.facebook.com\/instamedicmx","https:\/\/www.instagram.com\/instamedic_mx\/"],"email":"info@instamedic.mx","telephone":"8713426247"}]}},"jetpack_sharing_enabled":true,"_links":{"self":[{"href":"https:\/\/instamedic.mx\/en\/wp-json\/wp\/v2\/product\/10098"}],"collection":[{"href":"https:\/\/instamedic.mx\/en\/wp-json\/wp\/v2\/product"}],"about":[{"href":"https:\/\/instamedic.mx\/en\/wp-json\/wp\/v2\/types\/product"}],"replies":[{"embeddable":true,"href":"https:\/\/instamedic.mx\/en\/wp-json\/wp\/v2\/comments?post=10098"}],"version-history":[{"count":1,"href":"https:\/\/instamedic.mx\/en\/wp-json\/wp\/v2\/product\/10098\/revisions"}],"predecessor-version":[{"id":21670,"href":"https:\/\/instamedic.mx\/en\/wp-json\/wp\/v2\/product\/10098\/revisions\/21670"}],"wp:featuredmedia":[{"embeddable":true,"href":"https:\/\/instamedic.mx\/en\/wp-json\/wp\/v2\/media\/10100"}],"wp:attachment":[{"href":"https:\/\/instamedic.mx\/en\/wp-json\/wp\/v2\/media?parent=10098"}],"wp:term":[{"taxonomy":"wpc-collection","embeddable":true,"href":"https:\/\/instamedic.mx\/en\/wp-json\/wp\/v2\/wpc-collection?post=10098"},{"taxonomy":"product_brand","embeddable":true,"href":"https:\/\/instamedic.mx\/en\/wp-json\/wp\/v2\/product_brand?post=10098"},{"taxonomy":"product_cat","embeddable":true,"href":"https:\/\/instamedic.mx\/en\/wp-json\/wp\/v2\/product_cat?post=10098"},{"taxonomy":"product_tag","embeddable":true,"href":"https:\/\/instamedic.mx\/en\/wp-json\/wp\/v2\/product_tag?post=10098"}],"curies":[{"name":"wp","href":"https:\/\/api.w.org\/{rel}","templated":true}]}}