{"id":10168,"date":"2022-05-19T00:12:34","date_gmt":"2022-05-19T00:12:34","guid":{"rendered":"https:\/\/instamedic.mx\/?post_type=product&#038;p=10168"},"modified":"2023-09-15T18:50:56","modified_gmt":"2023-09-15T18:50:56","slug":"kanaus-coat-pro-ii-taffy-pink-dama","status":"publish","type":"product","link":"https:\/\/instamedic.mx\/en\/tienda-medica\/uniformes\/batas\/kanaus-coat-pro-ii-taffy-pink-dama\/","title":{"rendered":"Kanaus\u00ae Coat Pro II Taffy Pink | Dama"},"content":{"rendered":"<p><b>Los detalles marcan la diferencia\u00a0<\/b><\/p>\n<p><span style=\"font-weight: 400;\">Dise\u00f1ada bajo conceptos minimalistas es una Coat dise\u00f1ada para llevarte al siguiente nivel protecci\u00f3n y elevar tu comodidad.\u00a0<\/span><\/p>\n<p><span style=\"font-weight: 400;\">Ahora cuenta con cintas m\u00e1s largas que te proporcionan mayor facilidad al momento de colocarla, un cuello m\u00e1s bajo para incrementar la comodidad en tu rutina de trabajo, adem\u00e1s mejoramos el velcro para que te sientas a\u00fan m\u00e1s protegida. Y eso no es todo, ahora tu Kanaus Safe Bag viene integrado para transportar seguramente tu Kanaus Coat Pro II<\/span><\/p>\n<ul>\n<li style=\"font-weight: 400;\"><span style=\"font-weight: 400;\">Dise\u00f1o minimalista<\/span><\/li>\n<li style=\"font-weight: 400;\"><span style=\"font-weight: 400;\">Pu\u00f1os el\u00e1sticos con loops de ajuste para pulgar, que facilitan la colocaci\u00f3n de guantes de protecci\u00f3n.<\/span><\/li>\n<li style=\"font-weight: 400;\"><span style=\"font-weight: 400;\">Tiras de ajuste posterior.<\/span><\/li>\n<li style=\"font-weight: 400;\"><span style=\"font-weight: 400;\">Cinta Velcro\u00ae de ajuste en cuello.<\/span><\/li>\n<li style=\"font-weight: 400;\"><span style=\"font-weight: 400;\">Kanaus\u00ae Safe Bag integrado para transportar tu Kanaus Coat de manera segura al lugar de lavado.<\/span><\/li>\n<li style=\"font-weight: 400;\"><span style=\"font-weight: 400;\">Composici\u00f3n: 100% Poli\u00e9ster.<\/span><\/li>\n<li style=\"font-weight: 400;\"><span style=\"font-weight: 400;\">Tecnolog\u00eda Impermeable, repelente, anticloro y antifluidos.<\/span><\/li>\n<\/ul>","protected":false},"excerpt":{"rendered":"<p><b>Los detalles marcan la diferencia\u00a0<\/b><\/p>\n<p><span style=\"font-weight: 400;\">Dise\u00f1ada bajo conceptos minimalistas es una Coat dise\u00f1ada para llevarte al siguiente nivel protecci\u00f3n y elevar tu comodidad.\u00a0<\/span><\/p>\n<p><span style=\"font-weight: 400;\">Ahora cuenta con cintas m\u00e1s largas que te proporcionan mayor facilidad al momento de colocarla, un cuello m\u00e1s bajo para incrementar la comodidad en tu rutina de trabajo, adem\u00e1s mejoramos el velcro para que te sientas a\u00fan m\u00e1s protegida. Y eso no es todo, ahora tu Kanaus Safe Bag viene integrado para transportar seguramente tu Kanaus Coat Pro II<\/span><\/p>\n<ul>\n<li style=\"font-weight: 400;\"><span style=\"font-weight: 400;\">Dise\u00f1o minimalista<\/span><\/li>\n<li style=\"font-weight: 400;\"><span style=\"font-weight: 400;\">Pu\u00f1os el\u00e1sticos con loops de ajuste para pulgar, que facilitan la colocaci\u00f3n de guantes de protecci\u00f3n.<\/span><\/li>\n<li style=\"font-weight: 400;\"><span style=\"font-weight: 400;\">Tiras de ajuste posterior.<\/span><\/li>\n<li style=\"font-weight: 400;\"><span style=\"font-weight: 400;\">Cinta Velcro\u00ae de ajuste en cuello.<\/span><\/li>\n<li style=\"font-weight: 400;\"><span style=\"font-weight: 400;\">Kanaus\u00ae Safe Bag integrado para transportar tu Kanaus Coat de manera segura al lugar de lavado.<\/span><\/li>\n<li style=\"font-weight: 400;\"><span style=\"font-weight: 400;\">Composici\u00f3n: 100% Poli\u00e9ster.<\/span><\/li>\n<li style=\"font-weight: 400;\"><span style=\"font-weight: 400;\">Tecnolog\u00eda Impermeable, repelente, anticloro y antifluidos.<\/span><\/li>\n<\/ul>","protected":false},"featured_media":10169,"comment_status":"open","ping_status":"closed","template":"","meta":[],"wpc-collection":[664],"product_brand":[],"product_cat":[239],"product_tag":[198,229,546,401,244,399],"yoast_head":"<!-- This site is optimized with the Yoast SEO Premium plugin v22.3 (Yoast SEO v22.4) - https:\/\/yoast.com\/wordpress\/plugins\/seo\/ -->\n<title>Kanaus\u00ae Coat Pro II Taffy Pink | Dama | Instamedic<\/title>\n<meta name=\"robots\" content=\"index, follow, max-snippet:-1, max-image-preview:large, max-video-preview:-1\" \/>\n<link rel=\"canonical\" href=\"https:\/\/instamedic.mx\/en\/tienda-medica\/uniformes\/batas\/kanaus-coat-pro-ii-taffy-pink-dama\/\" \/>\n<meta property=\"og:locale\" content=\"en_US\" \/>\n<meta property=\"og:type\" content=\"article\" \/>\n<meta property=\"og:title\" content=\"Kanaus\u00ae Coat Pro II Taffy Pink | Dama\" \/>\n<meta property=\"og:description\" content=\"Los detalles marcan la diferencia\u00a0  Dise\u00f1ada bajo conceptos minimalistas es una Coat dise\u00f1ada para llevarte al siguiente nivel protecci\u00f3n y elevar tu comodidad.\u00a0  Ahora cuenta con cintas m\u00e1s largas que te proporcionan mayor facilidad al momento de colocarla, un cuello m\u00e1s bajo para incrementar la comodidad en tu rutina de trabajo, adem\u00e1s mejoramos el velcro para que te sientas a\u00fan m\u00e1s protegida. Y eso no es todo, ahora tu Kanaus Safe Bag viene integrado para transportar seguramente tu Kanaus Coat Pro II   Dise\u00f1o minimalista  Pu\u00f1os el\u00e1sticos con loops de ajuste para pulgar, que facilitan la colocaci\u00f3n de guantes de protecci\u00f3n.  Tiras de ajuste posterior.  Cinta Velcro\u00ae de ajuste en cuello.  Kanaus\u00ae Safe Bag integrado para transportar tu Kanaus Coat de manera segura al lugar de lavado.  Composici\u00f3n: 100% Poli\u00e9ster.  Tecnolog\u00eda Impermeable, repelente, anticloro y antifluidos.\" \/>\n<meta property=\"og:url\" content=\"https:\/\/instamedic.mx\/en\/tienda-medica\/uniformes\/batas\/kanaus-coat-pro-ii-taffy-pink-dama\/\" \/>\n<meta property=\"og:site_name\" content=\"Instamedic\" \/>\n<meta property=\"article:publisher\" content=\"https:\/\/www.facebook.com\/instamedicmx\" \/>\n<meta property=\"article:modified_time\" content=\"2023-09-15T18:50:56+00:00\" \/>\n<meta property=\"og:image\" content=\"https:\/\/instamedic.mx\/wp-content\/uploads\/2022\/05\/Aqua_TaffyPink2.webp\" \/>\n\t<meta property=\"og:image:width\" content=\"1080\" \/>\n\t<meta property=\"og:image:height\" content=\"1920\" \/>\n\t<meta property=\"og:image:type\" content=\"image\/webp\" \/>\n<meta name=\"twitter:card\" content=\"summary_large_image\" \/>\n<meta name=\"twitter:label1\" content=\"Est. reading time\" \/>\n\t<meta name=\"twitter:data1\" content=\"1 minute\" \/>\n<script type=\"application\/ld+json\" class=\"yoast-schema-graph\">{\"@context\":\"https:\/\/schema.org\",\"@graph\":[{\"@type\":\"WebPage\",\"@id\":\"https:\/\/instamedic.mx\/tienda-medica\/uniformes\/batas\/kanaus-coat-pro-ii-taffy-pink-dama\/\",\"url\":\"https:\/\/instamedic.mx\/tienda-medica\/uniformes\/batas\/kanaus-coat-pro-ii-taffy-pink-dama\/\",\"name\":\"Kanaus\u00ae Coat Pro II Taffy Pink | Dama | Instamedic\",\"isPartOf\":{\"@id\":\"https:\/\/instamedic.mx\/#website\"},\"primaryImageOfPage\":{\"@id\":\"https:\/\/instamedic.mx\/tienda-medica\/uniformes\/batas\/kanaus-coat-pro-ii-taffy-pink-dama\/#primaryimage\"},\"image\":{\"@id\":\"https:\/\/instamedic.mx\/tienda-medica\/uniformes\/batas\/kanaus-coat-pro-ii-taffy-pink-dama\/#primaryimage\"},\"thumbnailUrl\":\"https:\/\/instamedic.mx\/wp-content\/uploads\/2022\/05\/Aqua_TaffyPink2.webp\",\"datePublished\":\"2022-05-19T00:12:34+00:00\",\"dateModified\":\"2023-09-15T18:50:56+00:00\",\"breadcrumb\":{\"@id\":\"https:\/\/instamedic.mx\/tienda-medica\/uniformes\/batas\/kanaus-coat-pro-ii-taffy-pink-dama\/#breadcrumb\"},\"inLanguage\":\"en-US\",\"potentialAction\":[{\"@type\":\"ReadAction\",\"target\":[\"https:\/\/instamedic.mx\/tienda-medica\/uniformes\/batas\/kanaus-coat-pro-ii-taffy-pink-dama\/\"]}]},{\"@type\":\"ImageObject\",\"inLanguage\":\"en-US\",\"@id\":\"https:\/\/instamedic.mx\/tienda-medica\/uniformes\/batas\/kanaus-coat-pro-ii-taffy-pink-dama\/#primaryimage\",\"url\":\"https:\/\/instamedic.mx\/wp-content\/uploads\/2022\/05\/Aqua_TaffyPink2.webp\",\"contentUrl\":\"https:\/\/instamedic.mx\/wp-content\/uploads\/2022\/05\/Aqua_TaffyPink2.webp\",\"width\":1080,\"height\":1920},{\"@type\":\"BreadcrumbList\",\"@id\":\"https:\/\/instamedic.mx\/tienda-medica\/uniformes\/batas\/kanaus-coat-pro-ii-taffy-pink-dama\/#breadcrumb\",\"itemListElement\":[{\"@type\":\"ListItem\",\"position\":1,\"name\":\"Inicio\",\"item\":\"https:\/\/instamedic.mx\/\"},{\"@type\":\"ListItem\",\"position\":2,\"name\":\"Tienda m\u00e9dica\",\"item\":\"https:\/\/instamedic.mx\/tienda-medica\/\"},{\"@type\":\"ListItem\",\"position\":3,\"name\":\"Kanaus\u00ae Coat Pro II Taffy Pink | Dama\"}]},{\"@type\":\"WebSite\",\"@id\":\"https:\/\/instamedic.mx\/#website\",\"url\":\"https:\/\/instamedic.mx\/\",\"name\":\"INSTAMEDIC\",\"description\":\"Venta de equipo m\u00e9dico, instrumental y uniformes quirpurgicos\",\"publisher\":{\"@id\":\"https:\/\/instamedic.mx\/#organization\"},\"potentialAction\":[{\"@type\":\"SearchAction\",\"target\":{\"@type\":\"EntryPoint\",\"urlTemplate\":\"https:\/\/instamedic.mx\/?s={search_term_string}\"},\"query-input\":\"required name=search_term_string\"}],\"inLanguage\":\"en-US\"},{\"@type\":\"Organization\",\"@id\":\"https:\/\/instamedic.mx\/#organization\",\"name\":\"INSTAMEDIC\",\"url\":\"https:\/\/instamedic.mx\/\",\"logo\":{\"@type\":\"ImageObject\",\"inLanguage\":\"en-US\",\"@id\":\"https:\/\/instamedic.mx\/#\/schema\/logo\/image\/\",\"url\":\"https:\/\/instamedic.mx\/wp-content\/uploads\/2024\/02\/Logo-instamedic.png\",\"contentUrl\":\"https:\/\/instamedic.mx\/wp-content\/uploads\/2024\/02\/Logo-instamedic.png\",\"width\":500,\"height\":500,\"caption\":\"INSTAMEDIC\"},\"image\":{\"@id\":\"https:\/\/instamedic.mx\/#\/schema\/logo\/image\/\"},\"sameAs\":[\"https:\/\/www.facebook.com\/instamedicmx\",\"https:\/\/www.instagram.com\/instamedic_mx\/\"],\"email\":\"info@instamedic.mx\",\"telephone\":\"8713426247\"}]}<\/script>\n<!-- \/ Yoast SEO Premium plugin. -->","yoast_head_json":{"title":"Kanaus\u00ae Coat Pro II Taffy Pink | Dama | Instamedic","robots":{"index":"index","follow":"follow","max-snippet":"max-snippet:-1","max-image-preview":"max-image-preview:large","max-video-preview":"max-video-preview:-1"},"canonical":"https:\/\/instamedic.mx\/en\/tienda-medica\/uniformes\/batas\/kanaus-coat-pro-ii-taffy-pink-dama\/","og_locale":"en_US","og_type":"article","og_title":"Kanaus\u00ae Coat Pro II Taffy Pink | Dama","og_description":"Los detalles marcan la diferencia\u00a0  Dise\u00f1ada bajo conceptos minimalistas es una Coat dise\u00f1ada para llevarte al siguiente nivel protecci\u00f3n y elevar tu comodidad.\u00a0  Ahora cuenta con cintas m\u00e1s largas que te proporcionan mayor facilidad al momento de colocarla, un cuello m\u00e1s bajo para incrementar la comodidad en tu rutina de trabajo, adem\u00e1s mejoramos el velcro para que te sientas a\u00fan m\u00e1s protegida. Y eso no es todo, ahora tu Kanaus Safe Bag viene integrado para transportar seguramente tu Kanaus Coat Pro II   Dise\u00f1o minimalista  Pu\u00f1os el\u00e1sticos con loops de ajuste para pulgar, que facilitan la colocaci\u00f3n de guantes de protecci\u00f3n.  Tiras de ajuste posterior.  Cinta Velcro\u00ae de ajuste en cuello.  Kanaus\u00ae Safe Bag integrado para transportar tu Kanaus Coat de manera segura al lugar de lavado.  Composici\u00f3n: 100% Poli\u00e9ster.  Tecnolog\u00eda Impermeable, repelente, anticloro y antifluidos.","og_url":"https:\/\/instamedic.mx\/en\/tienda-medica\/uniformes\/batas\/kanaus-coat-pro-ii-taffy-pink-dama\/","og_site_name":"Instamedic","article_publisher":"https:\/\/www.facebook.com\/instamedicmx","article_modified_time":"2023-09-15T18:50:56+00:00","og_image":[{"width":1080,"height":1920,"url":"https:\/\/instamedic.mx\/wp-content\/uploads\/2022\/05\/Aqua_TaffyPink2.webp","type":"image\/webp"}],"twitter_card":"summary_large_image","twitter_misc":{"Est. reading time":"1 minute"},"schema":{"@context":"https:\/\/schema.org","@graph":[{"@type":"WebPage","@id":"https:\/\/instamedic.mx\/tienda-medica\/uniformes\/batas\/kanaus-coat-pro-ii-taffy-pink-dama\/","url":"https:\/\/instamedic.mx\/tienda-medica\/uniformes\/batas\/kanaus-coat-pro-ii-taffy-pink-dama\/","name":"Kanaus\u00ae Coat Pro II Taffy Pink | Dama | Instamedic","isPartOf":{"@id":"https:\/\/instamedic.mx\/#website"},"primaryImageOfPage":{"@id":"https:\/\/instamedic.mx\/tienda-medica\/uniformes\/batas\/kanaus-coat-pro-ii-taffy-pink-dama\/#primaryimage"},"image":{"@id":"https:\/\/instamedic.mx\/tienda-medica\/uniformes\/batas\/kanaus-coat-pro-ii-taffy-pink-dama\/#primaryimage"},"thumbnailUrl":"https:\/\/instamedic.mx\/wp-content\/uploads\/2022\/05\/Aqua_TaffyPink2.webp","datePublished":"2022-05-19T00:12:34+00:00","dateModified":"2023-09-15T18:50:56+00:00","breadcrumb":{"@id":"https:\/\/instamedic.mx\/tienda-medica\/uniformes\/batas\/kanaus-coat-pro-ii-taffy-pink-dama\/#breadcrumb"},"inLanguage":"en-US","potentialAction":[{"@type":"ReadAction","target":["https:\/\/instamedic.mx\/tienda-medica\/uniformes\/batas\/kanaus-coat-pro-ii-taffy-pink-dama\/"]}]},{"@type":"ImageObject","inLanguage":"en-US","@id":"https:\/\/instamedic.mx\/tienda-medica\/uniformes\/batas\/kanaus-coat-pro-ii-taffy-pink-dama\/#primaryimage","url":"https:\/\/instamedic.mx\/wp-content\/uploads\/2022\/05\/Aqua_TaffyPink2.webp","contentUrl":"https:\/\/instamedic.mx\/wp-content\/uploads\/2022\/05\/Aqua_TaffyPink2.webp","width":1080,"height":1920},{"@type":"BreadcrumbList","@id":"https:\/\/instamedic.mx\/tienda-medica\/uniformes\/batas\/kanaus-coat-pro-ii-taffy-pink-dama\/#breadcrumb","itemListElement":[{"@type":"ListItem","position":1,"name":"Inicio","item":"https:\/\/instamedic.mx\/"},{"@type":"ListItem","position":2,"name":"Tienda m\u00e9dica","item":"https:\/\/instamedic.mx\/tienda-medica\/"},{"@type":"ListItem","position":3,"name":"Kanaus\u00ae Coat Pro II Taffy Pink | Dama"}]},{"@type":"WebSite","@id":"https:\/\/instamedic.mx\/#website","url":"https:\/\/instamedic.mx\/","name":"INSTAMEDIC","description":"Venta de equipo m\u00e9dico, instrumental y uniformes quirpurgicos","publisher":{"@id":"https:\/\/instamedic.mx\/#organization"},"potentialAction":[{"@type":"SearchAction","target":{"@type":"EntryPoint","urlTemplate":"https:\/\/instamedic.mx\/?s={search_term_string}"},"query-input":"required name=search_term_string"}],"inLanguage":"en-US"},{"@type":"Organization","@id":"https:\/\/instamedic.mx\/#organization","name":"INSTAMEDIC","url":"https:\/\/instamedic.mx\/","logo":{"@type":"ImageObject","inLanguage":"en-US","@id":"https:\/\/instamedic.mx\/#\/schema\/logo\/image\/","url":"https:\/\/instamedic.mx\/wp-content\/uploads\/2024\/02\/Logo-instamedic.png","contentUrl":"https:\/\/instamedic.mx\/wp-content\/uploads\/2024\/02\/Logo-instamedic.png","width":500,"height":500,"caption":"INSTAMEDIC"},"image":{"@id":"https:\/\/instamedic.mx\/#\/schema\/logo\/image\/"},"sameAs":["https:\/\/www.facebook.com\/instamedicmx","https:\/\/www.instagram.com\/instamedic_mx\/"],"email":"info@instamedic.mx","telephone":"8713426247"}]}},"jetpack_sharing_enabled":true,"_links":{"self":[{"href":"https:\/\/instamedic.mx\/en\/wp-json\/wp\/v2\/product\/10168"}],"collection":[{"href":"https:\/\/instamedic.mx\/en\/wp-json\/wp\/v2\/product"}],"about":[{"href":"https:\/\/instamedic.mx\/en\/wp-json\/wp\/v2\/types\/product"}],"replies":[{"embeddable":true,"href":"https:\/\/instamedic.mx\/en\/wp-json\/wp\/v2\/comments?post=10168"}],"version-history":[{"count":1,"href":"https:\/\/instamedic.mx\/en\/wp-json\/wp\/v2\/product\/10168\/revisions"}],"predecessor-version":[{"id":21669,"href":"https:\/\/instamedic.mx\/en\/wp-json\/wp\/v2\/product\/10168\/revisions\/21669"}],"wp:featuredmedia":[{"embeddable":true,"href":"https:\/\/instamedic.mx\/en\/wp-json\/wp\/v2\/media\/10169"}],"wp:attachment":[{"href":"https:\/\/instamedic.mx\/en\/wp-json\/wp\/v2\/media?parent=10168"}],"wp:term":[{"taxonomy":"wpc-collection","embeddable":true,"href":"https:\/\/instamedic.mx\/en\/wp-json\/wp\/v2\/wpc-collection?post=10168"},{"taxonomy":"product_brand","embeddable":true,"href":"https:\/\/instamedic.mx\/en\/wp-json\/wp\/v2\/product_brand?post=10168"},{"taxonomy":"product_cat","embeddable":true,"href":"https:\/\/instamedic.mx\/en\/wp-json\/wp\/v2\/product_cat?post=10168"},{"taxonomy":"product_tag","embeddable":true,"href":"https:\/\/instamedic.mx\/en\/wp-json\/wp\/v2\/product_tag?post=10168"}],"curies":[{"name":"wp","href":"https:\/\/api.w.org\/{rel}","templated":true}]}}