{"id":10180,"date":"2022-06-09T23:07:48","date_gmt":"2022-06-09T23:07:48","guid":{"rendered":"https:\/\/instamedic.mx\/?post_type=product&#038;p=10180"},"modified":"2023-09-15T18:50:54","modified_gmt":"2023-09-15T18:50:54","slug":"scrub-casual-red-fire-dama","status":"publish","type":"product","link":"https:\/\/instamedic.mx\/en\/tienda-medica\/uniformes\/quirurgicos-uniformes\/uniforme-quirurgico-repelente\/scrub-casual-red-fire-dama\/","title":{"rendered":"Red Fire Casual Scrub | Women&#039;s"},"content":{"rendered":"<div class=\"sf-column\">\n<div class=\"sf-icon-box sf-icon-box--vertical sf__hover-scale-up\">\n<div class=\"sf-icon-box__inner flex flex-col items-center sm:items-center\">\n<div data-image-id=\"508827500602\" data-image-wrapper=\"\"><a href=\"https:\/\/instamedic.mx\/wp-content\/uploads\/2022\/06\/Casual_96009b20-4649-4f2d-99d3-63c388217bc2.png\"><img fetchpriority=\"high\" decoding=\"async\" class=\"alignnone wp-image-10181 size-full\" src=\"https:\/\/instamedic.mx\/wp-content\/uploads\/2022\/06\/Casual_96009b20-4649-4f2d-99d3-63c388217bc2.png\" alt=\"\" width=\"1920\" height=\"1080\" srcset=\"https:\/\/instamedic.mx\/wp-content\/uploads\/2022\/06\/Casual_96009b20-4649-4f2d-99d3-63c388217bc2.png 1920w, https:\/\/instamedic.mx\/wp-content\/uploads\/2022\/06\/Casual_96009b20-4649-4f2d-99d3-63c388217bc2-600x338.png 600w, https:\/\/instamedic.mx\/wp-content\/uploads\/2022\/06\/Casual_96009b20-4649-4f2d-99d3-63c388217bc2-570x321.png 570w, https:\/\/instamedic.mx\/wp-content\/uploads\/2022\/06\/Casual_96009b20-4649-4f2d-99d3-63c388217bc2-770x433.png 770w, https:\/\/instamedic.mx\/wp-content\/uploads\/2022\/06\/Casual_96009b20-4649-4f2d-99d3-63c388217bc2-768x432.png 768w, https:\/\/instamedic.mx\/wp-content\/uploads\/2022\/06\/Casual_96009b20-4649-4f2d-99d3-63c388217bc2-1536x864.png 1536w, https:\/\/instamedic.mx\/wp-content\/uploads\/2022\/06\/Casual_96009b20-4649-4f2d-99d3-63c388217bc2-53x30.png 53w\" sizes=\"(max-width: 1920px) 100vw, 1920px\" \/><\/a><\/div>\n<\/div>\n<\/div>\n<\/div>\n<div class=\"sf-column\">\n<div class=\"sf-icon-box sf-icon-box--vertical sf__hover-scale-up\">\n<div class=\"sf-icon-box__inner flex flex-col items-center sm:items-center\">\n<div class=\"md:mt-5 sf-icon-box__text flex-1 text-center\">\n<div class=\"rte text-color-subtext\">\n<p>&nbsp;<\/p>\n<\/div>\n<\/div>\n<\/div>\n<\/div>\n<\/div>","protected":false},"excerpt":{"rendered":"<p><strong>SCRUB:\u00a0<\/strong>Dise\u00f1ado con tecnolog\u00eda\u00a0<strong>repelente<\/strong>, de dise\u00f1o\u00a0<strong>casual, minimalista y moderno.<\/strong><\/p>\n<p><strong>FILIPINA:<\/strong><\/p>\n<ul>\n<li>Regular Fit<\/li>\n<li>Cuello Mao<\/li>\n<li>Composici\u00f3n: 88% Poli\u00e9ster 12% Spandex<\/li>\n<\/ul>\n<p><strong>PANTALONES:<\/strong><\/p>\n<ul>\n<li>Ajuste regular<\/li>\n<li>2 Bolsillos laterales<\/li>\n<li>Jareta frontal<\/li>\n<li>Composici\u00f3n: 88% Poli\u00e9ster 12% Spandex<\/li>\n<\/ul>\n<p><strong>MODEL IS WEARING SIZE\u00a0SET: XS<\/strong><\/p>\n<ul>\n<li>Height\/Altura: 1.71m<\/li>\n<li>Bust\/Pecho: 82cm<\/li>\n<li>Waist\/Cintura: 60cm<\/li>\n<li>Hip\/Cadera: 90cm<\/li>\n<\/ul>","protected":false},"featured_media":10184,"comment_status":"open","ping_status":"closed","template":"","meta":[],"wpc-collection":[663],"product_brand":[],"product_cat":[167,398],"product_tag":[166,161,464,243,244,463],"yoast_head":"<!-- This site is optimized with the Yoast SEO Premium plugin v22.3 (Yoast SEO v22.4) - https:\/\/yoast.com\/wordpress\/plugins\/seo\/ -->\n<title>Scrub Casual Red Fire | Dama | unirome quir\u00fargico rojo<\/title>\n<meta name=\"robots\" content=\"index, follow, max-snippet:-1, max-image-preview:large, max-video-preview:-1\" \/>\n<link rel=\"canonical\" href=\"https:\/\/instamedic.mx\/en\/tienda-medica\/uniformes\/quirurgicos-uniformes\/uniforme-quirurgico-repelente\/scrub-casual-red-fire-dama\/\" \/>\n<meta property=\"og:locale\" content=\"en_US\" \/>\n<meta property=\"og:type\" content=\"article\" \/>\n<meta property=\"og:title\" content=\"Scrub Casual Red Fire | Dama\" \/>\n<meta property=\"og:description\" content=\"SCRUB:\u00a0Dise\u00f1ado con tecnolog\u00eda\u00a0repelente, de dise\u00f1o\u00a0casual, minimalista y moderno.  FILIPINA:   Regular Fit  Cuello Mao  Composici\u00f3n: 88% Poli\u00e9ster 12% Spandex  PANTALONES:   Ajuste regular  2 Bolsillos laterales  Jareta frontal  Composici\u00f3n: 88% Poli\u00e9ster 12% Spandex  MODEL IS WEARING SIZE\u00a0SET: XS   Height\/Altura: 1.71m  Bust\/Pecho: 82cm  Waist\/Cintura: 60cm  Hip\/Cadera: 90cm\" \/>\n<meta property=\"og:url\" content=\"https:\/\/instamedic.mx\/en\/tienda-medica\/uniformes\/quirurgicos-uniformes\/uniforme-quirurgico-repelente\/scrub-casual-red-fire-dama\/\" \/>\n<meta property=\"og:site_name\" content=\"Instamedic\" \/>\n<meta property=\"article:publisher\" content=\"https:\/\/www.facebook.com\/instamedicmx\" \/>\n<meta property=\"article:modified_time\" content=\"2023-09-15T18:50:54+00:00\" \/>\n<meta property=\"og:image\" content=\"https:\/\/instamedic.mx\/wp-content\/uploads\/2022\/06\/kanaus-set-casual-red-fire-dama-362787_540x.webp\" \/>\n\t<meta property=\"og:image:width\" content=\"540\" \/>\n\t<meta property=\"og:image:height\" content=\"960\" \/>\n\t<meta property=\"og:image:type\" content=\"image\/webp\" \/>\n<meta name=\"twitter:card\" content=\"summary_large_image\" \/>\n<meta name=\"twitter:label1\" content=\"Est. reading time\" \/>\n\t<meta name=\"twitter:data1\" content=\"1 minute\" \/>\n<script type=\"application\/ld+json\" class=\"yoast-schema-graph\">{\"@context\":\"https:\/\/schema.org\",\"@graph\":[{\"@type\":\"WebPage\",\"@id\":\"https:\/\/instamedic.mx\/tienda-medica\/uniformes\/quirurgicos-uniformes\/uniforme-quirurgico-repelente\/scrub-casual-red-fire-dama\/\",\"url\":\"https:\/\/instamedic.mx\/tienda-medica\/uniformes\/quirurgicos-uniformes\/uniforme-quirurgico-repelente\/scrub-casual-red-fire-dama\/\",\"name\":\"Scrub Casual Red Fire | Dama | unirome quir\u00fargico rojo\",\"isPartOf\":{\"@id\":\"https:\/\/instamedic.mx\/#website\"},\"primaryImageOfPage\":{\"@id\":\"https:\/\/instamedic.mx\/tienda-medica\/uniformes\/quirurgicos-uniformes\/uniforme-quirurgico-repelente\/scrub-casual-red-fire-dama\/#primaryimage\"},\"image\":{\"@id\":\"https:\/\/instamedic.mx\/tienda-medica\/uniformes\/quirurgicos-uniformes\/uniforme-quirurgico-repelente\/scrub-casual-red-fire-dama\/#primaryimage\"},\"thumbnailUrl\":\"https:\/\/instamedic.mx\/wp-content\/uploads\/2022\/06\/kanaus-set-casual-red-fire-dama-362787_540x.webp\",\"datePublished\":\"2022-06-09T23:07:48+00:00\",\"dateModified\":\"2023-09-15T18:50:54+00:00\",\"breadcrumb\":{\"@id\":\"https:\/\/instamedic.mx\/tienda-medica\/uniformes\/quirurgicos-uniformes\/uniforme-quirurgico-repelente\/scrub-casual-red-fire-dama\/#breadcrumb\"},\"inLanguage\":\"en-US\",\"potentialAction\":[{\"@type\":\"ReadAction\",\"target\":[\"https:\/\/instamedic.mx\/tienda-medica\/uniformes\/quirurgicos-uniformes\/uniforme-quirurgico-repelente\/scrub-casual-red-fire-dama\/\"]}]},{\"@type\":\"ImageObject\",\"inLanguage\":\"en-US\",\"@id\":\"https:\/\/instamedic.mx\/tienda-medica\/uniformes\/quirurgicos-uniformes\/uniforme-quirurgico-repelente\/scrub-casual-red-fire-dama\/#primaryimage\",\"url\":\"https:\/\/instamedic.mx\/wp-content\/uploads\/2022\/06\/kanaus-set-casual-red-fire-dama-362787_540x.webp\",\"contentUrl\":\"https:\/\/instamedic.mx\/wp-content\/uploads\/2022\/06\/kanaus-set-casual-red-fire-dama-362787_540x.webp\",\"width\":540,\"height\":960},{\"@type\":\"BreadcrumbList\",\"@id\":\"https:\/\/instamedic.mx\/tienda-medica\/uniformes\/quirurgicos-uniformes\/uniforme-quirurgico-repelente\/scrub-casual-red-fire-dama\/#breadcrumb\",\"itemListElement\":[{\"@type\":\"ListItem\",\"position\":1,\"name\":\"Inicio\",\"item\":\"https:\/\/instamedic.mx\/\"},{\"@type\":\"ListItem\",\"position\":2,\"name\":\"Tienda m\u00e9dica\",\"item\":\"https:\/\/instamedic.mx\/tienda-medica\/\"},{\"@type\":\"ListItem\",\"position\":3,\"name\":\"Scrub Casual Red Fire | Dama\"}]},{\"@type\":\"WebSite\",\"@id\":\"https:\/\/instamedic.mx\/#website\",\"url\":\"https:\/\/instamedic.mx\/\",\"name\":\"INSTAMEDIC\",\"description\":\"Venta de equipo m\u00e9dico, instrumental y uniformes quirpurgicos\",\"publisher\":{\"@id\":\"https:\/\/instamedic.mx\/#organization\"},\"potentialAction\":[{\"@type\":\"SearchAction\",\"target\":{\"@type\":\"EntryPoint\",\"urlTemplate\":\"https:\/\/instamedic.mx\/?s={search_term_string}\"},\"query-input\":\"required name=search_term_string\"}],\"inLanguage\":\"en-US\"},{\"@type\":\"Organization\",\"@id\":\"https:\/\/instamedic.mx\/#organization\",\"name\":\"INSTAMEDIC\",\"url\":\"https:\/\/instamedic.mx\/\",\"logo\":{\"@type\":\"ImageObject\",\"inLanguage\":\"en-US\",\"@id\":\"https:\/\/instamedic.mx\/#\/schema\/logo\/image\/\",\"url\":\"https:\/\/instamedic.mx\/wp-content\/uploads\/2024\/02\/Logo-instamedic.png\",\"contentUrl\":\"https:\/\/instamedic.mx\/wp-content\/uploads\/2024\/02\/Logo-instamedic.png\",\"width\":500,\"height\":500,\"caption\":\"INSTAMEDIC\"},\"image\":{\"@id\":\"https:\/\/instamedic.mx\/#\/schema\/logo\/image\/\"},\"sameAs\":[\"https:\/\/www.facebook.com\/instamedicmx\",\"https:\/\/www.instagram.com\/instamedic_mx\/\"],\"email\":\"info@instamedic.mx\",\"telephone\":\"8713426247\"}]}<\/script>\n<!-- \/ Yoast SEO Premium plugin. -->","yoast_head_json":{"title":"Scrub Casual Red Fire | Dama | unirome quir\u00fargico rojo","robots":{"index":"index","follow":"follow","max-snippet":"max-snippet:-1","max-image-preview":"max-image-preview:large","max-video-preview":"max-video-preview:-1"},"canonical":"https:\/\/instamedic.mx\/en\/tienda-medica\/uniformes\/quirurgicos-uniformes\/uniforme-quirurgico-repelente\/scrub-casual-red-fire-dama\/","og_locale":"en_US","og_type":"article","og_title":"Scrub Casual Red Fire | Dama","og_description":"SCRUB:\u00a0Dise\u00f1ado con tecnolog\u00eda\u00a0repelente, de dise\u00f1o\u00a0casual, minimalista y moderno.  FILIPINA:   Regular Fit  Cuello Mao  Composici\u00f3n: 88% Poli\u00e9ster 12% Spandex  PANTALONES:   Ajuste regular  2 Bolsillos laterales  Jareta frontal  Composici\u00f3n: 88% Poli\u00e9ster 12% Spandex  MODEL IS WEARING SIZE\u00a0SET: XS   Height\/Altura: 1.71m  Bust\/Pecho: 82cm  Waist\/Cintura: 60cm  Hip\/Cadera: 90cm","og_url":"https:\/\/instamedic.mx\/en\/tienda-medica\/uniformes\/quirurgicos-uniformes\/uniforme-quirurgico-repelente\/scrub-casual-red-fire-dama\/","og_site_name":"Instamedic","article_publisher":"https:\/\/www.facebook.com\/instamedicmx","article_modified_time":"2023-09-15T18:50:54+00:00","og_image":[{"width":540,"height":960,"url":"https:\/\/instamedic.mx\/wp-content\/uploads\/2022\/06\/kanaus-set-casual-red-fire-dama-362787_540x.webp","type":"image\/webp"}],"twitter_card":"summary_large_image","twitter_misc":{"Est. reading time":"1 minute"},"schema":{"@context":"https:\/\/schema.org","@graph":[{"@type":"WebPage","@id":"https:\/\/instamedic.mx\/tienda-medica\/uniformes\/quirurgicos-uniformes\/uniforme-quirurgico-repelente\/scrub-casual-red-fire-dama\/","url":"https:\/\/instamedic.mx\/tienda-medica\/uniformes\/quirurgicos-uniformes\/uniforme-quirurgico-repelente\/scrub-casual-red-fire-dama\/","name":"Scrub Casual Red Fire | Dama | unirome quir\u00fargico rojo","isPartOf":{"@id":"https:\/\/instamedic.mx\/#website"},"primaryImageOfPage":{"@id":"https:\/\/instamedic.mx\/tienda-medica\/uniformes\/quirurgicos-uniformes\/uniforme-quirurgico-repelente\/scrub-casual-red-fire-dama\/#primaryimage"},"image":{"@id":"https:\/\/instamedic.mx\/tienda-medica\/uniformes\/quirurgicos-uniformes\/uniforme-quirurgico-repelente\/scrub-casual-red-fire-dama\/#primaryimage"},"thumbnailUrl":"https:\/\/instamedic.mx\/wp-content\/uploads\/2022\/06\/kanaus-set-casual-red-fire-dama-362787_540x.webp","datePublished":"2022-06-09T23:07:48+00:00","dateModified":"2023-09-15T18:50:54+00:00","breadcrumb":{"@id":"https:\/\/instamedic.mx\/tienda-medica\/uniformes\/quirurgicos-uniformes\/uniforme-quirurgico-repelente\/scrub-casual-red-fire-dama\/#breadcrumb"},"inLanguage":"en-US","potentialAction":[{"@type":"ReadAction","target":["https:\/\/instamedic.mx\/tienda-medica\/uniformes\/quirurgicos-uniformes\/uniforme-quirurgico-repelente\/scrub-casual-red-fire-dama\/"]}]},{"@type":"ImageObject","inLanguage":"en-US","@id":"https:\/\/instamedic.mx\/tienda-medica\/uniformes\/quirurgicos-uniformes\/uniforme-quirurgico-repelente\/scrub-casual-red-fire-dama\/#primaryimage","url":"https:\/\/instamedic.mx\/wp-content\/uploads\/2022\/06\/kanaus-set-casual-red-fire-dama-362787_540x.webp","contentUrl":"https:\/\/instamedic.mx\/wp-content\/uploads\/2022\/06\/kanaus-set-casual-red-fire-dama-362787_540x.webp","width":540,"height":960},{"@type":"BreadcrumbList","@id":"https:\/\/instamedic.mx\/tienda-medica\/uniformes\/quirurgicos-uniformes\/uniforme-quirurgico-repelente\/scrub-casual-red-fire-dama\/#breadcrumb","itemListElement":[{"@type":"ListItem","position":1,"name":"Inicio","item":"https:\/\/instamedic.mx\/"},{"@type":"ListItem","position":2,"name":"Tienda m\u00e9dica","item":"https:\/\/instamedic.mx\/tienda-medica\/"},{"@type":"ListItem","position":3,"name":"Scrub Casual Red Fire | Dama"}]},{"@type":"WebSite","@id":"https:\/\/instamedic.mx\/#website","url":"https:\/\/instamedic.mx\/","name":"INSTAMEDIC","description":"Venta de equipo m\u00e9dico, instrumental y uniformes quirpurgicos","publisher":{"@id":"https:\/\/instamedic.mx\/#organization"},"potentialAction":[{"@type":"SearchAction","target":{"@type":"EntryPoint","urlTemplate":"https:\/\/instamedic.mx\/?s={search_term_string}"},"query-input":"required name=search_term_string"}],"inLanguage":"en-US"},{"@type":"Organization","@id":"https:\/\/instamedic.mx\/#organization","name":"INSTAMEDIC","url":"https:\/\/instamedic.mx\/","logo":{"@type":"ImageObject","inLanguage":"en-US","@id":"https:\/\/instamedic.mx\/#\/schema\/logo\/image\/","url":"https:\/\/instamedic.mx\/wp-content\/uploads\/2024\/02\/Logo-instamedic.png","contentUrl":"https:\/\/instamedic.mx\/wp-content\/uploads\/2024\/02\/Logo-instamedic.png","width":500,"height":500,"caption":"INSTAMEDIC"},"image":{"@id":"https:\/\/instamedic.mx\/#\/schema\/logo\/image\/"},"sameAs":["https:\/\/www.facebook.com\/instamedicmx","https:\/\/www.instagram.com\/instamedic_mx\/"],"email":"info@instamedic.mx","telephone":"8713426247"}]}},"jetpack_sharing_enabled":true,"_links":{"self":[{"href":"https:\/\/instamedic.mx\/en\/wp-json\/wp\/v2\/product\/10180"}],"collection":[{"href":"https:\/\/instamedic.mx\/en\/wp-json\/wp\/v2\/product"}],"about":[{"href":"https:\/\/instamedic.mx\/en\/wp-json\/wp\/v2\/types\/product"}],"replies":[{"embeddable":true,"href":"https:\/\/instamedic.mx\/en\/wp-json\/wp\/v2\/comments?post=10180"}],"version-history":[{"count":2,"href":"https:\/\/instamedic.mx\/en\/wp-json\/wp\/v2\/product\/10180\/revisions"}],"predecessor-version":[{"id":10196,"href":"https:\/\/instamedic.mx\/en\/wp-json\/wp\/v2\/product\/10180\/revisions\/10196"}],"wp:featuredmedia":[{"embeddable":true,"href":"https:\/\/instamedic.mx\/en\/wp-json\/wp\/v2\/media\/10184"}],"wp:attachment":[{"href":"https:\/\/instamedic.mx\/en\/wp-json\/wp\/v2\/media?parent=10180"}],"wp:term":[{"taxonomy":"wpc-collection","embeddable":true,"href":"https:\/\/instamedic.mx\/en\/wp-json\/wp\/v2\/wpc-collection?post=10180"},{"taxonomy":"product_brand","embeddable":true,"href":"https:\/\/instamedic.mx\/en\/wp-json\/wp\/v2\/product_brand?post=10180"},{"taxonomy":"product_cat","embeddable":true,"href":"https:\/\/instamedic.mx\/en\/wp-json\/wp\/v2\/product_cat?post=10180"},{"taxonomy":"product_tag","embeddable":true,"href":"https:\/\/instamedic.mx\/en\/wp-json\/wp\/v2\/product_tag?post=10180"}],"curies":[{"name":"wp","href":"https:\/\/api.w.org\/{rel}","templated":true}]}}