{"id":10267,"date":"2023-06-08T20:48:56","date_gmt":"2023-06-08T20:48:56","guid":{"rendered":"https:\/\/instamedic.mx\/?post_type=product&#038;p=10267"},"modified":"2024-04-10T18:59:24","modified_gmt":"2024-04-10T18:59:24","slug":"electroestimulador-digital-tens-ems-para-electroterapia-y-masajes-beurer-em49","status":"publish","type":"product","link":"https:\/\/instamedic.mx\/en\/tienda-medica\/equipo-medico\/masajes\/electroestimulador-digital-tens-ems-para-electroterapia-y-masajes-beurer-em49\/","title":{"rendered":"Electroestimulador Digital TENS\/EMS para Electroterapia y Masajes beurer EM49"},"content":{"rendered":"<p><a href=\"https:\/\/instamedic.mx\/wp-content\/uploads\/2023\/06\/EM49_-_Caracteristica_principal_-_Descripcion_A.webp\"><img fetchpriority=\"high\" decoding=\"async\" class=\"alignnone size-medium wp-image-10269\" src=\"https:\/\/instamedic.mx\/wp-content\/uploads\/2023\/06\/EM49_-_Caracteristica_principal_-_Descripcion_A-372x339.webp\" alt=\"\" width=\"372\" height=\"339\" srcset=\"https:\/\/instamedic.mx\/wp-content\/uploads\/2023\/06\/EM49_-_Caracteristica_principal_-_Descripcion_A-372x339.webp 372w, https:\/\/instamedic.mx\/wp-content\/uploads\/2023\/06\/EM49_-_Caracteristica_principal_-_Descripcion_A-600x547.webp 600w, https:\/\/instamedic.mx\/wp-content\/uploads\/2023\/06\/EM49_-_Caracteristica_principal_-_Descripcion_A-503x458.webp 503w, https:\/\/instamedic.mx\/wp-content\/uploads\/2023\/06\/EM49_-_Caracteristica_principal_-_Descripcion_A-768x700.webp 768w, https:\/\/instamedic.mx\/wp-content\/uploads\/2023\/06\/EM49_-_Caracteristica_principal_-_Descripcion_A-33x30.webp 33w, https:\/\/instamedic.mx\/wp-content\/uploads\/2023\/06\/EM49_-_Caracteristica_principal_-_Descripcion_A.webp 1157w\" sizes=\"(max-width: 372px) 100vw, 372px\" \/><\/a> <a href=\"https:\/\/instamedic.mx\/wp-content\/uploads\/2023\/06\/EM49_-_Bullets_01_-_Descri_pcion_A.webp\"><img decoding=\"async\" class=\"alignnone size-medium wp-image-10270\" src=\"https:\/\/instamedic.mx\/wp-content\/uploads\/2023\/06\/EM49_-_Bullets_01_-_Descri_pcion_A-268x339.webp\" alt=\"\" width=\"268\" height=\"339\" srcset=\"https:\/\/instamedic.mx\/wp-content\/uploads\/2023\/06\/EM49_-_Bullets_01_-_Descri_pcion_A-268x339.webp 268w, https:\/\/instamedic.mx\/wp-content\/uploads\/2023\/06\/EM49_-_Bullets_01_-_Descri_pcion_A-600x759.webp 600w, https:\/\/instamedic.mx\/wp-content\/uploads\/2023\/06\/EM49_-_Bullets_01_-_Descri_pcion_A-362x458.webp 362w, https:\/\/instamedic.mx\/wp-content\/uploads\/2023\/06\/EM49_-_Bullets_01_-_Descri_pcion_A-768x971.webp 768w, https:\/\/instamedic.mx\/wp-content\/uploads\/2023\/06\/EM49_-_Bullets_01_-_Descri_pcion_A-24x30.webp 24w, https:\/\/instamedic.mx\/wp-content\/uploads\/2023\/06\/EM49_-_Bullets_01_-_Descri_pcion_A.webp 1157w\" sizes=\"(max-width: 268px) 100vw, 268px\" \/><\/a> <a href=\"https:\/\/instamedic.mx\/wp-content\/uploads\/2023\/06\/EM49_-_Descripcion_fisica_-_Descipcion_A.webp\"><img decoding=\"async\" class=\"alignnone size-medium wp-image-10271\" src=\"https:\/\/instamedic.mx\/wp-content\/uploads\/2023\/06\/EM49_-_Descripcion_fisica_-_Descipcion_A-493x339.webp\" alt=\"\" width=\"493\" height=\"339\" srcset=\"https:\/\/instamedic.mx\/wp-content\/uploads\/2023\/06\/EM49_-_Descripcion_fisica_-_Descipcion_A-493x339.webp 493w, https:\/\/instamedic.mx\/wp-content\/uploads\/2023\/06\/EM49_-_Descripcion_fisica_-_Descipcion_A-600x413.webp 600w, https:\/\/instamedic.mx\/wp-content\/uploads\/2023\/06\/EM49_-_Descripcion_fisica_-_Descipcion_A-666x458.webp 666w, https:\/\/instamedic.mx\/wp-content\/uploads\/2023\/06\/EM49_-_Descripcion_fisica_-_Descipcion_A-768x528.webp 768w, https:\/\/instamedic.mx\/wp-content\/uploads\/2023\/06\/EM49_-_Descripcion_fisica_-_Descipcion_A-44x30.webp 44w, https:\/\/instamedic.mx\/wp-content\/uploads\/2023\/06\/EM49_-_Descripcion_fisica_-_Descipcion_A.webp 1157w\" sizes=\"(max-width: 493px) 100vw, 493px\" \/><\/a> <a href=\"https:\/\/instamedic.mx\/wp-content\/uploads\/2023\/06\/EM49_-_Bullets_02_-_Descripcion_A.webp\"><img loading=\"lazy\" decoding=\"async\" class=\"alignnone size-medium wp-image-10272\" src=\"https:\/\/instamedic.mx\/wp-content\/uploads\/2023\/06\/EM49_-_Bullets_02_-_Descripcion_A-544x339.webp\" alt=\"\" width=\"544\" height=\"339\" srcset=\"https:\/\/instamedic.mx\/wp-content\/uploads\/2023\/06\/EM49_-_Bullets_02_-_Descripcion_A-544x339.webp 544w, https:\/\/instamedic.mx\/wp-content\/uploads\/2023\/06\/EM49_-_Bullets_02_-_Descripcion_A-600x374.webp 600w, https:\/\/instamedic.mx\/wp-content\/uploads\/2023\/06\/EM49_-_Bullets_02_-_Descripcion_A-735x458.webp 735w, https:\/\/instamedic.mx\/wp-content\/uploads\/2023\/06\/EM49_-_Bullets_02_-_Descripcion_A-768x479.webp 768w, https:\/\/instamedic.mx\/wp-content\/uploads\/2023\/06\/EM49_-_Bullets_02_-_Descripcion_A-48x30.webp 48w, https:\/\/instamedic.mx\/wp-content\/uploads\/2023\/06\/EM49_-_Bullets_02_-_Descripcion_A.webp 1157w\" sizes=\"(max-width: 544px) 100vw, 544px\" \/><\/a> <a href=\"https:\/\/instamedic.mx\/wp-content\/uploads\/2023\/06\/EM49_-_Descripcion_de_pantalla_-Descripcion_A.webp\"><img loading=\"lazy\" decoding=\"async\" class=\"alignnone size-medium wp-image-10273\" src=\"https:\/\/instamedic.mx\/wp-content\/uploads\/2023\/06\/EM49_-_Descripcion_de_pantalla_-Descripcion_A-570x240.webp\" alt=\"\" width=\"570\" height=\"240\" srcset=\"https:\/\/instamedic.mx\/wp-content\/uploads\/2023\/06\/EM49_-_Descripcion_de_pantalla_-Descripcion_A-570x240.webp 570w, https:\/\/instamedic.mx\/wp-content\/uploads\/2023\/06\/EM49_-_Descripcion_de_pantalla_-Descripcion_A-600x253.webp 600w, https:\/\/instamedic.mx\/wp-content\/uploads\/2023\/06\/EM49_-_Descripcion_de_pantalla_-Descripcion_A-770x325.webp 770w, https:\/\/instamedic.mx\/wp-content\/uploads\/2023\/06\/EM49_-_Descripcion_de_pantalla_-Descripcion_A-768x324.webp 768w, https:\/\/instamedic.mx\/wp-content\/uploads\/2023\/06\/EM49_-_Descripcion_de_pantalla_-Descripcion_A-71x30.webp 71w, https:\/\/instamedic.mx\/wp-content\/uploads\/2023\/06\/EM49_-_Descripcion_de_pantalla_-Descripcion_A.webp 1157w\" sizes=\"(max-width: 570px) 100vw, 570px\" \/><\/a><\/p>","protected":false},"excerpt":{"rendered":"<p>El aparato EMS\/TENS dispone de 64 aplicaciones preprogramadas. Adem\u00e1s, cuenta con 6 programas individualizables en los que se pueden ajustar la frecuencia, el ancho del pulso y el tiempo de encendido\/apagado.<\/p>\n<ul>\n<li>Tratamiento del dolor (TENS)<\/li>\n<li>Estimulaci\u00f3n muscular (EMS)<\/li>\n<li>Relajaci\u00f3n y masaje<\/li>\n<li>Indicaci\u00f3n de posicionamiento de los electrodos<\/li>\n<li>4 electrodos de gel autoadhesivos incluidos (45 x 45\u00a0mm)<\/li>\n<li>2 canales regulables por separado<\/li>\n<li>64 aplicaciones preprogramadas<\/li>\n<li>6 programas individualizables: frecuencia, ancho del pulso, tiempo de encendido\/apagado programables<\/li>\n<li>Intensidad ajustable<\/li>\n<li>Temporizador de cuenta atr\u00e1s<\/li>\n<li>Desconexi\u00f3n de seguridad<\/li>\n<li>Doctor\u0091s-Function para conseguir la adaptaci\u00f3n ideal a su programa de tratamiento personalizado<\/li>\n<li>Producto sanitario<\/li>\n<li>Pantalla LCD inversa con retroiluminaci\u00f3n azul<\/li>\n<\/ul>","protected":false},"featured_media":10268,"comment_status":"open","ping_status":"closed","template":"","meta":[],"wpc-collection":[],"product_brand":[702],"product_cat":[92,172],"product_tag":[148,798],"yoast_head":"<!-- This site is optimized with the Yoast SEO Premium plugin v22.3 (Yoast SEO v22.4) - https:\/\/yoast.com\/wordpress\/plugins\/seo\/ -->\n<title>Electroestimulador Digital TENS\/EMS para Electroterapia y Masajes beurer EM49<\/title>\n<meta name=\"robots\" content=\"index, follow, max-snippet:-1, max-image-preview:large, max-video-preview:-1\" \/>\n<link rel=\"canonical\" href=\"https:\/\/instamedic.mx\/en\/tienda-medica\/equipo-medico\/masajes\/electroestimulador-digital-tens-ems-para-electroterapia-y-masajes-beurer-em49\/\" \/>\n<meta property=\"og:locale\" content=\"en_US\" \/>\n<meta property=\"og:type\" content=\"article\" \/>\n<meta property=\"og:title\" content=\"Electroestimulador Digital TENS\/EMS para Electroterapia y Masajes beurer EM49\" \/>\n<meta property=\"og:description\" content=\"El aparato EMS\/TENS dispone de 64 aplicaciones preprogramadas. Adem\u00e1s, cuenta con 6 programas individualizables en los que se pueden ajustar la frecuencia, el ancho del pulso y el tiempo de encendido\/apagado.   Tratamiento del dolor (TENS)  Estimulaci\u00f3n muscular (EMS)  Relajaci\u00f3n y masaje  Indicaci\u00f3n de posicionamiento de los electrodos  4 electrodos de gel autoadhesivos incluidos (45 x 45\u00a0mm)  2 canales regulables por separado  64 aplicaciones preprogramadas  6 programas individualizables: frecuencia, ancho del pulso, tiempo de encendido\/apagado programables  Intensidad ajustable  Temporizador de cuenta atr\u00e1s  Desconexi\u00f3n de seguridad  Doctor\u0091s-Function para conseguir la adaptaci\u00f3n ideal a su programa de tratamiento personalizado  Producto sanitario  Pantalla LCD inversa con retroiluminaci\u00f3n azul\" \/>\n<meta property=\"og:url\" content=\"https:\/\/instamedic.mx\/en\/tienda-medica\/equipo-medico\/masajes\/electroestimulador-digital-tens-ems-para-electroterapia-y-masajes-beurer-em49\/\" \/>\n<meta property=\"og:site_name\" content=\"Instamedic\" \/>\n<meta property=\"article:publisher\" content=\"https:\/\/www.facebook.com\/instamedicmx\" \/>\n<meta property=\"article:modified_time\" content=\"2024-04-10T18:59:24+00:00\" \/>\n<meta property=\"og:image\" content=\"https:\/\/instamedic.mx\/wp-content\/uploads\/2023\/06\/EM49-Content01.webp\" \/>\n\t<meta property=\"og:image:width\" content=\"1000\" \/>\n\t<meta property=\"og:image:height\" content=\"1000\" \/>\n\t<meta property=\"og:image:type\" content=\"image\/webp\" \/>\n<meta name=\"twitter:card\" content=\"summary_large_image\" \/>\n<meta name=\"twitter:label1\" content=\"Est. reading time\" \/>\n\t<meta name=\"twitter:data1\" content=\"2 minutes\" \/>\n<script type=\"application\/ld+json\" class=\"yoast-schema-graph\">{\"@context\":\"https:\/\/schema.org\",\"@graph\":[{\"@type\":\"WebPage\",\"@id\":\"https:\/\/instamedic.mx\/tienda-medica\/equipo-medico\/masajes\/electroestimulador-digital-tens-ems-para-electroterapia-y-masajes-beurer-em49\/\",\"url\":\"https:\/\/instamedic.mx\/tienda-medica\/equipo-medico\/masajes\/electroestimulador-digital-tens-ems-para-electroterapia-y-masajes-beurer-em49\/\",\"name\":\"Electroestimulador Digital TENS\/EMS para Electroterapia y Masajes beurer EM49\",\"isPartOf\":{\"@id\":\"https:\/\/instamedic.mx\/#website\"},\"primaryImageOfPage\":{\"@id\":\"https:\/\/instamedic.mx\/tienda-medica\/equipo-medico\/masajes\/electroestimulador-digital-tens-ems-para-electroterapia-y-masajes-beurer-em49\/#primaryimage\"},\"image\":{\"@id\":\"https:\/\/instamedic.mx\/tienda-medica\/equipo-medico\/masajes\/electroestimulador-digital-tens-ems-para-electroterapia-y-masajes-beurer-em49\/#primaryimage\"},\"thumbnailUrl\":\"https:\/\/instamedic.mx\/wp-content\/uploads\/2023\/06\/EM49-Content01.webp\",\"datePublished\":\"2023-06-08T20:48:56+00:00\",\"dateModified\":\"2024-04-10T18:59:24+00:00\",\"breadcrumb\":{\"@id\":\"https:\/\/instamedic.mx\/tienda-medica\/equipo-medico\/masajes\/electroestimulador-digital-tens-ems-para-electroterapia-y-masajes-beurer-em49\/#breadcrumb\"},\"inLanguage\":\"en-US\",\"potentialAction\":[{\"@type\":\"ReadAction\",\"target\":[\"https:\/\/instamedic.mx\/tienda-medica\/equipo-medico\/masajes\/electroestimulador-digital-tens-ems-para-electroterapia-y-masajes-beurer-em49\/\"]}]},{\"@type\":\"ImageObject\",\"inLanguage\":\"en-US\",\"@id\":\"https:\/\/instamedic.mx\/tienda-medica\/equipo-medico\/masajes\/electroestimulador-digital-tens-ems-para-electroterapia-y-masajes-beurer-em49\/#primaryimage\",\"url\":\"https:\/\/instamedic.mx\/wp-content\/uploads\/2023\/06\/EM49-Content01.webp\",\"contentUrl\":\"https:\/\/instamedic.mx\/wp-content\/uploads\/2023\/06\/EM49-Content01.webp\",\"width\":1000,\"height\":1000},{\"@type\":\"BreadcrumbList\",\"@id\":\"https:\/\/instamedic.mx\/tienda-medica\/equipo-medico\/masajes\/electroestimulador-digital-tens-ems-para-electroterapia-y-masajes-beurer-em49\/#breadcrumb\",\"itemListElement\":[{\"@type\":\"ListItem\",\"position\":1,\"name\":\"Inicio\",\"item\":\"https:\/\/instamedic.mx\/\"},{\"@type\":\"ListItem\",\"position\":2,\"name\":\"Tienda m\u00e9dica\",\"item\":\"https:\/\/instamedic.mx\/tienda-medica\/\"},{\"@type\":\"ListItem\",\"position\":3,\"name\":\"Electroestimulador Digital TENS\/EMS para Electroterapia y Masajes beurer EM49\"}]},{\"@type\":\"WebSite\",\"@id\":\"https:\/\/instamedic.mx\/#website\",\"url\":\"https:\/\/instamedic.mx\/\",\"name\":\"INSTAMEDIC\",\"description\":\"Venta de equipo m\u00e9dico, instrumental y uniformes quirpurgicos\",\"publisher\":{\"@id\":\"https:\/\/instamedic.mx\/#organization\"},\"potentialAction\":[{\"@type\":\"SearchAction\",\"target\":{\"@type\":\"EntryPoint\",\"urlTemplate\":\"https:\/\/instamedic.mx\/?s={search_term_string}\"},\"query-input\":\"required name=search_term_string\"}],\"inLanguage\":\"en-US\"},{\"@type\":\"Organization\",\"@id\":\"https:\/\/instamedic.mx\/#organization\",\"name\":\"INSTAMEDIC\",\"url\":\"https:\/\/instamedic.mx\/\",\"logo\":{\"@type\":\"ImageObject\",\"inLanguage\":\"en-US\",\"@id\":\"https:\/\/instamedic.mx\/#\/schema\/logo\/image\/\",\"url\":\"https:\/\/instamedic.mx\/wp-content\/uploads\/2024\/02\/Logo-instamedic.png\",\"contentUrl\":\"https:\/\/instamedic.mx\/wp-content\/uploads\/2024\/02\/Logo-instamedic.png\",\"width\":500,\"height\":500,\"caption\":\"INSTAMEDIC\"},\"image\":{\"@id\":\"https:\/\/instamedic.mx\/#\/schema\/logo\/image\/\"},\"sameAs\":[\"https:\/\/www.facebook.com\/instamedicmx\",\"https:\/\/www.instagram.com\/instamedic_mx\/\"],\"email\":\"info@instamedic.mx\",\"telephone\":\"8713426247\"}]}<\/script>\n<!-- \/ Yoast SEO Premium plugin. -->","yoast_head_json":{"title":"Electroestimulador Digital TENS\/EMS para Electroterapia y Masajes beurer EM49","robots":{"index":"index","follow":"follow","max-snippet":"max-snippet:-1","max-image-preview":"max-image-preview:large","max-video-preview":"max-video-preview:-1"},"canonical":"https:\/\/instamedic.mx\/en\/tienda-medica\/equipo-medico\/masajes\/electroestimulador-digital-tens-ems-para-electroterapia-y-masajes-beurer-em49\/","og_locale":"en_US","og_type":"article","og_title":"Electroestimulador Digital TENS\/EMS para Electroterapia y Masajes beurer EM49","og_description":"El aparato EMS\/TENS dispone de 64 aplicaciones preprogramadas. Adem\u00e1s, cuenta con 6 programas individualizables en los que se pueden ajustar la frecuencia, el ancho del pulso y el tiempo de encendido\/apagado.   Tratamiento del dolor (TENS)  Estimulaci\u00f3n muscular (EMS)  Relajaci\u00f3n y masaje  Indicaci\u00f3n de posicionamiento de los electrodos  4 electrodos de gel autoadhesivos incluidos (45 x 45\u00a0mm)  2 canales regulables por separado  64 aplicaciones preprogramadas  6 programas individualizables: frecuencia, ancho del pulso, tiempo de encendido\/apagado programables  Intensidad ajustable  Temporizador de cuenta atr\u00e1s  Desconexi\u00f3n de seguridad  Doctor\u0091s-Function para conseguir la adaptaci\u00f3n ideal a su programa de tratamiento personalizado  Producto sanitario  Pantalla LCD inversa con retroiluminaci\u00f3n azul","og_url":"https:\/\/instamedic.mx\/en\/tienda-medica\/equipo-medico\/masajes\/electroestimulador-digital-tens-ems-para-electroterapia-y-masajes-beurer-em49\/","og_site_name":"Instamedic","article_publisher":"https:\/\/www.facebook.com\/instamedicmx","article_modified_time":"2024-04-10T18:59:24+00:00","og_image":[{"width":1000,"height":1000,"url":"https:\/\/instamedic.mx\/wp-content\/uploads\/2023\/06\/EM49-Content01.webp","type":"image\/webp"}],"twitter_card":"summary_large_image","twitter_misc":{"Est. reading time":"2 minutes"},"schema":{"@context":"https:\/\/schema.org","@graph":[{"@type":"WebPage","@id":"https:\/\/instamedic.mx\/tienda-medica\/equipo-medico\/masajes\/electroestimulador-digital-tens-ems-para-electroterapia-y-masajes-beurer-em49\/","url":"https:\/\/instamedic.mx\/tienda-medica\/equipo-medico\/masajes\/electroestimulador-digital-tens-ems-para-electroterapia-y-masajes-beurer-em49\/","name":"Electroestimulador Digital TENS\/EMS para Electroterapia y Masajes beurer EM49","isPartOf":{"@id":"https:\/\/instamedic.mx\/#website"},"primaryImageOfPage":{"@id":"https:\/\/instamedic.mx\/tienda-medica\/equipo-medico\/masajes\/electroestimulador-digital-tens-ems-para-electroterapia-y-masajes-beurer-em49\/#primaryimage"},"image":{"@id":"https:\/\/instamedic.mx\/tienda-medica\/equipo-medico\/masajes\/electroestimulador-digital-tens-ems-para-electroterapia-y-masajes-beurer-em49\/#primaryimage"},"thumbnailUrl":"https:\/\/instamedic.mx\/wp-content\/uploads\/2023\/06\/EM49-Content01.webp","datePublished":"2023-06-08T20:48:56+00:00","dateModified":"2024-04-10T18:59:24+00:00","breadcrumb":{"@id":"https:\/\/instamedic.mx\/tienda-medica\/equipo-medico\/masajes\/electroestimulador-digital-tens-ems-para-electroterapia-y-masajes-beurer-em49\/#breadcrumb"},"inLanguage":"en-US","potentialAction":[{"@type":"ReadAction","target":["https:\/\/instamedic.mx\/tienda-medica\/equipo-medico\/masajes\/electroestimulador-digital-tens-ems-para-electroterapia-y-masajes-beurer-em49\/"]}]},{"@type":"ImageObject","inLanguage":"en-US","@id":"https:\/\/instamedic.mx\/tienda-medica\/equipo-medico\/masajes\/electroestimulador-digital-tens-ems-para-electroterapia-y-masajes-beurer-em49\/#primaryimage","url":"https:\/\/instamedic.mx\/wp-content\/uploads\/2023\/06\/EM49-Content01.webp","contentUrl":"https:\/\/instamedic.mx\/wp-content\/uploads\/2023\/06\/EM49-Content01.webp","width":1000,"height":1000},{"@type":"BreadcrumbList","@id":"https:\/\/instamedic.mx\/tienda-medica\/equipo-medico\/masajes\/electroestimulador-digital-tens-ems-para-electroterapia-y-masajes-beurer-em49\/#breadcrumb","itemListElement":[{"@type":"ListItem","position":1,"name":"Inicio","item":"https:\/\/instamedic.mx\/"},{"@type":"ListItem","position":2,"name":"Tienda m\u00e9dica","item":"https:\/\/instamedic.mx\/tienda-medica\/"},{"@type":"ListItem","position":3,"name":"Electroestimulador Digital TENS\/EMS para Electroterapia y Masajes beurer EM49"}]},{"@type":"WebSite","@id":"https:\/\/instamedic.mx\/#website","url":"https:\/\/instamedic.mx\/","name":"INSTAMEDIC","description":"Venta de equipo m\u00e9dico, instrumental y uniformes quirpurgicos","publisher":{"@id":"https:\/\/instamedic.mx\/#organization"},"potentialAction":[{"@type":"SearchAction","target":{"@type":"EntryPoint","urlTemplate":"https:\/\/instamedic.mx\/?s={search_term_string}"},"query-input":"required name=search_term_string"}],"inLanguage":"en-US"},{"@type":"Organization","@id":"https:\/\/instamedic.mx\/#organization","name":"INSTAMEDIC","url":"https:\/\/instamedic.mx\/","logo":{"@type":"ImageObject","inLanguage":"en-US","@id":"https:\/\/instamedic.mx\/#\/schema\/logo\/image\/","url":"https:\/\/instamedic.mx\/wp-content\/uploads\/2024\/02\/Logo-instamedic.png","contentUrl":"https:\/\/instamedic.mx\/wp-content\/uploads\/2024\/02\/Logo-instamedic.png","width":500,"height":500,"caption":"INSTAMEDIC"},"image":{"@id":"https:\/\/instamedic.mx\/#\/schema\/logo\/image\/"},"sameAs":["https:\/\/www.facebook.com\/instamedicmx","https:\/\/www.instagram.com\/instamedic_mx\/"],"email":"info@instamedic.mx","telephone":"8713426247"}]}},"jetpack_sharing_enabled":true,"_links":{"self":[{"href":"https:\/\/instamedic.mx\/en\/wp-json\/wp\/v2\/product\/10267"}],"collection":[{"href":"https:\/\/instamedic.mx\/en\/wp-json\/wp\/v2\/product"}],"about":[{"href":"https:\/\/instamedic.mx\/en\/wp-json\/wp\/v2\/types\/product"}],"replies":[{"embeddable":true,"href":"https:\/\/instamedic.mx\/en\/wp-json\/wp\/v2\/comments?post=10267"}],"version-history":[{"count":1,"href":"https:\/\/instamedic.mx\/en\/wp-json\/wp\/v2\/product\/10267\/revisions"}],"predecessor-version":[{"id":21664,"href":"https:\/\/instamedic.mx\/en\/wp-json\/wp\/v2\/product\/10267\/revisions\/21664"}],"wp:featuredmedia":[{"embeddable":true,"href":"https:\/\/instamedic.mx\/en\/wp-json\/wp\/v2\/media\/10268"}],"wp:attachment":[{"href":"https:\/\/instamedic.mx\/en\/wp-json\/wp\/v2\/media?parent=10267"}],"wp:term":[{"taxonomy":"wpc-collection","embeddable":true,"href":"https:\/\/instamedic.mx\/en\/wp-json\/wp\/v2\/wpc-collection?post=10267"},{"taxonomy":"product_brand","embeddable":true,"href":"https:\/\/instamedic.mx\/en\/wp-json\/wp\/v2\/product_brand?post=10267"},{"taxonomy":"product_cat","embeddable":true,"href":"https:\/\/instamedic.mx\/en\/wp-json\/wp\/v2\/product_cat?post=10267"},{"taxonomy":"product_tag","embeddable":true,"href":"https:\/\/instamedic.mx\/en\/wp-json\/wp\/v2\/product_tag?post=10267"}],"curies":[{"name":"wp","href":"https:\/\/api.w.org\/{rel}","templated":true}]}}