{"id":21792,"date":"2023-09-19T01:10:53","date_gmt":"2023-09-19T01:10:53","guid":{"rendered":"https:\/\/instamedic.mx\/?post_type=product&#038;p=21792"},"modified":"2024-03-14T18:48:09","modified_gmt":"2024-03-14T18:48:09","slug":"uniforme-quirurgico-repelente-blanco-para-dama","status":"publish","type":"product","link":"https:\/\/instamedic.mx\/en\/tienda-medica\/uniformes\/quirurgicos-uniformes\/uniforme-quirurgico-repelente\/uniforme-quirurgico-repelente-blanco-para-dama\/","title":{"rendered":"Women&#039;s white water-repellent surgical scrubs"},"content":{"rendered":"<div data-elementor-type=\"wp-post\" data-elementor-id=\"21792\" class=\"elementor elementor-21792\">\n\t\t\t\t<div class=\"elementor-element elementor-element-1cc02956 e-flex e-con-boxed e-con e-parent\" data-id=\"1cc02956\" data-element_type=\"container\" data-core-v316-plus=\"true\">\n\t\t\t\t\t<div class=\"e-con-inner\">\n\t\t\t\t<div class=\"elementor-element elementor-element-6c35bb02 elementor-widget elementor-widget-heading\" data-id=\"6c35bb02\" data-element_type=\"widget\" data-widget_type=\"heading.default\">\n\t\t\t\t<div class=\"elementor-widget-container\">\n\t\t\t<style>\/*! elementor - v3.20.0 - 26-03-2024 *\/\n.elementor-heading-title{padding:0;margin:0;line-height:1}.elementor-widget-heading .elementor-heading-title[class*=elementor-size-]>a{color:inherit;font-size:inherit;line-height:inherit}.elementor-widget-heading .elementor-heading-title.elementor-size-small{font-size:15px}.elementor-widget-heading .elementor-heading-title.elementor-size-medium{font-size:19px}.elementor-widget-heading .elementor-heading-title.elementor-size-large{font-size:29px}.elementor-widget-heading .elementor-heading-title.elementor-size-xl{font-size:39px}.elementor-widget-heading .elementor-heading-title.elementor-size-xxl{font-size:59px}<\/style><h2 class=\"elementor-heading-title elementor-size-default\">Uniforme quir\u00fargico repelente blanco para dama con cierre<\/h2>\t\t<\/div>\n\t\t\t\t<\/div>\n\t\t\t\t<div class=\"elementor-element elementor-element-62b35972 elementor-widget elementor-widget-text-editor\" data-id=\"62b35972\" data-element_type=\"widget\" data-widget_type=\"text-editor.default\">\n\t\t\t\t<div class=\"elementor-widget-container\">\n\t\t\t<style>\/*! elementor - v3.20.0 - 26-03-2024 *\/\n.elementor-widget-text-editor.elementor-drop-cap-view-stacked .elementor-drop-cap{background-color:#69727d;color:#fff}.elementor-widget-text-editor.elementor-drop-cap-view-framed .elementor-drop-cap{color:#69727d;border:3px solid;background-color:transparent}.elementor-widget-text-editor:not(.elementor-drop-cap-view-default) .elementor-drop-cap{margin-top:8px}.elementor-widget-text-editor:not(.elementor-drop-cap-view-default) .elementor-drop-cap-letter{width:1em;height:1em}.elementor-widget-text-editor .elementor-drop-cap{float:left;text-align:center;line-height:1;font-size:50px}.elementor-widget-text-editor .elementor-drop-cap-letter{display:inline-block}<\/style>\t\t\t\t<p>Con\u00f3ce la composici\u00f3n, dise\u00f1o y estilo de nuestro uniforme quir\u00fargico<\/p>\t\t\t\t\t\t<\/div>\n\t\t\t\t<\/div>\n\t\t\t\t\t<\/div>\n\t\t\t\t<\/div>\n\t\t<div class=\"elementor-element elementor-element-618367b7 e-flex e-con-boxed e-con e-parent\" data-id=\"618367b7\" data-element_type=\"container\" data-core-v316-plus=\"true\">\n\t\t\t\t\t<div class=\"e-con-inner\">\n\t\t\t\t<div class=\"elementor-element elementor-element-56825f69 elementor-widget elementor-widget-heading\" data-id=\"56825f69\" data-element_type=\"widget\" data-widget_type=\"heading.default\">\n\t\t\t\t<div class=\"elementor-widget-container\">\n\t\t\t<h2 class=\"elementor-heading-title elementor-size-default\">Dise\u00f1o de la filipina <\/h2>\t\t<\/div>\n\t\t\t\t<\/div>\n\t\t\t\t<div class=\"elementor-element elementor-element-1ebf1e83 elementor-widget elementor-widget-text-editor\" data-id=\"1ebf1e83\" data-element_type=\"widget\" data-widget_type=\"text-editor.default\">\n\t\t\t\t<div class=\"elementor-widget-container\">\n\t\t\t\t\t\t\t<p>Hermoso y juvenil corte con silueta femenina y terminaci\u00f3n ovalada. La composici\u00f3n textil de esta filipina es 96% Poli\u00e9ster y 4% Elast\u00e1no para que ambos materiales creen una prenda muy c\u00f3moda y duradera.<\/p>\t\t\t\t\t\t<\/div>\n\t\t\t\t<\/div>\n\t\t\t\t\t<\/div>\n\t\t\t\t<\/div>\n\t\t<div class=\"elementor-element elementor-element-7b881b4c e-flex e-con-boxed e-con e-parent\" data-id=\"7b881b4c\" data-element_type=\"container\" data-core-v316-plus=\"true\">\n\t\t\t\t\t<div class=\"e-con-inner\">\n\t\t<div class=\"elementor-element elementor-element-5b7c37b9 e-con-full e-flex e-con e-child\" data-id=\"5b7c37b9\" data-element_type=\"container\">\n\t\t\t\t<div class=\"elementor-element elementor-element-1af2f221 elementor-widget elementor-widget-image\" data-id=\"1af2f221\" data-element_type=\"widget\" data-widget_type=\"image.default\">\n\t\t\t\t<div class=\"elementor-widget-container\">\n\t\t\t<style>\/*! elementor - v3.20.0 - 26-03-2024 *\/\n.elementor-widget-image{text-align:center}.elementor-widget-image a{display:inline-block}.elementor-widget-image a img[src$=\".svg\"]{width:48px}.elementor-widget-image img{vertical-align:middle;display:inline-block}<\/style>\t\t\t\t\t\t\t\t\t\t<img fetchpriority=\"high\" decoding=\"async\" width=\"228\" height=\"458\" src=\"https:\/\/instamedic.mx\/wp-content\/uploads\/2023\/09\/Filipina-con-cierre-color-blanco-vista-frontal.webp\" class=\"attachment-large size-large wp-image-22972\" alt=\"\" \/>\t\t\t\t\t\t\t\t\t\t\t\t\t<\/div>\n\t\t\t\t<\/div>\n\t\t\t\t<div class=\"elementor-element elementor-element-2bd84ab5 elementor-absolute elementor-hidden-tablet_extra elementor-hidden-tablet elementor-hidden-mobile_extra elementor-hidden-mobile elementor-align-center elementor-widget elementor-widget-tm-separator\" data-id=\"2bd84ab5\" data-element_type=\"widget\" data-settings=\"{&quot;_position&quot;:&quot;absolute&quot;}\" data-widget_type=\"tm-separator.default\">\n\t\t\t\t<div class=\"elementor-widget-container\">\n\t\t\t\t\t<div class=\"tm-separator horizontal-line\">\n\t\t\t\t\t\t<div class=\"inner\"><\/div>\n\t\t<\/div>\n\t\t\t\t<\/div>\n\t\t\t\t<\/div>\n\t\t\t\t<div class=\"elementor-element elementor-element-1247fa50 elementor-absolute elementor-hidden-tablet_extra elementor-hidden-tablet elementor-hidden-mobile_extra elementor-hidden-mobile elementor-align-center elementor-widget elementor-widget-tm-separator\" data-id=\"1247fa50\" data-element_type=\"widget\" data-settings=\"{&quot;_position&quot;:&quot;absolute&quot;}\" data-widget_type=\"tm-separator.default\">\n\t\t\t\t<div class=\"elementor-widget-container\">\n\t\t\t\t\t<div class=\"tm-separator horizontal-line\">\n\t\t\t\t\t\t<div class=\"inner\"><\/div>\n\t\t<\/div>\n\t\t\t\t<\/div>\n\t\t\t\t<\/div>\n\t\t\t\t<\/div>\n\t\t<div class=\"elementor-element elementor-element-7f30d1cb e-con-full e-flex e-con e-child\" data-id=\"7f30d1cb\" data-element_type=\"container\">\n\t\t\t\t<div class=\"elementor-element elementor-element-7122bd43 elementor-widget elementor-widget-text-editor\" data-id=\"7122bd43\" data-element_type=\"widget\" data-widget_type=\"text-editor.default\">\n\t\t\t\t<div class=\"elementor-widget-container\">\n\t\t\t\t\t\t\t<h3>Filipina manga corta con hermoso detalle de Cierre en el cuello\u00a0<\/h3>\t\t\t\t\t\t<\/div>\n\t\t\t\t<\/div>\n\t\t\t\t<div class=\"elementor-element elementor-element-4d5a6073 elementor-widget elementor-widget-spacer\" data-id=\"4d5a6073\" data-element_type=\"widget\" data-widget_type=\"spacer.default\">\n\t\t\t\t<div class=\"elementor-widget-container\">\n\t\t\t<style>\/*! elementor - v3.20.0 - 26-03-2024 *\/\n.elementor-column .elementor-spacer-inner{height:var(--spacer-size)}.e-con{--container-widget-width:100%}.e-con-inner>.elementor-widget-spacer,.e-con>.elementor-widget-spacer{width:var(--container-widget-width,var(--spacer-size));--align-self:var(--container-widget-align-self,initial);--flex-shrink:0}.e-con-inner>.elementor-widget-spacer>.elementor-widget-container,.e-con>.elementor-widget-spacer>.elementor-widget-container{height:100%;width:100%}.e-con-inner>.elementor-widget-spacer>.elementor-widget-container>.elementor-spacer,.e-con>.elementor-widget-spacer>.elementor-widget-container>.elementor-spacer{height:100%}.e-con-inner>.elementor-widget-spacer>.elementor-widget-container>.elementor-spacer>.elementor-spacer-inner,.e-con>.elementor-widget-spacer>.elementor-widget-container>.elementor-spacer>.elementor-spacer-inner{height:var(--container-widget-height,var(--spacer-size))}.e-con-inner>.elementor-widget-spacer.elementor-widget-empty,.e-con>.elementor-widget-spacer.elementor-widget-empty{position:relative;min-height:22px;min-width:22px}.e-con-inner>.elementor-widget-spacer.elementor-widget-empty .elementor-widget-empty-icon,.e-con>.elementor-widget-spacer.elementor-widget-empty .elementor-widget-empty-icon{position:absolute;top:0;bottom:0;left:0;right:0;margin:auto;padding:0;width:22px;height:22px}<\/style>\t\t<div class=\"elementor-spacer\">\n\t\t\t<div class=\"elementor-spacer-inner\"><\/div>\n\t\t<\/div>\n\t\t\t\t<\/div>\n\t\t\t\t<\/div>\n\t\t\t\t<div class=\"elementor-element elementor-element-5c84a1a1 elementor-widget elementor-widget-text-editor\" data-id=\"5c84a1a1\" data-element_type=\"widget\" data-widget_type=\"text-editor.default\">\n\t\t\t\t<div class=\"elementor-widget-container\">\n\t\t\t\t\t\t\t<h3>2 amplias bolsas delanteras.<\/h3>\t\t\t\t\t\t<\/div>\n\t\t\t\t<\/div>\n\t\t\t\t<\/div>\n\t\t\t\t\t<\/div>\n\t\t\t\t<\/div>\n\t\t<div class=\"elementor-element elementor-element-18946912 e-flex e-con-boxed e-con e-parent\" data-id=\"18946912\" data-element_type=\"container\" data-core-v316-plus=\"true\">\n\t\t\t\t\t<div class=\"e-con-inner\">\n\t\t<div class=\"elementor-element elementor-element-5e1d7f3b e-con-full e-flex e-con e-child\" data-id=\"5e1d7f3b\" data-element_type=\"container\">\n\t\t\t\t<div class=\"elementor-element elementor-element-1720299a elementor-widget elementor-widget-image\" data-id=\"1720299a\" data-element_type=\"widget\" data-widget_type=\"image.default\">\n\t\t\t\t<div class=\"elementor-widget-container\">\n\t\t\t\t\t\t\t\t\t\t\t\t\t<img decoding=\"async\" width=\"172\" height=\"458\" src=\"https:\/\/instamedic.mx\/wp-content\/uploads\/2023\/09\/Pantalon-blanco-ev-120.jpg\" class=\"attachment-large size-large wp-image-22971\" alt=\"\" \/>\t\t\t\t\t\t\t\t\t\t\t\t\t<\/div>\n\t\t\t\t<\/div>\n\t\t\t\t<div class=\"elementor-element elementor-element-79745c24 elementor-absolute elementor-hidden-tablet_extra elementor-hidden-tablet elementor-hidden-mobile_extra elementor-hidden-mobile elementor-align-center elementor-widget elementor-widget-tm-separator\" data-id=\"79745c24\" data-element_type=\"widget\" data-settings=\"{&quot;_position&quot;:&quot;absolute&quot;}\" data-widget_type=\"tm-separator.default\">\n\t\t\t\t<div class=\"elementor-widget-container\">\n\t\t\t\t\t<div class=\"tm-separator horizontal-line\">\n\t\t\t\t\t\t<div class=\"inner\"><\/div>\n\t\t<\/div>\n\t\t\t\t<\/div>\n\t\t\t\t<\/div>\n\t\t\t\t<\/div>\n\t\t<div class=\"elementor-element elementor-element-6e9c8616 e-con-full e-flex e-con e-child\" data-id=\"6e9c8616\" data-element_type=\"container\">\n\t\t\t\t<div class=\"elementor-element elementor-element-56303b73 elementor-widget elementor-widget-heading\" data-id=\"56303b73\" data-element_type=\"widget\" data-widget_type=\"heading.default\">\n\t\t\t\t<div class=\"elementor-widget-container\">\n\t\t\t<h2 class=\"elementor-heading-title elementor-size-default\">Dise\u00f1o del pantal\u00f3n<\/h2>\t\t<\/div>\n\t\t\t\t<\/div>\n\t\t\t\t<div class=\"elementor-element elementor-element-70c923c4 elementor-widget elementor-widget-text-editor\" data-id=\"70c923c4\" data-element_type=\"widget\" data-widget_type=\"text-editor.default\">\n\t\t\t\t<div class=\"elementor-widget-container\">\n\t\t\t\t\t\t\t<h3>Pretina amplia<\/h3><p>Pantal\u00f3n recto azul rey con corte moderno con silueta muy femenina, es el m\u00e1s c\u00f3modo por su pretina ancha en la parte de la cintura.<\/p><h3>Bolsas laterales<\/h3><p>Sus amplias bolsas laterales de cargo facilitan llevar contigo tu instrumental.\u00a0<\/p><h2>Bolsas traseras<\/h2><div>El pantal\u00f3n tiene dos bolsas traseras las cuales ayudan enormemente para traer contigo notas<\/div><div>\u00a0<\/div><p>Es el pantal\u00f3n m\u00e1s c\u00f3modo y bonito del mercado, un gran diferenciador y de los m\u00e1s queridos y reconocidos por los profesionales.<\/p>\t\t\t\t\t\t<\/div>\n\t\t\t\t<\/div>\n\t\t\t\t<div class=\"elementor-element elementor-element-61683938 elementor-widget elementor-widget-spacer\" data-id=\"61683938\" data-element_type=\"widget\" data-widget_type=\"spacer.default\">\n\t\t\t\t<div class=\"elementor-widget-container\">\n\t\t\t\t\t<div class=\"elementor-spacer\">\n\t\t\t<div class=\"elementor-spacer-inner\"><\/div>\n\t\t<\/div>\n\t\t\t\t<\/div>\n\t\t\t\t<\/div>\n\t\t\t\t<\/div>\n\t\t\t\t\t<\/div>\n\t\t\t\t<\/div>\n\t\t\t\t<\/div>","protected":false},"excerpt":{"rendered":"<h2 id=\"title\" class=\"a-size-large a-spacing-none a-color-secondary\"><span id=\"productTitle\" class=\"a-size-large product-title-word-break\">EV-30 CONJUNTO UNIFORME M\u00c9DICO QUIR\u00daRGICO REPELENTE BLANCO<\/span><\/h2>\n<p class=\"a-size-large a-spacing-none a-color-secondary\"><span id=\"productTitle\" class=\"a-size-large product-title-word-break\">Protecci\u00f3n para el profesional de la salud TELA STRETCH FLEX-DRY-DYNAMIC .<\/span><\/p>\n<p class=\"a-size-large a-spacing-none a-color-secondary\">Conjunto de pantal\u00f3n y filipina de\u00a0manga corta con hermoso detalle de Cierre en el cuello, con 2 amplias bolsas delanteras.<\/p>\n<p>La composici\u00f3n textil de esta filipina es 96% Poli\u00e9ster y 4% Elast\u00e1no para que ambos materiales creen una prenda muy c\u00f3moda y duradera.<\/p>","protected":false},"featured_media":21929,"comment_status":"open","ping_status":"closed","template":"","meta":[],"wpc-collection":[],"product_brand":[657],"product_cat":[158,167,398],"product_tag":[161,409,243,244,399,160],"yoast_head":"<!-- This site is optimized with the Yoast SEO Premium plugin v22.3 (Yoast SEO v22.4) - https:\/\/yoast.com\/wordpress\/plugins\/seo\/ -->\n<title>Uniforme quir\u00fargico repelente blanco para dama | Instamedic<\/title>\n<meta name=\"robots\" content=\"index, follow, max-snippet:-1, max-image-preview:large, max-video-preview:-1\" \/>\n<link rel=\"canonical\" href=\"https:\/\/instamedic.mx\/en\/tienda-medica\/uniformes\/quirurgicos-uniformes\/uniforme-quirurgico-repelente\/uniforme-quirurgico-repelente-blanco-para-dama\/\" \/>\n<meta property=\"og:locale\" content=\"en_US\" \/>\n<meta property=\"og:type\" content=\"article\" \/>\n<meta property=\"og:title\" content=\"Uniforme quir\u00fargico repelente blanco para dama\" \/>\n<meta property=\"og:description\" content=\"EV-30 CONJUNTO UNIFORME M\u00c9DICO QUIR\u00daRGICO REPELENTE BLANCO Protecci\u00f3n para el profesional de la salud TELA STRETCH FLEX-DRY-DYNAMIC . Conjunto de pantal\u00f3n y filipina de\u00a0manga corta con hermoso detalle de Cierre en el cuello, con 2 amplias bolsas delanteras. La composici\u00f3n textil de esta filipina es 96% Poli\u00e9ster y 4% Elast\u00e1no para que ambos materiales creen una prenda muy c\u00f3moda y duradera.\" \/>\n<meta property=\"og:url\" content=\"https:\/\/instamedic.mx\/en\/tienda-medica\/uniformes\/quirurgicos-uniformes\/uniforme-quirurgico-repelente\/uniforme-quirurgico-repelente-blanco-para-dama\/\" \/>\n<meta property=\"og:site_name\" content=\"Instamedic\" \/>\n<meta property=\"article:publisher\" content=\"https:\/\/www.facebook.com\/instamedicmx\" \/>\n<meta property=\"article:modified_time\" content=\"2024-03-14T18:48:09+00:00\" \/>\n<meta property=\"og:image\" content=\"https:\/\/instamedic.mx\/wp-content\/uploads\/2023\/09\/Uniforme-quirurgico-clasico-para-dama-blanco.webp\" \/>\n\t<meta property=\"og:image:width\" content=\"554\" \/>\n\t<meta property=\"og:image:height\" content=\"1137\" \/>\n\t<meta property=\"og:image:type\" content=\"image\/webp\" \/>\n<meta name=\"twitter:card\" content=\"summary_large_image\" \/>\n<meta name=\"twitter:label1\" content=\"Est. reading time\" \/>\n\t<meta name=\"twitter:data1\" content=\"2 minutes\" \/>\n<script type=\"application\/ld+json\" class=\"yoast-schema-graph\">{\"@context\":\"https:\/\/schema.org\",\"@graph\":[{\"@type\":\"WebPage\",\"@id\":\"https:\/\/instamedic.mx\/tienda-medica\/uniformes\/quirurgicos-uniformes\/uniforme-quirurgico-repelente\/uniforme-quirurgico-repelente-blanco-para-dama\/\",\"url\":\"https:\/\/instamedic.mx\/tienda-medica\/uniformes\/quirurgicos-uniformes\/uniforme-quirurgico-repelente\/uniforme-quirurgico-repelente-blanco-para-dama\/\",\"name\":\"Uniforme quir\u00fargico repelente blanco para dama | Instamedic\",\"isPartOf\":{\"@id\":\"https:\/\/instamedic.mx\/#website\"},\"primaryImageOfPage\":{\"@id\":\"https:\/\/instamedic.mx\/tienda-medica\/uniformes\/quirurgicos-uniformes\/uniforme-quirurgico-repelente\/uniforme-quirurgico-repelente-blanco-para-dama\/#primaryimage\"},\"image\":{\"@id\":\"https:\/\/instamedic.mx\/tienda-medica\/uniformes\/quirurgicos-uniformes\/uniforme-quirurgico-repelente\/uniforme-quirurgico-repelente-blanco-para-dama\/#primaryimage\"},\"thumbnailUrl\":\"https:\/\/instamedic.mx\/wp-content\/uploads\/2023\/09\/Uniforme-quirurgico-clasico-para-dama-blanco.webp\",\"datePublished\":\"2023-09-19T01:10:53+00:00\",\"dateModified\":\"2024-03-14T18:48:09+00:00\",\"breadcrumb\":{\"@id\":\"https:\/\/instamedic.mx\/tienda-medica\/uniformes\/quirurgicos-uniformes\/uniforme-quirurgico-repelente\/uniforme-quirurgico-repelente-blanco-para-dama\/#breadcrumb\"},\"inLanguage\":\"en-US\",\"potentialAction\":[{\"@type\":\"ReadAction\",\"target\":[\"https:\/\/instamedic.mx\/tienda-medica\/uniformes\/quirurgicos-uniformes\/uniforme-quirurgico-repelente\/uniforme-quirurgico-repelente-blanco-para-dama\/\"]}]},{\"@type\":\"ImageObject\",\"inLanguage\":\"en-US\",\"@id\":\"https:\/\/instamedic.mx\/tienda-medica\/uniformes\/quirurgicos-uniformes\/uniforme-quirurgico-repelente\/uniforme-quirurgico-repelente-blanco-para-dama\/#primaryimage\",\"url\":\"https:\/\/instamedic.mx\/wp-content\/uploads\/2023\/09\/Uniforme-quirurgico-clasico-para-dama-blanco.webp\",\"contentUrl\":\"https:\/\/instamedic.mx\/wp-content\/uploads\/2023\/09\/Uniforme-quirurgico-clasico-para-dama-blanco.webp\",\"width\":554,\"height\":1137,\"caption\":\"Traje quir\u00fargico clasico para dama blanco\"},{\"@type\":\"BreadcrumbList\",\"@id\":\"https:\/\/instamedic.mx\/tienda-medica\/uniformes\/quirurgicos-uniformes\/uniforme-quirurgico-repelente\/uniforme-quirurgico-repelente-blanco-para-dama\/#breadcrumb\",\"itemListElement\":[{\"@type\":\"ListItem\",\"position\":1,\"name\":\"Inicio\",\"item\":\"https:\/\/instamedic.mx\/\"},{\"@type\":\"ListItem\",\"position\":2,\"name\":\"Tienda m\u00e9dica\",\"item\":\"https:\/\/instamedic.mx\/tienda-medica\/\"},{\"@type\":\"ListItem\",\"position\":3,\"name\":\"Uniforme quir\u00fargico repelente blanco para dama\"}]},{\"@type\":\"WebSite\",\"@id\":\"https:\/\/instamedic.mx\/#website\",\"url\":\"https:\/\/instamedic.mx\/\",\"name\":\"INSTAMEDIC\",\"description\":\"Venta de equipo m\u00e9dico, instrumental y uniformes quirpurgicos\",\"publisher\":{\"@id\":\"https:\/\/instamedic.mx\/#organization\"},\"potentialAction\":[{\"@type\":\"SearchAction\",\"target\":{\"@type\":\"EntryPoint\",\"urlTemplate\":\"https:\/\/instamedic.mx\/?s={search_term_string}\"},\"query-input\":\"required name=search_term_string\"}],\"inLanguage\":\"en-US\"},{\"@type\":\"Organization\",\"@id\":\"https:\/\/instamedic.mx\/#organization\",\"name\":\"INSTAMEDIC\",\"url\":\"https:\/\/instamedic.mx\/\",\"logo\":{\"@type\":\"ImageObject\",\"inLanguage\":\"en-US\",\"@id\":\"https:\/\/instamedic.mx\/#\/schema\/logo\/image\/\",\"url\":\"https:\/\/instamedic.mx\/wp-content\/uploads\/2024\/02\/Logo-instamedic.png\",\"contentUrl\":\"https:\/\/instamedic.mx\/wp-content\/uploads\/2024\/02\/Logo-instamedic.png\",\"width\":500,\"height\":500,\"caption\":\"INSTAMEDIC\"},\"image\":{\"@id\":\"https:\/\/instamedic.mx\/#\/schema\/logo\/image\/\"},\"sameAs\":[\"https:\/\/www.facebook.com\/instamedicmx\",\"https:\/\/www.instagram.com\/instamedic_mx\/\"],\"email\":\"info@instamedic.mx\",\"telephone\":\"8713426247\"}]}<\/script>\n<!-- \/ Yoast SEO Premium plugin. -->","yoast_head_json":{"title":"Uniforme quir\u00fargico repelente blanco para dama | Instamedic","robots":{"index":"index","follow":"follow","max-snippet":"max-snippet:-1","max-image-preview":"max-image-preview:large","max-video-preview":"max-video-preview:-1"},"canonical":"https:\/\/instamedic.mx\/en\/tienda-medica\/uniformes\/quirurgicos-uniformes\/uniforme-quirurgico-repelente\/uniforme-quirurgico-repelente-blanco-para-dama\/","og_locale":"en_US","og_type":"article","og_title":"Uniforme quir\u00fargico repelente blanco para dama","og_description":"EV-30 CONJUNTO UNIFORME M\u00c9DICO QUIR\u00daRGICO REPELENTE BLANCO Protecci\u00f3n para el profesional de la salud TELA STRETCH FLEX-DRY-DYNAMIC . Conjunto de pantal\u00f3n y filipina de\u00a0manga corta con hermoso detalle de Cierre en el cuello, con 2 amplias bolsas delanteras. La composici\u00f3n textil de esta filipina es 96% Poli\u00e9ster y 4% Elast\u00e1no para que ambos materiales creen una prenda muy c\u00f3moda y duradera.","og_url":"https:\/\/instamedic.mx\/en\/tienda-medica\/uniformes\/quirurgicos-uniformes\/uniforme-quirurgico-repelente\/uniforme-quirurgico-repelente-blanco-para-dama\/","og_site_name":"Instamedic","article_publisher":"https:\/\/www.facebook.com\/instamedicmx","article_modified_time":"2024-03-14T18:48:09+00:00","og_image":[{"width":554,"height":1137,"url":"https:\/\/instamedic.mx\/wp-content\/uploads\/2023\/09\/Uniforme-quirurgico-clasico-para-dama-blanco.webp","type":"image\/webp"}],"twitter_card":"summary_large_image","twitter_misc":{"Est. reading time":"2 minutes"},"schema":{"@context":"https:\/\/schema.org","@graph":[{"@type":"WebPage","@id":"https:\/\/instamedic.mx\/tienda-medica\/uniformes\/quirurgicos-uniformes\/uniforme-quirurgico-repelente\/uniforme-quirurgico-repelente-blanco-para-dama\/","url":"https:\/\/instamedic.mx\/tienda-medica\/uniformes\/quirurgicos-uniformes\/uniforme-quirurgico-repelente\/uniforme-quirurgico-repelente-blanco-para-dama\/","name":"Uniforme quir\u00fargico repelente blanco para dama | Instamedic","isPartOf":{"@id":"https:\/\/instamedic.mx\/#website"},"primaryImageOfPage":{"@id":"https:\/\/instamedic.mx\/tienda-medica\/uniformes\/quirurgicos-uniformes\/uniforme-quirurgico-repelente\/uniforme-quirurgico-repelente-blanco-para-dama\/#primaryimage"},"image":{"@id":"https:\/\/instamedic.mx\/tienda-medica\/uniformes\/quirurgicos-uniformes\/uniforme-quirurgico-repelente\/uniforme-quirurgico-repelente-blanco-para-dama\/#primaryimage"},"thumbnailUrl":"https:\/\/instamedic.mx\/wp-content\/uploads\/2023\/09\/Uniforme-quirurgico-clasico-para-dama-blanco.webp","datePublished":"2023-09-19T01:10:53+00:00","dateModified":"2024-03-14T18:48:09+00:00","breadcrumb":{"@id":"https:\/\/instamedic.mx\/tienda-medica\/uniformes\/quirurgicos-uniformes\/uniforme-quirurgico-repelente\/uniforme-quirurgico-repelente-blanco-para-dama\/#breadcrumb"},"inLanguage":"en-US","potentialAction":[{"@type":"ReadAction","target":["https:\/\/instamedic.mx\/tienda-medica\/uniformes\/quirurgicos-uniformes\/uniforme-quirurgico-repelente\/uniforme-quirurgico-repelente-blanco-para-dama\/"]}]},{"@type":"ImageObject","inLanguage":"en-US","@id":"https:\/\/instamedic.mx\/tienda-medica\/uniformes\/quirurgicos-uniformes\/uniforme-quirurgico-repelente\/uniforme-quirurgico-repelente-blanco-para-dama\/#primaryimage","url":"https:\/\/instamedic.mx\/wp-content\/uploads\/2023\/09\/Uniforme-quirurgico-clasico-para-dama-blanco.webp","contentUrl":"https:\/\/instamedic.mx\/wp-content\/uploads\/2023\/09\/Uniforme-quirurgico-clasico-para-dama-blanco.webp","width":554,"height":1137,"caption":"Traje quir\u00fargico clasico para dama blanco"},{"@type":"BreadcrumbList","@id":"https:\/\/instamedic.mx\/tienda-medica\/uniformes\/quirurgicos-uniformes\/uniforme-quirurgico-repelente\/uniforme-quirurgico-repelente-blanco-para-dama\/#breadcrumb","itemListElement":[{"@type":"ListItem","position":1,"name":"Inicio","item":"https:\/\/instamedic.mx\/"},{"@type":"ListItem","position":2,"name":"Tienda m\u00e9dica","item":"https:\/\/instamedic.mx\/tienda-medica\/"},{"@type":"ListItem","position":3,"name":"Uniforme quir\u00fargico repelente blanco para dama"}]},{"@type":"WebSite","@id":"https:\/\/instamedic.mx\/#website","url":"https:\/\/instamedic.mx\/","name":"INSTAMEDIC","description":"Venta de equipo m\u00e9dico, instrumental y uniformes quirpurgicos","publisher":{"@id":"https:\/\/instamedic.mx\/#organization"},"potentialAction":[{"@type":"SearchAction","target":{"@type":"EntryPoint","urlTemplate":"https:\/\/instamedic.mx\/?s={search_term_string}"},"query-input":"required name=search_term_string"}],"inLanguage":"en-US"},{"@type":"Organization","@id":"https:\/\/instamedic.mx\/#organization","name":"INSTAMEDIC","url":"https:\/\/instamedic.mx\/","logo":{"@type":"ImageObject","inLanguage":"en-US","@id":"https:\/\/instamedic.mx\/#\/schema\/logo\/image\/","url":"https:\/\/instamedic.mx\/wp-content\/uploads\/2024\/02\/Logo-instamedic.png","contentUrl":"https:\/\/instamedic.mx\/wp-content\/uploads\/2024\/02\/Logo-instamedic.png","width":500,"height":500,"caption":"INSTAMEDIC"},"image":{"@id":"https:\/\/instamedic.mx\/#\/schema\/logo\/image\/"},"sameAs":["https:\/\/www.facebook.com\/instamedicmx","https:\/\/www.instagram.com\/instamedic_mx\/"],"email":"info@instamedic.mx","telephone":"8713426247"}]}},"jetpack_sharing_enabled":true,"_links":{"self":[{"href":"https:\/\/instamedic.mx\/en\/wp-json\/wp\/v2\/product\/21792"}],"collection":[{"href":"https:\/\/instamedic.mx\/en\/wp-json\/wp\/v2\/product"}],"about":[{"href":"https:\/\/instamedic.mx\/en\/wp-json\/wp\/v2\/types\/product"}],"replies":[{"embeddable":true,"href":"https:\/\/instamedic.mx\/en\/wp-json\/wp\/v2\/comments?post=21792"}],"version-history":[{"count":12,"href":"https:\/\/instamedic.mx\/en\/wp-json\/wp\/v2\/product\/21792\/revisions"}],"predecessor-version":[{"id":22981,"href":"https:\/\/instamedic.mx\/en\/wp-json\/wp\/v2\/product\/21792\/revisions\/22981"}],"wp:featuredmedia":[{"embeddable":true,"href":"https:\/\/instamedic.mx\/en\/wp-json\/wp\/v2\/media\/21929"}],"wp:attachment":[{"href":"https:\/\/instamedic.mx\/en\/wp-json\/wp\/v2\/media?parent=21792"}],"wp:term":[{"taxonomy":"wpc-collection","embeddable":true,"href":"https:\/\/instamedic.mx\/en\/wp-json\/wp\/v2\/wpc-collection?post=21792"},{"taxonomy":"product_brand","embeddable":true,"href":"https:\/\/instamedic.mx\/en\/wp-json\/wp\/v2\/product_brand?post=21792"},{"taxonomy":"product_cat","embeddable":true,"href":"https:\/\/instamedic.mx\/en\/wp-json\/wp\/v2\/product_cat?post=21792"},{"taxonomy":"product_tag","embeddable":true,"href":"https:\/\/instamedic.mx\/en\/wp-json\/wp\/v2\/product_tag?post=21792"}],"curies":[{"name":"wp","href":"https:\/\/api.w.org\/{rel}","templated":true}]}}