{"id":22153,"date":"2023-10-10T21:24:10","date_gmt":"2023-10-10T21:24:10","guid":{"rendered":"https:\/\/instamedic.mx\/?post_type=product&#038;p=22153"},"modified":"2023-10-10T21:24:11","modified_gmt":"2023-10-10T21:24:11","slug":"tanque-de-oxigeno-de-680-lts-con-accesorios-carro-para-traslado-sin-oxigeno","status":"publish","type":"product","link":"https:\/\/instamedic.mx\/en\/tienda-medica\/equipo-medico\/oxigenoterapia-e-inhaloterapia\/tanques-de-oxigeno\/tanque-de-oxigeno-de-680-lts-con-accesorios-carro-para-traslado-sin-oxigeno\/","title":{"rendered":"Tanque de ox\u00edgeno de 680 Lts, con accesorios, carro para traslado, (Sin ox\u00edgeno)"},"content":{"rendered":"<p>Este es un tanque de ox\u00edgeno port\u00e1til de 680L (SIN CARGA), que viene con un regulador, puntas nasales y un carro porta tanque. Cuenta con una lectura de caudales, un regulador ajustable y una entrada de v\u00e1lvula.<\/p>\n<p>Caracter\u00edsticas:<\/p>\n<ul>\n<li>Tanque de ox\u00edgeno (sin ox\u00edgeno) con capacidad de hasta 680 Lts. de aluminio<\/li>\n<li>Regulador desmontable<\/li>\n<li>Carro para transportar<\/li>\n<li>C\u00e1nulas nasales<\/li>\n<li>Capacidad 100% certificada<\/li>\n<li>Equipo para oxigenoterapia<\/li>\n<li>Alta seguridad con dispositivos<\/li>\n<li>Muy ligero y pr\u00e1ctico<\/li>\n<\/ul>\n<p>Nuestra misi\u00f3n es contribuir en el cuidado de la salud y bienestar, aportando productos de calidad mundial. Buscamos la satisfacci\u00f3n de nuestros clientes y proveedores, manteniendo relaciones a largo plazo. Estamos para apoyarte y otorgarte una experiencia de compra \u00fanica y memorable.<\/p>","protected":false},"excerpt":{"rendered":"<p>Este es un tanque de ox\u00edgeno port\u00e1til de 680L (SIN CARGA), que viene con un regulador, puntas nasales y un carro porta tanque. Cuenta con una lectura de caudales, un regulador ajustable y una entrada de v\u00e1lvula. Caracter\u00edsticas: Tanque de ox\u00edgeno (sin ox\u00edgeno) con capacidad de hasta 680 Lts. de aluminio Regulador desmontable Carro para transportar C\u00e1nulas nasales Capacidad 100% certificada Equipo para oxigenoterapia Alta seguridad con dispositivos Muy ligero y pr\u00e1ctico Nuestra misi\u00f3n es contribuir en el cuidado de la salud y bienestar, aportando productos de calidad mundial. Buscamos la satisfacci\u00f3n de nuestros clientes y proveedores, manteniendo relaciones a largo plazo. Estamos para apoyarte y otorgarte una experiencia de compra \u00fanica y memorable.<\/p>","protected":false},"featured_media":22155,"comment_status":"open","ping_status":"closed","template":"","meta":[],"wpc-collection":[],"product_brand":[671],"product_cat":[668],"product_tag":[670,669],"yoast_head":"<!-- This site is optimized with the Yoast SEO Premium plugin v22.3 (Yoast SEO v22.4) - https:\/\/yoast.com\/wordpress\/plugins\/seo\/ -->\n<title>Tanque de ox\u00edgeno de 680 Lts, con accesorios mejores precios<\/title>\n<meta name=\"robots\" content=\"index, follow, max-snippet:-1, max-image-preview:large, max-video-preview:-1\" \/>\n<link rel=\"canonical\" href=\"https:\/\/instamedic.mx\/en\/tienda-medica\/equipo-medico\/oxigenoterapia-e-inhaloterapia\/tanques-de-oxigeno\/tanque-de-oxigeno-de-680-lts-con-accesorios-carro-para-traslado-sin-oxigeno\/\" \/>\n<meta property=\"og:locale\" content=\"en_US\" \/>\n<meta property=\"og:type\" content=\"article\" \/>\n<meta property=\"og:title\" content=\"Tanque de ox\u00edgeno de 680 Lts, con accesorios, carro para traslado, (Sin ox\u00edgeno)\" \/>\n<meta property=\"og:description\" content=\"Este es un tanque de ox\u00edgeno port\u00e1til de 680L (SIN CARGA), que viene con un regulador, puntas nasales y un carro porta tanque. Cuenta con una lectura de caudales, un regulador ajustable y una entrada de v\u00e1lvula. Caracter\u00edsticas: Tanque de ox\u00edgeno (sin ox\u00edgeno) con capacidad de hasta 680 Lts. de aluminio Regulador desmontable Carro para transportar C\u00e1nulas nasales Capacidad 100% certificada Equipo para oxigenoterapia Alta seguridad con dispositivos Muy ligero y pr\u00e1ctico Nuestra misi\u00f3n es contribuir en el cuidado de la salud y bienestar, aportando productos de calidad mundial. Buscamos la satisfacci\u00f3n de nuestros clientes y proveedores, manteniendo relaciones a largo plazo. Estamos para apoyarte y otorgarte una experiencia de compra \u00fanica y memorable.\" \/>\n<meta property=\"og:url\" content=\"https:\/\/instamedic.mx\/en\/tienda-medica\/equipo-medico\/oxigenoterapia-e-inhaloterapia\/tanques-de-oxigeno\/tanque-de-oxigeno-de-680-lts-con-accesorios-carro-para-traslado-sin-oxigeno\/\" \/>\n<meta property=\"og:site_name\" content=\"Instamedic\" \/>\n<meta property=\"article:publisher\" content=\"https:\/\/www.facebook.com\/instamedicmx\" \/>\n<meta property=\"article:modified_time\" content=\"2023-10-10T21:24:11+00:00\" \/>\n<meta property=\"og:image\" content=\"https:\/\/instamedic.mx\/wp-content\/uploads\/2023\/10\/Tanque-de-oxigeno-624.webp\" \/>\n\t<meta property=\"og:image:width\" content=\"800\" \/>\n\t<meta property=\"og:image:height\" content=\"800\" \/>\n\t<meta property=\"og:image:type\" content=\"image\/webp\" \/>\n<meta name=\"twitter:card\" content=\"summary_large_image\" \/>\n<meta name=\"twitter:label1\" content=\"Est. reading time\" \/>\n\t<meta name=\"twitter:data1\" content=\"1 minute\" \/>\n<script type=\"application\/ld+json\" class=\"yoast-schema-graph\">{\"@context\":\"https:\/\/schema.org\",\"@graph\":[{\"@type\":\"WebPage\",\"@id\":\"https:\/\/instamedic.mx\/tienda-medica\/equipo-medico\/oxigenoterapia-e-inhaloterapia\/tanques-de-oxigeno\/tanque-de-oxigeno-de-680-lts-con-accesorios-carro-para-traslado-sin-oxigeno\/\",\"url\":\"https:\/\/instamedic.mx\/tienda-medica\/equipo-medico\/oxigenoterapia-e-inhaloterapia\/tanques-de-oxigeno\/tanque-de-oxigeno-de-680-lts-con-accesorios-carro-para-traslado-sin-oxigeno\/\",\"name\":\"Tanque de ox\u00edgeno de 680 Lts, con accesorios mejores precios\",\"isPartOf\":{\"@id\":\"https:\/\/instamedic.mx\/#website\"},\"primaryImageOfPage\":{\"@id\":\"https:\/\/instamedic.mx\/tienda-medica\/equipo-medico\/oxigenoterapia-e-inhaloterapia\/tanques-de-oxigeno\/tanque-de-oxigeno-de-680-lts-con-accesorios-carro-para-traslado-sin-oxigeno\/#primaryimage\"},\"image\":{\"@id\":\"https:\/\/instamedic.mx\/tienda-medica\/equipo-medico\/oxigenoterapia-e-inhaloterapia\/tanques-de-oxigeno\/tanque-de-oxigeno-de-680-lts-con-accesorios-carro-para-traslado-sin-oxigeno\/#primaryimage\"},\"thumbnailUrl\":\"https:\/\/instamedic.mx\/wp-content\/uploads\/2023\/10\/Tanque-de-oxigeno-624.webp\",\"datePublished\":\"2023-10-10T21:24:10+00:00\",\"dateModified\":\"2023-10-10T21:24:11+00:00\",\"breadcrumb\":{\"@id\":\"https:\/\/instamedic.mx\/tienda-medica\/equipo-medico\/oxigenoterapia-e-inhaloterapia\/tanques-de-oxigeno\/tanque-de-oxigeno-de-680-lts-con-accesorios-carro-para-traslado-sin-oxigeno\/#breadcrumb\"},\"inLanguage\":\"en-US\",\"potentialAction\":[{\"@type\":\"ReadAction\",\"target\":[\"https:\/\/instamedic.mx\/tienda-medica\/equipo-medico\/oxigenoterapia-e-inhaloterapia\/tanques-de-oxigeno\/tanque-de-oxigeno-de-680-lts-con-accesorios-carro-para-traslado-sin-oxigeno\/\"]}]},{\"@type\":\"ImageObject\",\"inLanguage\":\"en-US\",\"@id\":\"https:\/\/instamedic.mx\/tienda-medica\/equipo-medico\/oxigenoterapia-e-inhaloterapia\/tanques-de-oxigeno\/tanque-de-oxigeno-de-680-lts-con-accesorios-carro-para-traslado-sin-oxigeno\/#primaryimage\",\"url\":\"https:\/\/instamedic.mx\/wp-content\/uploads\/2023\/10\/Tanque-de-oxigeno-624.webp\",\"contentUrl\":\"https:\/\/instamedic.mx\/wp-content\/uploads\/2023\/10\/Tanque-de-oxigeno-624.webp\",\"width\":800,\"height\":800},{\"@type\":\"BreadcrumbList\",\"@id\":\"https:\/\/instamedic.mx\/tienda-medica\/equipo-medico\/oxigenoterapia-e-inhaloterapia\/tanques-de-oxigeno\/tanque-de-oxigeno-de-680-lts-con-accesorios-carro-para-traslado-sin-oxigeno\/#breadcrumb\",\"itemListElement\":[{\"@type\":\"ListItem\",\"position\":1,\"name\":\"Inicio\",\"item\":\"https:\/\/instamedic.mx\/\"},{\"@type\":\"ListItem\",\"position\":2,\"name\":\"Tienda m\u00e9dica\",\"item\":\"https:\/\/instamedic.mx\/tienda-medica\/\"},{\"@type\":\"ListItem\",\"position\":3,\"name\":\"Tanque de ox\u00edgeno de 680 Lts, con accesorios, carro para traslado, (Sin ox\u00edgeno)\"}]},{\"@type\":\"WebSite\",\"@id\":\"https:\/\/instamedic.mx\/#website\",\"url\":\"https:\/\/instamedic.mx\/\",\"name\":\"INSTAMEDIC\",\"description\":\"Venta de equipo m\u00e9dico, instrumental y uniformes quirpurgicos\",\"publisher\":{\"@id\":\"https:\/\/instamedic.mx\/#organization\"},\"potentialAction\":[{\"@type\":\"SearchAction\",\"target\":{\"@type\":\"EntryPoint\",\"urlTemplate\":\"https:\/\/instamedic.mx\/?s={search_term_string}\"},\"query-input\":\"required name=search_term_string\"}],\"inLanguage\":\"en-US\"},{\"@type\":\"Organization\",\"@id\":\"https:\/\/instamedic.mx\/#organization\",\"name\":\"INSTAMEDIC\",\"url\":\"https:\/\/instamedic.mx\/\",\"logo\":{\"@type\":\"ImageObject\",\"inLanguage\":\"en-US\",\"@id\":\"https:\/\/instamedic.mx\/#\/schema\/logo\/image\/\",\"url\":\"https:\/\/instamedic.mx\/wp-content\/uploads\/2024\/02\/Logo-instamedic.png\",\"contentUrl\":\"https:\/\/instamedic.mx\/wp-content\/uploads\/2024\/02\/Logo-instamedic.png\",\"width\":500,\"height\":500,\"caption\":\"INSTAMEDIC\"},\"image\":{\"@id\":\"https:\/\/instamedic.mx\/#\/schema\/logo\/image\/\"},\"sameAs\":[\"https:\/\/www.facebook.com\/instamedicmx\",\"https:\/\/www.instagram.com\/instamedic_mx\/\"],\"email\":\"info@instamedic.mx\",\"telephone\":\"8713426247\"}]}<\/script>\n<!-- \/ Yoast SEO Premium plugin. -->","yoast_head_json":{"title":"Tanque de ox\u00edgeno de 680 Lts, con accesorios mejores precios","robots":{"index":"index","follow":"follow","max-snippet":"max-snippet:-1","max-image-preview":"max-image-preview:large","max-video-preview":"max-video-preview:-1"},"canonical":"https:\/\/instamedic.mx\/en\/tienda-medica\/equipo-medico\/oxigenoterapia-e-inhaloterapia\/tanques-de-oxigeno\/tanque-de-oxigeno-de-680-lts-con-accesorios-carro-para-traslado-sin-oxigeno\/","og_locale":"en_US","og_type":"article","og_title":"Tanque de ox\u00edgeno de 680 Lts, con accesorios, carro para traslado, (Sin ox\u00edgeno)","og_description":"Este es un tanque de ox\u00edgeno port\u00e1til de 680L (SIN CARGA), que viene con un regulador, puntas nasales y un carro porta tanque. Cuenta con una lectura de caudales, un regulador ajustable y una entrada de v\u00e1lvula. Caracter\u00edsticas: Tanque de ox\u00edgeno (sin ox\u00edgeno) con capacidad de hasta 680 Lts. de aluminio Regulador desmontable Carro para transportar C\u00e1nulas nasales Capacidad 100% certificada Equipo para oxigenoterapia Alta seguridad con dispositivos Muy ligero y pr\u00e1ctico Nuestra misi\u00f3n es contribuir en el cuidado de la salud y bienestar, aportando productos de calidad mundial. Buscamos la satisfacci\u00f3n de nuestros clientes y proveedores, manteniendo relaciones a largo plazo. Estamos para apoyarte y otorgarte una experiencia de compra \u00fanica y memorable.","og_url":"https:\/\/instamedic.mx\/en\/tienda-medica\/equipo-medico\/oxigenoterapia-e-inhaloterapia\/tanques-de-oxigeno\/tanque-de-oxigeno-de-680-lts-con-accesorios-carro-para-traslado-sin-oxigeno\/","og_site_name":"Instamedic","article_publisher":"https:\/\/www.facebook.com\/instamedicmx","article_modified_time":"2023-10-10T21:24:11+00:00","og_image":[{"width":800,"height":800,"url":"https:\/\/instamedic.mx\/wp-content\/uploads\/2023\/10\/Tanque-de-oxigeno-624.webp","type":"image\/webp"}],"twitter_card":"summary_large_image","twitter_misc":{"Est. reading time":"1 minute"},"schema":{"@context":"https:\/\/schema.org","@graph":[{"@type":"WebPage","@id":"https:\/\/instamedic.mx\/tienda-medica\/equipo-medico\/oxigenoterapia-e-inhaloterapia\/tanques-de-oxigeno\/tanque-de-oxigeno-de-680-lts-con-accesorios-carro-para-traslado-sin-oxigeno\/","url":"https:\/\/instamedic.mx\/tienda-medica\/equipo-medico\/oxigenoterapia-e-inhaloterapia\/tanques-de-oxigeno\/tanque-de-oxigeno-de-680-lts-con-accesorios-carro-para-traslado-sin-oxigeno\/","name":"Tanque de ox\u00edgeno de 680 Lts, con accesorios mejores precios","isPartOf":{"@id":"https:\/\/instamedic.mx\/#website"},"primaryImageOfPage":{"@id":"https:\/\/instamedic.mx\/tienda-medica\/equipo-medico\/oxigenoterapia-e-inhaloterapia\/tanques-de-oxigeno\/tanque-de-oxigeno-de-680-lts-con-accesorios-carro-para-traslado-sin-oxigeno\/#primaryimage"},"image":{"@id":"https:\/\/instamedic.mx\/tienda-medica\/equipo-medico\/oxigenoterapia-e-inhaloterapia\/tanques-de-oxigeno\/tanque-de-oxigeno-de-680-lts-con-accesorios-carro-para-traslado-sin-oxigeno\/#primaryimage"},"thumbnailUrl":"https:\/\/instamedic.mx\/wp-content\/uploads\/2023\/10\/Tanque-de-oxigeno-624.webp","datePublished":"2023-10-10T21:24:10+00:00","dateModified":"2023-10-10T21:24:11+00:00","breadcrumb":{"@id":"https:\/\/instamedic.mx\/tienda-medica\/equipo-medico\/oxigenoterapia-e-inhaloterapia\/tanques-de-oxigeno\/tanque-de-oxigeno-de-680-lts-con-accesorios-carro-para-traslado-sin-oxigeno\/#breadcrumb"},"inLanguage":"en-US","potentialAction":[{"@type":"ReadAction","target":["https:\/\/instamedic.mx\/tienda-medica\/equipo-medico\/oxigenoterapia-e-inhaloterapia\/tanques-de-oxigeno\/tanque-de-oxigeno-de-680-lts-con-accesorios-carro-para-traslado-sin-oxigeno\/"]}]},{"@type":"ImageObject","inLanguage":"en-US","@id":"https:\/\/instamedic.mx\/tienda-medica\/equipo-medico\/oxigenoterapia-e-inhaloterapia\/tanques-de-oxigeno\/tanque-de-oxigeno-de-680-lts-con-accesorios-carro-para-traslado-sin-oxigeno\/#primaryimage","url":"https:\/\/instamedic.mx\/wp-content\/uploads\/2023\/10\/Tanque-de-oxigeno-624.webp","contentUrl":"https:\/\/instamedic.mx\/wp-content\/uploads\/2023\/10\/Tanque-de-oxigeno-624.webp","width":800,"height":800},{"@type":"BreadcrumbList","@id":"https:\/\/instamedic.mx\/tienda-medica\/equipo-medico\/oxigenoterapia-e-inhaloterapia\/tanques-de-oxigeno\/tanque-de-oxigeno-de-680-lts-con-accesorios-carro-para-traslado-sin-oxigeno\/#breadcrumb","itemListElement":[{"@type":"ListItem","position":1,"name":"Inicio","item":"https:\/\/instamedic.mx\/"},{"@type":"ListItem","position":2,"name":"Tienda m\u00e9dica","item":"https:\/\/instamedic.mx\/tienda-medica\/"},{"@type":"ListItem","position":3,"name":"Tanque de ox\u00edgeno de 680 Lts, con accesorios, carro para traslado, (Sin ox\u00edgeno)"}]},{"@type":"WebSite","@id":"https:\/\/instamedic.mx\/#website","url":"https:\/\/instamedic.mx\/","name":"INSTAMEDIC","description":"Venta de equipo m\u00e9dico, instrumental y uniformes quirpurgicos","publisher":{"@id":"https:\/\/instamedic.mx\/#organization"},"potentialAction":[{"@type":"SearchAction","target":{"@type":"EntryPoint","urlTemplate":"https:\/\/instamedic.mx\/?s={search_term_string}"},"query-input":"required name=search_term_string"}],"inLanguage":"en-US"},{"@type":"Organization","@id":"https:\/\/instamedic.mx\/#organization","name":"INSTAMEDIC","url":"https:\/\/instamedic.mx\/","logo":{"@type":"ImageObject","inLanguage":"en-US","@id":"https:\/\/instamedic.mx\/#\/schema\/logo\/image\/","url":"https:\/\/instamedic.mx\/wp-content\/uploads\/2024\/02\/Logo-instamedic.png","contentUrl":"https:\/\/instamedic.mx\/wp-content\/uploads\/2024\/02\/Logo-instamedic.png","width":500,"height":500,"caption":"INSTAMEDIC"},"image":{"@id":"https:\/\/instamedic.mx\/#\/schema\/logo\/image\/"},"sameAs":["https:\/\/www.facebook.com\/instamedicmx","https:\/\/www.instagram.com\/instamedic_mx\/"],"email":"info@instamedic.mx","telephone":"8713426247"}]}},"jetpack_sharing_enabled":true,"_links":{"self":[{"href":"https:\/\/instamedic.mx\/en\/wp-json\/wp\/v2\/product\/22153"}],"collection":[{"href":"https:\/\/instamedic.mx\/en\/wp-json\/wp\/v2\/product"}],"about":[{"href":"https:\/\/instamedic.mx\/en\/wp-json\/wp\/v2\/types\/product"}],"replies":[{"embeddable":true,"href":"https:\/\/instamedic.mx\/en\/wp-json\/wp\/v2\/comments?post=22153"}],"version-history":[{"count":1,"href":"https:\/\/instamedic.mx\/en\/wp-json\/wp\/v2\/product\/22153\/revisions"}],"predecessor-version":[{"id":22158,"href":"https:\/\/instamedic.mx\/en\/wp-json\/wp\/v2\/product\/22153\/revisions\/22158"}],"wp:featuredmedia":[{"embeddable":true,"href":"https:\/\/instamedic.mx\/en\/wp-json\/wp\/v2\/media\/22155"}],"wp:attachment":[{"href":"https:\/\/instamedic.mx\/en\/wp-json\/wp\/v2\/media?parent=22153"}],"wp:term":[{"taxonomy":"wpc-collection","embeddable":true,"href":"https:\/\/instamedic.mx\/en\/wp-json\/wp\/v2\/wpc-collection?post=22153"},{"taxonomy":"product_brand","embeddable":true,"href":"https:\/\/instamedic.mx\/en\/wp-json\/wp\/v2\/product_brand?post=22153"},{"taxonomy":"product_cat","embeddable":true,"href":"https:\/\/instamedic.mx\/en\/wp-json\/wp\/v2\/product_cat?post=22153"},{"taxonomy":"product_tag","embeddable":true,"href":"https:\/\/instamedic.mx\/en\/wp-json\/wp\/v2\/product_tag?post=22153"}],"curies":[{"name":"wp","href":"https:\/\/api.w.org\/{rel}","templated":true}]}}