{"id":22193,"date":"2023-10-11T00:32:58","date_gmt":"2023-10-11T00:32:58","guid":{"rendered":"https:\/\/instamedic.mx\/?post_type=product&#038;p=22193"},"modified":"2023-10-11T00:34:13","modified_gmt":"2023-10-11T00:34:13","slug":"sonda-acanalada-14-cm","status":"publish","type":"product","link":"https:\/\/instamedic.mx\/en\/tienda-medica\/instrumental-medico\/agujas\/sonda-acanalada-14-cm\/","title":{"rendered":"Sonda acanalada 14 cm"},"content":{"rendered":"<p>La<strong>\u00a0Sonda Acanalada<\/strong>\u00a0es un\u00a0<a href=\"https:\/\/instamedic.mx\/en\/product-category\/instrumental-medico\/\">instrumento quir\u00fargico<\/a>\u00a0que no puede faltar en cirug\u00edas. La funci\u00f3n que desempe\u00f1a es la de separar los tejidos o nervios para que bien las tijeras o la hoja del bistur\u00ed que est\u00e9 utilizando el m\u00e9dico no toque ning\u00fan \u00f3rgano.<\/p>\n<p>Nuestras\u00a0<strong>sondas acanaladas<\/strong>\u00a0est\u00e1n fabricadas en acero inoxidable japon\u00e9s siendo este material resistente a la corrosi\u00f3n. Las Sondas Acanaladas son esterilizables en autoclave, siendo as\u00ed reutilizable y disponemos de la medida de\u00a0<strong>14 cent\u00edmetros.<\/strong><\/p>\n<p>Esta s<strong>onda acanalada<\/strong><strong>\u00a0<\/strong>es un instrumento indispensable en cirug\u00edas. De hecho, este material es utilizado para la realizaci\u00f3n de disecciones. Una vez introducida en la piel, su tarea es guiar las tijeras o la hoja del bistur\u00ed para evitar que ning\u00fan \u00f3rgano sea da\u00f1ado. Para utilizarla, hay que empezar por hacer una incisi\u00f3n en el bot\u00f3n. A continuaci\u00f3n, debe deslizarse la sonda y comenzar a cortar la piel siguiendo la sonda.<\/p>","protected":false},"excerpt":{"rendered":"<p>S<strong>onda acanalada<\/strong> instrumento indispensable en cirug\u00edas. hecho de acero inoxidable utilizado para la realizaci\u00f3n de disecciones. Una vez introducida en la piel, su tarea es guiar las tijeras o la hoja del bistur\u00ed para evitar que ning\u00fan \u00f3rgano sea da\u00f1ado. Para utilizarla, hay que empezar por hacer una incisi\u00f3n en el bot\u00f3n. A continuaci\u00f3n, debe deslizarse la sonda y comenzar a cortar la piel siguiendo la sonda.<\/p>","protected":false},"featured_media":22195,"comment_status":"open","ping_status":"closed","template":"","meta":[],"wpc-collection":[],"product_brand":[],"product_cat":[474],"product_tag":[479,102,674],"yoast_head":"<!-- This site is optimized with the Yoast SEO Premium plugin v22.3 (Yoast SEO v22.4) - https:\/\/yoast.com\/wordpress\/plugins\/seo\/ -->\n<title>Sonda acanalada 14 cm | Instamedic<\/title>\n<meta name=\"robots\" content=\"index, follow, max-snippet:-1, max-image-preview:large, max-video-preview:-1\" \/>\n<link rel=\"canonical\" href=\"https:\/\/instamedic.mx\/en\/tienda-medica\/instrumental-medico\/agujas\/sonda-acanalada-14-cm\/\" \/>\n<meta property=\"og:locale\" content=\"en_US\" \/>\n<meta property=\"og:type\" content=\"article\" \/>\n<meta property=\"og:title\" content=\"Sonda acanalada 14 cm\" \/>\n<meta property=\"og:description\" content=\"Sonda acanalada instrumento indispensable en cirug\u00edas. hecho de acero inoxidable utilizado para la realizaci\u00f3n de disecciones. Una vez introducida en la piel, su tarea es guiar las tijeras o la hoja del bistur\u00ed para evitar que ning\u00fan \u00f3rgano sea da\u00f1ado. Para utilizarla, hay que empezar por hacer una incisi\u00f3n en el bot\u00f3n. A continuaci\u00f3n, debe deslizarse la sonda y comenzar a cortar la piel siguiendo la sonda.\" \/>\n<meta property=\"og:url\" content=\"https:\/\/instamedic.mx\/en\/tienda-medica\/instrumental-medico\/agujas\/sonda-acanalada-14-cm\/\" \/>\n<meta property=\"og:site_name\" content=\"Instamedic\" \/>\n<meta property=\"article:publisher\" content=\"https:\/\/www.facebook.com\/instamedicmx\" \/>\n<meta property=\"article:modified_time\" content=\"2023-10-11T00:34:13+00:00\" \/>\n<meta property=\"og:image\" content=\"https:\/\/instamedic.mx\/wp-content\/uploads\/2023\/10\/Sonda-acanalada-14-cm-acero-inoxidable.webp\" \/>\n\t<meta property=\"og:image:width\" content=\"800\" \/>\n\t<meta property=\"og:image:height\" content=\"800\" \/>\n\t<meta property=\"og:image:type\" content=\"image\/webp\" \/>\n<meta name=\"twitter:card\" content=\"summary_large_image\" \/>\n<meta name=\"twitter:label1\" content=\"Est. reading time\" \/>\n\t<meta name=\"twitter:data1\" content=\"1 minute\" \/>\n<script type=\"application\/ld+json\" class=\"yoast-schema-graph\">{\"@context\":\"https:\/\/schema.org\",\"@graph\":[{\"@type\":\"WebPage\",\"@id\":\"https:\/\/instamedic.mx\/tienda-medica\/instrumental-medico\/agujas\/sonda-acanalada-14-cm\/\",\"url\":\"https:\/\/instamedic.mx\/tienda-medica\/instrumental-medico\/agujas\/sonda-acanalada-14-cm\/\",\"name\":\"Sonda acanalada 14 cm | Instamedic\",\"isPartOf\":{\"@id\":\"https:\/\/instamedic.mx\/#website\"},\"primaryImageOfPage\":{\"@id\":\"https:\/\/instamedic.mx\/tienda-medica\/instrumental-medico\/agujas\/sonda-acanalada-14-cm\/#primaryimage\"},\"image\":{\"@id\":\"https:\/\/instamedic.mx\/tienda-medica\/instrumental-medico\/agujas\/sonda-acanalada-14-cm\/#primaryimage\"},\"thumbnailUrl\":\"https:\/\/instamedic.mx\/wp-content\/uploads\/2023\/10\/Sonda-acanalada-14-cm-acero-inoxidable.webp\",\"datePublished\":\"2023-10-11T00:32:58+00:00\",\"dateModified\":\"2023-10-11T00:34:13+00:00\",\"breadcrumb\":{\"@id\":\"https:\/\/instamedic.mx\/tienda-medica\/instrumental-medico\/agujas\/sonda-acanalada-14-cm\/#breadcrumb\"},\"inLanguage\":\"en-US\",\"potentialAction\":[{\"@type\":\"ReadAction\",\"target\":[\"https:\/\/instamedic.mx\/tienda-medica\/instrumental-medico\/agujas\/sonda-acanalada-14-cm\/\"]}]},{\"@type\":\"ImageObject\",\"inLanguage\":\"en-US\",\"@id\":\"https:\/\/instamedic.mx\/tienda-medica\/instrumental-medico\/agujas\/sonda-acanalada-14-cm\/#primaryimage\",\"url\":\"https:\/\/instamedic.mx\/wp-content\/uploads\/2023\/10\/Sonda-acanalada-14-cm-acero-inoxidable.webp\",\"contentUrl\":\"https:\/\/instamedic.mx\/wp-content\/uploads\/2023\/10\/Sonda-acanalada-14-cm-acero-inoxidable.webp\",\"width\":800,\"height\":800},{\"@type\":\"BreadcrumbList\",\"@id\":\"https:\/\/instamedic.mx\/tienda-medica\/instrumental-medico\/agujas\/sonda-acanalada-14-cm\/#breadcrumb\",\"itemListElement\":[{\"@type\":\"ListItem\",\"position\":1,\"name\":\"Inicio\",\"item\":\"https:\/\/instamedic.mx\/\"},{\"@type\":\"ListItem\",\"position\":2,\"name\":\"Tienda m\u00e9dica\",\"item\":\"https:\/\/instamedic.mx\/tienda-medica\/\"},{\"@type\":\"ListItem\",\"position\":3,\"name\":\"Sonda acanalada 14 cm\"}]},{\"@type\":\"WebSite\",\"@id\":\"https:\/\/instamedic.mx\/#website\",\"url\":\"https:\/\/instamedic.mx\/\",\"name\":\"INSTAMEDIC\",\"description\":\"Venta de equipo m\u00e9dico, instrumental y uniformes quirpurgicos\",\"publisher\":{\"@id\":\"https:\/\/instamedic.mx\/#organization\"},\"potentialAction\":[{\"@type\":\"SearchAction\",\"target\":{\"@type\":\"EntryPoint\",\"urlTemplate\":\"https:\/\/instamedic.mx\/?s={search_term_string}\"},\"query-input\":\"required name=search_term_string\"}],\"inLanguage\":\"en-US\"},{\"@type\":\"Organization\",\"@id\":\"https:\/\/instamedic.mx\/#organization\",\"name\":\"INSTAMEDIC\",\"url\":\"https:\/\/instamedic.mx\/\",\"logo\":{\"@type\":\"ImageObject\",\"inLanguage\":\"en-US\",\"@id\":\"https:\/\/instamedic.mx\/#\/schema\/logo\/image\/\",\"url\":\"https:\/\/instamedic.mx\/wp-content\/uploads\/2024\/02\/Logo-instamedic.png\",\"contentUrl\":\"https:\/\/instamedic.mx\/wp-content\/uploads\/2024\/02\/Logo-instamedic.png\",\"width\":500,\"height\":500,\"caption\":\"INSTAMEDIC\"},\"image\":{\"@id\":\"https:\/\/instamedic.mx\/#\/schema\/logo\/image\/\"},\"sameAs\":[\"https:\/\/www.facebook.com\/instamedicmx\",\"https:\/\/www.instagram.com\/instamedic_mx\/\"],\"email\":\"info@instamedic.mx\",\"telephone\":\"8713426247\"}]}<\/script>\n<!-- \/ Yoast SEO Premium plugin. -->","yoast_head_json":{"title":"Sonda acanalada 14 cm | Instamedic","robots":{"index":"index","follow":"follow","max-snippet":"max-snippet:-1","max-image-preview":"max-image-preview:large","max-video-preview":"max-video-preview:-1"},"canonical":"https:\/\/instamedic.mx\/en\/tienda-medica\/instrumental-medico\/agujas\/sonda-acanalada-14-cm\/","og_locale":"en_US","og_type":"article","og_title":"Sonda acanalada 14 cm","og_description":"Sonda acanalada instrumento indispensable en cirug\u00edas. hecho de acero inoxidable utilizado para la realizaci\u00f3n de disecciones. Una vez introducida en la piel, su tarea es guiar las tijeras o la hoja del bistur\u00ed para evitar que ning\u00fan \u00f3rgano sea da\u00f1ado. Para utilizarla, hay que empezar por hacer una incisi\u00f3n en el bot\u00f3n. A continuaci\u00f3n, debe deslizarse la sonda y comenzar a cortar la piel siguiendo la sonda.","og_url":"https:\/\/instamedic.mx\/en\/tienda-medica\/instrumental-medico\/agujas\/sonda-acanalada-14-cm\/","og_site_name":"Instamedic","article_publisher":"https:\/\/www.facebook.com\/instamedicmx","article_modified_time":"2023-10-11T00:34:13+00:00","og_image":[{"width":800,"height":800,"url":"https:\/\/instamedic.mx\/wp-content\/uploads\/2023\/10\/Sonda-acanalada-14-cm-acero-inoxidable.webp","type":"image\/webp"}],"twitter_card":"summary_large_image","twitter_misc":{"Est. reading time":"1 minute"},"schema":{"@context":"https:\/\/schema.org","@graph":[{"@type":"WebPage","@id":"https:\/\/instamedic.mx\/tienda-medica\/instrumental-medico\/agujas\/sonda-acanalada-14-cm\/","url":"https:\/\/instamedic.mx\/tienda-medica\/instrumental-medico\/agujas\/sonda-acanalada-14-cm\/","name":"Sonda acanalada 14 cm | Instamedic","isPartOf":{"@id":"https:\/\/instamedic.mx\/#website"},"primaryImageOfPage":{"@id":"https:\/\/instamedic.mx\/tienda-medica\/instrumental-medico\/agujas\/sonda-acanalada-14-cm\/#primaryimage"},"image":{"@id":"https:\/\/instamedic.mx\/tienda-medica\/instrumental-medico\/agujas\/sonda-acanalada-14-cm\/#primaryimage"},"thumbnailUrl":"https:\/\/instamedic.mx\/wp-content\/uploads\/2023\/10\/Sonda-acanalada-14-cm-acero-inoxidable.webp","datePublished":"2023-10-11T00:32:58+00:00","dateModified":"2023-10-11T00:34:13+00:00","breadcrumb":{"@id":"https:\/\/instamedic.mx\/tienda-medica\/instrumental-medico\/agujas\/sonda-acanalada-14-cm\/#breadcrumb"},"inLanguage":"en-US","potentialAction":[{"@type":"ReadAction","target":["https:\/\/instamedic.mx\/tienda-medica\/instrumental-medico\/agujas\/sonda-acanalada-14-cm\/"]}]},{"@type":"ImageObject","inLanguage":"en-US","@id":"https:\/\/instamedic.mx\/tienda-medica\/instrumental-medico\/agujas\/sonda-acanalada-14-cm\/#primaryimage","url":"https:\/\/instamedic.mx\/wp-content\/uploads\/2023\/10\/Sonda-acanalada-14-cm-acero-inoxidable.webp","contentUrl":"https:\/\/instamedic.mx\/wp-content\/uploads\/2023\/10\/Sonda-acanalada-14-cm-acero-inoxidable.webp","width":800,"height":800},{"@type":"BreadcrumbList","@id":"https:\/\/instamedic.mx\/tienda-medica\/instrumental-medico\/agujas\/sonda-acanalada-14-cm\/#breadcrumb","itemListElement":[{"@type":"ListItem","position":1,"name":"Inicio","item":"https:\/\/instamedic.mx\/"},{"@type":"ListItem","position":2,"name":"Tienda m\u00e9dica","item":"https:\/\/instamedic.mx\/tienda-medica\/"},{"@type":"ListItem","position":3,"name":"Sonda acanalada 14 cm"}]},{"@type":"WebSite","@id":"https:\/\/instamedic.mx\/#website","url":"https:\/\/instamedic.mx\/","name":"INSTAMEDIC","description":"Venta de equipo m\u00e9dico, instrumental y uniformes quirpurgicos","publisher":{"@id":"https:\/\/instamedic.mx\/#organization"},"potentialAction":[{"@type":"SearchAction","target":{"@type":"EntryPoint","urlTemplate":"https:\/\/instamedic.mx\/?s={search_term_string}"},"query-input":"required name=search_term_string"}],"inLanguage":"en-US"},{"@type":"Organization","@id":"https:\/\/instamedic.mx\/#organization","name":"INSTAMEDIC","url":"https:\/\/instamedic.mx\/","logo":{"@type":"ImageObject","inLanguage":"en-US","@id":"https:\/\/instamedic.mx\/#\/schema\/logo\/image\/","url":"https:\/\/instamedic.mx\/wp-content\/uploads\/2024\/02\/Logo-instamedic.png","contentUrl":"https:\/\/instamedic.mx\/wp-content\/uploads\/2024\/02\/Logo-instamedic.png","width":500,"height":500,"caption":"INSTAMEDIC"},"image":{"@id":"https:\/\/instamedic.mx\/#\/schema\/logo\/image\/"},"sameAs":["https:\/\/www.facebook.com\/instamedicmx","https:\/\/www.instagram.com\/instamedic_mx\/"],"email":"info@instamedic.mx","telephone":"8713426247"}]}},"jetpack_sharing_enabled":true,"_links":{"self":[{"href":"https:\/\/instamedic.mx\/en\/wp-json\/wp\/v2\/product\/22193"}],"collection":[{"href":"https:\/\/instamedic.mx\/en\/wp-json\/wp\/v2\/product"}],"about":[{"href":"https:\/\/instamedic.mx\/en\/wp-json\/wp\/v2\/types\/product"}],"replies":[{"embeddable":true,"href":"https:\/\/instamedic.mx\/en\/wp-json\/wp\/v2\/comments?post=22193"}],"version-history":[{"count":1,"href":"https:\/\/instamedic.mx\/en\/wp-json\/wp\/v2\/product\/22193\/revisions"}],"predecessor-version":[{"id":22197,"href":"https:\/\/instamedic.mx\/en\/wp-json\/wp\/v2\/product\/22193\/revisions\/22197"}],"wp:featuredmedia":[{"embeddable":true,"href":"https:\/\/instamedic.mx\/en\/wp-json\/wp\/v2\/media\/22195"}],"wp:attachment":[{"href":"https:\/\/instamedic.mx\/en\/wp-json\/wp\/v2\/media?parent=22193"}],"wp:term":[{"taxonomy":"wpc-collection","embeddable":true,"href":"https:\/\/instamedic.mx\/en\/wp-json\/wp\/v2\/wpc-collection?post=22193"},{"taxonomy":"product_brand","embeddable":true,"href":"https:\/\/instamedic.mx\/en\/wp-json\/wp\/v2\/product_brand?post=22193"},{"taxonomy":"product_cat","embeddable":true,"href":"https:\/\/instamedic.mx\/en\/wp-json\/wp\/v2\/product_cat?post=22193"},{"taxonomy":"product_tag","embeddable":true,"href":"https:\/\/instamedic.mx\/en\/wp-json\/wp\/v2\/product_tag?post=22193"}],"curies":[{"name":"wp","href":"https:\/\/api.w.org\/{rel}","templated":true}]}}