{"id":22224,"date":"2023-10-11T01:04:21","date_gmt":"2023-10-11T01:04:21","guid":{"rendered":"https:\/\/instamedic.mx\/?post_type=product&#038;p=22224"},"modified":"2023-10-11T01:12:24","modified_gmt":"2023-10-11T01:12:24","slug":"canula-de-yankahuer-aleman","status":"publish","type":"product","link":"https:\/\/instamedic.mx\/en\/tienda-medica\/instrumental-medico\/canulas\/canula-de-yankahuer-aleman\/","title":{"rendered":"C\u00c1NULA DE YANKAHUER ALEM\u00c1N"},"content":{"rendered":"<p>La C\u00e1nula Yankauer es un mango de succi\u00f3n destinada a la eliminaci\u00f3n de la sangre y los l\u00edquidos durante la cirug\u00eda. Evita al m\u00e1ximo el riesgo de bloqueo.<\/p>","protected":false},"excerpt":{"rendered":"<p>Es una pr\u00f3tesis que se pone en el cuello por medio de un procedimiento quir\u00fargico llamado Traqueostom\u00eda, que consiste en hacer una perforaci\u00f3n llamada \u201cEstoma\u201d a la altura de la \u201cmanzana de Ad\u00e1n\u201d en el cuello y colocar un tubo con una curvatura para que conecte el exterior con el tubo endotraqueal.<\/p>\n<p>Generalmente se hace porque el paciente sufre de alg\u00fan padecimiento que impide el paso del aire de la nariz o la boca a los pulmones, generalmente un tumor o una protuberancia, siendo la c\u00e1nula la manera de obtener los pulmones ventilados, por lo tanto la \u00fanica v\u00eda de acceso.<\/p>\n<p>Elaborada de Acero inoxidable ba\u00f1ada en plata<\/p>","protected":false},"featured_media":22237,"comment_status":"open","ping_status":"closed","template":"","meta":[],"wpc-collection":[],"product_brand":[691],"product_cat":[676],"product_tag":[689,692],"yoast_head":"<!-- This site is optimized with the Yoast SEO Premium plugin v22.3 (Yoast SEO v22.4) - https:\/\/yoast.com\/wordpress\/plugins\/seo\/ -->\n<title>C\u00c1NULA DE YANKAHUER ALEM\u00c1N | Instamedic<\/title>\n<meta name=\"robots\" content=\"index, follow, max-snippet:-1, max-image-preview:large, max-video-preview:-1\" \/>\n<link rel=\"canonical\" href=\"https:\/\/instamedic.mx\/en\/tienda-medica\/instrumental-medico\/canulas\/canula-de-yankahuer-aleman\/\" \/>\n<meta property=\"og:locale\" content=\"en_US\" \/>\n<meta property=\"og:type\" content=\"article\" \/>\n<meta property=\"og:title\" content=\"C\u00c1NULA DE YANKAHUER ALEM\u00c1N\" \/>\n<meta property=\"og:description\" content=\"Es una pr\u00f3tesis que se pone en el cuello por medio de un procedimiento quir\u00fargico llamado Traqueostom\u00eda, que consiste en hacer una perforaci\u00f3n llamada \u201cEstoma\u201d a la altura de la \u201cmanzana de Ad\u00e1n\u201d en el cuello y colocar un tubo con una curvatura para que conecte el exterior con el tubo endotraqueal.  Generalmente se hace porque el paciente sufre de alg\u00fan padecimiento que impide el paso del aire de la nariz o la boca a los pulmones, generalmente un tumor o una protuberancia, siendo la c\u00e1nula la manera de obtener los pulmones ventilados, por lo tanto la \u00fanica v\u00eda de acceso.  Elaborada de Acero inoxidable ba\u00f1ada en plata\" \/>\n<meta property=\"og:url\" content=\"https:\/\/instamedic.mx\/en\/tienda-medica\/instrumental-medico\/canulas\/canula-de-yankahuer-aleman\/\" \/>\n<meta property=\"og:site_name\" content=\"Instamedic\" \/>\n<meta property=\"article:publisher\" content=\"https:\/\/www.facebook.com\/instamedicmx\" \/>\n<meta property=\"article:modified_time\" content=\"2023-10-11T01:12:24+00:00\" \/>\n<meta property=\"og:image\" content=\"https:\/\/instamedic.mx\/wp-content\/uploads\/2023\/10\/Canula-yankauer.webp\" \/>\n\t<meta property=\"og:image:width\" content=\"800\" \/>\n\t<meta property=\"og:image:height\" content=\"800\" \/>\n\t<meta property=\"og:image:type\" content=\"image\/webp\" \/>\n<meta name=\"twitter:card\" content=\"summary_large_image\" \/>\n<meta name=\"twitter:label1\" content=\"Est. reading time\" \/>\n\t<meta name=\"twitter:data1\" content=\"1 minute\" \/>\n<script type=\"application\/ld+json\" class=\"yoast-schema-graph\">{\"@context\":\"https:\/\/schema.org\",\"@graph\":[{\"@type\":\"WebPage\",\"@id\":\"https:\/\/instamedic.mx\/tienda-medica\/instrumental-medico\/canulas\/canula-de-yankahuer-aleman\/\",\"url\":\"https:\/\/instamedic.mx\/tienda-medica\/instrumental-medico\/canulas\/canula-de-yankahuer-aleman\/\",\"name\":\"C\u00c1NULA DE YANKAHUER ALEM\u00c1N | Instamedic\",\"isPartOf\":{\"@id\":\"https:\/\/instamedic.mx\/#website\"},\"primaryImageOfPage\":{\"@id\":\"https:\/\/instamedic.mx\/tienda-medica\/instrumental-medico\/canulas\/canula-de-yankahuer-aleman\/#primaryimage\"},\"image\":{\"@id\":\"https:\/\/instamedic.mx\/tienda-medica\/instrumental-medico\/canulas\/canula-de-yankahuer-aleman\/#primaryimage\"},\"thumbnailUrl\":\"https:\/\/instamedic.mx\/wp-content\/uploads\/2023\/10\/Canula-yankauer.webp\",\"datePublished\":\"2023-10-11T01:04:21+00:00\",\"dateModified\":\"2023-10-11T01:12:24+00:00\",\"breadcrumb\":{\"@id\":\"https:\/\/instamedic.mx\/tienda-medica\/instrumental-medico\/canulas\/canula-de-yankahuer-aleman\/#breadcrumb\"},\"inLanguage\":\"en-US\",\"potentialAction\":[{\"@type\":\"ReadAction\",\"target\":[\"https:\/\/instamedic.mx\/tienda-medica\/instrumental-medico\/canulas\/canula-de-yankahuer-aleman\/\"]}]},{\"@type\":\"ImageObject\",\"inLanguage\":\"en-US\",\"@id\":\"https:\/\/instamedic.mx\/tienda-medica\/instrumental-medico\/canulas\/canula-de-yankahuer-aleman\/#primaryimage\",\"url\":\"https:\/\/instamedic.mx\/wp-content\/uploads\/2023\/10\/Canula-yankauer.webp\",\"contentUrl\":\"https:\/\/instamedic.mx\/wp-content\/uploads\/2023\/10\/Canula-yankauer.webp\",\"width\":800,\"height\":800},{\"@type\":\"BreadcrumbList\",\"@id\":\"https:\/\/instamedic.mx\/tienda-medica\/instrumental-medico\/canulas\/canula-de-yankahuer-aleman\/#breadcrumb\",\"itemListElement\":[{\"@type\":\"ListItem\",\"position\":1,\"name\":\"Inicio\",\"item\":\"https:\/\/instamedic.mx\/\"},{\"@type\":\"ListItem\",\"position\":2,\"name\":\"Tienda m\u00e9dica\",\"item\":\"https:\/\/instamedic.mx\/tienda-medica\/\"},{\"@type\":\"ListItem\",\"position\":3,\"name\":\"C\u00c1NULA DE YANKAHUER ALEM\u00c1N\"}]},{\"@type\":\"WebSite\",\"@id\":\"https:\/\/instamedic.mx\/#website\",\"url\":\"https:\/\/instamedic.mx\/\",\"name\":\"INSTAMEDIC\",\"description\":\"Venta de equipo m\u00e9dico, instrumental y uniformes quirpurgicos\",\"publisher\":{\"@id\":\"https:\/\/instamedic.mx\/#organization\"},\"potentialAction\":[{\"@type\":\"SearchAction\",\"target\":{\"@type\":\"EntryPoint\",\"urlTemplate\":\"https:\/\/instamedic.mx\/?s={search_term_string}\"},\"query-input\":\"required name=search_term_string\"}],\"inLanguage\":\"en-US\"},{\"@type\":\"Organization\",\"@id\":\"https:\/\/instamedic.mx\/#organization\",\"name\":\"INSTAMEDIC\",\"url\":\"https:\/\/instamedic.mx\/\",\"logo\":{\"@type\":\"ImageObject\",\"inLanguage\":\"en-US\",\"@id\":\"https:\/\/instamedic.mx\/#\/schema\/logo\/image\/\",\"url\":\"https:\/\/instamedic.mx\/wp-content\/uploads\/2024\/02\/Logo-instamedic.png\",\"contentUrl\":\"https:\/\/instamedic.mx\/wp-content\/uploads\/2024\/02\/Logo-instamedic.png\",\"width\":500,\"height\":500,\"caption\":\"INSTAMEDIC\"},\"image\":{\"@id\":\"https:\/\/instamedic.mx\/#\/schema\/logo\/image\/\"},\"sameAs\":[\"https:\/\/www.facebook.com\/instamedicmx\",\"https:\/\/www.instagram.com\/instamedic_mx\/\"],\"email\":\"info@instamedic.mx\",\"telephone\":\"8713426247\"}]}<\/script>\n<!-- \/ Yoast SEO Premium plugin. -->","yoast_head_json":{"title":"C\u00c1NULA DE YANKAHUER ALEM\u00c1N | Instamedic","robots":{"index":"index","follow":"follow","max-snippet":"max-snippet:-1","max-image-preview":"max-image-preview:large","max-video-preview":"max-video-preview:-1"},"canonical":"https:\/\/instamedic.mx\/en\/tienda-medica\/instrumental-medico\/canulas\/canula-de-yankahuer-aleman\/","og_locale":"en_US","og_type":"article","og_title":"C\u00c1NULA DE YANKAHUER ALEM\u00c1N","og_description":"Es una pr\u00f3tesis que se pone en el cuello por medio de un procedimiento quir\u00fargico llamado Traqueostom\u00eda, que consiste en hacer una perforaci\u00f3n llamada \u201cEstoma\u201d a la altura de la \u201cmanzana de Ad\u00e1n\u201d en el cuello y colocar un tubo con una curvatura para que conecte el exterior con el tubo endotraqueal.  Generalmente se hace porque el paciente sufre de alg\u00fan padecimiento que impide el paso del aire de la nariz o la boca a los pulmones, generalmente un tumor o una protuberancia, siendo la c\u00e1nula la manera de obtener los pulmones ventilados, por lo tanto la \u00fanica v\u00eda de acceso.  Elaborada de Acero inoxidable ba\u00f1ada en plata","og_url":"https:\/\/instamedic.mx\/en\/tienda-medica\/instrumental-medico\/canulas\/canula-de-yankahuer-aleman\/","og_site_name":"Instamedic","article_publisher":"https:\/\/www.facebook.com\/instamedicmx","article_modified_time":"2023-10-11T01:12:24+00:00","og_image":[{"width":800,"height":800,"url":"https:\/\/instamedic.mx\/wp-content\/uploads\/2023\/10\/Canula-yankauer.webp","type":"image\/webp"}],"twitter_card":"summary_large_image","twitter_misc":{"Est. reading time":"1 minute"},"schema":{"@context":"https:\/\/schema.org","@graph":[{"@type":"WebPage","@id":"https:\/\/instamedic.mx\/tienda-medica\/instrumental-medico\/canulas\/canula-de-yankahuer-aleman\/","url":"https:\/\/instamedic.mx\/tienda-medica\/instrumental-medico\/canulas\/canula-de-yankahuer-aleman\/","name":"C\u00c1NULA DE YANKAHUER ALEM\u00c1N | Instamedic","isPartOf":{"@id":"https:\/\/instamedic.mx\/#website"},"primaryImageOfPage":{"@id":"https:\/\/instamedic.mx\/tienda-medica\/instrumental-medico\/canulas\/canula-de-yankahuer-aleman\/#primaryimage"},"image":{"@id":"https:\/\/instamedic.mx\/tienda-medica\/instrumental-medico\/canulas\/canula-de-yankahuer-aleman\/#primaryimage"},"thumbnailUrl":"https:\/\/instamedic.mx\/wp-content\/uploads\/2023\/10\/Canula-yankauer.webp","datePublished":"2023-10-11T01:04:21+00:00","dateModified":"2023-10-11T01:12:24+00:00","breadcrumb":{"@id":"https:\/\/instamedic.mx\/tienda-medica\/instrumental-medico\/canulas\/canula-de-yankahuer-aleman\/#breadcrumb"},"inLanguage":"en-US","potentialAction":[{"@type":"ReadAction","target":["https:\/\/instamedic.mx\/tienda-medica\/instrumental-medico\/canulas\/canula-de-yankahuer-aleman\/"]}]},{"@type":"ImageObject","inLanguage":"en-US","@id":"https:\/\/instamedic.mx\/tienda-medica\/instrumental-medico\/canulas\/canula-de-yankahuer-aleman\/#primaryimage","url":"https:\/\/instamedic.mx\/wp-content\/uploads\/2023\/10\/Canula-yankauer.webp","contentUrl":"https:\/\/instamedic.mx\/wp-content\/uploads\/2023\/10\/Canula-yankauer.webp","width":800,"height":800},{"@type":"BreadcrumbList","@id":"https:\/\/instamedic.mx\/tienda-medica\/instrumental-medico\/canulas\/canula-de-yankahuer-aleman\/#breadcrumb","itemListElement":[{"@type":"ListItem","position":1,"name":"Inicio","item":"https:\/\/instamedic.mx\/"},{"@type":"ListItem","position":2,"name":"Tienda m\u00e9dica","item":"https:\/\/instamedic.mx\/tienda-medica\/"},{"@type":"ListItem","position":3,"name":"C\u00c1NULA DE YANKAHUER ALEM\u00c1N"}]},{"@type":"WebSite","@id":"https:\/\/instamedic.mx\/#website","url":"https:\/\/instamedic.mx\/","name":"INSTAMEDIC","description":"Venta de equipo m\u00e9dico, instrumental y uniformes quirpurgicos","publisher":{"@id":"https:\/\/instamedic.mx\/#organization"},"potentialAction":[{"@type":"SearchAction","target":{"@type":"EntryPoint","urlTemplate":"https:\/\/instamedic.mx\/?s={search_term_string}"},"query-input":"required name=search_term_string"}],"inLanguage":"en-US"},{"@type":"Organization","@id":"https:\/\/instamedic.mx\/#organization","name":"INSTAMEDIC","url":"https:\/\/instamedic.mx\/","logo":{"@type":"ImageObject","inLanguage":"en-US","@id":"https:\/\/instamedic.mx\/#\/schema\/logo\/image\/","url":"https:\/\/instamedic.mx\/wp-content\/uploads\/2024\/02\/Logo-instamedic.png","contentUrl":"https:\/\/instamedic.mx\/wp-content\/uploads\/2024\/02\/Logo-instamedic.png","width":500,"height":500,"caption":"INSTAMEDIC"},"image":{"@id":"https:\/\/instamedic.mx\/#\/schema\/logo\/image\/"},"sameAs":["https:\/\/www.facebook.com\/instamedicmx","https:\/\/www.instagram.com\/instamedic_mx\/"],"email":"info@instamedic.mx","telephone":"8713426247"}]}},"jetpack_sharing_enabled":true,"_links":{"self":[{"href":"https:\/\/instamedic.mx\/en\/wp-json\/wp\/v2\/product\/22224"}],"collection":[{"href":"https:\/\/instamedic.mx\/en\/wp-json\/wp\/v2\/product"}],"about":[{"href":"https:\/\/instamedic.mx\/en\/wp-json\/wp\/v2\/types\/product"}],"replies":[{"embeddable":true,"href":"https:\/\/instamedic.mx\/en\/wp-json\/wp\/v2\/comments?post=22224"}],"version-history":[{"count":1,"href":"https:\/\/instamedic.mx\/en\/wp-json\/wp\/v2\/product\/22224\/revisions"}],"predecessor-version":[{"id":22238,"href":"https:\/\/instamedic.mx\/en\/wp-json\/wp\/v2\/product\/22224\/revisions\/22238"}],"wp:featuredmedia":[{"embeddable":true,"href":"https:\/\/instamedic.mx\/en\/wp-json\/wp\/v2\/media\/22237"}],"wp:attachment":[{"href":"https:\/\/instamedic.mx\/en\/wp-json\/wp\/v2\/media?parent=22224"}],"wp:term":[{"taxonomy":"wpc-collection","embeddable":true,"href":"https:\/\/instamedic.mx\/en\/wp-json\/wp\/v2\/wpc-collection?post=22224"},{"taxonomy":"product_brand","embeddable":true,"href":"https:\/\/instamedic.mx\/en\/wp-json\/wp\/v2\/product_brand?post=22224"},{"taxonomy":"product_cat","embeddable":true,"href":"https:\/\/instamedic.mx\/en\/wp-json\/wp\/v2\/product_cat?post=22224"},{"taxonomy":"product_tag","embeddable":true,"href":"https:\/\/instamedic.mx\/en\/wp-json\/wp\/v2\/product_tag?post=22224"}],"curies":[{"name":"wp","href":"https:\/\/api.w.org\/{rel}","templated":true}]}}