{"id":22239,"date":"2023-10-11T16:19:45","date_gmt":"2023-10-11T16:19:45","guid":{"rendered":"https:\/\/instamedic.mx\/?post_type=product&#038;p=22239"},"modified":"2023-10-25T01:21:20","modified_gmt":"2023-10-25T01:21:20","slug":"tijera-quirurgica-metzenbaum-acero-aleman-recta","status":"publish","type":"product","link":"https:\/\/instamedic.mx\/en\/tienda-medica\/instrumental-medico\/tijeras\/metzenbaum\/tijera-quirurgica-metzenbaum-acero-aleman-recta\/","title":{"rendered":"Tijera quir\u00fargica Metzenbaum Recta Acero aleman"},"content":{"rendered":"<p>La Tijera Metzenbaum posee unas mand\u00edbulas duras, es una tijera muy dura y larga utilizada en la cirug\u00eda cuando se realizan operaciones quir\u00fargicas. Las tijeras de Metzenbaum son un tipo de herramienta quir\u00fargica usado t\u00edpicamente para cortar tejidos suaves delicados.<\/p>","protected":false},"excerpt":{"rendered":"<p>Tijera Metzenbaum, recta, longitud de 140 a 270mm.<\/p>\n<p><strong>Clasificaci\u00f3n:<\/strong><\/p>\n<ul>\n<li>Longitud de 140 a 180mm \u2013 TIJERA DE DISECCI\u00d3N<\/li>\n<li>Longitud de 200 a 270mm \u00a0&#8211; TIJERA ABDOMINAL<\/li>\n<\/ul>\n<p><strong>Uso recomendado:\u00a0<\/strong>CIRUG\u00cdA GENERAL<\/p>\n<p><strong>Funciones:<\/strong><\/p>\n<ul>\n<li>Longitud de 140 a 180mm &#8211; Cortar y disecar en procedimientos finos<\/li>\n<li>Longitud de 200 a 270mm &#8211; Cortar y disecar en diferentes procedimientos quir\u00fargicos<strong style=\"letter-spacing: 0px;\">\u00a0<\/strong><\/li>\n<\/ul>","protected":false},"featured_media":22246,"comment_status":"open","ping_status":"closed","template":"","meta":[],"wpc-collection":[],"product_brand":[691],"product_cat":[698],"product_tag":[772,699,700,430],"yoast_head":"<!-- This site is optimized with the Yoast SEO Premium plugin v22.3 (Yoast SEO v22.4) - https:\/\/yoast.com\/wordpress\/plugins\/seo\/ -->\n<title>Tijera quir\u00fargica Metzenbaum Recta Acero aleman | Instamedic<\/title>\n<meta name=\"robots\" content=\"index, follow, max-snippet:-1, max-image-preview:large, max-video-preview:-1\" \/>\n<link rel=\"canonical\" href=\"https:\/\/instamedic.mx\/en\/tienda-medica\/instrumental-medico\/tijeras\/metzenbaum\/tijera-quirurgica-metzenbaum-acero-aleman-recta\/\" \/>\n<meta property=\"og:locale\" content=\"en_US\" \/>\n<meta property=\"og:type\" content=\"article\" \/>\n<meta property=\"og:title\" content=\"Tijera quir\u00fargica Metzenbaum Recta Acero aleman\" \/>\n<meta property=\"og:description\" content=\"Tijera Metzenbaum, recta, longitud de 140 a 270mm.  Clasificaci\u00f3n:   Longitud de 140 a 180mm \u2013 TIJERA DE DISECCI\u00d3N  Longitud de 200 a 270mm \u00a0- TIJERA ABDOMINAL  Uso recomendado:\u00a0CIRUG\u00cdA GENERAL  Funciones:   Longitud de 140 a 180mm - Cortar y disecar en procedimientos finos  Longitud de 200 a 270mm - Cortar y disecar en diferentes procedimientos quir\u00fargicos\u00a0\" \/>\n<meta property=\"og:url\" content=\"https:\/\/instamedic.mx\/en\/tienda-medica\/instrumental-medico\/tijeras\/metzenbaum\/tijera-quirurgica-metzenbaum-acero-aleman-recta\/\" \/>\n<meta property=\"og:site_name\" content=\"Instamedic\" \/>\n<meta property=\"article:publisher\" content=\"https:\/\/www.facebook.com\/instamedicmx\" \/>\n<meta property=\"article:modified_time\" content=\"2023-10-25T01:21:20+00:00\" \/>\n<meta property=\"og:image\" content=\"https:\/\/instamedic.mx\/wp-content\/uploads\/2023\/10\/Tijera-metzenbaum-14-cm-acero-aleman.webp\" \/>\n\t<meta property=\"og:image:width\" content=\"800\" \/>\n\t<meta property=\"og:image:height\" content=\"800\" \/>\n\t<meta property=\"og:image:type\" content=\"image\/webp\" \/>\n<meta name=\"twitter:card\" content=\"summary_large_image\" \/>\n<meta name=\"twitter:label1\" content=\"Est. reading time\" \/>\n\t<meta name=\"twitter:data1\" content=\"1 minute\" \/>\n<script type=\"application\/ld+json\" class=\"yoast-schema-graph\">{\"@context\":\"https:\/\/schema.org\",\"@graph\":[{\"@type\":\"WebPage\",\"@id\":\"https:\/\/instamedic.mx\/tienda-medica\/instrumental-medico\/tijeras\/metzenbaum\/tijera-quirurgica-metzenbaum-acero-aleman-recta\/\",\"url\":\"https:\/\/instamedic.mx\/tienda-medica\/instrumental-medico\/tijeras\/metzenbaum\/tijera-quirurgica-metzenbaum-acero-aleman-recta\/\",\"name\":\"Tijera quir\u00fargica Metzenbaum Recta Acero aleman | Instamedic\",\"isPartOf\":{\"@id\":\"https:\/\/instamedic.mx\/#website\"},\"primaryImageOfPage\":{\"@id\":\"https:\/\/instamedic.mx\/tienda-medica\/instrumental-medico\/tijeras\/metzenbaum\/tijera-quirurgica-metzenbaum-acero-aleman-recta\/#primaryimage\"},\"image\":{\"@id\":\"https:\/\/instamedic.mx\/tienda-medica\/instrumental-medico\/tijeras\/metzenbaum\/tijera-quirurgica-metzenbaum-acero-aleman-recta\/#primaryimage\"},\"thumbnailUrl\":\"https:\/\/instamedic.mx\/wp-content\/uploads\/2023\/10\/Tijera-metzenbaum-14-cm-acero-aleman.webp\",\"datePublished\":\"2023-10-11T16:19:45+00:00\",\"dateModified\":\"2023-10-25T01:21:20+00:00\",\"breadcrumb\":{\"@id\":\"https:\/\/instamedic.mx\/tienda-medica\/instrumental-medico\/tijeras\/metzenbaum\/tijera-quirurgica-metzenbaum-acero-aleman-recta\/#breadcrumb\"},\"inLanguage\":\"en-US\",\"potentialAction\":[{\"@type\":\"ReadAction\",\"target\":[\"https:\/\/instamedic.mx\/tienda-medica\/instrumental-medico\/tijeras\/metzenbaum\/tijera-quirurgica-metzenbaum-acero-aleman-recta\/\"]}]},{\"@type\":\"ImageObject\",\"inLanguage\":\"en-US\",\"@id\":\"https:\/\/instamedic.mx\/tienda-medica\/instrumental-medico\/tijeras\/metzenbaum\/tijera-quirurgica-metzenbaum-acero-aleman-recta\/#primaryimage\",\"url\":\"https:\/\/instamedic.mx\/wp-content\/uploads\/2023\/10\/Tijera-metzenbaum-14-cm-acero-aleman.webp\",\"contentUrl\":\"https:\/\/instamedic.mx\/wp-content\/uploads\/2023\/10\/Tijera-metzenbaum-14-cm-acero-aleman.webp\",\"width\":800,\"height\":800},{\"@type\":\"BreadcrumbList\",\"@id\":\"https:\/\/instamedic.mx\/tienda-medica\/instrumental-medico\/tijeras\/metzenbaum\/tijera-quirurgica-metzenbaum-acero-aleman-recta\/#breadcrumb\",\"itemListElement\":[{\"@type\":\"ListItem\",\"position\":1,\"name\":\"Inicio\",\"item\":\"https:\/\/instamedic.mx\/\"},{\"@type\":\"ListItem\",\"position\":2,\"name\":\"Tienda m\u00e9dica\",\"item\":\"https:\/\/instamedic.mx\/tienda-medica\/\"},{\"@type\":\"ListItem\",\"position\":3,\"name\":\"Tijera quir\u00fargica Metzenbaum Recta Acero aleman\"}]},{\"@type\":\"WebSite\",\"@id\":\"https:\/\/instamedic.mx\/#website\",\"url\":\"https:\/\/instamedic.mx\/\",\"name\":\"INSTAMEDIC\",\"description\":\"Venta de equipo m\u00e9dico, instrumental y uniformes quirpurgicos\",\"publisher\":{\"@id\":\"https:\/\/instamedic.mx\/#organization\"},\"potentialAction\":[{\"@type\":\"SearchAction\",\"target\":{\"@type\":\"EntryPoint\",\"urlTemplate\":\"https:\/\/instamedic.mx\/?s={search_term_string}\"},\"query-input\":\"required name=search_term_string\"}],\"inLanguage\":\"en-US\"},{\"@type\":\"Organization\",\"@id\":\"https:\/\/instamedic.mx\/#organization\",\"name\":\"INSTAMEDIC\",\"url\":\"https:\/\/instamedic.mx\/\",\"logo\":{\"@type\":\"ImageObject\",\"inLanguage\":\"en-US\",\"@id\":\"https:\/\/instamedic.mx\/#\/schema\/logo\/image\/\",\"url\":\"https:\/\/instamedic.mx\/wp-content\/uploads\/2024\/02\/Logo-instamedic.png\",\"contentUrl\":\"https:\/\/instamedic.mx\/wp-content\/uploads\/2024\/02\/Logo-instamedic.png\",\"width\":500,\"height\":500,\"caption\":\"INSTAMEDIC\"},\"image\":{\"@id\":\"https:\/\/instamedic.mx\/#\/schema\/logo\/image\/\"},\"sameAs\":[\"https:\/\/www.facebook.com\/instamedicmx\",\"https:\/\/www.instagram.com\/instamedic_mx\/\"],\"email\":\"info@instamedic.mx\",\"telephone\":\"8713426247\"}]}<\/script>\n<!-- \/ Yoast SEO Premium plugin. -->","yoast_head_json":{"title":"Tijera quir\u00fargica Metzenbaum Recta Acero aleman | Instamedic","robots":{"index":"index","follow":"follow","max-snippet":"max-snippet:-1","max-image-preview":"max-image-preview:large","max-video-preview":"max-video-preview:-1"},"canonical":"https:\/\/instamedic.mx\/en\/tienda-medica\/instrumental-medico\/tijeras\/metzenbaum\/tijera-quirurgica-metzenbaum-acero-aleman-recta\/","og_locale":"en_US","og_type":"article","og_title":"Tijera quir\u00fargica Metzenbaum Recta Acero aleman","og_description":"Tijera Metzenbaum, recta, longitud de 140 a 270mm.  Clasificaci\u00f3n:   Longitud de 140 a 180mm \u2013 TIJERA DE DISECCI\u00d3N  Longitud de 200 a 270mm \u00a0- TIJERA ABDOMINAL  Uso recomendado:\u00a0CIRUG\u00cdA GENERAL  Funciones:   Longitud de 140 a 180mm - Cortar y disecar en procedimientos finos  Longitud de 200 a 270mm - Cortar y disecar en diferentes procedimientos quir\u00fargicos\u00a0","og_url":"https:\/\/instamedic.mx\/en\/tienda-medica\/instrumental-medico\/tijeras\/metzenbaum\/tijera-quirurgica-metzenbaum-acero-aleman-recta\/","og_site_name":"Instamedic","article_publisher":"https:\/\/www.facebook.com\/instamedicmx","article_modified_time":"2023-10-25T01:21:20+00:00","og_image":[{"width":800,"height":800,"url":"https:\/\/instamedic.mx\/wp-content\/uploads\/2023\/10\/Tijera-metzenbaum-14-cm-acero-aleman.webp","type":"image\/webp"}],"twitter_card":"summary_large_image","twitter_misc":{"Est. reading time":"1 minute"},"schema":{"@context":"https:\/\/schema.org","@graph":[{"@type":"WebPage","@id":"https:\/\/instamedic.mx\/tienda-medica\/instrumental-medico\/tijeras\/metzenbaum\/tijera-quirurgica-metzenbaum-acero-aleman-recta\/","url":"https:\/\/instamedic.mx\/tienda-medica\/instrumental-medico\/tijeras\/metzenbaum\/tijera-quirurgica-metzenbaum-acero-aleman-recta\/","name":"Tijera quir\u00fargica Metzenbaum Recta Acero aleman | Instamedic","isPartOf":{"@id":"https:\/\/instamedic.mx\/#website"},"primaryImageOfPage":{"@id":"https:\/\/instamedic.mx\/tienda-medica\/instrumental-medico\/tijeras\/metzenbaum\/tijera-quirurgica-metzenbaum-acero-aleman-recta\/#primaryimage"},"image":{"@id":"https:\/\/instamedic.mx\/tienda-medica\/instrumental-medico\/tijeras\/metzenbaum\/tijera-quirurgica-metzenbaum-acero-aleman-recta\/#primaryimage"},"thumbnailUrl":"https:\/\/instamedic.mx\/wp-content\/uploads\/2023\/10\/Tijera-metzenbaum-14-cm-acero-aleman.webp","datePublished":"2023-10-11T16:19:45+00:00","dateModified":"2023-10-25T01:21:20+00:00","breadcrumb":{"@id":"https:\/\/instamedic.mx\/tienda-medica\/instrumental-medico\/tijeras\/metzenbaum\/tijera-quirurgica-metzenbaum-acero-aleman-recta\/#breadcrumb"},"inLanguage":"en-US","potentialAction":[{"@type":"ReadAction","target":["https:\/\/instamedic.mx\/tienda-medica\/instrumental-medico\/tijeras\/metzenbaum\/tijera-quirurgica-metzenbaum-acero-aleman-recta\/"]}]},{"@type":"ImageObject","inLanguage":"en-US","@id":"https:\/\/instamedic.mx\/tienda-medica\/instrumental-medico\/tijeras\/metzenbaum\/tijera-quirurgica-metzenbaum-acero-aleman-recta\/#primaryimage","url":"https:\/\/instamedic.mx\/wp-content\/uploads\/2023\/10\/Tijera-metzenbaum-14-cm-acero-aleman.webp","contentUrl":"https:\/\/instamedic.mx\/wp-content\/uploads\/2023\/10\/Tijera-metzenbaum-14-cm-acero-aleman.webp","width":800,"height":800},{"@type":"BreadcrumbList","@id":"https:\/\/instamedic.mx\/tienda-medica\/instrumental-medico\/tijeras\/metzenbaum\/tijera-quirurgica-metzenbaum-acero-aleman-recta\/#breadcrumb","itemListElement":[{"@type":"ListItem","position":1,"name":"Inicio","item":"https:\/\/instamedic.mx\/"},{"@type":"ListItem","position":2,"name":"Tienda m\u00e9dica","item":"https:\/\/instamedic.mx\/tienda-medica\/"},{"@type":"ListItem","position":3,"name":"Tijera quir\u00fargica Metzenbaum Recta Acero aleman"}]},{"@type":"WebSite","@id":"https:\/\/instamedic.mx\/#website","url":"https:\/\/instamedic.mx\/","name":"INSTAMEDIC","description":"Venta de equipo m\u00e9dico, instrumental y uniformes quirpurgicos","publisher":{"@id":"https:\/\/instamedic.mx\/#organization"},"potentialAction":[{"@type":"SearchAction","target":{"@type":"EntryPoint","urlTemplate":"https:\/\/instamedic.mx\/?s={search_term_string}"},"query-input":"required name=search_term_string"}],"inLanguage":"en-US"},{"@type":"Organization","@id":"https:\/\/instamedic.mx\/#organization","name":"INSTAMEDIC","url":"https:\/\/instamedic.mx\/","logo":{"@type":"ImageObject","inLanguage":"en-US","@id":"https:\/\/instamedic.mx\/#\/schema\/logo\/image\/","url":"https:\/\/instamedic.mx\/wp-content\/uploads\/2024\/02\/Logo-instamedic.png","contentUrl":"https:\/\/instamedic.mx\/wp-content\/uploads\/2024\/02\/Logo-instamedic.png","width":500,"height":500,"caption":"INSTAMEDIC"},"image":{"@id":"https:\/\/instamedic.mx\/#\/schema\/logo\/image\/"},"sameAs":["https:\/\/www.facebook.com\/instamedicmx","https:\/\/www.instagram.com\/instamedic_mx\/"],"email":"info@instamedic.mx","telephone":"8713426247"}]}},"jetpack_sharing_enabled":true,"_links":{"self":[{"href":"https:\/\/instamedic.mx\/en\/wp-json\/wp\/v2\/product\/22239"}],"collection":[{"href":"https:\/\/instamedic.mx\/en\/wp-json\/wp\/v2\/product"}],"about":[{"href":"https:\/\/instamedic.mx\/en\/wp-json\/wp\/v2\/types\/product"}],"replies":[{"embeddable":true,"href":"https:\/\/instamedic.mx\/en\/wp-json\/wp\/v2\/comments?post=22239"}],"version-history":[{"count":6,"href":"https:\/\/instamedic.mx\/en\/wp-json\/wp\/v2\/product\/22239\/revisions"}],"predecessor-version":[{"id":22684,"href":"https:\/\/instamedic.mx\/en\/wp-json\/wp\/v2\/product\/22239\/revisions\/22684"}],"wp:featuredmedia":[{"embeddable":true,"href":"https:\/\/instamedic.mx\/en\/wp-json\/wp\/v2\/media\/22246"}],"wp:attachment":[{"href":"https:\/\/instamedic.mx\/en\/wp-json\/wp\/v2\/media?parent=22239"}],"wp:term":[{"taxonomy":"wpc-collection","embeddable":true,"href":"https:\/\/instamedic.mx\/en\/wp-json\/wp\/v2\/wpc-collection?post=22239"},{"taxonomy":"product_brand","embeddable":true,"href":"https:\/\/instamedic.mx\/en\/wp-json\/wp\/v2\/product_brand?post=22239"},{"taxonomy":"product_cat","embeddable":true,"href":"https:\/\/instamedic.mx\/en\/wp-json\/wp\/v2\/product_cat?post=22239"},{"taxonomy":"product_tag","embeddable":true,"href":"https:\/\/instamedic.mx\/en\/wp-json\/wp\/v2\/product_tag?post=22239"}],"curies":[{"name":"wp","href":"https:\/\/api.w.org\/{rel}","templated":true}]}}