{"id":22270,"date":"2023-10-12T01:12:45","date_gmt":"2023-10-12T01:12:45","guid":{"rendered":"https:\/\/instamedic.mx\/?post_type=product&#038;p=22270"},"modified":"2023-10-12T01:19:17","modified_gmt":"2023-10-12T01:19:17","slug":"masajeador-por-golpeteo-con-5-niveles-de-intensidad-bateria-de-litio-de-alto-rendimiento-y-4-cabezas-intercambiables-mg-510","status":"publish","type":"product","link":"https:\/\/instamedic.mx\/en\/tienda-medica\/equipo-medico\/masajes\/masajeador-por-golpeteo-con-5-niveles-de-intensidad-bateria-de-litio-de-alto-rendimiento-y-4-cabezas-intercambiables-mg-510\/","title":{"rendered":"Masajeador por golpeteo con 5 niveles de intensidad, Bater\u00eda de litio de alto rendimiento y 4 cabezas intercambiables MG 510"},"content":{"rendered":"<p>\u00a1Masaje en cualquier lugar! El aparato de masaje por golpeteo tiene incorporada una potente bater\u00eda que cuenta con una autonom\u00eda de hasta 2 horas. Ideal para relajar y regenerar la musculatura tras practicar deporte.<\/p>\n<ul>\n<li>Tiempo de funcionamiento extralargo de 2\u00a0h<\/li>\n<li>Para la relajaci\u00f3n y la regeneraci\u00f3n de la musculatura tras practicar deporte<\/li>\n<li>Masaje por golpeteo agradable y de efecto profundo<\/li>\n<li>Se puede utilizar con o sin mango<\/li>\n<li>5 niveles de intensidad de masaje ajustables<\/li>\n<li>4 accesorios de masaje intercambiables (1 accesorio de calor, 1 cabezal de fr\u00edo, 1 accesorio suave, 1 accesorio de punto de activaci\u00f3n)<\/li>\n<li>Accesorios intercambiables con fijaci\u00f3n giratoria para una sujeci\u00f3n segura y un f\u00e1cil manejo<\/li>\n<li>2 niveles de funcionamiento (masaje por golpeteo, masaje por golpeteo con accesorio de calor)<\/li>\n<li>Indicador de funcionamiento con retroiluminaci\u00f3n en color<\/li>\n<li>Indicaci\u00f3n de carga y de recarga de la bater\u00eda<\/li>\n<li>Mecanismo de desconexi\u00f3n autom\u00e1tica<\/li>\n<\/ul>\n<div class=\"table-wrapper\">\n<table class=\"table table-responsive table-sm\">\n<tbody>\n<tr>\n<td>Denominaci\u00f3n del producto<\/td>\n<td>Aparato de masaje por golpeteo<\/td>\n<\/tr>\n<tr>\n<td>Tiempo de recarga de la bater\u00eda<\/td>\n<td>Aprox. 3 horas<\/td>\n<\/tr>\n<tr>\n<td>Autonom\u00eda de la bater\u00eda<\/td>\n<td>Aprox. 2 horas a intensidad media<\/td>\n<\/tr>\n<tr>\n<td>Niveles de funcionamiento<\/td>\n<td>2<\/td>\n<\/tr>\n<tr>\n<td>Bater\u00eda integrada<\/td>\n<td>S\u00ed<\/td>\n<\/tr>\n<tr>\n<td>Potencia en vatios<\/td>\n<td>22,5<\/td>\n<\/tr>\n<tr>\n<td>Tipo de masaje<\/td>\n<td>Masaje por golpeteo<\/td>\n<\/tr>\n<tr>\n<td>Material de la cara inferior<\/td>\n<td>soft, breathable cotton<\/td>\n<\/tr>\n<tr>\n<td>Dimensiones del producto<\/td>\n<td>45,5 x 10 x 15,5\u00a0cm<\/td>\n<\/tr>\n<tr>\n<td>CE<\/td>\n<td>S\u00ed<\/td>\n<\/tr>\n<tr>\n<td>Garant\u00eda en a\u00f1os (Para obtener informaci\u00f3n sobre la garant\u00eda, consulte las instrucciones de uso.)<\/td>\n<td>3<\/td>\n<\/tr>\n<\/tbody>\n<\/table>\n<\/div>","protected":false},"excerpt":{"rendered":"<p>\u00a1Masaje en cualquier lugar! El aparato de masaje por golpeteo tiene incorporada una potente bater\u00eda que cuenta con una autonom\u00eda de hasta 2 horas. Ideal para relajar y regenerar la musculatura tras practicar deporte. Tiempo de funcionamiento extralargo de 2\u00a0h Para la relajaci\u00f3n y la regeneraci\u00f3n de la musculatura tras practicar deporte Masaje por golpeteo agradable y de efecto profundo Se puede utilizar con o sin mango 5 niveles de intensidad de masaje ajustables 4 accesorios de masaje intercambiables (1 accesorio de calor, 1 cabezal de fr\u00edo, 1 accesorio suave, 1 accesorio de punto de activaci\u00f3n) Accesorios intercambiables con fijaci\u00f3n giratoria para una sujeci\u00f3n segura y un f\u00e1cil manejo 2 niveles de funcionamiento (masaje por golpeteo, masaje por golpeteo con accesorio de calor) Indicador de funcionamiento con retroiluminaci\u00f3n en color Indicaci\u00f3n de carga y de recarga de la bater\u00eda Mecanismo de desconexi\u00f3n autom\u00e1tica Denominaci\u00f3n del producto Aparato de masaje por golpeteo Tiempo de recarga de la bater\u00eda Aprox. 3 horas Autonom\u00eda de la bater\u00eda Aprox. 2 horas a intensidad media Niveles de funcionamiento 2 Bater\u00eda integrada S\u00ed Potencia en vatios 22,5 Tipo de masaje Masaje por golpeteo Material de la cara inferior soft, breathable cotton Dimensiones del producto 45,5 x 10 x 15,5\u00a0cm CE S\u00ed Garant\u00eda en a\u00f1os (Para obtener informaci\u00f3n sobre la garant\u00eda, consulte las instrucciones de uso.) 3<\/p>","protected":false},"featured_media":22271,"comment_status":"open","ping_status":"closed","template":"","meta":[],"wpc-collection":[],"product_brand":[702],"product_cat":[172],"product_tag":[148,436,173,703],"yoast_head":"<!-- This site is optimized with the Yoast SEO Premium plugin v22.3 (Yoast SEO v22.4) - https:\/\/yoast.com\/wordpress\/plugins\/seo\/ -->\n<title>Masajeador portatil infrarrojo beurer MG510<\/title>\n<meta name=\"robots\" content=\"index, follow, max-snippet:-1, max-image-preview:large, max-video-preview:-1\" \/>\n<link rel=\"canonical\" href=\"https:\/\/instamedic.mx\/en\/tienda-medica\/equipo-medico\/masajes\/masajeador-por-golpeteo-con-5-niveles-de-intensidad-bateria-de-litio-de-alto-rendimiento-y-4-cabezas-intercambiables-mg-510\/\" \/>\n<meta property=\"og:locale\" content=\"en_US\" \/>\n<meta property=\"og:type\" content=\"article\" \/>\n<meta property=\"og:title\" content=\"Masajeador por golpeteo con 5 niveles de intensidad, Bater\u00eda de litio de alto rendimiento y 4 cabezas intercambiables MG 510\" \/>\n<meta property=\"og:description\" content=\"\u00a1Masaje en cualquier lugar! El aparato de masaje por golpeteo tiene incorporada una potente bater\u00eda que cuenta con una autonom\u00eda de hasta 2 horas. Ideal para relajar y regenerar la musculatura tras practicar deporte. Tiempo de funcionamiento extralargo de 2\u00a0h Para la relajaci\u00f3n y la regeneraci\u00f3n de la musculatura tras practicar deporte Masaje por golpeteo agradable y de efecto profundo Se puede utilizar con o sin mango 5 niveles de intensidad de masaje ajustables 4 accesorios de masaje intercambiables (1 accesorio de calor, 1 cabezal de fr\u00edo, 1 accesorio suave, 1 accesorio de punto de activaci\u00f3n) Accesorios intercambiables con fijaci\u00f3n giratoria para una sujeci\u00f3n segura y un f\u00e1cil manejo 2 niveles de funcionamiento (masaje por golpeteo, masaje por golpeteo con accesorio de calor) Indicador de funcionamiento con retroiluminaci\u00f3n en color Indicaci\u00f3n de carga y de recarga de la bater\u00eda Mecanismo de desconexi\u00f3n autom\u00e1tica Denominaci\u00f3n del producto Aparato de masaje por golpeteo Tiempo de recarga de la bater\u00eda Aprox. 3 horas Autonom\u00eda de la bater\u00eda Aprox. 2 horas a intensidad media Niveles de funcionamiento 2 Bater\u00eda integrada S\u00ed Potencia en vatios 22,5 Tipo de masaje Masaje por golpeteo Material de la cara inferior soft, breathable cotton Dimensiones del producto 45,5 x 10 x 15,5\u00a0cm CE S\u00ed Garant\u00eda en a\u00f1os (Para obtener informaci\u00f3n sobre la garant\u00eda, consulte las instrucciones de uso.) 3\" \/>\n<meta property=\"og:url\" content=\"https:\/\/instamedic.mx\/en\/tienda-medica\/equipo-medico\/masajes\/masajeador-por-golpeteo-con-5-niveles-de-intensidad-bateria-de-litio-de-alto-rendimiento-y-4-cabezas-intercambiables-mg-510\/\" \/>\n<meta property=\"og:site_name\" content=\"Instamedic\" \/>\n<meta property=\"article:publisher\" content=\"https:\/\/www.facebook.com\/instamedicmx\" \/>\n<meta property=\"article:modified_time\" content=\"2023-10-12T01:19:17+00:00\" \/>\n<meta property=\"og:image\" content=\"https:\/\/instamedic.mx\/wp-content\/uploads\/2023\/10\/Masajeador-por-golpeteo-con-5-niveles-de-intensidad-Bateria-de-litio-de-alto-rendimiento-y-4-cabezas-intercambiables.webp\" \/>\n\t<meta property=\"og:image:width\" content=\"800\" \/>\n\t<meta property=\"og:image:height\" content=\"800\" \/>\n\t<meta property=\"og:image:type\" content=\"image\/webp\" \/>\n<meta name=\"twitter:card\" content=\"summary_large_image\" \/>\n<meta name=\"twitter:label1\" content=\"Est. reading time\" \/>\n\t<meta name=\"twitter:data1\" content=\"2 minutes\" \/>\n<script type=\"application\/ld+json\" class=\"yoast-schema-graph\">{\"@context\":\"https:\/\/schema.org\",\"@graph\":[{\"@type\":\"WebPage\",\"@id\":\"https:\/\/instamedic.mx\/tienda-medica\/equipo-medico\/masajes\/masajeador-por-golpeteo-con-5-niveles-de-intensidad-bateria-de-litio-de-alto-rendimiento-y-4-cabezas-intercambiables-mg-510\/\",\"url\":\"https:\/\/instamedic.mx\/tienda-medica\/equipo-medico\/masajes\/masajeador-por-golpeteo-con-5-niveles-de-intensidad-bateria-de-litio-de-alto-rendimiento-y-4-cabezas-intercambiables-mg-510\/\",\"name\":\"Masajeador portatil infrarrojo beurer MG510\",\"isPartOf\":{\"@id\":\"https:\/\/instamedic.mx\/#website\"},\"primaryImageOfPage\":{\"@id\":\"https:\/\/instamedic.mx\/tienda-medica\/equipo-medico\/masajes\/masajeador-por-golpeteo-con-5-niveles-de-intensidad-bateria-de-litio-de-alto-rendimiento-y-4-cabezas-intercambiables-mg-510\/#primaryimage\"},\"image\":{\"@id\":\"https:\/\/instamedic.mx\/tienda-medica\/equipo-medico\/masajes\/masajeador-por-golpeteo-con-5-niveles-de-intensidad-bateria-de-litio-de-alto-rendimiento-y-4-cabezas-intercambiables-mg-510\/#primaryimage\"},\"thumbnailUrl\":\"https:\/\/instamedic.mx\/wp-content\/uploads\/2023\/10\/Masajeador-por-golpeteo-con-5-niveles-de-intensidad-Bateria-de-litio-de-alto-rendimiento-y-4-cabezas-intercambiables.webp\",\"datePublished\":\"2023-10-12T01:12:45+00:00\",\"dateModified\":\"2023-10-12T01:19:17+00:00\",\"breadcrumb\":{\"@id\":\"https:\/\/instamedic.mx\/tienda-medica\/equipo-medico\/masajes\/masajeador-por-golpeteo-con-5-niveles-de-intensidad-bateria-de-litio-de-alto-rendimiento-y-4-cabezas-intercambiables-mg-510\/#breadcrumb\"},\"inLanguage\":\"en-US\",\"potentialAction\":[{\"@type\":\"ReadAction\",\"target\":[\"https:\/\/instamedic.mx\/tienda-medica\/equipo-medico\/masajes\/masajeador-por-golpeteo-con-5-niveles-de-intensidad-bateria-de-litio-de-alto-rendimiento-y-4-cabezas-intercambiables-mg-510\/\"]}]},{\"@type\":\"ImageObject\",\"inLanguage\":\"en-US\",\"@id\":\"https:\/\/instamedic.mx\/tienda-medica\/equipo-medico\/masajes\/masajeador-por-golpeteo-con-5-niveles-de-intensidad-bateria-de-litio-de-alto-rendimiento-y-4-cabezas-intercambiables-mg-510\/#primaryimage\",\"url\":\"https:\/\/instamedic.mx\/wp-content\/uploads\/2023\/10\/Masajeador-por-golpeteo-con-5-niveles-de-intensidad-Bateria-de-litio-de-alto-rendimiento-y-4-cabezas-intercambiables.webp\",\"contentUrl\":\"https:\/\/instamedic.mx\/wp-content\/uploads\/2023\/10\/Masajeador-por-golpeteo-con-5-niveles-de-intensidad-Bateria-de-litio-de-alto-rendimiento-y-4-cabezas-intercambiables.webp\",\"width\":800,\"height\":800,\"caption\":\"Masajeador por golpeteo con 5 niveles de intensidad, Bater\u00eda de litio de alto rendimiento y 4 cabezas intercambiables\"},{\"@type\":\"BreadcrumbList\",\"@id\":\"https:\/\/instamedic.mx\/tienda-medica\/equipo-medico\/masajes\/masajeador-por-golpeteo-con-5-niveles-de-intensidad-bateria-de-litio-de-alto-rendimiento-y-4-cabezas-intercambiables-mg-510\/#breadcrumb\",\"itemListElement\":[{\"@type\":\"ListItem\",\"position\":1,\"name\":\"Inicio\",\"item\":\"https:\/\/instamedic.mx\/\"},{\"@type\":\"ListItem\",\"position\":2,\"name\":\"Tienda m\u00e9dica\",\"item\":\"https:\/\/instamedic.mx\/tienda-medica\/\"},{\"@type\":\"ListItem\",\"position\":3,\"name\":\"Masajeador por golpeteo con 5 niveles de intensidad, Bater\u00eda de litio de alto rendimiento y 4 cabezas intercambiables MG 510\"}]},{\"@type\":\"WebSite\",\"@id\":\"https:\/\/instamedic.mx\/#website\",\"url\":\"https:\/\/instamedic.mx\/\",\"name\":\"INSTAMEDIC\",\"description\":\"Venta de equipo m\u00e9dico, instrumental y uniformes quirpurgicos\",\"publisher\":{\"@id\":\"https:\/\/instamedic.mx\/#organization\"},\"potentialAction\":[{\"@type\":\"SearchAction\",\"target\":{\"@type\":\"EntryPoint\",\"urlTemplate\":\"https:\/\/instamedic.mx\/?s={search_term_string}\"},\"query-input\":\"required name=search_term_string\"}],\"inLanguage\":\"en-US\"},{\"@type\":\"Organization\",\"@id\":\"https:\/\/instamedic.mx\/#organization\",\"name\":\"INSTAMEDIC\",\"url\":\"https:\/\/instamedic.mx\/\",\"logo\":{\"@type\":\"ImageObject\",\"inLanguage\":\"en-US\",\"@id\":\"https:\/\/instamedic.mx\/#\/schema\/logo\/image\/\",\"url\":\"https:\/\/instamedic.mx\/wp-content\/uploads\/2024\/02\/Logo-instamedic.png\",\"contentUrl\":\"https:\/\/instamedic.mx\/wp-content\/uploads\/2024\/02\/Logo-instamedic.png\",\"width\":500,\"height\":500,\"caption\":\"INSTAMEDIC\"},\"image\":{\"@id\":\"https:\/\/instamedic.mx\/#\/schema\/logo\/image\/\"},\"sameAs\":[\"https:\/\/www.facebook.com\/instamedicmx\",\"https:\/\/www.instagram.com\/instamedic_mx\/\"],\"email\":\"info@instamedic.mx\",\"telephone\":\"8713426247\"}]}<\/script>\n<!-- \/ Yoast SEO Premium plugin. -->","yoast_head_json":{"title":"Masajeador portatil infrarrojo beurer MG510","robots":{"index":"index","follow":"follow","max-snippet":"max-snippet:-1","max-image-preview":"max-image-preview:large","max-video-preview":"max-video-preview:-1"},"canonical":"https:\/\/instamedic.mx\/en\/tienda-medica\/equipo-medico\/masajes\/masajeador-por-golpeteo-con-5-niveles-de-intensidad-bateria-de-litio-de-alto-rendimiento-y-4-cabezas-intercambiables-mg-510\/","og_locale":"en_US","og_type":"article","og_title":"Masajeador por golpeteo con 5 niveles de intensidad, Bater\u00eda de litio de alto rendimiento y 4 cabezas intercambiables MG 510","og_description":"\u00a1Masaje en cualquier lugar! El aparato de masaje por golpeteo tiene incorporada una potente bater\u00eda que cuenta con una autonom\u00eda de hasta 2 horas. Ideal para relajar y regenerar la musculatura tras practicar deporte. Tiempo de funcionamiento extralargo de 2\u00a0h Para la relajaci\u00f3n y la regeneraci\u00f3n de la musculatura tras practicar deporte Masaje por golpeteo agradable y de efecto profundo Se puede utilizar con o sin mango 5 niveles de intensidad de masaje ajustables 4 accesorios de masaje intercambiables (1 accesorio de calor, 1 cabezal de fr\u00edo, 1 accesorio suave, 1 accesorio de punto de activaci\u00f3n) Accesorios intercambiables con fijaci\u00f3n giratoria para una sujeci\u00f3n segura y un f\u00e1cil manejo 2 niveles de funcionamiento (masaje por golpeteo, masaje por golpeteo con accesorio de calor) Indicador de funcionamiento con retroiluminaci\u00f3n en color Indicaci\u00f3n de carga y de recarga de la bater\u00eda Mecanismo de desconexi\u00f3n autom\u00e1tica Denominaci\u00f3n del producto Aparato de masaje por golpeteo Tiempo de recarga de la bater\u00eda Aprox. 3 horas Autonom\u00eda de la bater\u00eda Aprox. 2 horas a intensidad media Niveles de funcionamiento 2 Bater\u00eda integrada S\u00ed Potencia en vatios 22,5 Tipo de masaje Masaje por golpeteo Material de la cara inferior soft, breathable cotton Dimensiones del producto 45,5 x 10 x 15,5\u00a0cm CE S\u00ed Garant\u00eda en a\u00f1os (Para obtener informaci\u00f3n sobre la garant\u00eda, consulte las instrucciones de uso.) 3","og_url":"https:\/\/instamedic.mx\/en\/tienda-medica\/equipo-medico\/masajes\/masajeador-por-golpeteo-con-5-niveles-de-intensidad-bateria-de-litio-de-alto-rendimiento-y-4-cabezas-intercambiables-mg-510\/","og_site_name":"Instamedic","article_publisher":"https:\/\/www.facebook.com\/instamedicmx","article_modified_time":"2023-10-12T01:19:17+00:00","og_image":[{"width":800,"height":800,"url":"https:\/\/instamedic.mx\/wp-content\/uploads\/2023\/10\/Masajeador-por-golpeteo-con-5-niveles-de-intensidad-Bateria-de-litio-de-alto-rendimiento-y-4-cabezas-intercambiables.webp","type":"image\/webp"}],"twitter_card":"summary_large_image","twitter_misc":{"Est. reading time":"2 minutes"},"schema":{"@context":"https:\/\/schema.org","@graph":[{"@type":"WebPage","@id":"https:\/\/instamedic.mx\/tienda-medica\/equipo-medico\/masajes\/masajeador-por-golpeteo-con-5-niveles-de-intensidad-bateria-de-litio-de-alto-rendimiento-y-4-cabezas-intercambiables-mg-510\/","url":"https:\/\/instamedic.mx\/tienda-medica\/equipo-medico\/masajes\/masajeador-por-golpeteo-con-5-niveles-de-intensidad-bateria-de-litio-de-alto-rendimiento-y-4-cabezas-intercambiables-mg-510\/","name":"Masajeador portatil infrarrojo beurer MG510","isPartOf":{"@id":"https:\/\/instamedic.mx\/#website"},"primaryImageOfPage":{"@id":"https:\/\/instamedic.mx\/tienda-medica\/equipo-medico\/masajes\/masajeador-por-golpeteo-con-5-niveles-de-intensidad-bateria-de-litio-de-alto-rendimiento-y-4-cabezas-intercambiables-mg-510\/#primaryimage"},"image":{"@id":"https:\/\/instamedic.mx\/tienda-medica\/equipo-medico\/masajes\/masajeador-por-golpeteo-con-5-niveles-de-intensidad-bateria-de-litio-de-alto-rendimiento-y-4-cabezas-intercambiables-mg-510\/#primaryimage"},"thumbnailUrl":"https:\/\/instamedic.mx\/wp-content\/uploads\/2023\/10\/Masajeador-por-golpeteo-con-5-niveles-de-intensidad-Bateria-de-litio-de-alto-rendimiento-y-4-cabezas-intercambiables.webp","datePublished":"2023-10-12T01:12:45+00:00","dateModified":"2023-10-12T01:19:17+00:00","breadcrumb":{"@id":"https:\/\/instamedic.mx\/tienda-medica\/equipo-medico\/masajes\/masajeador-por-golpeteo-con-5-niveles-de-intensidad-bateria-de-litio-de-alto-rendimiento-y-4-cabezas-intercambiables-mg-510\/#breadcrumb"},"inLanguage":"en-US","potentialAction":[{"@type":"ReadAction","target":["https:\/\/instamedic.mx\/tienda-medica\/equipo-medico\/masajes\/masajeador-por-golpeteo-con-5-niveles-de-intensidad-bateria-de-litio-de-alto-rendimiento-y-4-cabezas-intercambiables-mg-510\/"]}]},{"@type":"ImageObject","inLanguage":"en-US","@id":"https:\/\/instamedic.mx\/tienda-medica\/equipo-medico\/masajes\/masajeador-por-golpeteo-con-5-niveles-de-intensidad-bateria-de-litio-de-alto-rendimiento-y-4-cabezas-intercambiables-mg-510\/#primaryimage","url":"https:\/\/instamedic.mx\/wp-content\/uploads\/2023\/10\/Masajeador-por-golpeteo-con-5-niveles-de-intensidad-Bateria-de-litio-de-alto-rendimiento-y-4-cabezas-intercambiables.webp","contentUrl":"https:\/\/instamedic.mx\/wp-content\/uploads\/2023\/10\/Masajeador-por-golpeteo-con-5-niveles-de-intensidad-Bateria-de-litio-de-alto-rendimiento-y-4-cabezas-intercambiables.webp","width":800,"height":800,"caption":"Masajeador por golpeteo con 5 niveles de intensidad, Bater\u00eda de litio de alto rendimiento y 4 cabezas intercambiables"},{"@type":"BreadcrumbList","@id":"https:\/\/instamedic.mx\/tienda-medica\/equipo-medico\/masajes\/masajeador-por-golpeteo-con-5-niveles-de-intensidad-bateria-de-litio-de-alto-rendimiento-y-4-cabezas-intercambiables-mg-510\/#breadcrumb","itemListElement":[{"@type":"ListItem","position":1,"name":"Inicio","item":"https:\/\/instamedic.mx\/"},{"@type":"ListItem","position":2,"name":"Tienda m\u00e9dica","item":"https:\/\/instamedic.mx\/tienda-medica\/"},{"@type":"ListItem","position":3,"name":"Masajeador por golpeteo con 5 niveles de intensidad, Bater\u00eda de litio de alto rendimiento y 4 cabezas intercambiables MG 510"}]},{"@type":"WebSite","@id":"https:\/\/instamedic.mx\/#website","url":"https:\/\/instamedic.mx\/","name":"INSTAMEDIC","description":"Venta de equipo m\u00e9dico, instrumental y uniformes quirpurgicos","publisher":{"@id":"https:\/\/instamedic.mx\/#organization"},"potentialAction":[{"@type":"SearchAction","target":{"@type":"EntryPoint","urlTemplate":"https:\/\/instamedic.mx\/?s={search_term_string}"},"query-input":"required name=search_term_string"}],"inLanguage":"en-US"},{"@type":"Organization","@id":"https:\/\/instamedic.mx\/#organization","name":"INSTAMEDIC","url":"https:\/\/instamedic.mx\/","logo":{"@type":"ImageObject","inLanguage":"en-US","@id":"https:\/\/instamedic.mx\/#\/schema\/logo\/image\/","url":"https:\/\/instamedic.mx\/wp-content\/uploads\/2024\/02\/Logo-instamedic.png","contentUrl":"https:\/\/instamedic.mx\/wp-content\/uploads\/2024\/02\/Logo-instamedic.png","width":500,"height":500,"caption":"INSTAMEDIC"},"image":{"@id":"https:\/\/instamedic.mx\/#\/schema\/logo\/image\/"},"sameAs":["https:\/\/www.facebook.com\/instamedicmx","https:\/\/www.instagram.com\/instamedic_mx\/"],"email":"info@instamedic.mx","telephone":"8713426247"}]}},"jetpack_sharing_enabled":true,"_links":{"self":[{"href":"https:\/\/instamedic.mx\/en\/wp-json\/wp\/v2\/product\/22270"}],"collection":[{"href":"https:\/\/instamedic.mx\/en\/wp-json\/wp\/v2\/product"}],"about":[{"href":"https:\/\/instamedic.mx\/en\/wp-json\/wp\/v2\/types\/product"}],"replies":[{"embeddable":true,"href":"https:\/\/instamedic.mx\/en\/wp-json\/wp\/v2\/comments?post=22270"}],"version-history":[{"count":1,"href":"https:\/\/instamedic.mx\/en\/wp-json\/wp\/v2\/product\/22270\/revisions"}],"predecessor-version":[{"id":22279,"href":"https:\/\/instamedic.mx\/en\/wp-json\/wp\/v2\/product\/22270\/revisions\/22279"}],"wp:featuredmedia":[{"embeddable":true,"href":"https:\/\/instamedic.mx\/en\/wp-json\/wp\/v2\/media\/22271"}],"wp:attachment":[{"href":"https:\/\/instamedic.mx\/en\/wp-json\/wp\/v2\/media?parent=22270"}],"wp:term":[{"taxonomy":"wpc-collection","embeddable":true,"href":"https:\/\/instamedic.mx\/en\/wp-json\/wp\/v2\/wpc-collection?post=22270"},{"taxonomy":"product_brand","embeddable":true,"href":"https:\/\/instamedic.mx\/en\/wp-json\/wp\/v2\/product_brand?post=22270"},{"taxonomy":"product_cat","embeddable":true,"href":"https:\/\/instamedic.mx\/en\/wp-json\/wp\/v2\/product_cat?post=22270"},{"taxonomy":"product_tag","embeddable":true,"href":"https:\/\/instamedic.mx\/en\/wp-json\/wp\/v2\/product_tag?post=22270"}],"curies":[{"name":"wp","href":"https:\/\/api.w.org\/{rel}","templated":true}]}}