{"id":22288,"date":"2023-10-12T17:25:37","date_gmt":"2023-10-12T17:25:37","guid":{"rendered":"https:\/\/instamedic.mx\/?post_type=product&#038;p=22288"},"modified":"2023-10-12T17:38:42","modified_gmt":"2023-10-12T17:38:42","slug":"bascula-digital-diagnostica-bluetooth","status":"publish","type":"product","link":"https:\/\/instamedic.mx\/en\/tienda-medica\/equipo-medico\/equipo-nutricion\/basculas\/basculas-digitales\/bascula-digital-diagnostica-bluetooth\/","title":{"rendered":"B\u00e1scula Digital Diagn\u00f3stica bluetooth"},"content":{"rendered":"<p>B\u00e1scula Bluetooth con Memoria Hasta para 8 Usuarios, An\u00e1lisis Corporal de Cuerpo Completo, Mide IMC, Grasa, Agua, Masa Muscular, Masa \u00d3sea e Indicaci\u00f3n de Calor\u00edas BMR Soporta Hasta 180 kg \/ Marca Beurer<\/p>\n<p><img decoding=\"async\" src=\"https:\/\/cdn.shopify.com\/s\/files\/1\/2961\/2964\/files\/BF600-01-BasculadiagnosticaBannerinicial.png?v=1674153605\" alt=\"\" \/><\/p>\n<p><img decoding=\"async\" src=\"https:\/\/cdn.shopify.com\/s\/files\/1\/2961\/2964\/files\/BF600-02-analisisdelcuerpo.png?v=1674153622\" alt=\"\" \/><\/p>\n<p><img decoding=\"async\" src=\"https:\/\/cdn.shopify.com\/s\/files\/1\/2961\/2964\/files\/BF600-03-bullets01.png?v=1674153706\" alt=\"\" \/><\/p>\n<p><img decoding=\"async\" src=\"https:\/\/cdn.shopify.com\/s\/files\/1\/2961\/2964\/files\/BF600-04-descripciongrafica.png?v=1674153760\" alt=\"\" \/><\/p>\n<p><img decoding=\"async\" src=\"https:\/\/cdn.shopify.com\/s\/files\/1\/2961\/2964\/files\/BF600-05-caracteristicas.png?v=1674153772\" alt=\"\" \/><\/p>\n<p><img decoding=\"async\" src=\"https:\/\/cdn.shopify.com\/s\/files\/1\/2961\/2964\/files\/BF600-06-bullets02.png?v=1674153804\" alt=\"\" \/><\/p>\n<p><img decoding=\"async\" src=\"https:\/\/cdn.shopify.com\/s\/files\/1\/2961\/2964\/files\/BF600-07-pantalla.png?v=1674153948\" alt=\"\" \/><\/p>\n<p><img decoding=\"async\" src=\"https:\/\/cdn.shopify.com\/s\/files\/1\/2961\/2964\/files\/BF600-08-conexionbluetooth.png?v=1674153962\" alt=\"\" \/><\/p>\n<p><img decoding=\"async\" src=\"https:\/\/cdn.shopify.com\/s\/files\/1\/2961\/2964\/files\/BF600-09-usos.png?v=1674153980\" alt=\"\" \/><\/p>\n<p><img decoding=\"async\" src=\"https:\/\/cdn.shopify.com\/s\/files\/1\/2961\/2964\/files\/BF600-10-contenidoencaja.png?v=1674153994\" alt=\"\" \/><\/p>\n<p>&nbsp;<\/p>\n<div class=\"table-wrapper\">\n<table class=\"table table-responsive table-sm\">\n<tbody>\n<tr>\n<td>Denominaci\u00f3n del producto<\/td>\n<td>B\u00e1scula diagn\u00f3stica<\/td>\n<\/tr>\n<tr>\n<td>Connect<\/td>\n<td>S\u00ed<\/td>\n<\/tr>\n<tr>\n<td>5 grados de actividad<\/td>\n<td>S\u00ed<\/td>\n<\/tr>\n<tr>\n<td>Pilas<\/td>\n<td>2 pilas de 1,5 V AAA<\/td>\n<\/tr>\n<tr>\n<td>Pantalla con retroiluminaci\u00f3n<\/td>\n<td>S\u00ed<\/td>\n<\/tr>\n<tr>\n<td>Posiciones de memoria de usuarios<\/td>\n<td>8<\/td>\n<\/tr>\n<tr>\n<td>C\u00e1lculo del IMC<\/td>\n<td>S\u00ed<\/td>\n<\/tr>\n<tr>\n<td>Mecanismo de encendido<\/td>\n<td>Quick-Start<\/td>\n<\/tr>\n<tr>\n<td>Electrodos<\/td>\n<td>De acero inoxidable cepillado<\/td>\n<\/tr>\n<tr>\n<td>Tama\u00f1o de la superficie de pesaje en\u00a0cm<\/td>\n<td>30 x 30<\/td>\n<\/tr>\n<tr>\n<td>Calor\u00edas_AMR<\/td>\n<td>S\u00ed<\/td>\n<\/tr>\n<tr>\n<td>Calor\u00edas_BMR<\/td>\n<td>S\u00ed<\/td>\n<\/tr>\n<tr>\n<td>Masa \u00f3sea<\/td>\n<td>S\u00ed<\/td>\n<\/tr>\n<tr>\n<td>Indicaci\u00f3n de grasa corporal<\/td>\n<td>S\u00ed<\/td>\n<\/tr>\n<tr>\n<td>Indicaci\u00f3n de agua corporal<\/td>\n<td>S\u00ed<\/td>\n<\/tr>\n<tr>\n<td>Posiciones de memoria de valores de medici\u00f3n<\/td>\n<td>30<\/td>\n<\/tr>\n<tr>\n<td>Indicaci\u00f3n de la masa muscular<\/td>\n<td>S\u00ed<\/td>\n<\/tr>\n<tr>\n<td>Dimensiones del producto en\u00a0cm<\/td>\n<td>30 x 30 x 2,1<\/td>\n<\/tr>\n<tr>\n<td>Capacidad de carga\/precisi\u00f3n<\/td>\n<td>180 kg \/ 100 g<\/td>\n<\/tr>\n<tr>\n<td>Indicador de tendencias<\/td>\n<td>En app<\/td>\n<\/tr>\n<tr>\n<td>Superficie de vidrio de seguridad<\/td>\n<td>S\u00ed<\/td>\n<\/tr>\n<tr>\n<td>Transmisi\u00f3n con<\/td>\n<td><i>Bluetooth<\/i><sup>\u00ae<\/sup><\/td>\n<\/tr>\n<tr>\n<td>Cambio<\/td>\n<td>kg\/lb\/st<\/td>\n<\/tr>\n<tr>\n<td>Tama\u00f1o de los n\u00fameros en mm<\/td>\n<td>26<\/td>\n<\/tr>\n<tr>\n<td>CE<\/td>\n<td>S\u00ed<\/td>\n<\/tr>\n<tr>\n<td>Garant\u00eda en a\u00f1os (Para obtener informaci\u00f3n sobre la garant\u00eda, consulte las instrucciones de uso.)<\/td>\n<td>3<\/td>\n<\/tr>\n<tr>\n<td>EAN<\/td>\n<td>4211125749033<\/td>\n<\/tr>\n<tr>\n<td>N\u00famero de art\u00edculo<\/td>\n<td>74903<\/td>\n<\/tr>\n<\/tbody>\n<\/table>\n<\/div>","protected":false},"excerpt":{"rendered":"<ul class=\"a-unordered-list a-vertical a-spacing-mini\">\n<li class=\"a-spacing-mini\"><span class=\"a-list-item\">B\u00e1scula de ba\u00f1o de diagn\u00f3stico compatible con la aplicaci\u00f3n Free HealthManager para registrar y evaluar tus objetivos de salud y progreso<\/span><\/li>\n<li class=\"a-spacing-mini\"><span class=\"a-list-item\">Determina tu peso corporal, grasa corporal, agua corporal, porcentaje muscular, masa \u00f3sea, AMR\/BMR y IMC<\/span><\/li>\n<li class=\"a-spacing-mini\"><span class=\"a-list-item\">8 perfiles de usuario con reconocimiento autom\u00e1tico de usuario<\/span><\/li>\n<li class=\"a-spacing-mini\"><span class=\"a-list-item\">Elegante superficie de cristal negro con una capacidad de peso de 180 kg y detecci\u00f3n de sobrecarga<\/span><\/li>\n<li class=\"a-spacing-mini\"><span class=\"a-list-item\">Pantalla iluminada f\u00e1cil de leer y operaci\u00f3n sencilla con teclas t\u00e1ctiles<\/span><\/li>\n<\/ul>","protected":false},"featured_media":22292,"comment_status":"open","ping_status":"closed","template":"","meta":[],"wpc-collection":[],"product_brand":[702],"product_cat":[711],"product_tag":[706,709,107,206],"yoast_head":"<!-- This site is optimized with the Yoast SEO Premium plugin v22.3 (Yoast SEO v22.4) - https:\/\/yoast.com\/wordpress\/plugins\/seo\/ -->\n<title>B\u00e1scula Digital Diagn\u00f3stica bluetooth | Instamedic<\/title>\n<meta name=\"robots\" content=\"index, follow, max-snippet:-1, max-image-preview:large, max-video-preview:-1\" \/>\n<link rel=\"canonical\" href=\"https:\/\/instamedic.mx\/en\/tienda-medica\/equipo-medico\/equipo-nutricion\/basculas\/basculas-digitales\/bascula-digital-diagnostica-bluetooth\/\" \/>\n<meta property=\"og:locale\" content=\"en_US\" \/>\n<meta property=\"og:type\" content=\"article\" \/>\n<meta property=\"og:title\" content=\"B\u00e1scula Digital Diagn\u00f3stica bluetooth\" \/>\n<meta property=\"og:description\" content=\"B\u00e1scula de ba\u00f1o de diagn\u00f3stico compatible con la aplicaci\u00f3n Free HealthManager para registrar y evaluar tus objetivos de salud y progreso  Determina tu peso corporal, grasa corporal, agua corporal, porcentaje muscular, masa \u00f3sea, AMR\/BMR y IMC  8 perfiles de usuario con reconocimiento autom\u00e1tico de usuario  Elegante superficie de cristal negro con una capacidad de peso de 180 kg y detecci\u00f3n de sobrecarga  Pantalla iluminada f\u00e1cil de leer y operaci\u00f3n sencilla con teclas t\u00e1ctiles\" \/>\n<meta property=\"og:url\" content=\"https:\/\/instamedic.mx\/en\/tienda-medica\/equipo-medico\/equipo-nutricion\/basculas\/basculas-digitales\/bascula-digital-diagnostica-bluetooth\/\" \/>\n<meta property=\"og:site_name\" content=\"Instamedic\" \/>\n<meta property=\"article:publisher\" content=\"https:\/\/www.facebook.com\/instamedicmx\" \/>\n<meta property=\"article:modified_time\" content=\"2023-10-12T17:38:42+00:00\" \/>\n<meta property=\"og:image\" content=\"https:\/\/instamedic.mx\/wp-content\/uploads\/2023\/10\/Bascula-digital-beurer-BF600N.webp\" \/>\n\t<meta property=\"og:image:width\" content=\"1200\" \/>\n\t<meta property=\"og:image:height\" content=\"1200\" \/>\n\t<meta property=\"og:image:type\" content=\"image\/webp\" \/>\n<meta name=\"twitter:card\" content=\"summary_large_image\" \/>\n<meta name=\"twitter:label1\" content=\"Est. reading time\" \/>\n\t<meta name=\"twitter:data1\" content=\"3 minutes\" \/>\n<script type=\"application\/ld+json\" class=\"yoast-schema-graph\">{\"@context\":\"https:\/\/schema.org\",\"@graph\":[{\"@type\":\"WebPage\",\"@id\":\"https:\/\/instamedic.mx\/tienda-medica\/equipo-medico\/equipo-nutricion\/basculas\/basculas-digitales\/bascula-digital-diagnostica-bluetooth\/\",\"url\":\"https:\/\/instamedic.mx\/tienda-medica\/equipo-medico\/equipo-nutricion\/basculas\/basculas-digitales\/bascula-digital-diagnostica-bluetooth\/\",\"name\":\"B\u00e1scula Digital Diagn\u00f3stica bluetooth | Instamedic\",\"isPartOf\":{\"@id\":\"https:\/\/instamedic.mx\/#website\"},\"primaryImageOfPage\":{\"@id\":\"https:\/\/instamedic.mx\/tienda-medica\/equipo-medico\/equipo-nutricion\/basculas\/basculas-digitales\/bascula-digital-diagnostica-bluetooth\/#primaryimage\"},\"image\":{\"@id\":\"https:\/\/instamedic.mx\/tienda-medica\/equipo-medico\/equipo-nutricion\/basculas\/basculas-digitales\/bascula-digital-diagnostica-bluetooth\/#primaryimage\"},\"thumbnailUrl\":\"https:\/\/instamedic.mx\/wp-content\/uploads\/2023\/10\/Bascula-digital-beurer-BF600N.webp\",\"datePublished\":\"2023-10-12T17:25:37+00:00\",\"dateModified\":\"2023-10-12T17:38:42+00:00\",\"breadcrumb\":{\"@id\":\"https:\/\/instamedic.mx\/tienda-medica\/equipo-medico\/equipo-nutricion\/basculas\/basculas-digitales\/bascula-digital-diagnostica-bluetooth\/#breadcrumb\"},\"inLanguage\":\"en-US\",\"potentialAction\":[{\"@type\":\"ReadAction\",\"target\":[\"https:\/\/instamedic.mx\/tienda-medica\/equipo-medico\/equipo-nutricion\/basculas\/basculas-digitales\/bascula-digital-diagnostica-bluetooth\/\"]}]},{\"@type\":\"ImageObject\",\"inLanguage\":\"en-US\",\"@id\":\"https:\/\/instamedic.mx\/tienda-medica\/equipo-medico\/equipo-nutricion\/basculas\/basculas-digitales\/bascula-digital-diagnostica-bluetooth\/#primaryimage\",\"url\":\"https:\/\/instamedic.mx\/wp-content\/uploads\/2023\/10\/Bascula-digital-beurer-BF600N.webp\",\"contentUrl\":\"https:\/\/instamedic.mx\/wp-content\/uploads\/2023\/10\/Bascula-digital-beurer-BF600N.webp\",\"width\":1200,\"height\":1200},{\"@type\":\"BreadcrumbList\",\"@id\":\"https:\/\/instamedic.mx\/tienda-medica\/equipo-medico\/equipo-nutricion\/basculas\/basculas-digitales\/bascula-digital-diagnostica-bluetooth\/#breadcrumb\",\"itemListElement\":[{\"@type\":\"ListItem\",\"position\":1,\"name\":\"Inicio\",\"item\":\"https:\/\/instamedic.mx\/\"},{\"@type\":\"ListItem\",\"position\":2,\"name\":\"Tienda m\u00e9dica\",\"item\":\"https:\/\/instamedic.mx\/tienda-medica\/\"},{\"@type\":\"ListItem\",\"position\":3,\"name\":\"B\u00e1scula Digital Diagn\u00f3stica bluetooth\"}]},{\"@type\":\"WebSite\",\"@id\":\"https:\/\/instamedic.mx\/#website\",\"url\":\"https:\/\/instamedic.mx\/\",\"name\":\"INSTAMEDIC\",\"description\":\"Venta de equipo m\u00e9dico, instrumental y uniformes quirpurgicos\",\"publisher\":{\"@id\":\"https:\/\/instamedic.mx\/#organization\"},\"potentialAction\":[{\"@type\":\"SearchAction\",\"target\":{\"@type\":\"EntryPoint\",\"urlTemplate\":\"https:\/\/instamedic.mx\/?s={search_term_string}\"},\"query-input\":\"required name=search_term_string\"}],\"inLanguage\":\"en-US\"},{\"@type\":\"Organization\",\"@id\":\"https:\/\/instamedic.mx\/#organization\",\"name\":\"INSTAMEDIC\",\"url\":\"https:\/\/instamedic.mx\/\",\"logo\":{\"@type\":\"ImageObject\",\"inLanguage\":\"en-US\",\"@id\":\"https:\/\/instamedic.mx\/#\/schema\/logo\/image\/\",\"url\":\"https:\/\/instamedic.mx\/wp-content\/uploads\/2024\/02\/Logo-instamedic.png\",\"contentUrl\":\"https:\/\/instamedic.mx\/wp-content\/uploads\/2024\/02\/Logo-instamedic.png\",\"width\":500,\"height\":500,\"caption\":\"INSTAMEDIC\"},\"image\":{\"@id\":\"https:\/\/instamedic.mx\/#\/schema\/logo\/image\/\"},\"sameAs\":[\"https:\/\/www.facebook.com\/instamedicmx\",\"https:\/\/www.instagram.com\/instamedic_mx\/\"],\"email\":\"info@instamedic.mx\",\"telephone\":\"8713426247\"}]}<\/script>\n<!-- \/ Yoast SEO Premium plugin. -->","yoast_head_json":{"title":"B\u00e1scula Digital Diagn\u00f3stica bluetooth | Instamedic","robots":{"index":"index","follow":"follow","max-snippet":"max-snippet:-1","max-image-preview":"max-image-preview:large","max-video-preview":"max-video-preview:-1"},"canonical":"https:\/\/instamedic.mx\/en\/tienda-medica\/equipo-medico\/equipo-nutricion\/basculas\/basculas-digitales\/bascula-digital-diagnostica-bluetooth\/","og_locale":"en_US","og_type":"article","og_title":"B\u00e1scula Digital Diagn\u00f3stica bluetooth","og_description":"B\u00e1scula de ba\u00f1o de diagn\u00f3stico compatible con la aplicaci\u00f3n Free HealthManager para registrar y evaluar tus objetivos de salud y progreso  Determina tu peso corporal, grasa corporal, agua corporal, porcentaje muscular, masa \u00f3sea, AMR\/BMR y IMC  8 perfiles de usuario con reconocimiento autom\u00e1tico de usuario  Elegante superficie de cristal negro con una capacidad de peso de 180 kg y detecci\u00f3n de sobrecarga  Pantalla iluminada f\u00e1cil de leer y operaci\u00f3n sencilla con teclas t\u00e1ctiles","og_url":"https:\/\/instamedic.mx\/en\/tienda-medica\/equipo-medico\/equipo-nutricion\/basculas\/basculas-digitales\/bascula-digital-diagnostica-bluetooth\/","og_site_name":"Instamedic","article_publisher":"https:\/\/www.facebook.com\/instamedicmx","article_modified_time":"2023-10-12T17:38:42+00:00","og_image":[{"width":1200,"height":1200,"url":"https:\/\/instamedic.mx\/wp-content\/uploads\/2023\/10\/Bascula-digital-beurer-BF600N.webp","type":"image\/webp"}],"twitter_card":"summary_large_image","twitter_misc":{"Est. reading time":"3 minutes"},"schema":{"@context":"https:\/\/schema.org","@graph":[{"@type":"WebPage","@id":"https:\/\/instamedic.mx\/tienda-medica\/equipo-medico\/equipo-nutricion\/basculas\/basculas-digitales\/bascula-digital-diagnostica-bluetooth\/","url":"https:\/\/instamedic.mx\/tienda-medica\/equipo-medico\/equipo-nutricion\/basculas\/basculas-digitales\/bascula-digital-diagnostica-bluetooth\/","name":"B\u00e1scula Digital Diagn\u00f3stica bluetooth | Instamedic","isPartOf":{"@id":"https:\/\/instamedic.mx\/#website"},"primaryImageOfPage":{"@id":"https:\/\/instamedic.mx\/tienda-medica\/equipo-medico\/equipo-nutricion\/basculas\/basculas-digitales\/bascula-digital-diagnostica-bluetooth\/#primaryimage"},"image":{"@id":"https:\/\/instamedic.mx\/tienda-medica\/equipo-medico\/equipo-nutricion\/basculas\/basculas-digitales\/bascula-digital-diagnostica-bluetooth\/#primaryimage"},"thumbnailUrl":"https:\/\/instamedic.mx\/wp-content\/uploads\/2023\/10\/Bascula-digital-beurer-BF600N.webp","datePublished":"2023-10-12T17:25:37+00:00","dateModified":"2023-10-12T17:38:42+00:00","breadcrumb":{"@id":"https:\/\/instamedic.mx\/tienda-medica\/equipo-medico\/equipo-nutricion\/basculas\/basculas-digitales\/bascula-digital-diagnostica-bluetooth\/#breadcrumb"},"inLanguage":"en-US","potentialAction":[{"@type":"ReadAction","target":["https:\/\/instamedic.mx\/tienda-medica\/equipo-medico\/equipo-nutricion\/basculas\/basculas-digitales\/bascula-digital-diagnostica-bluetooth\/"]}]},{"@type":"ImageObject","inLanguage":"en-US","@id":"https:\/\/instamedic.mx\/tienda-medica\/equipo-medico\/equipo-nutricion\/basculas\/basculas-digitales\/bascula-digital-diagnostica-bluetooth\/#primaryimage","url":"https:\/\/instamedic.mx\/wp-content\/uploads\/2023\/10\/Bascula-digital-beurer-BF600N.webp","contentUrl":"https:\/\/instamedic.mx\/wp-content\/uploads\/2023\/10\/Bascula-digital-beurer-BF600N.webp","width":1200,"height":1200},{"@type":"BreadcrumbList","@id":"https:\/\/instamedic.mx\/tienda-medica\/equipo-medico\/equipo-nutricion\/basculas\/basculas-digitales\/bascula-digital-diagnostica-bluetooth\/#breadcrumb","itemListElement":[{"@type":"ListItem","position":1,"name":"Inicio","item":"https:\/\/instamedic.mx\/"},{"@type":"ListItem","position":2,"name":"Tienda m\u00e9dica","item":"https:\/\/instamedic.mx\/tienda-medica\/"},{"@type":"ListItem","position":3,"name":"B\u00e1scula Digital Diagn\u00f3stica bluetooth"}]},{"@type":"WebSite","@id":"https:\/\/instamedic.mx\/#website","url":"https:\/\/instamedic.mx\/","name":"INSTAMEDIC","description":"Venta de equipo m\u00e9dico, instrumental y uniformes quirpurgicos","publisher":{"@id":"https:\/\/instamedic.mx\/#organization"},"potentialAction":[{"@type":"SearchAction","target":{"@type":"EntryPoint","urlTemplate":"https:\/\/instamedic.mx\/?s={search_term_string}"},"query-input":"required name=search_term_string"}],"inLanguage":"en-US"},{"@type":"Organization","@id":"https:\/\/instamedic.mx\/#organization","name":"INSTAMEDIC","url":"https:\/\/instamedic.mx\/","logo":{"@type":"ImageObject","inLanguage":"en-US","@id":"https:\/\/instamedic.mx\/#\/schema\/logo\/image\/","url":"https:\/\/instamedic.mx\/wp-content\/uploads\/2024\/02\/Logo-instamedic.png","contentUrl":"https:\/\/instamedic.mx\/wp-content\/uploads\/2024\/02\/Logo-instamedic.png","width":500,"height":500,"caption":"INSTAMEDIC"},"image":{"@id":"https:\/\/instamedic.mx\/#\/schema\/logo\/image\/"},"sameAs":["https:\/\/www.facebook.com\/instamedicmx","https:\/\/www.instagram.com\/instamedic_mx\/"],"email":"info@instamedic.mx","telephone":"8713426247"}]}},"jetpack_sharing_enabled":true,"_links":{"self":[{"href":"https:\/\/instamedic.mx\/en\/wp-json\/wp\/v2\/product\/22288"}],"collection":[{"href":"https:\/\/instamedic.mx\/en\/wp-json\/wp\/v2\/product"}],"about":[{"href":"https:\/\/instamedic.mx\/en\/wp-json\/wp\/v2\/types\/product"}],"replies":[{"embeddable":true,"href":"https:\/\/instamedic.mx\/en\/wp-json\/wp\/v2\/comments?post=22288"}],"version-history":[{"count":1,"href":"https:\/\/instamedic.mx\/en\/wp-json\/wp\/v2\/product\/22288\/revisions"}],"predecessor-version":[{"id":22293,"href":"https:\/\/instamedic.mx\/en\/wp-json\/wp\/v2\/product\/22288\/revisions\/22293"}],"wp:featuredmedia":[{"embeddable":true,"href":"https:\/\/instamedic.mx\/en\/wp-json\/wp\/v2\/media\/22292"}],"wp:attachment":[{"href":"https:\/\/instamedic.mx\/en\/wp-json\/wp\/v2\/media?parent=22288"}],"wp:term":[{"taxonomy":"wpc-collection","embeddable":true,"href":"https:\/\/instamedic.mx\/en\/wp-json\/wp\/v2\/wpc-collection?post=22288"},{"taxonomy":"product_brand","embeddable":true,"href":"https:\/\/instamedic.mx\/en\/wp-json\/wp\/v2\/product_brand?post=22288"},{"taxonomy":"product_cat","embeddable":true,"href":"https:\/\/instamedic.mx\/en\/wp-json\/wp\/v2\/product_cat?post=22288"},{"taxonomy":"product_tag","embeddable":true,"href":"https:\/\/instamedic.mx\/en\/wp-json\/wp\/v2\/product_tag?post=22288"}],"curies":[{"name":"wp","href":"https:\/\/api.w.org\/{rel}","templated":true}]}}