{"id":22615,"date":"2023-10-22T17:20:42","date_gmt":"2023-10-22T17:20:42","guid":{"rendered":"https:\/\/instamedic.mx\/?post_type=product&#038;p=22615"},"modified":"2024-03-21T23:07:00","modified_gmt":"2024-03-21T23:07:00","slug":"bata-medica-y-de-laboratorio-doble-stretch-con-repelente-a-fluidos-para-dama","status":"publish","type":"product","link":"https:\/\/instamedic.mx\/en\/tienda-medica\/uniformes\/batas\/batas-medicas\/bata-medica-y-de-laboratorio-doble-stretch-con-repelente-a-fluidos-para-dama\/","title":{"rendered":"Bata M\u00e9dica y de Laboratorio DOBLE STRETCH con REPELENTE A FLUIDOS para Dama"},"content":{"rendered":"<p>Cl\u00e1sica bata m\u00e9dica profesional de laboratorio para dama, CON BOT\u00d3N OCULTO, corte recto con elegante y discreta silueta femenina, 4 botones y 3 amplias bolsas delanteras.<\/p>\n<p>Tallas de la 26 a la 42.<\/p>\n<p>TELA- 80% Poli\u00e9ster y 20% Algod\u00f3n &#8211; Popelina &#8211; Color Blanco.<\/p>\n<p>Nuestros productos no tienen \u201cbolitas\u201d ni arrugas, siendo una prenda con un tacto espectacular y una vista a\u00fan mejor.<br \/>\nSus bolsas te permiten tener siempre a la mano tus accesorios y herramientas de trabajo como el estetoscopio, para que siempre est\u00e9s preparado\/a. CONSTRUCCI\u00d3N Y EXTRA: Doble remache en nuestras costuras para que la prenda tenga mayor durabilidad y resistencia. Amplia gama de colores para que tengas toda nuestra linda colecci\u00f3n.<\/p>\n<p>Empresa orgullosamente Mexicana.<\/p>","protected":false},"excerpt":{"rendered":"<p>Instamedic te presenta tu Bata de Dama profesional, es moderna, elegante y con el corte acinturado te ver\u00e1s s\u00faper femenina en tu trabajo o tus pr\u00e1cticas.<\/p>","protected":false},"featured_media":22624,"comment_status":"open","ping_status":"closed","template":"","meta":[],"wpc-collection":[],"product_brand":[],"product_cat":[158,239,197],"product_tag":[199,198,166],"yoast_head":"<!-- This site is optimized with the Yoast SEO Premium plugin v22.3 (Yoast SEO v22.4) - https:\/\/yoast.com\/wordpress\/plugins\/seo\/ -->\n<title>Bata M\u00e9dica y de Laboratorio DOBLE STRETCH con REPELENTE A FLUIDOS para Dama | INSTAMEDIC<\/title>\n<meta name=\"robots\" content=\"index, follow, max-snippet:-1, max-image-preview:large, max-video-preview:-1\" \/>\n<link rel=\"canonical\" href=\"https:\/\/instamedic.mx\/en\/tienda-medica\/uniformes\/batas\/batas-medicas\/bata-medica-y-de-laboratorio-doble-stretch-con-repelente-a-fluidos-para-dama\/\" \/>\n<meta property=\"og:locale\" content=\"en_US\" \/>\n<meta property=\"og:type\" content=\"article\" \/>\n<meta property=\"og:title\" content=\"Bata M\u00e9dica y de Laboratorio DOBLE STRETCH con REPELENTE A FLUIDOS para Dama\" \/>\n<meta property=\"og:description\" content=\"Instamedic te presenta tu Bata de Dama profesional, es moderna, elegante y con el corte acinturado te ver\u00e1s s\u00faper femenina en tu trabajo o tus pr\u00e1cticas.\" \/>\n<meta property=\"og:url\" content=\"https:\/\/instamedic.mx\/en\/tienda-medica\/uniformes\/batas\/batas-medicas\/bata-medica-y-de-laboratorio-doble-stretch-con-repelente-a-fluidos-para-dama\/\" \/>\n<meta property=\"og:site_name\" content=\"Instamedic\" \/>\n<meta property=\"article:publisher\" content=\"https:\/\/www.facebook.com\/instamedicmx\" \/>\n<meta property=\"article:modified_time\" content=\"2024-03-21T23:07:00+00:00\" \/>\n<meta property=\"og:image\" content=\"https:\/\/instamedic.mx\/wp-content\/uploads\/2023\/10\/Bata-medica-y-de-laboratorio-doble-stretch-repelente-a-fluidos.webp\" \/>\n\t<meta property=\"og:image:width\" content=\"1365\" \/>\n\t<meta property=\"og:image:height\" content=\"2048\" \/>\n\t<meta property=\"og:image:type\" content=\"image\/webp\" \/>\n<meta name=\"twitter:card\" content=\"summary_large_image\" \/>\n<meta name=\"twitter:label1\" content=\"Est. reading time\" \/>\n\t<meta name=\"twitter:data1\" content=\"1 minute\" \/>\n<script type=\"application\/ld+json\" class=\"yoast-schema-graph\">{\"@context\":\"https:\/\/schema.org\",\"@graph\":[{\"@type\":\"WebPage\",\"@id\":\"https:\/\/instamedic.mx\/tienda-medica\/uniformes\/batas\/batas-medicas\/bata-medica-y-de-laboratorio-doble-stretch-con-repelente-a-fluidos-para-dama\/\",\"url\":\"https:\/\/instamedic.mx\/tienda-medica\/uniformes\/batas\/batas-medicas\/bata-medica-y-de-laboratorio-doble-stretch-con-repelente-a-fluidos-para-dama\/\",\"name\":\"Bata M\u00e9dica y de Laboratorio DOBLE STRETCH con REPELENTE A FLUIDOS para Dama | INSTAMEDIC\",\"isPartOf\":{\"@id\":\"https:\/\/instamedic.mx\/#website\"},\"primaryImageOfPage\":{\"@id\":\"https:\/\/instamedic.mx\/tienda-medica\/uniformes\/batas\/batas-medicas\/bata-medica-y-de-laboratorio-doble-stretch-con-repelente-a-fluidos-para-dama\/#primaryimage\"},\"image\":{\"@id\":\"https:\/\/instamedic.mx\/tienda-medica\/uniformes\/batas\/batas-medicas\/bata-medica-y-de-laboratorio-doble-stretch-con-repelente-a-fluidos-para-dama\/#primaryimage\"},\"thumbnailUrl\":\"https:\/\/instamedic.mx\/wp-content\/uploads\/2023\/10\/Bata-medica-y-de-laboratorio-doble-stretch-repelente-a-fluidos.webp\",\"datePublished\":\"2023-10-22T17:20:42+00:00\",\"dateModified\":\"2024-03-21T23:07:00+00:00\",\"breadcrumb\":{\"@id\":\"https:\/\/instamedic.mx\/tienda-medica\/uniformes\/batas\/batas-medicas\/bata-medica-y-de-laboratorio-doble-stretch-con-repelente-a-fluidos-para-dama\/#breadcrumb\"},\"inLanguage\":\"en-US\",\"potentialAction\":[{\"@type\":\"ReadAction\",\"target\":[\"https:\/\/instamedic.mx\/tienda-medica\/uniformes\/batas\/batas-medicas\/bata-medica-y-de-laboratorio-doble-stretch-con-repelente-a-fluidos-para-dama\/\"]}]},{\"@type\":\"ImageObject\",\"inLanguage\":\"en-US\",\"@id\":\"https:\/\/instamedic.mx\/tienda-medica\/uniformes\/batas\/batas-medicas\/bata-medica-y-de-laboratorio-doble-stretch-con-repelente-a-fluidos-para-dama\/#primaryimage\",\"url\":\"https:\/\/instamedic.mx\/wp-content\/uploads\/2023\/10\/Bata-medica-y-de-laboratorio-doble-stretch-repelente-a-fluidos.webp\",\"contentUrl\":\"https:\/\/instamedic.mx\/wp-content\/uploads\/2023\/10\/Bata-medica-y-de-laboratorio-doble-stretch-repelente-a-fluidos.webp\",\"width\":1365,\"height\":2048,\"caption\":\"Bata m\u00e9dica y de laboratorio doble stretch repelente a fluidos\"},{\"@type\":\"BreadcrumbList\",\"@id\":\"https:\/\/instamedic.mx\/tienda-medica\/uniformes\/batas\/batas-medicas\/bata-medica-y-de-laboratorio-doble-stretch-con-repelente-a-fluidos-para-dama\/#breadcrumb\",\"itemListElement\":[{\"@type\":\"ListItem\",\"position\":1,\"name\":\"Inicio\",\"item\":\"https:\/\/instamedic.mx\/\"},{\"@type\":\"ListItem\",\"position\":2,\"name\":\"Tienda m\u00e9dica\",\"item\":\"https:\/\/instamedic.mx\/tienda-medica\/\"},{\"@type\":\"ListItem\",\"position\":3,\"name\":\"Bata M\u00e9dica y de Laboratorio DOBLE STRETCH con REPELENTE A FLUIDOS para Dama\"}]},{\"@type\":\"WebSite\",\"@id\":\"https:\/\/instamedic.mx\/#website\",\"url\":\"https:\/\/instamedic.mx\/\",\"name\":\"INSTAMEDIC\",\"description\":\"Venta de equipo m\u00e9dico, instrumental y uniformes quirpurgicos\",\"publisher\":{\"@id\":\"https:\/\/instamedic.mx\/#organization\"},\"potentialAction\":[{\"@type\":\"SearchAction\",\"target\":{\"@type\":\"EntryPoint\",\"urlTemplate\":\"https:\/\/instamedic.mx\/?s={search_term_string}\"},\"query-input\":\"required name=search_term_string\"}],\"inLanguage\":\"en-US\"},{\"@type\":\"Organization\",\"@id\":\"https:\/\/instamedic.mx\/#organization\",\"name\":\"INSTAMEDIC\",\"url\":\"https:\/\/instamedic.mx\/\",\"logo\":{\"@type\":\"ImageObject\",\"inLanguage\":\"en-US\",\"@id\":\"https:\/\/instamedic.mx\/#\/schema\/logo\/image\/\",\"url\":\"https:\/\/instamedic.mx\/wp-content\/uploads\/2024\/02\/Logo-instamedic.png\",\"contentUrl\":\"https:\/\/instamedic.mx\/wp-content\/uploads\/2024\/02\/Logo-instamedic.png\",\"width\":500,\"height\":500,\"caption\":\"INSTAMEDIC\"},\"image\":{\"@id\":\"https:\/\/instamedic.mx\/#\/schema\/logo\/image\/\"},\"sameAs\":[\"https:\/\/www.facebook.com\/instamedicmx\",\"https:\/\/www.instagram.com\/instamedic_mx\/\"],\"email\":\"info@instamedic.mx\",\"telephone\":\"8713426247\"}]}<\/script>\n<!-- \/ Yoast SEO Premium plugin. -->","yoast_head_json":{"title":"Bata M\u00e9dica y de Laboratorio DOBLE STRETCH con REPELENTE A FLUIDOS para Dama | INSTAMEDIC","robots":{"index":"index","follow":"follow","max-snippet":"max-snippet:-1","max-image-preview":"max-image-preview:large","max-video-preview":"max-video-preview:-1"},"canonical":"https:\/\/instamedic.mx\/en\/tienda-medica\/uniformes\/batas\/batas-medicas\/bata-medica-y-de-laboratorio-doble-stretch-con-repelente-a-fluidos-para-dama\/","og_locale":"en_US","og_type":"article","og_title":"Bata M\u00e9dica y de Laboratorio DOBLE STRETCH con REPELENTE A FLUIDOS para Dama","og_description":"Instamedic te presenta tu Bata de Dama profesional, es moderna, elegante y con el corte acinturado te ver\u00e1s s\u00faper femenina en tu trabajo o tus pr\u00e1cticas.","og_url":"https:\/\/instamedic.mx\/en\/tienda-medica\/uniformes\/batas\/batas-medicas\/bata-medica-y-de-laboratorio-doble-stretch-con-repelente-a-fluidos-para-dama\/","og_site_name":"Instamedic","article_publisher":"https:\/\/www.facebook.com\/instamedicmx","article_modified_time":"2024-03-21T23:07:00+00:00","og_image":[{"width":1365,"height":2048,"url":"https:\/\/instamedic.mx\/wp-content\/uploads\/2023\/10\/Bata-medica-y-de-laboratorio-doble-stretch-repelente-a-fluidos.webp","type":"image\/webp"}],"twitter_card":"summary_large_image","twitter_misc":{"Est. reading time":"1 minute"},"schema":{"@context":"https:\/\/schema.org","@graph":[{"@type":"WebPage","@id":"https:\/\/instamedic.mx\/tienda-medica\/uniformes\/batas\/batas-medicas\/bata-medica-y-de-laboratorio-doble-stretch-con-repelente-a-fluidos-para-dama\/","url":"https:\/\/instamedic.mx\/tienda-medica\/uniformes\/batas\/batas-medicas\/bata-medica-y-de-laboratorio-doble-stretch-con-repelente-a-fluidos-para-dama\/","name":"Bata M\u00e9dica y de Laboratorio DOBLE STRETCH con REPELENTE A FLUIDOS para Dama | INSTAMEDIC","isPartOf":{"@id":"https:\/\/instamedic.mx\/#website"},"primaryImageOfPage":{"@id":"https:\/\/instamedic.mx\/tienda-medica\/uniformes\/batas\/batas-medicas\/bata-medica-y-de-laboratorio-doble-stretch-con-repelente-a-fluidos-para-dama\/#primaryimage"},"image":{"@id":"https:\/\/instamedic.mx\/tienda-medica\/uniformes\/batas\/batas-medicas\/bata-medica-y-de-laboratorio-doble-stretch-con-repelente-a-fluidos-para-dama\/#primaryimage"},"thumbnailUrl":"https:\/\/instamedic.mx\/wp-content\/uploads\/2023\/10\/Bata-medica-y-de-laboratorio-doble-stretch-repelente-a-fluidos.webp","datePublished":"2023-10-22T17:20:42+00:00","dateModified":"2024-03-21T23:07:00+00:00","breadcrumb":{"@id":"https:\/\/instamedic.mx\/tienda-medica\/uniformes\/batas\/batas-medicas\/bata-medica-y-de-laboratorio-doble-stretch-con-repelente-a-fluidos-para-dama\/#breadcrumb"},"inLanguage":"en-US","potentialAction":[{"@type":"ReadAction","target":["https:\/\/instamedic.mx\/tienda-medica\/uniformes\/batas\/batas-medicas\/bata-medica-y-de-laboratorio-doble-stretch-con-repelente-a-fluidos-para-dama\/"]}]},{"@type":"ImageObject","inLanguage":"en-US","@id":"https:\/\/instamedic.mx\/tienda-medica\/uniformes\/batas\/batas-medicas\/bata-medica-y-de-laboratorio-doble-stretch-con-repelente-a-fluidos-para-dama\/#primaryimage","url":"https:\/\/instamedic.mx\/wp-content\/uploads\/2023\/10\/Bata-medica-y-de-laboratorio-doble-stretch-repelente-a-fluidos.webp","contentUrl":"https:\/\/instamedic.mx\/wp-content\/uploads\/2023\/10\/Bata-medica-y-de-laboratorio-doble-stretch-repelente-a-fluidos.webp","width":1365,"height":2048,"caption":"Bata m\u00e9dica y de laboratorio doble stretch repelente a fluidos"},{"@type":"BreadcrumbList","@id":"https:\/\/instamedic.mx\/tienda-medica\/uniformes\/batas\/batas-medicas\/bata-medica-y-de-laboratorio-doble-stretch-con-repelente-a-fluidos-para-dama\/#breadcrumb","itemListElement":[{"@type":"ListItem","position":1,"name":"Inicio","item":"https:\/\/instamedic.mx\/"},{"@type":"ListItem","position":2,"name":"Tienda m\u00e9dica","item":"https:\/\/instamedic.mx\/tienda-medica\/"},{"@type":"ListItem","position":3,"name":"Bata M\u00e9dica y de Laboratorio DOBLE STRETCH con REPELENTE A FLUIDOS para Dama"}]},{"@type":"WebSite","@id":"https:\/\/instamedic.mx\/#website","url":"https:\/\/instamedic.mx\/","name":"INSTAMEDIC","description":"Venta de equipo m\u00e9dico, instrumental y uniformes quirpurgicos","publisher":{"@id":"https:\/\/instamedic.mx\/#organization"},"potentialAction":[{"@type":"SearchAction","target":{"@type":"EntryPoint","urlTemplate":"https:\/\/instamedic.mx\/?s={search_term_string}"},"query-input":"required name=search_term_string"}],"inLanguage":"en-US"},{"@type":"Organization","@id":"https:\/\/instamedic.mx\/#organization","name":"INSTAMEDIC","url":"https:\/\/instamedic.mx\/","logo":{"@type":"ImageObject","inLanguage":"en-US","@id":"https:\/\/instamedic.mx\/#\/schema\/logo\/image\/","url":"https:\/\/instamedic.mx\/wp-content\/uploads\/2024\/02\/Logo-instamedic.png","contentUrl":"https:\/\/instamedic.mx\/wp-content\/uploads\/2024\/02\/Logo-instamedic.png","width":500,"height":500,"caption":"INSTAMEDIC"},"image":{"@id":"https:\/\/instamedic.mx\/#\/schema\/logo\/image\/"},"sameAs":["https:\/\/www.facebook.com\/instamedicmx","https:\/\/www.instagram.com\/instamedic_mx\/"],"email":"info@instamedic.mx","telephone":"8713426247"}]}},"jetpack_sharing_enabled":true,"_links":{"self":[{"href":"https:\/\/instamedic.mx\/en\/wp-json\/wp\/v2\/product\/22615"}],"collection":[{"href":"https:\/\/instamedic.mx\/en\/wp-json\/wp\/v2\/product"}],"about":[{"href":"https:\/\/instamedic.mx\/en\/wp-json\/wp\/v2\/types\/product"}],"replies":[{"embeddable":true,"href":"https:\/\/instamedic.mx\/en\/wp-json\/wp\/v2\/comments?post=22615"}],"version-history":[{"count":1,"href":"https:\/\/instamedic.mx\/en\/wp-json\/wp\/v2\/product\/22615\/revisions"}],"predecessor-version":[{"id":22630,"href":"https:\/\/instamedic.mx\/en\/wp-json\/wp\/v2\/product\/22615\/revisions\/22630"}],"wp:featuredmedia":[{"embeddable":true,"href":"https:\/\/instamedic.mx\/en\/wp-json\/wp\/v2\/media\/22624"}],"wp:attachment":[{"href":"https:\/\/instamedic.mx\/en\/wp-json\/wp\/v2\/media?parent=22615"}],"wp:term":[{"taxonomy":"wpc-collection","embeddable":true,"href":"https:\/\/instamedic.mx\/en\/wp-json\/wp\/v2\/wpc-collection?post=22615"},{"taxonomy":"product_brand","embeddable":true,"href":"https:\/\/instamedic.mx\/en\/wp-json\/wp\/v2\/product_brand?post=22615"},{"taxonomy":"product_cat","embeddable":true,"href":"https:\/\/instamedic.mx\/en\/wp-json\/wp\/v2\/product_cat?post=22615"},{"taxonomy":"product_tag","embeddable":true,"href":"https:\/\/instamedic.mx\/en\/wp-json\/wp\/v2\/product_tag?post=22615"}],"curies":[{"name":"wp","href":"https:\/\/api.w.org\/{rel}","templated":true}]}}