{"id":22673,"date":"2023-10-25T01:10:47","date_gmt":"2023-10-25T01:10:47","guid":{"rendered":"https:\/\/instamedic.mx\/?post_type=product&#038;p=22673"},"modified":"2023-10-25T01:11:22","modified_gmt":"2023-10-25T01:11:22","slug":"tijera-quirurgica-metzenbaum-curva-acero-aleman","status":"publish","type":"product","link":"https:\/\/instamedic.mx\/en\/tienda-medica\/instrumental-medico\/tijeras\/metzenbaum\/tijera-quirurgica-metzenbaum-curva-acero-aleman\/","title":{"rendered":"Tijera quir\u00fargica Metzenbaum curva Acero aleman"},"content":{"rendered":"<p>La Tijera Metzenbaum posee unas mand\u00edbulas duras, es una tijera muy dura y larga utilizada en la cirug\u00eda cuando se realizan operaciones quir\u00fargicas. Las tijeras de Metzenbaum son un tipo de herramienta quir\u00fargica usado t\u00edpicamente para cortar tejidos suaves delicados.<\/p>","protected":false},"excerpt":{"rendered":"<p>Utilizadas en tejidos profundos o vasos de dif\u00edcil acceso. Con su punta curva se puede acceder a zonas de m\u00e1s dif\u00edcil acceso y profundas con mucha m\u00e1s facilidad que las rectas.<\/p>\n<p>Tijera Metzenbaum, curva longitud de 140 a 270mm.<\/p>\n<p><strong>Clasificaci\u00f3n:<\/strong><\/p>\n<ul>\n<li>Longitud de 140 a 180mm \u2013 TIJERA DE DISECCI\u00d3N<\/li>\n<li>Longitud de 200 a 270mm \u00a0&#8211; TIJERA ABDOMINAL<\/li>\n<\/ul>\n<p><strong>Uso recomendado:\u00a0<\/strong>CIRUG\u00cdA GENERAL<\/p>\n<p><strong>Funciones:<\/strong><\/p>\n<ul>\n<li>Longitud de 140 a 180mm &#8211; Cortar y disecar en procedimientos finos<\/li>\n<li>Longitud de 200 a 270mm &#8211; Cortar y disecar en diferentes procedimientos quir\u00fargicos<strong style=\"letter-spacing: 0px;\">\u00a0<\/strong><\/li>\n<\/ul>","protected":false},"featured_media":22661,"comment_status":"open","ping_status":"closed","template":"","meta":[],"wpc-collection":[],"product_brand":[],"product_cat":[698],"product_tag":[772,699,700,430],"yoast_head":"<!-- This site is optimized with the Yoast SEO Premium plugin v22.3 (Yoast SEO v22.4) - https:\/\/yoast.com\/wordpress\/plugins\/seo\/ -->\n<title>Tijera quir\u00fargica Metzenbaum curva Acero aleman | Instamedic<\/title>\n<meta name=\"robots\" content=\"index, follow, max-snippet:-1, max-image-preview:large, max-video-preview:-1\" \/>\n<link rel=\"canonical\" href=\"https:\/\/instamedic.mx\/en\/tienda-medica\/instrumental-medico\/tijeras\/metzenbaum\/tijera-quirurgica-metzenbaum-curva-acero-aleman\/\" \/>\n<meta property=\"og:locale\" content=\"en_US\" \/>\n<meta property=\"og:type\" content=\"article\" \/>\n<meta property=\"og:title\" content=\"Tijera quir\u00fargica Metzenbaum curva Acero aleman\" \/>\n<meta property=\"og:description\" content=\"Utilizadas en tejidos profundos o vasos de dif\u00edcil acceso. Con su punta curva se puede acceder a zonas de m\u00e1s dif\u00edcil acceso y profundas con mucha m\u00e1s facilidad que las rectas.  Tijera Metzenbaum, curva longitud de 140 a 270mm.  Clasificaci\u00f3n:   Longitud de 140 a 180mm \u2013 TIJERA DE DISECCI\u00d3N  Longitud de 200 a 270mm \u00a0- TIJERA ABDOMINAL  Uso recomendado:\u00a0CIRUG\u00cdA GENERAL  Funciones:   Longitud de 140 a 180mm - Cortar y disecar en procedimientos finos  Longitud de 200 a 270mm - Cortar y disecar en diferentes procedimientos quir\u00fargicos\u00a0\" \/>\n<meta property=\"og:url\" content=\"https:\/\/instamedic.mx\/en\/tienda-medica\/instrumental-medico\/tijeras\/metzenbaum\/tijera-quirurgica-metzenbaum-curva-acero-aleman\/\" \/>\n<meta property=\"og:site_name\" content=\"Instamedic\" \/>\n<meta property=\"article:publisher\" content=\"https:\/\/www.facebook.com\/instamedicmx\" \/>\n<meta property=\"article:modified_time\" content=\"2023-10-25T01:11:22+00:00\" \/>\n<meta property=\"og:image\" content=\"https:\/\/instamedic.mx\/wp-content\/uploads\/2023\/10\/Tijera-Metzembaum-curva-acero-aleman2.webp\" \/>\n\t<meta property=\"og:image:width\" content=\"1800\" \/>\n\t<meta property=\"og:image:height\" content=\"1800\" \/>\n\t<meta property=\"og:image:type\" content=\"image\/webp\" \/>\n<meta name=\"twitter:card\" content=\"summary_large_image\" \/>\n<meta name=\"twitter:label1\" content=\"Est. reading time\" \/>\n\t<meta name=\"twitter:data1\" content=\"1 minute\" \/>\n<script type=\"application\/ld+json\" class=\"yoast-schema-graph\">{\"@context\":\"https:\/\/schema.org\",\"@graph\":[{\"@type\":\"WebPage\",\"@id\":\"https:\/\/instamedic.mx\/tienda-medica\/instrumental-medico\/tijeras\/metzenbaum\/tijera-quirurgica-metzenbaum-curva-acero-aleman\/\",\"url\":\"https:\/\/instamedic.mx\/tienda-medica\/instrumental-medico\/tijeras\/metzenbaum\/tijera-quirurgica-metzenbaum-curva-acero-aleman\/\",\"name\":\"Tijera quir\u00fargica Metzenbaum curva Acero aleman | Instamedic\",\"isPartOf\":{\"@id\":\"https:\/\/instamedic.mx\/#website\"},\"primaryImageOfPage\":{\"@id\":\"https:\/\/instamedic.mx\/tienda-medica\/instrumental-medico\/tijeras\/metzenbaum\/tijera-quirurgica-metzenbaum-curva-acero-aleman\/#primaryimage\"},\"image\":{\"@id\":\"https:\/\/instamedic.mx\/tienda-medica\/instrumental-medico\/tijeras\/metzenbaum\/tijera-quirurgica-metzenbaum-curva-acero-aleman\/#primaryimage\"},\"thumbnailUrl\":\"https:\/\/instamedic.mx\/wp-content\/uploads\/2023\/10\/Tijera-Metzembaum-curva-acero-aleman2.webp\",\"datePublished\":\"2023-10-25T01:10:47+00:00\",\"dateModified\":\"2023-10-25T01:11:22+00:00\",\"breadcrumb\":{\"@id\":\"https:\/\/instamedic.mx\/tienda-medica\/instrumental-medico\/tijeras\/metzenbaum\/tijera-quirurgica-metzenbaum-curva-acero-aleman\/#breadcrumb\"},\"inLanguage\":\"en-US\",\"potentialAction\":[{\"@type\":\"ReadAction\",\"target\":[\"https:\/\/instamedic.mx\/tienda-medica\/instrumental-medico\/tijeras\/metzenbaum\/tijera-quirurgica-metzenbaum-curva-acero-aleman\/\"]}]},{\"@type\":\"ImageObject\",\"inLanguage\":\"en-US\",\"@id\":\"https:\/\/instamedic.mx\/tienda-medica\/instrumental-medico\/tijeras\/metzenbaum\/tijera-quirurgica-metzenbaum-curva-acero-aleman\/#primaryimage\",\"url\":\"https:\/\/instamedic.mx\/wp-content\/uploads\/2023\/10\/Tijera-Metzembaum-curva-acero-aleman2.webp\",\"contentUrl\":\"https:\/\/instamedic.mx\/wp-content\/uploads\/2023\/10\/Tijera-Metzembaum-curva-acero-aleman2.webp\",\"width\":1800,\"height\":1800},{\"@type\":\"BreadcrumbList\",\"@id\":\"https:\/\/instamedic.mx\/tienda-medica\/instrumental-medico\/tijeras\/metzenbaum\/tijera-quirurgica-metzenbaum-curva-acero-aleman\/#breadcrumb\",\"itemListElement\":[{\"@type\":\"ListItem\",\"position\":1,\"name\":\"Inicio\",\"item\":\"https:\/\/instamedic.mx\/\"},{\"@type\":\"ListItem\",\"position\":2,\"name\":\"Tienda m\u00e9dica\",\"item\":\"https:\/\/instamedic.mx\/tienda-medica\/\"},{\"@type\":\"ListItem\",\"position\":3,\"name\":\"Tijera quir\u00fargica Metzenbaum curva Acero aleman\"}]},{\"@type\":\"WebSite\",\"@id\":\"https:\/\/instamedic.mx\/#website\",\"url\":\"https:\/\/instamedic.mx\/\",\"name\":\"INSTAMEDIC\",\"description\":\"Venta de equipo m\u00e9dico, instrumental y uniformes quirpurgicos\",\"publisher\":{\"@id\":\"https:\/\/instamedic.mx\/#organization\"},\"potentialAction\":[{\"@type\":\"SearchAction\",\"target\":{\"@type\":\"EntryPoint\",\"urlTemplate\":\"https:\/\/instamedic.mx\/?s={search_term_string}\"},\"query-input\":\"required name=search_term_string\"}],\"inLanguage\":\"en-US\"},{\"@type\":\"Organization\",\"@id\":\"https:\/\/instamedic.mx\/#organization\",\"name\":\"INSTAMEDIC\",\"url\":\"https:\/\/instamedic.mx\/\",\"logo\":{\"@type\":\"ImageObject\",\"inLanguage\":\"en-US\",\"@id\":\"https:\/\/instamedic.mx\/#\/schema\/logo\/image\/\",\"url\":\"https:\/\/instamedic.mx\/wp-content\/uploads\/2024\/02\/Logo-instamedic.png\",\"contentUrl\":\"https:\/\/instamedic.mx\/wp-content\/uploads\/2024\/02\/Logo-instamedic.png\",\"width\":500,\"height\":500,\"caption\":\"INSTAMEDIC\"},\"image\":{\"@id\":\"https:\/\/instamedic.mx\/#\/schema\/logo\/image\/\"},\"sameAs\":[\"https:\/\/www.facebook.com\/instamedicmx\",\"https:\/\/www.instagram.com\/instamedic_mx\/\"],\"email\":\"info@instamedic.mx\",\"telephone\":\"8713426247\"}]}<\/script>\n<!-- \/ Yoast SEO Premium plugin. -->","yoast_head_json":{"title":"Tijera quir\u00fargica Metzenbaum curva Acero aleman | Instamedic","robots":{"index":"index","follow":"follow","max-snippet":"max-snippet:-1","max-image-preview":"max-image-preview:large","max-video-preview":"max-video-preview:-1"},"canonical":"https:\/\/instamedic.mx\/en\/tienda-medica\/instrumental-medico\/tijeras\/metzenbaum\/tijera-quirurgica-metzenbaum-curva-acero-aleman\/","og_locale":"en_US","og_type":"article","og_title":"Tijera quir\u00fargica Metzenbaum curva Acero aleman","og_description":"Utilizadas en tejidos profundos o vasos de dif\u00edcil acceso. Con su punta curva se puede acceder a zonas de m\u00e1s dif\u00edcil acceso y profundas con mucha m\u00e1s facilidad que las rectas.  Tijera Metzenbaum, curva longitud de 140 a 270mm.  Clasificaci\u00f3n:   Longitud de 140 a 180mm \u2013 TIJERA DE DISECCI\u00d3N  Longitud de 200 a 270mm \u00a0- TIJERA ABDOMINAL  Uso recomendado:\u00a0CIRUG\u00cdA GENERAL  Funciones:   Longitud de 140 a 180mm - Cortar y disecar en procedimientos finos  Longitud de 200 a 270mm - Cortar y disecar en diferentes procedimientos quir\u00fargicos\u00a0","og_url":"https:\/\/instamedic.mx\/en\/tienda-medica\/instrumental-medico\/tijeras\/metzenbaum\/tijera-quirurgica-metzenbaum-curva-acero-aleman\/","og_site_name":"Instamedic","article_publisher":"https:\/\/www.facebook.com\/instamedicmx","article_modified_time":"2023-10-25T01:11:22+00:00","og_image":[{"width":1800,"height":1800,"url":"https:\/\/instamedic.mx\/wp-content\/uploads\/2023\/10\/Tijera-Metzembaum-curva-acero-aleman2.webp","type":"image\/webp"}],"twitter_card":"summary_large_image","twitter_misc":{"Est. reading time":"1 minute"},"schema":{"@context":"https:\/\/schema.org","@graph":[{"@type":"WebPage","@id":"https:\/\/instamedic.mx\/tienda-medica\/instrumental-medico\/tijeras\/metzenbaum\/tijera-quirurgica-metzenbaum-curva-acero-aleman\/","url":"https:\/\/instamedic.mx\/tienda-medica\/instrumental-medico\/tijeras\/metzenbaum\/tijera-quirurgica-metzenbaum-curva-acero-aleman\/","name":"Tijera quir\u00fargica Metzenbaum curva Acero aleman | Instamedic","isPartOf":{"@id":"https:\/\/instamedic.mx\/#website"},"primaryImageOfPage":{"@id":"https:\/\/instamedic.mx\/tienda-medica\/instrumental-medico\/tijeras\/metzenbaum\/tijera-quirurgica-metzenbaum-curva-acero-aleman\/#primaryimage"},"image":{"@id":"https:\/\/instamedic.mx\/tienda-medica\/instrumental-medico\/tijeras\/metzenbaum\/tijera-quirurgica-metzenbaum-curva-acero-aleman\/#primaryimage"},"thumbnailUrl":"https:\/\/instamedic.mx\/wp-content\/uploads\/2023\/10\/Tijera-Metzembaum-curva-acero-aleman2.webp","datePublished":"2023-10-25T01:10:47+00:00","dateModified":"2023-10-25T01:11:22+00:00","breadcrumb":{"@id":"https:\/\/instamedic.mx\/tienda-medica\/instrumental-medico\/tijeras\/metzenbaum\/tijera-quirurgica-metzenbaum-curva-acero-aleman\/#breadcrumb"},"inLanguage":"en-US","potentialAction":[{"@type":"ReadAction","target":["https:\/\/instamedic.mx\/tienda-medica\/instrumental-medico\/tijeras\/metzenbaum\/tijera-quirurgica-metzenbaum-curva-acero-aleman\/"]}]},{"@type":"ImageObject","inLanguage":"en-US","@id":"https:\/\/instamedic.mx\/tienda-medica\/instrumental-medico\/tijeras\/metzenbaum\/tijera-quirurgica-metzenbaum-curva-acero-aleman\/#primaryimage","url":"https:\/\/instamedic.mx\/wp-content\/uploads\/2023\/10\/Tijera-Metzembaum-curva-acero-aleman2.webp","contentUrl":"https:\/\/instamedic.mx\/wp-content\/uploads\/2023\/10\/Tijera-Metzembaum-curva-acero-aleman2.webp","width":1800,"height":1800},{"@type":"BreadcrumbList","@id":"https:\/\/instamedic.mx\/tienda-medica\/instrumental-medico\/tijeras\/metzenbaum\/tijera-quirurgica-metzenbaum-curva-acero-aleman\/#breadcrumb","itemListElement":[{"@type":"ListItem","position":1,"name":"Inicio","item":"https:\/\/instamedic.mx\/"},{"@type":"ListItem","position":2,"name":"Tienda m\u00e9dica","item":"https:\/\/instamedic.mx\/tienda-medica\/"},{"@type":"ListItem","position":3,"name":"Tijera quir\u00fargica Metzenbaum curva Acero aleman"}]},{"@type":"WebSite","@id":"https:\/\/instamedic.mx\/#website","url":"https:\/\/instamedic.mx\/","name":"INSTAMEDIC","description":"Venta de equipo m\u00e9dico, instrumental y uniformes quirpurgicos","publisher":{"@id":"https:\/\/instamedic.mx\/#organization"},"potentialAction":[{"@type":"SearchAction","target":{"@type":"EntryPoint","urlTemplate":"https:\/\/instamedic.mx\/?s={search_term_string}"},"query-input":"required name=search_term_string"}],"inLanguage":"en-US"},{"@type":"Organization","@id":"https:\/\/instamedic.mx\/#organization","name":"INSTAMEDIC","url":"https:\/\/instamedic.mx\/","logo":{"@type":"ImageObject","inLanguage":"en-US","@id":"https:\/\/instamedic.mx\/#\/schema\/logo\/image\/","url":"https:\/\/instamedic.mx\/wp-content\/uploads\/2024\/02\/Logo-instamedic.png","contentUrl":"https:\/\/instamedic.mx\/wp-content\/uploads\/2024\/02\/Logo-instamedic.png","width":500,"height":500,"caption":"INSTAMEDIC"},"image":{"@id":"https:\/\/instamedic.mx\/#\/schema\/logo\/image\/"},"sameAs":["https:\/\/www.facebook.com\/instamedicmx","https:\/\/www.instagram.com\/instamedic_mx\/"],"email":"info@instamedic.mx","telephone":"8713426247"}]}},"jetpack_sharing_enabled":true,"_links":{"self":[{"href":"https:\/\/instamedic.mx\/en\/wp-json\/wp\/v2\/product\/22673"}],"collection":[{"href":"https:\/\/instamedic.mx\/en\/wp-json\/wp\/v2\/product"}],"about":[{"href":"https:\/\/instamedic.mx\/en\/wp-json\/wp\/v2\/types\/product"}],"replies":[{"embeddable":true,"href":"https:\/\/instamedic.mx\/en\/wp-json\/wp\/v2\/comments?post=22673"}],"version-history":[{"count":1,"href":"https:\/\/instamedic.mx\/en\/wp-json\/wp\/v2\/product\/22673\/revisions"}],"predecessor-version":[{"id":22681,"href":"https:\/\/instamedic.mx\/en\/wp-json\/wp\/v2\/product\/22673\/revisions\/22681"}],"wp:featuredmedia":[{"embeddable":true,"href":"https:\/\/instamedic.mx\/en\/wp-json\/wp\/v2\/media\/22661"}],"wp:attachment":[{"href":"https:\/\/instamedic.mx\/en\/wp-json\/wp\/v2\/media?parent=22673"}],"wp:term":[{"taxonomy":"wpc-collection","embeddable":true,"href":"https:\/\/instamedic.mx\/en\/wp-json\/wp\/v2\/wpc-collection?post=22673"},{"taxonomy":"product_brand","embeddable":true,"href":"https:\/\/instamedic.mx\/en\/wp-json\/wp\/v2\/product_brand?post=22673"},{"taxonomy":"product_cat","embeddable":true,"href":"https:\/\/instamedic.mx\/en\/wp-json\/wp\/v2\/product_cat?post=22673"},{"taxonomy":"product_tag","embeddable":true,"href":"https:\/\/instamedic.mx\/en\/wp-json\/wp\/v2\/product_tag?post=22673"}],"curies":[{"name":"wp","href":"https:\/\/api.w.org\/{rel}","templated":true}]}}