{"id":22902,"date":"2024-03-11T22:58:11","date_gmt":"2024-03-11T22:58:11","guid":{"rendered":"https:\/\/instamedic.mx\/?post_type=product&#038;p=22902"},"modified":"2024-03-11T23:00:00","modified_gmt":"2024-03-11T23:00:00","slug":"alicata-recta-con-doble-muelle-para-pie","status":"publish","type":"product","link":"https:\/\/instamedic.mx\/en\/tienda-medica\/instrumental-medico\/alicatas\/alicata-recta-con-doble-muelle-para-pie\/","title":{"rendered":"Alicata recta con doble muelle para pie"},"content":{"rendered":"<p>Alicata recta con muelle doble sin seguro de acero inoxidable<br \/>\n<span class=\"TextRun SCXW247184329 BCX0\" lang=\"EN-US\" xml:lang=\"EN-US\" data-contrast=\"none\"><span class=\"NormalTextRun SCXW247184329 BCX0\">Esta\u00a0<strong>pinza para cut\u00edculas\u00a0<\/strong><\/span><span class=\"NormalTextRun SCXW247184329 BCX0\">cuenta con cuchillas afiladas perfectamente alineadas para un corte preciso. Ideal para cut\u00edculas y hangnails. Su acci\u00f3n de resorte le proporcionar\u00e1 un corte limpio cada vez y evitar\u00e1 tirar.<\/span><\/span><\/p>\n<p>Caracteristicas principales<\/p>\n<ul>\n<li>Mango antideslizante<\/li>\n<li>Acero inoxidable alem\u00e1n<\/li>\n<li>Doble muelle<\/li>\n<li>Doble Cuchilla<\/li>\n<li>Corte preciso<\/li>\n<\/ul>\n<p>&nbsp;<\/p>","protected":false},"excerpt":{"rendered":"<p>Alicata recta con muelle doble sin seguro de acero inoxidable<br \/>\n<span class=\"TextRun SCXW247184329 BCX0\" lang=\"EN-US\" xml:lang=\"EN-US\" data-contrast=\"none\"><span class=\"NormalTextRun SCXW247184329 BCX0\">Esta\u00a0<strong>pinza para cut\u00edculas\u00a0<\/strong><\/span><span class=\"NormalTextRun SCXW247184329 BCX0\">cuenta con cuchillas afiladas perfectamente alineadas para un corte preciso. Ideal para cut\u00edculas y hangnails. Su acci\u00f3n de resorte le proporcionar\u00e1 un corte limpio cada vez y evitar\u00e1 tirar.<\/span><\/span><\/p>\n<p>Caracteristicas principales<\/p>\n<ul>\n<li>Mango antideslizante<\/li>\n<li>Acero inoxidable alem\u00e1n<\/li>\n<li>Doble muelle<\/li>\n<li>Doble Cuchilla<\/li>\n<li>Corte preciso<\/li>\n<\/ul>","protected":false},"featured_media":22907,"comment_status":"open","ping_status":"closed","template":"","meta":[],"wpc-collection":[],"product_brand":[691],"product_cat":[788],"product_tag":[772,791,504,505,508],"yoast_head":"<!-- This site is optimized with the Yoast SEO Premium plugin v22.3 (Yoast SEO v22.4) - https:\/\/yoast.com\/wordpress\/plugins\/seo\/ -->\n<title>Alicata recta con doble muelle para pie | Instamedic<\/title>\n<meta name=\"robots\" content=\"index, follow, max-snippet:-1, max-image-preview:large, max-video-preview:-1\" \/>\n<link rel=\"canonical\" href=\"https:\/\/instamedic.mx\/en\/tienda-medica\/instrumental-medico\/alicatas\/alicata-recta-con-doble-muelle-para-pie\/\" \/>\n<meta property=\"og:locale\" content=\"en_US\" \/>\n<meta property=\"og:type\" content=\"article\" \/>\n<meta property=\"og:title\" content=\"Alicata recta con doble muelle para pie\" \/>\n<meta property=\"og:description\" content=\"Alicata recta con muelle doble sin seguro de acero inoxidable Esta\u00a0pinza para cut\u00edculas\u00a0cuenta con cuchillas afiladas perfectamente alineadas para un corte preciso. Ideal para cut\u00edculas y hangnails. Su acci\u00f3n de resorte le proporcionar\u00e1 un corte limpio cada vez y evitar\u00e1 tirar.  Caracteristicas principales   Mango antideslizante  Acero inoxidable alem\u00e1n  Doble muelle  Doble Cuchilla  Corte preciso\" \/>\n<meta property=\"og:url\" content=\"https:\/\/instamedic.mx\/en\/tienda-medica\/instrumental-medico\/alicatas\/alicata-recta-con-doble-muelle-para-pie\/\" \/>\n<meta property=\"og:site_name\" content=\"Instamedic\" \/>\n<meta property=\"article:publisher\" content=\"https:\/\/www.facebook.com\/instamedicmx\" \/>\n<meta property=\"article:modified_time\" content=\"2024-03-11T23:00:00+00:00\" \/>\n<meta property=\"og:image\" content=\"https:\/\/instamedic.mx\/wp-content\/uploads\/2024\/03\/Alicata-recta-para-pies.webp\" \/>\n\t<meta property=\"og:image:width\" content=\"1200\" \/>\n\t<meta property=\"og:image:height\" content=\"1200\" \/>\n\t<meta property=\"og:image:type\" content=\"image\/webp\" \/>\n<meta name=\"twitter:card\" content=\"summary_large_image\" \/>\n<meta name=\"twitter:label1\" content=\"Est. reading time\" \/>\n\t<meta name=\"twitter:data1\" content=\"1 minute\" \/>\n<script type=\"application\/ld+json\" class=\"yoast-schema-graph\">{\"@context\":\"https:\/\/schema.org\",\"@graph\":[{\"@type\":\"WebPage\",\"@id\":\"https:\/\/instamedic.mx\/tienda-medica\/instrumental-medico\/alicatas\/alicata-recta-con-doble-muelle-para-pie\/\",\"url\":\"https:\/\/instamedic.mx\/tienda-medica\/instrumental-medico\/alicatas\/alicata-recta-con-doble-muelle-para-pie\/\",\"name\":\"Alicata recta con doble muelle para pie | Instamedic\",\"isPartOf\":{\"@id\":\"https:\/\/instamedic.mx\/#website\"},\"primaryImageOfPage\":{\"@id\":\"https:\/\/instamedic.mx\/tienda-medica\/instrumental-medico\/alicatas\/alicata-recta-con-doble-muelle-para-pie\/#primaryimage\"},\"image\":{\"@id\":\"https:\/\/instamedic.mx\/tienda-medica\/instrumental-medico\/alicatas\/alicata-recta-con-doble-muelle-para-pie\/#primaryimage\"},\"thumbnailUrl\":\"https:\/\/instamedic.mx\/wp-content\/uploads\/2024\/03\/Alicata-recta-para-pies.webp\",\"datePublished\":\"2024-03-11T22:58:11+00:00\",\"dateModified\":\"2024-03-11T23:00:00+00:00\",\"breadcrumb\":{\"@id\":\"https:\/\/instamedic.mx\/tienda-medica\/instrumental-medico\/alicatas\/alicata-recta-con-doble-muelle-para-pie\/#breadcrumb\"},\"inLanguage\":\"en-US\",\"potentialAction\":[{\"@type\":\"ReadAction\",\"target\":[\"https:\/\/instamedic.mx\/tienda-medica\/instrumental-medico\/alicatas\/alicata-recta-con-doble-muelle-para-pie\/\"]}]},{\"@type\":\"ImageObject\",\"inLanguage\":\"en-US\",\"@id\":\"https:\/\/instamedic.mx\/tienda-medica\/instrumental-medico\/alicatas\/alicata-recta-con-doble-muelle-para-pie\/#primaryimage\",\"url\":\"https:\/\/instamedic.mx\/wp-content\/uploads\/2024\/03\/Alicata-recta-para-pies.webp\",\"contentUrl\":\"https:\/\/instamedic.mx\/wp-content\/uploads\/2024\/03\/Alicata-recta-para-pies.webp\",\"width\":1200,\"height\":1200},{\"@type\":\"BreadcrumbList\",\"@id\":\"https:\/\/instamedic.mx\/tienda-medica\/instrumental-medico\/alicatas\/alicata-recta-con-doble-muelle-para-pie\/#breadcrumb\",\"itemListElement\":[{\"@type\":\"ListItem\",\"position\":1,\"name\":\"Inicio\",\"item\":\"https:\/\/instamedic.mx\/\"},{\"@type\":\"ListItem\",\"position\":2,\"name\":\"Tienda m\u00e9dica\",\"item\":\"https:\/\/instamedic.mx\/tienda-medica\/\"},{\"@type\":\"ListItem\",\"position\":3,\"name\":\"Alicata recta con doble muelle para pie\"}]},{\"@type\":\"WebSite\",\"@id\":\"https:\/\/instamedic.mx\/#website\",\"url\":\"https:\/\/instamedic.mx\/\",\"name\":\"INSTAMEDIC\",\"description\":\"Venta de equipo m\u00e9dico, instrumental y uniformes quirpurgicos\",\"publisher\":{\"@id\":\"https:\/\/instamedic.mx\/#organization\"},\"potentialAction\":[{\"@type\":\"SearchAction\",\"target\":{\"@type\":\"EntryPoint\",\"urlTemplate\":\"https:\/\/instamedic.mx\/?s={search_term_string}\"},\"query-input\":\"required name=search_term_string\"}],\"inLanguage\":\"en-US\"},{\"@type\":\"Organization\",\"@id\":\"https:\/\/instamedic.mx\/#organization\",\"name\":\"INSTAMEDIC\",\"url\":\"https:\/\/instamedic.mx\/\",\"logo\":{\"@type\":\"ImageObject\",\"inLanguage\":\"en-US\",\"@id\":\"https:\/\/instamedic.mx\/#\/schema\/logo\/image\/\",\"url\":\"https:\/\/instamedic.mx\/wp-content\/uploads\/2024\/02\/Logo-instamedic.png\",\"contentUrl\":\"https:\/\/instamedic.mx\/wp-content\/uploads\/2024\/02\/Logo-instamedic.png\",\"width\":500,\"height\":500,\"caption\":\"INSTAMEDIC\"},\"image\":{\"@id\":\"https:\/\/instamedic.mx\/#\/schema\/logo\/image\/\"},\"sameAs\":[\"https:\/\/www.facebook.com\/instamedicmx\",\"https:\/\/www.instagram.com\/instamedic_mx\/\"],\"email\":\"info@instamedic.mx\",\"telephone\":\"8713426247\"}]}<\/script>\n<!-- \/ Yoast SEO Premium plugin. -->","yoast_head_json":{"title":"Alicata recta con doble muelle para pie | Instamedic","robots":{"index":"index","follow":"follow","max-snippet":"max-snippet:-1","max-image-preview":"max-image-preview:large","max-video-preview":"max-video-preview:-1"},"canonical":"https:\/\/instamedic.mx\/en\/tienda-medica\/instrumental-medico\/alicatas\/alicata-recta-con-doble-muelle-para-pie\/","og_locale":"en_US","og_type":"article","og_title":"Alicata recta con doble muelle para pie","og_description":"Alicata recta con muelle doble sin seguro de acero inoxidable Esta\u00a0pinza para cut\u00edculas\u00a0cuenta con cuchillas afiladas perfectamente alineadas para un corte preciso. Ideal para cut\u00edculas y hangnails. Su acci\u00f3n de resorte le proporcionar\u00e1 un corte limpio cada vez y evitar\u00e1 tirar.  Caracteristicas principales   Mango antideslizante  Acero inoxidable alem\u00e1n  Doble muelle  Doble Cuchilla  Corte preciso","og_url":"https:\/\/instamedic.mx\/en\/tienda-medica\/instrumental-medico\/alicatas\/alicata-recta-con-doble-muelle-para-pie\/","og_site_name":"Instamedic","article_publisher":"https:\/\/www.facebook.com\/instamedicmx","article_modified_time":"2024-03-11T23:00:00+00:00","og_image":[{"width":1200,"height":1200,"url":"https:\/\/instamedic.mx\/wp-content\/uploads\/2024\/03\/Alicata-recta-para-pies.webp","type":"image\/webp"}],"twitter_card":"summary_large_image","twitter_misc":{"Est. reading time":"1 minute"},"schema":{"@context":"https:\/\/schema.org","@graph":[{"@type":"WebPage","@id":"https:\/\/instamedic.mx\/tienda-medica\/instrumental-medico\/alicatas\/alicata-recta-con-doble-muelle-para-pie\/","url":"https:\/\/instamedic.mx\/tienda-medica\/instrumental-medico\/alicatas\/alicata-recta-con-doble-muelle-para-pie\/","name":"Alicata recta con doble muelle para pie | Instamedic","isPartOf":{"@id":"https:\/\/instamedic.mx\/#website"},"primaryImageOfPage":{"@id":"https:\/\/instamedic.mx\/tienda-medica\/instrumental-medico\/alicatas\/alicata-recta-con-doble-muelle-para-pie\/#primaryimage"},"image":{"@id":"https:\/\/instamedic.mx\/tienda-medica\/instrumental-medico\/alicatas\/alicata-recta-con-doble-muelle-para-pie\/#primaryimage"},"thumbnailUrl":"https:\/\/instamedic.mx\/wp-content\/uploads\/2024\/03\/Alicata-recta-para-pies.webp","datePublished":"2024-03-11T22:58:11+00:00","dateModified":"2024-03-11T23:00:00+00:00","breadcrumb":{"@id":"https:\/\/instamedic.mx\/tienda-medica\/instrumental-medico\/alicatas\/alicata-recta-con-doble-muelle-para-pie\/#breadcrumb"},"inLanguage":"en-US","potentialAction":[{"@type":"ReadAction","target":["https:\/\/instamedic.mx\/tienda-medica\/instrumental-medico\/alicatas\/alicata-recta-con-doble-muelle-para-pie\/"]}]},{"@type":"ImageObject","inLanguage":"en-US","@id":"https:\/\/instamedic.mx\/tienda-medica\/instrumental-medico\/alicatas\/alicata-recta-con-doble-muelle-para-pie\/#primaryimage","url":"https:\/\/instamedic.mx\/wp-content\/uploads\/2024\/03\/Alicata-recta-para-pies.webp","contentUrl":"https:\/\/instamedic.mx\/wp-content\/uploads\/2024\/03\/Alicata-recta-para-pies.webp","width":1200,"height":1200},{"@type":"BreadcrumbList","@id":"https:\/\/instamedic.mx\/tienda-medica\/instrumental-medico\/alicatas\/alicata-recta-con-doble-muelle-para-pie\/#breadcrumb","itemListElement":[{"@type":"ListItem","position":1,"name":"Inicio","item":"https:\/\/instamedic.mx\/"},{"@type":"ListItem","position":2,"name":"Tienda m\u00e9dica","item":"https:\/\/instamedic.mx\/tienda-medica\/"},{"@type":"ListItem","position":3,"name":"Alicata recta con doble muelle para pie"}]},{"@type":"WebSite","@id":"https:\/\/instamedic.mx\/#website","url":"https:\/\/instamedic.mx\/","name":"INSTAMEDIC","description":"Venta de equipo m\u00e9dico, instrumental y uniformes quirpurgicos","publisher":{"@id":"https:\/\/instamedic.mx\/#organization"},"potentialAction":[{"@type":"SearchAction","target":{"@type":"EntryPoint","urlTemplate":"https:\/\/instamedic.mx\/?s={search_term_string}"},"query-input":"required name=search_term_string"}],"inLanguage":"en-US"},{"@type":"Organization","@id":"https:\/\/instamedic.mx\/#organization","name":"INSTAMEDIC","url":"https:\/\/instamedic.mx\/","logo":{"@type":"ImageObject","inLanguage":"en-US","@id":"https:\/\/instamedic.mx\/#\/schema\/logo\/image\/","url":"https:\/\/instamedic.mx\/wp-content\/uploads\/2024\/02\/Logo-instamedic.png","contentUrl":"https:\/\/instamedic.mx\/wp-content\/uploads\/2024\/02\/Logo-instamedic.png","width":500,"height":500,"caption":"INSTAMEDIC"},"image":{"@id":"https:\/\/instamedic.mx\/#\/schema\/logo\/image\/"},"sameAs":["https:\/\/www.facebook.com\/instamedicmx","https:\/\/www.instagram.com\/instamedic_mx\/"],"email":"info@instamedic.mx","telephone":"8713426247"}]}},"jetpack_sharing_enabled":true,"_links":{"self":[{"href":"https:\/\/instamedic.mx\/en\/wp-json\/wp\/v2\/product\/22902"}],"collection":[{"href":"https:\/\/instamedic.mx\/en\/wp-json\/wp\/v2\/product"}],"about":[{"href":"https:\/\/instamedic.mx\/en\/wp-json\/wp\/v2\/types\/product"}],"replies":[{"embeddable":true,"href":"https:\/\/instamedic.mx\/en\/wp-json\/wp\/v2\/comments?post=22902"}],"version-history":[{"count":2,"href":"https:\/\/instamedic.mx\/en\/wp-json\/wp\/v2\/product\/22902\/revisions"}],"predecessor-version":[{"id":22910,"href":"https:\/\/instamedic.mx\/en\/wp-json\/wp\/v2\/product\/22902\/revisions\/22910"}],"wp:featuredmedia":[{"embeddable":true,"href":"https:\/\/instamedic.mx\/en\/wp-json\/wp\/v2\/media\/22907"}],"wp:attachment":[{"href":"https:\/\/instamedic.mx\/en\/wp-json\/wp\/v2\/media?parent=22902"}],"wp:term":[{"taxonomy":"wpc-collection","embeddable":true,"href":"https:\/\/instamedic.mx\/en\/wp-json\/wp\/v2\/wpc-collection?post=22902"},{"taxonomy":"product_brand","embeddable":true,"href":"https:\/\/instamedic.mx\/en\/wp-json\/wp\/v2\/product_brand?post=22902"},{"taxonomy":"product_cat","embeddable":true,"href":"https:\/\/instamedic.mx\/en\/wp-json\/wp\/v2\/product_cat?post=22902"},{"taxonomy":"product_tag","embeddable":true,"href":"https:\/\/instamedic.mx\/en\/wp-json\/wp\/v2\/product_tag?post=22902"}],"curies":[{"name":"wp","href":"https:\/\/api.w.org\/{rel}","templated":true}]}}