{"id":23071,"date":"2024-03-17T19:46:44","date_gmt":"2024-03-17T19:46:44","guid":{"rendered":"https:\/\/instamedic.mx\/?post_type=product&#038;p=23071"},"modified":"2024-03-17T20:07:38","modified_gmt":"2024-03-17T20:07:38","slug":"charola-para-instrumental-de-podologia","status":"publish","type":"product","link":"https:\/\/instamedic.mx\/en\/tienda-medica\/instrumental-medico\/charolas-de-acero\/charola-para-instrumental-de-podologia\/","title":{"rendered":"Charola para Instrumental de Podolog\u00eda"},"content":{"rendered":"<h2>Caracter\u00edsticas<\/h2>\n<div class=\"body\">\n<ul>\n<li>Resistente y f\u00e1cil de limpiar<\/li>\n<li>Fabricado con material de alta calidad<\/li>\n<li>Es un instrumento indispensable para cualquier especialista en podolog\u00eda<\/li>\n<li>El material del que est\u00e1 fabricado evita que los instrumentos se contaminen, o adhieran bacterias, cuando se est\u00e9n utilizando.<\/li>\n<\/ul>\n<h2>Description<\/h2>\n<div class=\"body\">\n<ul>\n<li>Charola de podolog\u00eda de Acero Inoxidable Calibre 20,<\/li>\n<li>Fabricada con acero inoxidable calibre 20,<\/li>\n<li>Acanalada para instrumental<\/li>\n<li>Con orilla y puntas curvas.,<\/li>\n<li>Esterilizable.<\/li>\n<\/ul>\n<\/div>\n<\/div>\n<h2>Especificaciones<\/h2>\n<div class=\"body\">\n<h3>Cuanto mide una charola de podolog\u00eda<\/h3>\n<p>Las Dimensiones son: 11 centimetros de largo x 20 centimetros de ancho x 1.7 centimetros de profundidad .<\/p>\n<p>&nbsp;<\/p>\n<\/div>\n<h2>Usos<\/h2>\n<div class=\"body\">\n<ul>\n<li>Ideal para Podologia y Manicuria.<\/li>\n<\/ul>\n<p><a href=\"https:\/\/www.youtube.com\/watch?v=cTqCxu5qvII\">Vea como montar una mesa\u00a0\u00a0<\/a><\/p>\n<\/div>","protected":false},"excerpt":{"rendered":"<p><strong>Ideal para Podologia y Manicuria.<\/strong><\/p>\n<h2>Caracteristicas de la charola de podolog\u00eda<\/h2>\n<ul>\n<li>Charola de podolog\u00eda de Acero Inoxidable Calibre 20<\/li>\n<li>Acanalada para instrumental\u00a0evita que los instrumentos se contaminen, o adhieran bacterias, cuando se est\u00e9n utilizando.<\/li>\n<li>Con orilla y puntas curvas.,<\/li>\n<li>Esterilizable.<\/li>\n<li>medidas 11 centimetros de largo x 20 centimetros de ancho x 1.7 centimetros de profundidad .<\/li>\n<\/ul>","protected":false},"featured_media":23074,"comment_status":"open","ping_status":"closed","template":"","meta":[],"wpc-collection":[],"product_brand":[691],"product_cat":[175],"product_tag":[772,455,178,504,505],"yoast_head":"<!-- This site is optimized with the Yoast SEO Premium plugin v22.3 (Yoast SEO v22.4) - https:\/\/yoast.com\/wordpress\/plugins\/seo\/ -->\n<title>\u25b7 Charola para Instrumental de Podolog\u00eda | precios de mayoreo<\/title>\n<meta name=\"description\" content=\"\u2705 Charola para instrumental de podolog\u00eda y manicura Ideal para transportar instrumental quir\u00fargico, Resistente y f\u00e1cil de limpiar, acero alem\u00e1n\" \/>\n<meta name=\"robots\" content=\"index, follow, max-snippet:-1, max-image-preview:large, max-video-preview:-1\" \/>\n<link rel=\"canonical\" href=\"https:\/\/instamedic.mx\/en\/tienda-medica\/instrumental-medico\/charolas-de-acero\/charola-para-instrumental-de-podologia\/\" \/>\n<meta property=\"og:locale\" content=\"en_US\" \/>\n<meta property=\"og:type\" content=\"article\" \/>\n<meta property=\"og:title\" content=\"Charola para Instrumental de Podolog\u00eda\" \/>\n<meta property=\"og:description\" content=\"\u2705 Charola para instrumental de podolog\u00eda y manicura Ideal para transportar instrumental quir\u00fargico, Resistente y f\u00e1cil de limpiar, acero alem\u00e1n\" \/>\n<meta property=\"og:url\" content=\"https:\/\/instamedic.mx\/en\/tienda-medica\/instrumental-medico\/charolas-de-acero\/charola-para-instrumental-de-podologia\/\" \/>\n<meta property=\"og:site_name\" content=\"Instamedic\" \/>\n<meta property=\"article:publisher\" content=\"https:\/\/www.facebook.com\/instamedicmx\" \/>\n<meta property=\"article:modified_time\" content=\"2024-03-17T20:07:38+00:00\" \/>\n<meta property=\"og:image\" content=\"https:\/\/instamedic.mx\/wp-content\/uploads\/2024\/03\/Charola-para-instrumental-de-podologia-acanalada.webp\" \/>\n\t<meta property=\"og:image:width\" content=\"1200\" \/>\n\t<meta property=\"og:image:height\" content=\"1200\" \/>\n\t<meta property=\"og:image:type\" content=\"image\/webp\" \/>\n<meta name=\"twitter:card\" content=\"summary_large_image\" \/>\n<meta name=\"twitter:label1\" content=\"Est. reading time\" \/>\n\t<meta name=\"twitter:data1\" content=\"1 minute\" \/>\n<script type=\"application\/ld+json\" class=\"yoast-schema-graph\">{\"@context\":\"https:\/\/schema.org\",\"@graph\":[{\"@type\":\"WebPage\",\"@id\":\"https:\/\/instamedic.mx\/tienda-medica\/instrumental-medico\/charolas-de-acero\/charola-para-instrumental-de-podologia\/\",\"url\":\"https:\/\/instamedic.mx\/tienda-medica\/instrumental-medico\/charolas-de-acero\/charola-para-instrumental-de-podologia\/\",\"name\":\"\u25b7 Charola para Instrumental de Podolog\u00eda | precios de mayoreo\",\"isPartOf\":{\"@id\":\"https:\/\/instamedic.mx\/#website\"},\"primaryImageOfPage\":{\"@id\":\"https:\/\/instamedic.mx\/tienda-medica\/instrumental-medico\/charolas-de-acero\/charola-para-instrumental-de-podologia\/#primaryimage\"},\"image\":{\"@id\":\"https:\/\/instamedic.mx\/tienda-medica\/instrumental-medico\/charolas-de-acero\/charola-para-instrumental-de-podologia\/#primaryimage\"},\"thumbnailUrl\":\"https:\/\/instamedic.mx\/wp-content\/uploads\/2024\/03\/Charola-para-instrumental-de-podologia-acanalada.webp\",\"datePublished\":\"2024-03-17T19:46:44+00:00\",\"dateModified\":\"2024-03-17T20:07:38+00:00\",\"description\":\"\u2705 Charola para instrumental de podolog\u00eda y manicura Ideal para transportar instrumental quir\u00fargico, Resistente y f\u00e1cil de limpiar, acero alem\u00e1n\",\"breadcrumb\":{\"@id\":\"https:\/\/instamedic.mx\/tienda-medica\/instrumental-medico\/charolas-de-acero\/charola-para-instrumental-de-podologia\/#breadcrumb\"},\"inLanguage\":\"en-US\",\"potentialAction\":[{\"@type\":\"ReadAction\",\"target\":[\"https:\/\/instamedic.mx\/tienda-medica\/instrumental-medico\/charolas-de-acero\/charola-para-instrumental-de-podologia\/\"]}]},{\"@type\":\"ImageObject\",\"inLanguage\":\"en-US\",\"@id\":\"https:\/\/instamedic.mx\/tienda-medica\/instrumental-medico\/charolas-de-acero\/charola-para-instrumental-de-podologia\/#primaryimage\",\"url\":\"https:\/\/instamedic.mx\/wp-content\/uploads\/2024\/03\/Charola-para-instrumental-de-podologia-acanalada.webp\",\"contentUrl\":\"https:\/\/instamedic.mx\/wp-content\/uploads\/2024\/03\/Charola-para-instrumental-de-podologia-acanalada.webp\",\"width\":1200,\"height\":1200},{\"@type\":\"BreadcrumbList\",\"@id\":\"https:\/\/instamedic.mx\/tienda-medica\/instrumental-medico\/charolas-de-acero\/charola-para-instrumental-de-podologia\/#breadcrumb\",\"itemListElement\":[{\"@type\":\"ListItem\",\"position\":1,\"name\":\"Inicio\",\"item\":\"https:\/\/instamedic.mx\/\"},{\"@type\":\"ListItem\",\"position\":2,\"name\":\"Tienda m\u00e9dica\",\"item\":\"https:\/\/instamedic.mx\/tienda-medica\/\"},{\"@type\":\"ListItem\",\"position\":3,\"name\":\"Charola para Instrumental de Podolog\u00eda\"}]},{\"@type\":\"WebSite\",\"@id\":\"https:\/\/instamedic.mx\/#website\",\"url\":\"https:\/\/instamedic.mx\/\",\"name\":\"INSTAMEDIC\",\"description\":\"Venta de equipo m\u00e9dico, instrumental y uniformes quirpurgicos\",\"publisher\":{\"@id\":\"https:\/\/instamedic.mx\/#organization\"},\"potentialAction\":[{\"@type\":\"SearchAction\",\"target\":{\"@type\":\"EntryPoint\",\"urlTemplate\":\"https:\/\/instamedic.mx\/?s={search_term_string}\"},\"query-input\":\"required name=search_term_string\"}],\"inLanguage\":\"en-US\"},{\"@type\":\"Organization\",\"@id\":\"https:\/\/instamedic.mx\/#organization\",\"name\":\"INSTAMEDIC\",\"url\":\"https:\/\/instamedic.mx\/\",\"logo\":{\"@type\":\"ImageObject\",\"inLanguage\":\"en-US\",\"@id\":\"https:\/\/instamedic.mx\/#\/schema\/logo\/image\/\",\"url\":\"https:\/\/instamedic.mx\/wp-content\/uploads\/2024\/02\/Logo-instamedic.png\",\"contentUrl\":\"https:\/\/instamedic.mx\/wp-content\/uploads\/2024\/02\/Logo-instamedic.png\",\"width\":500,\"height\":500,\"caption\":\"INSTAMEDIC\"},\"image\":{\"@id\":\"https:\/\/instamedic.mx\/#\/schema\/logo\/image\/\"},\"sameAs\":[\"https:\/\/www.facebook.com\/instamedicmx\",\"https:\/\/www.instagram.com\/instamedic_mx\/\"],\"email\":\"info@instamedic.mx\",\"telephone\":\"8713426247\"}]}<\/script>\n<!-- \/ Yoast SEO Premium plugin. -->","yoast_head_json":{"title":"\u25b7 Charola para Instrumental de Podolog\u00eda | precios de mayoreo","description":"\u2705 Charola para instrumental de podolog\u00eda y manicura Ideal para transportar instrumental quir\u00fargico, Resistente y f\u00e1cil de limpiar, acero alem\u00e1n","robots":{"index":"index","follow":"follow","max-snippet":"max-snippet:-1","max-image-preview":"max-image-preview:large","max-video-preview":"max-video-preview:-1"},"canonical":"https:\/\/instamedic.mx\/en\/tienda-medica\/instrumental-medico\/charolas-de-acero\/charola-para-instrumental-de-podologia\/","og_locale":"en_US","og_type":"article","og_title":"Charola para Instrumental de Podolog\u00eda","og_description":"\u2705 Charola para instrumental de podolog\u00eda y manicura Ideal para transportar instrumental quir\u00fargico, Resistente y f\u00e1cil de limpiar, acero alem\u00e1n","og_url":"https:\/\/instamedic.mx\/en\/tienda-medica\/instrumental-medico\/charolas-de-acero\/charola-para-instrumental-de-podologia\/","og_site_name":"Instamedic","article_publisher":"https:\/\/www.facebook.com\/instamedicmx","article_modified_time":"2024-03-17T20:07:38+00:00","og_image":[{"width":1200,"height":1200,"url":"https:\/\/instamedic.mx\/wp-content\/uploads\/2024\/03\/Charola-para-instrumental-de-podologia-acanalada.webp","type":"image\/webp"}],"twitter_card":"summary_large_image","twitter_misc":{"Est. reading time":"1 minute"},"schema":{"@context":"https:\/\/schema.org","@graph":[{"@type":"WebPage","@id":"https:\/\/instamedic.mx\/tienda-medica\/instrumental-medico\/charolas-de-acero\/charola-para-instrumental-de-podologia\/","url":"https:\/\/instamedic.mx\/tienda-medica\/instrumental-medico\/charolas-de-acero\/charola-para-instrumental-de-podologia\/","name":"\u25b7 Charola para Instrumental de Podolog\u00eda | precios de mayoreo","isPartOf":{"@id":"https:\/\/instamedic.mx\/#website"},"primaryImageOfPage":{"@id":"https:\/\/instamedic.mx\/tienda-medica\/instrumental-medico\/charolas-de-acero\/charola-para-instrumental-de-podologia\/#primaryimage"},"image":{"@id":"https:\/\/instamedic.mx\/tienda-medica\/instrumental-medico\/charolas-de-acero\/charola-para-instrumental-de-podologia\/#primaryimage"},"thumbnailUrl":"https:\/\/instamedic.mx\/wp-content\/uploads\/2024\/03\/Charola-para-instrumental-de-podologia-acanalada.webp","datePublished":"2024-03-17T19:46:44+00:00","dateModified":"2024-03-17T20:07:38+00:00","description":"\u2705 Charola para instrumental de podolog\u00eda y manicura Ideal para transportar instrumental quir\u00fargico, Resistente y f\u00e1cil de limpiar, acero alem\u00e1n","breadcrumb":{"@id":"https:\/\/instamedic.mx\/tienda-medica\/instrumental-medico\/charolas-de-acero\/charola-para-instrumental-de-podologia\/#breadcrumb"},"inLanguage":"en-US","potentialAction":[{"@type":"ReadAction","target":["https:\/\/instamedic.mx\/tienda-medica\/instrumental-medico\/charolas-de-acero\/charola-para-instrumental-de-podologia\/"]}]},{"@type":"ImageObject","inLanguage":"en-US","@id":"https:\/\/instamedic.mx\/tienda-medica\/instrumental-medico\/charolas-de-acero\/charola-para-instrumental-de-podologia\/#primaryimage","url":"https:\/\/instamedic.mx\/wp-content\/uploads\/2024\/03\/Charola-para-instrumental-de-podologia-acanalada.webp","contentUrl":"https:\/\/instamedic.mx\/wp-content\/uploads\/2024\/03\/Charola-para-instrumental-de-podologia-acanalada.webp","width":1200,"height":1200},{"@type":"BreadcrumbList","@id":"https:\/\/instamedic.mx\/tienda-medica\/instrumental-medico\/charolas-de-acero\/charola-para-instrumental-de-podologia\/#breadcrumb","itemListElement":[{"@type":"ListItem","position":1,"name":"Inicio","item":"https:\/\/instamedic.mx\/"},{"@type":"ListItem","position":2,"name":"Tienda m\u00e9dica","item":"https:\/\/instamedic.mx\/tienda-medica\/"},{"@type":"ListItem","position":3,"name":"Charola para Instrumental de Podolog\u00eda"}]},{"@type":"WebSite","@id":"https:\/\/instamedic.mx\/#website","url":"https:\/\/instamedic.mx\/","name":"INSTAMEDIC","description":"Venta de equipo m\u00e9dico, instrumental y uniformes quirpurgicos","publisher":{"@id":"https:\/\/instamedic.mx\/#organization"},"potentialAction":[{"@type":"SearchAction","target":{"@type":"EntryPoint","urlTemplate":"https:\/\/instamedic.mx\/?s={search_term_string}"},"query-input":"required name=search_term_string"}],"inLanguage":"en-US"},{"@type":"Organization","@id":"https:\/\/instamedic.mx\/#organization","name":"INSTAMEDIC","url":"https:\/\/instamedic.mx\/","logo":{"@type":"ImageObject","inLanguage":"en-US","@id":"https:\/\/instamedic.mx\/#\/schema\/logo\/image\/","url":"https:\/\/instamedic.mx\/wp-content\/uploads\/2024\/02\/Logo-instamedic.png","contentUrl":"https:\/\/instamedic.mx\/wp-content\/uploads\/2024\/02\/Logo-instamedic.png","width":500,"height":500,"caption":"INSTAMEDIC"},"image":{"@id":"https:\/\/instamedic.mx\/#\/schema\/logo\/image\/"},"sameAs":["https:\/\/www.facebook.com\/instamedicmx","https:\/\/www.instagram.com\/instamedic_mx\/"],"email":"info@instamedic.mx","telephone":"8713426247"}]}},"jetpack_sharing_enabled":true,"_links":{"self":[{"href":"https:\/\/instamedic.mx\/en\/wp-json\/wp\/v2\/product\/23071"}],"collection":[{"href":"https:\/\/instamedic.mx\/en\/wp-json\/wp\/v2\/product"}],"about":[{"href":"https:\/\/instamedic.mx\/en\/wp-json\/wp\/v2\/types\/product"}],"replies":[{"embeddable":true,"href":"https:\/\/instamedic.mx\/en\/wp-json\/wp\/v2\/comments?post=23071"}],"version-history":[{"count":1,"href":"https:\/\/instamedic.mx\/en\/wp-json\/wp\/v2\/product\/23071\/revisions"}],"predecessor-version":[{"id":23075,"href":"https:\/\/instamedic.mx\/en\/wp-json\/wp\/v2\/product\/23071\/revisions\/23075"}],"wp:featuredmedia":[{"embeddable":true,"href":"https:\/\/instamedic.mx\/en\/wp-json\/wp\/v2\/media\/23074"}],"wp:attachment":[{"href":"https:\/\/instamedic.mx\/en\/wp-json\/wp\/v2\/media?parent=23071"}],"wp:term":[{"taxonomy":"wpc-collection","embeddable":true,"href":"https:\/\/instamedic.mx\/en\/wp-json\/wp\/v2\/wpc-collection?post=23071"},{"taxonomy":"product_brand","embeddable":true,"href":"https:\/\/instamedic.mx\/en\/wp-json\/wp\/v2\/product_brand?post=23071"},{"taxonomy":"product_cat","embeddable":true,"href":"https:\/\/instamedic.mx\/en\/wp-json\/wp\/v2\/product_cat?post=23071"},{"taxonomy":"product_tag","embeddable":true,"href":"https:\/\/instamedic.mx\/en\/wp-json\/wp\/v2\/product_tag?post=23071"}],"curies":[{"name":"wp","href":"https:\/\/api.w.org\/{rel}","templated":true}]}}