{"id":6988,"date":"2019-06-24T17:33:23","date_gmt":"2019-06-24T17:33:23","guid":{"rendered":"https:\/\/instamedic.mx\/?post_type=product&#038;p=6988"},"modified":"2019-06-24T17:47:51","modified_gmt":"2019-06-24T17:47:51","slug":"doppler-fetal","status":"publish","type":"product","link":"https:\/\/instamedic.mx\/en\/tienda-medica\/equipo-medico\/diagnostico\/dopler\/doppler-fetal\/","title":{"rendered":"Fetal Doppler"},"content":{"rendered":"<p><a href=\"https:\/\/instamedic.mx\/wp-content\/uploads\/2019\/06\/Doppler-Fetal-BF500.jpg\"><img fetchpriority=\"high\" decoding=\"async\" class=\"size-medium wp-image-6990 aligncenter\" src=\"https:\/\/instamedic.mx\/wp-content\/uploads\/2019\/06\/Doppler-Fetal-BF500-330x330.jpg\" alt=\"\" width=\"330\" height=\"330\" srcset=\"https:\/\/instamedic.mx\/wp-content\/uploads\/2019\/06\/Doppler-Fetal-BF500-330x330.jpg 330w, https:\/\/instamedic.mx\/wp-content\/uploads\/2019\/06\/Doppler-Fetal-BF500-100x100.jpg 100w, https:\/\/instamedic.mx\/wp-content\/uploads\/2019\/06\/Doppler-Fetal-BF500-600x600.jpg 600w, https:\/\/instamedic.mx\/wp-content\/uploads\/2019\/06\/Doppler-Fetal-BF500-768x768.jpg 768w, https:\/\/instamedic.mx\/wp-content\/uploads\/2019\/06\/Doppler-Fetal-BF500-440x440.jpg 440w, https:\/\/instamedic.mx\/wp-content\/uploads\/2019\/06\/Doppler-Fetal-BF500-500x500.jpg 500w, https:\/\/instamedic.mx\/wp-content\/uploads\/2019\/06\/Doppler-Fetal-BF500-300x300.jpg 300w, https:\/\/instamedic.mx\/wp-content\/uploads\/2019\/06\/Doppler-Fetal-BF500-200x200.jpg 200w, https:\/\/instamedic.mx\/wp-content\/uploads\/2019\/06\/Doppler-Fetal-BF500-473x473.jpg 473w, https:\/\/instamedic.mx\/wp-content\/uploads\/2019\/06\/Doppler-Fetal-BF500-70x70.jpg 70w, https:\/\/instamedic.mx\/wp-content\/uploads\/2019\/06\/Doppler-Fetal-BF500.jpg 1000w\" sizes=\"(max-width: 330px) 100vw, 330px\" \/><\/a><\/p>\n<p style=\"text-align: center;\"><strong>Es pr\u00e1ctico, port\u00e1til y f\u00e1cil de usar:<\/strong><\/p>\n<ul style=\"text-align: center;\">\n<li>Pantalla LCD muestra\n<ul>\n<li>Frecuencia Cardiaca Fetal (FCF)<\/li>\n<li>Gr\u00e1ficas (Interfaces Duales)<\/li>\n<li>Se\u00f1al FCF Sincr\u00f3nica<\/li>\n<li>Indicador de bater\u00eda<\/li>\n<li>Indicador de volumen de sonido y alarma FCF<\/li>\n<\/ul>\n<\/li>\n<\/ul>\n<p style=\"text-align: center;\"><strong>CARACTER\u00cdSTICAS:<\/strong><\/p>\n<ul style=\"text-align: center;\">\n<li>Extra ligero 270 grs<\/li>\n<li>Pantalla con dos interfaces para el uso conveniente en la noche<\/li>\n<li>Bater\u00eda recargable con duraci\u00f3n de 2 horas cont\u00ednuas<\/li>\n<li>Apagado autom\u00e1tico despu\u00e9s de 1 minuto<\/li>\n<li>Cuenta con JACK de salida para grabar sonidos o aud\u00edfonos<\/li>\n<li>Altavoz incorporado<\/li>\n<li>Funci\u00f3n de energ\u00eda de bater\u00eda baja<\/li>\n<li>Sonda de 2.5MHz y f\u00e1ciles de reemplazar<\/li>\n<li>Uso para latido fetal<\/li>\n<\/ul>\n<p style=\"text-align: center;\"><strong>ESPECIFICACIONES T\u00c9CNICAS:<\/strong><\/p>\n<ul>\n<li style=\"text-align: center;\">Norma EN612661996<\/li>\n<li style=\"text-align: center;\">Bater\u00eda recargable 9V Ni-MH (opci\u00f3n de pila de 9v)<\/li>\n<li style=\"text-align: center;\">Voltaje de entrada del adaptador: AC 110V \u00b1 10% 60Hz o 220V \u00b1 10% 50Hz<\/li>\n<li style=\"text-align: center;\">Voltaje de la bater\u00eda recargable de entrada (sin carga): DC 12V \u00b1 1V<\/li>\n<li style=\"text-align: center;\">Frecuencia ultras\u00f3nica: 2.0MHz \u00b1 10%<\/li>\n<li style=\"text-align: center;\">Intensidad ultras\u00f3nica: \u226410mW \/ cm2<\/li>\n<li style=\"text-align: center;\">Sensibilidad Integral : \u226590dB<\/li>\n<li style=\"text-align: center;\">Rango de Visualizaci\u00f3n de FHR: 60-210bpm (\u00b1 2bpm)<\/li>\n<li style=\"text-align: center;\">FCF rango de alarma: \u2264100bpm o \u2265160bpm<\/li>\n<li style=\"text-align: center;\">Tiempo de operaci\u00f3n continuo: \u2265 2 h<\/li>\n<li style=\"text-align: center;\">Intensidad de salida de audio m\u00e1xima: \u22641W<\/li>\n<li style=\"text-align: center;\">Frecuencia Doppler: 100\u20133000Hz<\/li>\n<li style=\"text-align: center;\">L\u00edmite de tiempo de latencia autom\u00e1tico: 1 minuto<\/li>\n<li style=\"text-align: center;\">Temperatura: 10-40 \u00baC<\/li>\n<li style=\"text-align: center;\">Humedad: \u226480%<\/li>\n<li style=\"text-align: center;\">Presi\u00f3n atmosf\u00e9rica: 86\u2013106kPa<\/li>\n<\/ul>","protected":false},"excerpt":{"rendered":"<p>Aparato de monitoreo cardiaco fetal.<\/p>","protected":false},"featured_media":6991,"comment_status":"open","ping_status":"closed","template":"","meta":[],"wpc-collection":[],"product_brand":[],"product_cat":[92,122],"product_tag":[123,124,125],"yoast_head":"<!-- This site is optimized with the Yoast SEO Premium plugin v22.3 (Yoast SEO v22.4) - https:\/\/yoast.com\/wordpress\/plugins\/seo\/ -->\n<title>Doppler Fetal | Instamedic<\/title>\n<meta name=\"robots\" content=\"index, follow, max-snippet:-1, max-image-preview:large, max-video-preview:-1\" \/>\n<link rel=\"canonical\" href=\"https:\/\/instamedic.mx\/en\/tienda-medica\/equipo-medico\/diagnostico\/dopler\/doppler-fetal\/\" \/>\n<meta property=\"og:locale\" content=\"en_US\" \/>\n<meta property=\"og:type\" content=\"article\" \/>\n<meta property=\"og:title\" content=\"Doppler Fetal\" \/>\n<meta property=\"og:description\" content=\"Aparato de monitoreo cardiaco fetal.\" \/>\n<meta property=\"og:url\" content=\"https:\/\/instamedic.mx\/en\/tienda-medica\/equipo-medico\/diagnostico\/dopler\/doppler-fetal\/\" \/>\n<meta property=\"og:site_name\" content=\"Instamedic\" \/>\n<meta property=\"article:publisher\" content=\"https:\/\/www.facebook.com\/instamedicmx\" \/>\n<meta property=\"article:modified_time\" content=\"2019-06-24T17:47:51+00:00\" \/>\n<meta property=\"og:image\" content=\"https:\/\/instamedic.mx\/wp-content\/uploads\/2019\/06\/instamedic_doppler-Fetal-hergom-BF500.jpg\" \/>\n\t<meta property=\"og:image:width\" content=\"500\" \/>\n\t<meta property=\"og:image:height\" content=\"500\" \/>\n\t<meta property=\"og:image:type\" content=\"image\/jpeg\" \/>\n<meta name=\"twitter:card\" content=\"summary_large_image\" \/>\n<meta name=\"twitter:label1\" content=\"Est. reading time\" \/>\n\t<meta name=\"twitter:data1\" content=\"1 minute\" \/>\n<script type=\"application\/ld+json\" class=\"yoast-schema-graph\">{\"@context\":\"https:\/\/schema.org\",\"@graph\":[{\"@type\":\"WebPage\",\"@id\":\"https:\/\/instamedic.mx\/tienda-medica\/equipo-medico\/diagnostico\/dopler\/doppler-fetal\/\",\"url\":\"https:\/\/instamedic.mx\/tienda-medica\/equipo-medico\/diagnostico\/dopler\/doppler-fetal\/\",\"name\":\"Doppler Fetal | Instamedic\",\"isPartOf\":{\"@id\":\"https:\/\/instamedic.mx\/#website\"},\"primaryImageOfPage\":{\"@id\":\"https:\/\/instamedic.mx\/tienda-medica\/equipo-medico\/diagnostico\/dopler\/doppler-fetal\/#primaryimage\"},\"image\":{\"@id\":\"https:\/\/instamedic.mx\/tienda-medica\/equipo-medico\/diagnostico\/dopler\/doppler-fetal\/#primaryimage\"},\"thumbnailUrl\":\"https:\/\/instamedic.mx\/wp-content\/uploads\/2019\/06\/instamedic_doppler-Fetal-hergom-BF500.jpg\",\"datePublished\":\"2019-06-24T17:33:23+00:00\",\"dateModified\":\"2019-06-24T17:47:51+00:00\",\"breadcrumb\":{\"@id\":\"https:\/\/instamedic.mx\/tienda-medica\/equipo-medico\/diagnostico\/dopler\/doppler-fetal\/#breadcrumb\"},\"inLanguage\":\"en-US\",\"potentialAction\":[{\"@type\":\"ReadAction\",\"target\":[\"https:\/\/instamedic.mx\/tienda-medica\/equipo-medico\/diagnostico\/dopler\/doppler-fetal\/\"]}]},{\"@type\":\"ImageObject\",\"inLanguage\":\"en-US\",\"@id\":\"https:\/\/instamedic.mx\/tienda-medica\/equipo-medico\/diagnostico\/dopler\/doppler-fetal\/#primaryimage\",\"url\":\"https:\/\/instamedic.mx\/wp-content\/uploads\/2019\/06\/instamedic_doppler-Fetal-hergom-BF500.jpg\",\"contentUrl\":\"https:\/\/instamedic.mx\/wp-content\/uploads\/2019\/06\/instamedic_doppler-Fetal-hergom-BF500.jpg\",\"width\":500,\"height\":500,\"caption\":\"Compra Doppler Fetal marca Hergom en instamedic\"},{\"@type\":\"BreadcrumbList\",\"@id\":\"https:\/\/instamedic.mx\/tienda-medica\/equipo-medico\/diagnostico\/dopler\/doppler-fetal\/#breadcrumb\",\"itemListElement\":[{\"@type\":\"ListItem\",\"position\":1,\"name\":\"Inicio\",\"item\":\"https:\/\/instamedic.mx\/\"},{\"@type\":\"ListItem\",\"position\":2,\"name\":\"Tienda m\u00e9dica\",\"item\":\"https:\/\/instamedic.mx\/tienda-medica\/\"},{\"@type\":\"ListItem\",\"position\":3,\"name\":\"Doppler Fetal\"}]},{\"@type\":\"WebSite\",\"@id\":\"https:\/\/instamedic.mx\/#website\",\"url\":\"https:\/\/instamedic.mx\/\",\"name\":\"INSTAMEDIC\",\"description\":\"Venta de equipo m\u00e9dico, instrumental y uniformes quirpurgicos\",\"publisher\":{\"@id\":\"https:\/\/instamedic.mx\/#organization\"},\"potentialAction\":[{\"@type\":\"SearchAction\",\"target\":{\"@type\":\"EntryPoint\",\"urlTemplate\":\"https:\/\/instamedic.mx\/?s={search_term_string}\"},\"query-input\":\"required name=search_term_string\"}],\"inLanguage\":\"en-US\"},{\"@type\":\"Organization\",\"@id\":\"https:\/\/instamedic.mx\/#organization\",\"name\":\"INSTAMEDIC\",\"url\":\"https:\/\/instamedic.mx\/\",\"logo\":{\"@type\":\"ImageObject\",\"inLanguage\":\"en-US\",\"@id\":\"https:\/\/instamedic.mx\/#\/schema\/logo\/image\/\",\"url\":\"https:\/\/instamedic.mx\/wp-content\/uploads\/2024\/02\/Logo-instamedic.png\",\"contentUrl\":\"https:\/\/instamedic.mx\/wp-content\/uploads\/2024\/02\/Logo-instamedic.png\",\"width\":500,\"height\":500,\"caption\":\"INSTAMEDIC\"},\"image\":{\"@id\":\"https:\/\/instamedic.mx\/#\/schema\/logo\/image\/\"},\"sameAs\":[\"https:\/\/www.facebook.com\/instamedicmx\",\"https:\/\/www.instagram.com\/instamedic_mx\/\"],\"email\":\"info@instamedic.mx\",\"telephone\":\"8713426247\"}]}<\/script>\n<!-- \/ Yoast SEO Premium plugin. -->","yoast_head_json":{"title":"Doppler Fetal | Instamedic","robots":{"index":"index","follow":"follow","max-snippet":"max-snippet:-1","max-image-preview":"max-image-preview:large","max-video-preview":"max-video-preview:-1"},"canonical":"https:\/\/instamedic.mx\/en\/tienda-medica\/equipo-medico\/diagnostico\/dopler\/doppler-fetal\/","og_locale":"en_US","og_type":"article","og_title":"Doppler Fetal","og_description":"Aparato de monitoreo cardiaco fetal.","og_url":"https:\/\/instamedic.mx\/en\/tienda-medica\/equipo-medico\/diagnostico\/dopler\/doppler-fetal\/","og_site_name":"Instamedic","article_publisher":"https:\/\/www.facebook.com\/instamedicmx","article_modified_time":"2019-06-24T17:47:51+00:00","og_image":[{"width":500,"height":500,"url":"https:\/\/instamedic.mx\/wp-content\/uploads\/2019\/06\/instamedic_doppler-Fetal-hergom-BF500.jpg","type":"image\/jpeg"}],"twitter_card":"summary_large_image","twitter_misc":{"Est. reading time":"1 minute"},"schema":{"@context":"https:\/\/schema.org","@graph":[{"@type":"WebPage","@id":"https:\/\/instamedic.mx\/tienda-medica\/equipo-medico\/diagnostico\/dopler\/doppler-fetal\/","url":"https:\/\/instamedic.mx\/tienda-medica\/equipo-medico\/diagnostico\/dopler\/doppler-fetal\/","name":"Doppler Fetal | Instamedic","isPartOf":{"@id":"https:\/\/instamedic.mx\/#website"},"primaryImageOfPage":{"@id":"https:\/\/instamedic.mx\/tienda-medica\/equipo-medico\/diagnostico\/dopler\/doppler-fetal\/#primaryimage"},"image":{"@id":"https:\/\/instamedic.mx\/tienda-medica\/equipo-medico\/diagnostico\/dopler\/doppler-fetal\/#primaryimage"},"thumbnailUrl":"https:\/\/instamedic.mx\/wp-content\/uploads\/2019\/06\/instamedic_doppler-Fetal-hergom-BF500.jpg","datePublished":"2019-06-24T17:33:23+00:00","dateModified":"2019-06-24T17:47:51+00:00","breadcrumb":{"@id":"https:\/\/instamedic.mx\/tienda-medica\/equipo-medico\/diagnostico\/dopler\/doppler-fetal\/#breadcrumb"},"inLanguage":"en-US","potentialAction":[{"@type":"ReadAction","target":["https:\/\/instamedic.mx\/tienda-medica\/equipo-medico\/diagnostico\/dopler\/doppler-fetal\/"]}]},{"@type":"ImageObject","inLanguage":"en-US","@id":"https:\/\/instamedic.mx\/tienda-medica\/equipo-medico\/diagnostico\/dopler\/doppler-fetal\/#primaryimage","url":"https:\/\/instamedic.mx\/wp-content\/uploads\/2019\/06\/instamedic_doppler-Fetal-hergom-BF500.jpg","contentUrl":"https:\/\/instamedic.mx\/wp-content\/uploads\/2019\/06\/instamedic_doppler-Fetal-hergom-BF500.jpg","width":500,"height":500,"caption":"Compra Doppler Fetal marca Hergom en instamedic"},{"@type":"BreadcrumbList","@id":"https:\/\/instamedic.mx\/tienda-medica\/equipo-medico\/diagnostico\/dopler\/doppler-fetal\/#breadcrumb","itemListElement":[{"@type":"ListItem","position":1,"name":"Inicio","item":"https:\/\/instamedic.mx\/"},{"@type":"ListItem","position":2,"name":"Tienda m\u00e9dica","item":"https:\/\/instamedic.mx\/tienda-medica\/"},{"@type":"ListItem","position":3,"name":"Doppler Fetal"}]},{"@type":"WebSite","@id":"https:\/\/instamedic.mx\/#website","url":"https:\/\/instamedic.mx\/","name":"INSTAMEDIC","description":"Venta de equipo m\u00e9dico, instrumental y uniformes quirpurgicos","publisher":{"@id":"https:\/\/instamedic.mx\/#organization"},"potentialAction":[{"@type":"SearchAction","target":{"@type":"EntryPoint","urlTemplate":"https:\/\/instamedic.mx\/?s={search_term_string}"},"query-input":"required name=search_term_string"}],"inLanguage":"en-US"},{"@type":"Organization","@id":"https:\/\/instamedic.mx\/#organization","name":"INSTAMEDIC","url":"https:\/\/instamedic.mx\/","logo":{"@type":"ImageObject","inLanguage":"en-US","@id":"https:\/\/instamedic.mx\/#\/schema\/logo\/image\/","url":"https:\/\/instamedic.mx\/wp-content\/uploads\/2024\/02\/Logo-instamedic.png","contentUrl":"https:\/\/instamedic.mx\/wp-content\/uploads\/2024\/02\/Logo-instamedic.png","width":500,"height":500,"caption":"INSTAMEDIC"},"image":{"@id":"https:\/\/instamedic.mx\/#\/schema\/logo\/image\/"},"sameAs":["https:\/\/www.facebook.com\/instamedicmx","https:\/\/www.instagram.com\/instamedic_mx\/"],"email":"info@instamedic.mx","telephone":"8713426247"}]}},"jetpack_sharing_enabled":true,"_links":{"self":[{"href":"https:\/\/instamedic.mx\/en\/wp-json\/wp\/v2\/product\/6988"}],"collection":[{"href":"https:\/\/instamedic.mx\/en\/wp-json\/wp\/v2\/product"}],"about":[{"href":"https:\/\/instamedic.mx\/en\/wp-json\/wp\/v2\/types\/product"}],"replies":[{"embeddable":true,"href":"https:\/\/instamedic.mx\/en\/wp-json\/wp\/v2\/comments?post=6988"}],"version-history":[{"count":0,"href":"https:\/\/instamedic.mx\/en\/wp-json\/wp\/v2\/product\/6988\/revisions"}],"wp:featuredmedia":[{"embeddable":true,"href":"https:\/\/instamedic.mx\/en\/wp-json\/wp\/v2\/media\/6991"}],"wp:attachment":[{"href":"https:\/\/instamedic.mx\/en\/wp-json\/wp\/v2\/media?parent=6988"}],"wp:term":[{"taxonomy":"wpc-collection","embeddable":true,"href":"https:\/\/instamedic.mx\/en\/wp-json\/wp\/v2\/wpc-collection?post=6988"},{"taxonomy":"product_brand","embeddable":true,"href":"https:\/\/instamedic.mx\/en\/wp-json\/wp\/v2\/product_brand?post=6988"},{"taxonomy":"product_cat","embeddable":true,"href":"https:\/\/instamedic.mx\/en\/wp-json\/wp\/v2\/product_cat?post=6988"},{"taxonomy":"product_tag","embeddable":true,"href":"https:\/\/instamedic.mx\/en\/wp-json\/wp\/v2\/product_tag?post=6988"}],"curies":[{"name":"wp","href":"https:\/\/api.w.org\/{rel}","templated":true}]}}