{"id":6997,"date":"2019-06-24T17:57:24","date_gmt":"2019-06-24T17:57:24","guid":{"rendered":"https:\/\/instamedic.mx\/?post_type=product&#038;p=6997"},"modified":"2022-11-01T09:59:42","modified_gmt":"2022-11-01T09:59:42","slug":"diapason-con-sordina-256c","status":"publish","type":"product","link":"https:\/\/instamedic.mx\/en\/tienda-medica\/equipo-medico\/diagnostico\/diapasones\/diapason-con-sordina-256c\/","title":{"rendered":"Diapas\u00f3n con Sordina 256C"},"content":{"rendered":"<p>Los diapasones son instrumentos met\u00e1licos formados por dos ramas paralelas que se unen en su base. Al golpear dichas ramas contra el codo o una superficie de madera emitir\u00e1n un sonido determinado que depender\u00e1 de la masa y rigidez de aquellas.<\/p>\n<p>Las pruebas con diapas\u00f3n o acumetr\u00eda se emplean para la diferenciar el tipo de hipoacusia. Permiten diferenciar entre la hipoacusia de o\u00eddo externo \/ medio y hipoacusia de o\u00eddo interno. Es un test sencillo y fundamental en toda exploraci\u00f3n, necesario en el estudio otol\u00f3gico y prevalente cuando otras pruebas subjetivas no son concordantes.<\/p>\n<p>Se utilizan fundamentalmente los diapasones de 128Hz, 256\u00a0 y 512 Hz. La cantidad de vibraciones debe ser inferior a los 1000Hz. Los diapasones de frecuencias bajas producen mayor est\u00edmulo t\u00e1ctil, pero convenien<\/p>\n<h5>Especificaciones<\/h5>\n<table class=\"table table-condensed table-hover\">\n<tbody>\n<tr class=\"ng-scope\">\n<td class=\"text-muted active ng-binding\">Category<\/td>\n<td class=\"ng-binding\">Diapasones<\/td>\n<\/tr>\n<tr class=\"ng-scope\">\n<td class=\"text-muted active ng-binding\">ISBN<\/td>\n<td class=\"ng-binding\">7500399012064<\/td>\n<\/tr>\n<tr class=\"ng-scope\">\n<td class=\"text-muted active ng-binding\">Material<\/td>\n<td class=\"ng-binding\">100% aluminio<\/td>\n<\/tr>\n<tr class=\"ng-scope\">\n<td class=\"text-muted active ng-binding\">Pa\u00eds de origen<\/td>\n<td class=\"ng-binding\">Pakistan<\/td>\n<\/tr>\n<tr class=\"ng-scope\">\n<td class=\"text-muted active ng-binding\">Color<\/td>\n<td class=\"ng-binding\">Plateado<\/td>\n<\/tr>\n<tr class=\"ng-scope\">\n<td class=\"text-muted active ng-binding\">Brand<\/td>\n<td class=\"ng-binding\">Hergom<\/td>\n<\/tr>\n<\/tbody>\n<\/table>","protected":false},"excerpt":{"rendered":"<p>Valora la audici\u00f3n con el diapason hergom de 256 Hz fabricado de aluminio 100% en color platedo<\/p>\n<p>Las pruebas con diapas\u00f3n o acumetr\u00eda se emplean para la diferenciar el tipo de hipoacusia. Permiten diferenciar entre la hipoacusia de o\u00eddo externo \/ medio y hipoacusia de o\u00eddo interno. Es un test sencillo y fundamental en toda exploraci\u00f3n, necesario en el estudio otol\u00f3gico y prevalente cuando otras pruebas subjetivas no son concordantes.<\/p>","protected":false},"featured_media":6999,"comment_status":"open","ping_status":"closed","template":"","meta":[],"wpc-collection":[],"product_brand":[],"product_cat":[92,114],"product_tag":[],"yoast_head":"<!-- This site is optimized with the Yoast SEO Premium plugin v22.3 (Yoast SEO v22.4) - https:\/\/yoast.com\/wordpress\/plugins\/seo\/ -->\n<title>Diapas\u00f3n con Sordina 256C | Instamedic<\/title>\n<meta name=\"robots\" content=\"index, follow, max-snippet:-1, max-image-preview:large, max-video-preview:-1\" \/>\n<link rel=\"canonical\" href=\"https:\/\/instamedic.mx\/en\/tienda-medica\/equipo-medico\/diagnostico\/diapasones\/diapason-con-sordina-256c\/\" \/>\n<meta property=\"og:locale\" content=\"en_US\" \/>\n<meta property=\"og:type\" content=\"article\" \/>\n<meta property=\"og:title\" content=\"Diapas\u00f3n con Sordina 256C\" \/>\n<meta property=\"og:description\" content=\"Valora la audici\u00f3n con el diapason hergom de 256 Hz fabricado de aluminio 100% en color platedo  Las pruebas con diapas\u00f3n o acumetr\u00eda se emplean para la diferenciar el tipo de hipoacusia. Permiten diferenciar entre la hipoacusia de o\u00eddo externo \/ medio y hipoacusia de o\u00eddo interno. Es un test sencillo y fundamental en toda exploraci\u00f3n, necesario en el estudio otol\u00f3gico y prevalente cuando otras pruebas subjetivas no son concordantes.\" \/>\n<meta property=\"og:url\" content=\"https:\/\/instamedic.mx\/en\/tienda-medica\/equipo-medico\/diagnostico\/diapasones\/diapason-con-sordina-256c\/\" \/>\n<meta property=\"og:site_name\" content=\"Instamedic\" \/>\n<meta property=\"article:publisher\" content=\"https:\/\/www.facebook.com\/instamedicmx\" \/>\n<meta property=\"article:modified_time\" content=\"2022-11-01T09:59:42+00:00\" \/>\n<meta property=\"og:image\" content=\"https:\/\/instamedic.mx\/wp-content\/uploads\/2019\/06\/instamedic-diapason-256-vibraciones-hergom.jpg\" \/>\n\t<meta property=\"og:image:width\" content=\"600\" \/>\n\t<meta property=\"og:image:height\" content=\"841\" \/>\n\t<meta property=\"og:image:type\" content=\"image\/jpeg\" \/>\n<meta name=\"twitter:card\" content=\"summary_large_image\" \/>\n<meta name=\"twitter:label1\" content=\"Est. reading time\" \/>\n\t<meta name=\"twitter:data1\" content=\"1 minute\" \/>\n<script type=\"application\/ld+json\" class=\"yoast-schema-graph\">{\"@context\":\"https:\/\/schema.org\",\"@graph\":[{\"@type\":\"WebPage\",\"@id\":\"https:\/\/instamedic.mx\/tienda-medica\/equipo-medico\/diagnostico\/diapasones\/diapason-con-sordina-256c\/\",\"url\":\"https:\/\/instamedic.mx\/tienda-medica\/equipo-medico\/diagnostico\/diapasones\/diapason-con-sordina-256c\/\",\"name\":\"Diapas\u00f3n con Sordina 256C | Instamedic\",\"isPartOf\":{\"@id\":\"https:\/\/instamedic.mx\/#website\"},\"primaryImageOfPage\":{\"@id\":\"https:\/\/instamedic.mx\/tienda-medica\/equipo-medico\/diagnostico\/diapasones\/diapason-con-sordina-256c\/#primaryimage\"},\"image\":{\"@id\":\"https:\/\/instamedic.mx\/tienda-medica\/equipo-medico\/diagnostico\/diapasones\/diapason-con-sordina-256c\/#primaryimage\"},\"thumbnailUrl\":\"https:\/\/instamedic.mx\/wp-content\/uploads\/2019\/06\/instamedic-diapason-256-vibraciones-hergom.jpg\",\"datePublished\":\"2019-06-24T17:57:24+00:00\",\"dateModified\":\"2022-11-01T09:59:42+00:00\",\"breadcrumb\":{\"@id\":\"https:\/\/instamedic.mx\/tienda-medica\/equipo-medico\/diagnostico\/diapasones\/diapason-con-sordina-256c\/#breadcrumb\"},\"inLanguage\":\"en-US\",\"potentialAction\":[{\"@type\":\"ReadAction\",\"target\":[\"https:\/\/instamedic.mx\/tienda-medica\/equipo-medico\/diagnostico\/diapasones\/diapason-con-sordina-256c\/\"]}]},{\"@type\":\"ImageObject\",\"inLanguage\":\"en-US\",\"@id\":\"https:\/\/instamedic.mx\/tienda-medica\/equipo-medico\/diagnostico\/diapasones\/diapason-con-sordina-256c\/#primaryimage\",\"url\":\"https:\/\/instamedic.mx\/wp-content\/uploads\/2019\/06\/instamedic-diapason-256-vibraciones-hergom.jpg\",\"contentUrl\":\"https:\/\/instamedic.mx\/wp-content\/uploads\/2019\/06\/instamedic-diapason-256-vibraciones-hergom.jpg\",\"width\":600,\"height\":841},{\"@type\":\"BreadcrumbList\",\"@id\":\"https:\/\/instamedic.mx\/tienda-medica\/equipo-medico\/diagnostico\/diapasones\/diapason-con-sordina-256c\/#breadcrumb\",\"itemListElement\":[{\"@type\":\"ListItem\",\"position\":1,\"name\":\"Inicio\",\"item\":\"https:\/\/instamedic.mx\/\"},{\"@type\":\"ListItem\",\"position\":2,\"name\":\"Tienda m\u00e9dica\",\"item\":\"https:\/\/instamedic.mx\/tienda-medica\/\"},{\"@type\":\"ListItem\",\"position\":3,\"name\":\"Diapas\u00f3n con Sordina 256C\"}]},{\"@type\":\"WebSite\",\"@id\":\"https:\/\/instamedic.mx\/#website\",\"url\":\"https:\/\/instamedic.mx\/\",\"name\":\"INSTAMEDIC\",\"description\":\"Venta de equipo m\u00e9dico, instrumental y uniformes quirpurgicos\",\"publisher\":{\"@id\":\"https:\/\/instamedic.mx\/#organization\"},\"potentialAction\":[{\"@type\":\"SearchAction\",\"target\":{\"@type\":\"EntryPoint\",\"urlTemplate\":\"https:\/\/instamedic.mx\/?s={search_term_string}\"},\"query-input\":\"required name=search_term_string\"}],\"inLanguage\":\"en-US\"},{\"@type\":\"Organization\",\"@id\":\"https:\/\/instamedic.mx\/#organization\",\"name\":\"INSTAMEDIC\",\"url\":\"https:\/\/instamedic.mx\/\",\"logo\":{\"@type\":\"ImageObject\",\"inLanguage\":\"en-US\",\"@id\":\"https:\/\/instamedic.mx\/#\/schema\/logo\/image\/\",\"url\":\"https:\/\/instamedic.mx\/wp-content\/uploads\/2024\/02\/Logo-instamedic.png\",\"contentUrl\":\"https:\/\/instamedic.mx\/wp-content\/uploads\/2024\/02\/Logo-instamedic.png\",\"width\":500,\"height\":500,\"caption\":\"INSTAMEDIC\"},\"image\":{\"@id\":\"https:\/\/instamedic.mx\/#\/schema\/logo\/image\/\"},\"sameAs\":[\"https:\/\/www.facebook.com\/instamedicmx\",\"https:\/\/www.instagram.com\/instamedic_mx\/\"],\"email\":\"info@instamedic.mx\",\"telephone\":\"8713426247\"}]}<\/script>\n<!-- \/ Yoast SEO Premium plugin. -->","yoast_head_json":{"title":"Diapas\u00f3n con Sordina 256C | Instamedic","robots":{"index":"index","follow":"follow","max-snippet":"max-snippet:-1","max-image-preview":"max-image-preview:large","max-video-preview":"max-video-preview:-1"},"canonical":"https:\/\/instamedic.mx\/en\/tienda-medica\/equipo-medico\/diagnostico\/diapasones\/diapason-con-sordina-256c\/","og_locale":"en_US","og_type":"article","og_title":"Diapas\u00f3n con Sordina 256C","og_description":"Valora la audici\u00f3n con el diapason hergom de 256 Hz fabricado de aluminio 100% en color platedo  Las pruebas con diapas\u00f3n o acumetr\u00eda se emplean para la diferenciar el tipo de hipoacusia. Permiten diferenciar entre la hipoacusia de o\u00eddo externo \/ medio y hipoacusia de o\u00eddo interno. Es un test sencillo y fundamental en toda exploraci\u00f3n, necesario en el estudio otol\u00f3gico y prevalente cuando otras pruebas subjetivas no son concordantes.","og_url":"https:\/\/instamedic.mx\/en\/tienda-medica\/equipo-medico\/diagnostico\/diapasones\/diapason-con-sordina-256c\/","og_site_name":"Instamedic","article_publisher":"https:\/\/www.facebook.com\/instamedicmx","article_modified_time":"2022-11-01T09:59:42+00:00","og_image":[{"width":600,"height":841,"url":"https:\/\/instamedic.mx\/wp-content\/uploads\/2019\/06\/instamedic-diapason-256-vibraciones-hergom.jpg","type":"image\/jpeg"}],"twitter_card":"summary_large_image","twitter_misc":{"Est. reading time":"1 minute"},"schema":{"@context":"https:\/\/schema.org","@graph":[{"@type":"WebPage","@id":"https:\/\/instamedic.mx\/tienda-medica\/equipo-medico\/diagnostico\/diapasones\/diapason-con-sordina-256c\/","url":"https:\/\/instamedic.mx\/tienda-medica\/equipo-medico\/diagnostico\/diapasones\/diapason-con-sordina-256c\/","name":"Diapas\u00f3n con Sordina 256C | Instamedic","isPartOf":{"@id":"https:\/\/instamedic.mx\/#website"},"primaryImageOfPage":{"@id":"https:\/\/instamedic.mx\/tienda-medica\/equipo-medico\/diagnostico\/diapasones\/diapason-con-sordina-256c\/#primaryimage"},"image":{"@id":"https:\/\/instamedic.mx\/tienda-medica\/equipo-medico\/diagnostico\/diapasones\/diapason-con-sordina-256c\/#primaryimage"},"thumbnailUrl":"https:\/\/instamedic.mx\/wp-content\/uploads\/2019\/06\/instamedic-diapason-256-vibraciones-hergom.jpg","datePublished":"2019-06-24T17:57:24+00:00","dateModified":"2022-11-01T09:59:42+00:00","breadcrumb":{"@id":"https:\/\/instamedic.mx\/tienda-medica\/equipo-medico\/diagnostico\/diapasones\/diapason-con-sordina-256c\/#breadcrumb"},"inLanguage":"en-US","potentialAction":[{"@type":"ReadAction","target":["https:\/\/instamedic.mx\/tienda-medica\/equipo-medico\/diagnostico\/diapasones\/diapason-con-sordina-256c\/"]}]},{"@type":"ImageObject","inLanguage":"en-US","@id":"https:\/\/instamedic.mx\/tienda-medica\/equipo-medico\/diagnostico\/diapasones\/diapason-con-sordina-256c\/#primaryimage","url":"https:\/\/instamedic.mx\/wp-content\/uploads\/2019\/06\/instamedic-diapason-256-vibraciones-hergom.jpg","contentUrl":"https:\/\/instamedic.mx\/wp-content\/uploads\/2019\/06\/instamedic-diapason-256-vibraciones-hergom.jpg","width":600,"height":841},{"@type":"BreadcrumbList","@id":"https:\/\/instamedic.mx\/tienda-medica\/equipo-medico\/diagnostico\/diapasones\/diapason-con-sordina-256c\/#breadcrumb","itemListElement":[{"@type":"ListItem","position":1,"name":"Inicio","item":"https:\/\/instamedic.mx\/"},{"@type":"ListItem","position":2,"name":"Tienda m\u00e9dica","item":"https:\/\/instamedic.mx\/tienda-medica\/"},{"@type":"ListItem","position":3,"name":"Diapas\u00f3n con Sordina 256C"}]},{"@type":"WebSite","@id":"https:\/\/instamedic.mx\/#website","url":"https:\/\/instamedic.mx\/","name":"INSTAMEDIC","description":"Venta de equipo m\u00e9dico, instrumental y uniformes quirpurgicos","publisher":{"@id":"https:\/\/instamedic.mx\/#organization"},"potentialAction":[{"@type":"SearchAction","target":{"@type":"EntryPoint","urlTemplate":"https:\/\/instamedic.mx\/?s={search_term_string}"},"query-input":"required name=search_term_string"}],"inLanguage":"en-US"},{"@type":"Organization","@id":"https:\/\/instamedic.mx\/#organization","name":"INSTAMEDIC","url":"https:\/\/instamedic.mx\/","logo":{"@type":"ImageObject","inLanguage":"en-US","@id":"https:\/\/instamedic.mx\/#\/schema\/logo\/image\/","url":"https:\/\/instamedic.mx\/wp-content\/uploads\/2024\/02\/Logo-instamedic.png","contentUrl":"https:\/\/instamedic.mx\/wp-content\/uploads\/2024\/02\/Logo-instamedic.png","width":500,"height":500,"caption":"INSTAMEDIC"},"image":{"@id":"https:\/\/instamedic.mx\/#\/schema\/logo\/image\/"},"sameAs":["https:\/\/www.facebook.com\/instamedicmx","https:\/\/www.instagram.com\/instamedic_mx\/"],"email":"info@instamedic.mx","telephone":"8713426247"}]}},"jetpack_sharing_enabled":true,"_links":{"self":[{"href":"https:\/\/instamedic.mx\/en\/wp-json\/wp\/v2\/product\/6997"}],"collection":[{"href":"https:\/\/instamedic.mx\/en\/wp-json\/wp\/v2\/product"}],"about":[{"href":"https:\/\/instamedic.mx\/en\/wp-json\/wp\/v2\/types\/product"}],"replies":[{"embeddable":true,"href":"https:\/\/instamedic.mx\/en\/wp-json\/wp\/v2\/comments?post=6997"}],"version-history":[{"count":3,"href":"https:\/\/instamedic.mx\/en\/wp-json\/wp\/v2\/product\/6997\/revisions"}],"predecessor-version":[{"id":9793,"href":"https:\/\/instamedic.mx\/en\/wp-json\/wp\/v2\/product\/6997\/revisions\/9793"}],"wp:featuredmedia":[{"embeddable":true,"href":"https:\/\/instamedic.mx\/en\/wp-json\/wp\/v2\/media\/6999"}],"wp:attachment":[{"href":"https:\/\/instamedic.mx\/en\/wp-json\/wp\/v2\/media?parent=6997"}],"wp:term":[{"taxonomy":"wpc-collection","embeddable":true,"href":"https:\/\/instamedic.mx\/en\/wp-json\/wp\/v2\/wpc-collection?post=6997"},{"taxonomy":"product_brand","embeddable":true,"href":"https:\/\/instamedic.mx\/en\/wp-json\/wp\/v2\/product_brand?post=6997"},{"taxonomy":"product_cat","embeddable":true,"href":"https:\/\/instamedic.mx\/en\/wp-json\/wp\/v2\/product_cat?post=6997"},{"taxonomy":"product_tag","embeddable":true,"href":"https:\/\/instamedic.mx\/en\/wp-json\/wp\/v2\/product_tag?post=6997"}],"curies":[{"name":"wp","href":"https:\/\/api.w.org\/{rel}","templated":true}]}}