{"id":7007,"date":"2019-06-24T18:59:45","date_gmt":"2019-06-24T18:59:45","guid":{"rendered":"https:\/\/instamedic.mx\/?post_type=product&#038;p=7007"},"modified":"2023-10-12T00:06:30","modified_gmt":"2023-10-12T00:06:30","slug":"glucometro-gl-44","status":"publish","type":"product","link":"https:\/\/instamedic.mx\/en\/tienda-medica\/equipo-medico\/diagnostico\/glucometros\/glucometro-gl-44\/","title":{"rendered":"GL 44 Glucometer"},"content":{"rendered":"<p>Gl\u00facometro a precio especial por introducci\u00f3n! \ud83d\udd25\ud83d\udd25<\/p>\n<p>F\u00e1cil de usar cuenta con pantalla grande, tiras de prueba anchas y marcaje sencillo de medici\u00f3n para optimizar el cuidado de la diabetes antes de los alimentos, despu\u00e9s de ellos y en el marcaje general. Conserva datos despu\u00e9s del cambio de pilas.\ud83d\udd0b\ud83d\udd0b<\/p>\n<p>Contenido:<\/p>\n<p>\u2705Gluc\u00f3metro,<br \/>\n\u2705dispositivo de punci\u00f3n,<br \/>\n\u270510\u00a0lancetas,<br \/>\n\u270510\u00a0tiras de prueba,<br \/>\n\u2705Bater\u00edas,<br \/>\n\u2705Estuche,<br \/>\n\u2705Manual, instructivo y diario para cuidado del paciente.<\/p>","protected":false},"excerpt":{"rendered":"<p>Con el GL 44 lean podr\u00e1 saber en todo momento su nivel de az\u00facar en la sangre. Es f\u00e1cil de usar y, gracias a su gran pantalla, f\u00e1cil de leer.<\/p>\n<p>\u2022 F\u00e1cil uso y marcado de los valores de medici\u00f3n para una gesti\u00f3n optimizada de la diabetes<br \/>\n\u2022 Pantalla grande para mayor facilidad de lectura<br \/>\n\u2022 Tiras reactivas extraanchas<br \/>\n\u2022 Control de la cantidad de sangre: la medici\u00f3n solo se efect\u00faa si hay suficiente cantidad de sangre en la muestra<br \/>\n\u2022 Cl\u00ednicamente probado<sup>1)<\/sup><br \/>\n\u2022 Set de iniciaci\u00f3n: aparato medidor, dispositivo de punci\u00f3n, 10 lancetas, 10 tiras reactivas, estuche<br \/>\n\u2022 Cantidad de sangre necesaria: 0,6\u00a0\u03bcl<br \/>\n\u2022 Tiempo de medici\u00f3n: aprox. 5 segundos<br \/>\n\u2022 Codefree<br \/>\n\u2022 Posiciones de memoria de valores de medici\u00f3n: 480 (fecha, hora)<br \/>\n\u2022 Valor promedio de glucemia para: 7, 14, 30 o 90 d\u00edas<br \/>\n\u2022 Rango de medici\u00f3n: 20-630\u00a0mg\/dL, 1,1-35,0\u00a0mmol\/L<br \/>\n\u2022 Apto para uso particular<br \/>\n\u2022 Producto sanitario<br \/>\n\u2022 Con interfaz de PC<br \/>\n\u2022 Compatible con Diabass y SiDiary<br \/>\n\u2022 Calibrado para plasma<br \/>\n\u2022 Prueba de sangre: sangre total capilar<br \/>\n\u2022 Descarga gratuita del software &#8220;beurer HealthManager&#8221;<\/p>\n<p><sup>1)<\/sup>\u00a0Estudio cl\u00ednico realizado por el Instituto para la diabetes de Karlsburg (Alemania)<\/p>","protected":false},"featured_media":7010,"comment_status":"open","ping_status":"closed","template":"","meta":[],"wpc-collection":[],"product_brand":[],"product_cat":[92,110],"product_tag":[355,111],"yoast_head":"<!-- This site is optimized with the Yoast SEO Premium plugin v22.3 (Yoast SEO v22.4) - https:\/\/yoast.com\/wordpress\/plugins\/seo\/ -->\n<title>Gluc\u00f3metro GL 44 | Instamedic<\/title>\n<meta name=\"robots\" content=\"index, follow, max-snippet:-1, max-image-preview:large, max-video-preview:-1\" \/>\n<link rel=\"canonical\" href=\"https:\/\/instamedic.mx\/en\/tienda-medica\/equipo-medico\/diagnostico\/glucometros\/glucometro-gl-44\/\" \/>\n<meta property=\"og:locale\" content=\"en_US\" \/>\n<meta property=\"og:type\" content=\"article\" \/>\n<meta property=\"og:title\" content=\"Gluc\u00f3metro GL 44\" \/>\n<meta property=\"og:description\" content=\"Con el GL 44 lean podr\u00e1 saber en todo momento su nivel de az\u00facar en la sangre. Es f\u00e1cil de usar y, gracias a su gran pantalla, f\u00e1cil de leer.  \u2022 F\u00e1cil uso y marcado de los valores de medici\u00f3n para una gesti\u00f3n optimizada de la diabetes \u2022 Pantalla grande para mayor facilidad de lectura \u2022 Tiras reactivas extraanchas \u2022 Control de la cantidad de sangre: la medici\u00f3n solo se efect\u00faa si hay suficiente cantidad de sangre en la muestra \u2022 Cl\u00ednicamente probado1) \u2022 Set de iniciaci\u00f3n: aparato medidor, dispositivo de punci\u00f3n, 10 lancetas, 10 tiras reactivas, estuche \u2022 Cantidad de sangre necesaria: 0,6\u00a0\u03bcl \u2022 Tiempo de medici\u00f3n: aprox. 5 segundos \u2022 Codefree \u2022 Posiciones de memoria de valores de medici\u00f3n: 480 (fecha, hora) \u2022 Valor promedio de glucemia para: 7, 14, 30 o 90 d\u00edas \u2022 Rango de medici\u00f3n: 20-630\u00a0mg\/dL, 1,1-35,0\u00a0mmol\/L \u2022 Apto para uso particular \u2022 Producto sanitario \u2022 Con interfaz de PC \u2022 Compatible con Diabass y SiDiary \u2022 Calibrado para plasma \u2022 Prueba de sangre: sangre total capilar \u2022 Descarga gratuita del software &quot;beurer HealthManager&quot;  1)\u00a0Estudio cl\u00ednico realizado por el Instituto para la diabetes de Karlsburg (Alemania)\" \/>\n<meta property=\"og:url\" content=\"https:\/\/instamedic.mx\/en\/tienda-medica\/equipo-medico\/diagnostico\/glucometros\/glucometro-gl-44\/\" \/>\n<meta property=\"og:site_name\" content=\"Instamedic\" \/>\n<meta property=\"article:publisher\" content=\"https:\/\/www.facebook.com\/instamedicmx\" \/>\n<meta property=\"article:modified_time\" content=\"2023-10-12T00:06:30+00:00\" \/>\n<meta property=\"og:image\" content=\"https:\/\/instamedic.mx\/wp-content\/uploads\/2019\/06\/Medidor-de-glucosa-glucometro-GL44-Black-Front-mgdl.jpg\" \/>\n\t<meta property=\"og:image:width\" content=\"284\" \/>\n\t<meta property=\"og:image:height\" content=\"284\" \/>\n\t<meta property=\"og:image:type\" content=\"image\/jpeg\" \/>\n<meta name=\"twitter:card\" content=\"summary_large_image\" \/>\n<meta name=\"twitter:label1\" content=\"Est. reading time\" \/>\n\t<meta name=\"twitter:data1\" content=\"1 minute\" \/>\n<script type=\"application\/ld+json\" class=\"yoast-schema-graph\">{\"@context\":\"https:\/\/schema.org\",\"@graph\":[{\"@type\":\"WebPage\",\"@id\":\"https:\/\/instamedic.mx\/tienda-medica\/equipo-medico\/diagnostico\/glucometros\/glucometro-gl-44\/\",\"url\":\"https:\/\/instamedic.mx\/tienda-medica\/equipo-medico\/diagnostico\/glucometros\/glucometro-gl-44\/\",\"name\":\"Gluc\u00f3metro GL 44 | Instamedic\",\"isPartOf\":{\"@id\":\"https:\/\/instamedic.mx\/#website\"},\"primaryImageOfPage\":{\"@id\":\"https:\/\/instamedic.mx\/tienda-medica\/equipo-medico\/diagnostico\/glucometros\/glucometro-gl-44\/#primaryimage\"},\"image\":{\"@id\":\"https:\/\/instamedic.mx\/tienda-medica\/equipo-medico\/diagnostico\/glucometros\/glucometro-gl-44\/#primaryimage\"},\"thumbnailUrl\":\"https:\/\/instamedic.mx\/wp-content\/uploads\/2019\/06\/Medidor-de-glucosa-glucometro-GL44-Black-Front-mgdl.jpg\",\"datePublished\":\"2019-06-24T18:59:45+00:00\",\"dateModified\":\"2023-10-12T00:06:30+00:00\",\"breadcrumb\":{\"@id\":\"https:\/\/instamedic.mx\/tienda-medica\/equipo-medico\/diagnostico\/glucometros\/glucometro-gl-44\/#breadcrumb\"},\"inLanguage\":\"en-US\",\"potentialAction\":[{\"@type\":\"ReadAction\",\"target\":[\"https:\/\/instamedic.mx\/tienda-medica\/equipo-medico\/diagnostico\/glucometros\/glucometro-gl-44\/\"]}]},{\"@type\":\"ImageObject\",\"inLanguage\":\"en-US\",\"@id\":\"https:\/\/instamedic.mx\/tienda-medica\/equipo-medico\/diagnostico\/glucometros\/glucometro-gl-44\/#primaryimage\",\"url\":\"https:\/\/instamedic.mx\/wp-content\/uploads\/2019\/06\/Medidor-de-glucosa-glucometro-GL44-Black-Front-mgdl.jpg\",\"contentUrl\":\"https:\/\/instamedic.mx\/wp-content\/uploads\/2019\/06\/Medidor-de-glucosa-glucometro-GL44-Black-Front-mgdl.jpg\",\"width\":284,\"height\":284},{\"@type\":\"BreadcrumbList\",\"@id\":\"https:\/\/instamedic.mx\/tienda-medica\/equipo-medico\/diagnostico\/glucometros\/glucometro-gl-44\/#breadcrumb\",\"itemListElement\":[{\"@type\":\"ListItem\",\"position\":1,\"name\":\"Inicio\",\"item\":\"https:\/\/instamedic.mx\/\"},{\"@type\":\"ListItem\",\"position\":2,\"name\":\"Tienda m\u00e9dica\",\"item\":\"https:\/\/instamedic.mx\/tienda-medica\/\"},{\"@type\":\"ListItem\",\"position\":3,\"name\":\"Gluc\u00f3metro GL 44\"}]},{\"@type\":\"WebSite\",\"@id\":\"https:\/\/instamedic.mx\/#website\",\"url\":\"https:\/\/instamedic.mx\/\",\"name\":\"INSTAMEDIC\",\"description\":\"Venta de equipo m\u00e9dico, instrumental y uniformes quirpurgicos\",\"publisher\":{\"@id\":\"https:\/\/instamedic.mx\/#organization\"},\"potentialAction\":[{\"@type\":\"SearchAction\",\"target\":{\"@type\":\"EntryPoint\",\"urlTemplate\":\"https:\/\/instamedic.mx\/?s={search_term_string}\"},\"query-input\":\"required name=search_term_string\"}],\"inLanguage\":\"en-US\"},{\"@type\":\"Organization\",\"@id\":\"https:\/\/instamedic.mx\/#organization\",\"name\":\"INSTAMEDIC\",\"url\":\"https:\/\/instamedic.mx\/\",\"logo\":{\"@type\":\"ImageObject\",\"inLanguage\":\"en-US\",\"@id\":\"https:\/\/instamedic.mx\/#\/schema\/logo\/image\/\",\"url\":\"https:\/\/instamedic.mx\/wp-content\/uploads\/2024\/02\/Logo-instamedic.png\",\"contentUrl\":\"https:\/\/instamedic.mx\/wp-content\/uploads\/2024\/02\/Logo-instamedic.png\",\"width\":500,\"height\":500,\"caption\":\"INSTAMEDIC\"},\"image\":{\"@id\":\"https:\/\/instamedic.mx\/#\/schema\/logo\/image\/\"},\"sameAs\":[\"https:\/\/www.facebook.com\/instamedicmx\",\"https:\/\/www.instagram.com\/instamedic_mx\/\"],\"email\":\"info@instamedic.mx\",\"telephone\":\"8713426247\"}]}<\/script>\n<!-- \/ Yoast SEO Premium plugin. -->","yoast_head_json":{"title":"Gluc\u00f3metro GL 44 | Instamedic","robots":{"index":"index","follow":"follow","max-snippet":"max-snippet:-1","max-image-preview":"max-image-preview:large","max-video-preview":"max-video-preview:-1"},"canonical":"https:\/\/instamedic.mx\/en\/tienda-medica\/equipo-medico\/diagnostico\/glucometros\/glucometro-gl-44\/","og_locale":"en_US","og_type":"article","og_title":"Gluc\u00f3metro GL 44","og_description":"Con el GL 44 lean podr\u00e1 saber en todo momento su nivel de az\u00facar en la sangre. Es f\u00e1cil de usar y, gracias a su gran pantalla, f\u00e1cil de leer.  \u2022 F\u00e1cil uso y marcado de los valores de medici\u00f3n para una gesti\u00f3n optimizada de la diabetes \u2022 Pantalla grande para mayor facilidad de lectura \u2022 Tiras reactivas extraanchas \u2022 Control de la cantidad de sangre: la medici\u00f3n solo se efect\u00faa si hay suficiente cantidad de sangre en la muestra \u2022 Cl\u00ednicamente probado1) \u2022 Set de iniciaci\u00f3n: aparato medidor, dispositivo de punci\u00f3n, 10 lancetas, 10 tiras reactivas, estuche \u2022 Cantidad de sangre necesaria: 0,6\u00a0\u03bcl \u2022 Tiempo de medici\u00f3n: aprox. 5 segundos \u2022 Codefree \u2022 Posiciones de memoria de valores de medici\u00f3n: 480 (fecha, hora) \u2022 Valor promedio de glucemia para: 7, 14, 30 o 90 d\u00edas \u2022 Rango de medici\u00f3n: 20-630\u00a0mg\/dL, 1,1-35,0\u00a0mmol\/L \u2022 Apto para uso particular \u2022 Producto sanitario \u2022 Con interfaz de PC \u2022 Compatible con Diabass y SiDiary \u2022 Calibrado para plasma \u2022 Prueba de sangre: sangre total capilar \u2022 Descarga gratuita del software \"beurer HealthManager\"  1)\u00a0Estudio cl\u00ednico realizado por el Instituto para la diabetes de Karlsburg (Alemania)","og_url":"https:\/\/instamedic.mx\/en\/tienda-medica\/equipo-medico\/diagnostico\/glucometros\/glucometro-gl-44\/","og_site_name":"Instamedic","article_publisher":"https:\/\/www.facebook.com\/instamedicmx","article_modified_time":"2023-10-12T00:06:30+00:00","og_image":[{"width":284,"height":284,"url":"https:\/\/instamedic.mx\/wp-content\/uploads\/2019\/06\/Medidor-de-glucosa-glucometro-GL44-Black-Front-mgdl.jpg","type":"image\/jpeg"}],"twitter_card":"summary_large_image","twitter_misc":{"Est. reading time":"1 minute"},"schema":{"@context":"https:\/\/schema.org","@graph":[{"@type":"WebPage","@id":"https:\/\/instamedic.mx\/tienda-medica\/equipo-medico\/diagnostico\/glucometros\/glucometro-gl-44\/","url":"https:\/\/instamedic.mx\/tienda-medica\/equipo-medico\/diagnostico\/glucometros\/glucometro-gl-44\/","name":"Gluc\u00f3metro GL 44 | Instamedic","isPartOf":{"@id":"https:\/\/instamedic.mx\/#website"},"primaryImageOfPage":{"@id":"https:\/\/instamedic.mx\/tienda-medica\/equipo-medico\/diagnostico\/glucometros\/glucometro-gl-44\/#primaryimage"},"image":{"@id":"https:\/\/instamedic.mx\/tienda-medica\/equipo-medico\/diagnostico\/glucometros\/glucometro-gl-44\/#primaryimage"},"thumbnailUrl":"https:\/\/instamedic.mx\/wp-content\/uploads\/2019\/06\/Medidor-de-glucosa-glucometro-GL44-Black-Front-mgdl.jpg","datePublished":"2019-06-24T18:59:45+00:00","dateModified":"2023-10-12T00:06:30+00:00","breadcrumb":{"@id":"https:\/\/instamedic.mx\/tienda-medica\/equipo-medico\/diagnostico\/glucometros\/glucometro-gl-44\/#breadcrumb"},"inLanguage":"en-US","potentialAction":[{"@type":"ReadAction","target":["https:\/\/instamedic.mx\/tienda-medica\/equipo-medico\/diagnostico\/glucometros\/glucometro-gl-44\/"]}]},{"@type":"ImageObject","inLanguage":"en-US","@id":"https:\/\/instamedic.mx\/tienda-medica\/equipo-medico\/diagnostico\/glucometros\/glucometro-gl-44\/#primaryimage","url":"https:\/\/instamedic.mx\/wp-content\/uploads\/2019\/06\/Medidor-de-glucosa-glucometro-GL44-Black-Front-mgdl.jpg","contentUrl":"https:\/\/instamedic.mx\/wp-content\/uploads\/2019\/06\/Medidor-de-glucosa-glucometro-GL44-Black-Front-mgdl.jpg","width":284,"height":284},{"@type":"BreadcrumbList","@id":"https:\/\/instamedic.mx\/tienda-medica\/equipo-medico\/diagnostico\/glucometros\/glucometro-gl-44\/#breadcrumb","itemListElement":[{"@type":"ListItem","position":1,"name":"Inicio","item":"https:\/\/instamedic.mx\/"},{"@type":"ListItem","position":2,"name":"Tienda m\u00e9dica","item":"https:\/\/instamedic.mx\/tienda-medica\/"},{"@type":"ListItem","position":3,"name":"Gluc\u00f3metro GL 44"}]},{"@type":"WebSite","@id":"https:\/\/instamedic.mx\/#website","url":"https:\/\/instamedic.mx\/","name":"INSTAMEDIC","description":"Venta de equipo m\u00e9dico, instrumental y uniformes quirpurgicos","publisher":{"@id":"https:\/\/instamedic.mx\/#organization"},"potentialAction":[{"@type":"SearchAction","target":{"@type":"EntryPoint","urlTemplate":"https:\/\/instamedic.mx\/?s={search_term_string}"},"query-input":"required name=search_term_string"}],"inLanguage":"en-US"},{"@type":"Organization","@id":"https:\/\/instamedic.mx\/#organization","name":"INSTAMEDIC","url":"https:\/\/instamedic.mx\/","logo":{"@type":"ImageObject","inLanguage":"en-US","@id":"https:\/\/instamedic.mx\/#\/schema\/logo\/image\/","url":"https:\/\/instamedic.mx\/wp-content\/uploads\/2024\/02\/Logo-instamedic.png","contentUrl":"https:\/\/instamedic.mx\/wp-content\/uploads\/2024\/02\/Logo-instamedic.png","width":500,"height":500,"caption":"INSTAMEDIC"},"image":{"@id":"https:\/\/instamedic.mx\/#\/schema\/logo\/image\/"},"sameAs":["https:\/\/www.facebook.com\/instamedicmx","https:\/\/www.instagram.com\/instamedic_mx\/"],"email":"info@instamedic.mx","telephone":"8713426247"}]}},"jetpack_sharing_enabled":true,"_links":{"self":[{"href":"https:\/\/instamedic.mx\/en\/wp-json\/wp\/v2\/product\/7007"}],"collection":[{"href":"https:\/\/instamedic.mx\/en\/wp-json\/wp\/v2\/product"}],"about":[{"href":"https:\/\/instamedic.mx\/en\/wp-json\/wp\/v2\/types\/product"}],"replies":[{"embeddable":true,"href":"https:\/\/instamedic.mx\/en\/wp-json\/wp\/v2\/comments?post=7007"}],"version-history":[{"count":2,"href":"https:\/\/instamedic.mx\/en\/wp-json\/wp\/v2\/product\/7007\/revisions"}],"predecessor-version":[{"id":22257,"href":"https:\/\/instamedic.mx\/en\/wp-json\/wp\/v2\/product\/7007\/revisions\/22257"}],"wp:featuredmedia":[{"embeddable":true,"href":"https:\/\/instamedic.mx\/en\/wp-json\/wp\/v2\/media\/7010"}],"wp:attachment":[{"href":"https:\/\/instamedic.mx\/en\/wp-json\/wp\/v2\/media?parent=7007"}],"wp:term":[{"taxonomy":"wpc-collection","embeddable":true,"href":"https:\/\/instamedic.mx\/en\/wp-json\/wp\/v2\/wpc-collection?post=7007"},{"taxonomy":"product_brand","embeddable":true,"href":"https:\/\/instamedic.mx\/en\/wp-json\/wp\/v2\/product_brand?post=7007"},{"taxonomy":"product_cat","embeddable":true,"href":"https:\/\/instamedic.mx\/en\/wp-json\/wp\/v2\/product_cat?post=7007"},{"taxonomy":"product_tag","embeddable":true,"href":"https:\/\/instamedic.mx\/en\/wp-json\/wp\/v2\/product_tag?post=7007"}],"curies":[{"name":"wp","href":"https:\/\/api.w.org\/{rel}","templated":true}]}}