{"id":7012,"date":"2019-06-24T19:40:49","date_gmt":"2019-06-24T19:40:49","guid":{"rendered":"https:\/\/instamedic.mx\/?post_type=product&#038;p=7012"},"modified":"2021-01-28T01:55:12","modified_gmt":"2021-01-28T01:55:12","slug":"estetoscopio-premier-lux-e600","status":"publish","type":"product","link":"https:\/\/instamedic.mx\/en\/tienda-medica\/equipo-medico\/diagnostico\/estetoscopios\/estetoscopio-premier-lux-e600\/","title":{"rendered":"Estetoscopio premier lux"},"content":{"rendered":"<p style=\"text-align: center;\">Si buscas una herramienta que facilite conocer el estado de tus pacientes ya sea cardiol\u00f3gico, pulmonar entre otros. Nosotros te brindamos una soluci\u00f3n de gran calidad y a precio accesible.<\/p>\n<p style=\"text-align: center;\"><img fetchpriority=\"high\" decoding=\"async\" class=\"alignnone size-medium wp-image-2711\" src=\"https:\/\/instamedic.mx\/wp-content\/uploads\/2018\/10\/E600N-CHECKATEK-272x272.jpg\" alt=\"\" width=\"272\" height=\"272\" \/><\/p>\n<h2 style=\"text-align: center;\">Estetoscopio Premier Lux Checkatek by Hergom<\/h2>\n<p style=\"text-align: center;\">Manguera de silic\u00f3n<\/p>\n<p style=\"text-align: center;\">Campana estilizada de acero inoxidable con terminado mate<\/p>\n<p style=\"text-align: center;\">Binaural en acero inoxidable de doble tubo met\u00e1lico<\/p>\n<p style=\"text-align: center;\">Oliva blandas con rosca y ajuste perfecto para oidos para una excelente ac\u00fastica<\/p>\n<h2 style=\"text-align: center;\">Qu\u00e9 hay en la caja<\/h2>\n<p style=\"text-align: center;\">Estetoscopio<\/p>\n<p style=\"text-align: center;\">Porta-nombre<\/p>\n<p style=\"text-align: center;\">Refacciones de repuesto<\/p>","protected":false},"excerpt":{"rendered":"<p>ESTETOSCOPIO PREMIER LUX<\/p>\n<p>&#8211; Estetoscopio de una campana altamente sensible a los sonidos, lo que permite realizar auscultaciones m\u00e1s certeras.<br \/>\n&#8211; Campana de estilizada en acero inoxidable.<br \/>\n&#8211; Manguera de silic\u00f3n<br \/>\n&#8211; Capta sonidos de alta y baja frecuencia.<br \/>\n&#8211; Presionando la parte posterior de la campana es posible captar bajas frecuencias.<br \/>\n&#8211; Olivas tipo rosca, suaves y confortables que ajustan ergon\u00f3micamente a los o\u00eddos del usuario.<br \/>\n&#8211; Anillo anti-frio ofrecen una auscultaciones m\u00e1s c\u00f3moda para el paciente<br \/>\n&#8211; Pr\u00e1ctico y ligero de tal forma que es f\u00e1cil de manipular y transportar.<br \/>\n&#8211; Instrumento requerido por cualquier profesional y estudiante de la salud.<br \/>\n&#8211; Alta calidad, para un mejor cuidado de la salud.<br \/>\n&#8211; Di\u00e1metro de la campana 4.8 cm<br \/>\n&#8211; Colores disponibles: negro y vino<br \/>\n&#8211; Incluye 1 par de olivas tipo rosca y 1 membrana de repuesto.<\/p>","protected":false},"featured_media":8718,"comment_status":"open","ping_status":"closed","template":"","meta":[],"wpc-collection":[],"product_brand":[],"product_cat":[92,96],"product_tag":[126,97,124],"yoast_head":"<!-- This site is optimized with the Yoast SEO Premium plugin v22.3 (Yoast SEO v22.4) - https:\/\/yoast.com\/wordpress\/plugins\/seo\/ -->\n<title>Estetoscopio premier lux | Instamedic<\/title>\n<meta name=\"robots\" content=\"index, follow, max-snippet:-1, max-image-preview:large, max-video-preview:-1\" \/>\n<link rel=\"canonical\" href=\"https:\/\/instamedic.mx\/en\/tienda-medica\/equipo-medico\/diagnostico\/estetoscopios\/estetoscopio-premier-lux-e600\/\" \/>\n<meta property=\"og:locale\" content=\"en_US\" \/>\n<meta property=\"og:type\" content=\"article\" \/>\n<meta property=\"og:title\" content=\"Estetoscopio premier lux\" \/>\n<meta property=\"og:description\" content=\"ESTETOSCOPIO PREMIER LUX  - Estetoscopio de una campana altamente sensible a los sonidos, lo que permite realizar auscultaciones m\u00e1s certeras. - Campana de estilizada en acero inoxidable. - Manguera de silic\u00f3n - Capta sonidos de alta y baja frecuencia. - Presionando la parte posterior de la campana es posible captar bajas frecuencias. - Olivas tipo rosca, suaves y confortables que ajustan ergon\u00f3micamente a los o\u00eddos del usuario. - Anillo anti-frio ofrecen una auscultaciones m\u00e1s c\u00f3moda para el paciente - Pr\u00e1ctico y ligero de tal forma que es f\u00e1cil de manipular y transportar. - Instrumento requerido por cualquier profesional y estudiante de la salud. - Alta calidad, para un mejor cuidado de la salud. - Di\u00e1metro de la campana 4.8 cm - Colores disponibles: negro y vino - Incluye 1 par de olivas tipo rosca y 1 membrana de repuesto.\" \/>\n<meta property=\"og:url\" content=\"https:\/\/instamedic.mx\/en\/tienda-medica\/equipo-medico\/diagnostico\/estetoscopios\/estetoscopio-premier-lux-e600\/\" \/>\n<meta property=\"og:site_name\" content=\"Instamedic\" \/>\n<meta property=\"article:publisher\" content=\"https:\/\/www.facebook.com\/instamedicmx\" \/>\n<meta property=\"article:modified_time\" content=\"2021-01-28T01:55:12+00:00\" \/>\n<meta property=\"og:image\" content=\"https:\/\/instamedic.mx\/wp-content\/uploads\/2019\/06\/Estetoscopio-premier-lux-hergom-E4-4-Checkatek.jpg\" \/>\n\t<meta property=\"og:image:width\" content=\"568\" \/>\n\t<meta property=\"og:image:height\" content=\"432\" \/>\n\t<meta property=\"og:image:type\" content=\"image\/jpeg\" \/>\n<meta name=\"twitter:card\" content=\"summary_large_image\" \/>\n<script type=\"application\/ld+json\" class=\"yoast-schema-graph\">{\"@context\":\"https:\/\/schema.org\",\"@graph\":[{\"@type\":\"WebPage\",\"@id\":\"https:\/\/instamedic.mx\/tienda-medica\/equipo-medico\/diagnostico\/estetoscopios\/estetoscopio-premier-lux-e600\/\",\"url\":\"https:\/\/instamedic.mx\/tienda-medica\/equipo-medico\/diagnostico\/estetoscopios\/estetoscopio-premier-lux-e600\/\",\"name\":\"Estetoscopio premier lux | Instamedic\",\"isPartOf\":{\"@id\":\"https:\/\/instamedic.mx\/#website\"},\"primaryImageOfPage\":{\"@id\":\"https:\/\/instamedic.mx\/tienda-medica\/equipo-medico\/diagnostico\/estetoscopios\/estetoscopio-premier-lux-e600\/#primaryimage\"},\"image\":{\"@id\":\"https:\/\/instamedic.mx\/tienda-medica\/equipo-medico\/diagnostico\/estetoscopios\/estetoscopio-premier-lux-e600\/#primaryimage\"},\"thumbnailUrl\":\"https:\/\/instamedic.mx\/wp-content\/uploads\/2019\/06\/Estetoscopio-premier-lux-hergom-E4-4-Checkatek.jpg\",\"datePublished\":\"2019-06-24T19:40:49+00:00\",\"dateModified\":\"2021-01-28T01:55:12+00:00\",\"breadcrumb\":{\"@id\":\"https:\/\/instamedic.mx\/tienda-medica\/equipo-medico\/diagnostico\/estetoscopios\/estetoscopio-premier-lux-e600\/#breadcrumb\"},\"inLanguage\":\"en-US\",\"potentialAction\":[{\"@type\":\"ReadAction\",\"target\":[\"https:\/\/instamedic.mx\/tienda-medica\/equipo-medico\/diagnostico\/estetoscopios\/estetoscopio-premier-lux-e600\/\"]}]},{\"@type\":\"ImageObject\",\"inLanguage\":\"en-US\",\"@id\":\"https:\/\/instamedic.mx\/tienda-medica\/equipo-medico\/diagnostico\/estetoscopios\/estetoscopio-premier-lux-e600\/#primaryimage\",\"url\":\"https:\/\/instamedic.mx\/wp-content\/uploads\/2019\/06\/Estetoscopio-premier-lux-hergom-E4-4-Checkatek.jpg\",\"contentUrl\":\"https:\/\/instamedic.mx\/wp-content\/uploads\/2019\/06\/Estetoscopio-premier-lux-hergom-E4-4-Checkatek.jpg\",\"width\":568,\"height\":432},{\"@type\":\"BreadcrumbList\",\"@id\":\"https:\/\/instamedic.mx\/tienda-medica\/equipo-medico\/diagnostico\/estetoscopios\/estetoscopio-premier-lux-e600\/#breadcrumb\",\"itemListElement\":[{\"@type\":\"ListItem\",\"position\":1,\"name\":\"Inicio\",\"item\":\"https:\/\/instamedic.mx\/\"},{\"@type\":\"ListItem\",\"position\":2,\"name\":\"Tienda m\u00e9dica\",\"item\":\"https:\/\/instamedic.mx\/tienda-medica\/\"},{\"@type\":\"ListItem\",\"position\":3,\"name\":\"Estetoscopio premier lux\"}]},{\"@type\":\"WebSite\",\"@id\":\"https:\/\/instamedic.mx\/#website\",\"url\":\"https:\/\/instamedic.mx\/\",\"name\":\"INSTAMEDIC\",\"description\":\"Venta de equipo m\u00e9dico, instrumental y uniformes quirpurgicos\",\"publisher\":{\"@id\":\"https:\/\/instamedic.mx\/#organization\"},\"potentialAction\":[{\"@type\":\"SearchAction\",\"target\":{\"@type\":\"EntryPoint\",\"urlTemplate\":\"https:\/\/instamedic.mx\/?s={search_term_string}\"},\"query-input\":\"required name=search_term_string\"}],\"inLanguage\":\"en-US\"},{\"@type\":\"Organization\",\"@id\":\"https:\/\/instamedic.mx\/#organization\",\"name\":\"INSTAMEDIC\",\"url\":\"https:\/\/instamedic.mx\/\",\"logo\":{\"@type\":\"ImageObject\",\"inLanguage\":\"en-US\",\"@id\":\"https:\/\/instamedic.mx\/#\/schema\/logo\/image\/\",\"url\":\"https:\/\/instamedic.mx\/wp-content\/uploads\/2024\/02\/Logo-instamedic.png\",\"contentUrl\":\"https:\/\/instamedic.mx\/wp-content\/uploads\/2024\/02\/Logo-instamedic.png\",\"width\":500,\"height\":500,\"caption\":\"INSTAMEDIC\"},\"image\":{\"@id\":\"https:\/\/instamedic.mx\/#\/schema\/logo\/image\/\"},\"sameAs\":[\"https:\/\/www.facebook.com\/instamedicmx\",\"https:\/\/www.instagram.com\/instamedic_mx\/\"],\"email\":\"info@instamedic.mx\",\"telephone\":\"8713426247\"}]}<\/script>\n<!-- \/ Yoast SEO Premium plugin. -->","yoast_head_json":{"title":"Estetoscopio premier lux | Instamedic","robots":{"index":"index","follow":"follow","max-snippet":"max-snippet:-1","max-image-preview":"max-image-preview:large","max-video-preview":"max-video-preview:-1"},"canonical":"https:\/\/instamedic.mx\/en\/tienda-medica\/equipo-medico\/diagnostico\/estetoscopios\/estetoscopio-premier-lux-e600\/","og_locale":"en_US","og_type":"article","og_title":"Estetoscopio premier lux","og_description":"ESTETOSCOPIO PREMIER LUX  - Estetoscopio de una campana altamente sensible a los sonidos, lo que permite realizar auscultaciones m\u00e1s certeras. - Campana de estilizada en acero inoxidable. - Manguera de silic\u00f3n - Capta sonidos de alta y baja frecuencia. - Presionando la parte posterior de la campana es posible captar bajas frecuencias. - Olivas tipo rosca, suaves y confortables que ajustan ergon\u00f3micamente a los o\u00eddos del usuario. - Anillo anti-frio ofrecen una auscultaciones m\u00e1s c\u00f3moda para el paciente - Pr\u00e1ctico y ligero de tal forma que es f\u00e1cil de manipular y transportar. - Instrumento requerido por cualquier profesional y estudiante de la salud. - Alta calidad, para un mejor cuidado de la salud. - Di\u00e1metro de la campana 4.8 cm - Colores disponibles: negro y vino - Incluye 1 par de olivas tipo rosca y 1 membrana de repuesto.","og_url":"https:\/\/instamedic.mx\/en\/tienda-medica\/equipo-medico\/diagnostico\/estetoscopios\/estetoscopio-premier-lux-e600\/","og_site_name":"Instamedic","article_publisher":"https:\/\/www.facebook.com\/instamedicmx","article_modified_time":"2021-01-28T01:55:12+00:00","og_image":[{"width":568,"height":432,"url":"https:\/\/instamedic.mx\/wp-content\/uploads\/2019\/06\/Estetoscopio-premier-lux-hergom-E4-4-Checkatek.jpg","type":"image\/jpeg"}],"twitter_card":"summary_large_image","schema":{"@context":"https:\/\/schema.org","@graph":[{"@type":"WebPage","@id":"https:\/\/instamedic.mx\/tienda-medica\/equipo-medico\/diagnostico\/estetoscopios\/estetoscopio-premier-lux-e600\/","url":"https:\/\/instamedic.mx\/tienda-medica\/equipo-medico\/diagnostico\/estetoscopios\/estetoscopio-premier-lux-e600\/","name":"Estetoscopio premier lux | Instamedic","isPartOf":{"@id":"https:\/\/instamedic.mx\/#website"},"primaryImageOfPage":{"@id":"https:\/\/instamedic.mx\/tienda-medica\/equipo-medico\/diagnostico\/estetoscopios\/estetoscopio-premier-lux-e600\/#primaryimage"},"image":{"@id":"https:\/\/instamedic.mx\/tienda-medica\/equipo-medico\/diagnostico\/estetoscopios\/estetoscopio-premier-lux-e600\/#primaryimage"},"thumbnailUrl":"https:\/\/instamedic.mx\/wp-content\/uploads\/2019\/06\/Estetoscopio-premier-lux-hergom-E4-4-Checkatek.jpg","datePublished":"2019-06-24T19:40:49+00:00","dateModified":"2021-01-28T01:55:12+00:00","breadcrumb":{"@id":"https:\/\/instamedic.mx\/tienda-medica\/equipo-medico\/diagnostico\/estetoscopios\/estetoscopio-premier-lux-e600\/#breadcrumb"},"inLanguage":"en-US","potentialAction":[{"@type":"ReadAction","target":["https:\/\/instamedic.mx\/tienda-medica\/equipo-medico\/diagnostico\/estetoscopios\/estetoscopio-premier-lux-e600\/"]}]},{"@type":"ImageObject","inLanguage":"en-US","@id":"https:\/\/instamedic.mx\/tienda-medica\/equipo-medico\/diagnostico\/estetoscopios\/estetoscopio-premier-lux-e600\/#primaryimage","url":"https:\/\/instamedic.mx\/wp-content\/uploads\/2019\/06\/Estetoscopio-premier-lux-hergom-E4-4-Checkatek.jpg","contentUrl":"https:\/\/instamedic.mx\/wp-content\/uploads\/2019\/06\/Estetoscopio-premier-lux-hergom-E4-4-Checkatek.jpg","width":568,"height":432},{"@type":"BreadcrumbList","@id":"https:\/\/instamedic.mx\/tienda-medica\/equipo-medico\/diagnostico\/estetoscopios\/estetoscopio-premier-lux-e600\/#breadcrumb","itemListElement":[{"@type":"ListItem","position":1,"name":"Inicio","item":"https:\/\/instamedic.mx\/"},{"@type":"ListItem","position":2,"name":"Tienda m\u00e9dica","item":"https:\/\/instamedic.mx\/tienda-medica\/"},{"@type":"ListItem","position":3,"name":"Estetoscopio premier lux"}]},{"@type":"WebSite","@id":"https:\/\/instamedic.mx\/#website","url":"https:\/\/instamedic.mx\/","name":"INSTAMEDIC","description":"Venta de equipo m\u00e9dico, instrumental y uniformes quirpurgicos","publisher":{"@id":"https:\/\/instamedic.mx\/#organization"},"potentialAction":[{"@type":"SearchAction","target":{"@type":"EntryPoint","urlTemplate":"https:\/\/instamedic.mx\/?s={search_term_string}"},"query-input":"required name=search_term_string"}],"inLanguage":"en-US"},{"@type":"Organization","@id":"https:\/\/instamedic.mx\/#organization","name":"INSTAMEDIC","url":"https:\/\/instamedic.mx\/","logo":{"@type":"ImageObject","inLanguage":"en-US","@id":"https:\/\/instamedic.mx\/#\/schema\/logo\/image\/","url":"https:\/\/instamedic.mx\/wp-content\/uploads\/2024\/02\/Logo-instamedic.png","contentUrl":"https:\/\/instamedic.mx\/wp-content\/uploads\/2024\/02\/Logo-instamedic.png","width":500,"height":500,"caption":"INSTAMEDIC"},"image":{"@id":"https:\/\/instamedic.mx\/#\/schema\/logo\/image\/"},"sameAs":["https:\/\/www.facebook.com\/instamedicmx","https:\/\/www.instagram.com\/instamedic_mx\/"],"email":"info@instamedic.mx","telephone":"8713426247"}]}},"jetpack_sharing_enabled":true,"_links":{"self":[{"href":"https:\/\/instamedic.mx\/en\/wp-json\/wp\/v2\/product\/7012"}],"collection":[{"href":"https:\/\/instamedic.mx\/en\/wp-json\/wp\/v2\/product"}],"about":[{"href":"https:\/\/instamedic.mx\/en\/wp-json\/wp\/v2\/types\/product"}],"replies":[{"embeddable":true,"href":"https:\/\/instamedic.mx\/en\/wp-json\/wp\/v2\/comments?post=7012"}],"version-history":[{"count":1,"href":"https:\/\/instamedic.mx\/en\/wp-json\/wp\/v2\/product\/7012\/revisions"}],"predecessor-version":[{"id":7669,"href":"https:\/\/instamedic.mx\/en\/wp-json\/wp\/v2\/product\/7012\/revisions\/7669"}],"wp:featuredmedia":[{"embeddable":true,"href":"https:\/\/instamedic.mx\/en\/wp-json\/wp\/v2\/media\/8718"}],"wp:attachment":[{"href":"https:\/\/instamedic.mx\/en\/wp-json\/wp\/v2\/media?parent=7012"}],"wp:term":[{"taxonomy":"wpc-collection","embeddable":true,"href":"https:\/\/instamedic.mx\/en\/wp-json\/wp\/v2\/wpc-collection?post=7012"},{"taxonomy":"product_brand","embeddable":true,"href":"https:\/\/instamedic.mx\/en\/wp-json\/wp\/v2\/product_brand?post=7012"},{"taxonomy":"product_cat","embeddable":true,"href":"https:\/\/instamedic.mx\/en\/wp-json\/wp\/v2\/product_cat?post=7012"},{"taxonomy":"product_tag","embeddable":true,"href":"https:\/\/instamedic.mx\/en\/wp-json\/wp\/v2\/product_tag?post=7012"}],"curies":[{"name":"wp","href":"https:\/\/api.w.org\/{rel}","templated":true}]}}