{"id":7036,"date":"2019-06-24T20:06:36","date_gmt":"2019-06-24T20:06:36","guid":{"rendered":"https:\/\/instamedic.mx\/?post_type=product&#038;p=7036"},"modified":"2024-01-03T00:47:03","modified_gmt":"2024-01-03T00:47:03","slug":"martillo-de-reflejos-hergom-buck","status":"publish","type":"product","link":"https:\/\/instamedic.mx\/en\/tienda-medica\/equipo-medico\/diagnostico\/martillos\/martillo-de-reflejos-hergom-buck\/","title":{"rendered":"Martillo de reflejos BUCK"},"content":{"rendered":"<h2>MARTILLO DE REFLEJOS TIPO BUCK<\/h2>\n<p>MARTILLO MULTIUSO, TIENE UN BOT\u00d3N EN LA CABEZA Y TAMBI\u00c9N UNA BASE, AMBOS DESMONTABLES. AL DESMONTAR EL BOT\u00d3N SE OBTIENE UNA AGUJA QUE SIRVE PARA EVALUAR LA PERCEPCI\u00d3N SENSORIAL PROFUNDA Y LA BASE SE OBTIENE UN PINCEL QUE SIRVE PARA EVALUAR LA SENSIBILIDAD SUPERFICIAL.<\/p>\n<h2>Caracteristicas del martillo de reflejos<\/h2>\n<h3>Dimensiones<\/h3>\n<ul>\n<li>Altura 18 cm<\/li>\n<li>Largo de cabeza 6 cm<\/li>\n<li>Ancho de cabeza 1.4 cm<\/li>\n<\/ul>\n<h3>Que contine el martillo<\/h3>\n<ul>\n<li>AGUJA PARA TEST DE REFLEJO PLANTAR<\/li>\n<li>DOBLE CABEZAL DE GOMA REFORZADA<\/li>\n<li>ESTRUCTURA CON TERMINADO CROMADO<\/li>\n<li>MINI BROCHA PARA TEST DE SENSIBILIDAD CUT\u00c1NEA<\/li>\n<\/ul>","protected":false},"excerpt":{"rendered":"<p>Instumento para reflejos osteotendinosos<\/p>\n<p>martillo de reflejos con terminado cromado su mango es de acero inoxidable cuenta con doble cabezal de goma reforzada, punta de alfiler y escobetilla; ideal para pacientes con enfermedades Neurol\u00f3gicas. en diferentes presentaciones Azul, negro, rosa, verde y morado<\/p>\n<p>Altura 18 cm<br \/>\nLargo de cabeza 6 cm<br \/>\nAncho de cabeza 1.4 cm<\/p>","protected":false},"featured_media":9003,"comment_status":"open","ping_status":"closed","template":"","meta":[],"wpc-collection":[],"product_brand":[],"product_cat":[92,112],"product_tag":[147,124,146],"yoast_head":"<!-- This site is optimized with the Yoast SEO Premium plugin v22.3 (Yoast SEO v22.4) - https:\/\/yoast.com\/wordpress\/plugins\/seo\/ -->\n<title>Martillo de reflejos BUCK | Instamedic - mejor precio<\/title>\n<meta name=\"description\" content=\"Martillo de reflejos con mango de acero inoxidable cuenta con doble cabezal de goma reforzada, punta de alfiler y escobetilla; ideal para pacientes con enfermedades Neurol\u00f3gicas. disponible presentaciones azul, negro, rosa, verde y morado.\" \/>\n<meta name=\"robots\" content=\"index, follow, max-snippet:-1, max-image-preview:large, max-video-preview:-1\" \/>\n<link rel=\"canonical\" href=\"https:\/\/instamedic.mx\/en\/tienda-medica\/equipo-medico\/diagnostico\/martillos\/martillo-de-reflejos-hergom-buck\/\" \/>\n<meta property=\"og:locale\" content=\"en_US\" \/>\n<meta property=\"og:type\" content=\"article\" \/>\n<meta property=\"og:title\" content=\"Martillo de reflejos BUCK\" \/>\n<meta property=\"og:description\" content=\"Martillo de reflejos con mango de acero inoxidable cuenta con doble cabezal de goma reforzada, punta de alfiler y escobetilla; ideal para pacientes con enfermedades Neurol\u00f3gicas. disponible presentaciones azul, negro, rosa, verde y morado.\" \/>\n<meta property=\"og:url\" content=\"https:\/\/instamedic.mx\/en\/tienda-medica\/equipo-medico\/diagnostico\/martillos\/martillo-de-reflejos-hergom-buck\/\" \/>\n<meta property=\"og:site_name\" content=\"Instamedic\" \/>\n<meta property=\"article:publisher\" content=\"https:\/\/www.facebook.com\/instamedicmx\" \/>\n<meta property=\"article:modified_time\" content=\"2024-01-03T00:47:03+00:00\" \/>\n<meta property=\"og:image\" content=\"https:\/\/instamedic.mx\/wp-content\/uploads\/2019\/06\/MARTILLO-DE-REFLEJOS-AZUL-HERGOM.jpg\" \/>\n\t<meta property=\"og:image:width\" content=\"800\" \/>\n\t<meta property=\"og:image:height\" content=\"800\" \/>\n\t<meta property=\"og:image:type\" content=\"image\/jpeg\" \/>\n<meta name=\"twitter:card\" content=\"summary_large_image\" \/>\n<meta name=\"twitter:label1\" content=\"Est. reading time\" \/>\n\t<meta name=\"twitter:data1\" content=\"1 minute\" \/>\n<script type=\"application\/ld+json\" class=\"yoast-schema-graph\">{\"@context\":\"https:\/\/schema.org\",\"@graph\":[{\"@type\":\"WebPage\",\"@id\":\"https:\/\/instamedic.mx\/tienda-medica\/equipo-medico\/diagnostico\/martillos\/martillo-de-reflejos-hergom-buck\/\",\"url\":\"https:\/\/instamedic.mx\/tienda-medica\/equipo-medico\/diagnostico\/martillos\/martillo-de-reflejos-hergom-buck\/\",\"name\":\"Martillo de reflejos BUCK | Instamedic - mejor precio\",\"isPartOf\":{\"@id\":\"https:\/\/instamedic.mx\/#website\"},\"primaryImageOfPage\":{\"@id\":\"https:\/\/instamedic.mx\/tienda-medica\/equipo-medico\/diagnostico\/martillos\/martillo-de-reflejos-hergom-buck\/#primaryimage\"},\"image\":{\"@id\":\"https:\/\/instamedic.mx\/tienda-medica\/equipo-medico\/diagnostico\/martillos\/martillo-de-reflejos-hergom-buck\/#primaryimage\"},\"thumbnailUrl\":\"https:\/\/instamedic.mx\/wp-content\/uploads\/2019\/06\/MARTILLO-DE-REFLEJOS-AZUL-HERGOM.jpg\",\"datePublished\":\"2019-06-24T20:06:36+00:00\",\"dateModified\":\"2024-01-03T00:47:03+00:00\",\"description\":\"Martillo de reflejos con mango de acero inoxidable cuenta con doble cabezal de goma reforzada, punta de alfiler y escobetilla; ideal para pacientes con enfermedades Neurol\u00f3gicas. disponible presentaciones azul, negro, rosa, verde y morado.\",\"breadcrumb\":{\"@id\":\"https:\/\/instamedic.mx\/tienda-medica\/equipo-medico\/diagnostico\/martillos\/martillo-de-reflejos-hergom-buck\/#breadcrumb\"},\"inLanguage\":\"en-US\",\"potentialAction\":[{\"@type\":\"ReadAction\",\"target\":[\"https:\/\/instamedic.mx\/tienda-medica\/equipo-medico\/diagnostico\/martillos\/martillo-de-reflejos-hergom-buck\/\"]}]},{\"@type\":\"ImageObject\",\"inLanguage\":\"en-US\",\"@id\":\"https:\/\/instamedic.mx\/tienda-medica\/equipo-medico\/diagnostico\/martillos\/martillo-de-reflejos-hergom-buck\/#primaryimage\",\"url\":\"https:\/\/instamedic.mx\/wp-content\/uploads\/2019\/06\/MARTILLO-DE-REFLEJOS-AZUL-HERGOM.jpg\",\"contentUrl\":\"https:\/\/instamedic.mx\/wp-content\/uploads\/2019\/06\/MARTILLO-DE-REFLEJOS-AZUL-HERGOM.jpg\",\"width\":800,\"height\":800,\"caption\":\"MARTILLO DE REFLEJOS AZUL HERGOM\"},{\"@type\":\"BreadcrumbList\",\"@id\":\"https:\/\/instamedic.mx\/tienda-medica\/equipo-medico\/diagnostico\/martillos\/martillo-de-reflejos-hergom-buck\/#breadcrumb\",\"itemListElement\":[{\"@type\":\"ListItem\",\"position\":1,\"name\":\"Inicio\",\"item\":\"https:\/\/instamedic.mx\/\"},{\"@type\":\"ListItem\",\"position\":2,\"name\":\"Tienda m\u00e9dica\",\"item\":\"https:\/\/instamedic.mx\/tienda-medica\/\"},{\"@type\":\"ListItem\",\"position\":3,\"name\":\"Martillo de reflejos BUCK\"}]},{\"@type\":\"WebSite\",\"@id\":\"https:\/\/instamedic.mx\/#website\",\"url\":\"https:\/\/instamedic.mx\/\",\"name\":\"INSTAMEDIC\",\"description\":\"Venta de equipo m\u00e9dico, instrumental y uniformes quirpurgicos\",\"publisher\":{\"@id\":\"https:\/\/instamedic.mx\/#organization\"},\"potentialAction\":[{\"@type\":\"SearchAction\",\"target\":{\"@type\":\"EntryPoint\",\"urlTemplate\":\"https:\/\/instamedic.mx\/?s={search_term_string}\"},\"query-input\":\"required name=search_term_string\"}],\"inLanguage\":\"en-US\"},{\"@type\":\"Organization\",\"@id\":\"https:\/\/instamedic.mx\/#organization\",\"name\":\"INSTAMEDIC\",\"url\":\"https:\/\/instamedic.mx\/\",\"logo\":{\"@type\":\"ImageObject\",\"inLanguage\":\"en-US\",\"@id\":\"https:\/\/instamedic.mx\/#\/schema\/logo\/image\/\",\"url\":\"https:\/\/instamedic.mx\/wp-content\/uploads\/2024\/02\/Logo-instamedic.png\",\"contentUrl\":\"https:\/\/instamedic.mx\/wp-content\/uploads\/2024\/02\/Logo-instamedic.png\",\"width\":500,\"height\":500,\"caption\":\"INSTAMEDIC\"},\"image\":{\"@id\":\"https:\/\/instamedic.mx\/#\/schema\/logo\/image\/\"},\"sameAs\":[\"https:\/\/www.facebook.com\/instamedicmx\",\"https:\/\/www.instagram.com\/instamedic_mx\/\"],\"email\":\"info@instamedic.mx\",\"telephone\":\"8713426247\"}]}<\/script>\n<!-- \/ Yoast SEO Premium plugin. -->","yoast_head_json":{"title":"Martillo de reflejos BUCK | Instamedic - mejor precio","description":"Martillo de reflejos con mango de acero inoxidable cuenta con doble cabezal de goma reforzada, punta de alfiler y escobetilla; ideal para pacientes con enfermedades Neurol\u00f3gicas. disponible presentaciones azul, negro, rosa, verde y morado.","robots":{"index":"index","follow":"follow","max-snippet":"max-snippet:-1","max-image-preview":"max-image-preview:large","max-video-preview":"max-video-preview:-1"},"canonical":"https:\/\/instamedic.mx\/en\/tienda-medica\/equipo-medico\/diagnostico\/martillos\/martillo-de-reflejos-hergom-buck\/","og_locale":"en_US","og_type":"article","og_title":"Martillo de reflejos BUCK","og_description":"Martillo de reflejos con mango de acero inoxidable cuenta con doble cabezal de goma reforzada, punta de alfiler y escobetilla; ideal para pacientes con enfermedades Neurol\u00f3gicas. disponible presentaciones azul, negro, rosa, verde y morado.","og_url":"https:\/\/instamedic.mx\/en\/tienda-medica\/equipo-medico\/diagnostico\/martillos\/martillo-de-reflejos-hergom-buck\/","og_site_name":"Instamedic","article_publisher":"https:\/\/www.facebook.com\/instamedicmx","article_modified_time":"2024-01-03T00:47:03+00:00","og_image":[{"width":800,"height":800,"url":"https:\/\/instamedic.mx\/wp-content\/uploads\/2019\/06\/MARTILLO-DE-REFLEJOS-AZUL-HERGOM.jpg","type":"image\/jpeg"}],"twitter_card":"summary_large_image","twitter_misc":{"Est. reading time":"1 minute"},"schema":{"@context":"https:\/\/schema.org","@graph":[{"@type":"WebPage","@id":"https:\/\/instamedic.mx\/tienda-medica\/equipo-medico\/diagnostico\/martillos\/martillo-de-reflejos-hergom-buck\/","url":"https:\/\/instamedic.mx\/tienda-medica\/equipo-medico\/diagnostico\/martillos\/martillo-de-reflejos-hergom-buck\/","name":"Martillo de reflejos BUCK | Instamedic - mejor precio","isPartOf":{"@id":"https:\/\/instamedic.mx\/#website"},"primaryImageOfPage":{"@id":"https:\/\/instamedic.mx\/tienda-medica\/equipo-medico\/diagnostico\/martillos\/martillo-de-reflejos-hergom-buck\/#primaryimage"},"image":{"@id":"https:\/\/instamedic.mx\/tienda-medica\/equipo-medico\/diagnostico\/martillos\/martillo-de-reflejos-hergom-buck\/#primaryimage"},"thumbnailUrl":"https:\/\/instamedic.mx\/wp-content\/uploads\/2019\/06\/MARTILLO-DE-REFLEJOS-AZUL-HERGOM.jpg","datePublished":"2019-06-24T20:06:36+00:00","dateModified":"2024-01-03T00:47:03+00:00","description":"Martillo de reflejos con mango de acero inoxidable cuenta con doble cabezal de goma reforzada, punta de alfiler y escobetilla; ideal para pacientes con enfermedades Neurol\u00f3gicas. disponible presentaciones azul, negro, rosa, verde y morado.","breadcrumb":{"@id":"https:\/\/instamedic.mx\/tienda-medica\/equipo-medico\/diagnostico\/martillos\/martillo-de-reflejos-hergom-buck\/#breadcrumb"},"inLanguage":"en-US","potentialAction":[{"@type":"ReadAction","target":["https:\/\/instamedic.mx\/tienda-medica\/equipo-medico\/diagnostico\/martillos\/martillo-de-reflejos-hergom-buck\/"]}]},{"@type":"ImageObject","inLanguage":"en-US","@id":"https:\/\/instamedic.mx\/tienda-medica\/equipo-medico\/diagnostico\/martillos\/martillo-de-reflejos-hergom-buck\/#primaryimage","url":"https:\/\/instamedic.mx\/wp-content\/uploads\/2019\/06\/MARTILLO-DE-REFLEJOS-AZUL-HERGOM.jpg","contentUrl":"https:\/\/instamedic.mx\/wp-content\/uploads\/2019\/06\/MARTILLO-DE-REFLEJOS-AZUL-HERGOM.jpg","width":800,"height":800,"caption":"MARTILLO DE REFLEJOS AZUL HERGOM"},{"@type":"BreadcrumbList","@id":"https:\/\/instamedic.mx\/tienda-medica\/equipo-medico\/diagnostico\/martillos\/martillo-de-reflejos-hergom-buck\/#breadcrumb","itemListElement":[{"@type":"ListItem","position":1,"name":"Inicio","item":"https:\/\/instamedic.mx\/"},{"@type":"ListItem","position":2,"name":"Tienda m\u00e9dica","item":"https:\/\/instamedic.mx\/tienda-medica\/"},{"@type":"ListItem","position":3,"name":"Martillo de reflejos BUCK"}]},{"@type":"WebSite","@id":"https:\/\/instamedic.mx\/#website","url":"https:\/\/instamedic.mx\/","name":"INSTAMEDIC","description":"Venta de equipo m\u00e9dico, instrumental y uniformes quirpurgicos","publisher":{"@id":"https:\/\/instamedic.mx\/#organization"},"potentialAction":[{"@type":"SearchAction","target":{"@type":"EntryPoint","urlTemplate":"https:\/\/instamedic.mx\/?s={search_term_string}"},"query-input":"required name=search_term_string"}],"inLanguage":"en-US"},{"@type":"Organization","@id":"https:\/\/instamedic.mx\/#organization","name":"INSTAMEDIC","url":"https:\/\/instamedic.mx\/","logo":{"@type":"ImageObject","inLanguage":"en-US","@id":"https:\/\/instamedic.mx\/#\/schema\/logo\/image\/","url":"https:\/\/instamedic.mx\/wp-content\/uploads\/2024\/02\/Logo-instamedic.png","contentUrl":"https:\/\/instamedic.mx\/wp-content\/uploads\/2024\/02\/Logo-instamedic.png","width":500,"height":500,"caption":"INSTAMEDIC"},"image":{"@id":"https:\/\/instamedic.mx\/#\/schema\/logo\/image\/"},"sameAs":["https:\/\/www.facebook.com\/instamedicmx","https:\/\/www.instagram.com\/instamedic_mx\/"],"email":"info@instamedic.mx","telephone":"8713426247"}]}},"jetpack_sharing_enabled":true,"_links":{"self":[{"href":"https:\/\/instamedic.mx\/en\/wp-json\/wp\/v2\/product\/7036"}],"collection":[{"href":"https:\/\/instamedic.mx\/en\/wp-json\/wp\/v2\/product"}],"about":[{"href":"https:\/\/instamedic.mx\/en\/wp-json\/wp\/v2\/types\/product"}],"replies":[{"embeddable":true,"href":"https:\/\/instamedic.mx\/en\/wp-json\/wp\/v2\/comments?post=7036"}],"version-history":[{"count":2,"href":"https:\/\/instamedic.mx\/en\/wp-json\/wp\/v2\/product\/7036\/revisions"}],"predecessor-version":[{"id":22837,"href":"https:\/\/instamedic.mx\/en\/wp-json\/wp\/v2\/product\/7036\/revisions\/22837"}],"wp:featuredmedia":[{"embeddable":true,"href":"https:\/\/instamedic.mx\/en\/wp-json\/wp\/v2\/media\/9003"}],"wp:attachment":[{"href":"https:\/\/instamedic.mx\/en\/wp-json\/wp\/v2\/media?parent=7036"}],"wp:term":[{"taxonomy":"wpc-collection","embeddable":true,"href":"https:\/\/instamedic.mx\/en\/wp-json\/wp\/v2\/wpc-collection?post=7036"},{"taxonomy":"product_brand","embeddable":true,"href":"https:\/\/instamedic.mx\/en\/wp-json\/wp\/v2\/product_brand?post=7036"},{"taxonomy":"product_cat","embeddable":true,"href":"https:\/\/instamedic.mx\/en\/wp-json\/wp\/v2\/product_cat?post=7036"},{"taxonomy":"product_tag","embeddable":true,"href":"https:\/\/instamedic.mx\/en\/wp-json\/wp\/v2\/product_tag?post=7036"}],"curies":[{"name":"wp","href":"https:\/\/api.w.org\/{rel}","templated":true}]}}