{"id":7051,"date":"2019-06-24T20:25:57","date_gmt":"2019-06-24T20:25:57","guid":{"rendered":"https:\/\/instamedic.mx\/?post_type=product&#038;p=7051"},"modified":"2024-05-09T17:10:25","modified_gmt":"2024-05-09T17:10:25","slug":"baumanometro-aneroide-manual","status":"publish","type":"product","link":"https:\/\/instamedic.mx\/en\/tienda-medica\/equipo-medico\/diagnostico\/baumanometros\/baumanometro-aneroide\/baumanometro-aneroide-manual\/","title":{"rendered":"Manual Aneroid Sphygmomanometer"},"content":{"rendered":"<div data-elementor-type=\"wp-post\" data-elementor-id=\"7051\" class=\"elementor elementor-7051\">\n\t\t\t\t<div class=\"elementor-element elementor-element-5423dc3 e-flex e-con-boxed e-con e-parent\" data-id=\"5423dc3\" data-element_type=\"container\" data-core-v316-plus=\"true\">\n\t\t\t\t\t<div class=\"e-con-inner\">\n\t\t\t\t<div class=\"elementor-element elementor-element-18148cd elementor-widget elementor-widget-heading\" data-id=\"18148cd\" data-element_type=\"widget\" data-widget_type=\"heading.default\">\n\t\t\t\t<div class=\"elementor-widget-container\">\n\t\t\t<style>\/*! elementor - v3.20.0 - 26-03-2024 *\/\n.elementor-heading-title{padding:0;margin:0;line-height:1}.elementor-widget-heading .elementor-heading-title[class*=elementor-size-]>a{color:inherit;font-size:inherit;line-height:inherit}.elementor-widget-heading .elementor-heading-title.elementor-size-small{font-size:15px}.elementor-widget-heading .elementor-heading-title.elementor-size-medium{font-size:19px}.elementor-widget-heading .elementor-heading-title.elementor-size-large{font-size:29px}.elementor-widget-heading .elementor-heading-title.elementor-size-xl{font-size:39px}.elementor-widget-heading .elementor-heading-title.elementor-size-xxl{font-size:59px}<\/style><h2 class=\"elementor-heading-title elementor-size-default\">Manual Aneroid Sphygmomanometer<\/h2>\t\t<\/div>\n\t\t\t\t<\/div>\n\t\t<div class=\"elementor-element elementor-element-b52dd75 e-flex e-con-boxed e-con e-child\" data-id=\"b52dd75\" data-element_type=\"container\">\n\t\t\t\t\t<div class=\"e-con-inner\">\n\t\t<div class=\"elementor-element elementor-element-6422a30 e-flex e-con-boxed e-con e-child\" data-id=\"6422a30\" data-element_type=\"container\">\n\t\t\t\t\t<div class=\"e-con-inner\">\n\t\t\t\t<div class=\"elementor-element elementor-element-9f2cfe6 elementor-widget elementor-widget-image\" data-id=\"9f2cfe6\" data-element_type=\"widget\" data-widget_type=\"image.default\">\n\t\t\t\t<div class=\"elementor-widget-container\">\n\t\t\t<style>\/*! elementor - v3.20.0 - 26-03-2024 *\/\n.elementor-widget-image{text-align:center}.elementor-widget-image a{display:inline-block}.elementor-widget-image a img[src$=\".svg\"]{width:48px}.elementor-widget-image img{vertical-align:middle;display:inline-block}<\/style>\t\t\t\t\t\t\t\t\t\t<img fetchpriority=\"high\" decoding=\"async\" width=\"640\" height=\"427\" src=\"https:\/\/instamedic.mx\/wp-content\/uploads\/2019\/06\/Para-que-sirve-el-baumanometro.jpg\" class=\"attachment-large size-large wp-image-22923\" alt=\"Para que sirve el bauman\u00f3metro\" \/>\t\t\t\t\t\t\t\t\t\t\t\t\t<\/div>\n\t\t\t\t<\/div>\n\t\t\t\t\t<\/div>\n\t\t\t\t<\/div>\n\t\t<div class=\"elementor-element elementor-element-0dcae14 e-flex e-con-boxed e-con e-child\" data-id=\"0dcae14\" data-element_type=\"container\">\n\t\t\t\t\t<div class=\"e-con-inner\">\n\t\t\t\t<div class=\"elementor-element elementor-element-e403eae elementor-widget elementor-widget-text-editor\" data-id=\"e403eae\" data-element_type=\"widget\" data-widget_type=\"text-editor.default\">\n\t\t\t\t<div class=\"elementor-widget-container\">\n\t\t\t<style>\/*! elementor - v3.20.0 - 26-03-2024 *\/\n.elementor-widget-text-editor.elementor-drop-cap-view-stacked .elementor-drop-cap{background-color:#69727d;color:#fff}.elementor-widget-text-editor.elementor-drop-cap-view-framed .elementor-drop-cap{color:#69727d;border:3px solid;background-color:transparent}.elementor-widget-text-editor:not(.elementor-drop-cap-view-default) .elementor-drop-cap{margin-top:8px}.elementor-widget-text-editor:not(.elementor-drop-cap-view-default) .elementor-drop-cap-letter{width:1em;height:1em}.elementor-widget-text-editor .elementor-drop-cap{float:left;text-align:center;line-height:1;font-size:50px}.elementor-widget-text-editor .elementor-drop-cap-letter{display:inline-block}<\/style>\t\t\t\t<p><strong>The manual aneroid sphygmomanometer has a large, easy-to-read dial, a color-coded, extra-resistant nylon cuff, a knob, reinforced silicone tubing, and a carrying case.<\/strong><\/p>\t\t\t\t\t\t<\/div>\n\t\t\t\t<\/div>\n\t\t\t\t<div class=\"elementor-element elementor-element-9e08e93 elementor-widget elementor-widget-text-editor\" data-id=\"9e08e93\" data-element_type=\"widget\" data-widget_type=\"text-editor.default\">\n\t\t\t\t<div class=\"elementor-widget-container\">\n\t\t\t\t\t\t\t<h2>What is the purpose of a manual blood pressure gauge?<\/h2><p><strong>Accurately measure your patients&#039; blood pressure and make a timely diagnosis with a manual sphygmomanometer.<\/strong><\/p>\t\t\t\t\t\t<\/div>\n\t\t\t\t<\/div>\n\t\t\t\t<div class=\"elementor-element elementor-element-5869b96 elementor-widget elementor-widget-text-editor\" data-id=\"5869b96\" data-element_type=\"widget\" data-widget_type=\"text-editor.default\">\n\t\t\t\t<div class=\"elementor-widget-container\">\n\t\t\t\t\t\t\t<h2>Where is a manual blood pressure monitor used?<\/h2><p><strong>This is an ideal tool both in emergencies and in your office to take care of your patients&#039; health.<\/strong><\/p><p>Use it in conjunction with a double or single stethoscope.\u00a0<a href=\"https:\/\/instamedic.mx\/en\/tienda-medica\/equipo-medico\/diagnostico\/baumanometros\/baumanometro-aneroide\/kit-baumanometro-y-estetoscopio-simple-checkatek-hergom\/\" target=\"_blank\" rel=\"noopener noreferrer\">You can find them here in kit form.<\/a>\u00a0<a href=\"https:\/\/instamedic.mx\/en\/product-category\/equipo-medico\/diagnostico\/estetoscopios\/\" target=\"_blank\" rel=\"noopener noreferrer\">Stethoscopes<\/a>\u00a0The store offers them in different colors depending on the model, such as black, wine, red, pink, and others. You can also combine them with...\u00a0<a href=\"https:\/\/instamedic.mx\/en\/product-category\/equipo-medico\/diagnostico\/lamparas\/\" target=\"_blank\" rel=\"noopener noreferrer\">diagnostic lamps<\/a>\u00a0(available in colors)<\/p>\t\t\t\t\t\t<\/div>\n\t\t\t\t<\/div>\n\t\t\t\t\t<\/div>\n\t\t\t\t<\/div>\n\t\t\t\t\t<\/div>\n\t\t\t\t<\/div>\n\t\t<div class=\"elementor-element elementor-element-6799db0 e-flex e-con-boxed e-con e-child\" data-id=\"6799db0\" data-element_type=\"container\">\n\t\t\t\t\t<div class=\"e-con-inner\">\n\t\t<div class=\"elementor-element elementor-element-f8480cb e-flex e-con-boxed e-con e-child\" data-id=\"f8480cb\" data-element_type=\"container\">\n\t\t\t\t\t<div class=\"e-con-inner\">\n\t\t\t\t<div class=\"elementor-element elementor-element-ea80a8c elementor-widget elementor-widget-text-editor\" data-id=\"ea80a8c\" data-element_type=\"widget\" data-widget_type=\"text-editor.default\">\n\t\t\t\t<div class=\"elementor-widget-container\">\n\t\t\t\t\t\t\t<h2>How do you use a blood pressure monitor?<\/h2><p>Remember that since it is not a digital blood pressure monitor, the measurement is not automatic, so it must be taken with the help of a...\u00a0<a href=\"https:\/\/instamedic.mx\/en\/tienda-medica\/equipo-medico\/diagnostico\/estetoscopios\/estetoscopio-adulto-doble-solido\/\" target=\"_blank\" rel=\"noopener noreferrer\">double stethoscope<\/a>\u00a0either\u00a0<a href=\"https:\/\/instamedic.mx\/en\/tienda-medica\/equipo-medico\/diagnostico\/baumanometros\/baumanometro-aneroide\/kit-baumanometro-y-estetoscopio-simple-checkatek-hergom\/\" target=\"_blank\" rel=\"noopener noreferrer\">simple<\/a>\u00a0to measure blood pressure.<\/p><p><a href=\"https:\/\/leadmarketing.com.mx\/negocios\/salud\/como-se-usa-el-baumanometro\/\" target=\"_blank\" rel=\"noopener noreferrer\">Here<\/a> You can find detailed information on how to measure blood pressure, as well as some recommendations.<\/p>\t\t\t\t\t\t<\/div>\n\t\t\t\t<\/div>\n\t\t\t\t\t<\/div>\n\t\t\t\t<\/div>\n\t\t<div class=\"elementor-element elementor-element-d37f71d e-flex e-con-boxed e-con e-child\" data-id=\"d37f71d\" data-element_type=\"container\">\n\t\t\t\t\t<div class=\"e-con-inner\">\n\t\t\t\t<div class=\"elementor-element elementor-element-701a378 elementor-widget elementor-widget-image\" data-id=\"701a378\" data-element_type=\"widget\" data-widget_type=\"image.default\">\n\t\t\t\t<div class=\"elementor-widget-container\">\n\t\t\t\t\t\t\t\t\t\t\t\t\t<img decoding=\"async\" width=\"640\" height=\"267\" src=\"https:\/\/instamedic.mx\/wp-content\/uploads\/2019\/06\/Como-se-usa-el-baumanometro.png\" class=\"attachment-large size-large wp-image-22925\" alt=\"C\u00f3mo se usa el bauman\u00f3metro\" \/>\t\t\t\t\t\t\t\t\t\t\t\t\t<\/div>\n\t\t\t\t<\/div>\n\t\t\t\t\t<\/div>\n\t\t\t\t<\/div>\n\t\t\t\t\t<\/div>\n\t\t\t\t<\/div>\n\t\t<div class=\"elementor-element elementor-element-917b02a e-flex e-con-boxed e-con e-child\" data-id=\"917b02a\" data-element_type=\"container\">\n\t\t\t\t\t<div class=\"e-con-inner\">\n\t\t\t\t<div class=\"elementor-element elementor-element-c20fd06 elementor-widget elementor-widget-text-editor\" data-id=\"c20fd06\" data-element_type=\"widget\" data-widget_type=\"text-editor.default\">\n\t\t\t\t<div class=\"elementor-widget-container\">\n\t\t\t\t\t\t\t<h3>Colors of the manual blood pressure monitor<\/h3><p>This blood pressure monitor is available in Blue, Gray, Pink, Red, and Black.<\/p>\t\t\t\t\t\t<\/div>\n\t\t\t\t<\/div>\n\t\t\t\t<div class=\"elementor-element elementor-element-a5f9494 elementor-widget elementor-widget-image\" data-id=\"a5f9494\" data-element_type=\"widget\" data-widget_type=\"image.default\">\n\t\t\t\t<div class=\"elementor-widget-container\">\n\t\t\t\t\t\t\t\t\t\t\t\t\t<img decoding=\"async\" width=\"640\" height=\"267\" src=\"https:\/\/instamedic.mx\/wp-content\/uploads\/2019\/06\/Colores-baumanometro-manual-aneroide.png\" class=\"attachment-large size-large wp-image-22924\" alt=\"Colores bauman\u00f3metro manual aneroide\" \/>\t\t\t\t\t\t\t\t\t\t\t\t\t<\/div>\n\t\t\t\t<\/div>\n\t\t\t\t\t<\/div>\n\t\t\t\t<\/div>\n\t\t\t\t<div class=\"elementor-element elementor-element-1d92eb4 elementor-widget elementor-widget-text-editor\" data-id=\"1d92eb4\" data-element_type=\"widget\" data-widget_type=\"text-editor.default\">\n\t\t\t\t<div class=\"elementor-widget-container\">\n\t\t\t\t\t\t\t<h2>Do you need a wider cuff for the blood pressure monitor?<\/h2><p>If you require a larger armband for the patient, you might be interested in the <a href=\"https:\/\/instamedic.mx\/en\/tienda-medica\/equipo-medico\/diagnostico\/baumanometros\/baumanometro-aneroide\/refacciones-para-baumanometro\/brazal-de-obesidad-con-camara\/\" target=\"_blank\" rel=\"noopener noreferrer\">armband for obese people<\/a> which allows for the measurement of blood pressure without complications.<\/p><p>The bracelet for obese people is twice the size available, but it&#039;s currently only available in blue. We hope to add more colors soon.<\/p>\t\t\t\t\t\t<\/div>\n\t\t\t\t<\/div>\n\t\t\t\t<div class=\"elementor-element elementor-element-c119bfe elementor-widget elementor-widget-tm-product-banner\" data-id=\"c119bfe\" data-element_type=\"widget\" data-widget_type=\"tm-product-banner.default\">\n\t\t\t\t<div class=\"elementor-widget-container\">\n\t\t\t\t\t<a href=\"https:\/\/instamedic.mx\/en\/tienda-medica\/equipo-medico\/diagnostico\/baumanometros\/baumanometro-aneroide\/refacciones-para-baumanometro\/brazal-de-obesidad-con-camara\/\" class=\"minimog-product-banner minimog-box link-secret style-01\">\n\t\t\t\t\t<div class=\"minimog-image image\">\n\t\t\t\t<m-image class=\"minimog-lazy-image\" style=\"--lazy-image-width: 1200px;--lazy-image-height: 41.666666666667%;\" data-image-loading><img loading=\"lazy\" decoding=\"async\"  src=\"https:\/\/instamedic.mx\/wp-content\/uploads\/2019\/06\/Brazal-para-obesidad.png\" width=\"1200\" height=\"500\" alt=\"Brazal para obesidad\" class=\"attachment-full size-full\" \/><\/m-image>\t\t\t<\/div>\n\t\t\n\t\t\n\t\t\n\t\t<div class=\"product-banner-content\">\n\t\t\t<div class=\"content-inner\">\n\t\t\t\t\t\t\t\t\t<div class=\"banner-product-category\">Medical team<\/div>\t\t\t\t\t\t\t\t<h2 class=\"banner-product-title\">Obesity Bracelet with Camera<\/h2><div class=\"price\"><span class=\"woocommerce-Price-amount amount\"><bdi><span class=\"woocommerce-Price-currencySymbol\">&#36;<\/span>160.00<\/bdi><\/span> <small class=\"woocommerce-price-suffix\">+ VAT<\/small><\/div><div class=\"tm-button-wrapper product-banner-button\" >\t\t<div  class=\"tm-button style-flat tm-button-xs\">\t\t<div class=\"button-content-wrapper\">\n\n\t\t\t\n\t\t\t\t\t\t\t<span class=\"button-text\">Shop now<\/span>\n\t\t\t\n\t\t\t\n\t\t\t\t\t<\/div>\n\t\t<\/div>\t\t<\/div>\t\t\t<\/div>\n\t\t<\/div>\n\t\t<\/a>\t\t\t\t<\/div>\n\t\t\t\t<\/div>\n\t\t\t\t\t<\/div>\n\t\t\t\t<\/div>\n\t\t\t\t<\/div>","protected":false},"excerpt":{"rendered":"<p><strong>Accurately measure your patients&#039; blood pressure and make a timely diagnosis with a manual sphygmomanometer. <\/strong><\/p>\n<h2>The manual blood pressure monitor contains:<\/h2>\n<ol>\n<li>A large, easy-to-read cover<\/li>\n<li>A reinforced silicone knob<\/li>\n<li>A reinforced silicone hose<\/li>\n<li>A\u00a0<a href=\"https:\/\/instamedic.mx\/en\/tienda-medica\/equipo-medico\/diagnostico\/baumanometros\/baumanometro-aneroide\/refacciones-para-baumanometro\/brazal-con-camara\/\" target=\"_blank\" rel=\"noopener noreferrer\">armband with camera <\/a>Made of extra-resistant nylon.<\/li>\n<li>Storage case<\/li>\n<\/ol>\n<p>The equipment is manufactured with long-lasting materials in both the hoses and the valve.<\/p>","protected":false},"featured_media":8981,"comment_status":"open","ping_status":"closed","template":"","meta":[],"wpc-collection":[],"product_brand":[655],"product_cat":[92,103,108],"product_tag":[346,105,126,124,707],"yoast_head":"<!-- This site is optimized with the Yoast SEO Premium plugin v22.3 (Yoast SEO v22.4) - https:\/\/yoast.com\/wordpress\/plugins\/seo\/ -->\n<title>Bauman\u00f3metro Aneroide Manual | Tienda m\u00e9dica | Mejores precios<\/title>\n<meta name=\"description\" content=\"El baumanometro manual tiene car\u00e1tula amplia de f\u00e1cil lectura, brazal a color de Nylon extra resistente perilla y mangueras de silic\u00f3n reforzado y estuche\" \/>\n<meta name=\"robots\" content=\"index, follow, max-snippet:-1, max-image-preview:large, max-video-preview:-1\" \/>\n<link rel=\"canonical\" href=\"https:\/\/instamedic.mx\/en\/tienda-medica\/equipo-medico\/diagnostico\/baumanometros\/baumanometro-aneroide\/baumanometro-aneroide-manual\/\" \/>\n<meta property=\"og:locale\" content=\"en_US\" \/>\n<meta property=\"og:type\" content=\"article\" \/>\n<meta property=\"og:title\" content=\"Bauman\u00f3metro Aneroide Manual\" \/>\n<meta property=\"og:description\" content=\"El baumanometro manual tiene car\u00e1tula amplia de f\u00e1cil lectura, brazal a color de Nylon extra resistente perilla y mangueras de silic\u00f3n reforzado y estuche\" \/>\n<meta property=\"og:url\" content=\"https:\/\/instamedic.mx\/en\/tienda-medica\/equipo-medico\/diagnostico\/baumanometros\/baumanometro-aneroide\/baumanometro-aneroide-manual\/\" \/>\n<meta property=\"og:site_name\" content=\"Instamedic\" \/>\n<meta property=\"article:publisher\" content=\"https:\/\/www.facebook.com\/instamedicmx\" \/>\n<meta property=\"article:modified_time\" content=\"2024-05-09T17:10:25+00:00\" \/>\n<meta property=\"og:image\" content=\"https:\/\/instamedic.mx\/wp-content\/uploads\/2019\/06\/Baumanometro-aneroide-Rojo-hergom-checkatek.png\" \/>\n\t<meta property=\"og:image:width\" content=\"800\" \/>\n\t<meta property=\"og:image:height\" content=\"800\" \/>\n\t<meta property=\"og:image:type\" content=\"image\/png\" \/>\n<meta name=\"twitter:card\" content=\"summary_large_image\" \/>\n<meta name=\"twitter:label1\" content=\"Est. reading time\" \/>\n\t<meta name=\"twitter:data1\" content=\"3 minutes\" \/>\n<script type=\"application\/ld+json\" class=\"yoast-schema-graph\">{\"@context\":\"https:\/\/schema.org\",\"@graph\":[{\"@type\":\"WebPage\",\"@id\":\"https:\/\/instamedic.mx\/tienda-medica\/equipo-medico\/diagnostico\/baumanometros\/baumanometro-aneroide\/baumanometro-aneroide-manual\/\",\"url\":\"https:\/\/instamedic.mx\/tienda-medica\/equipo-medico\/diagnostico\/baumanometros\/baumanometro-aneroide\/baumanometro-aneroide-manual\/\",\"name\":\"Bauman\u00f3metro Aneroide Manual | Tienda m\u00e9dica | Mejores precios\",\"isPartOf\":{\"@id\":\"https:\/\/instamedic.mx\/#website\"},\"primaryImageOfPage\":{\"@id\":\"https:\/\/instamedic.mx\/tienda-medica\/equipo-medico\/diagnostico\/baumanometros\/baumanometro-aneroide\/baumanometro-aneroide-manual\/#primaryimage\"},\"image\":{\"@id\":\"https:\/\/instamedic.mx\/tienda-medica\/equipo-medico\/diagnostico\/baumanometros\/baumanometro-aneroide\/baumanometro-aneroide-manual\/#primaryimage\"},\"thumbnailUrl\":\"https:\/\/instamedic.mx\/wp-content\/uploads\/2019\/06\/Baumanometro-aneroide-Rojo-hergom-checkatek.png\",\"datePublished\":\"2019-06-24T20:25:57+00:00\",\"dateModified\":\"2024-05-09T17:10:25+00:00\",\"description\":\"El baumanometro manual tiene car\u00e1tula amplia de f\u00e1cil lectura, brazal a color de Nylon extra resistente perilla y mangueras de silic\u00f3n reforzado y estuche\",\"breadcrumb\":{\"@id\":\"https:\/\/instamedic.mx\/tienda-medica\/equipo-medico\/diagnostico\/baumanometros\/baumanometro-aneroide\/baumanometro-aneroide-manual\/#breadcrumb\"},\"inLanguage\":\"en-US\",\"potentialAction\":[{\"@type\":\"ReadAction\",\"target\":[\"https:\/\/instamedic.mx\/tienda-medica\/equipo-medico\/diagnostico\/baumanometros\/baumanometro-aneroide\/baumanometro-aneroide-manual\/\"]}]},{\"@type\":\"ImageObject\",\"inLanguage\":\"en-US\",\"@id\":\"https:\/\/instamedic.mx\/tienda-medica\/equipo-medico\/diagnostico\/baumanometros\/baumanometro-aneroide\/baumanometro-aneroide-manual\/#primaryimage\",\"url\":\"https:\/\/instamedic.mx\/wp-content\/uploads\/2019\/06\/Baumanometro-aneroide-Rojo-hergom-checkatek.png\",\"contentUrl\":\"https:\/\/instamedic.mx\/wp-content\/uploads\/2019\/06\/Baumanometro-aneroide-Rojo-hergom-checkatek.png\",\"width\":800,\"height\":800,\"caption\":\"Baumanometro-aneroide manual-color Rojo-checkatek\"},{\"@type\":\"BreadcrumbList\",\"@id\":\"https:\/\/instamedic.mx\/tienda-medica\/equipo-medico\/diagnostico\/baumanometros\/baumanometro-aneroide\/baumanometro-aneroide-manual\/#breadcrumb\",\"itemListElement\":[{\"@type\":\"ListItem\",\"position\":1,\"name\":\"Inicio\",\"item\":\"https:\/\/instamedic.mx\/\"},{\"@type\":\"ListItem\",\"position\":2,\"name\":\"Tienda m\u00e9dica\",\"item\":\"https:\/\/instamedic.mx\/tienda-medica\/\"},{\"@type\":\"ListItem\",\"position\":3,\"name\":\"Bauman\u00f3metro Aneroide Manual\"}]},{\"@type\":\"WebSite\",\"@id\":\"https:\/\/instamedic.mx\/#website\",\"url\":\"https:\/\/instamedic.mx\/\",\"name\":\"INSTAMEDIC\",\"description\":\"Venta de equipo m\u00e9dico, instrumental y uniformes quirpurgicos\",\"publisher\":{\"@id\":\"https:\/\/instamedic.mx\/#organization\"},\"potentialAction\":[{\"@type\":\"SearchAction\",\"target\":{\"@type\":\"EntryPoint\",\"urlTemplate\":\"https:\/\/instamedic.mx\/?s={search_term_string}\"},\"query-input\":\"required name=search_term_string\"}],\"inLanguage\":\"en-US\"},{\"@type\":\"Organization\",\"@id\":\"https:\/\/instamedic.mx\/#organization\",\"name\":\"INSTAMEDIC\",\"url\":\"https:\/\/instamedic.mx\/\",\"logo\":{\"@type\":\"ImageObject\",\"inLanguage\":\"en-US\",\"@id\":\"https:\/\/instamedic.mx\/#\/schema\/logo\/image\/\",\"url\":\"https:\/\/instamedic.mx\/wp-content\/uploads\/2024\/02\/Logo-instamedic.png\",\"contentUrl\":\"https:\/\/instamedic.mx\/wp-content\/uploads\/2024\/02\/Logo-instamedic.png\",\"width\":500,\"height\":500,\"caption\":\"INSTAMEDIC\"},\"image\":{\"@id\":\"https:\/\/instamedic.mx\/#\/schema\/logo\/image\/\"},\"sameAs\":[\"https:\/\/www.facebook.com\/instamedicmx\",\"https:\/\/www.instagram.com\/instamedic_mx\/\"],\"email\":\"info@instamedic.mx\",\"telephone\":\"8713426247\"}]}<\/script>\n<!-- \/ Yoast SEO Premium plugin. -->","yoast_head_json":{"title":"Bauman\u00f3metro Aneroide Manual | Tienda m\u00e9dica | Mejores precios","description":"El baumanometro manual tiene car\u00e1tula amplia de f\u00e1cil lectura, brazal a color de Nylon extra resistente perilla y mangueras de silic\u00f3n reforzado y estuche","robots":{"index":"index","follow":"follow","max-snippet":"max-snippet:-1","max-image-preview":"max-image-preview:large","max-video-preview":"max-video-preview:-1"},"canonical":"https:\/\/instamedic.mx\/en\/tienda-medica\/equipo-medico\/diagnostico\/baumanometros\/baumanometro-aneroide\/baumanometro-aneroide-manual\/","og_locale":"en_US","og_type":"article","og_title":"Bauman\u00f3metro Aneroide Manual","og_description":"El baumanometro manual tiene car\u00e1tula amplia de f\u00e1cil lectura, brazal a color de Nylon extra resistente perilla y mangueras de silic\u00f3n reforzado y estuche","og_url":"https:\/\/instamedic.mx\/en\/tienda-medica\/equipo-medico\/diagnostico\/baumanometros\/baumanometro-aneroide\/baumanometro-aneroide-manual\/","og_site_name":"Instamedic","article_publisher":"https:\/\/www.facebook.com\/instamedicmx","article_modified_time":"2024-05-09T17:10:25+00:00","og_image":[{"width":800,"height":800,"url":"https:\/\/instamedic.mx\/wp-content\/uploads\/2019\/06\/Baumanometro-aneroide-Rojo-hergom-checkatek.png","type":"image\/png"}],"twitter_card":"summary_large_image","twitter_misc":{"Est. reading time":"3 minutes"},"schema":{"@context":"https:\/\/schema.org","@graph":[{"@type":"WebPage","@id":"https:\/\/instamedic.mx\/tienda-medica\/equipo-medico\/diagnostico\/baumanometros\/baumanometro-aneroide\/baumanometro-aneroide-manual\/","url":"https:\/\/instamedic.mx\/tienda-medica\/equipo-medico\/diagnostico\/baumanometros\/baumanometro-aneroide\/baumanometro-aneroide-manual\/","name":"Bauman\u00f3metro Aneroide Manual | Tienda m\u00e9dica | Mejores precios","isPartOf":{"@id":"https:\/\/instamedic.mx\/#website"},"primaryImageOfPage":{"@id":"https:\/\/instamedic.mx\/tienda-medica\/equipo-medico\/diagnostico\/baumanometros\/baumanometro-aneroide\/baumanometro-aneroide-manual\/#primaryimage"},"image":{"@id":"https:\/\/instamedic.mx\/tienda-medica\/equipo-medico\/diagnostico\/baumanometros\/baumanometro-aneroide\/baumanometro-aneroide-manual\/#primaryimage"},"thumbnailUrl":"https:\/\/instamedic.mx\/wp-content\/uploads\/2019\/06\/Baumanometro-aneroide-Rojo-hergom-checkatek.png","datePublished":"2019-06-24T20:25:57+00:00","dateModified":"2024-05-09T17:10:25+00:00","description":"El baumanometro manual tiene car\u00e1tula amplia de f\u00e1cil lectura, brazal a color de Nylon extra resistente perilla y mangueras de silic\u00f3n reforzado y estuche","breadcrumb":{"@id":"https:\/\/instamedic.mx\/tienda-medica\/equipo-medico\/diagnostico\/baumanometros\/baumanometro-aneroide\/baumanometro-aneroide-manual\/#breadcrumb"},"inLanguage":"en-US","potentialAction":[{"@type":"ReadAction","target":["https:\/\/instamedic.mx\/tienda-medica\/equipo-medico\/diagnostico\/baumanometros\/baumanometro-aneroide\/baumanometro-aneroide-manual\/"]}]},{"@type":"ImageObject","inLanguage":"en-US","@id":"https:\/\/instamedic.mx\/tienda-medica\/equipo-medico\/diagnostico\/baumanometros\/baumanometro-aneroide\/baumanometro-aneroide-manual\/#primaryimage","url":"https:\/\/instamedic.mx\/wp-content\/uploads\/2019\/06\/Baumanometro-aneroide-Rojo-hergom-checkatek.png","contentUrl":"https:\/\/instamedic.mx\/wp-content\/uploads\/2019\/06\/Baumanometro-aneroide-Rojo-hergom-checkatek.png","width":800,"height":800,"caption":"Baumanometro-aneroide manual-color Rojo-checkatek"},{"@type":"BreadcrumbList","@id":"https:\/\/instamedic.mx\/tienda-medica\/equipo-medico\/diagnostico\/baumanometros\/baumanometro-aneroide\/baumanometro-aneroide-manual\/#breadcrumb","itemListElement":[{"@type":"ListItem","position":1,"name":"Inicio","item":"https:\/\/instamedic.mx\/"},{"@type":"ListItem","position":2,"name":"Tienda m\u00e9dica","item":"https:\/\/instamedic.mx\/tienda-medica\/"},{"@type":"ListItem","position":3,"name":"Bauman\u00f3metro Aneroide Manual"}]},{"@type":"WebSite","@id":"https:\/\/instamedic.mx\/#website","url":"https:\/\/instamedic.mx\/","name":"INSTAMEDIC","description":"Venta de equipo m\u00e9dico, instrumental y uniformes quirpurgicos","publisher":{"@id":"https:\/\/instamedic.mx\/#organization"},"potentialAction":[{"@type":"SearchAction","target":{"@type":"EntryPoint","urlTemplate":"https:\/\/instamedic.mx\/?s={search_term_string}"},"query-input":"required name=search_term_string"}],"inLanguage":"en-US"},{"@type":"Organization","@id":"https:\/\/instamedic.mx\/#organization","name":"INSTAMEDIC","url":"https:\/\/instamedic.mx\/","logo":{"@type":"ImageObject","inLanguage":"en-US","@id":"https:\/\/instamedic.mx\/#\/schema\/logo\/image\/","url":"https:\/\/instamedic.mx\/wp-content\/uploads\/2024\/02\/Logo-instamedic.png","contentUrl":"https:\/\/instamedic.mx\/wp-content\/uploads\/2024\/02\/Logo-instamedic.png","width":500,"height":500,"caption":"INSTAMEDIC"},"image":{"@id":"https:\/\/instamedic.mx\/#\/schema\/logo\/image\/"},"sameAs":["https:\/\/www.facebook.com\/instamedicmx","https:\/\/www.instagram.com\/instamedic_mx\/"],"email":"info@instamedic.mx","telephone":"8713426247"}]}},"jetpack_sharing_enabled":true,"_links":{"self":[{"href":"https:\/\/instamedic.mx\/en\/wp-json\/wp\/v2\/product\/7051"}],"collection":[{"href":"https:\/\/instamedic.mx\/en\/wp-json\/wp\/v2\/product"}],"about":[{"href":"https:\/\/instamedic.mx\/en\/wp-json\/wp\/v2\/types\/product"}],"replies":[{"embeddable":true,"href":"https:\/\/instamedic.mx\/en\/wp-json\/wp\/v2\/comments?post=7051"}],"version-history":[{"count":21,"href":"https:\/\/instamedic.mx\/en\/wp-json\/wp\/v2\/product\/7051\/revisions"}],"predecessor-version":[{"id":23198,"href":"https:\/\/instamedic.mx\/en\/wp-json\/wp\/v2\/product\/7051\/revisions\/23198"}],"wp:featuredmedia":[{"embeddable":true,"href":"https:\/\/instamedic.mx\/en\/wp-json\/wp\/v2\/media\/8981"}],"wp:attachment":[{"href":"https:\/\/instamedic.mx\/en\/wp-json\/wp\/v2\/media?parent=7051"}],"wp:term":[{"taxonomy":"wpc-collection","embeddable":true,"href":"https:\/\/instamedic.mx\/en\/wp-json\/wp\/v2\/wpc-collection?post=7051"},{"taxonomy":"product_brand","embeddable":true,"href":"https:\/\/instamedic.mx\/en\/wp-json\/wp\/v2\/product_brand?post=7051"},{"taxonomy":"product_cat","embeddable":true,"href":"https:\/\/instamedic.mx\/en\/wp-json\/wp\/v2\/product_cat?post=7051"},{"taxonomy":"product_tag","embeddable":true,"href":"https:\/\/instamedic.mx\/en\/wp-json\/wp\/v2\/product_tag?post=7051"}],"curies":[{"name":"wp","href":"https:\/\/api.w.org\/{rel}","templated":true}]}}