{"id":7068,"date":"2019-06-24T20:27:54","date_gmt":"2019-06-24T20:27:54","guid":{"rendered":"https:\/\/instamedic.mx\/?post_type=product&#038;p=7068"},"modified":"2024-04-04T19:27:57","modified_gmt":"2024-04-04T19:27:57","slug":"baumanometro-digital-beurer","status":"publish","type":"product","link":"https:\/\/instamedic.mx\/en\/tienda-medica\/equipo-medico\/diagnostico\/baumanometros\/baumanometro-aneroide\/baumanometro-digital-beurer\/","title":{"rendered":"Beurer Digital Blood Pressure Monitor"},"content":{"rendered":"<h2><strong>Bauman\u00f3metro Digital By Beurer<\/strong><\/h2>\n<p>Conoce la tensi\u00f3n arterial de tus pacientes de forma precisa y realiza un diagnostico oportuno tanto en emergencias como en tu consultorio, checa los signos vitales primordiales con un Bauman\u00f3metro autom\u00e1tico, obteniendo tu resultado de una manera r\u00e1pida y sin necesidad de otro instrumento (<a href=\"https:\/\/instamedic.mx\/en\/tienda-medica\/equipo-medico\/diagnostico\/estetoscopios\/estetoscopio-adulto-doble-solido\/\">Estetoscopio<\/a>).<\/p>\n<p>Mide:<\/p>\n<ul>\n<li>Frecuencia card\u00edaca<\/li>\n<li>Tensi\u00f3n arterial<\/li>\n<\/ul>\n<p><img decoding=\"async\" src=\"https:\/\/cdn.shopify.com\/s\/files\/1\/2961\/2964\/files\/BC28DescA_01bannerprincipal.jpg?v=1665686667\" alt=\"\" \/><\/p>\n<p><img decoding=\"async\" src=\"https:\/\/cdn.shopify.com\/s\/files\/1\/2961\/2964\/files\/BC28DescA_02caracprincipal.jpg?v=1665686696\" alt=\"\" \/><\/p>\n<p><img decoding=\"async\" src=\"https:\/\/cdn.shopify.com\/s\/files\/1\/2961\/2964\/files\/BC28DescA_03bullets1.jpg?v=1665686707\" alt=\"\" \/><\/p>\n<p><img decoding=\"async\" src=\"https:\/\/cdn.shopify.com\/s\/files\/1\/2961\/2964\/files\/BC28DescA_04descripfisica.jpg?v=1665686739\" alt=\"\" \/><\/p>\n<p><img decoding=\"async\" src=\"https:\/\/cdn.shopify.com\/s\/files\/1\/2961\/2964\/files\/BC28DescA_05Descripciondepantalla.jpg?v=1665686755\" alt=\"\" \/><\/p>\n<p><img decoding=\"async\" src=\"https:\/\/cdn.shopify.com\/s\/files\/1\/2961\/2964\/files\/BC28DescA_06Posturacorrecta.jpg?v=1665686767\" alt=\"\" \/><\/p>\n<p><img decoding=\"async\" src=\"https:\/\/cdn.shopify.com\/s\/files\/1\/2961\/2964\/files\/BC28DescA_07usos.jpg?v=1665686782\" alt=\"\" \/><\/p>\n<p><img decoding=\"async\" src=\"https:\/\/cdn.shopify.com\/s\/files\/1\/2961\/2964\/files\/BC28vDescA_08contenidoencaja.jpg?v=1665686794\" alt=\"\" \/><\/p>\n<h3>Baumanometro \/ Tensi\u00f3metro para mu\u00f1eca &#8211; BC 28<\/h3>\n<ul>\n<li>Medici\u00f3n de la tensi\u00f3n sangu\u00ednea y de pulsaciones totalmente autom\u00e1tica en la mu\u00f1eca<\/li>\n<li>Clara pantalla LCD<\/li>\n<li>Promedio de todos los valores de medici\u00f3n almacenados y de la presi\u00f3n arterial matutina y nocturna de los \u00faltimos 7 d\u00edas<\/li>\n<li>2 x 60 puestos de almacenamiento<\/li>\n<li>Indicador de riesgos<\/li>\n<li>Detecci\u00f3n de arritmias: Detecta y advierte de eventuales arritmias card\u00edacas<\/li>\n<li>Producto sanitario<\/li>\n<li>Brazalete para mu\u00f1ecas de 14 a 19,5 cm de circunferencia<\/li>\n<li>Fecha y hora<\/li>\n<li>Mecanismo de desconexi\u00f3n autom\u00e1tico<\/li>\n<li>Aviso en caso de errores de aplicaci\u00f3n<\/li>\n<li>Preselecci\u00f3n de presi\u00f3n y salida de aire autom\u00e1ticos<\/li>\n<li>Con tabla para el registro de la tensi\u00f3n sangu\u00ednea<\/li>\n<li>Indicaci\u00f3n de cambio de pila<\/li>\n<li>Bolsa pr\u00e1ctica<\/li>\n<\/ul>\n<table class=\"table table-responsive table-sm\">\n<tbody>\n<tr>\n<td>Denominaci\u00f3n del producto<\/td>\n<td>Tensi\u00f3metro de mu\u00f1eca<\/td>\n<\/tr>\n<tr>\n<td>Mecanismo de desconexi\u00f3n autom\u00e1tica<\/td>\n<td>S\u00ed<\/td>\n<\/tr>\n<tr>\n<td>Cantidad de puestos de memoria<\/td>\n<td>2 x 60<\/td>\n<\/tr>\n<tr>\n<td>Detecci\u00f3n de arritmias<\/td>\n<td>S\u00ed<\/td>\n<\/tr>\n<tr>\n<td>Se suministra estuche\/bolsa para guardar<\/td>\n<td>S\u00ed<\/td>\n<\/tr>\n<tr>\n<td>Pilas<\/td>\n<td>S\u00ed<\/td>\n<\/tr>\n<tr>\n<td>Indicaci\u00f3n de cambio de pila<\/td>\n<td>S\u00ed<\/td>\n<\/tr>\n<tr>\n<td>Fecha y hora<\/td>\n<td>S\u00ed<\/td>\n<\/tr>\n<tr>\n<td>C\u00e1lculo de valor medio<\/td>\n<td>S\u00ed, 7 d\u00edas<\/td>\n<\/tr>\n<tr>\n<td>Pantalla grande de f\u00e1cil lectura<\/td>\n<td>S\u00ed<\/td>\n<\/tr>\n<tr>\n<td>Tama\u00f1o del brazalete en\u00a0cm<\/td>\n<td>14,0 &#8211; 19,5<\/td>\n<\/tr>\n<tr>\n<td>Producto sanitario<\/td>\n<td>S\u00ed<\/td>\n<\/tr>\n<tr>\n<td>Aviso en caso de errores de aplicaci\u00f3n<\/td>\n<td>S\u00ed<\/td>\n<\/tr>\n<tr>\n<td>Indicador de riesgo<\/td>\n<td>S\u00ed<\/td>\n<\/tr>\n<tr>\n<td>Dimensiones del producto (la. x an. x al.)<\/td>\n<td>84 x 60 x 29 mm<\/td>\n<\/tr>\n<tr>\n<td>CE<\/td>\n<td>S\u00ed<\/td>\n<\/tr>\n<tr>\n<td>Garant\u00eda en a\u00f1os (Para obtener informaci\u00f3n sobre la garant\u00eda, consulte las instrucciones de uso.)<\/td>\n<td>5<\/td>\n<\/tr>\n<\/tbody>\n<\/table>","protected":false},"excerpt":{"rendered":"<h2>Baumanometro Digital \/ Tensi\u00f3metro para mu\u00f1eca &#8211; BC 28<\/h2>\n<p>Sencillo y f\u00e1cil de usar: estas son las caracter\u00edsticas de nuestros tensi\u00f3metros de mu\u00f1eca. Especialmente durante los viajes, estos manejables aparatos son acompa\u00f1antes fiables que facilitan el control constante de la presi\u00f3n arterial.<\/p>\n<ul>\n<li>Medici\u00f3n del pulso y la presi\u00f3n arterial totalmente autom\u00e1tica en la mu\u00f1eca<\/li>\n<li>Promedio de todos los valores de medici\u00f3n guardados<\/li>\n<li>Promedio de la presi\u00f3n arterial matutina y vespertina de los \u00faltimos 7 d\u00edas<\/li>\n<li>Pantalla bien estructurada<\/li>\n<li>2 x 60 posiciones de memoria<\/li>\n<li>Indicador de riesgo<\/li>\n<li>Detecci\u00f3n de arritmias<\/li>\n<li>Producto sanitario<\/li>\n<li>Para contornos de mu\u00f1eca de 14,0 a 19,5\u00a0cm<\/li>\n<li>Fecha y hora\/mecanismo de desconexi\u00f3n autom\u00e1tica<\/li>\n<li>Aviso en caso de errores de aplicaci\u00f3n<\/li>\n<li>Indicaci\u00f3n de cambio de pilas<\/li>\n<li>Estuche<\/li>\n<\/ul>","protected":false},"featured_media":7077,"comment_status":"open","ping_status":"closed","template":"","meta":[],"wpc-collection":[],"product_brand":[702],"product_cat":[92,103,108],"product_tag":[105,149,148,124],"yoast_head":"<!-- This site is optimized with the Yoast SEO Premium plugin v22.3 (Yoast SEO v22.4) - https:\/\/yoast.com\/wordpress\/plugins\/seo\/ -->\n<title>Bauman\u00f3metro Digital Beurer | Confiable, pr\u00e1ctico y duradero<\/title>\n<meta name=\"description\" content=\"Baumanometro digital autom\u00e1tico \/ Tensi\u00f3metro para mu\u00f1eca marca beurer ideal para tensi\u00f3n arterial de tus pacientes de forma precisa y oportuna\" \/>\n<meta name=\"robots\" content=\"index, follow, max-snippet:-1, max-image-preview:large, max-video-preview:-1\" \/>\n<link rel=\"canonical\" href=\"https:\/\/instamedic.mx\/en\/tienda-medica\/equipo-medico\/diagnostico\/baumanometros\/baumanometro-aneroide\/baumanometro-digital-beurer\/\" \/>\n<meta property=\"og:locale\" content=\"en_US\" \/>\n<meta property=\"og:type\" content=\"article\" \/>\n<meta property=\"og:title\" content=\"Bauman\u00f3metro Digital Beurer\" \/>\n<meta property=\"og:description\" content=\"Baumanometro digital autom\u00e1tico \/ Tensi\u00f3metro para mu\u00f1eca marca beurer ideal para tensi\u00f3n arterial de tus pacientes de forma precisa y oportuna\" \/>\n<meta property=\"og:url\" content=\"https:\/\/instamedic.mx\/en\/tienda-medica\/equipo-medico\/diagnostico\/baumanometros\/baumanometro-aneroide\/baumanometro-digital-beurer\/\" \/>\n<meta property=\"og:site_name\" content=\"Instamedic\" \/>\n<meta property=\"article:publisher\" content=\"https:\/\/www.facebook.com\/instamedicmx\" \/>\n<meta property=\"article:modified_time\" content=\"2024-04-04T19:27:57+00:00\" \/>\n<meta property=\"og:image\" content=\"https:\/\/instamedic.mx\/wp-content\/uploads\/2019\/06\/baumanometro-tensiometro-para-muneca-bc-28-beurer.jpg\" \/>\n\t<meta property=\"og:image:width\" content=\"800\" \/>\n\t<meta property=\"og:image:height\" content=\"872\" \/>\n\t<meta property=\"og:image:type\" content=\"image\/jpeg\" \/>\n<meta name=\"twitter:card\" content=\"summary_large_image\" \/>\n<meta name=\"twitter:label1\" content=\"Est. reading time\" \/>\n\t<meta name=\"twitter:data1\" content=\"4 minutes\" \/>\n<script type=\"application\/ld+json\" class=\"yoast-schema-graph\">{\"@context\":\"https:\/\/schema.org\",\"@graph\":[{\"@type\":\"WebPage\",\"@id\":\"https:\/\/instamedic.mx\/tienda-medica\/equipo-medico\/diagnostico\/baumanometros\/baumanometro-aneroide\/baumanometro-digital-beurer\/\",\"url\":\"https:\/\/instamedic.mx\/tienda-medica\/equipo-medico\/diagnostico\/baumanometros\/baumanometro-aneroide\/baumanometro-digital-beurer\/\",\"name\":\"Bauman\u00f3metro Digital Beurer | Confiable, pr\u00e1ctico y duradero\",\"isPartOf\":{\"@id\":\"https:\/\/instamedic.mx\/#website\"},\"primaryImageOfPage\":{\"@id\":\"https:\/\/instamedic.mx\/tienda-medica\/equipo-medico\/diagnostico\/baumanometros\/baumanometro-aneroide\/baumanometro-digital-beurer\/#primaryimage\"},\"image\":{\"@id\":\"https:\/\/instamedic.mx\/tienda-medica\/equipo-medico\/diagnostico\/baumanometros\/baumanometro-aneroide\/baumanometro-digital-beurer\/#primaryimage\"},\"thumbnailUrl\":\"https:\/\/instamedic.mx\/wp-content\/uploads\/2019\/06\/baumanometro-tensiometro-para-muneca-bc-28-beurer.jpg\",\"datePublished\":\"2019-06-24T20:27:54+00:00\",\"dateModified\":\"2024-04-04T19:27:57+00:00\",\"description\":\"Baumanometro digital autom\u00e1tico \/ Tensi\u00f3metro para mu\u00f1eca marca beurer ideal para tensi\u00f3n arterial de tus pacientes de forma precisa y oportuna\",\"breadcrumb\":{\"@id\":\"https:\/\/instamedic.mx\/tienda-medica\/equipo-medico\/diagnostico\/baumanometros\/baumanometro-aneroide\/baumanometro-digital-beurer\/#breadcrumb\"},\"inLanguage\":\"en-US\",\"potentialAction\":[{\"@type\":\"ReadAction\",\"target\":[\"https:\/\/instamedic.mx\/tienda-medica\/equipo-medico\/diagnostico\/baumanometros\/baumanometro-aneroide\/baumanometro-digital-beurer\/\"]}]},{\"@type\":\"ImageObject\",\"inLanguage\":\"en-US\",\"@id\":\"https:\/\/instamedic.mx\/tienda-medica\/equipo-medico\/diagnostico\/baumanometros\/baumanometro-aneroide\/baumanometro-digital-beurer\/#primaryimage\",\"url\":\"https:\/\/instamedic.mx\/wp-content\/uploads\/2019\/06\/baumanometro-tensiometro-para-muneca-bc-28-beurer.jpg\",\"contentUrl\":\"https:\/\/instamedic.mx\/wp-content\/uploads\/2019\/06\/baumanometro-tensiometro-para-muneca-bc-28-beurer.jpg\",\"width\":800,\"height\":872,\"caption\":\"baumanometro tensiometro digital para muneca bc28 beurer\"},{\"@type\":\"BreadcrumbList\",\"@id\":\"https:\/\/instamedic.mx\/tienda-medica\/equipo-medico\/diagnostico\/baumanometros\/baumanometro-aneroide\/baumanometro-digital-beurer\/#breadcrumb\",\"itemListElement\":[{\"@type\":\"ListItem\",\"position\":1,\"name\":\"Inicio\",\"item\":\"https:\/\/instamedic.mx\/\"},{\"@type\":\"ListItem\",\"position\":2,\"name\":\"Tienda m\u00e9dica\",\"item\":\"https:\/\/instamedic.mx\/tienda-medica\/\"},{\"@type\":\"ListItem\",\"position\":3,\"name\":\"Bauman\u00f3metro Digital Beurer\"}]},{\"@type\":\"WebSite\",\"@id\":\"https:\/\/instamedic.mx\/#website\",\"url\":\"https:\/\/instamedic.mx\/\",\"name\":\"INSTAMEDIC\",\"description\":\"Venta de equipo m\u00e9dico, instrumental y uniformes quirpurgicos\",\"publisher\":{\"@id\":\"https:\/\/instamedic.mx\/#organization\"},\"potentialAction\":[{\"@type\":\"SearchAction\",\"target\":{\"@type\":\"EntryPoint\",\"urlTemplate\":\"https:\/\/instamedic.mx\/?s={search_term_string}\"},\"query-input\":\"required name=search_term_string\"}],\"inLanguage\":\"en-US\"},{\"@type\":\"Organization\",\"@id\":\"https:\/\/instamedic.mx\/#organization\",\"name\":\"INSTAMEDIC\",\"url\":\"https:\/\/instamedic.mx\/\",\"logo\":{\"@type\":\"ImageObject\",\"inLanguage\":\"en-US\",\"@id\":\"https:\/\/instamedic.mx\/#\/schema\/logo\/image\/\",\"url\":\"https:\/\/instamedic.mx\/wp-content\/uploads\/2024\/02\/Logo-instamedic.png\",\"contentUrl\":\"https:\/\/instamedic.mx\/wp-content\/uploads\/2024\/02\/Logo-instamedic.png\",\"width\":500,\"height\":500,\"caption\":\"INSTAMEDIC\"},\"image\":{\"@id\":\"https:\/\/instamedic.mx\/#\/schema\/logo\/image\/\"},\"sameAs\":[\"https:\/\/www.facebook.com\/instamedicmx\",\"https:\/\/www.instagram.com\/instamedic_mx\/\"],\"email\":\"info@instamedic.mx\",\"telephone\":\"8713426247\"}]}<\/script>\n<!-- \/ Yoast SEO Premium plugin. -->","yoast_head_json":{"title":"Bauman\u00f3metro Digital Beurer | Confiable, pr\u00e1ctico y duradero","description":"Baumanometro digital autom\u00e1tico \/ Tensi\u00f3metro para mu\u00f1eca marca beurer ideal para tensi\u00f3n arterial de tus pacientes de forma precisa y oportuna","robots":{"index":"index","follow":"follow","max-snippet":"max-snippet:-1","max-image-preview":"max-image-preview:large","max-video-preview":"max-video-preview:-1"},"canonical":"https:\/\/instamedic.mx\/en\/tienda-medica\/equipo-medico\/diagnostico\/baumanometros\/baumanometro-aneroide\/baumanometro-digital-beurer\/","og_locale":"en_US","og_type":"article","og_title":"Bauman\u00f3metro Digital Beurer","og_description":"Baumanometro digital autom\u00e1tico \/ Tensi\u00f3metro para mu\u00f1eca marca beurer ideal para tensi\u00f3n arterial de tus pacientes de forma precisa y oportuna","og_url":"https:\/\/instamedic.mx\/en\/tienda-medica\/equipo-medico\/diagnostico\/baumanometros\/baumanometro-aneroide\/baumanometro-digital-beurer\/","og_site_name":"Instamedic","article_publisher":"https:\/\/www.facebook.com\/instamedicmx","article_modified_time":"2024-04-04T19:27:57+00:00","og_image":[{"width":800,"height":872,"url":"https:\/\/instamedic.mx\/wp-content\/uploads\/2019\/06\/baumanometro-tensiometro-para-muneca-bc-28-beurer.jpg","type":"image\/jpeg"}],"twitter_card":"summary_large_image","twitter_misc":{"Est. reading time":"4 minutes"},"schema":{"@context":"https:\/\/schema.org","@graph":[{"@type":"WebPage","@id":"https:\/\/instamedic.mx\/tienda-medica\/equipo-medico\/diagnostico\/baumanometros\/baumanometro-aneroide\/baumanometro-digital-beurer\/","url":"https:\/\/instamedic.mx\/tienda-medica\/equipo-medico\/diagnostico\/baumanometros\/baumanometro-aneroide\/baumanometro-digital-beurer\/","name":"Bauman\u00f3metro Digital Beurer | Confiable, pr\u00e1ctico y duradero","isPartOf":{"@id":"https:\/\/instamedic.mx\/#website"},"primaryImageOfPage":{"@id":"https:\/\/instamedic.mx\/tienda-medica\/equipo-medico\/diagnostico\/baumanometros\/baumanometro-aneroide\/baumanometro-digital-beurer\/#primaryimage"},"image":{"@id":"https:\/\/instamedic.mx\/tienda-medica\/equipo-medico\/diagnostico\/baumanometros\/baumanometro-aneroide\/baumanometro-digital-beurer\/#primaryimage"},"thumbnailUrl":"https:\/\/instamedic.mx\/wp-content\/uploads\/2019\/06\/baumanometro-tensiometro-para-muneca-bc-28-beurer.jpg","datePublished":"2019-06-24T20:27:54+00:00","dateModified":"2024-04-04T19:27:57+00:00","description":"Baumanometro digital autom\u00e1tico \/ Tensi\u00f3metro para mu\u00f1eca marca beurer ideal para tensi\u00f3n arterial de tus pacientes de forma precisa y oportuna","breadcrumb":{"@id":"https:\/\/instamedic.mx\/tienda-medica\/equipo-medico\/diagnostico\/baumanometros\/baumanometro-aneroide\/baumanometro-digital-beurer\/#breadcrumb"},"inLanguage":"en-US","potentialAction":[{"@type":"ReadAction","target":["https:\/\/instamedic.mx\/tienda-medica\/equipo-medico\/diagnostico\/baumanometros\/baumanometro-aneroide\/baumanometro-digital-beurer\/"]}]},{"@type":"ImageObject","inLanguage":"en-US","@id":"https:\/\/instamedic.mx\/tienda-medica\/equipo-medico\/diagnostico\/baumanometros\/baumanometro-aneroide\/baumanometro-digital-beurer\/#primaryimage","url":"https:\/\/instamedic.mx\/wp-content\/uploads\/2019\/06\/baumanometro-tensiometro-para-muneca-bc-28-beurer.jpg","contentUrl":"https:\/\/instamedic.mx\/wp-content\/uploads\/2019\/06\/baumanometro-tensiometro-para-muneca-bc-28-beurer.jpg","width":800,"height":872,"caption":"baumanometro tensiometro digital para muneca bc28 beurer"},{"@type":"BreadcrumbList","@id":"https:\/\/instamedic.mx\/tienda-medica\/equipo-medico\/diagnostico\/baumanometros\/baumanometro-aneroide\/baumanometro-digital-beurer\/#breadcrumb","itemListElement":[{"@type":"ListItem","position":1,"name":"Inicio","item":"https:\/\/instamedic.mx\/"},{"@type":"ListItem","position":2,"name":"Tienda m\u00e9dica","item":"https:\/\/instamedic.mx\/tienda-medica\/"},{"@type":"ListItem","position":3,"name":"Bauman\u00f3metro Digital Beurer"}]},{"@type":"WebSite","@id":"https:\/\/instamedic.mx\/#website","url":"https:\/\/instamedic.mx\/","name":"INSTAMEDIC","description":"Venta de equipo m\u00e9dico, instrumental y uniformes quirpurgicos","publisher":{"@id":"https:\/\/instamedic.mx\/#organization"},"potentialAction":[{"@type":"SearchAction","target":{"@type":"EntryPoint","urlTemplate":"https:\/\/instamedic.mx\/?s={search_term_string}"},"query-input":"required name=search_term_string"}],"inLanguage":"en-US"},{"@type":"Organization","@id":"https:\/\/instamedic.mx\/#organization","name":"INSTAMEDIC","url":"https:\/\/instamedic.mx\/","logo":{"@type":"ImageObject","inLanguage":"en-US","@id":"https:\/\/instamedic.mx\/#\/schema\/logo\/image\/","url":"https:\/\/instamedic.mx\/wp-content\/uploads\/2024\/02\/Logo-instamedic.png","contentUrl":"https:\/\/instamedic.mx\/wp-content\/uploads\/2024\/02\/Logo-instamedic.png","width":500,"height":500,"caption":"INSTAMEDIC"},"image":{"@id":"https:\/\/instamedic.mx\/#\/schema\/logo\/image\/"},"sameAs":["https:\/\/www.facebook.com\/instamedicmx","https:\/\/www.instagram.com\/instamedic_mx\/"],"email":"info@instamedic.mx","telephone":"8713426247"}]}},"jetpack_sharing_enabled":true,"_links":{"self":[{"href":"https:\/\/instamedic.mx\/en\/wp-json\/wp\/v2\/product\/7068"}],"collection":[{"href":"https:\/\/instamedic.mx\/en\/wp-json\/wp\/v2\/product"}],"about":[{"href":"https:\/\/instamedic.mx\/en\/wp-json\/wp\/v2\/types\/product"}],"replies":[{"embeddable":true,"href":"https:\/\/instamedic.mx\/en\/wp-json\/wp\/v2\/comments?post=7068"}],"version-history":[{"count":3,"href":"https:\/\/instamedic.mx\/en\/wp-json\/wp\/v2\/product\/7068\/revisions"}],"predecessor-version":[{"id":22817,"href":"https:\/\/instamedic.mx\/en\/wp-json\/wp\/v2\/product\/7068\/revisions\/22817"}],"wp:featuredmedia":[{"embeddable":true,"href":"https:\/\/instamedic.mx\/en\/wp-json\/wp\/v2\/media\/7077"}],"wp:attachment":[{"href":"https:\/\/instamedic.mx\/en\/wp-json\/wp\/v2\/media?parent=7068"}],"wp:term":[{"taxonomy":"wpc-collection","embeddable":true,"href":"https:\/\/instamedic.mx\/en\/wp-json\/wp\/v2\/wpc-collection?post=7068"},{"taxonomy":"product_brand","embeddable":true,"href":"https:\/\/instamedic.mx\/en\/wp-json\/wp\/v2\/product_brand?post=7068"},{"taxonomy":"product_cat","embeddable":true,"href":"https:\/\/instamedic.mx\/en\/wp-json\/wp\/v2\/product_cat?post=7068"},{"taxonomy":"product_tag","embeddable":true,"href":"https:\/\/instamedic.mx\/en\/wp-json\/wp\/v2\/product_tag?post=7068"}],"curies":[{"name":"wp","href":"https:\/\/api.w.org\/{rel}","templated":true}]}}