{"id":7079,"date":"2019-06-24T21:08:29","date_gmt":"2019-06-24T21:08:29","guid":{"rendered":"https:\/\/instamedic.mx\/?post_type=product&#038;p=7079"},"modified":"2024-04-04T19:18:14","modified_gmt":"2024-04-04T19:18:14","slug":"oximetro-de-pulso-xignal-md300","status":"publish","type":"product","link":"https:\/\/instamedic.mx\/en\/tienda-medica\/equipo-medico\/diagnostico\/oximetros\/oximetro-de-pulso-xignal-md300\/","title":{"rendered":"Ox\u00edmetro de pulso Xignal MD300"},"content":{"rendered":"<h2>\u00bfPara que sirve el oximetro de pulso?<\/h2>\n<p>Oximetro de pulso es un dispositivo muy importante y com\u00fan para comprobar la saturaci\u00f3n de oxigeno (SpO2) y la frecuencia de pulso. este modelo es peque\u00f1o compacto, simple, fiable y duradero, el ox\u00edmetro de pulso de dedo se usa ampliamente en clin\u00edcas, hospitales, organizaciones m\u00e9dicas, primeros auxilios etc.<\/p>\n<h2>\u00bfComo se usa el oximetro de pulso?<\/h2>\n<p>Coloque la punta del dedo en el sensor fotoel\u00e9ctrico para el diagn\u00f3stico y la frecuencia del pulso y la saturaci\u00f3n de ox\u00edgeno aparecer\u00e1 en la pantalla. Se ha demostrado en experimentos cl\u00ednicos que tambi\u00e9n cuenta con una gran precisi\u00f3n y repetibilidad.<\/p>\n<p>Con el fin de asegurar la alineaci\u00f3n correcta del sensor y la integridad de la piel, el tiempo m\u00e1ximo de aplicaci\u00f3n en un solo sitio para nuestro dispositivo debe ser inferior a media hora. No esterilice el dispositivo usando autoclave, esterilizaci\u00f3n por \u00f3xido de etileno o sumergir el dispositivo en l\u00edquido. El dispositivo no est\u00e1 dise\u00f1ado para su esterilizaci\u00f3n.<\/p>\n<h3>Instrucciones de operaci\u00f3n del oximetro<\/h3>\n<ol>\n<li>Instale dos bater\u00edas AAA de acuerdo a las Instrucciones de Instalaci\u00f3n de Bater\u00edas.<\/li>\n<li>Coloque uno de sus dedos dentro de la abertura de goma del ox\u00edmetro de pulso.<\/li>\n<li>Presione el bot\u00f3n interruptor una vez en el panel frontal para encender el ox\u00edmetro. Recuerde Mantenga sus manos quietas durante la lectura. No sacuda su dedo durante la lectura. Es recomendable que no mueva el cuerpo durante la lectura. Lea los datos obtenidos en el display.<\/li>\n<\/ol>\n<p><a href=\"https:\/\/instamedic.mx\/wp-content\/uploads\/2019\/06\/Medicion-de-oximetro-de-pulso.webp\"><img fetchpriority=\"high\" decoding=\"async\" class=\"wp-image-22813 alignleft\" src=\"https:\/\/instamedic.mx\/wp-content\/uploads\/2019\/06\/Medicion-de-oximetro-de-pulso.webp\" alt=\"Medici\u00f3n de oximetro de pulso\" width=\"273\" height=\"273\" \/><\/a>Notas: Para cambiar los modos de visualizaci\u00f3n basta con presionar el bot\u00f3n de encendido de manera corta. Una presi\u00f3n larga en el bot\u00f3n de inicio ajustar\u00e1 el brillo del ox\u00edmetro; hay 10 niveles de brillo, el ajuste predeterminado es cuatro. Al sacar su dedo del ox\u00edmetro, la pantalla mostrar\u00e1 el mensaje &#8220;Finger Out&#8221; que significa que no hay dedo interrumpiendo la medici\u00f3n. Se a\u00f1adi\u00f3 la funci\u00f3n de auto guardado en este dispositivoque incluye: la configuraci\u00f3n de la interface, brillo y etc. de la \u00faltima pantalla de apagado cuando reinicie.<\/p>\n<p>Notas: El pulso de la barra en menos del 30% indica insuficiencia de se\u00f1al y el valor de la tasa de Sp02 o pulso mostrado ser\u00e1 potencialmente incorrecto. Si en la pantalla aparece un signo &#8220;?&#8221;, significa que la se\u00f1al es inestable; por favor mantenga sus manos quietas y vuelva a intentarlo. PI significa \u00cdndice de perfusi\u00f3n.<\/p>\n<h2><strong>Informaci\u00f3n general del equipo:<\/strong><\/h2>\n<ul>\n<li>7 Modos de visualizaci\u00f3n<\/li>\n<li>Bajo consumo de energ\u00eda<\/li>\n<li>Apagado autom\u00e1tico<\/li>\n<li>Brillo ajustable<\/li>\n<li>Adulto y pedi\u00e1trico<\/li>\n<\/ul>\n<h3>Especificaciones del equipo<\/h3>\n<ol>\n<li>Tipo de Display OLED display<\/li>\n<li>SpO2<\/li>\n<li>Rango de visualizaci\u00f3n: 0%-100%<\/li>\n<li>Rango de medici\u00f3n: 70%-100%<\/li>\n<li>Exactitud: 70%-100%\u00b12%; 0%-69% no hay definici\u00f3n<\/li>\n<li>Resoluci\u00f3n: 1%<\/li>\n<\/ol>","protected":false},"excerpt":{"rendered":"<p>Dispositivo muy importante y com\u00fan para comprobar la saturaci\u00f3n de oxigeno (SpO2) y la frecuencia de pulso.<\/p>\n<p>El Dispositivo de monitorizaci\u00f3n fisiol\u00f3gica es peque\u00f1o compacto, simple, fiable y duradero, el ox\u00edmetro de pulso de dedos se usa ampliamente en clin\u00edcas, hospitales, organizaciones m\u00e9dicas, primeros auxilios etc.<\/p>\n<p><strong>INFORMACI\u00d3N:<\/strong><br \/>\n7 Modos de visualizaci\u00f3n<br \/>\nBajo consumo de energ\u00eda<br \/>\nApagado autom\u00e1tico<br \/>\nBrillo ajustable<br \/>\nAdulto y pedi\u00e1trico<\/p>","protected":false},"featured_media":7083,"comment_status":"open","ping_status":"closed","template":"","meta":[],"wpc-collection":[],"product_brand":[784],"product_cat":[92,93,95],"product_tag":[342,150,341,340,151],"yoast_head":"<!-- This site is optimized with the Yoast SEO Premium plugin v22.3 (Yoast SEO v22.4) - https:\/\/yoast.com\/wordpress\/plugins\/seo\/ -->\n<title>Ox\u00edmetro de pulso Xignal MD300 | Mejor costo<\/title>\n<meta name=\"description\" content=\"Oximetro de pulso es un Dispositivo utilizado para comprobar la saturaci\u00f3n de oxigeno (SpO2) y la frecuencia de pulso. portatil, simple, fiable y duradero\" \/>\n<meta name=\"robots\" content=\"index, follow, max-snippet:-1, max-image-preview:large, max-video-preview:-1\" \/>\n<link rel=\"canonical\" href=\"https:\/\/instamedic.mx\/en\/tienda-medica\/equipo-medico\/diagnostico\/oximetros\/oximetro-de-pulso-xignal-md300\/\" \/>\n<meta property=\"og:locale\" content=\"en_US\" \/>\n<meta property=\"og:type\" content=\"article\" \/>\n<meta property=\"og:title\" content=\"Ox\u00edmetro de pulso Xignal MD300\" \/>\n<meta property=\"og:description\" content=\"Oximetro de pulso es un Dispositivo utilizado para comprobar la saturaci\u00f3n de oxigeno (SpO2) y la frecuencia de pulso. portatil, simple, fiable y duradero\" \/>\n<meta property=\"og:url\" content=\"https:\/\/instamedic.mx\/en\/tienda-medica\/equipo-medico\/diagnostico\/oximetros\/oximetro-de-pulso-xignal-md300\/\" \/>\n<meta property=\"og:site_name\" content=\"Instamedic\" \/>\n<meta property=\"article:publisher\" content=\"https:\/\/www.facebook.com\/instamedicmx\" \/>\n<meta property=\"article:modified_time\" content=\"2024-04-04T19:18:14+00:00\" \/>\n<meta property=\"og:image\" content=\"https:\/\/instamedic.mx\/wp-content\/uploads\/2019\/06\/oximetro-de-pulso-hergom-md300.jpg\" \/>\n\t<meta property=\"og:image:width\" content=\"256\" \/>\n\t<meta property=\"og:image:height\" content=\"284\" \/>\n\t<meta property=\"og:image:type\" content=\"image\/jpeg\" \/>\n<meta name=\"twitter:card\" content=\"summary_large_image\" \/>\n<meta name=\"twitter:label1\" content=\"Est. reading time\" \/>\n\t<meta name=\"twitter:data1\" content=\"3 minutes\" \/>\n<script type=\"application\/ld+json\" class=\"yoast-schema-graph\">{\"@context\":\"https:\/\/schema.org\",\"@graph\":[{\"@type\":\"WebPage\",\"@id\":\"https:\/\/instamedic.mx\/tienda-medica\/equipo-medico\/diagnostico\/oximetros\/oximetro-de-pulso-xignal-md300\/\",\"url\":\"https:\/\/instamedic.mx\/tienda-medica\/equipo-medico\/diagnostico\/oximetros\/oximetro-de-pulso-xignal-md300\/\",\"name\":\"Ox\u00edmetro de pulso Xignal MD300 | Mejor costo\",\"isPartOf\":{\"@id\":\"https:\/\/instamedic.mx\/#website\"},\"primaryImageOfPage\":{\"@id\":\"https:\/\/instamedic.mx\/tienda-medica\/equipo-medico\/diagnostico\/oximetros\/oximetro-de-pulso-xignal-md300\/#primaryimage\"},\"image\":{\"@id\":\"https:\/\/instamedic.mx\/tienda-medica\/equipo-medico\/diagnostico\/oximetros\/oximetro-de-pulso-xignal-md300\/#primaryimage\"},\"thumbnailUrl\":\"https:\/\/instamedic.mx\/wp-content\/uploads\/2019\/06\/oximetro-de-pulso-hergom-md300.jpg\",\"datePublished\":\"2019-06-24T21:08:29+00:00\",\"dateModified\":\"2024-04-04T19:18:14+00:00\",\"description\":\"Oximetro de pulso es un Dispositivo utilizado para comprobar la saturaci\u00f3n de oxigeno (SpO2) y la frecuencia de pulso. portatil, simple, fiable y duradero\",\"breadcrumb\":{\"@id\":\"https:\/\/instamedic.mx\/tienda-medica\/equipo-medico\/diagnostico\/oximetros\/oximetro-de-pulso-xignal-md300\/#breadcrumb\"},\"inLanguage\":\"en-US\",\"potentialAction\":[{\"@type\":\"ReadAction\",\"target\":[\"https:\/\/instamedic.mx\/tienda-medica\/equipo-medico\/diagnostico\/oximetros\/oximetro-de-pulso-xignal-md300\/\"]}]},{\"@type\":\"ImageObject\",\"inLanguage\":\"en-US\",\"@id\":\"https:\/\/instamedic.mx\/tienda-medica\/equipo-medico\/diagnostico\/oximetros\/oximetro-de-pulso-xignal-md300\/#primaryimage\",\"url\":\"https:\/\/instamedic.mx\/wp-content\/uploads\/2019\/06\/oximetro-de-pulso-hergom-md300.jpg\",\"contentUrl\":\"https:\/\/instamedic.mx\/wp-content\/uploads\/2019\/06\/oximetro-de-pulso-hergom-md300.jpg\",\"width\":256,\"height\":284,\"caption\":\"Ox\u00edmetro de pulso xignal\"},{\"@type\":\"BreadcrumbList\",\"@id\":\"https:\/\/instamedic.mx\/tienda-medica\/equipo-medico\/diagnostico\/oximetros\/oximetro-de-pulso-xignal-md300\/#breadcrumb\",\"itemListElement\":[{\"@type\":\"ListItem\",\"position\":1,\"name\":\"Inicio\",\"item\":\"https:\/\/instamedic.mx\/\"},{\"@type\":\"ListItem\",\"position\":2,\"name\":\"Tienda m\u00e9dica\",\"item\":\"https:\/\/instamedic.mx\/tienda-medica\/\"},{\"@type\":\"ListItem\",\"position\":3,\"name\":\"Ox\u00edmetro de pulso Xignal MD300\"}]},{\"@type\":\"WebSite\",\"@id\":\"https:\/\/instamedic.mx\/#website\",\"url\":\"https:\/\/instamedic.mx\/\",\"name\":\"INSTAMEDIC\",\"description\":\"Venta de equipo m\u00e9dico, instrumental y uniformes quirpurgicos\",\"publisher\":{\"@id\":\"https:\/\/instamedic.mx\/#organization\"},\"potentialAction\":[{\"@type\":\"SearchAction\",\"target\":{\"@type\":\"EntryPoint\",\"urlTemplate\":\"https:\/\/instamedic.mx\/?s={search_term_string}\"},\"query-input\":\"required name=search_term_string\"}],\"inLanguage\":\"en-US\"},{\"@type\":\"Organization\",\"@id\":\"https:\/\/instamedic.mx\/#organization\",\"name\":\"INSTAMEDIC\",\"url\":\"https:\/\/instamedic.mx\/\",\"logo\":{\"@type\":\"ImageObject\",\"inLanguage\":\"en-US\",\"@id\":\"https:\/\/instamedic.mx\/#\/schema\/logo\/image\/\",\"url\":\"https:\/\/instamedic.mx\/wp-content\/uploads\/2024\/02\/Logo-instamedic.png\",\"contentUrl\":\"https:\/\/instamedic.mx\/wp-content\/uploads\/2024\/02\/Logo-instamedic.png\",\"width\":500,\"height\":500,\"caption\":\"INSTAMEDIC\"},\"image\":{\"@id\":\"https:\/\/instamedic.mx\/#\/schema\/logo\/image\/\"},\"sameAs\":[\"https:\/\/www.facebook.com\/instamedicmx\",\"https:\/\/www.instagram.com\/instamedic_mx\/\"],\"email\":\"info@instamedic.mx\",\"telephone\":\"8713426247\"}]}<\/script>\n<!-- \/ Yoast SEO Premium plugin. -->","yoast_head_json":{"title":"Ox\u00edmetro de pulso Xignal MD300 | Mejor costo","description":"Oximetro de pulso es un Dispositivo utilizado para comprobar la saturaci\u00f3n de oxigeno (SpO2) y la frecuencia de pulso. portatil, simple, fiable y duradero","robots":{"index":"index","follow":"follow","max-snippet":"max-snippet:-1","max-image-preview":"max-image-preview:large","max-video-preview":"max-video-preview:-1"},"canonical":"https:\/\/instamedic.mx\/en\/tienda-medica\/equipo-medico\/diagnostico\/oximetros\/oximetro-de-pulso-xignal-md300\/","og_locale":"en_US","og_type":"article","og_title":"Ox\u00edmetro de pulso Xignal MD300","og_description":"Oximetro de pulso es un Dispositivo utilizado para comprobar la saturaci\u00f3n de oxigeno (SpO2) y la frecuencia de pulso. portatil, simple, fiable y duradero","og_url":"https:\/\/instamedic.mx\/en\/tienda-medica\/equipo-medico\/diagnostico\/oximetros\/oximetro-de-pulso-xignal-md300\/","og_site_name":"Instamedic","article_publisher":"https:\/\/www.facebook.com\/instamedicmx","article_modified_time":"2024-04-04T19:18:14+00:00","og_image":[{"width":256,"height":284,"url":"https:\/\/instamedic.mx\/wp-content\/uploads\/2019\/06\/oximetro-de-pulso-hergom-md300.jpg","type":"image\/jpeg"}],"twitter_card":"summary_large_image","twitter_misc":{"Est. reading time":"3 minutes"},"schema":{"@context":"https:\/\/schema.org","@graph":[{"@type":"WebPage","@id":"https:\/\/instamedic.mx\/tienda-medica\/equipo-medico\/diagnostico\/oximetros\/oximetro-de-pulso-xignal-md300\/","url":"https:\/\/instamedic.mx\/tienda-medica\/equipo-medico\/diagnostico\/oximetros\/oximetro-de-pulso-xignal-md300\/","name":"Ox\u00edmetro de pulso Xignal MD300 | Mejor costo","isPartOf":{"@id":"https:\/\/instamedic.mx\/#website"},"primaryImageOfPage":{"@id":"https:\/\/instamedic.mx\/tienda-medica\/equipo-medico\/diagnostico\/oximetros\/oximetro-de-pulso-xignal-md300\/#primaryimage"},"image":{"@id":"https:\/\/instamedic.mx\/tienda-medica\/equipo-medico\/diagnostico\/oximetros\/oximetro-de-pulso-xignal-md300\/#primaryimage"},"thumbnailUrl":"https:\/\/instamedic.mx\/wp-content\/uploads\/2019\/06\/oximetro-de-pulso-hergom-md300.jpg","datePublished":"2019-06-24T21:08:29+00:00","dateModified":"2024-04-04T19:18:14+00:00","description":"Oximetro de pulso es un Dispositivo utilizado para comprobar la saturaci\u00f3n de oxigeno (SpO2) y la frecuencia de pulso. portatil, simple, fiable y duradero","breadcrumb":{"@id":"https:\/\/instamedic.mx\/tienda-medica\/equipo-medico\/diagnostico\/oximetros\/oximetro-de-pulso-xignal-md300\/#breadcrumb"},"inLanguage":"en-US","potentialAction":[{"@type":"ReadAction","target":["https:\/\/instamedic.mx\/tienda-medica\/equipo-medico\/diagnostico\/oximetros\/oximetro-de-pulso-xignal-md300\/"]}]},{"@type":"ImageObject","inLanguage":"en-US","@id":"https:\/\/instamedic.mx\/tienda-medica\/equipo-medico\/diagnostico\/oximetros\/oximetro-de-pulso-xignal-md300\/#primaryimage","url":"https:\/\/instamedic.mx\/wp-content\/uploads\/2019\/06\/oximetro-de-pulso-hergom-md300.jpg","contentUrl":"https:\/\/instamedic.mx\/wp-content\/uploads\/2019\/06\/oximetro-de-pulso-hergom-md300.jpg","width":256,"height":284,"caption":"Ox\u00edmetro de pulso xignal"},{"@type":"BreadcrumbList","@id":"https:\/\/instamedic.mx\/tienda-medica\/equipo-medico\/diagnostico\/oximetros\/oximetro-de-pulso-xignal-md300\/#breadcrumb","itemListElement":[{"@type":"ListItem","position":1,"name":"Inicio","item":"https:\/\/instamedic.mx\/"},{"@type":"ListItem","position":2,"name":"Tienda m\u00e9dica","item":"https:\/\/instamedic.mx\/tienda-medica\/"},{"@type":"ListItem","position":3,"name":"Ox\u00edmetro de pulso Xignal MD300"}]},{"@type":"WebSite","@id":"https:\/\/instamedic.mx\/#website","url":"https:\/\/instamedic.mx\/","name":"INSTAMEDIC","description":"Venta de equipo m\u00e9dico, instrumental y uniformes quirpurgicos","publisher":{"@id":"https:\/\/instamedic.mx\/#organization"},"potentialAction":[{"@type":"SearchAction","target":{"@type":"EntryPoint","urlTemplate":"https:\/\/instamedic.mx\/?s={search_term_string}"},"query-input":"required name=search_term_string"}],"inLanguage":"en-US"},{"@type":"Organization","@id":"https:\/\/instamedic.mx\/#organization","name":"INSTAMEDIC","url":"https:\/\/instamedic.mx\/","logo":{"@type":"ImageObject","inLanguage":"en-US","@id":"https:\/\/instamedic.mx\/#\/schema\/logo\/image\/","url":"https:\/\/instamedic.mx\/wp-content\/uploads\/2024\/02\/Logo-instamedic.png","contentUrl":"https:\/\/instamedic.mx\/wp-content\/uploads\/2024\/02\/Logo-instamedic.png","width":500,"height":500,"caption":"INSTAMEDIC"},"image":{"@id":"https:\/\/instamedic.mx\/#\/schema\/logo\/image\/"},"sameAs":["https:\/\/www.facebook.com\/instamedicmx","https:\/\/www.instagram.com\/instamedic_mx\/"],"email":"info@instamedic.mx","telephone":"8713426247"}]}},"jetpack_sharing_enabled":true,"_links":{"self":[{"href":"https:\/\/instamedic.mx\/en\/wp-json\/wp\/v2\/product\/7079"}],"collection":[{"href":"https:\/\/instamedic.mx\/en\/wp-json\/wp\/v2\/product"}],"about":[{"href":"https:\/\/instamedic.mx\/en\/wp-json\/wp\/v2\/types\/product"}],"replies":[{"embeddable":true,"href":"https:\/\/instamedic.mx\/en\/wp-json\/wp\/v2\/comments?post=7079"}],"version-history":[{"count":4,"href":"https:\/\/instamedic.mx\/en\/wp-json\/wp\/v2\/product\/7079\/revisions"}],"predecessor-version":[{"id":22847,"href":"https:\/\/instamedic.mx\/en\/wp-json\/wp\/v2\/product\/7079\/revisions\/22847"}],"wp:featuredmedia":[{"embeddable":true,"href":"https:\/\/instamedic.mx\/en\/wp-json\/wp\/v2\/media\/7083"}],"wp:attachment":[{"href":"https:\/\/instamedic.mx\/en\/wp-json\/wp\/v2\/media?parent=7079"}],"wp:term":[{"taxonomy":"wpc-collection","embeddable":true,"href":"https:\/\/instamedic.mx\/en\/wp-json\/wp\/v2\/wpc-collection?post=7079"},{"taxonomy":"product_brand","embeddable":true,"href":"https:\/\/instamedic.mx\/en\/wp-json\/wp\/v2\/product_brand?post=7079"},{"taxonomy":"product_cat","embeddable":true,"href":"https:\/\/instamedic.mx\/en\/wp-json\/wp\/v2\/product_cat?post=7079"},{"taxonomy":"product_tag","embeddable":true,"href":"https:\/\/instamedic.mx\/en\/wp-json\/wp\/v2\/product_tag?post=7079"}],"curies":[{"name":"wp","href":"https:\/\/api.w.org\/{rel}","templated":true}]}}