{"id":7112,"date":"2019-06-24T21:38:22","date_gmt":"2019-06-24T21:38:22","guid":{"rendered":"https:\/\/instamedic.mx\/?post_type=product&#038;p=7112"},"modified":"2023-08-20T00:08:36","modified_gmt":"2023-08-20T00:08:36","slug":"estuche-de-diseccion-13-pzas-economico","status":"publish","type":"product","link":"https:\/\/instamedic.mx\/en\/tienda-medica\/instrumental-medico\/estuche-de-disecciones\/estuche-de-diseccion-13-pzas-economico\/","title":{"rendered":"Estuche de disecci\u00f3n de 13 piezas econ\u00f3mico"},"content":{"rendered":"<p class=\"preformated-text\">Kit Estuche de Disecci\u00f3n de 13 piezas econ\u00f3mico, no puede faltar dentro de tu equipo de instrumental como estudiante o profesional de la salud<br \/>\nEl estuche de disecci\u00f3n es de color negro aterciopelado, contiene todos los componentes necesarios para realizar la disecci\u00f3n, ideal para realizar pr\u00e1cticas ( en quirofanos y laboratorio) las pinzas y tijeras est\u00e1n fabricadas en Acero Inoxidable, el kit de pinzas y tijeras est\u00e1n dentro de un pr\u00e1ctico estuche con cremallera que los mantiene perfectamente almacenados y listos para llevar c\u00f3modamente.<\/p>\n<p><strong>Incluye:<\/strong><\/p>\n<ul>\n<li>1 Pinza de disecci\u00f3n 14 cm. con dientes<\/li>\n<li>1 Pinza de disecci\u00f3n 14 cm. sin dientes<\/li>\n<li>1 Pinza kelly recta 14 cm.<\/li>\n<li>1 Pinza kelly curva 14 cm.<\/li>\n<li>1 Pinza mosquito recta 12 cm.<\/li>\n<li>1 Porta agujas mayo 14 cm.<\/li>\n<li>1 Tijera aguda roma recta 14 cm.<\/li>\n<li>1 Tijera aguda roma curva 14 cm.<\/li>\n<li>1 Mango de bistur\u00ed no. 4.<\/li>\n<li>1 Sonda acanalada.<\/li>\n<li>1 Estilete abotonado.<\/li>\n<li>1 Ganchos herinas.<\/li>\n<li>1 Separadores farabeuf.<\/li>\n<\/ul>\n<div>\n<p>Todos nuestros estuches est\u00e1n garantizado y llegan en optimas condiciones recuerda que el material con que est\u00e1n construidos es acero inoxidable lo cual los hace durables<br \/>\nEspecificaciones de los estuches de disecci\u00f3n<\/p>\n<p>Origen: China<br \/>\nMaterial: Acero inoxidable<br \/>\nUso: en laboratorio o quirofanos<br \/>\nMarca: Hergom medical<\/p>\n<\/div>","protected":false},"excerpt":{"rendered":"<p>Kit Estuche de Disecci\u00f3n de 13 piezas econ\u00f3mico, no puede faltar dentro de tu equipo de instrumental como estudiante o profesional de la salud<br \/>\nEl estuche de disecci\u00f3n es de color negro aterciopelado, contiene todos los componentes necesarios para realizar la disecci\u00f3n, ideal para realizar pr\u00e1cticas ( en quirofanos y laboratorio) las pinzas y tijeras est\u00e1n fabricadas en Acero Inoxidable, el kit de pinzas y tijeras est\u00e1n dentro de un pr\u00e1ctico estuche con cremallera que los mantiene perfectamente almacenados y listos para llevar c\u00f3modamente.<\/p>\n<p><strong>Incluye:<\/strong><\/p>\n<ul>\n<li>1 Pinza de disecci\u00f3n 14 cm. con dientes<\/li>\n<li>1 Pinza de disecci\u00f3n 14 cm. sin dientes<\/li>\n<li>1 Pinza kelly recta 14 cm.<\/li>\n<li>1 Pinza kelly curva 14 cm.<\/li>\n<li>1 Pinza mosquito recta 12 cm.<\/li>\n<li>1 Porta agujas mayo 14 cm.<\/li>\n<li>1 Tijera aguda roma recta 14 cm.<\/li>\n<li>1 Tijera aguda roma curva 14 cm.<\/li>\n<li>1 Mango de bistur\u00ed no. 4.<\/li>\n<li>1 Sonda acanalada.<\/li>\n<li>1 Estilete abotonado.<\/li>\n<li>1 Ganchos herinas.<\/li>\n<li>1 Separadores farabeuf.<\/li>\n<\/ul>\n<div>\n<p>Todos nuestros estuches est\u00e1n garantizado y llegan en optimas condiciones recuerda que el material con que est\u00e1n construidos es acero inoxidable lo cual los hace durables<br \/>\nEspecificaciones de los estuches de disecci\u00f3n<\/p>\n<p>Origen: China<br \/>\nMaterial: Acero inoxidable<br \/>\nUso: en laboratorio o quirofanos<br \/>\nMarca: Hergom medical<\/p>\n<\/div>","protected":false},"featured_media":9013,"comment_status":"open","ping_status":"closed","template":"","meta":[],"wpc-collection":[],"product_brand":[],"product_cat":[99],"product_tag":[100,124],"yoast_head":"<!-- This site is optimized with the Yoast SEO Premium plugin v22.3 (Yoast SEO v22.4) - https:\/\/yoast.com\/wordpress\/plugins\/seo\/ -->\n<title>Estuche de disecci\u00f3n de 13 piezas econ\u00f3mico | Instamedic<\/title>\n<meta name=\"description\" content=\"Estuche de Disecci\u00f3n de 13 piezas, el estuche es de color negro aterciopelado, Contiene Todos los Elementos Necesarios para Llevar Disecciones, Dise\u00f1ado para la Realizaci\u00f3n de pr\u00e1cticas, sus Componentes EST\u00c1N FABRICADOS en Acero Inoxidable\" \/>\n<meta name=\"robots\" content=\"index, follow, max-snippet:-1, max-image-preview:large, max-video-preview:-1\" \/>\n<link rel=\"canonical\" href=\"https:\/\/instamedic.mx\/en\/tienda-medica\/instrumental-medico\/estuche-de-disecciones\/estuche-de-diseccion-13-pzas-economico\/\" \/>\n<meta property=\"og:locale\" content=\"en_US\" \/>\n<meta property=\"og:type\" content=\"article\" \/>\n<meta property=\"og:title\" content=\"Estuche de disecci\u00f3n de 13 piezas econ\u00f3mico\" \/>\n<meta property=\"og:description\" content=\"Estuche de Disecci\u00f3n de 13 piezas, el estuche es de color negro aterciopelado, Contiene Todos los Elementos Necesarios para Llevar Disecciones, Dise\u00f1ado para la Realizaci\u00f3n de pr\u00e1cticas, sus Componentes EST\u00c1N FABRICADOS en Acero Inoxidable\" \/>\n<meta property=\"og:url\" content=\"https:\/\/instamedic.mx\/en\/tienda-medica\/instrumental-medico\/estuche-de-disecciones\/estuche-de-diseccion-13-pzas-economico\/\" \/>\n<meta property=\"og:site_name\" content=\"Instamedic\" \/>\n<meta property=\"article:publisher\" content=\"https:\/\/www.facebook.com\/instamedicmx\" \/>\n<meta property=\"article:modified_time\" content=\"2023-08-20T00:08:36+00:00\" \/>\n<meta property=\"og:image\" content=\"https:\/\/instamedic.mx\/wp-content\/uploads\/2019\/06\/Estuche-de-disecci\u00f3n-16-piezas-hergom-econ\u00f3mico.jpg\" \/>\n\t<meta property=\"og:image:width\" content=\"458\" \/>\n\t<meta property=\"og:image:height\" content=\"458\" \/>\n\t<meta property=\"og:image:type\" content=\"image\/jpeg\" \/>\n<meta name=\"twitter:card\" content=\"summary_large_image\" \/>\n<meta name=\"twitter:label1\" content=\"Est. reading time\" \/>\n\t<meta name=\"twitter:data1\" content=\"1 minute\" \/>\n<script type=\"application\/ld+json\" class=\"yoast-schema-graph\">{\"@context\":\"https:\/\/schema.org\",\"@graph\":[{\"@type\":\"WebPage\",\"@id\":\"https:\/\/instamedic.mx\/tienda-medica\/instrumental-medico\/estuche-de-disecciones\/estuche-de-diseccion-13-pzas-economico\/\",\"url\":\"https:\/\/instamedic.mx\/tienda-medica\/instrumental-medico\/estuche-de-disecciones\/estuche-de-diseccion-13-pzas-economico\/\",\"name\":\"Estuche de disecci\u00f3n de 13 piezas econ\u00f3mico | Instamedic\",\"isPartOf\":{\"@id\":\"https:\/\/instamedic.mx\/#website\"},\"primaryImageOfPage\":{\"@id\":\"https:\/\/instamedic.mx\/tienda-medica\/instrumental-medico\/estuche-de-disecciones\/estuche-de-diseccion-13-pzas-economico\/#primaryimage\"},\"image\":{\"@id\":\"https:\/\/instamedic.mx\/tienda-medica\/instrumental-medico\/estuche-de-disecciones\/estuche-de-diseccion-13-pzas-economico\/#primaryimage\"},\"thumbnailUrl\":\"https:\/\/instamedic.mx\/wp-content\/uploads\/2019\/06\/Estuche-de-disecci\u00f3n-16-piezas-hergom-econ\u00f3mico.jpg\",\"datePublished\":\"2019-06-24T21:38:22+00:00\",\"dateModified\":\"2023-08-20T00:08:36+00:00\",\"description\":\"Estuche de Disecci\u00f3n de 13 piezas, el estuche es de color negro aterciopelado, Contiene Todos los Elementos Necesarios para Llevar Disecciones, Dise\u00f1ado para la Realizaci\u00f3n de pr\u00e1cticas, sus Componentes EST\u00c1N FABRICADOS en Acero Inoxidable\",\"breadcrumb\":{\"@id\":\"https:\/\/instamedic.mx\/tienda-medica\/instrumental-medico\/estuche-de-disecciones\/estuche-de-diseccion-13-pzas-economico\/#breadcrumb\"},\"inLanguage\":\"en-US\",\"potentialAction\":[{\"@type\":\"ReadAction\",\"target\":[\"https:\/\/instamedic.mx\/tienda-medica\/instrumental-medico\/estuche-de-disecciones\/estuche-de-diseccion-13-pzas-economico\/\"]}]},{\"@type\":\"ImageObject\",\"inLanguage\":\"en-US\",\"@id\":\"https:\/\/instamedic.mx\/tienda-medica\/instrumental-medico\/estuche-de-disecciones\/estuche-de-diseccion-13-pzas-economico\/#primaryimage\",\"url\":\"https:\/\/instamedic.mx\/wp-content\/uploads\/2019\/06\/Estuche-de-disecci\u00f3n-16-piezas-hergom-econ\u00f3mico.jpg\",\"contentUrl\":\"https:\/\/instamedic.mx\/wp-content\/uploads\/2019\/06\/Estuche-de-disecci\u00f3n-16-piezas-hergom-econ\u00f3mico.jpg\",\"width\":458,\"height\":458,\"caption\":\"Estuche de disecci\u00f3n 16 piezas hergom econ\u00f3mico\"},{\"@type\":\"BreadcrumbList\",\"@id\":\"https:\/\/instamedic.mx\/tienda-medica\/instrumental-medico\/estuche-de-disecciones\/estuche-de-diseccion-13-pzas-economico\/#breadcrumb\",\"itemListElement\":[{\"@type\":\"ListItem\",\"position\":1,\"name\":\"Inicio\",\"item\":\"https:\/\/instamedic.mx\/\"},{\"@type\":\"ListItem\",\"position\":2,\"name\":\"Tienda m\u00e9dica\",\"item\":\"https:\/\/instamedic.mx\/tienda-medica\/\"},{\"@type\":\"ListItem\",\"position\":3,\"name\":\"Estuche de disecci\u00f3n de 13 piezas econ\u00f3mico\"}]},{\"@type\":\"WebSite\",\"@id\":\"https:\/\/instamedic.mx\/#website\",\"url\":\"https:\/\/instamedic.mx\/\",\"name\":\"INSTAMEDIC\",\"description\":\"Venta de equipo m\u00e9dico, instrumental y uniformes quirpurgicos\",\"publisher\":{\"@id\":\"https:\/\/instamedic.mx\/#organization\"},\"potentialAction\":[{\"@type\":\"SearchAction\",\"target\":{\"@type\":\"EntryPoint\",\"urlTemplate\":\"https:\/\/instamedic.mx\/?s={search_term_string}\"},\"query-input\":\"required name=search_term_string\"}],\"inLanguage\":\"en-US\"},{\"@type\":\"Organization\",\"@id\":\"https:\/\/instamedic.mx\/#organization\",\"name\":\"INSTAMEDIC\",\"url\":\"https:\/\/instamedic.mx\/\",\"logo\":{\"@type\":\"ImageObject\",\"inLanguage\":\"en-US\",\"@id\":\"https:\/\/instamedic.mx\/#\/schema\/logo\/image\/\",\"url\":\"https:\/\/instamedic.mx\/wp-content\/uploads\/2024\/02\/Logo-instamedic.png\",\"contentUrl\":\"https:\/\/instamedic.mx\/wp-content\/uploads\/2024\/02\/Logo-instamedic.png\",\"width\":500,\"height\":500,\"caption\":\"INSTAMEDIC\"},\"image\":{\"@id\":\"https:\/\/instamedic.mx\/#\/schema\/logo\/image\/\"},\"sameAs\":[\"https:\/\/www.facebook.com\/instamedicmx\",\"https:\/\/www.instagram.com\/instamedic_mx\/\"],\"email\":\"info@instamedic.mx\",\"telephone\":\"8713426247\"}]}<\/script>\n<!-- \/ Yoast SEO Premium plugin. -->","yoast_head_json":{"title":"Estuche de disecci\u00f3n de 13 piezas econ\u00f3mico | Instamedic","description":"Estuche de Disecci\u00f3n de 13 piezas, el estuche es de color negro aterciopelado, Contiene Todos los Elementos Necesarios para Llevar Disecciones, Dise\u00f1ado para la Realizaci\u00f3n de pr\u00e1cticas, sus Componentes EST\u00c1N FABRICADOS en Acero Inoxidable","robots":{"index":"index","follow":"follow","max-snippet":"max-snippet:-1","max-image-preview":"max-image-preview:large","max-video-preview":"max-video-preview:-1"},"canonical":"https:\/\/instamedic.mx\/en\/tienda-medica\/instrumental-medico\/estuche-de-disecciones\/estuche-de-diseccion-13-pzas-economico\/","og_locale":"en_US","og_type":"article","og_title":"Estuche de disecci\u00f3n de 13 piezas econ\u00f3mico","og_description":"Estuche de Disecci\u00f3n de 13 piezas, el estuche es de color negro aterciopelado, Contiene Todos los Elementos Necesarios para Llevar Disecciones, Dise\u00f1ado para la Realizaci\u00f3n de pr\u00e1cticas, sus Componentes EST\u00c1N FABRICADOS en Acero Inoxidable","og_url":"https:\/\/instamedic.mx\/en\/tienda-medica\/instrumental-medico\/estuche-de-disecciones\/estuche-de-diseccion-13-pzas-economico\/","og_site_name":"Instamedic","article_publisher":"https:\/\/www.facebook.com\/instamedicmx","article_modified_time":"2023-08-20T00:08:36+00:00","og_image":[{"width":458,"height":458,"url":"https:\/\/instamedic.mx\/wp-content\/uploads\/2019\/06\/Estuche-de-disecci\u00f3n-16-piezas-hergom-econ\u00f3mico.jpg","type":"image\/jpeg"}],"twitter_card":"summary_large_image","twitter_misc":{"Est. reading time":"1 minute"},"schema":{"@context":"https:\/\/schema.org","@graph":[{"@type":"WebPage","@id":"https:\/\/instamedic.mx\/tienda-medica\/instrumental-medico\/estuche-de-disecciones\/estuche-de-diseccion-13-pzas-economico\/","url":"https:\/\/instamedic.mx\/tienda-medica\/instrumental-medico\/estuche-de-disecciones\/estuche-de-diseccion-13-pzas-economico\/","name":"Estuche de disecci\u00f3n de 13 piezas econ\u00f3mico | Instamedic","isPartOf":{"@id":"https:\/\/instamedic.mx\/#website"},"primaryImageOfPage":{"@id":"https:\/\/instamedic.mx\/tienda-medica\/instrumental-medico\/estuche-de-disecciones\/estuche-de-diseccion-13-pzas-economico\/#primaryimage"},"image":{"@id":"https:\/\/instamedic.mx\/tienda-medica\/instrumental-medico\/estuche-de-disecciones\/estuche-de-diseccion-13-pzas-economico\/#primaryimage"},"thumbnailUrl":"https:\/\/instamedic.mx\/wp-content\/uploads\/2019\/06\/Estuche-de-disecci\u00f3n-16-piezas-hergom-econ\u00f3mico.jpg","datePublished":"2019-06-24T21:38:22+00:00","dateModified":"2023-08-20T00:08:36+00:00","description":"Estuche de Disecci\u00f3n de 13 piezas, el estuche es de color negro aterciopelado, Contiene Todos los Elementos Necesarios para Llevar Disecciones, Dise\u00f1ado para la Realizaci\u00f3n de pr\u00e1cticas, sus Componentes EST\u00c1N FABRICADOS en Acero Inoxidable","breadcrumb":{"@id":"https:\/\/instamedic.mx\/tienda-medica\/instrumental-medico\/estuche-de-disecciones\/estuche-de-diseccion-13-pzas-economico\/#breadcrumb"},"inLanguage":"en-US","potentialAction":[{"@type":"ReadAction","target":["https:\/\/instamedic.mx\/tienda-medica\/instrumental-medico\/estuche-de-disecciones\/estuche-de-diseccion-13-pzas-economico\/"]}]},{"@type":"ImageObject","inLanguage":"en-US","@id":"https:\/\/instamedic.mx\/tienda-medica\/instrumental-medico\/estuche-de-disecciones\/estuche-de-diseccion-13-pzas-economico\/#primaryimage","url":"https:\/\/instamedic.mx\/wp-content\/uploads\/2019\/06\/Estuche-de-disecci\u00f3n-16-piezas-hergom-econ\u00f3mico.jpg","contentUrl":"https:\/\/instamedic.mx\/wp-content\/uploads\/2019\/06\/Estuche-de-disecci\u00f3n-16-piezas-hergom-econ\u00f3mico.jpg","width":458,"height":458,"caption":"Estuche de disecci\u00f3n 16 piezas hergom econ\u00f3mico"},{"@type":"BreadcrumbList","@id":"https:\/\/instamedic.mx\/tienda-medica\/instrumental-medico\/estuche-de-disecciones\/estuche-de-diseccion-13-pzas-economico\/#breadcrumb","itemListElement":[{"@type":"ListItem","position":1,"name":"Inicio","item":"https:\/\/instamedic.mx\/"},{"@type":"ListItem","position":2,"name":"Tienda m\u00e9dica","item":"https:\/\/instamedic.mx\/tienda-medica\/"},{"@type":"ListItem","position":3,"name":"Estuche de disecci\u00f3n de 13 piezas econ\u00f3mico"}]},{"@type":"WebSite","@id":"https:\/\/instamedic.mx\/#website","url":"https:\/\/instamedic.mx\/","name":"INSTAMEDIC","description":"Venta de equipo m\u00e9dico, instrumental y uniformes quirpurgicos","publisher":{"@id":"https:\/\/instamedic.mx\/#organization"},"potentialAction":[{"@type":"SearchAction","target":{"@type":"EntryPoint","urlTemplate":"https:\/\/instamedic.mx\/?s={search_term_string}"},"query-input":"required name=search_term_string"}],"inLanguage":"en-US"},{"@type":"Organization","@id":"https:\/\/instamedic.mx\/#organization","name":"INSTAMEDIC","url":"https:\/\/instamedic.mx\/","logo":{"@type":"ImageObject","inLanguage":"en-US","@id":"https:\/\/instamedic.mx\/#\/schema\/logo\/image\/","url":"https:\/\/instamedic.mx\/wp-content\/uploads\/2024\/02\/Logo-instamedic.png","contentUrl":"https:\/\/instamedic.mx\/wp-content\/uploads\/2024\/02\/Logo-instamedic.png","width":500,"height":500,"caption":"INSTAMEDIC"},"image":{"@id":"https:\/\/instamedic.mx\/#\/schema\/logo\/image\/"},"sameAs":["https:\/\/www.facebook.com\/instamedicmx","https:\/\/www.instagram.com\/instamedic_mx\/"],"email":"info@instamedic.mx","telephone":"8713426247"}]}},"jetpack_sharing_enabled":true,"_links":{"self":[{"href":"https:\/\/instamedic.mx\/en\/wp-json\/wp\/v2\/product\/7112"}],"collection":[{"href":"https:\/\/instamedic.mx\/en\/wp-json\/wp\/v2\/product"}],"about":[{"href":"https:\/\/instamedic.mx\/en\/wp-json\/wp\/v2\/types\/product"}],"replies":[{"embeddable":true,"href":"https:\/\/instamedic.mx\/en\/wp-json\/wp\/v2\/comments?post=7112"}],"version-history":[{"count":2,"href":"https:\/\/instamedic.mx\/en\/wp-json\/wp\/v2\/product\/7112\/revisions"}],"predecessor-version":[{"id":10476,"href":"https:\/\/instamedic.mx\/en\/wp-json\/wp\/v2\/product\/7112\/revisions\/10476"}],"wp:featuredmedia":[{"embeddable":true,"href":"https:\/\/instamedic.mx\/en\/wp-json\/wp\/v2\/media\/9013"}],"wp:attachment":[{"href":"https:\/\/instamedic.mx\/en\/wp-json\/wp\/v2\/media?parent=7112"}],"wp:term":[{"taxonomy":"wpc-collection","embeddable":true,"href":"https:\/\/instamedic.mx\/en\/wp-json\/wp\/v2\/wpc-collection?post=7112"},{"taxonomy":"product_brand","embeddable":true,"href":"https:\/\/instamedic.mx\/en\/wp-json\/wp\/v2\/product_brand?post=7112"},{"taxonomy":"product_cat","embeddable":true,"href":"https:\/\/instamedic.mx\/en\/wp-json\/wp\/v2\/product_cat?post=7112"},{"taxonomy":"product_tag","embeddable":true,"href":"https:\/\/instamedic.mx\/en\/wp-json\/wp\/v2\/product_tag?post=7112"}],"curies":[{"name":"wp","href":"https:\/\/api.w.org\/{rel}","templated":true}]}}