{"id":7213,"date":"2019-06-25T16:54:56","date_gmt":"2019-06-25T16:54:56","guid":{"rendered":"https:\/\/instamedic.mx\/?post_type=product&#038;p=7213"},"modified":"2025-08-06T03:20:31","modified_gmt":"2025-08-06T03:20:31","slug":"juego-quirurgico-cosmo-dama","status":"publish","type":"product","link":"https:\/\/instamedic.mx\/en\/tienda-medica\/uniformes\/quirurgicos-uniformes\/juego-quirurgico-cosmo-dama\/","title":{"rendered":"Cosmo Surgical Uniform Set for Women"},"content":{"rendered":"<p>Blusa manga corta, corte imperio con 2 bolsas dobles utilitarias, pantal\u00f3n con el\u00e1stico, jareta en cintura, 1 bolsa lateral y una bolsa trasera<\/p>\n<p>&#8220;NOTA: debido al corte del dise\u00f1o, las tallas suelen ser reducidas, se recomienda seleccionar una talla mas grande de lo normal o guiarse con las medidas para saber cual es su talla mas adecuada&#8221;<\/p>\n<p>Medidas en centimetros<\/p>\n<h3>Filpina<\/h3>\n<table dir=\"ltr\" border=\"1\" cellspacing=\"0\" cellpadding=\"0\">\n<colgroup>\n<col width=\"100\" \/>\n<col width=\"100\" \/>\n<col width=\"100\" \/><\/colgroup>\n<tbody>\n<tr>\n<td data-sheets-value=\"{&quot;1&quot;:2,&quot;2&quot;:&quot;Talla&quot;}\">Talla<\/td>\n<td data-sheets-value=\"{&quot;1&quot;:2,&quot;2&quot;:&quot;Busto&quot;}\">Busto<\/td>\n<td data-sheets-value=\"{&quot;1&quot;:2,&quot;2&quot;:&quot;Largo&quot;}\">Largo<\/td>\n<\/tr>\n<tr>\n<td data-sheets-value=\"{&quot;1&quot;:2,&quot;2&quot;:&quot;XS&quot;}\">XS<\/td>\n<td data-sheets-value=\"{&quot;1&quot;:3,&quot;3&quot;:96}\">96<\/td>\n<td data-sheets-value=\"{&quot;1&quot;:3,&quot;3&quot;:64}\">64<\/td>\n<\/tr>\n<tr>\n<td data-sheets-value=\"{&quot;1&quot;:2,&quot;2&quot;:&quot;S&quot;}\">S<\/td>\n<td data-sheets-value=\"{&quot;1&quot;:3,&quot;3&quot;:100}\">100<\/td>\n<td data-sheets-value=\"{&quot;1&quot;:3,&quot;3&quot;:65}\">65<\/td>\n<\/tr>\n<tr>\n<td data-sheets-value=\"{&quot;1&quot;:2,&quot;2&quot;:&quot;M&quot;}\">M<\/td>\n<td data-sheets-value=\"{&quot;1&quot;:3,&quot;3&quot;:102}\">102<\/td>\n<td data-sheets-value=\"{&quot;1&quot;:3,&quot;3&quot;:66}\">66<\/td>\n<\/tr>\n<tr>\n<td data-sheets-value=\"{&quot;1&quot;:2,&quot;2&quot;:&quot;L&quot;}\">L<\/td>\n<td data-sheets-value=\"{&quot;1&quot;:3,&quot;3&quot;:106}\">106<\/td>\n<td data-sheets-value=\"{&quot;1&quot;:3,&quot;3&quot;:67}\">67<\/td>\n<\/tr>\n<tr>\n<td data-sheets-value=\"{&quot;1&quot;:2,&quot;2&quot;:&quot;XL&quot;}\">XL<\/td>\n<td data-sheets-value=\"{&quot;1&quot;:3,&quot;3&quot;:112}\">112<\/td>\n<td data-sheets-value=\"{&quot;1&quot;:3,&quot;3&quot;:68}\">68<\/td>\n<\/tr>\n<tr>\n<td data-sheets-value=\"{&quot;1&quot;:2,&quot;2&quot;:&quot;2XL&quot;}\">2XL<\/td>\n<td data-sheets-value=\"{&quot;1&quot;:3,&quot;3&quot;:118}\">118<\/td>\n<td data-sheets-value=\"{&quot;1&quot;:3,&quot;3&quot;:69}\">69<\/td>\n<\/tr>\n<tr>\n<td data-sheets-value=\"{&quot;1&quot;:2,&quot;2&quot;:&quot;3XL&quot;}\">3XL<\/td>\n<td data-sheets-value=\"{&quot;1&quot;:3,&quot;3&quot;:124}\">124<\/td>\n<td data-sheets-value=\"{&quot;1&quot;:3,&quot;3&quot;:70}\">70<\/td>\n<\/tr>\n<\/tbody>\n<\/table>\n<p>&nbsp;<\/p>\n<h3>Pantalon<\/h3>\n<table dir=\"ltr\" border=\"1\" cellspacing=\"0\" cellpadding=\"0\">\n<colgroup>\n<col width=\"100\" \/>\n<col width=\"100\" \/>\n<col width=\"100\" \/>\n<col width=\"100\" \/><\/colgroup>\n<tbody>\n<tr>\n<td data-sheets-value=\"{&quot;1&quot;:2,&quot;2&quot;:&quot;Talla&quot;}\">Talla<\/td>\n<td data-sheets-value=\"{&quot;1&quot;:2,&quot;2&quot;:&quot;Cintura&quot;}\">Cintura<\/td>\n<td data-sheets-value=\"{&quot;1&quot;:2,&quot;2&quot;:&quot;Largo&quot;}\">Largo<\/td>\n<td data-sheets-value=\"{&quot;1&quot;:2,&quot;2&quot;:&quot;Cadera&quot;}\">Cadera<\/td>\n<\/tr>\n<tr>\n<td data-sheets-value=\"{&quot;1&quot;:2,&quot;2&quot;:&quot;XS&quot;}\">XS<\/td>\n<td data-sheets-value=\"{&quot;1&quot;:3,&quot;3&quot;:84}\">84<\/td>\n<td data-sheets-value=\"{&quot;1&quot;:3,&quot;3&quot;:0}\">0<\/td>\n<td data-sheets-value=\"{&quot;1&quot;:3,&quot;3&quot;:98}\">98<\/td>\n<\/tr>\n<tr>\n<td data-sheets-value=\"{&quot;1&quot;:2,&quot;2&quot;:&quot;S&quot;}\">S<\/td>\n<td data-sheets-value=\"{&quot;1&quot;:3,&quot;3&quot;:86}\">86<\/td>\n<td data-sheets-value=\"{&quot;1&quot;:3,&quot;3&quot;:101}\">101<\/td>\n<td data-sheets-value=\"{&quot;1&quot;:3,&quot;3&quot;:100}\">100<\/td>\n<\/tr>\n<tr>\n<td data-sheets-value=\"{&quot;1&quot;:2,&quot;2&quot;:&quot;M&quot;}\">M<\/td>\n<td data-sheets-value=\"{&quot;1&quot;:3,&quot;3&quot;:96}\">96<\/td>\n<td data-sheets-value=\"{&quot;1&quot;:3,&quot;3&quot;:102}\">102<\/td>\n<td data-sheets-value=\"{&quot;1&quot;:3,&quot;3&quot;:106}\">106<\/td>\n<\/tr>\n<tr>\n<td data-sheets-value=\"{&quot;1&quot;:2,&quot;2&quot;:&quot;L&quot;}\">L<\/td>\n<td data-sheets-value=\"{&quot;1&quot;:3,&quot;3&quot;:100}\">100<\/td>\n<td data-sheets-value=\"{&quot;1&quot;:3,&quot;3&quot;:104}\">104<\/td>\n<td data-sheets-value=\"{&quot;1&quot;:3,&quot;3&quot;:112}\">112<\/td>\n<\/tr>\n<tr>\n<td data-sheets-value=\"{&quot;1&quot;:2,&quot;2&quot;:&quot;XL&quot;}\">XL<\/td>\n<td data-sheets-value=\"{&quot;1&quot;:3,&quot;3&quot;:104}\">104<\/td>\n<td data-sheets-value=\"{&quot;1&quot;:3,&quot;3&quot;:105}\">105<\/td>\n<td data-sheets-value=\"{&quot;1&quot;:3,&quot;3&quot;:120}\">120<\/td>\n<\/tr>\n<tr>\n<td data-sheets-value=\"{&quot;1&quot;:2,&quot;2&quot;:&quot;2XL&quot;}\">2XL<\/td>\n<td data-sheets-value=\"{&quot;1&quot;:3,&quot;3&quot;:114}\">114<\/td>\n<td data-sheets-value=\"{&quot;1&quot;:3,&quot;3&quot;:106}\">106<\/td>\n<td data-sheets-value=\"{&quot;1&quot;:3,&quot;3&quot;:124}\">124<\/td>\n<\/tr>\n<tr>\n<td data-sheets-value=\"{&quot;1&quot;:2,&quot;2&quot;:&quot;3XL&quot;}\">3XL<\/td>\n<td data-sheets-value=\"{&quot;1&quot;:3,&quot;3&quot;:116}\">116<\/td>\n<td data-sheets-value=\"{&quot;1&quot;:3,&quot;3&quot;:108}\">108<\/td>\n<td data-sheets-value=\"{&quot;1&quot;:3,&quot;3&quot;:136}\">136<\/td>\n<\/tr>\n<\/tbody>\n<\/table>","protected":false},"excerpt":{"rendered":"<p>Uniforme quirurgico conjunto para dama contiene Blusa manga corta, corte imperio con 2 bolsas dobles utilitarias, pantal\u00f3n con el\u00e1stico, jareta en cintura, 1 bolsa lateral y una bolsa trasera muy comodo y fresco<\/p>\n<p>Tela:<\/p>\n<p>70% Poliester.<\/p>\n<p>30% Algod\u00f3n.<\/p>","protected":false},"featured_media":7218,"comment_status":"open","ping_status":"closed","template":"","meta":[],"wpc-collection":[665],"product_brand":[],"product_cat":[158,167],"product_tag":[162,166,161,535,160],"yoast_head":"<!-- This site is optimized with the Yoast SEO Premium plugin v22.3 (Yoast SEO v22.4) - https:\/\/yoast.com\/wordpress\/plugins\/seo\/ -->\n<title>Conjunto Uniforme Quir\u00fargico Cosmo dama - Trajes quir\u00fargicos<\/title>\n<meta name=\"robots\" content=\"index, follow, max-snippet:-1, max-image-preview:large, max-video-preview:-1\" \/>\n<link rel=\"canonical\" href=\"https:\/\/instamedic.mx\/en\/tienda-medica\/uniformes\/quirurgicos-uniformes\/juego-quirurgico-cosmo-dama\/\" \/>\n<meta property=\"og:locale\" content=\"en_US\" \/>\n<meta property=\"og:type\" content=\"article\" \/>\n<meta property=\"og:title\" content=\"Conjunto Uniforme Quir\u00fargico Cosmo dama\" \/>\n<meta property=\"og:description\" content=\"Uniforme quirurgico conjunto para dama contiene Blusa manga corta, corte imperio con 2 bolsas dobles utilitarias, pantal\u00f3n con el\u00e1stico, jareta en cintura, 1 bolsa lateral y una bolsa trasera muy comodo y fresco  Tela:  70% Poliester.  30% Algod\u00f3n.\" \/>\n<meta property=\"og:url\" content=\"https:\/\/instamedic.mx\/en\/tienda-medica\/uniformes\/quirurgicos-uniformes\/juego-quirurgico-cosmo-dama\/\" \/>\n<meta property=\"og:site_name\" content=\"Instamedic\" \/>\n<meta property=\"article:publisher\" content=\"https:\/\/www.facebook.com\/instamedicmx\" \/>\n<meta property=\"article:modified_time\" content=\"2025-08-06T03:20:31+00:00\" \/>\n<meta property=\"og:image\" content=\"https:\/\/instamedic.mx\/wp-content\/uploads\/2019\/06\/conjunto-uniforme-medico-quirurgico-dama-turquesa.jpg\" \/>\n\t<meta property=\"og:image:width\" content=\"284\" \/>\n\t<meta property=\"og:image:height\" content=\"259\" \/>\n\t<meta property=\"og:image:type\" content=\"image\/jpeg\" \/>\n<meta name=\"twitter:card\" content=\"summary_large_image\" \/>\n<meta name=\"twitter:label1\" content=\"Est. reading time\" \/>\n\t<meta name=\"twitter:data1\" content=\"1 minute\" \/>\n<script type=\"application\/ld+json\" class=\"yoast-schema-graph\">{\"@context\":\"https:\/\/schema.org\",\"@graph\":[{\"@type\":\"WebPage\",\"@id\":\"https:\/\/instamedic.mx\/tienda-medica\/uniformes\/quirurgicos-uniformes\/juego-quirurgico-cosmo-dama\/\",\"url\":\"https:\/\/instamedic.mx\/tienda-medica\/uniformes\/quirurgicos-uniformes\/juego-quirurgico-cosmo-dama\/\",\"name\":\"Conjunto Uniforme Quir\u00fargico Cosmo dama - Trajes quir\u00fargicos\",\"isPartOf\":{\"@id\":\"https:\/\/instamedic.mx\/#website\"},\"primaryImageOfPage\":{\"@id\":\"https:\/\/instamedic.mx\/tienda-medica\/uniformes\/quirurgicos-uniformes\/juego-quirurgico-cosmo-dama\/#primaryimage\"},\"image\":{\"@id\":\"https:\/\/instamedic.mx\/tienda-medica\/uniformes\/quirurgicos-uniformes\/juego-quirurgico-cosmo-dama\/#primaryimage\"},\"thumbnailUrl\":\"https:\/\/instamedic.mx\/wp-content\/uploads\/2019\/06\/conjunto-uniforme-medico-quirurgico-dama-turquesa.jpg\",\"datePublished\":\"2019-06-25T16:54:56+00:00\",\"dateModified\":\"2025-08-06T03:20:31+00:00\",\"breadcrumb\":{\"@id\":\"https:\/\/instamedic.mx\/tienda-medica\/uniformes\/quirurgicos-uniformes\/juego-quirurgico-cosmo-dama\/#breadcrumb\"},\"inLanguage\":\"en-US\",\"potentialAction\":[{\"@type\":\"ReadAction\",\"target\":[\"https:\/\/instamedic.mx\/tienda-medica\/uniformes\/quirurgicos-uniformes\/juego-quirurgico-cosmo-dama\/\"]}]},{\"@type\":\"ImageObject\",\"inLanguage\":\"en-US\",\"@id\":\"https:\/\/instamedic.mx\/tienda-medica\/uniformes\/quirurgicos-uniformes\/juego-quirurgico-cosmo-dama\/#primaryimage\",\"url\":\"https:\/\/instamedic.mx\/wp-content\/uploads\/2019\/06\/conjunto-uniforme-medico-quirurgico-dama-turquesa.jpg\",\"contentUrl\":\"https:\/\/instamedic.mx\/wp-content\/uploads\/2019\/06\/conjunto-uniforme-medico-quirurgico-dama-turquesa.jpg\",\"width\":284,\"height\":259,\"caption\":\"conjunto uniforme medico quirurgico para mujer turquesa\"},{\"@type\":\"BreadcrumbList\",\"@id\":\"https:\/\/instamedic.mx\/tienda-medica\/uniformes\/quirurgicos-uniformes\/juego-quirurgico-cosmo-dama\/#breadcrumb\",\"itemListElement\":[{\"@type\":\"ListItem\",\"position\":1,\"name\":\"Inicio\",\"item\":\"https:\/\/instamedic.mx\/\"},{\"@type\":\"ListItem\",\"position\":2,\"name\":\"Tienda m\u00e9dica\",\"item\":\"https:\/\/instamedic.mx\/tienda-medica\/\"},{\"@type\":\"ListItem\",\"position\":3,\"name\":\"Conjunto Uniforme Quir\u00fargico Cosmo dama\"}]},{\"@type\":\"WebSite\",\"@id\":\"https:\/\/instamedic.mx\/#website\",\"url\":\"https:\/\/instamedic.mx\/\",\"name\":\"INSTAMEDIC\",\"description\":\"Venta de equipo m\u00e9dico, instrumental y uniformes quirpurgicos\",\"publisher\":{\"@id\":\"https:\/\/instamedic.mx\/#organization\"},\"potentialAction\":[{\"@type\":\"SearchAction\",\"target\":{\"@type\":\"EntryPoint\",\"urlTemplate\":\"https:\/\/instamedic.mx\/?s={search_term_string}\"},\"query-input\":\"required name=search_term_string\"}],\"inLanguage\":\"en-US\"},{\"@type\":\"Organization\",\"@id\":\"https:\/\/instamedic.mx\/#organization\",\"name\":\"INSTAMEDIC\",\"url\":\"https:\/\/instamedic.mx\/\",\"logo\":{\"@type\":\"ImageObject\",\"inLanguage\":\"en-US\",\"@id\":\"https:\/\/instamedic.mx\/#\/schema\/logo\/image\/\",\"url\":\"https:\/\/instamedic.mx\/wp-content\/uploads\/2024\/02\/Logo-instamedic.png\",\"contentUrl\":\"https:\/\/instamedic.mx\/wp-content\/uploads\/2024\/02\/Logo-instamedic.png\",\"width\":500,\"height\":500,\"caption\":\"INSTAMEDIC\"},\"image\":{\"@id\":\"https:\/\/instamedic.mx\/#\/schema\/logo\/image\/\"},\"sameAs\":[\"https:\/\/www.facebook.com\/instamedicmx\",\"https:\/\/www.instagram.com\/instamedic_mx\/\"],\"email\":\"info@instamedic.mx\",\"telephone\":\"8713426247\"}]}<\/script>\n<!-- \/ Yoast SEO Premium plugin. -->","yoast_head_json":{"title":"Conjunto Uniforme Quir\u00fargico Cosmo dama - Trajes quir\u00fargicos","robots":{"index":"index","follow":"follow","max-snippet":"max-snippet:-1","max-image-preview":"max-image-preview:large","max-video-preview":"max-video-preview:-1"},"canonical":"https:\/\/instamedic.mx\/en\/tienda-medica\/uniformes\/quirurgicos-uniformes\/juego-quirurgico-cosmo-dama\/","og_locale":"en_US","og_type":"article","og_title":"Conjunto Uniforme Quir\u00fargico Cosmo dama","og_description":"Uniforme quirurgico conjunto para dama contiene Blusa manga corta, corte imperio con 2 bolsas dobles utilitarias, pantal\u00f3n con el\u00e1stico, jareta en cintura, 1 bolsa lateral y una bolsa trasera muy comodo y fresco  Tela:  70% Poliester.  30% Algod\u00f3n.","og_url":"https:\/\/instamedic.mx\/en\/tienda-medica\/uniformes\/quirurgicos-uniformes\/juego-quirurgico-cosmo-dama\/","og_site_name":"Instamedic","article_publisher":"https:\/\/www.facebook.com\/instamedicmx","article_modified_time":"2025-08-06T03:20:31+00:00","og_image":[{"width":284,"height":259,"url":"https:\/\/instamedic.mx\/wp-content\/uploads\/2019\/06\/conjunto-uniforme-medico-quirurgico-dama-turquesa.jpg","type":"image\/jpeg"}],"twitter_card":"summary_large_image","twitter_misc":{"Est. reading time":"1 minute"},"schema":{"@context":"https:\/\/schema.org","@graph":[{"@type":"WebPage","@id":"https:\/\/instamedic.mx\/tienda-medica\/uniformes\/quirurgicos-uniformes\/juego-quirurgico-cosmo-dama\/","url":"https:\/\/instamedic.mx\/tienda-medica\/uniformes\/quirurgicos-uniformes\/juego-quirurgico-cosmo-dama\/","name":"Conjunto Uniforme Quir\u00fargico Cosmo dama - Trajes quir\u00fargicos","isPartOf":{"@id":"https:\/\/instamedic.mx\/#website"},"primaryImageOfPage":{"@id":"https:\/\/instamedic.mx\/tienda-medica\/uniformes\/quirurgicos-uniformes\/juego-quirurgico-cosmo-dama\/#primaryimage"},"image":{"@id":"https:\/\/instamedic.mx\/tienda-medica\/uniformes\/quirurgicos-uniformes\/juego-quirurgico-cosmo-dama\/#primaryimage"},"thumbnailUrl":"https:\/\/instamedic.mx\/wp-content\/uploads\/2019\/06\/conjunto-uniforme-medico-quirurgico-dama-turquesa.jpg","datePublished":"2019-06-25T16:54:56+00:00","dateModified":"2025-08-06T03:20:31+00:00","breadcrumb":{"@id":"https:\/\/instamedic.mx\/tienda-medica\/uniformes\/quirurgicos-uniformes\/juego-quirurgico-cosmo-dama\/#breadcrumb"},"inLanguage":"en-US","potentialAction":[{"@type":"ReadAction","target":["https:\/\/instamedic.mx\/tienda-medica\/uniformes\/quirurgicos-uniformes\/juego-quirurgico-cosmo-dama\/"]}]},{"@type":"ImageObject","inLanguage":"en-US","@id":"https:\/\/instamedic.mx\/tienda-medica\/uniformes\/quirurgicos-uniformes\/juego-quirurgico-cosmo-dama\/#primaryimage","url":"https:\/\/instamedic.mx\/wp-content\/uploads\/2019\/06\/conjunto-uniforme-medico-quirurgico-dama-turquesa.jpg","contentUrl":"https:\/\/instamedic.mx\/wp-content\/uploads\/2019\/06\/conjunto-uniforme-medico-quirurgico-dama-turquesa.jpg","width":284,"height":259,"caption":"conjunto uniforme medico quirurgico para mujer turquesa"},{"@type":"BreadcrumbList","@id":"https:\/\/instamedic.mx\/tienda-medica\/uniformes\/quirurgicos-uniformes\/juego-quirurgico-cosmo-dama\/#breadcrumb","itemListElement":[{"@type":"ListItem","position":1,"name":"Inicio","item":"https:\/\/instamedic.mx\/"},{"@type":"ListItem","position":2,"name":"Tienda m\u00e9dica","item":"https:\/\/instamedic.mx\/tienda-medica\/"},{"@type":"ListItem","position":3,"name":"Conjunto Uniforme Quir\u00fargico Cosmo dama"}]},{"@type":"WebSite","@id":"https:\/\/instamedic.mx\/#website","url":"https:\/\/instamedic.mx\/","name":"INSTAMEDIC","description":"Venta de equipo m\u00e9dico, instrumental y uniformes quirpurgicos","publisher":{"@id":"https:\/\/instamedic.mx\/#organization"},"potentialAction":[{"@type":"SearchAction","target":{"@type":"EntryPoint","urlTemplate":"https:\/\/instamedic.mx\/?s={search_term_string}"},"query-input":"required name=search_term_string"}],"inLanguage":"en-US"},{"@type":"Organization","@id":"https:\/\/instamedic.mx\/#organization","name":"INSTAMEDIC","url":"https:\/\/instamedic.mx\/","logo":{"@type":"ImageObject","inLanguage":"en-US","@id":"https:\/\/instamedic.mx\/#\/schema\/logo\/image\/","url":"https:\/\/instamedic.mx\/wp-content\/uploads\/2024\/02\/Logo-instamedic.png","contentUrl":"https:\/\/instamedic.mx\/wp-content\/uploads\/2024\/02\/Logo-instamedic.png","width":500,"height":500,"caption":"INSTAMEDIC"},"image":{"@id":"https:\/\/instamedic.mx\/#\/schema\/logo\/image\/"},"sameAs":["https:\/\/www.facebook.com\/instamedicmx","https:\/\/www.instagram.com\/instamedic_mx\/"],"email":"info@instamedic.mx","telephone":"8713426247"}]}},"jetpack_sharing_enabled":true,"_links":{"self":[{"href":"https:\/\/instamedic.mx\/en\/wp-json\/wp\/v2\/product\/7213"}],"collection":[{"href":"https:\/\/instamedic.mx\/en\/wp-json\/wp\/v2\/product"}],"about":[{"href":"https:\/\/instamedic.mx\/en\/wp-json\/wp\/v2\/types\/product"}],"replies":[{"embeddable":true,"href":"https:\/\/instamedic.mx\/en\/wp-json\/wp\/v2\/comments?post=7213"}],"version-history":[{"count":2,"href":"https:\/\/instamedic.mx\/en\/wp-json\/wp\/v2\/product\/7213\/revisions"}],"predecessor-version":[{"id":22706,"href":"https:\/\/instamedic.mx\/en\/wp-json\/wp\/v2\/product\/7213\/revisions\/22706"}],"wp:featuredmedia":[{"embeddable":true,"href":"https:\/\/instamedic.mx\/en\/wp-json\/wp\/v2\/media\/7218"}],"wp:attachment":[{"href":"https:\/\/instamedic.mx\/en\/wp-json\/wp\/v2\/media?parent=7213"}],"wp:term":[{"taxonomy":"wpc-collection","embeddable":true,"href":"https:\/\/instamedic.mx\/en\/wp-json\/wp\/v2\/wpc-collection?post=7213"},{"taxonomy":"product_brand","embeddable":true,"href":"https:\/\/instamedic.mx\/en\/wp-json\/wp\/v2\/product_brand?post=7213"},{"taxonomy":"product_cat","embeddable":true,"href":"https:\/\/instamedic.mx\/en\/wp-json\/wp\/v2\/product_cat?post=7213"},{"taxonomy":"product_tag","embeddable":true,"href":"https:\/\/instamedic.mx\/en\/wp-json\/wp\/v2\/product_tag?post=7213"}],"curies":[{"name":"wp","href":"https:\/\/api.w.org\/{rel}","templated":true}]}}