{"id":7262,"date":"2019-06-25T18:13:44","date_gmt":"2019-06-25T18:13:44","guid":{"rendered":"https:\/\/instamedic.mx\/?post_type=product&#038;p=7262"},"modified":"2023-10-11T23:51:23","modified_gmt":"2023-10-11T23:51:23","slug":"termometro-digital-clinico-beurer","status":"publish","type":"product","link":"https:\/\/instamedic.mx\/en\/tienda-medica\/equipo-medico\/diagnostico\/termometros\/termometro-digital-clinico-beurer\/","title":{"rendered":"Beurer FT90 Clinical Digital Thermometer"},"content":{"rendered":"<div class=\"item text-center\"><\/div>\n<div class=\"item text-center\"><img decoding=\"async\" class=\"img-fluid\" title=\"\" src=\"https:\/\/pim.beurer.com\/images\/attribut\/Picto_medical_60memory.svg\" width=\"75\" height=\"auto\" data-toggle=\"tooltip\" data-placement=\"top\" data-original-title=\"Funci\u00f3n Memory\" \/><strong>Funci\u00f3n Memory<\/strong><br \/>\n60 posiciones de memoria<\/div>\n<div class=\"item text-center\"><\/div>\n<table class=\"table table-responsive table-sm\">\n<tbody>\n<tr>\n<td><img decoding=\"async\" class=\"img-fluid\" title=\"\" src=\"https:\/\/pim.beurer.com\/images\/attribut\/Picto_medical_non_contact.svg\" width=\"75\" height=\"auto\" data-toggle=\"tooltip\" data-placement=\"top\" data-original-title=\"Medici\u00f3n sin contacto\" \/><strong>Medici\u00f3n sin contacto<\/strong><br \/>\nHigi\u00e9nico y seguro sin contacto con la piel<\/td>\n<td><img decoding=\"async\" class=\"img-fluid\" title=\"\" src=\"https:\/\/pim.beurer.com\/images\/attribut\/Picto_medical_measuring_position_Stirn.svg\" width=\"75\" height=\"auto\" data-toggle=\"tooltip\" data-placement=\"top\" data-original-title=\"Lugar de la medici\u00f3n\" \/><strong>Lugar de la medici\u00f3n<\/strong><br \/>\nLa temperatura se mide en la frente<\/td>\n<\/tr>\n<tr>\n<td><img decoding=\"async\" class=\"img-fluid\" title=\"\" src=\"https:\/\/pim.beurer.com\/images\/attribut\/Picto_medical_ok_or_alarm.jpg\" width=\"75\" height=\"auto\" data-toggle=\"tooltip\" data-placement=\"top\" data-original-title=\"Indicaci\u00f3n con emoticonos\" \/><strong>Indicaci\u00f3n con emoticonos<\/strong><br \/>\nCara sonriente = todo bien, cara triste = ? 38\u00b0C<\/td>\n<td><img decoding=\"async\" class=\"img-fluid\" title=\"\" src=\"https:\/\/pim.beurer.com\/images\/attribut\/Picto_medical_object_temperature.svg\" width=\"75\" height=\"auto\" data-toggle=\"tooltip\" data-placement=\"top\" data-original-title=\"Temperatura de superficies\" \/><strong>Temperatura de superficies<\/strong><br \/>\nTemperatura de superficies de objetos y l\u00edquidos<\/td>\n<\/tr>\n<tr>\n<td><img decoding=\"async\" class=\"img-fluid\" title=\"\" src=\"https:\/\/pim.beurer.com\/images\/attribut\/Picto_medical_room_temperature.svg\" width=\"75\" height=\"auto\" data-toggle=\"tooltip\" data-placement=\"top\" data-original-title=\"Temperatura ambiente\" \/><strong>Temperatura ambiente<\/strong><br \/>\nEl producto indica la temperatura ambiente<\/td>\n<td><img decoding=\"async\" class=\"img-fluid\" title=\"\" src=\"https:\/\/pim.beurer.com\/images\/attribut\/Picto_medical_%C2%B0C%20_%C2%B0F_display.svg\" width=\"75\" height=\"auto\" data-toggle=\"tooltip\" data-placement=\"top\" data-original-title=\"Indicaci\u00f3n de temperatura\" \/><strong>Indicaci\u00f3n de temperatura<\/strong><br \/>\nIndicaci\u00f3n de la temperatura en la pantalla (\u00b0C\/\u00b0F)<\/td>\n<\/tr>\n<\/tbody>\n<\/table>\n<p>&nbsp;<\/p>\n<table class=\"table table-responsive table-sm\">\n<tbody>\n<tr>\n<td>Denominaci\u00f3n del producto<\/td>\n<td>Term\u00f3metro sin contacto<\/td>\n<\/tr>\n<tr>\n<td>Mecanismo de desconexi\u00f3n autom\u00e1tica<\/td>\n<td>S\u00ed<\/td>\n<\/tr>\n<tr>\n<td>Indicaci\u00f3n de cambio de pila<\/td>\n<td>S\u00ed<\/td>\n<\/tr>\n<tr>\n<td>Fecha y hora<\/td>\n<td>S\u00ed<\/td>\n<\/tr>\n<tr>\n<td>Retroiluminaci\u00f3n de la pantalla<\/td>\n<td>S\u00ed<\/td>\n<\/tr>\n<tr>\n<td>Alarma de fiebre (indicaci\u00f3n en la pantalla)<\/td>\n<td>S\u00ed<\/td>\n<\/tr>\n<tr>\n<td>Medici\u00f3n sin contacto<\/td>\n<td>S\u00ed<\/td>\n<\/tr>\n<tr>\n<td>Producto sanitario<\/td>\n<td>S\u00ed<\/td>\n<\/tr>\n<tr>\n<td>Medici\u00f3n de la temperatura de superficies\/objetos\/l\u00edquidos<\/td>\n<td>S\u00ed<\/td>\n<\/tr>\n<tr>\n<td>Medici\u00f3n de la temperatura ambiente<\/td>\n<td>S\u00ed<\/td>\n<\/tr>\n<tr>\n<td>Medici\u00f3n de la temperatura en la frente<\/td>\n<td>S\u00ed<\/td>\n<\/tr>\n<tr>\n<td>Tapa protectora\/estuche<\/td>\n<td>S\u00ed<\/td>\n<\/tr>\n<tr>\n<td>Se\u00f1al ac\u00fastica<\/td>\n<td>S\u00ed<\/td>\n<\/tr>\n<tr>\n<td>Posiciones de memoria<\/td>\n<td>60<\/td>\n<\/tr>\n<tr>\n<td>Conmutable entre\u00a0\u00b0C y \u00b0F<\/td>\n<td>S\u00ed<\/td>\n<\/tr>\n<tr>\n<td>Peso del producto<\/td>\n<td>Aprox. 82 g<\/td>\n<\/tr>\n<tr>\n<td>Dimensiones del producto<\/td>\n<td>188 x 47,6 x 29 mm<\/td>\n<\/tr>\n<tr>\n<td>CE<\/td>\n<td>S\u00ed<\/td>\n<\/tr>\n<tr>\n<td>Garant\u00eda en a\u00f1os (Para obtener informaci\u00f3n sobre la garant\u00eda, consulte las instrucciones de uso.)<\/td>\n<td>5<\/td>\n<\/tr>\n<tr>\n<td>N\u00famero HMV<\/td>\n<td>21.28.01.2106<\/td>\n<\/tr>\n<tr>\n<td>PZN (n\u00famero farmac\u00e9utico alem\u00e1n)<\/td>\n<td>10228997<\/td>\n<\/tr>\n<tr>\n<td>EAN<\/td>\n<td>4211125795313<\/td>\n<\/tr>\n<tr>\n<td>N\u00famero de art\u00edculo<\/td>\n<td>79531<\/td>\n<\/tr>\n<\/tbody>\n<\/table>","protected":false},"excerpt":{"rendered":"<h1>Term\u00f3metro sin contacto de Beurer &#8211; FT 90<\/h1>\n<p class=\"subline\">Medici\u00f3n higi\u00e9nica mediante tecnolog\u00eda por infrarrojos<\/p>\n<ul>\n<li>Medici\u00f3n de la temperatura corporal, la temperatura ambiente y la temperatura de superficies<\/li>\n<li>Higi\u00e9nico y seguro, medici\u00f3n sin contacto con la piel<\/li>\n<li>Medici\u00f3n en cuesti\u00f3n de segundos<\/li>\n<li>T\u00e9cnica de medici\u00f3n por infrarrojos<\/li>\n<li>Alarma de fiebre: a partir de 38\u00a0\u00b0C<\/li>\n<li>Indicaci\u00f3n en\u00a0\u00b0C y \u00b0F<\/li>\n<li>Sound control (On\/Off)<\/li>\n<li>Distancia de medici\u00f3n 2 &#8211; 3\u00a0cm<\/li>\n<li>60 posiciones de memoria (temperatura corporal)<\/li>\n<li>Mecanismo de desconexi\u00f3n autom\u00e1tica<\/li>\n<li>Se\u00f1al ac\u00fastica al final de la medici\u00f3n seleccionable<\/li>\n<li>Producto sanitario<\/li>\n<li>Pantalla XL de f\u00e1cil lectura con retroiluminaci\u00f3n azul<\/li>\n<li>Con estuche<\/li>\n<\/ul>","protected":false},"featured_media":7266,"comment_status":"open","ping_status":"closed","template":"","meta":[],"wpc-collection":[],"product_brand":[],"product_cat":[92,93,94],"product_tag":[148,169,152],"yoast_head":"<!-- This site is optimized with the Yoast SEO Premium plugin v22.3 (Yoast SEO v22.4) - https:\/\/yoast.com\/wordpress\/plugins\/seo\/ -->\n<title>Term\u00f3metro Digital Cl\u00ednico Beurer FT90 | Instamedic<\/title>\n<meta name=\"robots\" content=\"index, follow, max-snippet:-1, max-image-preview:large, max-video-preview:-1\" \/>\n<link rel=\"canonical\" href=\"https:\/\/instamedic.mx\/en\/tienda-medica\/equipo-medico\/diagnostico\/termometros\/termometro-digital-clinico-beurer\/\" \/>\n<meta property=\"og:locale\" content=\"en_US\" \/>\n<meta property=\"og:type\" content=\"article\" \/>\n<meta property=\"og:title\" content=\"Term\u00f3metro Digital Cl\u00ednico Beurer FT90\" \/>\n<meta property=\"og:description\" content=\"Term\u00f3metro sin contacto de Beurer - FT 90 Medici\u00f3n higi\u00e9nica mediante tecnolog\u00eda por infrarrojos    Medici\u00f3n de la temperatura corporal, la temperatura ambiente y la temperatura de superficies  Higi\u00e9nico y seguro, medici\u00f3n sin contacto con la piel  Medici\u00f3n en cuesti\u00f3n de segundos  T\u00e9cnica de medici\u00f3n por infrarrojos  Alarma de fiebre: a partir de 38\u00a0\u00b0C  Indicaci\u00f3n en\u00a0\u00b0C y \u00b0F  Sound control (On\/Off)  Distancia de medici\u00f3n 2 - 3\u00a0cm  60 posiciones de memoria (temperatura corporal)  Mecanismo de desconexi\u00f3n autom\u00e1tica  Se\u00f1al ac\u00fastica al final de la medici\u00f3n seleccionable  Producto sanitario  Pantalla XL de f\u00e1cil lectura con retroiluminaci\u00f3n azul  Con estuche\" \/>\n<meta property=\"og:url\" content=\"https:\/\/instamedic.mx\/en\/tienda-medica\/equipo-medico\/diagnostico\/termometros\/termometro-digital-clinico-beurer\/\" \/>\n<meta property=\"og:site_name\" content=\"Instamedic\" \/>\n<meta property=\"article:publisher\" content=\"https:\/\/www.facebook.com\/instamedicmx\" \/>\n<meta property=\"article:modified_time\" content=\"2023-10-11T23:51:23+00:00\" \/>\n<meta property=\"og:image\" content=\"https:\/\/instamedic.mx\/wp-content\/uploads\/2019\/06\/Termometro-digital-sin-contactoFT90.jpg\" \/>\n\t<meta property=\"og:image:width\" content=\"366\" \/>\n\t<meta property=\"og:image:height\" content=\"450\" \/>\n\t<meta property=\"og:image:type\" content=\"image\/jpeg\" \/>\n<meta name=\"twitter:card\" content=\"summary_large_image\" \/>\n<meta name=\"twitter:label1\" content=\"Est. reading time\" \/>\n\t<meta name=\"twitter:data1\" content=\"3 minutes\" \/>\n<script type=\"application\/ld+json\" class=\"yoast-schema-graph\">{\"@context\":\"https:\/\/schema.org\",\"@graph\":[{\"@type\":\"WebPage\",\"@id\":\"https:\/\/instamedic.mx\/tienda-medica\/equipo-medico\/diagnostico\/termometros\/termometro-digital-clinico-beurer\/\",\"url\":\"https:\/\/instamedic.mx\/tienda-medica\/equipo-medico\/diagnostico\/termometros\/termometro-digital-clinico-beurer\/\",\"name\":\"Term\u00f3metro Digital Cl\u00ednico Beurer FT90 | Instamedic\",\"isPartOf\":{\"@id\":\"https:\/\/instamedic.mx\/#website\"},\"primaryImageOfPage\":{\"@id\":\"https:\/\/instamedic.mx\/tienda-medica\/equipo-medico\/diagnostico\/termometros\/termometro-digital-clinico-beurer\/#primaryimage\"},\"image\":{\"@id\":\"https:\/\/instamedic.mx\/tienda-medica\/equipo-medico\/diagnostico\/termometros\/termometro-digital-clinico-beurer\/#primaryimage\"},\"thumbnailUrl\":\"https:\/\/instamedic.mx\/wp-content\/uploads\/2019\/06\/Termometro-digital-sin-contactoFT90.jpg\",\"datePublished\":\"2019-06-25T18:13:44+00:00\",\"dateModified\":\"2023-10-11T23:51:23+00:00\",\"breadcrumb\":{\"@id\":\"https:\/\/instamedic.mx\/tienda-medica\/equipo-medico\/diagnostico\/termometros\/termometro-digital-clinico-beurer\/#breadcrumb\"},\"inLanguage\":\"en-US\",\"potentialAction\":[{\"@type\":\"ReadAction\",\"target\":[\"https:\/\/instamedic.mx\/tienda-medica\/equipo-medico\/diagnostico\/termometros\/termometro-digital-clinico-beurer\/\"]}]},{\"@type\":\"ImageObject\",\"inLanguage\":\"en-US\",\"@id\":\"https:\/\/instamedic.mx\/tienda-medica\/equipo-medico\/diagnostico\/termometros\/termometro-digital-clinico-beurer\/#primaryimage\",\"url\":\"https:\/\/instamedic.mx\/wp-content\/uploads\/2019\/06\/Termometro-digital-sin-contactoFT90.jpg\",\"contentUrl\":\"https:\/\/instamedic.mx\/wp-content\/uploads\/2019\/06\/Termometro-digital-sin-contactoFT90.jpg\",\"width\":366,\"height\":450},{\"@type\":\"BreadcrumbList\",\"@id\":\"https:\/\/instamedic.mx\/tienda-medica\/equipo-medico\/diagnostico\/termometros\/termometro-digital-clinico-beurer\/#breadcrumb\",\"itemListElement\":[{\"@type\":\"ListItem\",\"position\":1,\"name\":\"Inicio\",\"item\":\"https:\/\/instamedic.mx\/\"},{\"@type\":\"ListItem\",\"position\":2,\"name\":\"Tienda m\u00e9dica\",\"item\":\"https:\/\/instamedic.mx\/tienda-medica\/\"},{\"@type\":\"ListItem\",\"position\":3,\"name\":\"Term\u00f3metro Digital Cl\u00ednico Beurer FT90\"}]},{\"@type\":\"WebSite\",\"@id\":\"https:\/\/instamedic.mx\/#website\",\"url\":\"https:\/\/instamedic.mx\/\",\"name\":\"INSTAMEDIC\",\"description\":\"Venta de equipo m\u00e9dico, instrumental y uniformes quirpurgicos\",\"publisher\":{\"@id\":\"https:\/\/instamedic.mx\/#organization\"},\"potentialAction\":[{\"@type\":\"SearchAction\",\"target\":{\"@type\":\"EntryPoint\",\"urlTemplate\":\"https:\/\/instamedic.mx\/?s={search_term_string}\"},\"query-input\":\"required name=search_term_string\"}],\"inLanguage\":\"en-US\"},{\"@type\":\"Organization\",\"@id\":\"https:\/\/instamedic.mx\/#organization\",\"name\":\"INSTAMEDIC\",\"url\":\"https:\/\/instamedic.mx\/\",\"logo\":{\"@type\":\"ImageObject\",\"inLanguage\":\"en-US\",\"@id\":\"https:\/\/instamedic.mx\/#\/schema\/logo\/image\/\",\"url\":\"https:\/\/instamedic.mx\/wp-content\/uploads\/2024\/02\/Logo-instamedic.png\",\"contentUrl\":\"https:\/\/instamedic.mx\/wp-content\/uploads\/2024\/02\/Logo-instamedic.png\",\"width\":500,\"height\":500,\"caption\":\"INSTAMEDIC\"},\"image\":{\"@id\":\"https:\/\/instamedic.mx\/#\/schema\/logo\/image\/\"},\"sameAs\":[\"https:\/\/www.facebook.com\/instamedicmx\",\"https:\/\/www.instagram.com\/instamedic_mx\/\"],\"email\":\"info@instamedic.mx\",\"telephone\":\"8713426247\"}]}<\/script>\n<!-- \/ Yoast SEO Premium plugin. -->","yoast_head_json":{"title":"Term\u00f3metro Digital Cl\u00ednico Beurer FT90 | Instamedic","robots":{"index":"index","follow":"follow","max-snippet":"max-snippet:-1","max-image-preview":"max-image-preview:large","max-video-preview":"max-video-preview:-1"},"canonical":"https:\/\/instamedic.mx\/en\/tienda-medica\/equipo-medico\/diagnostico\/termometros\/termometro-digital-clinico-beurer\/","og_locale":"en_US","og_type":"article","og_title":"Term\u00f3metro Digital Cl\u00ednico Beurer FT90","og_description":"Term\u00f3metro sin contacto de Beurer - FT 90 Medici\u00f3n higi\u00e9nica mediante tecnolog\u00eda por infrarrojos    Medici\u00f3n de la temperatura corporal, la temperatura ambiente y la temperatura de superficies  Higi\u00e9nico y seguro, medici\u00f3n sin contacto con la piel  Medici\u00f3n en cuesti\u00f3n de segundos  T\u00e9cnica de medici\u00f3n por infrarrojos  Alarma de fiebre: a partir de 38\u00a0\u00b0C  Indicaci\u00f3n en\u00a0\u00b0C y \u00b0F  Sound control (On\/Off)  Distancia de medici\u00f3n 2 - 3\u00a0cm  60 posiciones de memoria (temperatura corporal)  Mecanismo de desconexi\u00f3n autom\u00e1tica  Se\u00f1al ac\u00fastica al final de la medici\u00f3n seleccionable  Producto sanitario  Pantalla XL de f\u00e1cil lectura con retroiluminaci\u00f3n azul  Con estuche","og_url":"https:\/\/instamedic.mx\/en\/tienda-medica\/equipo-medico\/diagnostico\/termometros\/termometro-digital-clinico-beurer\/","og_site_name":"Instamedic","article_publisher":"https:\/\/www.facebook.com\/instamedicmx","article_modified_time":"2023-10-11T23:51:23+00:00","og_image":[{"width":366,"height":450,"url":"https:\/\/instamedic.mx\/wp-content\/uploads\/2019\/06\/Termometro-digital-sin-contactoFT90.jpg","type":"image\/jpeg"}],"twitter_card":"summary_large_image","twitter_misc":{"Est. reading time":"3 minutes"},"schema":{"@context":"https:\/\/schema.org","@graph":[{"@type":"WebPage","@id":"https:\/\/instamedic.mx\/tienda-medica\/equipo-medico\/diagnostico\/termometros\/termometro-digital-clinico-beurer\/","url":"https:\/\/instamedic.mx\/tienda-medica\/equipo-medico\/diagnostico\/termometros\/termometro-digital-clinico-beurer\/","name":"Term\u00f3metro Digital Cl\u00ednico Beurer FT90 | Instamedic","isPartOf":{"@id":"https:\/\/instamedic.mx\/#website"},"primaryImageOfPage":{"@id":"https:\/\/instamedic.mx\/tienda-medica\/equipo-medico\/diagnostico\/termometros\/termometro-digital-clinico-beurer\/#primaryimage"},"image":{"@id":"https:\/\/instamedic.mx\/tienda-medica\/equipo-medico\/diagnostico\/termometros\/termometro-digital-clinico-beurer\/#primaryimage"},"thumbnailUrl":"https:\/\/instamedic.mx\/wp-content\/uploads\/2019\/06\/Termometro-digital-sin-contactoFT90.jpg","datePublished":"2019-06-25T18:13:44+00:00","dateModified":"2023-10-11T23:51:23+00:00","breadcrumb":{"@id":"https:\/\/instamedic.mx\/tienda-medica\/equipo-medico\/diagnostico\/termometros\/termometro-digital-clinico-beurer\/#breadcrumb"},"inLanguage":"en-US","potentialAction":[{"@type":"ReadAction","target":["https:\/\/instamedic.mx\/tienda-medica\/equipo-medico\/diagnostico\/termometros\/termometro-digital-clinico-beurer\/"]}]},{"@type":"ImageObject","inLanguage":"en-US","@id":"https:\/\/instamedic.mx\/tienda-medica\/equipo-medico\/diagnostico\/termometros\/termometro-digital-clinico-beurer\/#primaryimage","url":"https:\/\/instamedic.mx\/wp-content\/uploads\/2019\/06\/Termometro-digital-sin-contactoFT90.jpg","contentUrl":"https:\/\/instamedic.mx\/wp-content\/uploads\/2019\/06\/Termometro-digital-sin-contactoFT90.jpg","width":366,"height":450},{"@type":"BreadcrumbList","@id":"https:\/\/instamedic.mx\/tienda-medica\/equipo-medico\/diagnostico\/termometros\/termometro-digital-clinico-beurer\/#breadcrumb","itemListElement":[{"@type":"ListItem","position":1,"name":"Inicio","item":"https:\/\/instamedic.mx\/"},{"@type":"ListItem","position":2,"name":"Tienda m\u00e9dica","item":"https:\/\/instamedic.mx\/tienda-medica\/"},{"@type":"ListItem","position":3,"name":"Term\u00f3metro Digital Cl\u00ednico Beurer FT90"}]},{"@type":"WebSite","@id":"https:\/\/instamedic.mx\/#website","url":"https:\/\/instamedic.mx\/","name":"INSTAMEDIC","description":"Venta de equipo m\u00e9dico, instrumental y uniformes quirpurgicos","publisher":{"@id":"https:\/\/instamedic.mx\/#organization"},"potentialAction":[{"@type":"SearchAction","target":{"@type":"EntryPoint","urlTemplate":"https:\/\/instamedic.mx\/?s={search_term_string}"},"query-input":"required name=search_term_string"}],"inLanguage":"en-US"},{"@type":"Organization","@id":"https:\/\/instamedic.mx\/#organization","name":"INSTAMEDIC","url":"https:\/\/instamedic.mx\/","logo":{"@type":"ImageObject","inLanguage":"en-US","@id":"https:\/\/instamedic.mx\/#\/schema\/logo\/image\/","url":"https:\/\/instamedic.mx\/wp-content\/uploads\/2024\/02\/Logo-instamedic.png","contentUrl":"https:\/\/instamedic.mx\/wp-content\/uploads\/2024\/02\/Logo-instamedic.png","width":500,"height":500,"caption":"INSTAMEDIC"},"image":{"@id":"https:\/\/instamedic.mx\/#\/schema\/logo\/image\/"},"sameAs":["https:\/\/www.facebook.com\/instamedicmx","https:\/\/www.instagram.com\/instamedic_mx\/"],"email":"info@instamedic.mx","telephone":"8713426247"}]}},"jetpack_sharing_enabled":true,"_links":{"self":[{"href":"https:\/\/instamedic.mx\/en\/wp-json\/wp\/v2\/product\/7262"}],"collection":[{"href":"https:\/\/instamedic.mx\/en\/wp-json\/wp\/v2\/product"}],"about":[{"href":"https:\/\/instamedic.mx\/en\/wp-json\/wp\/v2\/types\/product"}],"replies":[{"embeddable":true,"href":"https:\/\/instamedic.mx\/en\/wp-json\/wp\/v2\/comments?post=7262"}],"version-history":[{"count":3,"href":"https:\/\/instamedic.mx\/en\/wp-json\/wp\/v2\/product\/7262\/revisions"}],"predecessor-version":[{"id":22252,"href":"https:\/\/instamedic.mx\/en\/wp-json\/wp\/v2\/product\/7262\/revisions\/22252"}],"wp:featuredmedia":[{"embeddable":true,"href":"https:\/\/instamedic.mx\/en\/wp-json\/wp\/v2\/media\/7266"}],"wp:attachment":[{"href":"https:\/\/instamedic.mx\/en\/wp-json\/wp\/v2\/media?parent=7262"}],"wp:term":[{"taxonomy":"wpc-collection","embeddable":true,"href":"https:\/\/instamedic.mx\/en\/wp-json\/wp\/v2\/wpc-collection?post=7262"},{"taxonomy":"product_brand","embeddable":true,"href":"https:\/\/instamedic.mx\/en\/wp-json\/wp\/v2\/product_brand?post=7262"},{"taxonomy":"product_cat","embeddable":true,"href":"https:\/\/instamedic.mx\/en\/wp-json\/wp\/v2\/product_cat?post=7262"},{"taxonomy":"product_tag","embeddable":true,"href":"https:\/\/instamedic.mx\/en\/wp-json\/wp\/v2\/product_tag?post=7262"}],"curies":[{"name":"wp","href":"https:\/\/api.w.org\/{rel}","templated":true}]}}