{"id":7268,"date":"2019-06-25T18:21:27","date_gmt":"2019-06-25T18:21:27","guid":{"rendered":"https:\/\/instamedic.mx\/?post_type=product&#038;p=7268"},"modified":"2024-04-04T19:29:34","modified_gmt":"2024-04-04T19:29:34","slug":"termometro-digital-clinico-beurer-ft65","status":"publish","type":"product","link":"https:\/\/instamedic.mx\/en\/tienda-medica\/equipo-medico\/diagnostico\/termometros\/termometro-digital-clinico-beurer-ft65\/","title":{"rendered":"Term\u00f3metro digital Cl\u00ednico Beurer FT65"},"content":{"rendered":"<div class=\"item text-center\" style=\"text-align: left;\"><\/div>\n<div class=\"item text-center\"><\/div>\n<div class=\"item text-center\"><\/div>\n<table class=\"table table-responsive table-sm\">\n<tbody>\n<tr>\n<td><img decoding=\"async\" class=\"img-fluid alignleft\" title=\"\" src=\"https:\/\/pim.beurer.com\/images\/attribut\/Picto_medical_auto_off.svg\" width=\"75\" height=\"auto\" data-toggle=\"tooltip\" data-placement=\"top\" data-original-title=\"Mecanismo de desconexi\u00f3n autom\u00e1tica\" \/><strong>Mecanismo de desconexi\u00f3n autom\u00e1tica<\/strong><br \/>\nEl producto dispone de un mecanismo de desconexi\u00f3n autom\u00e1tica<\/td>\n<td>\n<div class=\"item text-center\"><img decoding=\"async\" class=\"img-fluid alignleft\" title=\"\" src=\"https:\/\/pim.beurer.com\/images\/attribut\/Picto_medical_fever_alarm.svg\" width=\"75\" height=\"auto\" data-toggle=\"tooltip\" data-placement=\"top\" data-original-title=\"Alarma \u00f3ptica de fiebre\" \/><strong>Alarma \u00f3ptica de fiebre<\/strong><br \/>\nIndicaci\u00f3n de temperatura normal o elevada con LED de color. &#8211; verde = todo bien, rojo = alarma de fiebre (a partir de 38\u00b0C\/100,4\u00b0F)<\/div>\n<\/td>\n<\/tr>\n<tr>\n<td><img decoding=\"async\" class=\"img-fluid alignleft\" title=\"\" src=\"https:\/\/pim.beurer.com\/images\/attribut\/Picto_medical_measuring_position_Stirn.svg\" width=\"75\" height=\"auto\" data-toggle=\"tooltip\" data-placement=\"top\" data-original-title=\"Lugar de la medici\u00f3n\" \/><strong>Lugar de la medici\u00f3n<\/strong><br \/>\nLa temperatura se mide en la frente<\/td>\n<td><img decoding=\"async\" class=\"img-fluid alignleft\" title=\"\" src=\"https:\/\/pim.beurer.com\/images\/attribut\/Picto_medical_object_temperature.svg\" width=\"75\" height=\"auto\" data-toggle=\"tooltip\" data-placement=\"top\" data-original-title=\"Temperatura de superficies\" aria-describedby=\"tooltip553088\" \/><strong>Temperatura de superficies<\/strong><br \/>\nTemperatura de superficies de objetos y l\u00edquidos<\/td>\n<\/tr>\n<tr>\n<td><img decoding=\"async\" class=\"img-fluid alignleft\" title=\"\" src=\"https:\/\/pim.beurer.com\/images\/attribut\/Picto_medical_10memory.svg\" width=\"75\" height=\"auto\" data-toggle=\"tooltip\" data-placement=\"top\" data-original-title=\"Funci\u00f3n Memory\" \/><strong>Funci\u00f3n Memory<\/strong><br \/>\n10 posiciones de memoria<\/td>\n<td><img decoding=\"async\" class=\"img-fluid alignleft\" title=\"\" src=\"https:\/\/pim.beurer.com\/images\/attribut\/Picto_medical_%C2%B0C%20_%C2%B0F_display.svg\" width=\"75\" height=\"auto\" data-toggle=\"tooltip\" data-placement=\"top\" data-original-title=\"Indicaci\u00f3n de temperatura\" \/><strong>Indicaci\u00f3n de temperatura<\/strong><br \/>\nIndicaci\u00f3n de la temperatura en la pantalla (\u00b0C\/\u00b0F)<\/td>\n<\/tr>\n<\/tbody>\n<\/table>\n<table class=\"table table-responsive table-sm\">\n<tbody>\n<tr>\n<td>Mecanismo de desconexi\u00f3n autom\u00e1tica<\/td>\n<td>S\u00ed<\/td>\n<\/tr>\n<tr>\n<td>Indicaci\u00f3n de cambio de pila<\/td>\n<td>S\u00ed<\/td>\n<\/tr>\n<tr>\n<td>Fecha y hora<\/td>\n<td>S\u00ed<\/td>\n<\/tr>\n<tr>\n<td>Producto sanitario<\/td>\n<td>S\u00ed<\/td>\n<\/tr>\n<tr>\n<td>Medici\u00f3n de la temperatura de superficies\/objetos\/l\u00edquidos<\/td>\n<td>S\u00ed<\/td>\n<\/tr>\n<tr>\n<td>Medici\u00f3n de la temperatura en el o\u00eddo<\/td>\n<td>S\u00ed<\/td>\n<\/tr>\n<tr>\n<td>Medici\u00f3n de la temperatura en la frente<\/td>\n<td>S\u00ed<\/td>\n<\/tr>\n<tr>\n<td>Alarma \u00f3ptica de fiebre (LED en color)<\/td>\n<td>S\u00ed<\/td>\n<\/tr>\n<tr>\n<td>Se\u00f1al ac\u00fastica<\/td>\n<td>S\u00ed<\/td>\n<\/tr>\n<tr>\n<td>Posiciones de memoria<\/td>\n<td>10<\/td>\n<\/tr>\n<tr>\n<td>Conmutable entre\u00a0\u00b0C y \u00b0F<\/td>\n<td>S\u00ed<\/td>\n<\/tr>\n<tr>\n<td>Peso del producto<\/td>\n<td>Aprox. 90 g<\/td>\n<\/tr>\n<tr>\n<td>Dimensiones del producto<\/td>\n<td>38,2 x 138 x 46,5 mm<\/td>\n<\/tr>\n<tr>\n<td>CE<\/td>\n<td>S\u00ed<\/td>\n<\/tr>\n<tr>\n<td>Garant\u00eda en a\u00f1os (Para obtener informaci\u00f3n sobre la garant\u00eda, consulte las instrucciones de uso.)<\/td>\n<td>5<\/td>\n<\/tr>\n<tr>\n<td>N\u00famero HMV<\/td>\n<td>21.28.01.2106<\/td>\n<\/tr>\n<tr>\n<td>PZN (n\u00famero farmac\u00e9utico alem\u00e1n)<\/td>\n<td>10228997<\/td>\n<\/tr>\n<tr>\n<td>EAN<\/td>\n<td>4211125795146<\/td>\n<\/tr>\n<tr>\n<td>N\u00famero de art\u00edculo<\/td>\n<td>79514<\/td>\n<\/tr>\n<\/tbody>\n<\/table>\n<p>&nbsp;<\/p>","protected":false},"excerpt":{"rendered":"<h1>Term\u00f3metro multifunci\u00f3n de Beurer &#8211; FT 65<\/h1>\n<p>Apto para toda la familia<\/p>\n<p>\u00a1Un aut\u00e9ntico todoterreno! Adem\u00e1s de medir la temperatura en el o\u00eddo y en la frente, el term\u00f3metro mide la temperatura de superficies. La alarma de fiebre, as\u00ed como la indicaci\u00f3n de la fecha y la hora, son los complementos ideales de una medici\u00f3n f\u00e1cil y c\u00f3moda.<\/p>\n<ul>\n<li>6 funciones en 1: temperatura en el o\u00eddo, temperatura en la frente, temperatura de superficies, alarma de fiebre, fecha y hora, 10 posiciones de memoria<\/li>\n<li>Hasta 37,9\u00a0\u00b0C = verde, a partir de 38,0\u00a0\u00b0C = rojo<\/li>\n<li>Medici\u00f3n en cuesti\u00f3n de segundos<\/li>\n<li>T\u00e9cnica de medici\u00f3n por infrarrojos<\/li>\n<li>Alarma de fiebre mediante LED a partir de 38\u00a0\u00b0C<\/li>\n<li>Indicaci\u00f3n en\u00a0\u00b0C y \u00b0F<\/li>\n<li>No contiene mercurio, sin vidrio<\/li>\n<li>Se puede desinfectar<\/li>\n<li>10 posiciones de memoria, con fecha y hora<\/li>\n<li>Mecanismo de desconexi\u00f3n autom\u00e1tica<\/li>\n<li>Producto sanitario<\/li>\n<li>Pantalla de gran tama\u00f1o<\/li>\n<\/ul>","protected":false},"featured_media":7270,"comment_status":"open","ping_status":"closed","template":"","meta":[],"wpc-collection":[],"product_brand":[],"product_cat":[92,93,94],"product_tag":[148,169,152],"yoast_head":"<!-- This site is optimized with the Yoast SEO Premium plugin v22.3 (Yoast SEO v22.4) - https:\/\/yoast.com\/wordpress\/plugins\/seo\/ -->\n<title>Term\u00f3metro digital Cl\u00ednico Beurer FT65 | Instamedic<\/title>\n<meta name=\"robots\" content=\"index, follow, max-snippet:-1, max-image-preview:large, max-video-preview:-1\" \/>\n<link rel=\"canonical\" href=\"https:\/\/instamedic.mx\/en\/tienda-medica\/equipo-medico\/diagnostico\/termometros\/termometro-digital-clinico-beurer-ft65\/\" \/>\n<meta property=\"og:locale\" content=\"en_US\" \/>\n<meta property=\"og:type\" content=\"article\" \/>\n<meta property=\"og:title\" content=\"Term\u00f3metro digital Cl\u00ednico Beurer FT65\" \/>\n<meta property=\"og:description\" content=\"Term\u00f3metro multifunci\u00f3n de Beurer - FT 65 Apto para toda la familia  \u00a1Un aut\u00e9ntico todoterreno! Adem\u00e1s de medir la temperatura en el o\u00eddo y en la frente, el term\u00f3metro mide la temperatura de superficies. La alarma de fiebre, as\u00ed como la indicaci\u00f3n de la fecha y la hora, son los complementos ideales de una medici\u00f3n f\u00e1cil y c\u00f3moda.   6 funciones en 1: temperatura en el o\u00eddo, temperatura en la frente, temperatura de superficies, alarma de fiebre, fecha y hora, 10 posiciones de memoria  Hasta 37,9\u00a0\u00b0C = verde, a partir de 38,0\u00a0\u00b0C = rojo  Medici\u00f3n en cuesti\u00f3n de segundos  T\u00e9cnica de medici\u00f3n por infrarrojos  Alarma de fiebre mediante LED a partir de 38\u00a0\u00b0C  Indicaci\u00f3n en\u00a0\u00b0C y \u00b0F  No contiene mercurio, sin vidrio  Se puede desinfectar  10 posiciones de memoria, con fecha y hora  Mecanismo de desconexi\u00f3n autom\u00e1tica  Producto sanitario  Pantalla de gran tama\u00f1o\" \/>\n<meta property=\"og:url\" content=\"https:\/\/instamedic.mx\/en\/tienda-medica\/equipo-medico\/diagnostico\/termometros\/termometro-digital-clinico-beurer-ft65\/\" \/>\n<meta property=\"og:site_name\" content=\"Instamedic\" \/>\n<meta property=\"article:publisher\" content=\"https:\/\/www.facebook.com\/instamedicmx\" \/>\n<meta property=\"article:modified_time\" content=\"2024-04-04T19:29:34+00:00\" \/>\n<meta property=\"og:image\" content=\"https:\/\/instamedic.mx\/wp-content\/uploads\/2019\/06\/termometro-clinico-digital-por-infrarrojos-beurer-ft65.jpg\" \/>\n\t<meta property=\"og:image:width\" content=\"640\" \/>\n\t<meta property=\"og:image:height\" content=\"640\" \/>\n\t<meta property=\"og:image:type\" content=\"image\/jpeg\" \/>\n<meta name=\"twitter:card\" content=\"summary_large_image\" \/>\n<meta name=\"twitter:label1\" content=\"Est. reading time\" \/>\n\t<meta name=\"twitter:data1\" content=\"3 minutes\" \/>\n<script type=\"application\/ld+json\" class=\"yoast-schema-graph\">{\"@context\":\"https:\/\/schema.org\",\"@graph\":[{\"@type\":\"WebPage\",\"@id\":\"https:\/\/instamedic.mx\/tienda-medica\/equipo-medico\/diagnostico\/termometros\/termometro-digital-clinico-beurer-ft65\/\",\"url\":\"https:\/\/instamedic.mx\/tienda-medica\/equipo-medico\/diagnostico\/termometros\/termometro-digital-clinico-beurer-ft65\/\",\"name\":\"Term\u00f3metro digital Cl\u00ednico Beurer FT65 | Instamedic\",\"isPartOf\":{\"@id\":\"https:\/\/instamedic.mx\/#website\"},\"primaryImageOfPage\":{\"@id\":\"https:\/\/instamedic.mx\/tienda-medica\/equipo-medico\/diagnostico\/termometros\/termometro-digital-clinico-beurer-ft65\/#primaryimage\"},\"image\":{\"@id\":\"https:\/\/instamedic.mx\/tienda-medica\/equipo-medico\/diagnostico\/termometros\/termometro-digital-clinico-beurer-ft65\/#primaryimage\"},\"thumbnailUrl\":\"https:\/\/instamedic.mx\/wp-content\/uploads\/2019\/06\/termometro-clinico-digital-por-infrarrojos-beurer-ft65.jpg\",\"datePublished\":\"2019-06-25T18:21:27+00:00\",\"dateModified\":\"2024-04-04T19:29:34+00:00\",\"breadcrumb\":{\"@id\":\"https:\/\/instamedic.mx\/tienda-medica\/equipo-medico\/diagnostico\/termometros\/termometro-digital-clinico-beurer-ft65\/#breadcrumb\"},\"inLanguage\":\"en-US\",\"potentialAction\":[{\"@type\":\"ReadAction\",\"target\":[\"https:\/\/instamedic.mx\/tienda-medica\/equipo-medico\/diagnostico\/termometros\/termometro-digital-clinico-beurer-ft65\/\"]}]},{\"@type\":\"ImageObject\",\"inLanguage\":\"en-US\",\"@id\":\"https:\/\/instamedic.mx\/tienda-medica\/equipo-medico\/diagnostico\/termometros\/termometro-digital-clinico-beurer-ft65\/#primaryimage\",\"url\":\"https:\/\/instamedic.mx\/wp-content\/uploads\/2019\/06\/termometro-clinico-digital-por-infrarrojos-beurer-ft65.jpg\",\"contentUrl\":\"https:\/\/instamedic.mx\/wp-content\/uploads\/2019\/06\/termometro-clinico-digital-por-infrarrojos-beurer-ft65.jpg\",\"width\":640,\"height\":640},{\"@type\":\"BreadcrumbList\",\"@id\":\"https:\/\/instamedic.mx\/tienda-medica\/equipo-medico\/diagnostico\/termometros\/termometro-digital-clinico-beurer-ft65\/#breadcrumb\",\"itemListElement\":[{\"@type\":\"ListItem\",\"position\":1,\"name\":\"Inicio\",\"item\":\"https:\/\/instamedic.mx\/\"},{\"@type\":\"ListItem\",\"position\":2,\"name\":\"Tienda m\u00e9dica\",\"item\":\"https:\/\/instamedic.mx\/tienda-medica\/\"},{\"@type\":\"ListItem\",\"position\":3,\"name\":\"Term\u00f3metro digital Cl\u00ednico Beurer FT65\"}]},{\"@type\":\"WebSite\",\"@id\":\"https:\/\/instamedic.mx\/#website\",\"url\":\"https:\/\/instamedic.mx\/\",\"name\":\"INSTAMEDIC\",\"description\":\"Venta de equipo m\u00e9dico, instrumental y uniformes quirpurgicos\",\"publisher\":{\"@id\":\"https:\/\/instamedic.mx\/#organization\"},\"potentialAction\":[{\"@type\":\"SearchAction\",\"target\":{\"@type\":\"EntryPoint\",\"urlTemplate\":\"https:\/\/instamedic.mx\/?s={search_term_string}\"},\"query-input\":\"required name=search_term_string\"}],\"inLanguage\":\"en-US\"},{\"@type\":\"Organization\",\"@id\":\"https:\/\/instamedic.mx\/#organization\",\"name\":\"INSTAMEDIC\",\"url\":\"https:\/\/instamedic.mx\/\",\"logo\":{\"@type\":\"ImageObject\",\"inLanguage\":\"en-US\",\"@id\":\"https:\/\/instamedic.mx\/#\/schema\/logo\/image\/\",\"url\":\"https:\/\/instamedic.mx\/wp-content\/uploads\/2024\/02\/Logo-instamedic.png\",\"contentUrl\":\"https:\/\/instamedic.mx\/wp-content\/uploads\/2024\/02\/Logo-instamedic.png\",\"width\":500,\"height\":500,\"caption\":\"INSTAMEDIC\"},\"image\":{\"@id\":\"https:\/\/instamedic.mx\/#\/schema\/logo\/image\/\"},\"sameAs\":[\"https:\/\/www.facebook.com\/instamedicmx\",\"https:\/\/www.instagram.com\/instamedic_mx\/\"],\"email\":\"info@instamedic.mx\",\"telephone\":\"8713426247\"}]}<\/script>\n<!-- \/ Yoast SEO Premium plugin. -->","yoast_head_json":{"title":"Term\u00f3metro digital Cl\u00ednico Beurer FT65 | Instamedic","robots":{"index":"index","follow":"follow","max-snippet":"max-snippet:-1","max-image-preview":"max-image-preview:large","max-video-preview":"max-video-preview:-1"},"canonical":"https:\/\/instamedic.mx\/en\/tienda-medica\/equipo-medico\/diagnostico\/termometros\/termometro-digital-clinico-beurer-ft65\/","og_locale":"en_US","og_type":"article","og_title":"Term\u00f3metro digital Cl\u00ednico Beurer FT65","og_description":"Term\u00f3metro multifunci\u00f3n de Beurer - FT 65 Apto para toda la familia  \u00a1Un aut\u00e9ntico todoterreno! Adem\u00e1s de medir la temperatura en el o\u00eddo y en la frente, el term\u00f3metro mide la temperatura de superficies. La alarma de fiebre, as\u00ed como la indicaci\u00f3n de la fecha y la hora, son los complementos ideales de una medici\u00f3n f\u00e1cil y c\u00f3moda.   6 funciones en 1: temperatura en el o\u00eddo, temperatura en la frente, temperatura de superficies, alarma de fiebre, fecha y hora, 10 posiciones de memoria  Hasta 37,9\u00a0\u00b0C = verde, a partir de 38,0\u00a0\u00b0C = rojo  Medici\u00f3n en cuesti\u00f3n de segundos  T\u00e9cnica de medici\u00f3n por infrarrojos  Alarma de fiebre mediante LED a partir de 38\u00a0\u00b0C  Indicaci\u00f3n en\u00a0\u00b0C y \u00b0F  No contiene mercurio, sin vidrio  Se puede desinfectar  10 posiciones de memoria, con fecha y hora  Mecanismo de desconexi\u00f3n autom\u00e1tica  Producto sanitario  Pantalla de gran tama\u00f1o","og_url":"https:\/\/instamedic.mx\/en\/tienda-medica\/equipo-medico\/diagnostico\/termometros\/termometro-digital-clinico-beurer-ft65\/","og_site_name":"Instamedic","article_publisher":"https:\/\/www.facebook.com\/instamedicmx","article_modified_time":"2024-04-04T19:29:34+00:00","og_image":[{"width":640,"height":640,"url":"https:\/\/instamedic.mx\/wp-content\/uploads\/2019\/06\/termometro-clinico-digital-por-infrarrojos-beurer-ft65.jpg","type":"image\/jpeg"}],"twitter_card":"summary_large_image","twitter_misc":{"Est. reading time":"3 minutes"},"schema":{"@context":"https:\/\/schema.org","@graph":[{"@type":"WebPage","@id":"https:\/\/instamedic.mx\/tienda-medica\/equipo-medico\/diagnostico\/termometros\/termometro-digital-clinico-beurer-ft65\/","url":"https:\/\/instamedic.mx\/tienda-medica\/equipo-medico\/diagnostico\/termometros\/termometro-digital-clinico-beurer-ft65\/","name":"Term\u00f3metro digital Cl\u00ednico Beurer FT65 | Instamedic","isPartOf":{"@id":"https:\/\/instamedic.mx\/#website"},"primaryImageOfPage":{"@id":"https:\/\/instamedic.mx\/tienda-medica\/equipo-medico\/diagnostico\/termometros\/termometro-digital-clinico-beurer-ft65\/#primaryimage"},"image":{"@id":"https:\/\/instamedic.mx\/tienda-medica\/equipo-medico\/diagnostico\/termometros\/termometro-digital-clinico-beurer-ft65\/#primaryimage"},"thumbnailUrl":"https:\/\/instamedic.mx\/wp-content\/uploads\/2019\/06\/termometro-clinico-digital-por-infrarrojos-beurer-ft65.jpg","datePublished":"2019-06-25T18:21:27+00:00","dateModified":"2024-04-04T19:29:34+00:00","breadcrumb":{"@id":"https:\/\/instamedic.mx\/tienda-medica\/equipo-medico\/diagnostico\/termometros\/termometro-digital-clinico-beurer-ft65\/#breadcrumb"},"inLanguage":"en-US","potentialAction":[{"@type":"ReadAction","target":["https:\/\/instamedic.mx\/tienda-medica\/equipo-medico\/diagnostico\/termometros\/termometro-digital-clinico-beurer-ft65\/"]}]},{"@type":"ImageObject","inLanguage":"en-US","@id":"https:\/\/instamedic.mx\/tienda-medica\/equipo-medico\/diagnostico\/termometros\/termometro-digital-clinico-beurer-ft65\/#primaryimage","url":"https:\/\/instamedic.mx\/wp-content\/uploads\/2019\/06\/termometro-clinico-digital-por-infrarrojos-beurer-ft65.jpg","contentUrl":"https:\/\/instamedic.mx\/wp-content\/uploads\/2019\/06\/termometro-clinico-digital-por-infrarrojos-beurer-ft65.jpg","width":640,"height":640},{"@type":"BreadcrumbList","@id":"https:\/\/instamedic.mx\/tienda-medica\/equipo-medico\/diagnostico\/termometros\/termometro-digital-clinico-beurer-ft65\/#breadcrumb","itemListElement":[{"@type":"ListItem","position":1,"name":"Inicio","item":"https:\/\/instamedic.mx\/"},{"@type":"ListItem","position":2,"name":"Tienda m\u00e9dica","item":"https:\/\/instamedic.mx\/tienda-medica\/"},{"@type":"ListItem","position":3,"name":"Term\u00f3metro digital Cl\u00ednico Beurer FT65"}]},{"@type":"WebSite","@id":"https:\/\/instamedic.mx\/#website","url":"https:\/\/instamedic.mx\/","name":"INSTAMEDIC","description":"Venta de equipo m\u00e9dico, instrumental y uniformes quirpurgicos","publisher":{"@id":"https:\/\/instamedic.mx\/#organization"},"potentialAction":[{"@type":"SearchAction","target":{"@type":"EntryPoint","urlTemplate":"https:\/\/instamedic.mx\/?s={search_term_string}"},"query-input":"required name=search_term_string"}],"inLanguage":"en-US"},{"@type":"Organization","@id":"https:\/\/instamedic.mx\/#organization","name":"INSTAMEDIC","url":"https:\/\/instamedic.mx\/","logo":{"@type":"ImageObject","inLanguage":"en-US","@id":"https:\/\/instamedic.mx\/#\/schema\/logo\/image\/","url":"https:\/\/instamedic.mx\/wp-content\/uploads\/2024\/02\/Logo-instamedic.png","contentUrl":"https:\/\/instamedic.mx\/wp-content\/uploads\/2024\/02\/Logo-instamedic.png","width":500,"height":500,"caption":"INSTAMEDIC"},"image":{"@id":"https:\/\/instamedic.mx\/#\/schema\/logo\/image\/"},"sameAs":["https:\/\/www.facebook.com\/instamedicmx","https:\/\/www.instagram.com\/instamedic_mx\/"],"email":"info@instamedic.mx","telephone":"8713426247"}]}},"jetpack_sharing_enabled":true,"_links":{"self":[{"href":"https:\/\/instamedic.mx\/en\/wp-json\/wp\/v2\/product\/7268"}],"collection":[{"href":"https:\/\/instamedic.mx\/en\/wp-json\/wp\/v2\/product"}],"about":[{"href":"https:\/\/instamedic.mx\/en\/wp-json\/wp\/v2\/types\/product"}],"replies":[{"embeddable":true,"href":"https:\/\/instamedic.mx\/en\/wp-json\/wp\/v2\/comments?post=7268"}],"version-history":[{"count":2,"href":"https:\/\/instamedic.mx\/en\/wp-json\/wp\/v2\/product\/7268\/revisions"}],"predecessor-version":[{"id":22029,"href":"https:\/\/instamedic.mx\/en\/wp-json\/wp\/v2\/product\/7268\/revisions\/22029"}],"wp:featuredmedia":[{"embeddable":true,"href":"https:\/\/instamedic.mx\/en\/wp-json\/wp\/v2\/media\/7270"}],"wp:attachment":[{"href":"https:\/\/instamedic.mx\/en\/wp-json\/wp\/v2\/media?parent=7268"}],"wp:term":[{"taxonomy":"wpc-collection","embeddable":true,"href":"https:\/\/instamedic.mx\/en\/wp-json\/wp\/v2\/wpc-collection?post=7268"},{"taxonomy":"product_brand","embeddable":true,"href":"https:\/\/instamedic.mx\/en\/wp-json\/wp\/v2\/product_brand?post=7268"},{"taxonomy":"product_cat","embeddable":true,"href":"https:\/\/instamedic.mx\/en\/wp-json\/wp\/v2\/product_cat?post=7268"},{"taxonomy":"product_tag","embeddable":true,"href":"https:\/\/instamedic.mx\/en\/wp-json\/wp\/v2\/product_tag?post=7268"}],"curies":[{"name":"wp","href":"https:\/\/api.w.org\/{rel}","templated":true}]}}