{"id":7272,"date":"2019-06-25T18:34:34","date_gmt":"2019-06-25T18:34:34","guid":{"rendered":"https:\/\/instamedic.mx\/?post_type=product&#038;p=7272"},"modified":"2024-01-02T22:02:39","modified_gmt":"2024-01-02T22:02:39","slug":"termohigrometro-de-beurer-hm-55","status":"publish","type":"product","link":"https:\/\/instamedic.mx\/en\/tienda-medica\/equipo-medico\/diagnostico\/termometros\/termohigrometro\/termohigrometro-de-beurer-hm-55\/","title":{"rendered":"Termohigr\u00f3metro de Beurer &#8211; HM 55"},"content":{"rendered":"<div class=\"item text-center\"><\/div>\n<div class=\"item text-center\"><\/div>\n<div class=\"item text-center\"><\/div>\n<table class=\"table table-responsive table-sm\">\n<tbody>\n<tr>\n<td><img decoding=\"async\" class=\"img-fluid\" title=\"\" src=\"https:\/\/pim.beurer.com\/images\/attribut\/Picto_wellbeing_humidity_display.svg\" width=\"75\" height=\"auto\" data-toggle=\"tooltip\" data-placement=\"top\" data-original-title=\"Indicaci\u00f3n en pantalla\" \/><strong>Indicaci\u00f3n en pantalla<\/strong><br \/>\nIndicaci\u00f3n de la hora, la temperatura y la humedad ambiental relativa actuales<\/td>\n<td>\n<div class=\"item text-center\"><img decoding=\"async\" class=\"img-fluid\" title=\"\" src=\"https:\/\/pim.beurer.com\/images\/attribut\/Picto_wellbeing_temperature_display.svg\" width=\"75\" height=\"auto\" data-toggle=\"tooltip\" data-placement=\"top\" data-original-title=\"Temperatura ambiente\" \/><strong>Temperatura ambiente<\/strong><br \/>\nIndicaci\u00f3n de la temperatura ambiente<\/div>\n<\/td>\n<\/tr>\n<tr>\n<td><img decoding=\"async\" class=\"img-fluid\" title=\"\" src=\"https:\/\/pim.beurer.com\/images\/attribut\/Picto_wellbeing_%C2%B0C%20_%C2%B0F_display.svg\" width=\"75\" height=\"auto\" data-toggle=\"tooltip\" data-placement=\"top\" data-original-title=\"Indicaci\u00f3n de temperatura\" \/><strong>Indicaci\u00f3n de temperatura<\/strong><br \/>\nIndicaci\u00f3n de la temperatura en la pantalla (\u00b0C\/\u00b0F)<\/td>\n<td><\/td>\n<\/tr>\n<\/tbody>\n<\/table>\n<p>&nbsp;<\/p>\n<table class=\"table table-responsive table-sm\">\n<tbody>\n<tr>\n<td>Denominaci\u00f3n del producto<\/td>\n<td>Termohigr\u00f3metro<\/td>\n<\/tr>\n<tr>\n<td>Indicaci\u00f3n de temperatura interior y exterior<\/td>\n<td>S\u00ed<\/td>\n<\/tr>\n<tr>\n<td>Posibilidad de montaje en la pared<\/td>\n<td>S\u00ed<\/td>\n<\/tr>\n<tr>\n<td>Pilas<\/td>\n<td>1 pila CR2025<\/td>\n<\/tr>\n<tr>\n<td>Potencia en vatios<\/td>\n<td>100 &#8211; 110<\/td>\n<\/tr>\n<tr>\n<td>Humedad relativa<\/td>\n<td>S\u00ed<\/td>\n<\/tr>\n<tr>\n<td>Indicaci\u00f3n con emoticonos<\/td>\n<td>S\u00ed<\/td>\n<\/tr>\n<tr>\n<td>Dimensiones del producto<\/td>\n<td>99 x 81 x 11 mm<\/td>\n<\/tr>\n<tr>\n<td>CE<\/td>\n<td>S\u00ed<\/td>\n<\/tr>\n<tr>\n<td>Garant\u00eda en a\u00f1os (Para obtener informaci\u00f3n sobre la garant\u00eda, consulte las instrucciones de uso.)<\/td>\n<td>3<\/td>\n<\/tr>\n<tr>\n<td>EAN<\/td>\n<td>4211125679156<\/td>\n<\/tr>\n<tr>\n<td>N\u00famero de art\u00edculo<\/td>\n<td>67915<\/td>\n<\/tr>\n<\/tbody>\n<\/table>","protected":false},"excerpt":{"rendered":"<section id=\"stage\" class=\"product-slider pim-slider\">\n<section class=\"headline top\">\n<h2>Termohigr\u00f3metro de Beurer &#8211; HM 55<\/h2>\n<p class=\"subline\">Su aire ambiente siempre controlado<\/p>\n<p>El termohigr\u00f3metro le ofrece el control perfecto del aire ambiente. Muestra la temperatura y la humedad. La pantalla con emoticonos le ayuda a clasificar los valores.<\/p>\n<ul>\n<li>Indicaci\u00f3n de temperatura y humedad<\/li>\n<li>Pantalla con emoticonos<\/li>\n<li>Termohigr\u00f3metro para poner de pie o colgar<\/li>\n<li>Indicaci\u00f3n m\u00e1xima\/m\u00ednima de la temperatura y la humedad relativa<\/li>\n<li>Indicaci\u00f3n con emoticonos<\/li>\n<li>Conmutable entre\u00a0\u00b0C\/\u00b0F<\/li>\n<li>Soporte abatible para la mesa y posibilidad de montaje en la pared<\/li>\n<\/ul>\n<\/section>\n<\/section>","protected":false},"featured_media":7276,"comment_status":"open","ping_status":"closed","template":"","meta":[],"wpc-collection":[],"product_brand":[],"product_cat":[92,94,171],"product_tag":[148,170],"yoast_head":"<!-- This site is optimized with the Yoast SEO Premium plugin v22.3 (Yoast SEO v22.4) - https:\/\/yoast.com\/wordpress\/plugins\/seo\/ -->\n<title>Termohigr\u00f3metro de Beurer - HM 55 | Instamedic<\/title>\n<meta name=\"robots\" content=\"index, follow, max-snippet:-1, max-image-preview:large, max-video-preview:-1\" \/>\n<link rel=\"canonical\" href=\"https:\/\/instamedic.mx\/en\/tienda-medica\/equipo-medico\/diagnostico\/termometros\/termohigrometro\/termohigrometro-de-beurer-hm-55\/\" \/>\n<meta property=\"og:locale\" content=\"en_US\" \/>\n<meta property=\"og:type\" content=\"article\" \/>\n<meta property=\"og:title\" content=\"Termohigr\u00f3metro de Beurer - HM 55\" \/>\n<meta property=\"og:description\" content=\"Termohigr\u00f3metro de Beurer - HM 55 Su aire ambiente siempre controlado El termohigr\u00f3metro le ofrece el control perfecto del aire ambiente. Muestra la temperatura y la humedad. La pantalla con emoticonos le ayuda a clasificar los valores.   Indicaci\u00f3n de temperatura y humedad  Pantalla con emoticonos  Termohigr\u00f3metro para poner de pie o colgar  Indicaci\u00f3n m\u00e1xima\/m\u00ednima de la temperatura y la humedad relativa  Indicaci\u00f3n con emoticonos  Conmutable entre\u00a0\u00b0C\/\u00b0F  Soporte abatible para la mesa y posibilidad de montaje en la pared\" \/>\n<meta property=\"og:url\" content=\"https:\/\/instamedic.mx\/en\/tienda-medica\/equipo-medico\/diagnostico\/termometros\/termohigrometro\/termohigrometro-de-beurer-hm-55\/\" \/>\n<meta property=\"og:site_name\" content=\"Instamedic\" \/>\n<meta property=\"article:publisher\" content=\"https:\/\/www.facebook.com\/instamedicmx\" \/>\n<meta property=\"article:modified_time\" content=\"2024-01-02T22:02:39+00:00\" \/>\n<meta property=\"og:image\" content=\"https:\/\/instamedic.mx\/wp-content\/uploads\/2019\/06\/Termohigr\u00f3metro-de-Beurer-HM-55.jpg\" \/>\n\t<meta property=\"og:image:width\" content=\"1500\" \/>\n\t<meta property=\"og:image:height\" content=\"1500\" \/>\n\t<meta property=\"og:image:type\" content=\"image\/jpeg\" \/>\n<meta name=\"twitter:card\" content=\"summary_large_image\" \/>\n<meta name=\"twitter:label1\" content=\"Est. reading time\" \/>\n\t<meta name=\"twitter:data1\" content=\"2 minutes\" \/>\n<script type=\"application\/ld+json\" class=\"yoast-schema-graph\">{\"@context\":\"https:\/\/schema.org\",\"@graph\":[{\"@type\":\"WebPage\",\"@id\":\"https:\/\/instamedic.mx\/tienda-medica\/equipo-medico\/diagnostico\/termometros\/termohigrometro\/termohigrometro-de-beurer-hm-55\/\",\"url\":\"https:\/\/instamedic.mx\/tienda-medica\/equipo-medico\/diagnostico\/termometros\/termohigrometro\/termohigrometro-de-beurer-hm-55\/\",\"name\":\"Termohigr\u00f3metro de Beurer - HM 55 | Instamedic\",\"isPartOf\":{\"@id\":\"https:\/\/instamedic.mx\/#website\"},\"primaryImageOfPage\":{\"@id\":\"https:\/\/instamedic.mx\/tienda-medica\/equipo-medico\/diagnostico\/termometros\/termohigrometro\/termohigrometro-de-beurer-hm-55\/#primaryimage\"},\"image\":{\"@id\":\"https:\/\/instamedic.mx\/tienda-medica\/equipo-medico\/diagnostico\/termometros\/termohigrometro\/termohigrometro-de-beurer-hm-55\/#primaryimage\"},\"thumbnailUrl\":\"https:\/\/instamedic.mx\/wp-content\/uploads\/2019\/06\/Termohigr\u00f3metro-de-Beurer-HM-55.jpg\",\"datePublished\":\"2019-06-25T18:34:34+00:00\",\"dateModified\":\"2024-01-02T22:02:39+00:00\",\"breadcrumb\":{\"@id\":\"https:\/\/instamedic.mx\/tienda-medica\/equipo-medico\/diagnostico\/termometros\/termohigrometro\/termohigrometro-de-beurer-hm-55\/#breadcrumb\"},\"inLanguage\":\"en-US\",\"potentialAction\":[{\"@type\":\"ReadAction\",\"target\":[\"https:\/\/instamedic.mx\/tienda-medica\/equipo-medico\/diagnostico\/termometros\/termohigrometro\/termohigrometro-de-beurer-hm-55\/\"]}]},{\"@type\":\"ImageObject\",\"inLanguage\":\"en-US\",\"@id\":\"https:\/\/instamedic.mx\/tienda-medica\/equipo-medico\/diagnostico\/termometros\/termohigrometro\/termohigrometro-de-beurer-hm-55\/#primaryimage\",\"url\":\"https:\/\/instamedic.mx\/wp-content\/uploads\/2019\/06\/Termohigr\u00f3metro-de-Beurer-HM-55.jpg\",\"contentUrl\":\"https:\/\/instamedic.mx\/wp-content\/uploads\/2019\/06\/Termohigr\u00f3metro-de-Beurer-HM-55.jpg\",\"width\":1500,\"height\":1500},{\"@type\":\"BreadcrumbList\",\"@id\":\"https:\/\/instamedic.mx\/tienda-medica\/equipo-medico\/diagnostico\/termometros\/termohigrometro\/termohigrometro-de-beurer-hm-55\/#breadcrumb\",\"itemListElement\":[{\"@type\":\"ListItem\",\"position\":1,\"name\":\"Inicio\",\"item\":\"https:\/\/instamedic.mx\/\"},{\"@type\":\"ListItem\",\"position\":2,\"name\":\"Tienda m\u00e9dica\",\"item\":\"https:\/\/instamedic.mx\/tienda-medica\/\"},{\"@type\":\"ListItem\",\"position\":3,\"name\":\"Termohigr\u00f3metro de Beurer &#8211; HM 55\"}]},{\"@type\":\"WebSite\",\"@id\":\"https:\/\/instamedic.mx\/#website\",\"url\":\"https:\/\/instamedic.mx\/\",\"name\":\"INSTAMEDIC\",\"description\":\"Venta de equipo m\u00e9dico, instrumental y uniformes quirpurgicos\",\"publisher\":{\"@id\":\"https:\/\/instamedic.mx\/#organization\"},\"potentialAction\":[{\"@type\":\"SearchAction\",\"target\":{\"@type\":\"EntryPoint\",\"urlTemplate\":\"https:\/\/instamedic.mx\/?s={search_term_string}\"},\"query-input\":\"required name=search_term_string\"}],\"inLanguage\":\"en-US\"},{\"@type\":\"Organization\",\"@id\":\"https:\/\/instamedic.mx\/#organization\",\"name\":\"INSTAMEDIC\",\"url\":\"https:\/\/instamedic.mx\/\",\"logo\":{\"@type\":\"ImageObject\",\"inLanguage\":\"en-US\",\"@id\":\"https:\/\/instamedic.mx\/#\/schema\/logo\/image\/\",\"url\":\"https:\/\/instamedic.mx\/wp-content\/uploads\/2024\/02\/Logo-instamedic.png\",\"contentUrl\":\"https:\/\/instamedic.mx\/wp-content\/uploads\/2024\/02\/Logo-instamedic.png\",\"width\":500,\"height\":500,\"caption\":\"INSTAMEDIC\"},\"image\":{\"@id\":\"https:\/\/instamedic.mx\/#\/schema\/logo\/image\/\"},\"sameAs\":[\"https:\/\/www.facebook.com\/instamedicmx\",\"https:\/\/www.instagram.com\/instamedic_mx\/\"],\"email\":\"info@instamedic.mx\",\"telephone\":\"8713426247\"}]}<\/script>\n<!-- \/ Yoast SEO Premium plugin. -->","yoast_head_json":{"title":"Termohigr\u00f3metro de Beurer - HM 55 | Instamedic","robots":{"index":"index","follow":"follow","max-snippet":"max-snippet:-1","max-image-preview":"max-image-preview:large","max-video-preview":"max-video-preview:-1"},"canonical":"https:\/\/instamedic.mx\/en\/tienda-medica\/equipo-medico\/diagnostico\/termometros\/termohigrometro\/termohigrometro-de-beurer-hm-55\/","og_locale":"en_US","og_type":"article","og_title":"Termohigr\u00f3metro de Beurer - HM 55","og_description":"Termohigr\u00f3metro de Beurer - HM 55 Su aire ambiente siempre controlado El termohigr\u00f3metro le ofrece el control perfecto del aire ambiente. Muestra la temperatura y la humedad. La pantalla con emoticonos le ayuda a clasificar los valores.   Indicaci\u00f3n de temperatura y humedad  Pantalla con emoticonos  Termohigr\u00f3metro para poner de pie o colgar  Indicaci\u00f3n m\u00e1xima\/m\u00ednima de la temperatura y la humedad relativa  Indicaci\u00f3n con emoticonos  Conmutable entre\u00a0\u00b0C\/\u00b0F  Soporte abatible para la mesa y posibilidad de montaje en la pared","og_url":"https:\/\/instamedic.mx\/en\/tienda-medica\/equipo-medico\/diagnostico\/termometros\/termohigrometro\/termohigrometro-de-beurer-hm-55\/","og_site_name":"Instamedic","article_publisher":"https:\/\/www.facebook.com\/instamedicmx","article_modified_time":"2024-01-02T22:02:39+00:00","og_image":[{"width":1500,"height":1500,"url":"https:\/\/instamedic.mx\/wp-content\/uploads\/2019\/06\/Termohigr\u00f3metro-de-Beurer-HM-55.jpg","type":"image\/jpeg"}],"twitter_card":"summary_large_image","twitter_misc":{"Est. reading time":"2 minutes"},"schema":{"@context":"https:\/\/schema.org","@graph":[{"@type":"WebPage","@id":"https:\/\/instamedic.mx\/tienda-medica\/equipo-medico\/diagnostico\/termometros\/termohigrometro\/termohigrometro-de-beurer-hm-55\/","url":"https:\/\/instamedic.mx\/tienda-medica\/equipo-medico\/diagnostico\/termometros\/termohigrometro\/termohigrometro-de-beurer-hm-55\/","name":"Termohigr\u00f3metro de Beurer - HM 55 | Instamedic","isPartOf":{"@id":"https:\/\/instamedic.mx\/#website"},"primaryImageOfPage":{"@id":"https:\/\/instamedic.mx\/tienda-medica\/equipo-medico\/diagnostico\/termometros\/termohigrometro\/termohigrometro-de-beurer-hm-55\/#primaryimage"},"image":{"@id":"https:\/\/instamedic.mx\/tienda-medica\/equipo-medico\/diagnostico\/termometros\/termohigrometro\/termohigrometro-de-beurer-hm-55\/#primaryimage"},"thumbnailUrl":"https:\/\/instamedic.mx\/wp-content\/uploads\/2019\/06\/Termohigr\u00f3metro-de-Beurer-HM-55.jpg","datePublished":"2019-06-25T18:34:34+00:00","dateModified":"2024-01-02T22:02:39+00:00","breadcrumb":{"@id":"https:\/\/instamedic.mx\/tienda-medica\/equipo-medico\/diagnostico\/termometros\/termohigrometro\/termohigrometro-de-beurer-hm-55\/#breadcrumb"},"inLanguage":"en-US","potentialAction":[{"@type":"ReadAction","target":["https:\/\/instamedic.mx\/tienda-medica\/equipo-medico\/diagnostico\/termometros\/termohigrometro\/termohigrometro-de-beurer-hm-55\/"]}]},{"@type":"ImageObject","inLanguage":"en-US","@id":"https:\/\/instamedic.mx\/tienda-medica\/equipo-medico\/diagnostico\/termometros\/termohigrometro\/termohigrometro-de-beurer-hm-55\/#primaryimage","url":"https:\/\/instamedic.mx\/wp-content\/uploads\/2019\/06\/Termohigr\u00f3metro-de-Beurer-HM-55.jpg","contentUrl":"https:\/\/instamedic.mx\/wp-content\/uploads\/2019\/06\/Termohigr\u00f3metro-de-Beurer-HM-55.jpg","width":1500,"height":1500},{"@type":"BreadcrumbList","@id":"https:\/\/instamedic.mx\/tienda-medica\/equipo-medico\/diagnostico\/termometros\/termohigrometro\/termohigrometro-de-beurer-hm-55\/#breadcrumb","itemListElement":[{"@type":"ListItem","position":1,"name":"Inicio","item":"https:\/\/instamedic.mx\/"},{"@type":"ListItem","position":2,"name":"Tienda m\u00e9dica","item":"https:\/\/instamedic.mx\/tienda-medica\/"},{"@type":"ListItem","position":3,"name":"Termohigr\u00f3metro de Beurer &#8211; HM 55"}]},{"@type":"WebSite","@id":"https:\/\/instamedic.mx\/#website","url":"https:\/\/instamedic.mx\/","name":"INSTAMEDIC","description":"Venta de equipo m\u00e9dico, instrumental y uniformes quirpurgicos","publisher":{"@id":"https:\/\/instamedic.mx\/#organization"},"potentialAction":[{"@type":"SearchAction","target":{"@type":"EntryPoint","urlTemplate":"https:\/\/instamedic.mx\/?s={search_term_string}"},"query-input":"required name=search_term_string"}],"inLanguage":"en-US"},{"@type":"Organization","@id":"https:\/\/instamedic.mx\/#organization","name":"INSTAMEDIC","url":"https:\/\/instamedic.mx\/","logo":{"@type":"ImageObject","inLanguage":"en-US","@id":"https:\/\/instamedic.mx\/#\/schema\/logo\/image\/","url":"https:\/\/instamedic.mx\/wp-content\/uploads\/2024\/02\/Logo-instamedic.png","contentUrl":"https:\/\/instamedic.mx\/wp-content\/uploads\/2024\/02\/Logo-instamedic.png","width":500,"height":500,"caption":"INSTAMEDIC"},"image":{"@id":"https:\/\/instamedic.mx\/#\/schema\/logo\/image\/"},"sameAs":["https:\/\/www.facebook.com\/instamedicmx","https:\/\/www.instagram.com\/instamedic_mx\/"],"email":"info@instamedic.mx","telephone":"8713426247"}]}},"jetpack_sharing_enabled":true,"_links":{"self":[{"href":"https:\/\/instamedic.mx\/en\/wp-json\/wp\/v2\/product\/7272"}],"collection":[{"href":"https:\/\/instamedic.mx\/en\/wp-json\/wp\/v2\/product"}],"about":[{"href":"https:\/\/instamedic.mx\/en\/wp-json\/wp\/v2\/types\/product"}],"replies":[{"embeddable":true,"href":"https:\/\/instamedic.mx\/en\/wp-json\/wp\/v2\/comments?post=7272"}],"version-history":[{"count":1,"href":"https:\/\/instamedic.mx\/en\/wp-json\/wp\/v2\/product\/7272\/revisions"}],"predecessor-version":[{"id":22833,"href":"https:\/\/instamedic.mx\/en\/wp-json\/wp\/v2\/product\/7272\/revisions\/22833"}],"wp:featuredmedia":[{"embeddable":true,"href":"https:\/\/instamedic.mx\/en\/wp-json\/wp\/v2\/media\/7276"}],"wp:attachment":[{"href":"https:\/\/instamedic.mx\/en\/wp-json\/wp\/v2\/media?parent=7272"}],"wp:term":[{"taxonomy":"wpc-collection","embeddable":true,"href":"https:\/\/instamedic.mx\/en\/wp-json\/wp\/v2\/wpc-collection?post=7272"},{"taxonomy":"product_brand","embeddable":true,"href":"https:\/\/instamedic.mx\/en\/wp-json\/wp\/v2\/product_brand?post=7272"},{"taxonomy":"product_cat","embeddable":true,"href":"https:\/\/instamedic.mx\/en\/wp-json\/wp\/v2\/product_cat?post=7272"},{"taxonomy":"product_tag","embeddable":true,"href":"https:\/\/instamedic.mx\/en\/wp-json\/wp\/v2\/product_tag?post=7272"}],"curies":[{"name":"wp","href":"https:\/\/api.w.org\/{rel}","templated":true}]}}