{"id":7282,"date":"2019-06-25T19:00:55","date_gmt":"2019-06-25T19:00:55","guid":{"rendered":"https:\/\/instamedic.mx\/?post_type=product&#038;p=7282"},"modified":"2023-10-12T00:27:09","modified_gmt":"2023-10-12T00:27:09","slug":"aparato-de-masaje-con-infrarrojos-de-beurer-mg-70","status":"publish","type":"product","link":"https:\/\/instamedic.mx\/en\/tienda-medica\/equipo-medico\/masajes\/aparato-de-masaje-con-infrarrojos-de-beurer-mg-70\/","title":{"rendered":"Aparato de masaje con infrarrojos de Beurer &#8211; MG 70"},"content":{"rendered":"<p>&nbsp;<\/p>\n<table class=\"table table-responsive table-sm\">\n<tbody>\n<tr>\n<td><img decoding=\"async\" class=\"img-fluid\" title=\"\" src=\"https:\/\/pim.beurer.com\/images\/attribut\/Picto_wellbeing_2attachments.svg\" width=\"75\" height=\"auto\" data-toggle=\"tooltip\" data-placement=\"top\" data-original-title=\"Accesorios\" \/><strong>Accesorios<\/strong><br \/>\n2 accesorios de masaje intercambiables (accesorio suave, accesorio de botones)<\/td>\n<td><img decoding=\"async\" class=\"img-fluid\" title=\"\" src=\"https:\/\/pim.beurer.com\/images\/attribut\/Picto_wellbeing_tapping_massage.jpg\" width=\"75\" height=\"auto\" data-toggle=\"tooltip\" data-placement=\"top\" data-original-title=\"Masaje por golpeteo\" \/><strong>Masaje por golpeteo<\/strong><br \/>\nMediante intensos y r\u00edtmicos movimientos de golpeteo, este tipo de masaje llega a las capas m\u00e1s profundas de los m\u00fasculos y garantiza as\u00ed una profunda relajaci\u00f3n<\/td>\n<\/tr>\n<tr>\n<td><img decoding=\"async\" class=\"img-fluid\" title=\"\" src=\"https:\/\/pim.beurer.com\/images\/attribut\/Picto_wellbeing_2attachments.svg\" width=\"75\" height=\"auto\" data-toggle=\"tooltip\" data-placement=\"top\" data-original-title=\"Accesorios\" \/><strong>Accesorios<\/strong><br \/>\n2 accesorios de masaje intercambiables (accesorio suave, accesorio de botones)<\/td>\n<td><img decoding=\"async\" class=\"img-fluid\" title=\"\" src=\"https:\/\/pim.beurer.com\/images\/attribut\/Picto_wellbeing_adjustable_intensity.svg\" width=\"75\" height=\"auto\" data-toggle=\"tooltip\" data-placement=\"top\" data-original-title=\"Intensidad de masaje\" \/><strong>Intensidad de masaje<\/strong><br \/>\nRegulaci\u00f3n continua<\/td>\n<\/tr>\n<\/tbody>\n<\/table>\n<p>&nbsp;<\/p>\n<table class=\"table table-responsive table-sm\">\n<tbody>\n<tr>\n<td>Denominaci\u00f3n del producto<\/td>\n<td>Aparato de masaje con infrarrojos<\/td>\n<\/tr>\n<tr>\n<td>N\u00famero de accesorios de masaje<\/td>\n<td>2<\/td>\n<\/tr>\n<tr>\n<td>Niveles de funcionamiento<\/td>\n<td>2<\/td>\n<\/tr>\n<tr>\n<td>Calor por infrarrojos<\/td>\n<td>S\u00ed<\/td>\n<\/tr>\n<tr>\n<td>Potencia en vatios<\/td>\n<td>35<\/td>\n<\/tr>\n<tr>\n<td>Tipo de masaje<\/td>\n<td>Masaje por golpeteo<\/td>\n<\/tr>\n<tr>\n<td>Material de la cara inferior<\/td>\n<td>soft, breathable cotton<\/td>\n<\/tr>\n<tr>\n<td>Dimensiones del producto<\/td>\n<td>152 x 72 cm<\/td>\n<\/tr>\n<tr>\n<td>CE<\/td>\n<td>S\u00ed<\/td>\n<\/tr>\n<tr>\n<td>Garant\u00eda en a\u00f1os (Para obtener informaci\u00f3n sobre la garant\u00eda, consulte las instrucciones de uso.)<\/td>\n<td>3<\/td>\n<\/tr>\n<tr>\n<td>EAN<\/td>\n<td>4211125649012<\/td>\n<\/tr>\n<tr>\n<td>N\u00famero de art\u00edculo<\/td>\n<td>64901<\/td>\n<\/tr>\n<\/tbody>\n<\/table>\n<p>&nbsp;<\/p>","protected":false},"excerpt":{"rendered":"<h1>Aparato de masaje con infrarrojos de Beurer &#8211; MG 70<\/h1>\n<p class=\"subline\">Reconfortante para todo el cuerpo<\/p>\n<p>Masajeador Beurer MG70<\/p>\n<p>El aparato de masaje con infrarrojos le ayuda a relajarse con el masaje por golpeteo de efecto profundo.<br \/>\nEl calor por infrarrojos se puede activar. El mango desmontable permite el uso vers\u00e1til del aparato.<\/p>\n<p>Masaje relajante por golpeteo de efecto profundo<br \/>\nAplicaci\u00f3n vers\u00e1til gracias al mango desmontable<br \/>\nIntensidad de masaje de regulaci\u00f3n continua<br \/>\nCalor por infrarrojos, activable<br \/>\n2 accesorios de masaje intercambiables (1 accesorio suave, 1 accesorio de botones)<br \/>\n2 niveles de funcionamiento (masaje por golpeteo, masaje por golpeteo con calor por infrarrojos)<br \/>\nMango desmontable y antideslizante con superficie soft touch<\/p>","protected":false},"featured_media":22266,"comment_status":"open","ping_status":"closed","template":"","meta":[],"wpc-collection":[],"product_brand":[],"product_cat":[172],"product_tag":[148,173],"yoast_head":"<!-- This site is optimized with the Yoast SEO Premium plugin v22.3 (Yoast SEO v22.4) - https:\/\/yoast.com\/wordpress\/plugins\/seo\/ -->\n<title>Aparato de masaje con infrarrojos de Beurer - MG 70 | Instamedic<\/title>\n<meta name=\"robots\" content=\"index, follow, max-snippet:-1, max-image-preview:large, max-video-preview:-1\" \/>\n<link rel=\"canonical\" href=\"https:\/\/instamedic.mx\/en\/tienda-medica\/equipo-medico\/masajes\/aparato-de-masaje-con-infrarrojos-de-beurer-mg-70\/\" \/>\n<meta property=\"og:locale\" content=\"en_US\" \/>\n<meta property=\"og:type\" content=\"article\" \/>\n<meta property=\"og:title\" content=\"Aparato de masaje con infrarrojos de Beurer - MG 70\" \/>\n<meta property=\"og:description\" content=\"Aparato de masaje con infrarrojos de Beurer - MG 70 Reconfortante para todo el cuerpo Masajeador Beurer MG70  El aparato de masaje con infrarrojos le ayuda a relajarse con el masaje por golpeteo de efecto profundo. El calor por infrarrojos se puede activar. El mango desmontable permite el uso vers\u00e1til del aparato.  Masaje relajante por golpeteo de efecto profundo Aplicaci\u00f3n vers\u00e1til gracias al mango desmontable Intensidad de masaje de regulaci\u00f3n continua Calor por infrarrojos, activable 2 accesorios de masaje intercambiables (1 accesorio suave, 1 accesorio de botones) 2 niveles de funcionamiento (masaje por golpeteo, masaje por golpeteo con calor por infrarrojos) Mango desmontable y antideslizante con superficie soft touch\" \/>\n<meta property=\"og:url\" content=\"https:\/\/instamedic.mx\/en\/tienda-medica\/equipo-medico\/masajes\/aparato-de-masaje-con-infrarrojos-de-beurer-mg-70\/\" \/>\n<meta property=\"og:site_name\" content=\"Instamedic\" \/>\n<meta property=\"article:publisher\" content=\"https:\/\/www.facebook.com\/instamedicmx\" \/>\n<meta property=\"article:modified_time\" content=\"2023-10-12T00:27:09+00:00\" \/>\n<meta property=\"og:image\" content=\"https:\/\/instamedic.mx\/wp-content\/uploads\/2019\/06\/Aparato-de-Masaje-MG70-por-Golpeteo-de-Doble-Funcion-Opcion-de-Calor-Infrarrojo-y-Antideslizante-con-Superficie-Soft-Touch-MG70-Marca-Beurer.webp\" \/>\n\t<meta property=\"og:image:width\" content=\"800\" \/>\n\t<meta property=\"og:image:height\" content=\"800\" \/>\n\t<meta property=\"og:image:type\" content=\"image\/webp\" \/>\n<meta name=\"twitter:card\" content=\"summary_large_image\" \/>\n<meta name=\"twitter:label1\" content=\"Est. reading time\" \/>\n\t<meta name=\"twitter:data1\" content=\"2 minutes\" \/>\n<script type=\"application\/ld+json\" class=\"yoast-schema-graph\">{\"@context\":\"https:\/\/schema.org\",\"@graph\":[{\"@type\":\"WebPage\",\"@id\":\"https:\/\/instamedic.mx\/tienda-medica\/equipo-medico\/masajes\/aparato-de-masaje-con-infrarrojos-de-beurer-mg-70\/\",\"url\":\"https:\/\/instamedic.mx\/tienda-medica\/equipo-medico\/masajes\/aparato-de-masaje-con-infrarrojos-de-beurer-mg-70\/\",\"name\":\"Aparato de masaje con infrarrojos de Beurer - MG 70 | Instamedic\",\"isPartOf\":{\"@id\":\"https:\/\/instamedic.mx\/#website\"},\"primaryImageOfPage\":{\"@id\":\"https:\/\/instamedic.mx\/tienda-medica\/equipo-medico\/masajes\/aparato-de-masaje-con-infrarrojos-de-beurer-mg-70\/#primaryimage\"},\"image\":{\"@id\":\"https:\/\/instamedic.mx\/tienda-medica\/equipo-medico\/masajes\/aparato-de-masaje-con-infrarrojos-de-beurer-mg-70\/#primaryimage\"},\"thumbnailUrl\":\"https:\/\/instamedic.mx\/wp-content\/uploads\/2019\/06\/Aparato-de-Masaje-MG70-por-Golpeteo-de-Doble-Funcion-Opcion-de-Calor-Infrarrojo-y-Antideslizante-con-Superficie-Soft-Touch-MG70-Marca-Beurer.webp\",\"datePublished\":\"2019-06-25T19:00:55+00:00\",\"dateModified\":\"2023-10-12T00:27:09+00:00\",\"breadcrumb\":{\"@id\":\"https:\/\/instamedic.mx\/tienda-medica\/equipo-medico\/masajes\/aparato-de-masaje-con-infrarrojos-de-beurer-mg-70\/#breadcrumb\"},\"inLanguage\":\"en-US\",\"potentialAction\":[{\"@type\":\"ReadAction\",\"target\":[\"https:\/\/instamedic.mx\/tienda-medica\/equipo-medico\/masajes\/aparato-de-masaje-con-infrarrojos-de-beurer-mg-70\/\"]}]},{\"@type\":\"ImageObject\",\"inLanguage\":\"en-US\",\"@id\":\"https:\/\/instamedic.mx\/tienda-medica\/equipo-medico\/masajes\/aparato-de-masaje-con-infrarrojos-de-beurer-mg-70\/#primaryimage\",\"url\":\"https:\/\/instamedic.mx\/wp-content\/uploads\/2019\/06\/Aparato-de-Masaje-MG70-por-Golpeteo-de-Doble-Funcion-Opcion-de-Calor-Infrarrojo-y-Antideslizante-con-Superficie-Soft-Touch-MG70-Marca-Beurer.webp\",\"contentUrl\":\"https:\/\/instamedic.mx\/wp-content\/uploads\/2019\/06\/Aparato-de-Masaje-MG70-por-Golpeteo-de-Doble-Funcion-Opcion-de-Calor-Infrarrojo-y-Antideslizante-con-Superficie-Soft-Touch-MG70-Marca-Beurer.webp\",\"width\":800,\"height\":800,\"caption\":\"Aparato de masaje con infrarrojos de Beurer \u2013 MG 70\"},{\"@type\":\"BreadcrumbList\",\"@id\":\"https:\/\/instamedic.mx\/tienda-medica\/equipo-medico\/masajes\/aparato-de-masaje-con-infrarrojos-de-beurer-mg-70\/#breadcrumb\",\"itemListElement\":[{\"@type\":\"ListItem\",\"position\":1,\"name\":\"Inicio\",\"item\":\"https:\/\/instamedic.mx\/\"},{\"@type\":\"ListItem\",\"position\":2,\"name\":\"Tienda m\u00e9dica\",\"item\":\"https:\/\/instamedic.mx\/tienda-medica\/\"},{\"@type\":\"ListItem\",\"position\":3,\"name\":\"Aparato de masaje con infrarrojos de Beurer &#8211; MG 70\"}]},{\"@type\":\"WebSite\",\"@id\":\"https:\/\/instamedic.mx\/#website\",\"url\":\"https:\/\/instamedic.mx\/\",\"name\":\"INSTAMEDIC\",\"description\":\"Venta de equipo m\u00e9dico, instrumental y uniformes quirpurgicos\",\"publisher\":{\"@id\":\"https:\/\/instamedic.mx\/#organization\"},\"potentialAction\":[{\"@type\":\"SearchAction\",\"target\":{\"@type\":\"EntryPoint\",\"urlTemplate\":\"https:\/\/instamedic.mx\/?s={search_term_string}\"},\"query-input\":\"required name=search_term_string\"}],\"inLanguage\":\"en-US\"},{\"@type\":\"Organization\",\"@id\":\"https:\/\/instamedic.mx\/#organization\",\"name\":\"INSTAMEDIC\",\"url\":\"https:\/\/instamedic.mx\/\",\"logo\":{\"@type\":\"ImageObject\",\"inLanguage\":\"en-US\",\"@id\":\"https:\/\/instamedic.mx\/#\/schema\/logo\/image\/\",\"url\":\"https:\/\/instamedic.mx\/wp-content\/uploads\/2024\/02\/Logo-instamedic.png\",\"contentUrl\":\"https:\/\/instamedic.mx\/wp-content\/uploads\/2024\/02\/Logo-instamedic.png\",\"width\":500,\"height\":500,\"caption\":\"INSTAMEDIC\"},\"image\":{\"@id\":\"https:\/\/instamedic.mx\/#\/schema\/logo\/image\/\"},\"sameAs\":[\"https:\/\/www.facebook.com\/instamedicmx\",\"https:\/\/www.instagram.com\/instamedic_mx\/\"],\"email\":\"info@instamedic.mx\",\"telephone\":\"8713426247\"}]}<\/script>\n<!-- \/ Yoast SEO Premium plugin. -->","yoast_head_json":{"title":"Aparato de masaje con infrarrojos de Beurer - MG 70 | Instamedic","robots":{"index":"index","follow":"follow","max-snippet":"max-snippet:-1","max-image-preview":"max-image-preview:large","max-video-preview":"max-video-preview:-1"},"canonical":"https:\/\/instamedic.mx\/en\/tienda-medica\/equipo-medico\/masajes\/aparato-de-masaje-con-infrarrojos-de-beurer-mg-70\/","og_locale":"en_US","og_type":"article","og_title":"Aparato de masaje con infrarrojos de Beurer - MG 70","og_description":"Aparato de masaje con infrarrojos de Beurer - MG 70 Reconfortante para todo el cuerpo Masajeador Beurer MG70  El aparato de masaje con infrarrojos le ayuda a relajarse con el masaje por golpeteo de efecto profundo. El calor por infrarrojos se puede activar. El mango desmontable permite el uso vers\u00e1til del aparato.  Masaje relajante por golpeteo de efecto profundo Aplicaci\u00f3n vers\u00e1til gracias al mango desmontable Intensidad de masaje de regulaci\u00f3n continua Calor por infrarrojos, activable 2 accesorios de masaje intercambiables (1 accesorio suave, 1 accesorio de botones) 2 niveles de funcionamiento (masaje por golpeteo, masaje por golpeteo con calor por infrarrojos) Mango desmontable y antideslizante con superficie soft touch","og_url":"https:\/\/instamedic.mx\/en\/tienda-medica\/equipo-medico\/masajes\/aparato-de-masaje-con-infrarrojos-de-beurer-mg-70\/","og_site_name":"Instamedic","article_publisher":"https:\/\/www.facebook.com\/instamedicmx","article_modified_time":"2023-10-12T00:27:09+00:00","og_image":[{"width":800,"height":800,"url":"https:\/\/instamedic.mx\/wp-content\/uploads\/2019\/06\/Aparato-de-Masaje-MG70-por-Golpeteo-de-Doble-Funcion-Opcion-de-Calor-Infrarrojo-y-Antideslizante-con-Superficie-Soft-Touch-MG70-Marca-Beurer.webp","type":"image\/webp"}],"twitter_card":"summary_large_image","twitter_misc":{"Est. reading time":"2 minutes"},"schema":{"@context":"https:\/\/schema.org","@graph":[{"@type":"WebPage","@id":"https:\/\/instamedic.mx\/tienda-medica\/equipo-medico\/masajes\/aparato-de-masaje-con-infrarrojos-de-beurer-mg-70\/","url":"https:\/\/instamedic.mx\/tienda-medica\/equipo-medico\/masajes\/aparato-de-masaje-con-infrarrojos-de-beurer-mg-70\/","name":"Aparato de masaje con infrarrojos de Beurer - MG 70 | Instamedic","isPartOf":{"@id":"https:\/\/instamedic.mx\/#website"},"primaryImageOfPage":{"@id":"https:\/\/instamedic.mx\/tienda-medica\/equipo-medico\/masajes\/aparato-de-masaje-con-infrarrojos-de-beurer-mg-70\/#primaryimage"},"image":{"@id":"https:\/\/instamedic.mx\/tienda-medica\/equipo-medico\/masajes\/aparato-de-masaje-con-infrarrojos-de-beurer-mg-70\/#primaryimage"},"thumbnailUrl":"https:\/\/instamedic.mx\/wp-content\/uploads\/2019\/06\/Aparato-de-Masaje-MG70-por-Golpeteo-de-Doble-Funcion-Opcion-de-Calor-Infrarrojo-y-Antideslizante-con-Superficie-Soft-Touch-MG70-Marca-Beurer.webp","datePublished":"2019-06-25T19:00:55+00:00","dateModified":"2023-10-12T00:27:09+00:00","breadcrumb":{"@id":"https:\/\/instamedic.mx\/tienda-medica\/equipo-medico\/masajes\/aparato-de-masaje-con-infrarrojos-de-beurer-mg-70\/#breadcrumb"},"inLanguage":"en-US","potentialAction":[{"@type":"ReadAction","target":["https:\/\/instamedic.mx\/tienda-medica\/equipo-medico\/masajes\/aparato-de-masaje-con-infrarrojos-de-beurer-mg-70\/"]}]},{"@type":"ImageObject","inLanguage":"en-US","@id":"https:\/\/instamedic.mx\/tienda-medica\/equipo-medico\/masajes\/aparato-de-masaje-con-infrarrojos-de-beurer-mg-70\/#primaryimage","url":"https:\/\/instamedic.mx\/wp-content\/uploads\/2019\/06\/Aparato-de-Masaje-MG70-por-Golpeteo-de-Doble-Funcion-Opcion-de-Calor-Infrarrojo-y-Antideslizante-con-Superficie-Soft-Touch-MG70-Marca-Beurer.webp","contentUrl":"https:\/\/instamedic.mx\/wp-content\/uploads\/2019\/06\/Aparato-de-Masaje-MG70-por-Golpeteo-de-Doble-Funcion-Opcion-de-Calor-Infrarrojo-y-Antideslizante-con-Superficie-Soft-Touch-MG70-Marca-Beurer.webp","width":800,"height":800,"caption":"Aparato de masaje con infrarrojos de Beurer \u2013 MG 70"},{"@type":"BreadcrumbList","@id":"https:\/\/instamedic.mx\/tienda-medica\/equipo-medico\/masajes\/aparato-de-masaje-con-infrarrojos-de-beurer-mg-70\/#breadcrumb","itemListElement":[{"@type":"ListItem","position":1,"name":"Inicio","item":"https:\/\/instamedic.mx\/"},{"@type":"ListItem","position":2,"name":"Tienda m\u00e9dica","item":"https:\/\/instamedic.mx\/tienda-medica\/"},{"@type":"ListItem","position":3,"name":"Aparato de masaje con infrarrojos de Beurer &#8211; MG 70"}]},{"@type":"WebSite","@id":"https:\/\/instamedic.mx\/#website","url":"https:\/\/instamedic.mx\/","name":"INSTAMEDIC","description":"Venta de equipo m\u00e9dico, instrumental y uniformes quirpurgicos","publisher":{"@id":"https:\/\/instamedic.mx\/#organization"},"potentialAction":[{"@type":"SearchAction","target":{"@type":"EntryPoint","urlTemplate":"https:\/\/instamedic.mx\/?s={search_term_string}"},"query-input":"required name=search_term_string"}],"inLanguage":"en-US"},{"@type":"Organization","@id":"https:\/\/instamedic.mx\/#organization","name":"INSTAMEDIC","url":"https:\/\/instamedic.mx\/","logo":{"@type":"ImageObject","inLanguage":"en-US","@id":"https:\/\/instamedic.mx\/#\/schema\/logo\/image\/","url":"https:\/\/instamedic.mx\/wp-content\/uploads\/2024\/02\/Logo-instamedic.png","contentUrl":"https:\/\/instamedic.mx\/wp-content\/uploads\/2024\/02\/Logo-instamedic.png","width":500,"height":500,"caption":"INSTAMEDIC"},"image":{"@id":"https:\/\/instamedic.mx\/#\/schema\/logo\/image\/"},"sameAs":["https:\/\/www.facebook.com\/instamedicmx","https:\/\/www.instagram.com\/instamedic_mx\/"],"email":"info@instamedic.mx","telephone":"8713426247"}]}},"jetpack_sharing_enabled":true,"_links":{"self":[{"href":"https:\/\/instamedic.mx\/en\/wp-json\/wp\/v2\/product\/7282"}],"collection":[{"href":"https:\/\/instamedic.mx\/en\/wp-json\/wp\/v2\/product"}],"about":[{"href":"https:\/\/instamedic.mx\/en\/wp-json\/wp\/v2\/types\/product"}],"replies":[{"embeddable":true,"href":"https:\/\/instamedic.mx\/en\/wp-json\/wp\/v2\/comments?post=7282"}],"version-history":[{"count":1,"href":"https:\/\/instamedic.mx\/en\/wp-json\/wp\/v2\/product\/7282\/revisions"}],"predecessor-version":[{"id":22267,"href":"https:\/\/instamedic.mx\/en\/wp-json\/wp\/v2\/product\/7282\/revisions\/22267"}],"wp:featuredmedia":[{"embeddable":true,"href":"https:\/\/instamedic.mx\/en\/wp-json\/wp\/v2\/media\/22266"}],"wp:attachment":[{"href":"https:\/\/instamedic.mx\/en\/wp-json\/wp\/v2\/media?parent=7282"}],"wp:term":[{"taxonomy":"wpc-collection","embeddable":true,"href":"https:\/\/instamedic.mx\/en\/wp-json\/wp\/v2\/wpc-collection?post=7282"},{"taxonomy":"product_brand","embeddable":true,"href":"https:\/\/instamedic.mx\/en\/wp-json\/wp\/v2\/product_brand?post=7282"},{"taxonomy":"product_cat","embeddable":true,"href":"https:\/\/instamedic.mx\/en\/wp-json\/wp\/v2\/product_cat?post=7282"},{"taxonomy":"product_tag","embeddable":true,"href":"https:\/\/instamedic.mx\/en\/wp-json\/wp\/v2\/product_tag?post=7282"}],"curies":[{"name":"wp","href":"https:\/\/api.w.org\/{rel}","templated":true}]}}