{"id":7366,"date":"2019-07-30T21:48:27","date_gmt":"2019-07-30T21:48:27","guid":{"rendered":"https:\/\/instamedic.mx\/?post_type=product&#038;p=7366"},"modified":"2024-03-26T04:45:03","modified_gmt":"2024-03-26T04:45:03","slug":"estuche-de-disecciones-20-piezas-economico","status":"publish","type":"product","link":"https:\/\/instamedic.mx\/en\/tienda-medica\/instrumental-medico\/estuche-de-disecciones\/estuche-de-disecciones-20-piezas-economico\/","title":{"rendered":"Estuche de disecci\u00f3n 20 piezas profesional premium"},"content":{"rendered":"<p>Kit Estuche de Disecci\u00f3n de 20 piezas econ\u00f3mico, no puede faltar dentro de tu equipo de instrumental como estudiante o profesional de la salud<br \/>\nEl estuche de disecciones es de color negro aterciopelado, contiene todos los componentes necesarios para realizar la disecci\u00f3n, ideal para realizar pr\u00e1cticas ( en quirofanos y laboratorio) las pinzas y tijeras est\u00e1n fabricadas en Acero Inoxidable, el kit de pinzas y <a href=\"https:\/\/instamedic.mx\/en\/tienda-medica\/instrumental-medico\/tijeras\/\">tijeras<\/a> est\u00e1n dentro de un pr\u00e1ctico estuche con cremallera que los mantiene perfectamente almacenados y listos para llevar c\u00f3modamente.<\/p>\n<h3>Este modelo en kit de estuche de disecci\u00f3n contiene:<\/h3>\n<ul>\n<li><a href=\"https:\/\/instamedic.mx\/en\/tienda-medica\/instrumental-medico\/estuche-de-disecciones\/pinza-kelly-recta\/\">1 Pinza Kelly Recta de 14 cm aprox.<\/a><\/li>\n<li><a href=\"https:\/\/instamedic.mx\/en\/tienda-medica\/instrumental-medico\/estuche-de-disecciones\/pinza-kelly-curva\/\">1 Pinza Kelly Curva de 14 cm. Aprox.<\/a><\/li>\n<li>1 Pinza hemost\u00e1tica mosquito recta de 12 cm aprox.<\/li>\n<li>1 Tijera quir\u00fargica recta de 14 cm aprox<\/li>\n<li>1 Tijera quir\u00fargica curva de 14 cm. Aprox<\/li>\n<li>1 Porta agujas Mayo Hegar de 14 cm aprox<\/li>\n<li>1 pinza de disecci\u00f3n con diente de 14 cm. Aprox<\/li>\n<li><a href=\"https:\/\/instamedic.mx\/en\/tienda-medica\/instrumental-medico\/estuche-de-disecciones\/pinza-de-diseccion-sin-dientes\/\">1 pinza de disecci\u00f3n sin diente de 14 cm. Aprox<\/a><\/li>\n<li><a href=\"https:\/\/instamedic.mx\/en\/tienda-medica\/instrumental-medico\/agujas\/sonda-acanalada-14-cm\/\">1 sonda acanalada<\/a><\/li>\n<li>1 esilete sencillo<\/li>\n<li><a href=\"https:\/\/instamedic.mx\/en\/tienda-medica\/instrumental-medico\/bisturis\/mango-para-bisturi-4-largo-h-p\/\">1 mango de bistur\u00ed del #4 para hojas de bistur\u00ed del #20, #21, #22, #23 y #24<\/a><\/li>\n<li><a href=\"https:\/\/instamedic.mx\/en\/tienda-medica\/instrumental-medico\/bisturis\/mango-para-bisturi-3-largo-h-p\/\">1 mango de bistur\u00ed del #3 para hojas de bistur\u00ed del #11, #12 y del #15<\/a><\/li>\n<li>1 separador Farabeu (2 piezas)<\/li>\n<li>1 disector curvo con mango de pl\u00e1stico<\/li>\n<li>1 disector recto con mango de pl\u00e1stico<\/li>\n<li>1 gancho Herinas<\/li>\n<li>1 hoja de bistur\u00ed (el no. puede ser variable)<\/li>\n<li>1 hilo c\u00e1\u00f1amo<\/li>\n<li>1 aguja de disecci\u00f3n (el calibre puede ser variable)<\/li>\n<li>1 estuche con forro de vinil piel y cierre para el transporte c\u00f3modo y ordenado del instrumental, forro interno de terciopelo y resortes para sujeci\u00f3n del instrumental<\/li>\n<\/ul>\n<p>Todos nuestros estuches est\u00e1n garantizado y llegan en optimas condiciones recuerda que el material con que est\u00e1n construidos es acero inoxidable lo cual los hace durables<br \/>\nEspecificaciones de los estuches de disecci\u00f3n<\/p>\n<p>Origen: Alemania<br \/>\nMaterial: Acero inoxidable alem\u00e1n<br \/>\nUso: en laboratorio o quirofanos<\/p>","protected":false},"excerpt":{"rendered":"<h2>Estuche de Disecci\u00f3n de 20 piezas<\/h2>\n<p>El estuche de disecci\u00f3n no puede faltar dentro de tu equipo de instrumental como estudiante o profesional de la salud<br \/>\nEste estuche de disecci\u00f3n es de color negro aterciopelado y contiene todos los elementos necesarios para realizar procedimientos quir\u00fargicos y de disecci\u00f3n, ideal para realizar pr\u00e1cticas\u00a0 en quirofanos y laboratorio, las pinzas y tijeras est\u00e1n fabricadas en acero Inoxidable alem\u00e1n de alta calidad, el kit de pinzas y tijeras est\u00e1n dentro de un pr\u00e1ctico estuche con cremallera que los Mantiene Perfectamente almacenados.<\/p>\n<h4>El kit (estuche) de disecci\u00f3n contiene:<\/h4>\n<ul>\n<li>1 Pinza Kelly Rect de 14 cm aprox.<\/li>\n<li>1 Pinza Kelly Curva de 14 cm. Aprox.<\/li>\n<li>1 Pinza hemost\u00e1tica mosquito recta de 12 cm aprox.<\/li>\n<li>1 Tijera quir\u00fargica recta de 14 cm aprox<\/li>\n<li>1 Tijera quir\u00fargica curva de 14 cm. Aprox<\/li>\n<li>1 Porta agujas Mayo Hegar de 14 cm aprox<\/li>\n<li>1 pinza de disecci\u00f3n con diente de 14 cm. Aprox<\/li>\n<li>1 pinza de disecci\u00f3n sin diente de 14 cm. Aprox<\/li>\n<li>1 sonda acanalada<\/li>\n<li>1 esilete sencillo<\/li>\n<li>1 mango de bistur\u00ed del #4 para hojas de bistur\u00ed del #20, #21, #22, #23 y #24<\/li>\n<li>1 mango de bistur\u00ed del #3 para hojas de bistur\u00ed del #11, #12 y del #15<\/li>\n<li>1 separador Farabeu (2 piezas)<\/li>\n<li>1 disector curvo con mango de pl\u00e1stico<\/li>\n<li>1 disector recto con mango de pl\u00e1stico<\/li>\n<li>1 gancho Herinas<\/li>\n<li>1 hoja de bistur\u00ed (el no. puede ser variable)<\/li>\n<li>1 hilo c\u00e1\u00f1amo<\/li>\n<li>1 aguja de disecci\u00f3n (el calibre puede ser variable)<\/li>\n<li>1 estuche con forro de vinil piel y cierre para el transporte c\u00f3modo y ordenado del instrumental, forro interno de terciopelo y resortes para sujeci\u00f3n del instrumental<\/li>\n<\/ul>\n<p>Todos nuestros estuches est\u00e1n garantizados y llegan en optimas condiciones recuerda que el material con que est\u00e1n construidos en acero inoxidable lo cual los hace durables<\/p>","protected":false},"featured_media":7367,"comment_status":"open","ping_status":"closed","template":"","meta":[],"wpc-collection":[],"product_brand":[691],"product_cat":[99],"product_tag":[772,407,100,124,786],"yoast_head":"<!-- This site is optimized with the Yoast SEO Premium plugin v22.3 (Yoast SEO v22.4) - https:\/\/yoast.com\/wordpress\/plugins\/seo\/ -->\n<title>Estuche de disecci\u00f3n profesional de 20 piezas | mejores precios<\/title>\n<meta name=\"description\" content=\"Estuche de Disecci\u00f3n profesional contiene: 1 Pinza Kelly Recta de 14 cm, 1 Pinza Kelly Curva, 1 Pinza hemost\u00e1tica mosquito recta, 1 Tijera quir\u00fargica recta de 14 cm, 1 Tijera quir\u00fargica curva, 1 Porta agujas Mayo Hegar, 1 pinza de disecci\u00f3n con diente. 1 pinza de disecci\u00f3n sin diente de 14 cm, 1 sonda acanalada 1 esilete sencillo 1 mango de bistur\u00ed del #4 mango de bistur\u00ed del #3, 1 separador Farabeu (2 piezas)1 disector curvo con mango de pl\u00e1stico, 1 disector recto con mango de pl\u00e1stico, 1 gancho Herinas, 1 hoja de bistur\u00ed, 1 hilo c\u00e1\u00f1amo, 1 aguja de disecci\u00f3n, 1 estuche con forro de vinil piel y cierre.\" \/>\n<meta name=\"robots\" content=\"index, follow, max-snippet:-1, max-image-preview:large, max-video-preview:-1\" \/>\n<link rel=\"canonical\" href=\"https:\/\/instamedic.mx\/en\/tienda-medica\/instrumental-medico\/estuche-de-disecciones\/estuche-de-disecciones-20-piezas-economico\/\" \/>\n<meta property=\"og:locale\" content=\"en_US\" \/>\n<meta property=\"og:type\" content=\"article\" \/>\n<meta property=\"og:title\" content=\"Estuche de disecci\u00f3n 20 piezas profesional premium\" \/>\n<meta property=\"og:description\" content=\"Estuche de Disecci\u00f3n profesional contiene: 1 Pinza Kelly Recta de 14 cm, 1 Pinza Kelly Curva, 1 Pinza hemost\u00e1tica mosquito recta, 1 Tijera quir\u00fargica recta de 14 cm, 1 Tijera quir\u00fargica curva, 1 Porta agujas Mayo Hegar, 1 pinza de disecci\u00f3n con diente. 1 pinza de disecci\u00f3n sin diente de 14 cm, 1 sonda acanalada 1 esilete sencillo 1 mango de bistur\u00ed del #4 mango de bistur\u00ed del #3, 1 separador Farabeu (2 piezas)1 disector curvo con mango de pl\u00e1stico, 1 disector recto con mango de pl\u00e1stico, 1 gancho Herinas, 1 hoja de bistur\u00ed, 1 hilo c\u00e1\u00f1amo, 1 aguja de disecci\u00f3n, 1 estuche con forro de vinil piel y cierre.\" \/>\n<meta property=\"og:url\" content=\"https:\/\/instamedic.mx\/en\/tienda-medica\/instrumental-medico\/estuche-de-disecciones\/estuche-de-disecciones-20-piezas-economico\/\" \/>\n<meta property=\"og:site_name\" content=\"Instamedic\" \/>\n<meta property=\"article:publisher\" content=\"https:\/\/www.facebook.com\/instamedicmx\" \/>\n<meta property=\"article:modified_time\" content=\"2024-03-26T04:45:03+00:00\" \/>\n<meta property=\"og:image\" content=\"https:\/\/instamedic.mx\/wp-content\/uploads\/2019\/07\/estuche-de-diseccion-20-piezas-HERGOM-incluye-hoja-de-bisturi-aguja-e-hilo.jpg\" \/>\n\t<meta property=\"og:image:width\" content=\"368\" \/>\n\t<meta property=\"og:image:height\" content=\"420\" \/>\n\t<meta property=\"og:image:type\" content=\"image\/jpeg\" \/>\n<meta name=\"twitter:card\" content=\"summary_large_image\" \/>\n<meta name=\"twitter:label1\" content=\"Est. reading time\" \/>\n\t<meta name=\"twitter:data1\" content=\"2 minutes\" \/>\n<script type=\"application\/ld+json\" class=\"yoast-schema-graph\">{\"@context\":\"https:\/\/schema.org\",\"@graph\":[{\"@type\":\"WebPage\",\"@id\":\"https:\/\/instamedic.mx\/tienda-medica\/instrumental-medico\/estuche-de-disecciones\/estuche-de-disecciones-20-piezas-economico\/\",\"url\":\"https:\/\/instamedic.mx\/tienda-medica\/instrumental-medico\/estuche-de-disecciones\/estuche-de-disecciones-20-piezas-economico\/\",\"name\":\"Estuche de disecci\u00f3n profesional de 20 piezas | mejores precios\",\"isPartOf\":{\"@id\":\"https:\/\/instamedic.mx\/#website\"},\"primaryImageOfPage\":{\"@id\":\"https:\/\/instamedic.mx\/tienda-medica\/instrumental-medico\/estuche-de-disecciones\/estuche-de-disecciones-20-piezas-economico\/#primaryimage\"},\"image\":{\"@id\":\"https:\/\/instamedic.mx\/tienda-medica\/instrumental-medico\/estuche-de-disecciones\/estuche-de-disecciones-20-piezas-economico\/#primaryimage\"},\"thumbnailUrl\":\"https:\/\/instamedic.mx\/wp-content\/uploads\/2019\/07\/estuche-de-diseccion-20-piezas-HERGOM-incluye-hoja-de-bisturi-aguja-e-hilo.jpg\",\"datePublished\":\"2019-07-30T21:48:27+00:00\",\"dateModified\":\"2024-03-26T04:45:03+00:00\",\"description\":\"Estuche de Disecci\u00f3n profesional contiene: 1 Pinza Kelly Recta de 14 cm, 1 Pinza Kelly Curva, 1 Pinza hemost\u00e1tica mosquito recta, 1 Tijera quir\u00fargica recta de 14 cm, 1 Tijera quir\u00fargica curva, 1 Porta agujas Mayo Hegar, 1 pinza de disecci\u00f3n con diente. 1 pinza de disecci\u00f3n sin diente de 14 cm, 1 sonda acanalada 1 esilete sencillo 1 mango de bistur\u00ed del #4 mango de bistur\u00ed del #3, 1 separador Farabeu (2 piezas)1 disector curvo con mango de pl\u00e1stico, 1 disector recto con mango de pl\u00e1stico, 1 gancho Herinas, 1 hoja de bistur\u00ed, 1 hilo c\u00e1\u00f1amo, 1 aguja de disecci\u00f3n, 1 estuche con forro de vinil piel y cierre.\",\"breadcrumb\":{\"@id\":\"https:\/\/instamedic.mx\/tienda-medica\/instrumental-medico\/estuche-de-disecciones\/estuche-de-disecciones-20-piezas-economico\/#breadcrumb\"},\"inLanguage\":\"en-US\",\"potentialAction\":[{\"@type\":\"ReadAction\",\"target\":[\"https:\/\/instamedic.mx\/tienda-medica\/instrumental-medico\/estuche-de-disecciones\/estuche-de-disecciones-20-piezas-economico\/\"]}]},{\"@type\":\"ImageObject\",\"inLanguage\":\"en-US\",\"@id\":\"https:\/\/instamedic.mx\/tienda-medica\/instrumental-medico\/estuche-de-disecciones\/estuche-de-disecciones-20-piezas-economico\/#primaryimage\",\"url\":\"https:\/\/instamedic.mx\/wp-content\/uploads\/2019\/07\/estuche-de-diseccion-20-piezas-HERGOM-incluye-hoja-de-bisturi-aguja-e-hilo.jpg\",\"contentUrl\":\"https:\/\/instamedic.mx\/wp-content\/uploads\/2019\/07\/estuche-de-diseccion-20-piezas-HERGOM-incluye-hoja-de-bisturi-aguja-e-hilo.jpg\",\"width\":368,\"height\":420,\"caption\":\"estuche de diseccion 20 piezas profesional incluye hoja de bisturi aguja e hilo\"},{\"@type\":\"BreadcrumbList\",\"@id\":\"https:\/\/instamedic.mx\/tienda-medica\/instrumental-medico\/estuche-de-disecciones\/estuche-de-disecciones-20-piezas-economico\/#breadcrumb\",\"itemListElement\":[{\"@type\":\"ListItem\",\"position\":1,\"name\":\"Inicio\",\"item\":\"https:\/\/instamedic.mx\/\"},{\"@type\":\"ListItem\",\"position\":2,\"name\":\"Tienda m\u00e9dica\",\"item\":\"https:\/\/instamedic.mx\/tienda-medica\/\"},{\"@type\":\"ListItem\",\"position\":3,\"name\":\"Estuche de disecci\u00f3n 20 piezas profesional premium\"}]},{\"@type\":\"WebSite\",\"@id\":\"https:\/\/instamedic.mx\/#website\",\"url\":\"https:\/\/instamedic.mx\/\",\"name\":\"INSTAMEDIC\",\"description\":\"Venta de equipo m\u00e9dico, instrumental y uniformes quirpurgicos\",\"publisher\":{\"@id\":\"https:\/\/instamedic.mx\/#organization\"},\"potentialAction\":[{\"@type\":\"SearchAction\",\"target\":{\"@type\":\"EntryPoint\",\"urlTemplate\":\"https:\/\/instamedic.mx\/?s={search_term_string}\"},\"query-input\":\"required name=search_term_string\"}],\"inLanguage\":\"en-US\"},{\"@type\":\"Organization\",\"@id\":\"https:\/\/instamedic.mx\/#organization\",\"name\":\"INSTAMEDIC\",\"url\":\"https:\/\/instamedic.mx\/\",\"logo\":{\"@type\":\"ImageObject\",\"inLanguage\":\"en-US\",\"@id\":\"https:\/\/instamedic.mx\/#\/schema\/logo\/image\/\",\"url\":\"https:\/\/instamedic.mx\/wp-content\/uploads\/2024\/02\/Logo-instamedic.png\",\"contentUrl\":\"https:\/\/instamedic.mx\/wp-content\/uploads\/2024\/02\/Logo-instamedic.png\",\"width\":500,\"height\":500,\"caption\":\"INSTAMEDIC\"},\"image\":{\"@id\":\"https:\/\/instamedic.mx\/#\/schema\/logo\/image\/\"},\"sameAs\":[\"https:\/\/www.facebook.com\/instamedicmx\",\"https:\/\/www.instagram.com\/instamedic_mx\/\"],\"email\":\"info@instamedic.mx\",\"telephone\":\"8713426247\"}]}<\/script>\n<!-- \/ Yoast SEO Premium plugin. -->","yoast_head_json":{"title":"Estuche de disecci\u00f3n profesional de 20 piezas | mejores precios","description":"Estuche de Disecci\u00f3n profesional contiene: 1 Pinza Kelly Recta de 14 cm, 1 Pinza Kelly Curva, 1 Pinza hemost\u00e1tica mosquito recta, 1 Tijera quir\u00fargica recta de 14 cm, 1 Tijera quir\u00fargica curva, 1 Porta agujas Mayo Hegar, 1 pinza de disecci\u00f3n con diente. 1 pinza de disecci\u00f3n sin diente de 14 cm, 1 sonda acanalada 1 esilete sencillo 1 mango de bistur\u00ed del #4 mango de bistur\u00ed del #3, 1 separador Farabeu (2 piezas)1 disector curvo con mango de pl\u00e1stico, 1 disector recto con mango de pl\u00e1stico, 1 gancho Herinas, 1 hoja de bistur\u00ed, 1 hilo c\u00e1\u00f1amo, 1 aguja de disecci\u00f3n, 1 estuche con forro de vinil piel y cierre.","robots":{"index":"index","follow":"follow","max-snippet":"max-snippet:-1","max-image-preview":"max-image-preview:large","max-video-preview":"max-video-preview:-1"},"canonical":"https:\/\/instamedic.mx\/en\/tienda-medica\/instrumental-medico\/estuche-de-disecciones\/estuche-de-disecciones-20-piezas-economico\/","og_locale":"en_US","og_type":"article","og_title":"Estuche de disecci\u00f3n 20 piezas profesional premium","og_description":"Estuche de Disecci\u00f3n profesional contiene: 1 Pinza Kelly Recta de 14 cm, 1 Pinza Kelly Curva, 1 Pinza hemost\u00e1tica mosquito recta, 1 Tijera quir\u00fargica recta de 14 cm, 1 Tijera quir\u00fargica curva, 1 Porta agujas Mayo Hegar, 1 pinza de disecci\u00f3n con diente. 1 pinza de disecci\u00f3n sin diente de 14 cm, 1 sonda acanalada 1 esilete sencillo 1 mango de bistur\u00ed del #4 mango de bistur\u00ed del #3, 1 separador Farabeu (2 piezas)1 disector curvo con mango de pl\u00e1stico, 1 disector recto con mango de pl\u00e1stico, 1 gancho Herinas, 1 hoja de bistur\u00ed, 1 hilo c\u00e1\u00f1amo, 1 aguja de disecci\u00f3n, 1 estuche con forro de vinil piel y cierre.","og_url":"https:\/\/instamedic.mx\/en\/tienda-medica\/instrumental-medico\/estuche-de-disecciones\/estuche-de-disecciones-20-piezas-economico\/","og_site_name":"Instamedic","article_publisher":"https:\/\/www.facebook.com\/instamedicmx","article_modified_time":"2024-03-26T04:45:03+00:00","og_image":[{"width":368,"height":420,"url":"https:\/\/instamedic.mx\/wp-content\/uploads\/2019\/07\/estuche-de-diseccion-20-piezas-HERGOM-incluye-hoja-de-bisturi-aguja-e-hilo.jpg","type":"image\/jpeg"}],"twitter_card":"summary_large_image","twitter_misc":{"Est. reading time":"2 minutes"},"schema":{"@context":"https:\/\/schema.org","@graph":[{"@type":"WebPage","@id":"https:\/\/instamedic.mx\/tienda-medica\/instrumental-medico\/estuche-de-disecciones\/estuche-de-disecciones-20-piezas-economico\/","url":"https:\/\/instamedic.mx\/tienda-medica\/instrumental-medico\/estuche-de-disecciones\/estuche-de-disecciones-20-piezas-economico\/","name":"Estuche de disecci\u00f3n profesional de 20 piezas | mejores precios","isPartOf":{"@id":"https:\/\/instamedic.mx\/#website"},"primaryImageOfPage":{"@id":"https:\/\/instamedic.mx\/tienda-medica\/instrumental-medico\/estuche-de-disecciones\/estuche-de-disecciones-20-piezas-economico\/#primaryimage"},"image":{"@id":"https:\/\/instamedic.mx\/tienda-medica\/instrumental-medico\/estuche-de-disecciones\/estuche-de-disecciones-20-piezas-economico\/#primaryimage"},"thumbnailUrl":"https:\/\/instamedic.mx\/wp-content\/uploads\/2019\/07\/estuche-de-diseccion-20-piezas-HERGOM-incluye-hoja-de-bisturi-aguja-e-hilo.jpg","datePublished":"2019-07-30T21:48:27+00:00","dateModified":"2024-03-26T04:45:03+00:00","description":"Estuche de Disecci\u00f3n profesional contiene: 1 Pinza Kelly Recta de 14 cm, 1 Pinza Kelly Curva, 1 Pinza hemost\u00e1tica mosquito recta, 1 Tijera quir\u00fargica recta de 14 cm, 1 Tijera quir\u00fargica curva, 1 Porta agujas Mayo Hegar, 1 pinza de disecci\u00f3n con diente. 1 pinza de disecci\u00f3n sin diente de 14 cm, 1 sonda acanalada 1 esilete sencillo 1 mango de bistur\u00ed del #4 mango de bistur\u00ed del #3, 1 separador Farabeu (2 piezas)1 disector curvo con mango de pl\u00e1stico, 1 disector recto con mango de pl\u00e1stico, 1 gancho Herinas, 1 hoja de bistur\u00ed, 1 hilo c\u00e1\u00f1amo, 1 aguja de disecci\u00f3n, 1 estuche con forro de vinil piel y cierre.","breadcrumb":{"@id":"https:\/\/instamedic.mx\/tienda-medica\/instrumental-medico\/estuche-de-disecciones\/estuche-de-disecciones-20-piezas-economico\/#breadcrumb"},"inLanguage":"en-US","potentialAction":[{"@type":"ReadAction","target":["https:\/\/instamedic.mx\/tienda-medica\/instrumental-medico\/estuche-de-disecciones\/estuche-de-disecciones-20-piezas-economico\/"]}]},{"@type":"ImageObject","inLanguage":"en-US","@id":"https:\/\/instamedic.mx\/tienda-medica\/instrumental-medico\/estuche-de-disecciones\/estuche-de-disecciones-20-piezas-economico\/#primaryimage","url":"https:\/\/instamedic.mx\/wp-content\/uploads\/2019\/07\/estuche-de-diseccion-20-piezas-HERGOM-incluye-hoja-de-bisturi-aguja-e-hilo.jpg","contentUrl":"https:\/\/instamedic.mx\/wp-content\/uploads\/2019\/07\/estuche-de-diseccion-20-piezas-HERGOM-incluye-hoja-de-bisturi-aguja-e-hilo.jpg","width":368,"height":420,"caption":"estuche de diseccion 20 piezas profesional incluye hoja de bisturi aguja e hilo"},{"@type":"BreadcrumbList","@id":"https:\/\/instamedic.mx\/tienda-medica\/instrumental-medico\/estuche-de-disecciones\/estuche-de-disecciones-20-piezas-economico\/#breadcrumb","itemListElement":[{"@type":"ListItem","position":1,"name":"Inicio","item":"https:\/\/instamedic.mx\/"},{"@type":"ListItem","position":2,"name":"Tienda m\u00e9dica","item":"https:\/\/instamedic.mx\/tienda-medica\/"},{"@type":"ListItem","position":3,"name":"Estuche de disecci\u00f3n 20 piezas profesional premium"}]},{"@type":"WebSite","@id":"https:\/\/instamedic.mx\/#website","url":"https:\/\/instamedic.mx\/","name":"INSTAMEDIC","description":"Venta de equipo m\u00e9dico, instrumental y uniformes quirpurgicos","publisher":{"@id":"https:\/\/instamedic.mx\/#organization"},"potentialAction":[{"@type":"SearchAction","target":{"@type":"EntryPoint","urlTemplate":"https:\/\/instamedic.mx\/?s={search_term_string}"},"query-input":"required name=search_term_string"}],"inLanguage":"en-US"},{"@type":"Organization","@id":"https:\/\/instamedic.mx\/#organization","name":"INSTAMEDIC","url":"https:\/\/instamedic.mx\/","logo":{"@type":"ImageObject","inLanguage":"en-US","@id":"https:\/\/instamedic.mx\/#\/schema\/logo\/image\/","url":"https:\/\/instamedic.mx\/wp-content\/uploads\/2024\/02\/Logo-instamedic.png","contentUrl":"https:\/\/instamedic.mx\/wp-content\/uploads\/2024\/02\/Logo-instamedic.png","width":500,"height":500,"caption":"INSTAMEDIC"},"image":{"@id":"https:\/\/instamedic.mx\/#\/schema\/logo\/image\/"},"sameAs":["https:\/\/www.facebook.com\/instamedicmx","https:\/\/www.instagram.com\/instamedic_mx\/"],"email":"info@instamedic.mx","telephone":"8713426247"}]}},"jetpack_sharing_enabled":true,"_links":{"self":[{"href":"https:\/\/instamedic.mx\/en\/wp-json\/wp\/v2\/product\/7366"}],"collection":[{"href":"https:\/\/instamedic.mx\/en\/wp-json\/wp\/v2\/product"}],"about":[{"href":"https:\/\/instamedic.mx\/en\/wp-json\/wp\/v2\/types\/product"}],"replies":[{"embeddable":true,"href":"https:\/\/instamedic.mx\/en\/wp-json\/wp\/v2\/comments?post=7366"}],"version-history":[{"count":5,"href":"https:\/\/instamedic.mx\/en\/wp-json\/wp\/v2\/product\/7366\/revisions"}],"predecessor-version":[{"id":8012,"href":"https:\/\/instamedic.mx\/en\/wp-json\/wp\/v2\/product\/7366\/revisions\/8012"}],"wp:featuredmedia":[{"embeddable":true,"href":"https:\/\/instamedic.mx\/en\/wp-json\/wp\/v2\/media\/7367"}],"wp:attachment":[{"href":"https:\/\/instamedic.mx\/en\/wp-json\/wp\/v2\/media?parent=7366"}],"wp:term":[{"taxonomy":"wpc-collection","embeddable":true,"href":"https:\/\/instamedic.mx\/en\/wp-json\/wp\/v2\/wpc-collection?post=7366"},{"taxonomy":"product_brand","embeddable":true,"href":"https:\/\/instamedic.mx\/en\/wp-json\/wp\/v2\/product_brand?post=7366"},{"taxonomy":"product_cat","embeddable":true,"href":"https:\/\/instamedic.mx\/en\/wp-json\/wp\/v2\/product_cat?post=7366"},{"taxonomy":"product_tag","embeddable":true,"href":"https:\/\/instamedic.mx\/en\/wp-json\/wp\/v2\/product_tag?post=7366"}],"curies":[{"name":"wp","href":"https:\/\/api.w.org\/{rel}","templated":true}]}}