{"id":7369,"date":"2019-07-30T22:29:22","date_gmt":"2019-07-30T22:29:22","guid":{"rendered":"https:\/\/instamedic.mx\/?post_type=product&#038;p=7369"},"modified":"2021-03-29T23:26:26","modified_gmt":"2021-03-29T23:26:26","slug":"oximetro-de-pulso-bluetooth-beurer","status":"publish","type":"product","link":"https:\/\/instamedic.mx\/en\/tienda-medica\/equipo-medico\/diagnostico\/oximetros\/oximetro-de-pulso-bluetooth-beurer\/","title":{"rendered":"Bluetooth pulse oximeter"},"content":{"rendered":"<p>[vc_row][vc_column width=&#8221;1\/3&#8243;][vc_single_image image=&#8221;7372&#8243; img_size=&#8221;full&#8221;][\/vc_column][vc_column width=&#8221;2\/3&#8243;][vc_row_inner][vc_column_inner][vc_column_text]<\/p>\n<table>\n<tbody>\n<tr>\n<td><img decoding=\"async\" src=\"https:\/\/pim.beurer.com\/images\/attribut\/Picto_medical_easy_to_use.svg\" width=\"163\" height=\"163\" data-toggle=\"tooltip\" data-placement=\"top\" data-original-title=\"Utilizaci\u00f3n sencilla\" \/><\/td>\n<td style=\"text-align: left;\"><strong>Utilizaci\u00f3n sencilla<\/strong><br \/>\nManejo f\u00e1cil<\/td>\n<\/tr>\n<tr>\n<td><img decoding=\"async\" class=\"img-fluid\" title=\"\" src=\"https:\/\/pim.beurer.com\/images\/attribut\/Picto_medical_heart_rate_display.svg\" width=\"131\" height=\"131\" data-toggle=\"tooltip\" data-placement=\"top\" data-original-title=\"Representaci\u00f3n de la frecuencia cardiaca\" \/><\/td>\n<td>\n<div style=\"text-align: left;\"><strong style=\"font-family: inherit; font-size: inherit;\">Representaci\u00f3n de la frecuencia cardiaca<br \/>\n<\/strong><span style=\"font-family: inherit; font-size: inherit;\">Determinaci\u00f3n de la frecuencia del pulso\/frecuencia cardiaca<\/span><\/div>\n<\/td>\n<\/tr>\n<tr>\n<td><img decoding=\"async\" class=\"img-fluid\" title=\"\" src=\"https:\/\/pim.beurer.com\/images\/attribut\/Picto_medical_including_batteries.svg\" width=\"131\" height=\"131\" data-toggle=\"tooltip\" data-placement=\"top\" data-original-title=\"Accesorios\" \/><\/td>\n<td style=\"text-align: left;\"><strong>Accesorios<\/strong><br \/>\nIncluye pila<\/td>\n<\/tr>\n<tr>\n<td><img loading=\"lazy\" decoding=\"async\" class=\"img-fluid\" title=\"\" src=\"https:\/\/pim.beurer.com\/images\/attribut\/BEU_HealthManager_plusText_App_Icon_0617_RZ.png\" width=\"131\" height=\"168\" data-toggle=\"tooltip\" data-placement=\"top\" data-original-title=\"Compatible Acon la app &quot;beurer HealthManager&quot;\" \/><\/td>\n<td style=\"text-align: left;\"><strong>Compatible Acon la app &#8220;beurer HealthManager&#8221;<\/strong><br \/>\nGesti\u00f3n de salud moderna e interconectada Con la aplicaci\u00f3n \u00abbeurer HealthManager\u00bb tendr\u00e1 controlados siempre los datos relativos a su presi\u00f3n arterial, ejercicio f\u00edsico, glucemia, frecuencia cardiaca, saturaci\u00f3n de ox\u00edgeno y peso.<\/td>\n<\/tr>\n<tr>\n<td><img loading=\"lazy\" decoding=\"async\" class=\"img-fluid\" title=\"\" src=\"https:\/\/pim.beurer.com\/images\/attribut\/Picto_medical_SpO2_display.svg\" width=\"133\" height=\"133\" data-toggle=\"tooltip\" data-placement=\"top\" data-original-title=\"SpO2\" \/><\/td>\n<td style=\"text-align: left;\"><strong>SpO2<\/strong><br \/>\nMedici\u00f3n de la saturaci\u00f3n de ox\u00edgeno arterial<\/td>\n<\/tr>\n<\/tbody>\n<\/table>\n<p>[\/vc_column_text][\/vc_column_inner][\/vc_row_inner][\/vc_column][\/vc_row][vc_row][vc_column][vc_column_text]<\/p>\n<div class=\"item text-center\"><\/div>\n<div class=\"item text-center\">\n<table class=\"table table-responsive table-sm\">\n<tbody>\n<tr>\n<td>Denominaci\u00f3n del producto<\/td>\n<td>Pulsiox\u00edmetro<\/td>\n<\/tr>\n<tr>\n<td>Connect<\/td>\n<td>S\u00ed<\/td>\n<\/tr>\n<tr>\n<td>Perspectivas<\/td>\n<td>4<\/td>\n<\/tr>\n<tr>\n<td>Funcionamiento con pilas<\/td>\n<td>S\u00ed<\/td>\n<\/tr>\n<tr>\n<td>Pilas<\/td>\n<td>2 pilas de 1,5 V AAA<\/td>\n<\/tr>\n<tr>\n<td>Beurer Connect<\/td>\n<td>S\u00ed<\/td>\n<\/tr>\n<tr>\n<td>Pantalla a color<\/td>\n<td>S\u00ed<\/td>\n<\/tr>\n<tr>\n<td>Indicaci\u00f3n gr\u00e1fica del pulso<\/td>\n<td>S\u00ed<\/td>\n<\/tr>\n<tr>\n<td>Compatible a partir de<\/td>\n<td>iOS 10.0 y Android\u2122 5.0, a partir de Bluetooth\u00ae 4.0<\/td>\n<\/tr>\n<tr>\n<td>Producto sanitario<\/td>\n<td>S\u00ed<\/td>\n<\/tr>\n<tr>\n<td>Posiciones de memoria<\/td>\n<td>100<\/td>\n<\/tr>\n<tr>\n<td>Transmisi\u00f3n con<\/td>\n<td>Bluetooth\u00ae low energy technology<\/td>\n<\/tr>\n<tr>\n<td>Peso del producto<\/td>\n<td>Aprox. 49 g<\/td>\n<\/tr>\n<tr>\n<td>Dimensiones del producto<\/td>\n<td>58,5 x 30 x 33 mm<\/td>\n<\/tr>\n<tr>\n<td>CE<\/td>\n<td>S\u00ed<\/td>\n<\/tr>\n<tr>\n<td>Garant\u00eda en a\u00f1os (Para obtener informaci\u00f3n sobre la garant\u00eda, consulte las instrucciones de uso.)<\/td>\n<td>5<\/td>\n<\/tr>\n<tr>\n<td>EAN<\/td>\n<td>4211125454203<\/td>\n<\/tr>\n<tr>\n<td>N\u00famero de art\u00edculo<\/td>\n<td>45420<\/td>\n<\/tr>\n<\/tbody>\n<\/table>\n<\/div>\n<p>[\/vc_column_text][\/vc_column][\/vc_row]<\/p>","protected":false},"excerpt":{"rendered":"<p>El pulsiox\u00edmetro mide la saturaci\u00f3n de ox\u00edgeno arterial y la frecuencia cardiaca. A trav\u00e9s de\u00a0<em>Bluetooth<\/em><sup>\u00ae<\/sup>\u00a0los valores medidos se pueden transmitir muy f\u00e1cilmente a &#8220;beurer HealthManager&#8221; para evaluarlos all\u00ed.<\/p>\n<ul>\n<li>Medici\u00f3n de la saturaci\u00f3n de ox\u00edgeno arterial (SpO2) y la frecuencia cardiaca (pulso)<\/li>\n<li><em>Bluetooth<\/em><sup>\u00ae<\/sup>\u00a0para transmitir los valores medidos al smartphone<\/li>\n<li>Especialmente indicado para personas con:\u00a0insuficiencia cardiaca,\u00a0enfermedades pulmonares obstructivas cr\u00f3nicas,\u00a0asma bronquial<\/li>\n<li>Tambi\u00e9n se puede usar en la pr\u00e1ctica de deportes de altura<\/li>\n<li>Pantalla a color con 4 perspectivas<\/li>\n<li>Luminosidad de la pantalla regulable<\/li>\n<li>Indicaci\u00f3n gr\u00e1fica del pulso<\/li>\n<li>Transmisi\u00f3n inal\u00e1mbrica de los resultados de la medici\u00f3n<\/li>\n<li>Peque\u00f1o y ligero: para casa y para viajes<\/li>\n<li>Memoria para 100 mediciones similar al principio &#8220;finger-in-finger-out&#8221;<\/li>\n<li>Mecanismo de desconexi\u00f3n autom\u00e1tica<\/li>\n<li>Indicaci\u00f3n de cambio de pilas<\/li>\n<li>Incluye cinta de sujeci\u00f3n y funda para cintur\u00f3n<\/li>\n<li>Producto sanitario<\/li>\n<li>Descarga gratuita del software y la app &#8220;beurer HealthManager&#8221;<\/li>\n<\/ul>","protected":false},"featured_media":7373,"comment_status":"open","ping_status":"closed","template":"","meta":[],"wpc-collection":[],"product_brand":[],"product_cat":[92,93,95],"product_tag":[150,151],"yoast_head":"<!-- This site is optimized with the Yoast SEO Premium plugin v22.3 (Yoast SEO v22.4) - https:\/\/yoast.com\/wordpress\/plugins\/seo\/ -->\n<title>Ox\u00edmetro de pulso Bluetooth | Instamedic<\/title>\n<meta name=\"robots\" content=\"index, follow, max-snippet:-1, max-image-preview:large, max-video-preview:-1\" \/>\n<link rel=\"canonical\" href=\"https:\/\/instamedic.mx\/en\/tienda-medica\/equipo-medico\/diagnostico\/oximetros\/oximetro-de-pulso-bluetooth-beurer\/\" \/>\n<meta property=\"og:locale\" content=\"en_US\" \/>\n<meta property=\"og:type\" content=\"article\" \/>\n<meta property=\"og:title\" content=\"Ox\u00edmetro de pulso Bluetooth\" \/>\n<meta property=\"og:description\" content=\"El pulsiox\u00edmetro mide la saturaci\u00f3n de ox\u00edgeno arterial y la frecuencia cardiaca. A trav\u00e9s de\u00a0Bluetooth\u00ae\u00a0los valores medidos se pueden transmitir muy f\u00e1cilmente a &quot;beurer HealthManager&quot; para evaluarlos all\u00ed.   Medici\u00f3n de la saturaci\u00f3n de ox\u00edgeno arterial (SpO2) y la frecuencia cardiaca (pulso)  Bluetooth\u00ae\u00a0para transmitir los valores medidos al smartphone  Especialmente indicado para personas con:\u00a0insuficiencia cardiaca,\u00a0enfermedades pulmonares obstructivas cr\u00f3nicas,\u00a0asma bronquial  Tambi\u00e9n se puede usar en la pr\u00e1ctica de deportes de altura  Pantalla a color con 4 perspectivas  Luminosidad de la pantalla regulable  Indicaci\u00f3n gr\u00e1fica del pulso  Transmisi\u00f3n inal\u00e1mbrica de los resultados de la medici\u00f3n  Peque\u00f1o y ligero: para casa y para viajes  Memoria para 100 mediciones similar al principio &quot;finger-in-finger-out&quot;  Mecanismo de desconexi\u00f3n autom\u00e1tica  Indicaci\u00f3n de cambio de pilas  Incluye cinta de sujeci\u00f3n y funda para cintur\u00f3n  Producto sanitario  Descarga gratuita del software y la app &quot;beurer HealthManager&quot;\" \/>\n<meta property=\"og:url\" content=\"https:\/\/instamedic.mx\/en\/tienda-medica\/equipo-medico\/diagnostico\/oximetros\/oximetro-de-pulso-bluetooth-beurer\/\" \/>\n<meta property=\"og:site_name\" content=\"Instamedic\" \/>\n<meta property=\"article:publisher\" content=\"https:\/\/www.facebook.com\/instamedicmx\" \/>\n<meta property=\"article:modified_time\" content=\"2021-03-29T23:26:26+00:00\" \/>\n<meta property=\"og:image\" content=\"https:\/\/instamedic.mx\/wp-content\/uploads\/2019\/07\/po60-beurer-oximetro-de-pulso.jpg\" \/>\n\t<meta property=\"og:image:width\" content=\"372\" \/>\n\t<meta property=\"og:image:height\" content=\"347\" \/>\n\t<meta property=\"og:image:type\" content=\"image\/jpeg\" \/>\n<meta name=\"twitter:card\" content=\"summary_large_image\" \/>\n<meta name=\"twitter:label1\" content=\"Est. reading time\" \/>\n\t<meta name=\"twitter:data1\" content=\"1 minute\" \/>\n<script type=\"application\/ld+json\" class=\"yoast-schema-graph\">{\"@context\":\"https:\/\/schema.org\",\"@graph\":[{\"@type\":\"WebPage\",\"@id\":\"https:\/\/instamedic.mx\/tienda-medica\/equipo-medico\/diagnostico\/oximetros\/oximetro-de-pulso-bluetooth-beurer\/\",\"url\":\"https:\/\/instamedic.mx\/tienda-medica\/equipo-medico\/diagnostico\/oximetros\/oximetro-de-pulso-bluetooth-beurer\/\",\"name\":\"Ox\u00edmetro de pulso Bluetooth | Instamedic\",\"isPartOf\":{\"@id\":\"https:\/\/instamedic.mx\/#website\"},\"primaryImageOfPage\":{\"@id\":\"https:\/\/instamedic.mx\/tienda-medica\/equipo-medico\/diagnostico\/oximetros\/oximetro-de-pulso-bluetooth-beurer\/#primaryimage\"},\"image\":{\"@id\":\"https:\/\/instamedic.mx\/tienda-medica\/equipo-medico\/diagnostico\/oximetros\/oximetro-de-pulso-bluetooth-beurer\/#primaryimage\"},\"thumbnailUrl\":\"https:\/\/instamedic.mx\/wp-content\/uploads\/2019\/07\/po60-beurer-oximetro-de-pulso.jpg\",\"datePublished\":\"2019-07-30T22:29:22+00:00\",\"dateModified\":\"2021-03-29T23:26:26+00:00\",\"breadcrumb\":{\"@id\":\"https:\/\/instamedic.mx\/tienda-medica\/equipo-medico\/diagnostico\/oximetros\/oximetro-de-pulso-bluetooth-beurer\/#breadcrumb\"},\"inLanguage\":\"en-US\",\"potentialAction\":[{\"@type\":\"ReadAction\",\"target\":[\"https:\/\/instamedic.mx\/tienda-medica\/equipo-medico\/diagnostico\/oximetros\/oximetro-de-pulso-bluetooth-beurer\/\"]}]},{\"@type\":\"ImageObject\",\"inLanguage\":\"en-US\",\"@id\":\"https:\/\/instamedic.mx\/tienda-medica\/equipo-medico\/diagnostico\/oximetros\/oximetro-de-pulso-bluetooth-beurer\/#primaryimage\",\"url\":\"https:\/\/instamedic.mx\/wp-content\/uploads\/2019\/07\/po60-beurer-oximetro-de-pulso.jpg\",\"contentUrl\":\"https:\/\/instamedic.mx\/wp-content\/uploads\/2019\/07\/po60-beurer-oximetro-de-pulso.jpg\",\"width\":372,\"height\":347,\"caption\":\"po60-beurer-oximetro-de-pulso\"},{\"@type\":\"BreadcrumbList\",\"@id\":\"https:\/\/instamedic.mx\/tienda-medica\/equipo-medico\/diagnostico\/oximetros\/oximetro-de-pulso-bluetooth-beurer\/#breadcrumb\",\"itemListElement\":[{\"@type\":\"ListItem\",\"position\":1,\"name\":\"Inicio\",\"item\":\"https:\/\/instamedic.mx\/\"},{\"@type\":\"ListItem\",\"position\":2,\"name\":\"Tienda m\u00e9dica\",\"item\":\"https:\/\/instamedic.mx\/tienda-medica\/\"},{\"@type\":\"ListItem\",\"position\":3,\"name\":\"Ox\u00edmetro de pulso Bluetooth\"}]},{\"@type\":\"WebSite\",\"@id\":\"https:\/\/instamedic.mx\/#website\",\"url\":\"https:\/\/instamedic.mx\/\",\"name\":\"INSTAMEDIC\",\"description\":\"Venta de equipo m\u00e9dico, instrumental y uniformes quirpurgicos\",\"publisher\":{\"@id\":\"https:\/\/instamedic.mx\/#organization\"},\"potentialAction\":[{\"@type\":\"SearchAction\",\"target\":{\"@type\":\"EntryPoint\",\"urlTemplate\":\"https:\/\/instamedic.mx\/?s={search_term_string}\"},\"query-input\":\"required name=search_term_string\"}],\"inLanguage\":\"en-US\"},{\"@type\":\"Organization\",\"@id\":\"https:\/\/instamedic.mx\/#organization\",\"name\":\"INSTAMEDIC\",\"url\":\"https:\/\/instamedic.mx\/\",\"logo\":{\"@type\":\"ImageObject\",\"inLanguage\":\"en-US\",\"@id\":\"https:\/\/instamedic.mx\/#\/schema\/logo\/image\/\",\"url\":\"https:\/\/instamedic.mx\/wp-content\/uploads\/2024\/02\/Logo-instamedic.png\",\"contentUrl\":\"https:\/\/instamedic.mx\/wp-content\/uploads\/2024\/02\/Logo-instamedic.png\",\"width\":500,\"height\":500,\"caption\":\"INSTAMEDIC\"},\"image\":{\"@id\":\"https:\/\/instamedic.mx\/#\/schema\/logo\/image\/\"},\"sameAs\":[\"https:\/\/www.facebook.com\/instamedicmx\",\"https:\/\/www.instagram.com\/instamedic_mx\/\"],\"email\":\"info@instamedic.mx\",\"telephone\":\"8713426247\"}]}<\/script>\n<!-- \/ Yoast SEO Premium plugin. -->","yoast_head_json":{"title":"Ox\u00edmetro de pulso Bluetooth | Instamedic","robots":{"index":"index","follow":"follow","max-snippet":"max-snippet:-1","max-image-preview":"max-image-preview:large","max-video-preview":"max-video-preview:-1"},"canonical":"https:\/\/instamedic.mx\/en\/tienda-medica\/equipo-medico\/diagnostico\/oximetros\/oximetro-de-pulso-bluetooth-beurer\/","og_locale":"en_US","og_type":"article","og_title":"Ox\u00edmetro de pulso Bluetooth","og_description":"El pulsiox\u00edmetro mide la saturaci\u00f3n de ox\u00edgeno arterial y la frecuencia cardiaca. A trav\u00e9s de\u00a0Bluetooth\u00ae\u00a0los valores medidos se pueden transmitir muy f\u00e1cilmente a \"beurer HealthManager\" para evaluarlos all\u00ed.   Medici\u00f3n de la saturaci\u00f3n de ox\u00edgeno arterial (SpO2) y la frecuencia cardiaca (pulso)  Bluetooth\u00ae\u00a0para transmitir los valores medidos al smartphone  Especialmente indicado para personas con:\u00a0insuficiencia cardiaca,\u00a0enfermedades pulmonares obstructivas cr\u00f3nicas,\u00a0asma bronquial  Tambi\u00e9n se puede usar en la pr\u00e1ctica de deportes de altura  Pantalla a color con 4 perspectivas  Luminosidad de la pantalla regulable  Indicaci\u00f3n gr\u00e1fica del pulso  Transmisi\u00f3n inal\u00e1mbrica de los resultados de la medici\u00f3n  Peque\u00f1o y ligero: para casa y para viajes  Memoria para 100 mediciones similar al principio \"finger-in-finger-out\"  Mecanismo de desconexi\u00f3n autom\u00e1tica  Indicaci\u00f3n de cambio de pilas  Incluye cinta de sujeci\u00f3n y funda para cintur\u00f3n  Producto sanitario  Descarga gratuita del software y la app \"beurer HealthManager\"","og_url":"https:\/\/instamedic.mx\/en\/tienda-medica\/equipo-medico\/diagnostico\/oximetros\/oximetro-de-pulso-bluetooth-beurer\/","og_site_name":"Instamedic","article_publisher":"https:\/\/www.facebook.com\/instamedicmx","article_modified_time":"2021-03-29T23:26:26+00:00","og_image":[{"width":372,"height":347,"url":"https:\/\/instamedic.mx\/wp-content\/uploads\/2019\/07\/po60-beurer-oximetro-de-pulso.jpg","type":"image\/jpeg"}],"twitter_card":"summary_large_image","twitter_misc":{"Est. reading time":"1 minute"},"schema":{"@context":"https:\/\/schema.org","@graph":[{"@type":"WebPage","@id":"https:\/\/instamedic.mx\/tienda-medica\/equipo-medico\/diagnostico\/oximetros\/oximetro-de-pulso-bluetooth-beurer\/","url":"https:\/\/instamedic.mx\/tienda-medica\/equipo-medico\/diagnostico\/oximetros\/oximetro-de-pulso-bluetooth-beurer\/","name":"Ox\u00edmetro de pulso Bluetooth | Instamedic","isPartOf":{"@id":"https:\/\/instamedic.mx\/#website"},"primaryImageOfPage":{"@id":"https:\/\/instamedic.mx\/tienda-medica\/equipo-medico\/diagnostico\/oximetros\/oximetro-de-pulso-bluetooth-beurer\/#primaryimage"},"image":{"@id":"https:\/\/instamedic.mx\/tienda-medica\/equipo-medico\/diagnostico\/oximetros\/oximetro-de-pulso-bluetooth-beurer\/#primaryimage"},"thumbnailUrl":"https:\/\/instamedic.mx\/wp-content\/uploads\/2019\/07\/po60-beurer-oximetro-de-pulso.jpg","datePublished":"2019-07-30T22:29:22+00:00","dateModified":"2021-03-29T23:26:26+00:00","breadcrumb":{"@id":"https:\/\/instamedic.mx\/tienda-medica\/equipo-medico\/diagnostico\/oximetros\/oximetro-de-pulso-bluetooth-beurer\/#breadcrumb"},"inLanguage":"en-US","potentialAction":[{"@type":"ReadAction","target":["https:\/\/instamedic.mx\/tienda-medica\/equipo-medico\/diagnostico\/oximetros\/oximetro-de-pulso-bluetooth-beurer\/"]}]},{"@type":"ImageObject","inLanguage":"en-US","@id":"https:\/\/instamedic.mx\/tienda-medica\/equipo-medico\/diagnostico\/oximetros\/oximetro-de-pulso-bluetooth-beurer\/#primaryimage","url":"https:\/\/instamedic.mx\/wp-content\/uploads\/2019\/07\/po60-beurer-oximetro-de-pulso.jpg","contentUrl":"https:\/\/instamedic.mx\/wp-content\/uploads\/2019\/07\/po60-beurer-oximetro-de-pulso.jpg","width":372,"height":347,"caption":"po60-beurer-oximetro-de-pulso"},{"@type":"BreadcrumbList","@id":"https:\/\/instamedic.mx\/tienda-medica\/equipo-medico\/diagnostico\/oximetros\/oximetro-de-pulso-bluetooth-beurer\/#breadcrumb","itemListElement":[{"@type":"ListItem","position":1,"name":"Inicio","item":"https:\/\/instamedic.mx\/"},{"@type":"ListItem","position":2,"name":"Tienda m\u00e9dica","item":"https:\/\/instamedic.mx\/tienda-medica\/"},{"@type":"ListItem","position":3,"name":"Ox\u00edmetro de pulso Bluetooth"}]},{"@type":"WebSite","@id":"https:\/\/instamedic.mx\/#website","url":"https:\/\/instamedic.mx\/","name":"INSTAMEDIC","description":"Venta de equipo m\u00e9dico, instrumental y uniformes quirpurgicos","publisher":{"@id":"https:\/\/instamedic.mx\/#organization"},"potentialAction":[{"@type":"SearchAction","target":{"@type":"EntryPoint","urlTemplate":"https:\/\/instamedic.mx\/?s={search_term_string}"},"query-input":"required name=search_term_string"}],"inLanguage":"en-US"},{"@type":"Organization","@id":"https:\/\/instamedic.mx\/#organization","name":"INSTAMEDIC","url":"https:\/\/instamedic.mx\/","logo":{"@type":"ImageObject","inLanguage":"en-US","@id":"https:\/\/instamedic.mx\/#\/schema\/logo\/image\/","url":"https:\/\/instamedic.mx\/wp-content\/uploads\/2024\/02\/Logo-instamedic.png","contentUrl":"https:\/\/instamedic.mx\/wp-content\/uploads\/2024\/02\/Logo-instamedic.png","width":500,"height":500,"caption":"INSTAMEDIC"},"image":{"@id":"https:\/\/instamedic.mx\/#\/schema\/logo\/image\/"},"sameAs":["https:\/\/www.facebook.com\/instamedicmx","https:\/\/www.instagram.com\/instamedic_mx\/"],"email":"info@instamedic.mx","telephone":"8713426247"}]}},"jetpack_sharing_enabled":true,"_links":{"self":[{"href":"https:\/\/instamedic.mx\/en\/wp-json\/wp\/v2\/product\/7369"}],"collection":[{"href":"https:\/\/instamedic.mx\/en\/wp-json\/wp\/v2\/product"}],"about":[{"href":"https:\/\/instamedic.mx\/en\/wp-json\/wp\/v2\/types\/product"}],"replies":[{"embeddable":true,"href":"https:\/\/instamedic.mx\/en\/wp-json\/wp\/v2\/comments?post=7369"}],"version-history":[{"count":1,"href":"https:\/\/instamedic.mx\/en\/wp-json\/wp\/v2\/product\/7369\/revisions"}],"predecessor-version":[{"id":8292,"href":"https:\/\/instamedic.mx\/en\/wp-json\/wp\/v2\/product\/7369\/revisions\/8292"}],"wp:featuredmedia":[{"embeddable":true,"href":"https:\/\/instamedic.mx\/en\/wp-json\/wp\/v2\/media\/7373"}],"wp:attachment":[{"href":"https:\/\/instamedic.mx\/en\/wp-json\/wp\/v2\/media?parent=7369"}],"wp:term":[{"taxonomy":"wpc-collection","embeddable":true,"href":"https:\/\/instamedic.mx\/en\/wp-json\/wp\/v2\/wpc-collection?post=7369"},{"taxonomy":"product_brand","embeddable":true,"href":"https:\/\/instamedic.mx\/en\/wp-json\/wp\/v2\/product_brand?post=7369"},{"taxonomy":"product_cat","embeddable":true,"href":"https:\/\/instamedic.mx\/en\/wp-json\/wp\/v2\/product_cat?post=7369"},{"taxonomy":"product_tag","embeddable":true,"href":"https:\/\/instamedic.mx\/en\/wp-json\/wp\/v2\/product_tag?post=7369"}],"curies":[{"name":"wp","href":"https:\/\/api.w.org\/{rel}","templated":true}]}}