{"id":7380,"date":"2019-08-05T20:20:28","date_gmt":"2019-08-05T20:20:28","guid":{"rendered":"https:\/\/instamedic.mx\/?post_type=product&#038;p=7380"},"modified":"2024-07-03T19:39:19","modified_gmt":"2024-07-03T19:39:19","slug":"bata-medica-o-de-laboratorio-dama-silueta-perfecta","status":"publish","type":"product","link":"https:\/\/instamedic.mx\/en\/tienda-medica\/uniformes\/batas\/batas-medicas\/bata-medica-o-de-laboratorio-dama-silueta-perfecta\/","title":{"rendered":"Bata m\u00e9dica o de laboratorio Repelente a Fluidos"},"content":{"rendered":"<p>Instamedic te presenta Bata M\u00e9dica o de laboratorio de tela repelente a l\u00edquidos! S\u00ed! As\u00ed como lo le\u00edste: al caerle agua o refresco se resbala, evitas manchas innecesarias.<\/p>\n<p>Ideal para tus pr\u00e1cticas o tu trabajo mientras tomas caf\u00e9 \u00f3 estas comiendo. Deseamos que la disfrute.<\/p>\n<p>Tiene un corte acinturado que le da el toque femenino.<\/p>\n<p>Contamos con tallas de la 30-44<\/p>","protected":false},"excerpt":{"rendered":"<p>Instamedic te presenta Bata M\u00e9dica o de laboratorio de tela repelente a l\u00edquidos! S\u00ed! As\u00ed como lo le\u00edste: al caerle agua o refresco se resbala, evitas manchas innecesarias.<\/p>\n<p>&nbsp;<\/p>","protected":false},"featured_media":7886,"comment_status":"open","ping_status":"closed","template":"","meta":[],"wpc-collection":[],"product_brand":[],"product_cat":[158,239,197],"product_tag":[199,198,166,200],"yoast_head":"<!-- This site is optimized with the Yoast SEO Premium plugin v22.3 (Yoast SEO v22.4) - https:\/\/yoast.com\/wordpress\/plugins\/seo\/ -->\n<title>Bata m\u00e9dica o de laboratorio Repelente a Fluidos | Instamedic<\/title>\n<meta name=\"robots\" content=\"index, follow, max-snippet:-1, max-image-preview:large, max-video-preview:-1\" \/>\n<link rel=\"canonical\" href=\"https:\/\/instamedic.mx\/en\/tienda-medica\/uniformes\/batas\/batas-medicas\/bata-medica-o-de-laboratorio-dama-silueta-perfecta\/\" \/>\n<meta property=\"og:locale\" content=\"en_US\" \/>\n<meta property=\"og:type\" content=\"article\" \/>\n<meta property=\"og:title\" content=\"Bata m\u00e9dica o de laboratorio Repelente a Fluidos\" \/>\n<meta property=\"og:description\" content=\"Instamedic te presenta Bata M\u00e9dica o de laboratorio de tela repelente a l\u00edquidos! S\u00ed! As\u00ed como lo le\u00edste: al caerle agua o refresco se resbala, evitas manchas innecesarias.  &nbsp;\" \/>\n<meta property=\"og:url\" content=\"https:\/\/instamedic.mx\/en\/tienda-medica\/uniformes\/batas\/batas-medicas\/bata-medica-o-de-laboratorio-dama-silueta-perfecta\/\" \/>\n<meta property=\"og:site_name\" content=\"Instamedic\" \/>\n<meta property=\"article:publisher\" content=\"https:\/\/www.facebook.com\/instamedicmx\" \/>\n<meta property=\"article:modified_time\" content=\"2024-07-03T19:39:19+00:00\" \/>\n<meta property=\"og:image\" content=\"https:\/\/instamedic.mx\/wp-content\/uploads\/2019\/08\/Bata-Repelente-a-Fluidos.jpeg\" \/>\n\t<meta property=\"og:image:width\" content=\"960\" \/>\n\t<meta property=\"og:image:height\" content=\"867\" \/>\n\t<meta property=\"og:image:type\" content=\"image\/jpeg\" \/>\n<meta name=\"twitter:card\" content=\"summary_large_image\" \/>\n<script type=\"application\/ld+json\" class=\"yoast-schema-graph\">{\"@context\":\"https:\/\/schema.org\",\"@graph\":[{\"@type\":\"WebPage\",\"@id\":\"https:\/\/instamedic.mx\/tienda-medica\/uniformes\/batas\/batas-medicas\/bata-medica-o-de-laboratorio-dama-silueta-perfecta\/\",\"url\":\"https:\/\/instamedic.mx\/tienda-medica\/uniformes\/batas\/batas-medicas\/bata-medica-o-de-laboratorio-dama-silueta-perfecta\/\",\"name\":\"Bata m\u00e9dica o de laboratorio Repelente a Fluidos | Instamedic\",\"isPartOf\":{\"@id\":\"https:\/\/instamedic.mx\/#website\"},\"primaryImageOfPage\":{\"@id\":\"https:\/\/instamedic.mx\/tienda-medica\/uniformes\/batas\/batas-medicas\/bata-medica-o-de-laboratorio-dama-silueta-perfecta\/#primaryimage\"},\"image\":{\"@id\":\"https:\/\/instamedic.mx\/tienda-medica\/uniformes\/batas\/batas-medicas\/bata-medica-o-de-laboratorio-dama-silueta-perfecta\/#primaryimage\"},\"thumbnailUrl\":\"https:\/\/instamedic.mx\/wp-content\/uploads\/2019\/08\/Bata-Repelente-a-Fluidos.jpeg\",\"datePublished\":\"2019-08-05T20:20:28+00:00\",\"dateModified\":\"2024-07-03T19:39:19+00:00\",\"breadcrumb\":{\"@id\":\"https:\/\/instamedic.mx\/tienda-medica\/uniformes\/batas\/batas-medicas\/bata-medica-o-de-laboratorio-dama-silueta-perfecta\/#breadcrumb\"},\"inLanguage\":\"en-US\",\"potentialAction\":[{\"@type\":\"ReadAction\",\"target\":[\"https:\/\/instamedic.mx\/tienda-medica\/uniformes\/batas\/batas-medicas\/bata-medica-o-de-laboratorio-dama-silueta-perfecta\/\"]}]},{\"@type\":\"ImageObject\",\"inLanguage\":\"en-US\",\"@id\":\"https:\/\/instamedic.mx\/tienda-medica\/uniformes\/batas\/batas-medicas\/bata-medica-o-de-laboratorio-dama-silueta-perfecta\/#primaryimage\",\"url\":\"https:\/\/instamedic.mx\/wp-content\/uploads\/2019\/08\/Bata-Repelente-a-Fluidos.jpeg\",\"contentUrl\":\"https:\/\/instamedic.mx\/wp-content\/uploads\/2019\/08\/Bata-Repelente-a-Fluidos.jpeg\",\"width\":960,\"height\":867},{\"@type\":\"BreadcrumbList\",\"@id\":\"https:\/\/instamedic.mx\/tienda-medica\/uniformes\/batas\/batas-medicas\/bata-medica-o-de-laboratorio-dama-silueta-perfecta\/#breadcrumb\",\"itemListElement\":[{\"@type\":\"ListItem\",\"position\":1,\"name\":\"Inicio\",\"item\":\"https:\/\/instamedic.mx\/\"},{\"@type\":\"ListItem\",\"position\":2,\"name\":\"Tienda m\u00e9dica\",\"item\":\"https:\/\/instamedic.mx\/tienda-medica\/\"},{\"@type\":\"ListItem\",\"position\":3,\"name\":\"Bata m\u00e9dica o de laboratorio Repelente a Fluidos\"}]},{\"@type\":\"WebSite\",\"@id\":\"https:\/\/instamedic.mx\/#website\",\"url\":\"https:\/\/instamedic.mx\/\",\"name\":\"INSTAMEDIC\",\"description\":\"Venta de equipo m\u00e9dico, instrumental y uniformes quirpurgicos\",\"publisher\":{\"@id\":\"https:\/\/instamedic.mx\/#organization\"},\"potentialAction\":[{\"@type\":\"SearchAction\",\"target\":{\"@type\":\"EntryPoint\",\"urlTemplate\":\"https:\/\/instamedic.mx\/?s={search_term_string}\"},\"query-input\":\"required name=search_term_string\"}],\"inLanguage\":\"en-US\"},{\"@type\":\"Organization\",\"@id\":\"https:\/\/instamedic.mx\/#organization\",\"name\":\"INSTAMEDIC\",\"url\":\"https:\/\/instamedic.mx\/\",\"logo\":{\"@type\":\"ImageObject\",\"inLanguage\":\"en-US\",\"@id\":\"https:\/\/instamedic.mx\/#\/schema\/logo\/image\/\",\"url\":\"https:\/\/instamedic.mx\/wp-content\/uploads\/2024\/02\/Logo-instamedic.png\",\"contentUrl\":\"https:\/\/instamedic.mx\/wp-content\/uploads\/2024\/02\/Logo-instamedic.png\",\"width\":500,\"height\":500,\"caption\":\"INSTAMEDIC\"},\"image\":{\"@id\":\"https:\/\/instamedic.mx\/#\/schema\/logo\/image\/\"},\"sameAs\":[\"https:\/\/www.facebook.com\/instamedicmx\",\"https:\/\/www.instagram.com\/instamedic_mx\/\"],\"email\":\"info@instamedic.mx\",\"telephone\":\"8713426247\"}]}<\/script>\n<!-- \/ Yoast SEO Premium plugin. -->","yoast_head_json":{"title":"Bata m\u00e9dica o de laboratorio Repelente a Fluidos | Instamedic","robots":{"index":"index","follow":"follow","max-snippet":"max-snippet:-1","max-image-preview":"max-image-preview:large","max-video-preview":"max-video-preview:-1"},"canonical":"https:\/\/instamedic.mx\/en\/tienda-medica\/uniformes\/batas\/batas-medicas\/bata-medica-o-de-laboratorio-dama-silueta-perfecta\/","og_locale":"en_US","og_type":"article","og_title":"Bata m\u00e9dica o de laboratorio Repelente a Fluidos","og_description":"Instamedic te presenta Bata M\u00e9dica o de laboratorio de tela repelente a l\u00edquidos! S\u00ed! As\u00ed como lo le\u00edste: al caerle agua o refresco se resbala, evitas manchas innecesarias.  &nbsp;","og_url":"https:\/\/instamedic.mx\/en\/tienda-medica\/uniformes\/batas\/batas-medicas\/bata-medica-o-de-laboratorio-dama-silueta-perfecta\/","og_site_name":"Instamedic","article_publisher":"https:\/\/www.facebook.com\/instamedicmx","article_modified_time":"2024-07-03T19:39:19+00:00","og_image":[{"width":960,"height":867,"url":"https:\/\/instamedic.mx\/wp-content\/uploads\/2019\/08\/Bata-Repelente-a-Fluidos.jpeg","type":"image\/jpeg"}],"twitter_card":"summary_large_image","schema":{"@context":"https:\/\/schema.org","@graph":[{"@type":"WebPage","@id":"https:\/\/instamedic.mx\/tienda-medica\/uniformes\/batas\/batas-medicas\/bata-medica-o-de-laboratorio-dama-silueta-perfecta\/","url":"https:\/\/instamedic.mx\/tienda-medica\/uniformes\/batas\/batas-medicas\/bata-medica-o-de-laboratorio-dama-silueta-perfecta\/","name":"Bata m\u00e9dica o de laboratorio Repelente a Fluidos | Instamedic","isPartOf":{"@id":"https:\/\/instamedic.mx\/#website"},"primaryImageOfPage":{"@id":"https:\/\/instamedic.mx\/tienda-medica\/uniformes\/batas\/batas-medicas\/bata-medica-o-de-laboratorio-dama-silueta-perfecta\/#primaryimage"},"image":{"@id":"https:\/\/instamedic.mx\/tienda-medica\/uniformes\/batas\/batas-medicas\/bata-medica-o-de-laboratorio-dama-silueta-perfecta\/#primaryimage"},"thumbnailUrl":"https:\/\/instamedic.mx\/wp-content\/uploads\/2019\/08\/Bata-Repelente-a-Fluidos.jpeg","datePublished":"2019-08-05T20:20:28+00:00","dateModified":"2024-07-03T19:39:19+00:00","breadcrumb":{"@id":"https:\/\/instamedic.mx\/tienda-medica\/uniformes\/batas\/batas-medicas\/bata-medica-o-de-laboratorio-dama-silueta-perfecta\/#breadcrumb"},"inLanguage":"en-US","potentialAction":[{"@type":"ReadAction","target":["https:\/\/instamedic.mx\/tienda-medica\/uniformes\/batas\/batas-medicas\/bata-medica-o-de-laboratorio-dama-silueta-perfecta\/"]}]},{"@type":"ImageObject","inLanguage":"en-US","@id":"https:\/\/instamedic.mx\/tienda-medica\/uniformes\/batas\/batas-medicas\/bata-medica-o-de-laboratorio-dama-silueta-perfecta\/#primaryimage","url":"https:\/\/instamedic.mx\/wp-content\/uploads\/2019\/08\/Bata-Repelente-a-Fluidos.jpeg","contentUrl":"https:\/\/instamedic.mx\/wp-content\/uploads\/2019\/08\/Bata-Repelente-a-Fluidos.jpeg","width":960,"height":867},{"@type":"BreadcrumbList","@id":"https:\/\/instamedic.mx\/tienda-medica\/uniformes\/batas\/batas-medicas\/bata-medica-o-de-laboratorio-dama-silueta-perfecta\/#breadcrumb","itemListElement":[{"@type":"ListItem","position":1,"name":"Inicio","item":"https:\/\/instamedic.mx\/"},{"@type":"ListItem","position":2,"name":"Tienda m\u00e9dica","item":"https:\/\/instamedic.mx\/tienda-medica\/"},{"@type":"ListItem","position":3,"name":"Bata m\u00e9dica o de laboratorio Repelente a Fluidos"}]},{"@type":"WebSite","@id":"https:\/\/instamedic.mx\/#website","url":"https:\/\/instamedic.mx\/","name":"INSTAMEDIC","description":"Venta de equipo m\u00e9dico, instrumental y uniformes quirpurgicos","publisher":{"@id":"https:\/\/instamedic.mx\/#organization"},"potentialAction":[{"@type":"SearchAction","target":{"@type":"EntryPoint","urlTemplate":"https:\/\/instamedic.mx\/?s={search_term_string}"},"query-input":"required name=search_term_string"}],"inLanguage":"en-US"},{"@type":"Organization","@id":"https:\/\/instamedic.mx\/#organization","name":"INSTAMEDIC","url":"https:\/\/instamedic.mx\/","logo":{"@type":"ImageObject","inLanguage":"en-US","@id":"https:\/\/instamedic.mx\/#\/schema\/logo\/image\/","url":"https:\/\/instamedic.mx\/wp-content\/uploads\/2024\/02\/Logo-instamedic.png","contentUrl":"https:\/\/instamedic.mx\/wp-content\/uploads\/2024\/02\/Logo-instamedic.png","width":500,"height":500,"caption":"INSTAMEDIC"},"image":{"@id":"https:\/\/instamedic.mx\/#\/schema\/logo\/image\/"},"sameAs":["https:\/\/www.facebook.com\/instamedicmx","https:\/\/www.instagram.com\/instamedic_mx\/"],"email":"info@instamedic.mx","telephone":"8713426247"}]}},"jetpack_sharing_enabled":true,"_links":{"self":[{"href":"https:\/\/instamedic.mx\/en\/wp-json\/wp\/v2\/product\/7380"}],"collection":[{"href":"https:\/\/instamedic.mx\/en\/wp-json\/wp\/v2\/product"}],"about":[{"href":"https:\/\/instamedic.mx\/en\/wp-json\/wp\/v2\/types\/product"}],"replies":[{"embeddable":true,"href":"https:\/\/instamedic.mx\/en\/wp-json\/wp\/v2\/comments?post=7380"}],"version-history":[{"count":2,"href":"https:\/\/instamedic.mx\/en\/wp-json\/wp\/v2\/product\/7380\/revisions"}],"predecessor-version":[{"id":9050,"href":"https:\/\/instamedic.mx\/en\/wp-json\/wp\/v2\/product\/7380\/revisions\/9050"}],"wp:featuredmedia":[{"embeddable":true,"href":"https:\/\/instamedic.mx\/en\/wp-json\/wp\/v2\/media\/7886"}],"wp:attachment":[{"href":"https:\/\/instamedic.mx\/en\/wp-json\/wp\/v2\/media?parent=7380"}],"wp:term":[{"taxonomy":"wpc-collection","embeddable":true,"href":"https:\/\/instamedic.mx\/en\/wp-json\/wp\/v2\/wpc-collection?post=7380"},{"taxonomy":"product_brand","embeddable":true,"href":"https:\/\/instamedic.mx\/en\/wp-json\/wp\/v2\/product_brand?post=7380"},{"taxonomy":"product_cat","embeddable":true,"href":"https:\/\/instamedic.mx\/en\/wp-json\/wp\/v2\/product_cat?post=7380"},{"taxonomy":"product_tag","embeddable":true,"href":"https:\/\/instamedic.mx\/en\/wp-json\/wp\/v2\/product_tag?post=7380"}],"curies":[{"name":"wp","href":"https:\/\/api.w.org\/{rel}","templated":true}]}}