{"id":7447,"date":"2019-08-09T23:19:37","date_gmt":"2019-08-09T23:19:37","guid":{"rendered":"https:\/\/instamedic.mx\/?post_type=product&#038;p=7447"},"modified":"2024-03-21T23:06:13","modified_gmt":"2024-03-21T23:06:13","slug":"plicometro-manual-hergom","status":"publish","type":"product","link":"https:\/\/instamedic.mx\/en\/tienda-medica\/equipo-medico\/equipo-nutricion\/plicometro\/plicometro-manual-hergom\/","title":{"rendered":"Plic\u00f3metro manual Hergom"},"content":{"rendered":"<p><strong>PLIC\u00d3METRO MANUAL HERGOM\u00a0<\/strong><\/p>\n<p><strong>D<\/strong><strong>ESCRIPCI\u00d3N GENERAL<\/strong><\/p>\n<p>El plic\u00f3metro o adip\u00f3metro es el m\u00e9todo para calcular el porcentaje de grasa corporal. Se trata de un sencillo instrumento que sirve para medir los pliegues del cuerpo. Con los dedos \u00edndice y pulgar se separa la piel del cuerpo; la pinza del plic\u00f3metro agarra entonces la piel en la parte m\u00e1s cercana al cuerpo y se obtiene una medida en mil\u00edmetros.<\/p>\n<p>* Pinza para medir grasa corporal<br \/>\n* Medidor de pliegues subcut\u00e1neos<br \/>\n* Basado en criterios anat\u00f3micos y fisiol\u00f3gicos<br \/>\n* Ideal para m\u00e9dicos fisiculturistas, deportistas, nutri\u00f3logos y personas que necesite un control peri\u00f3dico de su grasa corporal<br \/>\n* Escala en mil\u00edmetros y pulgadas<br \/>\n* Incluye tabla de grasa corporal<br \/>\n* Fabricado en pl\u00e1stico resistente<\/p>\n<p>*\u00a0<u>Garant\u00eda<\/u>: 1 a\u00f1o con el fabricante (salvo en casos obvios de mal uso o da\u00f1o\u00a0 accidental)<\/p>","protected":false},"excerpt":{"rendered":"<p>* Pinza para medir grasa corporal<br \/>\n* Medidor de pliegues subcut\u00e1neos<br \/>\n* Basado en criterios anat\u00f3micos y fisiol\u00f3gicos<br \/>\n* Ideal para m\u00e9dicos fisiculturistas, deportistas, nutri\u00f3logos y personas que necesite un control peri\u00f3dico de su grasa corporal<br \/>\n* Escala en mil\u00edmetros y pulgadas<br \/>\n* Incluye tabla de grasa corporal<br \/>\n* Fabricado en pl\u00e1stico resistente<\/p>","protected":false},"featured_media":7450,"comment_status":"open","ping_status":"closed","template":"","meta":[],"wpc-collection":[],"product_brand":[],"product_cat":[204],"product_tag":[124,206,205,207],"yoast_head":"<!-- This site is optimized with the Yoast SEO Premium plugin v22.3 (Yoast SEO v22.4) - https:\/\/yoast.com\/wordpress\/plugins\/seo\/ -->\n<title>Plic\u00f3metro manual Hergom | Instamedic<\/title>\n<meta name=\"robots\" content=\"index, follow, max-snippet:-1, max-image-preview:large, max-video-preview:-1\" \/>\n<link rel=\"canonical\" href=\"https:\/\/instamedic.mx\/en\/tienda-medica\/equipo-medico\/equipo-nutricion\/plicometro\/plicometro-manual-hergom\/\" \/>\n<meta property=\"og:locale\" content=\"en_US\" \/>\n<meta property=\"og:type\" content=\"article\" \/>\n<meta property=\"og:title\" content=\"Plic\u00f3metro manual Hergom\" \/>\n<meta property=\"og:description\" content=\"* Pinza para medir grasa corporal * Medidor de pliegues subcut\u00e1neos * Basado en criterios anat\u00f3micos y fisiol\u00f3gicos * Ideal para m\u00e9dicos fisiculturistas, deportistas, nutri\u00f3logos y personas que necesite un control peri\u00f3dico de su grasa corporal * Escala en mil\u00edmetros y pulgadas * Incluye tabla de grasa corporal * Fabricado en pl\u00e1stico resistente\" \/>\n<meta property=\"og:url\" content=\"https:\/\/instamedic.mx\/en\/tienda-medica\/equipo-medico\/equipo-nutricion\/plicometro\/plicometro-manual-hergom\/\" \/>\n<meta property=\"og:site_name\" content=\"Instamedic\" \/>\n<meta property=\"article:publisher\" content=\"https:\/\/www.facebook.com\/instamedicmx\" \/>\n<meta property=\"article:modified_time\" content=\"2024-03-21T23:06:13+00:00\" \/>\n<meta property=\"og:image\" content=\"https:\/\/instamedic.mx\/wp-content\/uploads\/2019\/08\/Plicometro-manual-hergom-bf01.jpg\" \/>\n\t<meta property=\"og:image:width\" content=\"1200\" \/>\n\t<meta property=\"og:image:height\" content=\"1200\" \/>\n\t<meta property=\"og:image:type\" content=\"image\/jpeg\" \/>\n<meta name=\"twitter:card\" content=\"summary_large_image\" \/>\n<meta name=\"twitter:label1\" content=\"Est. reading time\" \/>\n\t<meta name=\"twitter:data1\" content=\"1 minute\" \/>\n<script type=\"application\/ld+json\" class=\"yoast-schema-graph\">{\"@context\":\"https:\/\/schema.org\",\"@graph\":[{\"@type\":\"WebPage\",\"@id\":\"https:\/\/instamedic.mx\/tienda-medica\/equipo-medico\/equipo-nutricion\/plicometro\/plicometro-manual-hergom\/\",\"url\":\"https:\/\/instamedic.mx\/tienda-medica\/equipo-medico\/equipo-nutricion\/plicometro\/plicometro-manual-hergom\/\",\"name\":\"Plic\u00f3metro manual Hergom | Instamedic\",\"isPartOf\":{\"@id\":\"https:\/\/instamedic.mx\/#website\"},\"primaryImageOfPage\":{\"@id\":\"https:\/\/instamedic.mx\/tienda-medica\/equipo-medico\/equipo-nutricion\/plicometro\/plicometro-manual-hergom\/#primaryimage\"},\"image\":{\"@id\":\"https:\/\/instamedic.mx\/tienda-medica\/equipo-medico\/equipo-nutricion\/plicometro\/plicometro-manual-hergom\/#primaryimage\"},\"thumbnailUrl\":\"https:\/\/instamedic.mx\/wp-content\/uploads\/2019\/08\/Plicometro-manual-hergom-bf01.jpg\",\"datePublished\":\"2019-08-09T23:19:37+00:00\",\"dateModified\":\"2024-03-21T23:06:13+00:00\",\"breadcrumb\":{\"@id\":\"https:\/\/instamedic.mx\/tienda-medica\/equipo-medico\/equipo-nutricion\/plicometro\/plicometro-manual-hergom\/#breadcrumb\"},\"inLanguage\":\"en-US\",\"potentialAction\":[{\"@type\":\"ReadAction\",\"target\":[\"https:\/\/instamedic.mx\/tienda-medica\/equipo-medico\/equipo-nutricion\/plicometro\/plicometro-manual-hergom\/\"]}]},{\"@type\":\"ImageObject\",\"inLanguage\":\"en-US\",\"@id\":\"https:\/\/instamedic.mx\/tienda-medica\/equipo-medico\/equipo-nutricion\/plicometro\/plicometro-manual-hergom\/#primaryimage\",\"url\":\"https:\/\/instamedic.mx\/wp-content\/uploads\/2019\/08\/Plicometro-manual-hergom-bf01.jpg\",\"contentUrl\":\"https:\/\/instamedic.mx\/wp-content\/uploads\/2019\/08\/Plicometro-manual-hergom-bf01.jpg\",\"width\":1200,\"height\":1200,\"caption\":\"_Plicometro manual-hergom-bf01\"},{\"@type\":\"BreadcrumbList\",\"@id\":\"https:\/\/instamedic.mx\/tienda-medica\/equipo-medico\/equipo-nutricion\/plicometro\/plicometro-manual-hergom\/#breadcrumb\",\"itemListElement\":[{\"@type\":\"ListItem\",\"position\":1,\"name\":\"Inicio\",\"item\":\"https:\/\/instamedic.mx\/\"},{\"@type\":\"ListItem\",\"position\":2,\"name\":\"Tienda m\u00e9dica\",\"item\":\"https:\/\/instamedic.mx\/tienda-medica\/\"},{\"@type\":\"ListItem\",\"position\":3,\"name\":\"Plic\u00f3metro manual Hergom\"}]},{\"@type\":\"WebSite\",\"@id\":\"https:\/\/instamedic.mx\/#website\",\"url\":\"https:\/\/instamedic.mx\/\",\"name\":\"INSTAMEDIC\",\"description\":\"Venta de equipo m\u00e9dico, instrumental y uniformes quirpurgicos\",\"publisher\":{\"@id\":\"https:\/\/instamedic.mx\/#organization\"},\"potentialAction\":[{\"@type\":\"SearchAction\",\"target\":{\"@type\":\"EntryPoint\",\"urlTemplate\":\"https:\/\/instamedic.mx\/?s={search_term_string}\"},\"query-input\":\"required name=search_term_string\"}],\"inLanguage\":\"en-US\"},{\"@type\":\"Organization\",\"@id\":\"https:\/\/instamedic.mx\/#organization\",\"name\":\"INSTAMEDIC\",\"url\":\"https:\/\/instamedic.mx\/\",\"logo\":{\"@type\":\"ImageObject\",\"inLanguage\":\"en-US\",\"@id\":\"https:\/\/instamedic.mx\/#\/schema\/logo\/image\/\",\"url\":\"https:\/\/instamedic.mx\/wp-content\/uploads\/2024\/02\/Logo-instamedic.png\",\"contentUrl\":\"https:\/\/instamedic.mx\/wp-content\/uploads\/2024\/02\/Logo-instamedic.png\",\"width\":500,\"height\":500,\"caption\":\"INSTAMEDIC\"},\"image\":{\"@id\":\"https:\/\/instamedic.mx\/#\/schema\/logo\/image\/\"},\"sameAs\":[\"https:\/\/www.facebook.com\/instamedicmx\",\"https:\/\/www.instagram.com\/instamedic_mx\/\"],\"email\":\"info@instamedic.mx\",\"telephone\":\"8713426247\"}]}<\/script>\n<!-- \/ Yoast SEO Premium plugin. -->","yoast_head_json":{"title":"Plic\u00f3metro manual Hergom | Instamedic","robots":{"index":"index","follow":"follow","max-snippet":"max-snippet:-1","max-image-preview":"max-image-preview:large","max-video-preview":"max-video-preview:-1"},"canonical":"https:\/\/instamedic.mx\/en\/tienda-medica\/equipo-medico\/equipo-nutricion\/plicometro\/plicometro-manual-hergom\/","og_locale":"en_US","og_type":"article","og_title":"Plic\u00f3metro manual Hergom","og_description":"* Pinza para medir grasa corporal * Medidor de pliegues subcut\u00e1neos * Basado en criterios anat\u00f3micos y fisiol\u00f3gicos * Ideal para m\u00e9dicos fisiculturistas, deportistas, nutri\u00f3logos y personas que necesite un control peri\u00f3dico de su grasa corporal * Escala en mil\u00edmetros y pulgadas * Incluye tabla de grasa corporal * Fabricado en pl\u00e1stico resistente","og_url":"https:\/\/instamedic.mx\/en\/tienda-medica\/equipo-medico\/equipo-nutricion\/plicometro\/plicometro-manual-hergom\/","og_site_name":"Instamedic","article_publisher":"https:\/\/www.facebook.com\/instamedicmx","article_modified_time":"2024-03-21T23:06:13+00:00","og_image":[{"width":1200,"height":1200,"url":"https:\/\/instamedic.mx\/wp-content\/uploads\/2019\/08\/Plicometro-manual-hergom-bf01.jpg","type":"image\/jpeg"}],"twitter_card":"summary_large_image","twitter_misc":{"Est. reading time":"1 minute"},"schema":{"@context":"https:\/\/schema.org","@graph":[{"@type":"WebPage","@id":"https:\/\/instamedic.mx\/tienda-medica\/equipo-medico\/equipo-nutricion\/plicometro\/plicometro-manual-hergom\/","url":"https:\/\/instamedic.mx\/tienda-medica\/equipo-medico\/equipo-nutricion\/plicometro\/plicometro-manual-hergom\/","name":"Plic\u00f3metro manual Hergom | Instamedic","isPartOf":{"@id":"https:\/\/instamedic.mx\/#website"},"primaryImageOfPage":{"@id":"https:\/\/instamedic.mx\/tienda-medica\/equipo-medico\/equipo-nutricion\/plicometro\/plicometro-manual-hergom\/#primaryimage"},"image":{"@id":"https:\/\/instamedic.mx\/tienda-medica\/equipo-medico\/equipo-nutricion\/plicometro\/plicometro-manual-hergom\/#primaryimage"},"thumbnailUrl":"https:\/\/instamedic.mx\/wp-content\/uploads\/2019\/08\/Plicometro-manual-hergom-bf01.jpg","datePublished":"2019-08-09T23:19:37+00:00","dateModified":"2024-03-21T23:06:13+00:00","breadcrumb":{"@id":"https:\/\/instamedic.mx\/tienda-medica\/equipo-medico\/equipo-nutricion\/plicometro\/plicometro-manual-hergom\/#breadcrumb"},"inLanguage":"en-US","potentialAction":[{"@type":"ReadAction","target":["https:\/\/instamedic.mx\/tienda-medica\/equipo-medico\/equipo-nutricion\/plicometro\/plicometro-manual-hergom\/"]}]},{"@type":"ImageObject","inLanguage":"en-US","@id":"https:\/\/instamedic.mx\/tienda-medica\/equipo-medico\/equipo-nutricion\/plicometro\/plicometro-manual-hergom\/#primaryimage","url":"https:\/\/instamedic.mx\/wp-content\/uploads\/2019\/08\/Plicometro-manual-hergom-bf01.jpg","contentUrl":"https:\/\/instamedic.mx\/wp-content\/uploads\/2019\/08\/Plicometro-manual-hergom-bf01.jpg","width":1200,"height":1200,"caption":"_Plicometro manual-hergom-bf01"},{"@type":"BreadcrumbList","@id":"https:\/\/instamedic.mx\/tienda-medica\/equipo-medico\/equipo-nutricion\/plicometro\/plicometro-manual-hergom\/#breadcrumb","itemListElement":[{"@type":"ListItem","position":1,"name":"Inicio","item":"https:\/\/instamedic.mx\/"},{"@type":"ListItem","position":2,"name":"Tienda m\u00e9dica","item":"https:\/\/instamedic.mx\/tienda-medica\/"},{"@type":"ListItem","position":3,"name":"Plic\u00f3metro manual Hergom"}]},{"@type":"WebSite","@id":"https:\/\/instamedic.mx\/#website","url":"https:\/\/instamedic.mx\/","name":"INSTAMEDIC","description":"Venta de equipo m\u00e9dico, instrumental y uniformes quirpurgicos","publisher":{"@id":"https:\/\/instamedic.mx\/#organization"},"potentialAction":[{"@type":"SearchAction","target":{"@type":"EntryPoint","urlTemplate":"https:\/\/instamedic.mx\/?s={search_term_string}"},"query-input":"required name=search_term_string"}],"inLanguage":"en-US"},{"@type":"Organization","@id":"https:\/\/instamedic.mx\/#organization","name":"INSTAMEDIC","url":"https:\/\/instamedic.mx\/","logo":{"@type":"ImageObject","inLanguage":"en-US","@id":"https:\/\/instamedic.mx\/#\/schema\/logo\/image\/","url":"https:\/\/instamedic.mx\/wp-content\/uploads\/2024\/02\/Logo-instamedic.png","contentUrl":"https:\/\/instamedic.mx\/wp-content\/uploads\/2024\/02\/Logo-instamedic.png","width":500,"height":500,"caption":"INSTAMEDIC"},"image":{"@id":"https:\/\/instamedic.mx\/#\/schema\/logo\/image\/"},"sameAs":["https:\/\/www.facebook.com\/instamedicmx","https:\/\/www.instagram.com\/instamedic_mx\/"],"email":"info@instamedic.mx","telephone":"8713426247"}]}},"jetpack_sharing_enabled":true,"_links":{"self":[{"href":"https:\/\/instamedic.mx\/en\/wp-json\/wp\/v2\/product\/7447"}],"collection":[{"href":"https:\/\/instamedic.mx\/en\/wp-json\/wp\/v2\/product"}],"about":[{"href":"https:\/\/instamedic.mx\/en\/wp-json\/wp\/v2\/types\/product"}],"replies":[{"embeddable":true,"href":"https:\/\/instamedic.mx\/en\/wp-json\/wp\/v2\/comments?post=7447"}],"version-history":[{"count":0,"href":"https:\/\/instamedic.mx\/en\/wp-json\/wp\/v2\/product\/7447\/revisions"}],"wp:featuredmedia":[{"embeddable":true,"href":"https:\/\/instamedic.mx\/en\/wp-json\/wp\/v2\/media\/7450"}],"wp:attachment":[{"href":"https:\/\/instamedic.mx\/en\/wp-json\/wp\/v2\/media?parent=7447"}],"wp:term":[{"taxonomy":"wpc-collection","embeddable":true,"href":"https:\/\/instamedic.mx\/en\/wp-json\/wp\/v2\/wpc-collection?post=7447"},{"taxonomy":"product_brand","embeddable":true,"href":"https:\/\/instamedic.mx\/en\/wp-json\/wp\/v2\/product_brand?post=7447"},{"taxonomy":"product_cat","embeddable":true,"href":"https:\/\/instamedic.mx\/en\/wp-json\/wp\/v2\/product_cat?post=7447"},{"taxonomy":"product_tag","embeddable":true,"href":"https:\/\/instamedic.mx\/en\/wp-json\/wp\/v2\/product_tag?post=7447"}],"curies":[{"name":"wp","href":"https:\/\/api.w.org\/{rel}","templated":true}]}}