{"id":7458,"date":"2019-08-09T23:56:48","date_gmt":"2019-08-09T23:56:48","guid":{"rendered":"https:\/\/instamedic.mx\/?post_type=product&#038;p=7458"},"modified":"2021-04-03T22:51:08","modified_gmt":"2021-04-03T22:51:08","slug":"otoscopio-universal-checkatek","status":"publish","type":"product","link":"https:\/\/instamedic.mx\/en\/tienda-medica\/equipo-medico\/diagnostico\/otoscopio\/otoscopio-universal-checkatek\/","title":{"rendered":"Checkatek Universal Otoscope"},"content":{"rendered":"<p>&nbsp;<\/p>\n<ul>\n<li>Cuenta con un control de intensidad de luz (perilla en la parte superior del mango).<\/li>\n<li>Esp\u00e9culos auriculares de diferentes di\u00e1metros.<\/li>\n<li>Lupa integrada a la cabeza del otoscopio removible.<\/li>\n<li>Estuche tipo piel color negro.<\/li>\n<li>Mango negro liso de pl\u00e1stico.<\/li>\n<li>Requiere 2 bater\u00edas tipo C, 1.5 volts.Accesorios:<\/li>\n<li>6 esp\u00e9culos.<\/li>\n<li>Lupa removible.<\/li>\n<\/ul>\n<p>&nbsp;<\/p>","protected":false},"excerpt":{"rendered":"<ul>\n<li>Cuenta con un control de intensidad de luz (perilla en la parte superior del mango).<\/li>\n<li>Esp\u00e9culos auriculares de diferentes di\u00e1metros.<\/li>\n<li>Lupa integrada a la cabeza del otoscopio removible.<\/li>\n<li>Estuche tipo piel color negro.<\/li>\n<li>Mango negro liso de pl\u00e1stico.<\/li>\n<li>Requiere 2 bater\u00edas tipo C, 1.5 volts.Accesorios:<\/li>\n<li>6 esp\u00e9culos.<\/li>\n<li>Lupa removible.<\/li>\n<\/ul>","protected":false},"featured_media":7459,"comment_status":"open","ping_status":"closed","template":"","meta":[],"wpc-collection":[],"product_brand":[],"product_cat":[92,288],"product_tag":[126,124,212],"yoast_head":"<!-- This site is optimized with the Yoast SEO Premium plugin v22.3 (Yoast SEO v22.4) - https:\/\/yoast.com\/wordpress\/plugins\/seo\/ -->\n<title>Otoscopio universal Checkatek | Instamedic<\/title>\n<meta name=\"robots\" content=\"index, follow, max-snippet:-1, max-image-preview:large, max-video-preview:-1\" \/>\n<link rel=\"canonical\" href=\"https:\/\/instamedic.mx\/en\/tienda-medica\/equipo-medico\/diagnostico\/otoscopio\/otoscopio-universal-checkatek\/\" \/>\n<meta property=\"og:locale\" content=\"en_US\" \/>\n<meta property=\"og:type\" content=\"article\" \/>\n<meta property=\"og:title\" content=\"Otoscopio universal Checkatek\" \/>\n<meta property=\"og:description\" content=\"Cuenta con un control de intensidad de luz (perilla en la parte superior del mango).  Esp\u00e9culos auriculares de diferentes di\u00e1metros.  Lupa integrada a la cabeza del otoscopio removible.  Estuche tipo piel color negro.  Mango negro liso de pl\u00e1stico.  Requiere 2 bater\u00edas tipo C, 1.5 volts.Accesorios:  6 esp\u00e9culos.  Lupa removible.\" \/>\n<meta property=\"og:url\" content=\"https:\/\/instamedic.mx\/en\/tienda-medica\/equipo-medico\/diagnostico\/otoscopio\/otoscopio-universal-checkatek\/\" \/>\n<meta property=\"og:site_name\" content=\"Instamedic\" \/>\n<meta property=\"article:publisher\" content=\"https:\/\/www.facebook.com\/instamedicmx\" \/>\n<meta property=\"article:modified_time\" content=\"2021-04-03T22:51:08+00:00\" \/>\n<meta property=\"og:image\" content=\"https:\/\/instamedic.mx\/wp-content\/uploads\/2019\/08\/Otoscopio-universal-con-luz-estandar-ajustable-checkatek-hergom.jpg\" \/>\n\t<meta property=\"og:image:width\" content=\"1200\" \/>\n\t<meta property=\"og:image:height\" content=\"1200\" \/>\n\t<meta property=\"og:image:type\" content=\"image\/jpeg\" \/>\n<meta name=\"twitter:card\" content=\"summary_large_image\" \/>\n<script type=\"application\/ld+json\" class=\"yoast-schema-graph\">{\"@context\":\"https:\/\/schema.org\",\"@graph\":[{\"@type\":\"WebPage\",\"@id\":\"https:\/\/instamedic.mx\/tienda-medica\/equipo-medico\/diagnostico\/otoscopio\/otoscopio-universal-checkatek\/\",\"url\":\"https:\/\/instamedic.mx\/tienda-medica\/equipo-medico\/diagnostico\/otoscopio\/otoscopio-universal-checkatek\/\",\"name\":\"Otoscopio universal Checkatek | Instamedic\",\"isPartOf\":{\"@id\":\"https:\/\/instamedic.mx\/#website\"},\"primaryImageOfPage\":{\"@id\":\"https:\/\/instamedic.mx\/tienda-medica\/equipo-medico\/diagnostico\/otoscopio\/otoscopio-universal-checkatek\/#primaryimage\"},\"image\":{\"@id\":\"https:\/\/instamedic.mx\/tienda-medica\/equipo-medico\/diagnostico\/otoscopio\/otoscopio-universal-checkatek\/#primaryimage\"},\"thumbnailUrl\":\"https:\/\/instamedic.mx\/wp-content\/uploads\/2019\/08\/Otoscopio-universal-con-luz-estandar-ajustable-checkatek-hergom.jpg\",\"datePublished\":\"2019-08-09T23:56:48+00:00\",\"dateModified\":\"2021-04-03T22:51:08+00:00\",\"breadcrumb\":{\"@id\":\"https:\/\/instamedic.mx\/tienda-medica\/equipo-medico\/diagnostico\/otoscopio\/otoscopio-universal-checkatek\/#breadcrumb\"},\"inLanguage\":\"en-US\",\"potentialAction\":[{\"@type\":\"ReadAction\",\"target\":[\"https:\/\/instamedic.mx\/tienda-medica\/equipo-medico\/diagnostico\/otoscopio\/otoscopio-universal-checkatek\/\"]}]},{\"@type\":\"ImageObject\",\"inLanguage\":\"en-US\",\"@id\":\"https:\/\/instamedic.mx\/tienda-medica\/equipo-medico\/diagnostico\/otoscopio\/otoscopio-universal-checkatek\/#primaryimage\",\"url\":\"https:\/\/instamedic.mx\/wp-content\/uploads\/2019\/08\/Otoscopio-universal-con-luz-estandar-ajustable-checkatek-hergom.jpg\",\"contentUrl\":\"https:\/\/instamedic.mx\/wp-content\/uploads\/2019\/08\/Otoscopio-universal-con-luz-estandar-ajustable-checkatek-hergom.jpg\",\"width\":1200,\"height\":1200,\"caption\":\"Otoscopio universal con luz estandar ajustable checkatek hergom\"},{\"@type\":\"BreadcrumbList\",\"@id\":\"https:\/\/instamedic.mx\/tienda-medica\/equipo-medico\/diagnostico\/otoscopio\/otoscopio-universal-checkatek\/#breadcrumb\",\"itemListElement\":[{\"@type\":\"ListItem\",\"position\":1,\"name\":\"Inicio\",\"item\":\"https:\/\/instamedic.mx\/\"},{\"@type\":\"ListItem\",\"position\":2,\"name\":\"Tienda m\u00e9dica\",\"item\":\"https:\/\/instamedic.mx\/tienda-medica\/\"},{\"@type\":\"ListItem\",\"position\":3,\"name\":\"Otoscopio universal Checkatek\"}]},{\"@type\":\"WebSite\",\"@id\":\"https:\/\/instamedic.mx\/#website\",\"url\":\"https:\/\/instamedic.mx\/\",\"name\":\"INSTAMEDIC\",\"description\":\"Venta de equipo m\u00e9dico, instrumental y uniformes quirpurgicos\",\"publisher\":{\"@id\":\"https:\/\/instamedic.mx\/#organization\"},\"potentialAction\":[{\"@type\":\"SearchAction\",\"target\":{\"@type\":\"EntryPoint\",\"urlTemplate\":\"https:\/\/instamedic.mx\/?s={search_term_string}\"},\"query-input\":\"required name=search_term_string\"}],\"inLanguage\":\"en-US\"},{\"@type\":\"Organization\",\"@id\":\"https:\/\/instamedic.mx\/#organization\",\"name\":\"INSTAMEDIC\",\"url\":\"https:\/\/instamedic.mx\/\",\"logo\":{\"@type\":\"ImageObject\",\"inLanguage\":\"en-US\",\"@id\":\"https:\/\/instamedic.mx\/#\/schema\/logo\/image\/\",\"url\":\"https:\/\/instamedic.mx\/wp-content\/uploads\/2024\/02\/Logo-instamedic.png\",\"contentUrl\":\"https:\/\/instamedic.mx\/wp-content\/uploads\/2024\/02\/Logo-instamedic.png\",\"width\":500,\"height\":500,\"caption\":\"INSTAMEDIC\"},\"image\":{\"@id\":\"https:\/\/instamedic.mx\/#\/schema\/logo\/image\/\"},\"sameAs\":[\"https:\/\/www.facebook.com\/instamedicmx\",\"https:\/\/www.instagram.com\/instamedic_mx\/\"],\"email\":\"info@instamedic.mx\",\"telephone\":\"8713426247\"}]}<\/script>\n<!-- \/ Yoast SEO Premium plugin. -->","yoast_head_json":{"title":"Otoscopio universal Checkatek | Instamedic","robots":{"index":"index","follow":"follow","max-snippet":"max-snippet:-1","max-image-preview":"max-image-preview:large","max-video-preview":"max-video-preview:-1"},"canonical":"https:\/\/instamedic.mx\/en\/tienda-medica\/equipo-medico\/diagnostico\/otoscopio\/otoscopio-universal-checkatek\/","og_locale":"en_US","og_type":"article","og_title":"Otoscopio universal Checkatek","og_description":"Cuenta con un control de intensidad de luz (perilla en la parte superior del mango).  Esp\u00e9culos auriculares de diferentes di\u00e1metros.  Lupa integrada a la cabeza del otoscopio removible.  Estuche tipo piel color negro.  Mango negro liso de pl\u00e1stico.  Requiere 2 bater\u00edas tipo C, 1.5 volts.Accesorios:  6 esp\u00e9culos.  Lupa removible.","og_url":"https:\/\/instamedic.mx\/en\/tienda-medica\/equipo-medico\/diagnostico\/otoscopio\/otoscopio-universal-checkatek\/","og_site_name":"Instamedic","article_publisher":"https:\/\/www.facebook.com\/instamedicmx","article_modified_time":"2021-04-03T22:51:08+00:00","og_image":[{"width":1200,"height":1200,"url":"https:\/\/instamedic.mx\/wp-content\/uploads\/2019\/08\/Otoscopio-universal-con-luz-estandar-ajustable-checkatek-hergom.jpg","type":"image\/jpeg"}],"twitter_card":"summary_large_image","schema":{"@context":"https:\/\/schema.org","@graph":[{"@type":"WebPage","@id":"https:\/\/instamedic.mx\/tienda-medica\/equipo-medico\/diagnostico\/otoscopio\/otoscopio-universal-checkatek\/","url":"https:\/\/instamedic.mx\/tienda-medica\/equipo-medico\/diagnostico\/otoscopio\/otoscopio-universal-checkatek\/","name":"Otoscopio universal Checkatek | Instamedic","isPartOf":{"@id":"https:\/\/instamedic.mx\/#website"},"primaryImageOfPage":{"@id":"https:\/\/instamedic.mx\/tienda-medica\/equipo-medico\/diagnostico\/otoscopio\/otoscopio-universal-checkatek\/#primaryimage"},"image":{"@id":"https:\/\/instamedic.mx\/tienda-medica\/equipo-medico\/diagnostico\/otoscopio\/otoscopio-universal-checkatek\/#primaryimage"},"thumbnailUrl":"https:\/\/instamedic.mx\/wp-content\/uploads\/2019\/08\/Otoscopio-universal-con-luz-estandar-ajustable-checkatek-hergom.jpg","datePublished":"2019-08-09T23:56:48+00:00","dateModified":"2021-04-03T22:51:08+00:00","breadcrumb":{"@id":"https:\/\/instamedic.mx\/tienda-medica\/equipo-medico\/diagnostico\/otoscopio\/otoscopio-universal-checkatek\/#breadcrumb"},"inLanguage":"en-US","potentialAction":[{"@type":"ReadAction","target":["https:\/\/instamedic.mx\/tienda-medica\/equipo-medico\/diagnostico\/otoscopio\/otoscopio-universal-checkatek\/"]}]},{"@type":"ImageObject","inLanguage":"en-US","@id":"https:\/\/instamedic.mx\/tienda-medica\/equipo-medico\/diagnostico\/otoscopio\/otoscopio-universal-checkatek\/#primaryimage","url":"https:\/\/instamedic.mx\/wp-content\/uploads\/2019\/08\/Otoscopio-universal-con-luz-estandar-ajustable-checkatek-hergom.jpg","contentUrl":"https:\/\/instamedic.mx\/wp-content\/uploads\/2019\/08\/Otoscopio-universal-con-luz-estandar-ajustable-checkatek-hergom.jpg","width":1200,"height":1200,"caption":"Otoscopio universal con luz estandar ajustable checkatek hergom"},{"@type":"BreadcrumbList","@id":"https:\/\/instamedic.mx\/tienda-medica\/equipo-medico\/diagnostico\/otoscopio\/otoscopio-universal-checkatek\/#breadcrumb","itemListElement":[{"@type":"ListItem","position":1,"name":"Inicio","item":"https:\/\/instamedic.mx\/"},{"@type":"ListItem","position":2,"name":"Tienda m\u00e9dica","item":"https:\/\/instamedic.mx\/tienda-medica\/"},{"@type":"ListItem","position":3,"name":"Otoscopio universal Checkatek"}]},{"@type":"WebSite","@id":"https:\/\/instamedic.mx\/#website","url":"https:\/\/instamedic.mx\/","name":"INSTAMEDIC","description":"Venta de equipo m\u00e9dico, instrumental y uniformes quirpurgicos","publisher":{"@id":"https:\/\/instamedic.mx\/#organization"},"potentialAction":[{"@type":"SearchAction","target":{"@type":"EntryPoint","urlTemplate":"https:\/\/instamedic.mx\/?s={search_term_string}"},"query-input":"required name=search_term_string"}],"inLanguage":"en-US"},{"@type":"Organization","@id":"https:\/\/instamedic.mx\/#organization","name":"INSTAMEDIC","url":"https:\/\/instamedic.mx\/","logo":{"@type":"ImageObject","inLanguage":"en-US","@id":"https:\/\/instamedic.mx\/#\/schema\/logo\/image\/","url":"https:\/\/instamedic.mx\/wp-content\/uploads\/2024\/02\/Logo-instamedic.png","contentUrl":"https:\/\/instamedic.mx\/wp-content\/uploads\/2024\/02\/Logo-instamedic.png","width":500,"height":500,"caption":"INSTAMEDIC"},"image":{"@id":"https:\/\/instamedic.mx\/#\/schema\/logo\/image\/"},"sameAs":["https:\/\/www.facebook.com\/instamedicmx","https:\/\/www.instagram.com\/instamedic_mx\/"],"email":"info@instamedic.mx","telephone":"8713426247"}]}},"jetpack_sharing_enabled":true,"_links":{"self":[{"href":"https:\/\/instamedic.mx\/en\/wp-json\/wp\/v2\/product\/7458"}],"collection":[{"href":"https:\/\/instamedic.mx\/en\/wp-json\/wp\/v2\/product"}],"about":[{"href":"https:\/\/instamedic.mx\/en\/wp-json\/wp\/v2\/types\/product"}],"replies":[{"embeddable":true,"href":"https:\/\/instamedic.mx\/en\/wp-json\/wp\/v2\/comments?post=7458"}],"version-history":[{"count":0,"href":"https:\/\/instamedic.mx\/en\/wp-json\/wp\/v2\/product\/7458\/revisions"}],"wp:featuredmedia":[{"embeddable":true,"href":"https:\/\/instamedic.mx\/en\/wp-json\/wp\/v2\/media\/7459"}],"wp:attachment":[{"href":"https:\/\/instamedic.mx\/en\/wp-json\/wp\/v2\/media?parent=7458"}],"wp:term":[{"taxonomy":"wpc-collection","embeddable":true,"href":"https:\/\/instamedic.mx\/en\/wp-json\/wp\/v2\/wpc-collection?post=7458"},{"taxonomy":"product_brand","embeddable":true,"href":"https:\/\/instamedic.mx\/en\/wp-json\/wp\/v2\/product_brand?post=7458"},{"taxonomy":"product_cat","embeddable":true,"href":"https:\/\/instamedic.mx\/en\/wp-json\/wp\/v2\/product_cat?post=7458"},{"taxonomy":"product_tag","embeddable":true,"href":"https:\/\/instamedic.mx\/en\/wp-json\/wp\/v2\/product_tag?post=7458"}],"curies":[{"name":"wp","href":"https:\/\/api.w.org\/{rel}","templated":true}]}}