{"id":7461,"date":"2019-08-10T00:20:38","date_gmt":"2019-08-10T00:20:38","guid":{"rendered":"https:\/\/instamedic.mx\/?post_type=product&#038;p=7461"},"modified":"2023-02-08T16:07:09","modified_gmt":"2023-02-08T16:07:09","slug":"estuche-de-diagnostico-pocket-led-welch-allyn-welch-allyn","status":"publish","type":"product","link":"https:\/\/instamedic.mx\/en\/tienda-medica\/equipo-medico\/diagnostico\/estuche-de-diagnostico\/estuche-de-diagnostico-pocket-led-welch-allyn-welch-allyn\/","title":{"rendered":"Estuche de diagn\u00f3stico Pocket LED Welch Allyn"},"content":{"rendered":"<h2><u><strong>ESTUCHE DE DIAGN\u00d3STICO POCKET LED WELCH ALLYN<\/strong><\/u><\/h2>\n<p>El kit de diagn\u00f3stico\u00a0 LED\u00a0 de bolsillo Welch Allyn se ha dise\u00f1ado para su uso por parte de m\u00e9dicos o personal con cualificaci\u00f3n para pacientes adultos y\u00a0 pedi\u00e1tricos de ambos sexos tanto en entornos ambulatorio como de cuidados especiales. El otoscopio LED de bolsillo y los accesorios se han dise\u00f1ado para transmitir luz al canal auditivo\u00a0 a fin\u00a0 de evaluar la salud del o\u00eddo y ayudar al diagn\u00f3stico de enfermedades del\u00a0 o\u00eddo. El oftalmoscopio\u00a0 LED\u00a0 de bolsillo se ha dise\u00f1ado para ver el fondo de ojo y ayudar al diagn\u00f3stico de enfermedades de la estructura ocular. El dispositivo tambi\u00e9n tiene la finalidad de iluminar la c\u00f3rnea y el iris para detectar cuerpos extra\u00f1os en la c\u00f3rnea e irregularidades en la pupila<\/p>\n<p>Herramientas de diagn\u00f3stico de alto rendimiento para ayudarle a desarrollar y perfeccionar sus habilidades de evaluaci\u00f3n f\u00edsica. Una combinaci\u00f3n ganadora: El poder, la comodidad y la versatilidad del otoscopio y el oftalmoscopio Pocket Led. La eficiencia de las l\u00e1mparas LED tambi\u00e9n resulta en la salida de temperatura inferior que puede aumentar la comodidad tanto para el paciente y el medico. Welch Allyn l\u00e1mparas LED cuentan con la tecnolog\u00eda SureColor, que proporciona una salida de color consistente, mientras que la intensidad de luz baja a mejorar la vista o aumentar la comodidad del paciente. Permite que el color de la luz siga siendo el mismo aun cuando la intensidad de la luz se aten\u00faa. LA<\/p>\n<p>DIFERENCIA DE LA LUZ LED DE WELCH ALLYN<\/p>\n<p>Gracias al equilibrio correcto de la temperatura del color, el \u00edndice de reproducci\u00f3n crom\u00e1tica (IRC) y el brillo, hemos optimizado los bombillos LED en los instrumentos para Oftalmolog\u00eda y Otorrinolaringolog\u00eda para brindar los beneficios de la luz LED sin alterar la imagen con la que est\u00e1 familiarizado.<\/p>\n<p>* Los bombillos LED de Welch Allyn tienen una vida \u00fatil nominal de hasta 20.000 horas de uso.<br \/>\n* Permiten visualizar el color real del tejido del canal auditivo y del fondo de ojo, con claridad y definici\u00f3n.<br \/>\n* No requiere reemplazo del bombillo<\/p>\n<p>OTOSCOPIO POCKET LED<\/p>\n<p>Se trata de un otoscopio compacto y ligero que proporciona una luz m\u00e1s brillante de 3 lumens con iluminaci\u00f3n LED y una visi\u00f3n m\u00e1s amplia.<br \/>\n* El otoscopio de bolsillo m\u00e1s duradero del mercado actual, est\u00e1 dise\u00f1ado para perdurar desde su entrenamiento hasta el consultorio.<br \/>\n* Bombillos LED con tecnolog\u00eda SureColorTM patentada por Welch Allyn<br \/>\n* El otoscopio de Welch Allyn m\u00e1s liviano para mayor comodidad y control<br \/>\n* Iluminaci\u00f3n de fibra \u00f3ptica, que emite luz fr\u00eda, sin reflejos ni obstrucciones<\/p>\n<p>OFTALMOSCOPIO POCKET LED<\/p>\n<p>Oftalmoscopio compacto y ligero que proporciona una luz m\u00e1s brillante, \u00f3ptica sellada y un dial de apertura ajustable.<\/p>\n<p>* El oftalmoscopio de Welch Allyn m\u00e1s liviano para mayor portabilidad y facilidad de uso<br \/>\n* Bombillos LED con tecnolog\u00eda SureColor? patentada por Welch Allyn<br \/>\n* Uno de los oftalmoscopios m\u00e1s duraderos del mercado actual, lo convierte en una herramienta confiable para su entrenamiento y pr\u00e1ctica m\u00e9dica<br \/>\n* Cuenta con las aberturas y los filtros de nuestros oftalmoscopios de tama\u00f1o tradicional para que no tenga que sacrificar ninguna funcionalidad<br \/>\n* Lentes de dioptr\u00eda 19(-20 a +20).<br \/>\n* Incluye esp\u00e9culos, \u00a0mangos y cangurera.<br \/>\n* Alimentaci\u00f3n bater\u00edas AA<\/p>\n<p>LAS ESPECIFICACIONES EST\u00c1N SUJETAS A CAMBIOS SIN NOTIFICACI\u00d3N<\/p>","protected":false},"excerpt":{"rendered":"<p>Oftalmoscopio compacto y ligero que proporciona una luz m\u00e1s brillante, \u00f3ptica sellada y un dial de apertura ajustable.<\/p>\n<p>* El oftalmoscopio de Welch Allyn m\u00e1s liviano para mayor portabilidad y facilidad de uso<br \/>\n* Bombillos LED con tecnolog\u00eda SureColor? patentada por Welch Allyn<br \/>\n* Uno de los oftalmoscopios m\u00e1s duraderos del mercado actual, lo convierte en una herramienta confiable para su entrenamiento y pr\u00e1ctica m\u00e9dica<br \/>\n* Cuenta con las aberturas y los filtros de nuestros oftalmoscopios de tama\u00f1o tradicional para que no tenga que sacrificar ninguna funcionalidad<br \/>\n* Lentes de dioptr\u00eda 19(-20 a +20).<br \/>\n* Incluye esp\u00e9culos, \u00a0mangos y cangurera.<br \/>\n* Alimentaci\u00f3n bater\u00edas AA<\/p>","protected":false},"featured_media":7466,"comment_status":"open","ping_status":"closed","template":"","meta":[],"wpc-collection":[],"product_brand":[],"product_cat":[214],"product_tag":[216,218,217,215],"yoast_head":"<!-- This site is optimized with the Yoast SEO Premium plugin v22.3 (Yoast SEO v22.4) - https:\/\/yoast.com\/wordpress\/plugins\/seo\/ -->\n<title>Estuche de diagn\u00f3stico Pocket LED Welch Allyn | Instamedic<\/title>\n<meta name=\"robots\" content=\"index, follow, max-snippet:-1, max-image-preview:large, max-video-preview:-1\" \/>\n<link rel=\"canonical\" href=\"https:\/\/instamedic.mx\/en\/tienda-medica\/equipo-medico\/diagnostico\/estuche-de-diagnostico\/estuche-de-diagnostico-pocket-led-welch-allyn-welch-allyn\/\" \/>\n<meta property=\"og:locale\" content=\"en_US\" \/>\n<meta property=\"og:type\" content=\"article\" \/>\n<meta property=\"og:title\" content=\"Estuche de diagn\u00f3stico Pocket LED Welch Allyn\" \/>\n<meta property=\"og:description\" content=\"Oftalmoscopio compacto y ligero que proporciona una luz m\u00e1s brillante, \u00f3ptica sellada y un dial de apertura ajustable.  * El oftalmoscopio de Welch Allyn m\u00e1s liviano para mayor portabilidad y facilidad de uso * Bombillos LED con tecnolog\u00eda SureColor? patentada por Welch Allyn * Uno de los oftalmoscopios m\u00e1s duraderos del mercado actual, lo convierte en una herramienta confiable para su entrenamiento y pr\u00e1ctica m\u00e9dica * Cuenta con las aberturas y los filtros de nuestros oftalmoscopios de tama\u00f1o tradicional para que no tenga que sacrificar ninguna funcionalidad * Lentes de dioptr\u00eda 19(-20 a +20). * Incluye esp\u00e9culos, \u00a0mangos y cangurera. * Alimentaci\u00f3n bater\u00edas AA\" \/>\n<meta property=\"og:url\" content=\"https:\/\/instamedic.mx\/en\/tienda-medica\/equipo-medico\/diagnostico\/estuche-de-diagnostico\/estuche-de-diagnostico-pocket-led-welch-allyn-welch-allyn\/\" \/>\n<meta property=\"og:site_name\" content=\"Instamedic\" \/>\n<meta property=\"article:publisher\" content=\"https:\/\/www.facebook.com\/instamedicmx\" \/>\n<meta property=\"article:modified_time\" content=\"2023-02-08T16:07:09+00:00\" \/>\n<meta property=\"og:image\" content=\"https:\/\/instamedic.mx\/wp-content\/uploads\/2019\/08\/Estuche-de-diagnostico-pocket-led-walch-Allyn.jpg\" \/>\n\t<meta property=\"og:image:width\" content=\"999\" \/>\n\t<meta property=\"og:image:height\" content=\"1000\" \/>\n\t<meta property=\"og:image:type\" content=\"image\/jpeg\" \/>\n<meta name=\"twitter:card\" content=\"summary_large_image\" \/>\n<meta name=\"twitter:label1\" content=\"Est. reading time\" \/>\n\t<meta name=\"twitter:data1\" content=\"3 minutes\" \/>\n<script type=\"application\/ld+json\" class=\"yoast-schema-graph\">{\"@context\":\"https:\/\/schema.org\",\"@graph\":[{\"@type\":\"WebPage\",\"@id\":\"https:\/\/instamedic.mx\/tienda-medica\/equipo-medico\/diagnostico\/estuche-de-diagnostico\/estuche-de-diagnostico-pocket-led-welch-allyn-welch-allyn\/\",\"url\":\"https:\/\/instamedic.mx\/tienda-medica\/equipo-medico\/diagnostico\/estuche-de-diagnostico\/estuche-de-diagnostico-pocket-led-welch-allyn-welch-allyn\/\",\"name\":\"Estuche de diagn\u00f3stico Pocket LED Welch Allyn | Instamedic\",\"isPartOf\":{\"@id\":\"https:\/\/instamedic.mx\/#website\"},\"primaryImageOfPage\":{\"@id\":\"https:\/\/instamedic.mx\/tienda-medica\/equipo-medico\/diagnostico\/estuche-de-diagnostico\/estuche-de-diagnostico-pocket-led-welch-allyn-welch-allyn\/#primaryimage\"},\"image\":{\"@id\":\"https:\/\/instamedic.mx\/tienda-medica\/equipo-medico\/diagnostico\/estuche-de-diagnostico\/estuche-de-diagnostico-pocket-led-welch-allyn-welch-allyn\/#primaryimage\"},\"thumbnailUrl\":\"https:\/\/instamedic.mx\/wp-content\/uploads\/2019\/08\/Estuche-de-diagnostico-pocket-led-walch-Allyn.jpg\",\"datePublished\":\"2019-08-10T00:20:38+00:00\",\"dateModified\":\"2023-02-08T16:07:09+00:00\",\"breadcrumb\":{\"@id\":\"https:\/\/instamedic.mx\/tienda-medica\/equipo-medico\/diagnostico\/estuche-de-diagnostico\/estuche-de-diagnostico-pocket-led-welch-allyn-welch-allyn\/#breadcrumb\"},\"inLanguage\":\"en-US\",\"potentialAction\":[{\"@type\":\"ReadAction\",\"target\":[\"https:\/\/instamedic.mx\/tienda-medica\/equipo-medico\/diagnostico\/estuche-de-diagnostico\/estuche-de-diagnostico-pocket-led-welch-allyn-welch-allyn\/\"]}]},{\"@type\":\"ImageObject\",\"inLanguage\":\"en-US\",\"@id\":\"https:\/\/instamedic.mx\/tienda-medica\/equipo-medico\/diagnostico\/estuche-de-diagnostico\/estuche-de-diagnostico-pocket-led-welch-allyn-welch-allyn\/#primaryimage\",\"url\":\"https:\/\/instamedic.mx\/wp-content\/uploads\/2019\/08\/Estuche-de-diagnostico-pocket-led-walch-Allyn.jpg\",\"contentUrl\":\"https:\/\/instamedic.mx\/wp-content\/uploads\/2019\/08\/Estuche-de-diagnostico-pocket-led-walch-Allyn.jpg\",\"width\":999,\"height\":1000,\"caption\":\"Estuche de diagnostico pocket led walch Allyn\"},{\"@type\":\"BreadcrumbList\",\"@id\":\"https:\/\/instamedic.mx\/tienda-medica\/equipo-medico\/diagnostico\/estuche-de-diagnostico\/estuche-de-diagnostico-pocket-led-welch-allyn-welch-allyn\/#breadcrumb\",\"itemListElement\":[{\"@type\":\"ListItem\",\"position\":1,\"name\":\"Inicio\",\"item\":\"https:\/\/instamedic.mx\/\"},{\"@type\":\"ListItem\",\"position\":2,\"name\":\"Tienda m\u00e9dica\",\"item\":\"https:\/\/instamedic.mx\/tienda-medica\/\"},{\"@type\":\"ListItem\",\"position\":3,\"name\":\"Estuche de diagn\u00f3stico Pocket LED Welch Allyn\"}]},{\"@type\":\"WebSite\",\"@id\":\"https:\/\/instamedic.mx\/#website\",\"url\":\"https:\/\/instamedic.mx\/\",\"name\":\"INSTAMEDIC\",\"description\":\"Venta de equipo m\u00e9dico, instrumental y uniformes quirpurgicos\",\"publisher\":{\"@id\":\"https:\/\/instamedic.mx\/#organization\"},\"potentialAction\":[{\"@type\":\"SearchAction\",\"target\":{\"@type\":\"EntryPoint\",\"urlTemplate\":\"https:\/\/instamedic.mx\/?s={search_term_string}\"},\"query-input\":\"required name=search_term_string\"}],\"inLanguage\":\"en-US\"},{\"@type\":\"Organization\",\"@id\":\"https:\/\/instamedic.mx\/#organization\",\"name\":\"INSTAMEDIC\",\"url\":\"https:\/\/instamedic.mx\/\",\"logo\":{\"@type\":\"ImageObject\",\"inLanguage\":\"en-US\",\"@id\":\"https:\/\/instamedic.mx\/#\/schema\/logo\/image\/\",\"url\":\"https:\/\/instamedic.mx\/wp-content\/uploads\/2024\/02\/Logo-instamedic.png\",\"contentUrl\":\"https:\/\/instamedic.mx\/wp-content\/uploads\/2024\/02\/Logo-instamedic.png\",\"width\":500,\"height\":500,\"caption\":\"INSTAMEDIC\"},\"image\":{\"@id\":\"https:\/\/instamedic.mx\/#\/schema\/logo\/image\/\"},\"sameAs\":[\"https:\/\/www.facebook.com\/instamedicmx\",\"https:\/\/www.instagram.com\/instamedic_mx\/\"],\"email\":\"info@instamedic.mx\",\"telephone\":\"8713426247\"}]}<\/script>\n<!-- \/ Yoast SEO Premium plugin. -->","yoast_head_json":{"title":"Estuche de diagn\u00f3stico Pocket LED Welch Allyn | Instamedic","robots":{"index":"index","follow":"follow","max-snippet":"max-snippet:-1","max-image-preview":"max-image-preview:large","max-video-preview":"max-video-preview:-1"},"canonical":"https:\/\/instamedic.mx\/en\/tienda-medica\/equipo-medico\/diagnostico\/estuche-de-diagnostico\/estuche-de-diagnostico-pocket-led-welch-allyn-welch-allyn\/","og_locale":"en_US","og_type":"article","og_title":"Estuche de diagn\u00f3stico Pocket LED Welch Allyn","og_description":"Oftalmoscopio compacto y ligero que proporciona una luz m\u00e1s brillante, \u00f3ptica sellada y un dial de apertura ajustable.  * El oftalmoscopio de Welch Allyn m\u00e1s liviano para mayor portabilidad y facilidad de uso * Bombillos LED con tecnolog\u00eda SureColor? patentada por Welch Allyn * Uno de los oftalmoscopios m\u00e1s duraderos del mercado actual, lo convierte en una herramienta confiable para su entrenamiento y pr\u00e1ctica m\u00e9dica * Cuenta con las aberturas y los filtros de nuestros oftalmoscopios de tama\u00f1o tradicional para que no tenga que sacrificar ninguna funcionalidad * Lentes de dioptr\u00eda 19(-20 a +20). * Incluye esp\u00e9culos, \u00a0mangos y cangurera. * Alimentaci\u00f3n bater\u00edas AA","og_url":"https:\/\/instamedic.mx\/en\/tienda-medica\/equipo-medico\/diagnostico\/estuche-de-diagnostico\/estuche-de-diagnostico-pocket-led-welch-allyn-welch-allyn\/","og_site_name":"Instamedic","article_publisher":"https:\/\/www.facebook.com\/instamedicmx","article_modified_time":"2023-02-08T16:07:09+00:00","og_image":[{"width":999,"height":1000,"url":"https:\/\/instamedic.mx\/wp-content\/uploads\/2019\/08\/Estuche-de-diagnostico-pocket-led-walch-Allyn.jpg","type":"image\/jpeg"}],"twitter_card":"summary_large_image","twitter_misc":{"Est. reading time":"3 minutes"},"schema":{"@context":"https:\/\/schema.org","@graph":[{"@type":"WebPage","@id":"https:\/\/instamedic.mx\/tienda-medica\/equipo-medico\/diagnostico\/estuche-de-diagnostico\/estuche-de-diagnostico-pocket-led-welch-allyn-welch-allyn\/","url":"https:\/\/instamedic.mx\/tienda-medica\/equipo-medico\/diagnostico\/estuche-de-diagnostico\/estuche-de-diagnostico-pocket-led-welch-allyn-welch-allyn\/","name":"Estuche de diagn\u00f3stico Pocket LED Welch Allyn | Instamedic","isPartOf":{"@id":"https:\/\/instamedic.mx\/#website"},"primaryImageOfPage":{"@id":"https:\/\/instamedic.mx\/tienda-medica\/equipo-medico\/diagnostico\/estuche-de-diagnostico\/estuche-de-diagnostico-pocket-led-welch-allyn-welch-allyn\/#primaryimage"},"image":{"@id":"https:\/\/instamedic.mx\/tienda-medica\/equipo-medico\/diagnostico\/estuche-de-diagnostico\/estuche-de-diagnostico-pocket-led-welch-allyn-welch-allyn\/#primaryimage"},"thumbnailUrl":"https:\/\/instamedic.mx\/wp-content\/uploads\/2019\/08\/Estuche-de-diagnostico-pocket-led-walch-Allyn.jpg","datePublished":"2019-08-10T00:20:38+00:00","dateModified":"2023-02-08T16:07:09+00:00","breadcrumb":{"@id":"https:\/\/instamedic.mx\/tienda-medica\/equipo-medico\/diagnostico\/estuche-de-diagnostico\/estuche-de-diagnostico-pocket-led-welch-allyn-welch-allyn\/#breadcrumb"},"inLanguage":"en-US","potentialAction":[{"@type":"ReadAction","target":["https:\/\/instamedic.mx\/tienda-medica\/equipo-medico\/diagnostico\/estuche-de-diagnostico\/estuche-de-diagnostico-pocket-led-welch-allyn-welch-allyn\/"]}]},{"@type":"ImageObject","inLanguage":"en-US","@id":"https:\/\/instamedic.mx\/tienda-medica\/equipo-medico\/diagnostico\/estuche-de-diagnostico\/estuche-de-diagnostico-pocket-led-welch-allyn-welch-allyn\/#primaryimage","url":"https:\/\/instamedic.mx\/wp-content\/uploads\/2019\/08\/Estuche-de-diagnostico-pocket-led-walch-Allyn.jpg","contentUrl":"https:\/\/instamedic.mx\/wp-content\/uploads\/2019\/08\/Estuche-de-diagnostico-pocket-led-walch-Allyn.jpg","width":999,"height":1000,"caption":"Estuche de diagnostico pocket led walch Allyn"},{"@type":"BreadcrumbList","@id":"https:\/\/instamedic.mx\/tienda-medica\/equipo-medico\/diagnostico\/estuche-de-diagnostico\/estuche-de-diagnostico-pocket-led-welch-allyn-welch-allyn\/#breadcrumb","itemListElement":[{"@type":"ListItem","position":1,"name":"Inicio","item":"https:\/\/instamedic.mx\/"},{"@type":"ListItem","position":2,"name":"Tienda m\u00e9dica","item":"https:\/\/instamedic.mx\/tienda-medica\/"},{"@type":"ListItem","position":3,"name":"Estuche de diagn\u00f3stico Pocket LED Welch Allyn"}]},{"@type":"WebSite","@id":"https:\/\/instamedic.mx\/#website","url":"https:\/\/instamedic.mx\/","name":"INSTAMEDIC","description":"Venta de equipo m\u00e9dico, instrumental y uniformes quirpurgicos","publisher":{"@id":"https:\/\/instamedic.mx\/#organization"},"potentialAction":[{"@type":"SearchAction","target":{"@type":"EntryPoint","urlTemplate":"https:\/\/instamedic.mx\/?s={search_term_string}"},"query-input":"required name=search_term_string"}],"inLanguage":"en-US"},{"@type":"Organization","@id":"https:\/\/instamedic.mx\/#organization","name":"INSTAMEDIC","url":"https:\/\/instamedic.mx\/","logo":{"@type":"ImageObject","inLanguage":"en-US","@id":"https:\/\/instamedic.mx\/#\/schema\/logo\/image\/","url":"https:\/\/instamedic.mx\/wp-content\/uploads\/2024\/02\/Logo-instamedic.png","contentUrl":"https:\/\/instamedic.mx\/wp-content\/uploads\/2024\/02\/Logo-instamedic.png","width":500,"height":500,"caption":"INSTAMEDIC"},"image":{"@id":"https:\/\/instamedic.mx\/#\/schema\/logo\/image\/"},"sameAs":["https:\/\/www.facebook.com\/instamedicmx","https:\/\/www.instagram.com\/instamedic_mx\/"],"email":"info@instamedic.mx","telephone":"8713426247"}]}},"jetpack_sharing_enabled":true,"_links":{"self":[{"href":"https:\/\/instamedic.mx\/en\/wp-json\/wp\/v2\/product\/7461"}],"collection":[{"href":"https:\/\/instamedic.mx\/en\/wp-json\/wp\/v2\/product"}],"about":[{"href":"https:\/\/instamedic.mx\/en\/wp-json\/wp\/v2\/types\/product"}],"replies":[{"embeddable":true,"href":"https:\/\/instamedic.mx\/en\/wp-json\/wp\/v2\/comments?post=7461"}],"version-history":[{"count":1,"href":"https:\/\/instamedic.mx\/en\/wp-json\/wp\/v2\/product\/7461\/revisions"}],"predecessor-version":[{"id":8297,"href":"https:\/\/instamedic.mx\/en\/wp-json\/wp\/v2\/product\/7461\/revisions\/8297"}],"wp:featuredmedia":[{"embeddable":true,"href":"https:\/\/instamedic.mx\/en\/wp-json\/wp\/v2\/media\/7466"}],"wp:attachment":[{"href":"https:\/\/instamedic.mx\/en\/wp-json\/wp\/v2\/media?parent=7461"}],"wp:term":[{"taxonomy":"wpc-collection","embeddable":true,"href":"https:\/\/instamedic.mx\/en\/wp-json\/wp\/v2\/wpc-collection?post=7461"},{"taxonomy":"product_brand","embeddable":true,"href":"https:\/\/instamedic.mx\/en\/wp-json\/wp\/v2\/product_brand?post=7461"},{"taxonomy":"product_cat","embeddable":true,"href":"https:\/\/instamedic.mx\/en\/wp-json\/wp\/v2\/product_cat?post=7461"},{"taxonomy":"product_tag","embeddable":true,"href":"https:\/\/instamedic.mx\/en\/wp-json\/wp\/v2\/product_tag?post=7461"}],"curies":[{"name":"wp","href":"https:\/\/api.w.org\/{rel}","templated":true}]}}