{"id":7529,"date":"2019-08-16T00:00:13","date_gmt":"2019-08-16T00:00:13","guid":{"rendered":"https:\/\/instamedic.mx\/?post_type=product&#038;p=7529"},"modified":"2023-09-19T00:25:37","modified_gmt":"2023-09-19T00:25:37","slug":"conjunto-quirurgico-clasico-para-caballero","status":"publish","type":"product","link":"https:\/\/instamedic.mx\/en\/tienda-medica\/uniformes\/quirurgicos-uniformes\/conjunto-quirurgico-clasico-para-caballero\/","title":{"rendered":"Classic Surgical Suit for Men"},"content":{"rendered":"<p>Contiene:<br \/>\nCamisa manga corta, con una bolsa frontal,<br \/>\npantal\u00f3n con el\u00e1stico, jareta en cintura, 2 bolsas laterales y una bolsa trasera.<\/p>\n<p><span class=\"tela-title\">TELA<\/span><br \/>\n<span id=\"tela-composicion\" class=\"tela-info\">70%\/30% Pol.\/Alg.<\/span><\/p>","protected":false},"excerpt":{"rendered":"<div>Camisa manga corta, con una bolsa frontal, pantal\u00f3n con el\u00e1stico, jareta en cintura, 2 bolsas laterales y una bolsa trasera.<\/div>\n<div><\/div>\n<div class=\"col-lg-6 col-md-6 col-sm-6 col-xs-12 tela-cell text-center\"><span class=\"tela-title\">TELA<\/span><br \/>\n<span id=\"tela-composicion\" class=\"tela-info\">70%\/30% Pol.\/Alg.<\/span><\/div>\n<div><\/div>\n<table dir=\"ltr\" border=\"1\" cellspacing=\"0\" cellpadding=\"0\">\n<colgroup>\n<col width=\"100\" \/>\n<col width=\"100\" \/>\n<col width=\"100\" \/>\n<col width=\"100\" \/>\n<col width=\"100\" \/><\/colgroup>\n<tbody>\n<tr>\n<td data-sheets-value=\"{\">Talla<\/td>\n<td data-sheets-value=\"{\">Pecho<\/td>\n<td data-sheets-value=\"{\">Largo<\/td>\n<td data-sheets-value=\"{\">Cintura<\/td>\n<td data-sheets-value=\"{\">Largo Pantal\u00f3n<\/td>\n<\/tr>\n<tr>\n<td data-sheets-value=\"{\">S<\/td>\n<td data-sheets-value=\"{\">108<\/td>\n<td data-sheets-value=\"{\">68<\/td>\n<td data-sheets-value=\"{\">106<\/td>\n<td data-sheets-value=\"{\">103<\/td>\n<\/tr>\n<tr>\n<td data-sheets-value=\"{\">M<\/td>\n<td data-sheets-value=\"{\">112<\/td>\n<td data-sheets-value=\"{\">69<\/td>\n<td data-sheets-value=\"{\">110<\/td>\n<td data-sheets-value=\"{\">106<\/td>\n<\/tr>\n<tr>\n<td data-sheets-value=\"{\">L<\/td>\n<td data-sheets-value=\"{\">120<\/td>\n<td data-sheets-value=\"{\">72<\/td>\n<td data-sheets-value=\"{\">116<\/td>\n<td data-sheets-value=\"{\">106<\/td>\n<\/tr>\n<tr>\n<td data-sheets-value=\"{\">XL<\/td>\n<td data-sheets-value=\"{\">126<\/td>\n<td data-sheets-value=\"{\">74<\/td>\n<td data-sheets-value=\"{\">120<\/td>\n<td data-sheets-value=\"{\">108<\/td>\n<\/tr>\n<tr>\n<td data-sheets-value=\"{\">2XL<\/td>\n<td data-sheets-value=\"{\">128<\/td>\n<td data-sheets-value=\"{\">75<\/td>\n<td data-sheets-value=\"{\">124<\/td>\n<td data-sheets-value=\"{\">110<\/td>\n<\/tr>\n<tr>\n<td data-sheets-value=\"{\">3XL<\/td>\n<td data-sheets-value=\"{\">132<\/td>\n<td data-sheets-value=\"{\">77<\/td>\n<td data-sheets-value=\"{\">128<\/td>\n<td data-sheets-value=\"{\">111<\/td>\n<\/tr>\n<\/tbody>\n<\/table>","protected":false},"featured_media":9669,"comment_status":"open","ping_status":"closed","template":"","meta":[],"wpc-collection":[],"product_brand":[662],"product_cat":[158,167],"product_tag":[242,201,245,161,243,244,160],"yoast_head":"<!-- This site is optimized with the Yoast SEO Premium plugin v22.3 (Yoast SEO v22.4) - https:\/\/yoast.com\/wordpress\/plugins\/seo\/ -->\n<title>Conjunto Quir\u00fargico Cl\u00e1sico para caballero | Instamedic<\/title>\n<meta name=\"robots\" content=\"index, follow, max-snippet:-1, max-image-preview:large, max-video-preview:-1\" \/>\n<link rel=\"canonical\" href=\"https:\/\/instamedic.mx\/en\/tienda-medica\/uniformes\/quirurgicos-uniformes\/conjunto-quirurgico-clasico-para-caballero\/\" \/>\n<meta property=\"og:locale\" content=\"en_US\" \/>\n<meta property=\"og:type\" content=\"article\" \/>\n<meta property=\"og:title\" content=\"Conjunto Quir\u00fargico Cl\u00e1sico para caballero\" \/>\n<meta property=\"og:description\" content=\"Camisa manga corta, con una bolsa frontal, pantal\u00f3n con el\u00e1stico, jareta en cintura, 2 bolsas laterales y una bolsa trasera.  TELA 70%\/30% Pol.\/Alg.        Talla Pecho Largo Cintura Largo Pantal\u00f3n   S 108 68 106 103   M 112 69 110 106   L 120 72 116 106   XL 126 74 120 108   2XL 128 75 124 110   3XL 132 77 128 111\" \/>\n<meta property=\"og:url\" content=\"https:\/\/instamedic.mx\/en\/tienda-medica\/uniformes\/quirurgicos-uniformes\/conjunto-quirurgico-clasico-para-caballero\/\" \/>\n<meta property=\"og:site_name\" content=\"Instamedic\" \/>\n<meta property=\"article:publisher\" content=\"https:\/\/www.facebook.com\/instamedicmx\" \/>\n<meta property=\"article:modified_time\" content=\"2023-09-19T00:25:37+00:00\" \/>\n<meta property=\"og:image\" content=\"https:\/\/instamedic.mx\/wp-content\/uploads\/2019\/08\/Uniforme-quirurgico-unitam-color-azul-marino.jpg\" \/>\n\t<meta property=\"og:image:width\" content=\"373\" \/>\n\t<meta property=\"og:image:height\" content=\"560\" \/>\n\t<meta property=\"og:image:type\" content=\"image\/jpeg\" \/>\n<meta name=\"twitter:card\" content=\"summary_large_image\" \/>\n<meta name=\"twitter:label1\" content=\"Est. reading time\" \/>\n\t<meta name=\"twitter:data1\" content=\"1 minute\" \/>\n<script type=\"application\/ld+json\" class=\"yoast-schema-graph\">{\"@context\":\"https:\/\/schema.org\",\"@graph\":[{\"@type\":\"WebPage\",\"@id\":\"https:\/\/instamedic.mx\/tienda-medica\/uniformes\/quirurgicos-uniformes\/conjunto-quirurgico-clasico-para-caballero\/\",\"url\":\"https:\/\/instamedic.mx\/tienda-medica\/uniformes\/quirurgicos-uniformes\/conjunto-quirurgico-clasico-para-caballero\/\",\"name\":\"Conjunto Quir\u00fargico Cl\u00e1sico para caballero | Instamedic\",\"isPartOf\":{\"@id\":\"https:\/\/instamedic.mx\/#website\"},\"primaryImageOfPage\":{\"@id\":\"https:\/\/instamedic.mx\/tienda-medica\/uniformes\/quirurgicos-uniformes\/conjunto-quirurgico-clasico-para-caballero\/#primaryimage\"},\"image\":{\"@id\":\"https:\/\/instamedic.mx\/tienda-medica\/uniformes\/quirurgicos-uniformes\/conjunto-quirurgico-clasico-para-caballero\/#primaryimage\"},\"thumbnailUrl\":\"https:\/\/instamedic.mx\/wp-content\/uploads\/2019\/08\/Uniforme-quirurgico-unitam-color-azul-marino.jpg\",\"datePublished\":\"2019-08-16T00:00:13+00:00\",\"dateModified\":\"2023-09-19T00:25:37+00:00\",\"breadcrumb\":{\"@id\":\"https:\/\/instamedic.mx\/tienda-medica\/uniformes\/quirurgicos-uniformes\/conjunto-quirurgico-clasico-para-caballero\/#breadcrumb\"},\"inLanguage\":\"en-US\",\"potentialAction\":[{\"@type\":\"ReadAction\",\"target\":[\"https:\/\/instamedic.mx\/tienda-medica\/uniformes\/quirurgicos-uniformes\/conjunto-quirurgico-clasico-para-caballero\/\"]}]},{\"@type\":\"ImageObject\",\"inLanguage\":\"en-US\",\"@id\":\"https:\/\/instamedic.mx\/tienda-medica\/uniformes\/quirurgicos-uniformes\/conjunto-quirurgico-clasico-para-caballero\/#primaryimage\",\"url\":\"https:\/\/instamedic.mx\/wp-content\/uploads\/2019\/08\/Uniforme-quirurgico-unitam-color-azul-marino.jpg\",\"contentUrl\":\"https:\/\/instamedic.mx\/wp-content\/uploads\/2019\/08\/Uniforme-quirurgico-unitam-color-azul-marino.jpg\",\"width\":373,\"height\":560},{\"@type\":\"BreadcrumbList\",\"@id\":\"https:\/\/instamedic.mx\/tienda-medica\/uniformes\/quirurgicos-uniformes\/conjunto-quirurgico-clasico-para-caballero\/#breadcrumb\",\"itemListElement\":[{\"@type\":\"ListItem\",\"position\":1,\"name\":\"Inicio\",\"item\":\"https:\/\/instamedic.mx\/\"},{\"@type\":\"ListItem\",\"position\":2,\"name\":\"Tienda m\u00e9dica\",\"item\":\"https:\/\/instamedic.mx\/tienda-medica\/\"},{\"@type\":\"ListItem\",\"position\":3,\"name\":\"Conjunto Quir\u00fargico Cl\u00e1sico para caballero\"}]},{\"@type\":\"WebSite\",\"@id\":\"https:\/\/instamedic.mx\/#website\",\"url\":\"https:\/\/instamedic.mx\/\",\"name\":\"INSTAMEDIC\",\"description\":\"Venta de equipo m\u00e9dico, instrumental y uniformes quirpurgicos\",\"publisher\":{\"@id\":\"https:\/\/instamedic.mx\/#organization\"},\"potentialAction\":[{\"@type\":\"SearchAction\",\"target\":{\"@type\":\"EntryPoint\",\"urlTemplate\":\"https:\/\/instamedic.mx\/?s={search_term_string}\"},\"query-input\":\"required name=search_term_string\"}],\"inLanguage\":\"en-US\"},{\"@type\":\"Organization\",\"@id\":\"https:\/\/instamedic.mx\/#organization\",\"name\":\"INSTAMEDIC\",\"url\":\"https:\/\/instamedic.mx\/\",\"logo\":{\"@type\":\"ImageObject\",\"inLanguage\":\"en-US\",\"@id\":\"https:\/\/instamedic.mx\/#\/schema\/logo\/image\/\",\"url\":\"https:\/\/instamedic.mx\/wp-content\/uploads\/2024\/02\/Logo-instamedic.png\",\"contentUrl\":\"https:\/\/instamedic.mx\/wp-content\/uploads\/2024\/02\/Logo-instamedic.png\",\"width\":500,\"height\":500,\"caption\":\"INSTAMEDIC\"},\"image\":{\"@id\":\"https:\/\/instamedic.mx\/#\/schema\/logo\/image\/\"},\"sameAs\":[\"https:\/\/www.facebook.com\/instamedicmx\",\"https:\/\/www.instagram.com\/instamedic_mx\/\"],\"email\":\"info@instamedic.mx\",\"telephone\":\"8713426247\"}]}<\/script>\n<!-- \/ Yoast SEO Premium plugin. -->","yoast_head_json":{"title":"Conjunto Quir\u00fargico Cl\u00e1sico para caballero | Instamedic","robots":{"index":"index","follow":"follow","max-snippet":"max-snippet:-1","max-image-preview":"max-image-preview:large","max-video-preview":"max-video-preview:-1"},"canonical":"https:\/\/instamedic.mx\/en\/tienda-medica\/uniformes\/quirurgicos-uniformes\/conjunto-quirurgico-clasico-para-caballero\/","og_locale":"en_US","og_type":"article","og_title":"Conjunto Quir\u00fargico Cl\u00e1sico para caballero","og_description":"Camisa manga corta, con una bolsa frontal, pantal\u00f3n con el\u00e1stico, jareta en cintura, 2 bolsas laterales y una bolsa trasera.  TELA 70%\/30% Pol.\/Alg.        Talla Pecho Largo Cintura Largo Pantal\u00f3n   S 108 68 106 103   M 112 69 110 106   L 120 72 116 106   XL 126 74 120 108   2XL 128 75 124 110   3XL 132 77 128 111","og_url":"https:\/\/instamedic.mx\/en\/tienda-medica\/uniformes\/quirurgicos-uniformes\/conjunto-quirurgico-clasico-para-caballero\/","og_site_name":"Instamedic","article_publisher":"https:\/\/www.facebook.com\/instamedicmx","article_modified_time":"2023-09-19T00:25:37+00:00","og_image":[{"width":373,"height":560,"url":"https:\/\/instamedic.mx\/wp-content\/uploads\/2019\/08\/Uniforme-quirurgico-unitam-color-azul-marino.jpg","type":"image\/jpeg"}],"twitter_card":"summary_large_image","twitter_misc":{"Est. reading time":"1 minute"},"schema":{"@context":"https:\/\/schema.org","@graph":[{"@type":"WebPage","@id":"https:\/\/instamedic.mx\/tienda-medica\/uniformes\/quirurgicos-uniformes\/conjunto-quirurgico-clasico-para-caballero\/","url":"https:\/\/instamedic.mx\/tienda-medica\/uniformes\/quirurgicos-uniformes\/conjunto-quirurgico-clasico-para-caballero\/","name":"Conjunto Quir\u00fargico Cl\u00e1sico para caballero | Instamedic","isPartOf":{"@id":"https:\/\/instamedic.mx\/#website"},"primaryImageOfPage":{"@id":"https:\/\/instamedic.mx\/tienda-medica\/uniformes\/quirurgicos-uniformes\/conjunto-quirurgico-clasico-para-caballero\/#primaryimage"},"image":{"@id":"https:\/\/instamedic.mx\/tienda-medica\/uniformes\/quirurgicos-uniformes\/conjunto-quirurgico-clasico-para-caballero\/#primaryimage"},"thumbnailUrl":"https:\/\/instamedic.mx\/wp-content\/uploads\/2019\/08\/Uniforme-quirurgico-unitam-color-azul-marino.jpg","datePublished":"2019-08-16T00:00:13+00:00","dateModified":"2023-09-19T00:25:37+00:00","breadcrumb":{"@id":"https:\/\/instamedic.mx\/tienda-medica\/uniformes\/quirurgicos-uniformes\/conjunto-quirurgico-clasico-para-caballero\/#breadcrumb"},"inLanguage":"en-US","potentialAction":[{"@type":"ReadAction","target":["https:\/\/instamedic.mx\/tienda-medica\/uniformes\/quirurgicos-uniformes\/conjunto-quirurgico-clasico-para-caballero\/"]}]},{"@type":"ImageObject","inLanguage":"en-US","@id":"https:\/\/instamedic.mx\/tienda-medica\/uniformes\/quirurgicos-uniformes\/conjunto-quirurgico-clasico-para-caballero\/#primaryimage","url":"https:\/\/instamedic.mx\/wp-content\/uploads\/2019\/08\/Uniforme-quirurgico-unitam-color-azul-marino.jpg","contentUrl":"https:\/\/instamedic.mx\/wp-content\/uploads\/2019\/08\/Uniforme-quirurgico-unitam-color-azul-marino.jpg","width":373,"height":560},{"@type":"BreadcrumbList","@id":"https:\/\/instamedic.mx\/tienda-medica\/uniformes\/quirurgicos-uniformes\/conjunto-quirurgico-clasico-para-caballero\/#breadcrumb","itemListElement":[{"@type":"ListItem","position":1,"name":"Inicio","item":"https:\/\/instamedic.mx\/"},{"@type":"ListItem","position":2,"name":"Tienda m\u00e9dica","item":"https:\/\/instamedic.mx\/tienda-medica\/"},{"@type":"ListItem","position":3,"name":"Conjunto Quir\u00fargico Cl\u00e1sico para caballero"}]},{"@type":"WebSite","@id":"https:\/\/instamedic.mx\/#website","url":"https:\/\/instamedic.mx\/","name":"INSTAMEDIC","description":"Venta de equipo m\u00e9dico, instrumental y uniformes quirpurgicos","publisher":{"@id":"https:\/\/instamedic.mx\/#organization"},"potentialAction":[{"@type":"SearchAction","target":{"@type":"EntryPoint","urlTemplate":"https:\/\/instamedic.mx\/?s={search_term_string}"},"query-input":"required name=search_term_string"}],"inLanguage":"en-US"},{"@type":"Organization","@id":"https:\/\/instamedic.mx\/#organization","name":"INSTAMEDIC","url":"https:\/\/instamedic.mx\/","logo":{"@type":"ImageObject","inLanguage":"en-US","@id":"https:\/\/instamedic.mx\/#\/schema\/logo\/image\/","url":"https:\/\/instamedic.mx\/wp-content\/uploads\/2024\/02\/Logo-instamedic.png","contentUrl":"https:\/\/instamedic.mx\/wp-content\/uploads\/2024\/02\/Logo-instamedic.png","width":500,"height":500,"caption":"INSTAMEDIC"},"image":{"@id":"https:\/\/instamedic.mx\/#\/schema\/logo\/image\/"},"sameAs":["https:\/\/www.facebook.com\/instamedicmx","https:\/\/www.instagram.com\/instamedic_mx\/"],"email":"info@instamedic.mx","telephone":"8713426247"}]}},"jetpack_sharing_enabled":true,"_links":{"self":[{"href":"https:\/\/instamedic.mx\/en\/wp-json\/wp\/v2\/product\/7529"}],"collection":[{"href":"https:\/\/instamedic.mx\/en\/wp-json\/wp\/v2\/product"}],"about":[{"href":"https:\/\/instamedic.mx\/en\/wp-json\/wp\/v2\/types\/product"}],"replies":[{"embeddable":true,"href":"https:\/\/instamedic.mx\/en\/wp-json\/wp\/v2\/comments?post=7529"}],"version-history":[{"count":1,"href":"https:\/\/instamedic.mx\/en\/wp-json\/wp\/v2\/product\/7529\/revisions"}],"predecessor-version":[{"id":8256,"href":"https:\/\/instamedic.mx\/en\/wp-json\/wp\/v2\/product\/7529\/revisions\/8256"}],"wp:featuredmedia":[{"embeddable":true,"href":"https:\/\/instamedic.mx\/en\/wp-json\/wp\/v2\/media\/9669"}],"wp:attachment":[{"href":"https:\/\/instamedic.mx\/en\/wp-json\/wp\/v2\/media?parent=7529"}],"wp:term":[{"taxonomy":"wpc-collection","embeddable":true,"href":"https:\/\/instamedic.mx\/en\/wp-json\/wp\/v2\/wpc-collection?post=7529"},{"taxonomy":"product_brand","embeddable":true,"href":"https:\/\/instamedic.mx\/en\/wp-json\/wp\/v2\/product_brand?post=7529"},{"taxonomy":"product_cat","embeddable":true,"href":"https:\/\/instamedic.mx\/en\/wp-json\/wp\/v2\/product_cat?post=7529"},{"taxonomy":"product_tag","embeddable":true,"href":"https:\/\/instamedic.mx\/en\/wp-json\/wp\/v2\/product_tag?post=7529"}],"curies":[{"name":"wp","href":"https:\/\/api.w.org\/{rel}","templated":true}]}}