{"id":7675,"date":"2019-10-31T01:08:09","date_gmt":"2019-10-31T01:08:09","guid":{"rendered":"https:\/\/instamedic.mx\/?post_type=product&#038;p=7675"},"modified":"2020-08-13T22:18:18","modified_gmt":"2020-08-13T22:18:18","slug":"termometro-pediatrico","status":"publish","type":"product","link":"https:\/\/instamedic.mx\/en\/tienda-medica\/equipo-medico\/diagnostico\/termometros\/termometro-pediatrico\/","title":{"rendered":"Term\u00f3metro Pedi\u00e1trico"},"content":{"rendered":"<h2><a href=\"https:\/\/instamedic.mx\/wp-content\/uploads\/2019\/10\/Termometro-pediatrico-hergom.jpg\"><img fetchpriority=\"high\" decoding=\"async\" class=\"alignnone size-medium wp-image-7684\" src=\"https:\/\/instamedic.mx\/wp-content\/uploads\/2019\/10\/Termometro-pediatrico-hergom-520x330.jpg\" alt=\"Termometro pediatrico hergom\" width=\"520\" height=\"330\" \/><\/a><br \/>\nTerm\u00f3metro Pedi\u00e1trico Hergom<\/h2>\n<p>El term\u00f3metro Digital Hergom ECT-10 combina caracter\u00edsticas que permiten un mejor diagnostico. cuenta con un dise\u00f1o pensado espec\u00edficamente para los ni\u00f1os, tecnolog\u00eda exacta de medici\u00f3n y garantiza la seguridad de los ni\u00f1os al utilizar materiales 100% libres de mercurio y vidrio. Una vez iniciada la medici\u00f3n en tan solo 60 segundos se activar\u00e1 una alarma indic\u00e1ndole que la medici\u00f3n se complet\u00f3. Su uso puede ser oral, axilar y rectal.<\/p>\n<h3>Caracter\u00edsticas del term\u00f3metro<\/h3>\n<ul>\n<li>Dise\u00f1o con forma de Panda, Perro, Rana y Pato a elegir.<\/li>\n<li>Pantalla de LCD de f\u00e1cil lectura<\/li>\n<li>Alarma ac\u00fastica para indicar que la medici\u00f3n est\u00e1 lista.<\/li>\n<li>Memoria de la \u00faltima lectura.<\/li>\n<li>Mide temperaturas entre 32\u00b0C a 42\u00b0C<\/li>\n<li>Indica resultado en menos de un minuto.<\/li>\n<li>Funda para punta y sensor para proteger de golpes leves y cuando no est\u00e1 en uso.<\/li>\n<li>Uso oral, axilar y rectal.<\/li>\n<li>Incluye bater\u00eda para usarse de inmediato<\/li>\n<\/ul>","protected":false},"excerpt":{"rendered":"<p>El term\u00f3metro Digital Hergom ECT-10 cuenta con dise\u00f1os pensados espec\u00edficamente para mejorar la interacci\u00f3n con los ni\u00f1os, adem\u00e1s de una tecnolog\u00eda exacta de medici\u00f3n. cuida la seguridad de los ni\u00f1os utilizando materiales 100% libres de mercurio y vidrio.<\/p>\n<p>Obt\u00e9n el resultado de la medici\u00f3n en tan solo 60 segundos cuenta una alarma que indica cuando la medici\u00f3n se complet\u00f3.<br \/>\nSu uso puede ser oral, axilar y rectal.<\/p>","protected":false},"featured_media":7684,"comment_status":"open","ping_status":"closed","template":"","meta":[],"wpc-collection":[],"product_brand":[],"product_cat":[94],"product_tag":[124,152,287],"yoast_head":"<!-- This site is optimized with the Yoast SEO Premium plugin v22.3 (Yoast SEO v22.4) - https:\/\/yoast.com\/wordpress\/plugins\/seo\/ -->\n<title>Term\u00f3metro Pedi\u00e1trico | Instamedic<\/title>\n<meta name=\"robots\" content=\"index, follow, max-snippet:-1, max-image-preview:large, max-video-preview:-1\" \/>\n<link rel=\"canonical\" href=\"https:\/\/instamedic.mx\/en\/tienda-medica\/equipo-medico\/diagnostico\/termometros\/termometro-pediatrico\/\" \/>\n<meta property=\"og:locale\" content=\"en_US\" \/>\n<meta property=\"og:type\" content=\"article\" \/>\n<meta property=\"og:title\" content=\"Term\u00f3metro Pedi\u00e1trico\" \/>\n<meta property=\"og:description\" content=\"El term\u00f3metro Digital Hergom ECT-10 cuenta con dise\u00f1os pensados espec\u00edficamente para mejorar la interacci\u00f3n con los ni\u00f1os, adem\u00e1s de una tecnolog\u00eda exacta de medici\u00f3n. cuida la seguridad de los ni\u00f1os utilizando materiales 100% libres de mercurio y vidrio.  Obt\u00e9n el resultado de la medici\u00f3n en tan solo 60 segundos cuenta una alarma que indica cuando la medici\u00f3n se complet\u00f3. Su uso puede ser oral, axilar y rectal.\" \/>\n<meta property=\"og:url\" content=\"https:\/\/instamedic.mx\/en\/tienda-medica\/equipo-medico\/diagnostico\/termometros\/termometro-pediatrico\/\" \/>\n<meta property=\"og:site_name\" content=\"Instamedic\" \/>\n<meta property=\"article:publisher\" content=\"https:\/\/www.facebook.com\/instamedicmx\" \/>\n<meta property=\"article:modified_time\" content=\"2020-08-13T22:18:18+00:00\" \/>\n<meta property=\"og:image\" content=\"https:\/\/instamedic.mx\/wp-content\/uploads\/2019\/10\/Termometro-pediatrico-hergom.jpg\" \/>\n\t<meta property=\"og:image:width\" content=\"695\" \/>\n\t<meta property=\"og:image:height\" content=\"441\" \/>\n\t<meta property=\"og:image:type\" content=\"image\/jpeg\" \/>\n<meta name=\"twitter:card\" content=\"summary_large_image\" \/>\n<meta name=\"twitter:label1\" content=\"Est. reading time\" \/>\n\t<meta name=\"twitter:data1\" content=\"1 minute\" \/>\n<script type=\"application\/ld+json\" class=\"yoast-schema-graph\">{\"@context\":\"https:\/\/schema.org\",\"@graph\":[{\"@type\":\"WebPage\",\"@id\":\"https:\/\/instamedic.mx\/tienda-medica\/equipo-medico\/diagnostico\/termometros\/termometro-pediatrico\/\",\"url\":\"https:\/\/instamedic.mx\/tienda-medica\/equipo-medico\/diagnostico\/termometros\/termometro-pediatrico\/\",\"name\":\"Term\u00f3metro Pedi\u00e1trico | Instamedic\",\"isPartOf\":{\"@id\":\"https:\/\/instamedic.mx\/#website\"},\"primaryImageOfPage\":{\"@id\":\"https:\/\/instamedic.mx\/tienda-medica\/equipo-medico\/diagnostico\/termometros\/termometro-pediatrico\/#primaryimage\"},\"image\":{\"@id\":\"https:\/\/instamedic.mx\/tienda-medica\/equipo-medico\/diagnostico\/termometros\/termometro-pediatrico\/#primaryimage\"},\"thumbnailUrl\":\"https:\/\/instamedic.mx\/wp-content\/uploads\/2019\/10\/Termometro-pediatrico-hergom.jpg\",\"datePublished\":\"2019-10-31T01:08:09+00:00\",\"dateModified\":\"2020-08-13T22:18:18+00:00\",\"breadcrumb\":{\"@id\":\"https:\/\/instamedic.mx\/tienda-medica\/equipo-medico\/diagnostico\/termometros\/termometro-pediatrico\/#breadcrumb\"},\"inLanguage\":\"en-US\",\"potentialAction\":[{\"@type\":\"ReadAction\",\"target\":[\"https:\/\/instamedic.mx\/tienda-medica\/equipo-medico\/diagnostico\/termometros\/termometro-pediatrico\/\"]}]},{\"@type\":\"ImageObject\",\"inLanguage\":\"en-US\",\"@id\":\"https:\/\/instamedic.mx\/tienda-medica\/equipo-medico\/diagnostico\/termometros\/termometro-pediatrico\/#primaryimage\",\"url\":\"https:\/\/instamedic.mx\/wp-content\/uploads\/2019\/10\/Termometro-pediatrico-hergom.jpg\",\"contentUrl\":\"https:\/\/instamedic.mx\/wp-content\/uploads\/2019\/10\/Termometro-pediatrico-hergom.jpg\",\"width\":695,\"height\":441,\"caption\":\"Termometro pediatrico hergom\"},{\"@type\":\"BreadcrumbList\",\"@id\":\"https:\/\/instamedic.mx\/tienda-medica\/equipo-medico\/diagnostico\/termometros\/termometro-pediatrico\/#breadcrumb\",\"itemListElement\":[{\"@type\":\"ListItem\",\"position\":1,\"name\":\"Inicio\",\"item\":\"https:\/\/instamedic.mx\/\"},{\"@type\":\"ListItem\",\"position\":2,\"name\":\"Tienda m\u00e9dica\",\"item\":\"https:\/\/instamedic.mx\/tienda-medica\/\"},{\"@type\":\"ListItem\",\"position\":3,\"name\":\"Term\u00f3metro Pedi\u00e1trico\"}]},{\"@type\":\"WebSite\",\"@id\":\"https:\/\/instamedic.mx\/#website\",\"url\":\"https:\/\/instamedic.mx\/\",\"name\":\"INSTAMEDIC\",\"description\":\"Venta de equipo m\u00e9dico, instrumental y uniformes quirpurgicos\",\"publisher\":{\"@id\":\"https:\/\/instamedic.mx\/#organization\"},\"potentialAction\":[{\"@type\":\"SearchAction\",\"target\":{\"@type\":\"EntryPoint\",\"urlTemplate\":\"https:\/\/instamedic.mx\/?s={search_term_string}\"},\"query-input\":\"required name=search_term_string\"}],\"inLanguage\":\"en-US\"},{\"@type\":\"Organization\",\"@id\":\"https:\/\/instamedic.mx\/#organization\",\"name\":\"INSTAMEDIC\",\"url\":\"https:\/\/instamedic.mx\/\",\"logo\":{\"@type\":\"ImageObject\",\"inLanguage\":\"en-US\",\"@id\":\"https:\/\/instamedic.mx\/#\/schema\/logo\/image\/\",\"url\":\"https:\/\/instamedic.mx\/wp-content\/uploads\/2024\/02\/Logo-instamedic.png\",\"contentUrl\":\"https:\/\/instamedic.mx\/wp-content\/uploads\/2024\/02\/Logo-instamedic.png\",\"width\":500,\"height\":500,\"caption\":\"INSTAMEDIC\"},\"image\":{\"@id\":\"https:\/\/instamedic.mx\/#\/schema\/logo\/image\/\"},\"sameAs\":[\"https:\/\/www.facebook.com\/instamedicmx\",\"https:\/\/www.instagram.com\/instamedic_mx\/\"],\"email\":\"info@instamedic.mx\",\"telephone\":\"8713426247\"}]}<\/script>\n<!-- \/ Yoast SEO Premium plugin. -->","yoast_head_json":{"title":"Term\u00f3metro Pedi\u00e1trico | Instamedic","robots":{"index":"index","follow":"follow","max-snippet":"max-snippet:-1","max-image-preview":"max-image-preview:large","max-video-preview":"max-video-preview:-1"},"canonical":"https:\/\/instamedic.mx\/en\/tienda-medica\/equipo-medico\/diagnostico\/termometros\/termometro-pediatrico\/","og_locale":"en_US","og_type":"article","og_title":"Term\u00f3metro Pedi\u00e1trico","og_description":"El term\u00f3metro Digital Hergom ECT-10 cuenta con dise\u00f1os pensados espec\u00edficamente para mejorar la interacci\u00f3n con los ni\u00f1os, adem\u00e1s de una tecnolog\u00eda exacta de medici\u00f3n. cuida la seguridad de los ni\u00f1os utilizando materiales 100% libres de mercurio y vidrio.  Obt\u00e9n el resultado de la medici\u00f3n en tan solo 60 segundos cuenta una alarma que indica cuando la medici\u00f3n se complet\u00f3. Su uso puede ser oral, axilar y rectal.","og_url":"https:\/\/instamedic.mx\/en\/tienda-medica\/equipo-medico\/diagnostico\/termometros\/termometro-pediatrico\/","og_site_name":"Instamedic","article_publisher":"https:\/\/www.facebook.com\/instamedicmx","article_modified_time":"2020-08-13T22:18:18+00:00","og_image":[{"width":695,"height":441,"url":"https:\/\/instamedic.mx\/wp-content\/uploads\/2019\/10\/Termometro-pediatrico-hergom.jpg","type":"image\/jpeg"}],"twitter_card":"summary_large_image","twitter_misc":{"Est. reading time":"1 minute"},"schema":{"@context":"https:\/\/schema.org","@graph":[{"@type":"WebPage","@id":"https:\/\/instamedic.mx\/tienda-medica\/equipo-medico\/diagnostico\/termometros\/termometro-pediatrico\/","url":"https:\/\/instamedic.mx\/tienda-medica\/equipo-medico\/diagnostico\/termometros\/termometro-pediatrico\/","name":"Term\u00f3metro Pedi\u00e1trico | Instamedic","isPartOf":{"@id":"https:\/\/instamedic.mx\/#website"},"primaryImageOfPage":{"@id":"https:\/\/instamedic.mx\/tienda-medica\/equipo-medico\/diagnostico\/termometros\/termometro-pediatrico\/#primaryimage"},"image":{"@id":"https:\/\/instamedic.mx\/tienda-medica\/equipo-medico\/diagnostico\/termometros\/termometro-pediatrico\/#primaryimage"},"thumbnailUrl":"https:\/\/instamedic.mx\/wp-content\/uploads\/2019\/10\/Termometro-pediatrico-hergom.jpg","datePublished":"2019-10-31T01:08:09+00:00","dateModified":"2020-08-13T22:18:18+00:00","breadcrumb":{"@id":"https:\/\/instamedic.mx\/tienda-medica\/equipo-medico\/diagnostico\/termometros\/termometro-pediatrico\/#breadcrumb"},"inLanguage":"en-US","potentialAction":[{"@type":"ReadAction","target":["https:\/\/instamedic.mx\/tienda-medica\/equipo-medico\/diagnostico\/termometros\/termometro-pediatrico\/"]}]},{"@type":"ImageObject","inLanguage":"en-US","@id":"https:\/\/instamedic.mx\/tienda-medica\/equipo-medico\/diagnostico\/termometros\/termometro-pediatrico\/#primaryimage","url":"https:\/\/instamedic.mx\/wp-content\/uploads\/2019\/10\/Termometro-pediatrico-hergom.jpg","contentUrl":"https:\/\/instamedic.mx\/wp-content\/uploads\/2019\/10\/Termometro-pediatrico-hergom.jpg","width":695,"height":441,"caption":"Termometro pediatrico hergom"},{"@type":"BreadcrumbList","@id":"https:\/\/instamedic.mx\/tienda-medica\/equipo-medico\/diagnostico\/termometros\/termometro-pediatrico\/#breadcrumb","itemListElement":[{"@type":"ListItem","position":1,"name":"Inicio","item":"https:\/\/instamedic.mx\/"},{"@type":"ListItem","position":2,"name":"Tienda m\u00e9dica","item":"https:\/\/instamedic.mx\/tienda-medica\/"},{"@type":"ListItem","position":3,"name":"Term\u00f3metro Pedi\u00e1trico"}]},{"@type":"WebSite","@id":"https:\/\/instamedic.mx\/#website","url":"https:\/\/instamedic.mx\/","name":"INSTAMEDIC","description":"Venta de equipo m\u00e9dico, instrumental y uniformes quirpurgicos","publisher":{"@id":"https:\/\/instamedic.mx\/#organization"},"potentialAction":[{"@type":"SearchAction","target":{"@type":"EntryPoint","urlTemplate":"https:\/\/instamedic.mx\/?s={search_term_string}"},"query-input":"required name=search_term_string"}],"inLanguage":"en-US"},{"@type":"Organization","@id":"https:\/\/instamedic.mx\/#organization","name":"INSTAMEDIC","url":"https:\/\/instamedic.mx\/","logo":{"@type":"ImageObject","inLanguage":"en-US","@id":"https:\/\/instamedic.mx\/#\/schema\/logo\/image\/","url":"https:\/\/instamedic.mx\/wp-content\/uploads\/2024\/02\/Logo-instamedic.png","contentUrl":"https:\/\/instamedic.mx\/wp-content\/uploads\/2024\/02\/Logo-instamedic.png","width":500,"height":500,"caption":"INSTAMEDIC"},"image":{"@id":"https:\/\/instamedic.mx\/#\/schema\/logo\/image\/"},"sameAs":["https:\/\/www.facebook.com\/instamedicmx","https:\/\/www.instagram.com\/instamedic_mx\/"],"email":"info@instamedic.mx","telephone":"8713426247"}]}},"jetpack_sharing_enabled":true,"_links":{"self":[{"href":"https:\/\/instamedic.mx\/en\/wp-json\/wp\/v2\/product\/7675"}],"collection":[{"href":"https:\/\/instamedic.mx\/en\/wp-json\/wp\/v2\/product"}],"about":[{"href":"https:\/\/instamedic.mx\/en\/wp-json\/wp\/v2\/types\/product"}],"replies":[{"embeddable":true,"href":"https:\/\/instamedic.mx\/en\/wp-json\/wp\/v2\/comments?post=7675"}],"version-history":[{"count":0,"href":"https:\/\/instamedic.mx\/en\/wp-json\/wp\/v2\/product\/7675\/revisions"}],"wp:featuredmedia":[{"embeddable":true,"href":"https:\/\/instamedic.mx\/en\/wp-json\/wp\/v2\/media\/7684"}],"wp:attachment":[{"href":"https:\/\/instamedic.mx\/en\/wp-json\/wp\/v2\/media?parent=7675"}],"wp:term":[{"taxonomy":"wpc-collection","embeddable":true,"href":"https:\/\/instamedic.mx\/en\/wp-json\/wp\/v2\/wpc-collection?post=7675"},{"taxonomy":"product_brand","embeddable":true,"href":"https:\/\/instamedic.mx\/en\/wp-json\/wp\/v2\/product_brand?post=7675"},{"taxonomy":"product_cat","embeddable":true,"href":"https:\/\/instamedic.mx\/en\/wp-json\/wp\/v2\/product_cat?post=7675"},{"taxonomy":"product_tag","embeddable":true,"href":"https:\/\/instamedic.mx\/en\/wp-json\/wp\/v2\/product_tag?post=7675"}],"curies":[{"name":"wp","href":"https:\/\/api.w.org\/{rel}","templated":true}]}}