{"id":7735,"date":"2020-01-08T05:17:46","date_gmt":"2020-01-08T05:17:46","guid":{"rendered":"https:\/\/instamedic.mx\/?post_type=product&#038;p=7735"},"modified":"2023-01-18T12:56:55","modified_gmt":"2023-01-18T12:56:55","slug":"oximetro-de-pulso","status":"publish","type":"product","link":"https:\/\/instamedic.mx\/en\/tienda-medica\/equipo-medico\/diagnostico\/oximetros\/oximetro-de-pulso\/","title":{"rendered":"Ox\u00edmetro de pulso"},"content":{"rendered":"<p>Este es un tipo de ox\u00edmetro de pulso de calidad fina con pantalla LED que mostrar\u00e1 el valor de velocidad de pulso SpO2 y gr\u00e1fico de barras.<\/p>\n<p>Caracter\u00edsticas:<br \/>\nEs de peque\u00f1o volumen ligero y c\u00f3modo de llevar en su bolsillo o bolsa.<br \/>\nPantalla LED de 2 direcciones, ajustable, que le permite ver sus resultados en ambas direcciones.<br \/>\nF\u00e1cil de operar.<br \/>\nCon bajo consumo de energ\u00eda, 2 pilas AAA pueden soportar m\u00e1s de 40 horas de ahorro de energ\u00eda y protecci\u00f3n del medio ambiente. (excluido)<br \/>\nIndicador de bater\u00eda baja, cuenta con alarma de aviso.<br \/>\nApagado autom\u00e1tico de 8s cuando no hay se\u00f1al.<br \/>\nIntegrado con sonda SpO2 y m\u00f3dulo de visualizaci\u00f3n de procesamiento.<br \/>\nDoble alfombrilla de goma antideslizante.<br \/>\nSensor de alta velocidad incorporado, el resultado se dar\u00e1 r\u00e1pidamente.<\/p>\n<p>Especificaciones:<br \/>\nSpO2 Rango de medici\u00f3n: 1% -100% 2%<br \/>\nPR Rango de medici\u00f3n: 30bpm-250bpm 1%\/1bpm<br \/>\nRango de voltaje: 2.6-3.6V<br \/>\nBater\u00eda: 2* AAA 1.5V Bater\u00eda alcalina (excluida)<br \/>\nCorriente de trabajo: 30 mAh<br \/>\nConsumo de energ\u00eda: 30 mAh<br \/>\nTama\u00f1o del art\u00edculo: 56 x 30 x 29 mm.<br \/>\nPeso del art\u00edculo: 28 g.<br \/>\nTama\u00f1o del paquete: 80 x 60 x 40 mm.<br \/>\nPeso del paquete: 50 g.<\/p>\n<p>Incluye:<br \/>\n1 cuerda colgante<br \/>\n1 gu\u00eda.<\/p>","protected":false},"excerpt":{"rendered":"<p>Pantalla LED de 2 direcciones, ajustable, le permite ver sus resultados en ambas direcciones verticales.<\/p>","protected":false},"featured_media":7744,"comment_status":"open","ping_status":"closed","template":"","meta":[],"wpc-collection":[],"product_brand":[],"product_cat":[93,95],"product_tag":[343,342,150,341,340],"yoast_head":"<!-- This site is optimized with the Yoast SEO Premium plugin v22.3 (Yoast SEO v22.4) - https:\/\/yoast.com\/wordpress\/plugins\/seo\/ -->\n<title>Ox\u00edmetro de pulso | Instamedic<\/title>\n<meta name=\"robots\" content=\"index, follow, max-snippet:-1, max-image-preview:large, max-video-preview:-1\" \/>\n<link rel=\"canonical\" href=\"https:\/\/instamedic.mx\/en\/tienda-medica\/equipo-medico\/diagnostico\/oximetros\/oximetro-de-pulso\/\" \/>\n<meta property=\"og:locale\" content=\"en_US\" \/>\n<meta property=\"og:type\" content=\"article\" \/>\n<meta property=\"og:title\" content=\"Ox\u00edmetro de pulso\" \/>\n<meta property=\"og:description\" content=\"Pantalla LED de 2 direcciones, ajustable, le permite ver sus resultados en ambas direcciones verticales.\" \/>\n<meta property=\"og:url\" content=\"https:\/\/instamedic.mx\/en\/tienda-medica\/equipo-medico\/diagnostico\/oximetros\/oximetro-de-pulso\/\" \/>\n<meta property=\"og:site_name\" content=\"Instamedic\" \/>\n<meta property=\"article:publisher\" content=\"https:\/\/www.facebook.com\/instamedicmx\" \/>\n<meta property=\"article:modified_time\" content=\"2023-01-18T12:56:55+00:00\" \/>\n<meta property=\"og:image\" content=\"https:\/\/instamedic.mx\/wp-content\/uploads\/2020\/01\/oximetro-azul-rotated.jpeg\" \/>\n\t<meta property=\"og:image:width\" content=\"960\" \/>\n\t<meta property=\"og:image:height\" content=\"1280\" \/>\n\t<meta property=\"og:image:type\" content=\"image\/jpeg\" \/>\n<meta name=\"twitter:card\" content=\"summary_large_image\" \/>\n<meta name=\"twitter:label1\" content=\"Est. reading time\" \/>\n\t<meta name=\"twitter:data1\" content=\"1 minute\" \/>\n<script type=\"application\/ld+json\" class=\"yoast-schema-graph\">{\"@context\":\"https:\/\/schema.org\",\"@graph\":[{\"@type\":\"WebPage\",\"@id\":\"https:\/\/instamedic.mx\/tienda-medica\/equipo-medico\/diagnostico\/oximetros\/oximetro-de-pulso\/\",\"url\":\"https:\/\/instamedic.mx\/tienda-medica\/equipo-medico\/diagnostico\/oximetros\/oximetro-de-pulso\/\",\"name\":\"Ox\u00edmetro de pulso | Instamedic\",\"isPartOf\":{\"@id\":\"https:\/\/instamedic.mx\/#website\"},\"primaryImageOfPage\":{\"@id\":\"https:\/\/instamedic.mx\/tienda-medica\/equipo-medico\/diagnostico\/oximetros\/oximetro-de-pulso\/#primaryimage\"},\"image\":{\"@id\":\"https:\/\/instamedic.mx\/tienda-medica\/equipo-medico\/diagnostico\/oximetros\/oximetro-de-pulso\/#primaryimage\"},\"thumbnailUrl\":\"https:\/\/instamedic.mx\/wp-content\/uploads\/2020\/01\/oximetro-azul-rotated.jpeg\",\"datePublished\":\"2020-01-08T05:17:46+00:00\",\"dateModified\":\"2023-01-18T12:56:55+00:00\",\"breadcrumb\":{\"@id\":\"https:\/\/instamedic.mx\/tienda-medica\/equipo-medico\/diagnostico\/oximetros\/oximetro-de-pulso\/#breadcrumb\"},\"inLanguage\":\"en-US\",\"potentialAction\":[{\"@type\":\"ReadAction\",\"target\":[\"https:\/\/instamedic.mx\/tienda-medica\/equipo-medico\/diagnostico\/oximetros\/oximetro-de-pulso\/\"]}]},{\"@type\":\"ImageObject\",\"inLanguage\":\"en-US\",\"@id\":\"https:\/\/instamedic.mx\/tienda-medica\/equipo-medico\/diagnostico\/oximetros\/oximetro-de-pulso\/#primaryimage\",\"url\":\"https:\/\/instamedic.mx\/wp-content\/uploads\/2020\/01\/oximetro-azul-rotated.jpeg\",\"contentUrl\":\"https:\/\/instamedic.mx\/wp-content\/uploads\/2020\/01\/oximetro-azul-rotated.jpeg\",\"width\":960,\"height\":1280},{\"@type\":\"BreadcrumbList\",\"@id\":\"https:\/\/instamedic.mx\/tienda-medica\/equipo-medico\/diagnostico\/oximetros\/oximetro-de-pulso\/#breadcrumb\",\"itemListElement\":[{\"@type\":\"ListItem\",\"position\":1,\"name\":\"Inicio\",\"item\":\"https:\/\/instamedic.mx\/\"},{\"@type\":\"ListItem\",\"position\":2,\"name\":\"Tienda m\u00e9dica\",\"item\":\"https:\/\/instamedic.mx\/tienda-medica\/\"},{\"@type\":\"ListItem\",\"position\":3,\"name\":\"Ox\u00edmetro de pulso\"}]},{\"@type\":\"WebSite\",\"@id\":\"https:\/\/instamedic.mx\/#website\",\"url\":\"https:\/\/instamedic.mx\/\",\"name\":\"INSTAMEDIC\",\"description\":\"Venta de equipo m\u00e9dico, instrumental y uniformes quirpurgicos\",\"publisher\":{\"@id\":\"https:\/\/instamedic.mx\/#organization\"},\"potentialAction\":[{\"@type\":\"SearchAction\",\"target\":{\"@type\":\"EntryPoint\",\"urlTemplate\":\"https:\/\/instamedic.mx\/?s={search_term_string}\"},\"query-input\":\"required name=search_term_string\"}],\"inLanguage\":\"en-US\"},{\"@type\":\"Organization\",\"@id\":\"https:\/\/instamedic.mx\/#organization\",\"name\":\"INSTAMEDIC\",\"url\":\"https:\/\/instamedic.mx\/\",\"logo\":{\"@type\":\"ImageObject\",\"inLanguage\":\"en-US\",\"@id\":\"https:\/\/instamedic.mx\/#\/schema\/logo\/image\/\",\"url\":\"https:\/\/instamedic.mx\/wp-content\/uploads\/2024\/02\/Logo-instamedic.png\",\"contentUrl\":\"https:\/\/instamedic.mx\/wp-content\/uploads\/2024\/02\/Logo-instamedic.png\",\"width\":500,\"height\":500,\"caption\":\"INSTAMEDIC\"},\"image\":{\"@id\":\"https:\/\/instamedic.mx\/#\/schema\/logo\/image\/\"},\"sameAs\":[\"https:\/\/www.facebook.com\/instamedicmx\",\"https:\/\/www.instagram.com\/instamedic_mx\/\"],\"email\":\"info@instamedic.mx\",\"telephone\":\"8713426247\"}]}<\/script>\n<!-- \/ Yoast SEO Premium plugin. -->","yoast_head_json":{"title":"Ox\u00edmetro de pulso | Instamedic","robots":{"index":"index","follow":"follow","max-snippet":"max-snippet:-1","max-image-preview":"max-image-preview:large","max-video-preview":"max-video-preview:-1"},"canonical":"https:\/\/instamedic.mx\/en\/tienda-medica\/equipo-medico\/diagnostico\/oximetros\/oximetro-de-pulso\/","og_locale":"en_US","og_type":"article","og_title":"Ox\u00edmetro de pulso","og_description":"Pantalla LED de 2 direcciones, ajustable, le permite ver sus resultados en ambas direcciones verticales.","og_url":"https:\/\/instamedic.mx\/en\/tienda-medica\/equipo-medico\/diagnostico\/oximetros\/oximetro-de-pulso\/","og_site_name":"Instamedic","article_publisher":"https:\/\/www.facebook.com\/instamedicmx","article_modified_time":"2023-01-18T12:56:55+00:00","og_image":[{"width":960,"height":1280,"url":"https:\/\/instamedic.mx\/wp-content\/uploads\/2020\/01\/oximetro-azul-rotated.jpeg","type":"image\/jpeg"}],"twitter_card":"summary_large_image","twitter_misc":{"Est. reading time":"1 minute"},"schema":{"@context":"https:\/\/schema.org","@graph":[{"@type":"WebPage","@id":"https:\/\/instamedic.mx\/tienda-medica\/equipo-medico\/diagnostico\/oximetros\/oximetro-de-pulso\/","url":"https:\/\/instamedic.mx\/tienda-medica\/equipo-medico\/diagnostico\/oximetros\/oximetro-de-pulso\/","name":"Ox\u00edmetro de pulso | Instamedic","isPartOf":{"@id":"https:\/\/instamedic.mx\/#website"},"primaryImageOfPage":{"@id":"https:\/\/instamedic.mx\/tienda-medica\/equipo-medico\/diagnostico\/oximetros\/oximetro-de-pulso\/#primaryimage"},"image":{"@id":"https:\/\/instamedic.mx\/tienda-medica\/equipo-medico\/diagnostico\/oximetros\/oximetro-de-pulso\/#primaryimage"},"thumbnailUrl":"https:\/\/instamedic.mx\/wp-content\/uploads\/2020\/01\/oximetro-azul-rotated.jpeg","datePublished":"2020-01-08T05:17:46+00:00","dateModified":"2023-01-18T12:56:55+00:00","breadcrumb":{"@id":"https:\/\/instamedic.mx\/tienda-medica\/equipo-medico\/diagnostico\/oximetros\/oximetro-de-pulso\/#breadcrumb"},"inLanguage":"en-US","potentialAction":[{"@type":"ReadAction","target":["https:\/\/instamedic.mx\/tienda-medica\/equipo-medico\/diagnostico\/oximetros\/oximetro-de-pulso\/"]}]},{"@type":"ImageObject","inLanguage":"en-US","@id":"https:\/\/instamedic.mx\/tienda-medica\/equipo-medico\/diagnostico\/oximetros\/oximetro-de-pulso\/#primaryimage","url":"https:\/\/instamedic.mx\/wp-content\/uploads\/2020\/01\/oximetro-azul-rotated.jpeg","contentUrl":"https:\/\/instamedic.mx\/wp-content\/uploads\/2020\/01\/oximetro-azul-rotated.jpeg","width":960,"height":1280},{"@type":"BreadcrumbList","@id":"https:\/\/instamedic.mx\/tienda-medica\/equipo-medico\/diagnostico\/oximetros\/oximetro-de-pulso\/#breadcrumb","itemListElement":[{"@type":"ListItem","position":1,"name":"Inicio","item":"https:\/\/instamedic.mx\/"},{"@type":"ListItem","position":2,"name":"Tienda m\u00e9dica","item":"https:\/\/instamedic.mx\/tienda-medica\/"},{"@type":"ListItem","position":3,"name":"Ox\u00edmetro de pulso"}]},{"@type":"WebSite","@id":"https:\/\/instamedic.mx\/#website","url":"https:\/\/instamedic.mx\/","name":"INSTAMEDIC","description":"Venta de equipo m\u00e9dico, instrumental y uniformes quirpurgicos","publisher":{"@id":"https:\/\/instamedic.mx\/#organization"},"potentialAction":[{"@type":"SearchAction","target":{"@type":"EntryPoint","urlTemplate":"https:\/\/instamedic.mx\/?s={search_term_string}"},"query-input":"required name=search_term_string"}],"inLanguage":"en-US"},{"@type":"Organization","@id":"https:\/\/instamedic.mx\/#organization","name":"INSTAMEDIC","url":"https:\/\/instamedic.mx\/","logo":{"@type":"ImageObject","inLanguage":"en-US","@id":"https:\/\/instamedic.mx\/#\/schema\/logo\/image\/","url":"https:\/\/instamedic.mx\/wp-content\/uploads\/2024\/02\/Logo-instamedic.png","contentUrl":"https:\/\/instamedic.mx\/wp-content\/uploads\/2024\/02\/Logo-instamedic.png","width":500,"height":500,"caption":"INSTAMEDIC"},"image":{"@id":"https:\/\/instamedic.mx\/#\/schema\/logo\/image\/"},"sameAs":["https:\/\/www.facebook.com\/instamedicmx","https:\/\/www.instagram.com\/instamedic_mx\/"],"email":"info@instamedic.mx","telephone":"8713426247"}]}},"jetpack_sharing_enabled":true,"_links":{"self":[{"href":"https:\/\/instamedic.mx\/en\/wp-json\/wp\/v2\/product\/7735"}],"collection":[{"href":"https:\/\/instamedic.mx\/en\/wp-json\/wp\/v2\/product"}],"about":[{"href":"https:\/\/instamedic.mx\/en\/wp-json\/wp\/v2\/types\/product"}],"replies":[{"embeddable":true,"href":"https:\/\/instamedic.mx\/en\/wp-json\/wp\/v2\/comments?post=7735"}],"version-history":[{"count":1,"href":"https:\/\/instamedic.mx\/en\/wp-json\/wp\/v2\/product\/7735\/revisions"}],"predecessor-version":[{"id":8293,"href":"https:\/\/instamedic.mx\/en\/wp-json\/wp\/v2\/product\/7735\/revisions\/8293"}],"wp:featuredmedia":[{"embeddable":true,"href":"https:\/\/instamedic.mx\/en\/wp-json\/wp\/v2\/media\/7744"}],"wp:attachment":[{"href":"https:\/\/instamedic.mx\/en\/wp-json\/wp\/v2\/media?parent=7735"}],"wp:term":[{"taxonomy":"wpc-collection","embeddable":true,"href":"https:\/\/instamedic.mx\/en\/wp-json\/wp\/v2\/wpc-collection?post=7735"},{"taxonomy":"product_brand","embeddable":true,"href":"https:\/\/instamedic.mx\/en\/wp-json\/wp\/v2\/product_brand?post=7735"},{"taxonomy":"product_cat","embeddable":true,"href":"https:\/\/instamedic.mx\/en\/wp-json\/wp\/v2\/product_cat?post=7735"},{"taxonomy":"product_tag","embeddable":true,"href":"https:\/\/instamedic.mx\/en\/wp-json\/wp\/v2\/product_tag?post=7735"}],"curies":[{"name":"wp","href":"https:\/\/api.w.org\/{rel}","templated":true}]}}