{"id":7802,"date":"2020-01-18T01:41:34","date_gmt":"2020-01-18T01:41:34","guid":{"rendered":"https:\/\/instamedic.mx\/?post_type=product&#038;p=7802"},"modified":"2024-01-03T03:29:16","modified_gmt":"2024-01-03T03:29:16","slug":"porta-agujas","status":"publish","type":"product","link":"https:\/\/instamedic.mx\/en\/tienda-medica\/instrumental-medico\/estuche-de-disecciones\/porta-agujas\/","title":{"rendered":"Mayo Hegar needle holder 180mm"},"content":{"rendered":"<h2>Porta agujas Hegar o Mayo-Hegar<\/h2>\n<h3>Especificaciones<\/h3>\n<p>recto, con ranura central, longitud de 160 mm.<\/p>\n<ul>\n<li><strong>Clasificaci\u00f3n:\u00a0<\/strong>PORTA \u00a0AGUJA DE USO GENERAL<\/li>\n<li><strong>Uso recomendado:\u00a0<\/strong>Cirug\u00eda General.<\/li>\n<li><strong>Funciones:\u00a0<\/strong>Suturar en diversos procedimientos quir\u00fargicos<\/li>\n<\/ul>","protected":false},"excerpt":{"rendered":"<p>El Porta-Agujas es un instrumento quir\u00fargico que se utiliza para agarrar y guiar la aguja al realizar la sutura, contando con una excelente calidad que garantiza una gran experiencia al momento de ser utilizado, cuenta con una longitud de 18 cm<\/p>\n<p>DISE\u00d1O EN LOS BORDES DE LAS MORDAZAS AYUDA A PROTEGER LOS OBJETOS DELICADOS Y ASEGURAR UN AGARRE PARA PREVENIR EL DESLIZAMIENTO O ROTACI\u00d3N DE LA AGUJA. ES IDEAL PARA SUTURA, ENGANCHES O CORTES.<\/p>\n<h2>Caracter\u00edsticas:<\/h2>\n<ul>\n<li>Se fabrica con las especificaciones m\u00e1s exigentes para garantizar un rendimiento y una longevidad \u00f3ptimos<\/li>\n<li>Acci\u00f3n de bloqueo de la palma, dise\u00f1ado para suturas 3-0, 4-0, 5-0, 6-0<\/li>\n<li>Presenta un trinquete de m\u00faltiples posiciones que proporciona una presi\u00f3n de agarre controlada y una liberaci\u00f3n de agarre suave<\/li>\n<li>La rotaci\u00f3n de la aguja y \/ o el deslizamiento del material de sutura pr\u00e1cticamente se elimina<\/li>\n<li>El acero inoxidable de grado quir\u00fargico.<\/li>\n<li>De peso ligero<\/li>\n<li>Listo para usar<\/li>\n<li>De uso profesional<\/li>\n<\/ul>","protected":false},"featured_media":7804,"comment_status":"open","ping_status":"closed","template":"","meta":[],"wpc-collection":[],"product_brand":[691],"product_cat":[372,99,92],"product_tag":[772,100,373,192],"yoast_head":"<!-- This site is optimized with the Yoast SEO Premium plugin v22.3 (Yoast SEO v22.4) - https:\/\/yoast.com\/wordpress\/plugins\/seo\/ -->\n<title>Porta agujas mayo hegar 180mm | Instamedic - tienda m\u00e9dica<\/title>\n<meta name=\"description\" content=\"Porta-Agujas instrumento quir\u00fargico que se utiliza para agarrar y guiar la aguja al realizar la sutura, longitud de 18 cm\" \/>\n<meta name=\"robots\" content=\"index, follow, max-snippet:-1, max-image-preview:large, max-video-preview:-1\" \/>\n<link rel=\"canonical\" href=\"https:\/\/instamedic.mx\/en\/tienda-medica\/instrumental-medico\/estuche-de-disecciones\/porta-agujas\/\" \/>\n<meta property=\"og:locale\" content=\"en_US\" \/>\n<meta property=\"og:type\" content=\"article\" \/>\n<meta property=\"og:title\" content=\"Porta agujas mayo hegar 180mm\" \/>\n<meta property=\"og:description\" content=\"Porta-Agujas instrumento quir\u00fargico que se utiliza para agarrar y guiar la aguja al realizar la sutura, longitud de 18 cm\" \/>\n<meta property=\"og:url\" content=\"https:\/\/instamedic.mx\/en\/tienda-medica\/instrumental-medico\/estuche-de-disecciones\/porta-agujas\/\" \/>\n<meta property=\"og:site_name\" content=\"Instamedic\" \/>\n<meta property=\"article:publisher\" content=\"https:\/\/www.facebook.com\/instamedicmx\" \/>\n<meta property=\"article:modified_time\" content=\"2024-01-03T03:29:16+00:00\" \/>\n<meta property=\"og:image\" content=\"https:\/\/instamedic.mx\/wp-content\/uploads\/2020\/01\/porta_agujas_hegar.jpg\" \/>\n\t<meta property=\"og:image:width\" content=\"900\" \/>\n\t<meta property=\"og:image:height\" content=\"900\" \/>\n\t<meta property=\"og:image:type\" content=\"image\/jpeg\" \/>\n<meta name=\"twitter:card\" content=\"summary_large_image\" \/>\n<meta name=\"twitter:label1\" content=\"Est. reading time\" \/>\n\t<meta name=\"twitter:data1\" content=\"1 minute\" \/>\n<script type=\"application\/ld+json\" class=\"yoast-schema-graph\">{\"@context\":\"https:\/\/schema.org\",\"@graph\":[{\"@type\":\"WebPage\",\"@id\":\"https:\/\/instamedic.mx\/tienda-medica\/instrumental-medico\/estuche-de-disecciones\/porta-agujas\/\",\"url\":\"https:\/\/instamedic.mx\/tienda-medica\/instrumental-medico\/estuche-de-disecciones\/porta-agujas\/\",\"name\":\"Porta agujas mayo hegar 180mm | Instamedic - tienda m\u00e9dica\",\"isPartOf\":{\"@id\":\"https:\/\/instamedic.mx\/#website\"},\"primaryImageOfPage\":{\"@id\":\"https:\/\/instamedic.mx\/tienda-medica\/instrumental-medico\/estuche-de-disecciones\/porta-agujas\/#primaryimage\"},\"image\":{\"@id\":\"https:\/\/instamedic.mx\/tienda-medica\/instrumental-medico\/estuche-de-disecciones\/porta-agujas\/#primaryimage\"},\"thumbnailUrl\":\"https:\/\/instamedic.mx\/wp-content\/uploads\/2020\/01\/porta_agujas_hegar.jpg\",\"datePublished\":\"2020-01-18T01:41:34+00:00\",\"dateModified\":\"2024-01-03T03:29:16+00:00\",\"description\":\"Porta-Agujas instrumento quir\u00fargico que se utiliza para agarrar y guiar la aguja al realizar la sutura, longitud de 18 cm\",\"breadcrumb\":{\"@id\":\"https:\/\/instamedic.mx\/tienda-medica\/instrumental-medico\/estuche-de-disecciones\/porta-agujas\/#breadcrumb\"},\"inLanguage\":\"en-US\",\"potentialAction\":[{\"@type\":\"ReadAction\",\"target\":[\"https:\/\/instamedic.mx\/tienda-medica\/instrumental-medico\/estuche-de-disecciones\/porta-agujas\/\"]}]},{\"@type\":\"ImageObject\",\"inLanguage\":\"en-US\",\"@id\":\"https:\/\/instamedic.mx\/tienda-medica\/instrumental-medico\/estuche-de-disecciones\/porta-agujas\/#primaryimage\",\"url\":\"https:\/\/instamedic.mx\/wp-content\/uploads\/2020\/01\/porta_agujas_hegar.jpg\",\"contentUrl\":\"https:\/\/instamedic.mx\/wp-content\/uploads\/2020\/01\/porta_agujas_hegar.jpg\",\"width\":900,\"height\":900,\"caption\":\"Porta agujas mayo Hegar\"},{\"@type\":\"BreadcrumbList\",\"@id\":\"https:\/\/instamedic.mx\/tienda-medica\/instrumental-medico\/estuche-de-disecciones\/porta-agujas\/#breadcrumb\",\"itemListElement\":[{\"@type\":\"ListItem\",\"position\":1,\"name\":\"Inicio\",\"item\":\"https:\/\/instamedic.mx\/\"},{\"@type\":\"ListItem\",\"position\":2,\"name\":\"Tienda m\u00e9dica\",\"item\":\"https:\/\/instamedic.mx\/tienda-medica\/\"},{\"@type\":\"ListItem\",\"position\":3,\"name\":\"Porta agujas mayo hegar 180mm\"}]},{\"@type\":\"WebSite\",\"@id\":\"https:\/\/instamedic.mx\/#website\",\"url\":\"https:\/\/instamedic.mx\/\",\"name\":\"INSTAMEDIC\",\"description\":\"Venta de equipo m\u00e9dico, instrumental y uniformes quirpurgicos\",\"publisher\":{\"@id\":\"https:\/\/instamedic.mx\/#organization\"},\"potentialAction\":[{\"@type\":\"SearchAction\",\"target\":{\"@type\":\"EntryPoint\",\"urlTemplate\":\"https:\/\/instamedic.mx\/?s={search_term_string}\"},\"query-input\":\"required name=search_term_string\"}],\"inLanguage\":\"en-US\"},{\"@type\":\"Organization\",\"@id\":\"https:\/\/instamedic.mx\/#organization\",\"name\":\"INSTAMEDIC\",\"url\":\"https:\/\/instamedic.mx\/\",\"logo\":{\"@type\":\"ImageObject\",\"inLanguage\":\"en-US\",\"@id\":\"https:\/\/instamedic.mx\/#\/schema\/logo\/image\/\",\"url\":\"https:\/\/instamedic.mx\/wp-content\/uploads\/2024\/02\/Logo-instamedic.png\",\"contentUrl\":\"https:\/\/instamedic.mx\/wp-content\/uploads\/2024\/02\/Logo-instamedic.png\",\"width\":500,\"height\":500,\"caption\":\"INSTAMEDIC\"},\"image\":{\"@id\":\"https:\/\/instamedic.mx\/#\/schema\/logo\/image\/\"},\"sameAs\":[\"https:\/\/www.facebook.com\/instamedicmx\",\"https:\/\/www.instagram.com\/instamedic_mx\/\"],\"email\":\"info@instamedic.mx\",\"telephone\":\"8713426247\"}]}<\/script>\n<!-- \/ Yoast SEO Premium plugin. -->","yoast_head_json":{"title":"Porta agujas mayo hegar 180mm | Instamedic - tienda m\u00e9dica","description":"Porta-Agujas instrumento quir\u00fargico que se utiliza para agarrar y guiar la aguja al realizar la sutura, longitud de 18 cm","robots":{"index":"index","follow":"follow","max-snippet":"max-snippet:-1","max-image-preview":"max-image-preview:large","max-video-preview":"max-video-preview:-1"},"canonical":"https:\/\/instamedic.mx\/en\/tienda-medica\/instrumental-medico\/estuche-de-disecciones\/porta-agujas\/","og_locale":"en_US","og_type":"article","og_title":"Porta agujas mayo hegar 180mm","og_description":"Porta-Agujas instrumento quir\u00fargico que se utiliza para agarrar y guiar la aguja al realizar la sutura, longitud de 18 cm","og_url":"https:\/\/instamedic.mx\/en\/tienda-medica\/instrumental-medico\/estuche-de-disecciones\/porta-agujas\/","og_site_name":"Instamedic","article_publisher":"https:\/\/www.facebook.com\/instamedicmx","article_modified_time":"2024-01-03T03:29:16+00:00","og_image":[{"width":900,"height":900,"url":"https:\/\/instamedic.mx\/wp-content\/uploads\/2020\/01\/porta_agujas_hegar.jpg","type":"image\/jpeg"}],"twitter_card":"summary_large_image","twitter_misc":{"Est. reading time":"1 minute"},"schema":{"@context":"https:\/\/schema.org","@graph":[{"@type":"WebPage","@id":"https:\/\/instamedic.mx\/tienda-medica\/instrumental-medico\/estuche-de-disecciones\/porta-agujas\/","url":"https:\/\/instamedic.mx\/tienda-medica\/instrumental-medico\/estuche-de-disecciones\/porta-agujas\/","name":"Porta agujas mayo hegar 180mm | Instamedic - tienda m\u00e9dica","isPartOf":{"@id":"https:\/\/instamedic.mx\/#website"},"primaryImageOfPage":{"@id":"https:\/\/instamedic.mx\/tienda-medica\/instrumental-medico\/estuche-de-disecciones\/porta-agujas\/#primaryimage"},"image":{"@id":"https:\/\/instamedic.mx\/tienda-medica\/instrumental-medico\/estuche-de-disecciones\/porta-agujas\/#primaryimage"},"thumbnailUrl":"https:\/\/instamedic.mx\/wp-content\/uploads\/2020\/01\/porta_agujas_hegar.jpg","datePublished":"2020-01-18T01:41:34+00:00","dateModified":"2024-01-03T03:29:16+00:00","description":"Porta-Agujas instrumento quir\u00fargico que se utiliza para agarrar y guiar la aguja al realizar la sutura, longitud de 18 cm","breadcrumb":{"@id":"https:\/\/instamedic.mx\/tienda-medica\/instrumental-medico\/estuche-de-disecciones\/porta-agujas\/#breadcrumb"},"inLanguage":"en-US","potentialAction":[{"@type":"ReadAction","target":["https:\/\/instamedic.mx\/tienda-medica\/instrumental-medico\/estuche-de-disecciones\/porta-agujas\/"]}]},{"@type":"ImageObject","inLanguage":"en-US","@id":"https:\/\/instamedic.mx\/tienda-medica\/instrumental-medico\/estuche-de-disecciones\/porta-agujas\/#primaryimage","url":"https:\/\/instamedic.mx\/wp-content\/uploads\/2020\/01\/porta_agujas_hegar.jpg","contentUrl":"https:\/\/instamedic.mx\/wp-content\/uploads\/2020\/01\/porta_agujas_hegar.jpg","width":900,"height":900,"caption":"Porta agujas mayo Hegar"},{"@type":"BreadcrumbList","@id":"https:\/\/instamedic.mx\/tienda-medica\/instrumental-medico\/estuche-de-disecciones\/porta-agujas\/#breadcrumb","itemListElement":[{"@type":"ListItem","position":1,"name":"Inicio","item":"https:\/\/instamedic.mx\/"},{"@type":"ListItem","position":2,"name":"Tienda m\u00e9dica","item":"https:\/\/instamedic.mx\/tienda-medica\/"},{"@type":"ListItem","position":3,"name":"Porta agujas mayo hegar 180mm"}]},{"@type":"WebSite","@id":"https:\/\/instamedic.mx\/#website","url":"https:\/\/instamedic.mx\/","name":"INSTAMEDIC","description":"Venta de equipo m\u00e9dico, instrumental y uniformes quirpurgicos","publisher":{"@id":"https:\/\/instamedic.mx\/#organization"},"potentialAction":[{"@type":"SearchAction","target":{"@type":"EntryPoint","urlTemplate":"https:\/\/instamedic.mx\/?s={search_term_string}"},"query-input":"required name=search_term_string"}],"inLanguage":"en-US"},{"@type":"Organization","@id":"https:\/\/instamedic.mx\/#organization","name":"INSTAMEDIC","url":"https:\/\/instamedic.mx\/","logo":{"@type":"ImageObject","inLanguage":"en-US","@id":"https:\/\/instamedic.mx\/#\/schema\/logo\/image\/","url":"https:\/\/instamedic.mx\/wp-content\/uploads\/2024\/02\/Logo-instamedic.png","contentUrl":"https:\/\/instamedic.mx\/wp-content\/uploads\/2024\/02\/Logo-instamedic.png","width":500,"height":500,"caption":"INSTAMEDIC"},"image":{"@id":"https:\/\/instamedic.mx\/#\/schema\/logo\/image\/"},"sameAs":["https:\/\/www.facebook.com\/instamedicmx","https:\/\/www.instagram.com\/instamedic_mx\/"],"email":"info@instamedic.mx","telephone":"8713426247"}]}},"jetpack_sharing_enabled":true,"_links":{"self":[{"href":"https:\/\/instamedic.mx\/en\/wp-json\/wp\/v2\/product\/7802"}],"collection":[{"href":"https:\/\/instamedic.mx\/en\/wp-json\/wp\/v2\/product"}],"about":[{"href":"https:\/\/instamedic.mx\/en\/wp-json\/wp\/v2\/types\/product"}],"replies":[{"embeddable":true,"href":"https:\/\/instamedic.mx\/en\/wp-json\/wp\/v2\/comments?post=7802"}],"version-history":[{"count":3,"href":"https:\/\/instamedic.mx\/en\/wp-json\/wp\/v2\/product\/7802\/revisions"}],"predecessor-version":[{"id":22845,"href":"https:\/\/instamedic.mx\/en\/wp-json\/wp\/v2\/product\/7802\/revisions\/22845"}],"wp:featuredmedia":[{"embeddable":true,"href":"https:\/\/instamedic.mx\/en\/wp-json\/wp\/v2\/media\/7804"}],"wp:attachment":[{"href":"https:\/\/instamedic.mx\/en\/wp-json\/wp\/v2\/media?parent=7802"}],"wp:term":[{"taxonomy":"wpc-collection","embeddable":true,"href":"https:\/\/instamedic.mx\/en\/wp-json\/wp\/v2\/wpc-collection?post=7802"},{"taxonomy":"product_brand","embeddable":true,"href":"https:\/\/instamedic.mx\/en\/wp-json\/wp\/v2\/product_brand?post=7802"},{"taxonomy":"product_cat","embeddable":true,"href":"https:\/\/instamedic.mx\/en\/wp-json\/wp\/v2\/product_cat?post=7802"},{"taxonomy":"product_tag","embeddable":true,"href":"https:\/\/instamedic.mx\/en\/wp-json\/wp\/v2\/product_tag?post=7802"}],"curies":[{"name":"wp","href":"https:\/\/api.w.org\/{rel}","templated":true}]}}