{"id":7829,"date":"2020-01-18T01:29:48","date_gmt":"2020-01-18T01:29:48","guid":{"rendered":"https:\/\/instamedic.mx\/?post_type=product&#038;p=7829"},"modified":"2024-03-17T23:32:39","modified_gmt":"2024-03-17T23:32:39","slug":"pinza-kelly-recta","status":"publish","type":"product","link":"https:\/\/instamedic.mx\/en\/tienda-medica\/instrumental-medico\/estuche-de-disecciones\/pinza-kelly-recta\/","title":{"rendered":"Pinza Kelly Recta 140mm &#8211; 14CM"},"content":{"rendered":"<h2>DIMENSIONES DE LA PINZA KELLY RECTA 140MM<\/h2>\n<p><a href=\"https:\/\/instamedic.mx\/wp-content\/uploads\/2020\/01\/Medidas-de-la-pinza-kelly-recta.webp\"><img fetchpriority=\"high\" decoding=\"async\" class=\"alignnone size-full wp-image-22779\" src=\"https:\/\/instamedic.mx\/wp-content\/uploads\/2020\/01\/Medidas-de-la-pinza-kelly-recta.webp\" alt=\"Medidas de la pinza kelly recta\" width=\"1113\" height=\"827\" \/><\/a><\/p>\n<p>&nbsp;<\/p>\n<h2>USO PINZA KELLY RECTA<\/h2>\n<p>Estas son com\u00fanmente empleadas para lograr una mejor y c\u00f3moda separaci\u00f3n de los tejidos, al igual que los grasos y de conexi\u00f3n, sin que estos mismos resulten lastimados en dicho procedimiento como lo puede ser un da\u00f1o en alg\u00fan vaso sangu\u00edneo o malograr alguna estructura de la que se est\u00e9 manipulando en el momento.<\/p>\n<p>Las pinzas Kelly, tambi\u00e9n conocidas como pinza americana,\u00a0a simple vista pueden lucir como una especie de <a href=\"https:\/\/instamedic.mx\/en\/product-category\/instrumental-medico\/tijeras\/\">tijera<\/a>, dado por el mango que es semejante al de \u00e9stas, pero no hay porqu\u00e9 confundirlas ya que estas no poseen filo como para cortar y no fueron creadas para ese prop\u00f3sito.<\/p>","protected":false},"excerpt":{"rendered":"<h2>Pinza Kelly Recta<\/h2>\n<p>Com\u00fanmente empleadas para lograr una mejor y c\u00f3moda separaci\u00f3n de los tejidos, al igual que los grasos y de conexi\u00f3n, sin que estos mismos resulten lastimados en dicho procedimiento como lo puede ser un da\u00f1o en alg\u00fan vaso sangu\u00edneo o malograr alguna estructura de la que se est\u00e9 manipulando en el momento.<\/p>\n<ul>\n<li><strong>Clasificaci\u00f3n:\u00a0<\/strong>PINZA DE HEMOSTASIA<\/li>\n<li><strong>Uso recomendado:\u00a0<\/strong>Cirug\u00eda General.<\/li>\n<li><strong>Funciones:\u00a0<\/strong>Efectuar hemostasia en diversos procedimientos quir\u00fargicos<\/li>\n<\/ul>","protected":false},"featured_media":7830,"comment_status":"open","ping_status":"closed","template":"","meta":[],"wpc-collection":[],"product_brand":[691],"product_cat":[782,368,99],"product_tag":[772,794,100,381,383],"yoast_head":"<!-- This site is optimized with the Yoast SEO Premium plugin v22.3 (Yoast SEO v22.4) - https:\/\/yoast.com\/wordpress\/plugins\/seo\/ -->\n<title>\u25b7 Pinza Kelly Recta 140mm - 14CM Acero aleman Precio mayoreo<\/title>\n<meta name=\"description\" content=\"\u2705 Compre pinza kelly recta 140mm a precio de mayoreo ideal para uso en cirug\u00eda general Funciones: Efectuar hemostasia en diversos procedimientos quir\u00fargicos\" \/>\n<meta name=\"robots\" content=\"index, follow, max-snippet:-1, max-image-preview:large, max-video-preview:-1\" \/>\n<link rel=\"canonical\" href=\"https:\/\/instamedic.mx\/en\/tienda-medica\/instrumental-medico\/estuche-de-disecciones\/pinza-kelly-recta\/\" \/>\n<meta property=\"og:locale\" content=\"en_US\" \/>\n<meta property=\"og:type\" content=\"article\" \/>\n<meta property=\"og:title\" content=\"Pinza Kelly Recta 140mm - 14CM\" \/>\n<meta property=\"og:description\" content=\"\u2705 Compre pinza kelly recta 140mm a precio de mayoreo ideal para uso en cirug\u00eda general Funciones: Efectuar hemostasia en diversos procedimientos quir\u00fargicos\" \/>\n<meta property=\"og:url\" content=\"https:\/\/instamedic.mx\/en\/tienda-medica\/instrumental-medico\/estuche-de-disecciones\/pinza-kelly-recta\/\" \/>\n<meta property=\"og:site_name\" content=\"Instamedic\" \/>\n<meta property=\"article:publisher\" content=\"https:\/\/www.facebook.com\/instamedicmx\" \/>\n<meta property=\"article:modified_time\" content=\"2024-03-17T23:32:39+00:00\" \/>\n<meta property=\"og:image\" content=\"https:\/\/instamedic.mx\/wp-content\/uploads\/2020\/01\/pinza-kelly-recta7.png\" \/>\n\t<meta property=\"og:image:width\" content=\"500\" \/>\n\t<meta property=\"og:image:height\" content=\"500\" \/>\n\t<meta property=\"og:image:type\" content=\"image\/png\" \/>\n<meta name=\"twitter:card\" content=\"summary_large_image\" \/>\n<meta name=\"twitter:label1\" content=\"Est. reading time\" \/>\n\t<meta name=\"twitter:data1\" content=\"1 minute\" \/>\n<script type=\"application\/ld+json\" class=\"yoast-schema-graph\">{\"@context\":\"https:\/\/schema.org\",\"@graph\":[{\"@type\":\"WebPage\",\"@id\":\"https:\/\/instamedic.mx\/tienda-medica\/instrumental-medico\/estuche-de-disecciones\/pinza-kelly-recta\/\",\"url\":\"https:\/\/instamedic.mx\/tienda-medica\/instrumental-medico\/estuche-de-disecciones\/pinza-kelly-recta\/\",\"name\":\"\u25b7 Pinza Kelly Recta 140mm - 14CM Acero aleman Precio mayoreo\",\"isPartOf\":{\"@id\":\"https:\/\/instamedic.mx\/#website\"},\"primaryImageOfPage\":{\"@id\":\"https:\/\/instamedic.mx\/tienda-medica\/instrumental-medico\/estuche-de-disecciones\/pinza-kelly-recta\/#primaryimage\"},\"image\":{\"@id\":\"https:\/\/instamedic.mx\/tienda-medica\/instrumental-medico\/estuche-de-disecciones\/pinza-kelly-recta\/#primaryimage\"},\"thumbnailUrl\":\"https:\/\/instamedic.mx\/wp-content\/uploads\/2020\/01\/pinza-kelly-recta7.png\",\"datePublished\":\"2020-01-18T01:29:48+00:00\",\"dateModified\":\"2024-03-17T23:32:39+00:00\",\"description\":\"\u2705 Compre pinza kelly recta 140mm a precio de mayoreo ideal para uso en cirug\u00eda general Funciones: Efectuar hemostasia en diversos procedimientos quir\u00fargicos\",\"breadcrumb\":{\"@id\":\"https:\/\/instamedic.mx\/tienda-medica\/instrumental-medico\/estuche-de-disecciones\/pinza-kelly-recta\/#breadcrumb\"},\"inLanguage\":\"en-US\",\"potentialAction\":[{\"@type\":\"ReadAction\",\"target\":[\"https:\/\/instamedic.mx\/tienda-medica\/instrumental-medico\/estuche-de-disecciones\/pinza-kelly-recta\/\"]}]},{\"@type\":\"ImageObject\",\"inLanguage\":\"en-US\",\"@id\":\"https:\/\/instamedic.mx\/tienda-medica\/instrumental-medico\/estuche-de-disecciones\/pinza-kelly-recta\/#primaryimage\",\"url\":\"https:\/\/instamedic.mx\/wp-content\/uploads\/2020\/01\/pinza-kelly-recta7.png\",\"contentUrl\":\"https:\/\/instamedic.mx\/wp-content\/uploads\/2020\/01\/pinza-kelly-recta7.png\",\"width\":500,\"height\":500,\"caption\":\"Pinza Kelly Recta 140mm acero aleman\"},{\"@type\":\"BreadcrumbList\",\"@id\":\"https:\/\/instamedic.mx\/tienda-medica\/instrumental-medico\/estuche-de-disecciones\/pinza-kelly-recta\/#breadcrumb\",\"itemListElement\":[{\"@type\":\"ListItem\",\"position\":1,\"name\":\"Inicio\",\"item\":\"https:\/\/instamedic.mx\/\"},{\"@type\":\"ListItem\",\"position\":2,\"name\":\"Tienda m\u00e9dica\",\"item\":\"https:\/\/instamedic.mx\/tienda-medica\/\"},{\"@type\":\"ListItem\",\"position\":3,\"name\":\"Pinza Kelly Recta 140mm &#8211; 14CM\"}]},{\"@type\":\"WebSite\",\"@id\":\"https:\/\/instamedic.mx\/#website\",\"url\":\"https:\/\/instamedic.mx\/\",\"name\":\"INSTAMEDIC\",\"description\":\"Venta de equipo m\u00e9dico, instrumental y uniformes quirpurgicos\",\"publisher\":{\"@id\":\"https:\/\/instamedic.mx\/#organization\"},\"potentialAction\":[{\"@type\":\"SearchAction\",\"target\":{\"@type\":\"EntryPoint\",\"urlTemplate\":\"https:\/\/instamedic.mx\/?s={search_term_string}\"},\"query-input\":\"required name=search_term_string\"}],\"inLanguage\":\"en-US\"},{\"@type\":\"Organization\",\"@id\":\"https:\/\/instamedic.mx\/#organization\",\"name\":\"INSTAMEDIC\",\"url\":\"https:\/\/instamedic.mx\/\",\"logo\":{\"@type\":\"ImageObject\",\"inLanguage\":\"en-US\",\"@id\":\"https:\/\/instamedic.mx\/#\/schema\/logo\/image\/\",\"url\":\"https:\/\/instamedic.mx\/wp-content\/uploads\/2024\/02\/Logo-instamedic.png\",\"contentUrl\":\"https:\/\/instamedic.mx\/wp-content\/uploads\/2024\/02\/Logo-instamedic.png\",\"width\":500,\"height\":500,\"caption\":\"INSTAMEDIC\"},\"image\":{\"@id\":\"https:\/\/instamedic.mx\/#\/schema\/logo\/image\/\"},\"sameAs\":[\"https:\/\/www.facebook.com\/instamedicmx\",\"https:\/\/www.instagram.com\/instamedic_mx\/\"],\"email\":\"info@instamedic.mx\",\"telephone\":\"8713426247\"}]}<\/script>\n<!-- \/ Yoast SEO Premium plugin. -->","yoast_head_json":{"title":"\u25b7 Pinza Kelly Recta 140mm - 14CM Acero aleman Precio mayoreo","description":"\u2705 Compre pinza kelly recta 140mm a precio de mayoreo ideal para uso en cirug\u00eda general Funciones: Efectuar hemostasia en diversos procedimientos quir\u00fargicos","robots":{"index":"index","follow":"follow","max-snippet":"max-snippet:-1","max-image-preview":"max-image-preview:large","max-video-preview":"max-video-preview:-1"},"canonical":"https:\/\/instamedic.mx\/en\/tienda-medica\/instrumental-medico\/estuche-de-disecciones\/pinza-kelly-recta\/","og_locale":"en_US","og_type":"article","og_title":"Pinza Kelly Recta 140mm - 14CM","og_description":"\u2705 Compre pinza kelly recta 140mm a precio de mayoreo ideal para uso en cirug\u00eda general Funciones: Efectuar hemostasia en diversos procedimientos quir\u00fargicos","og_url":"https:\/\/instamedic.mx\/en\/tienda-medica\/instrumental-medico\/estuche-de-disecciones\/pinza-kelly-recta\/","og_site_name":"Instamedic","article_publisher":"https:\/\/www.facebook.com\/instamedicmx","article_modified_time":"2024-03-17T23:32:39+00:00","og_image":[{"width":500,"height":500,"url":"https:\/\/instamedic.mx\/wp-content\/uploads\/2020\/01\/pinza-kelly-recta7.png","type":"image\/png"}],"twitter_card":"summary_large_image","twitter_misc":{"Est. reading time":"1 minute"},"schema":{"@context":"https:\/\/schema.org","@graph":[{"@type":"WebPage","@id":"https:\/\/instamedic.mx\/tienda-medica\/instrumental-medico\/estuche-de-disecciones\/pinza-kelly-recta\/","url":"https:\/\/instamedic.mx\/tienda-medica\/instrumental-medico\/estuche-de-disecciones\/pinza-kelly-recta\/","name":"\u25b7 Pinza Kelly Recta 140mm - 14CM Acero aleman Precio mayoreo","isPartOf":{"@id":"https:\/\/instamedic.mx\/#website"},"primaryImageOfPage":{"@id":"https:\/\/instamedic.mx\/tienda-medica\/instrumental-medico\/estuche-de-disecciones\/pinza-kelly-recta\/#primaryimage"},"image":{"@id":"https:\/\/instamedic.mx\/tienda-medica\/instrumental-medico\/estuche-de-disecciones\/pinza-kelly-recta\/#primaryimage"},"thumbnailUrl":"https:\/\/instamedic.mx\/wp-content\/uploads\/2020\/01\/pinza-kelly-recta7.png","datePublished":"2020-01-18T01:29:48+00:00","dateModified":"2024-03-17T23:32:39+00:00","description":"\u2705 Compre pinza kelly recta 140mm a precio de mayoreo ideal para uso en cirug\u00eda general Funciones: Efectuar hemostasia en diversos procedimientos quir\u00fargicos","breadcrumb":{"@id":"https:\/\/instamedic.mx\/tienda-medica\/instrumental-medico\/estuche-de-disecciones\/pinza-kelly-recta\/#breadcrumb"},"inLanguage":"en-US","potentialAction":[{"@type":"ReadAction","target":["https:\/\/instamedic.mx\/tienda-medica\/instrumental-medico\/estuche-de-disecciones\/pinza-kelly-recta\/"]}]},{"@type":"ImageObject","inLanguage":"en-US","@id":"https:\/\/instamedic.mx\/tienda-medica\/instrumental-medico\/estuche-de-disecciones\/pinza-kelly-recta\/#primaryimage","url":"https:\/\/instamedic.mx\/wp-content\/uploads\/2020\/01\/pinza-kelly-recta7.png","contentUrl":"https:\/\/instamedic.mx\/wp-content\/uploads\/2020\/01\/pinza-kelly-recta7.png","width":500,"height":500,"caption":"Pinza Kelly Recta 140mm acero aleman"},{"@type":"BreadcrumbList","@id":"https:\/\/instamedic.mx\/tienda-medica\/instrumental-medico\/estuche-de-disecciones\/pinza-kelly-recta\/#breadcrumb","itemListElement":[{"@type":"ListItem","position":1,"name":"Inicio","item":"https:\/\/instamedic.mx\/"},{"@type":"ListItem","position":2,"name":"Tienda m\u00e9dica","item":"https:\/\/instamedic.mx\/tienda-medica\/"},{"@type":"ListItem","position":3,"name":"Pinza Kelly Recta 140mm &#8211; 14CM"}]},{"@type":"WebSite","@id":"https:\/\/instamedic.mx\/#website","url":"https:\/\/instamedic.mx\/","name":"INSTAMEDIC","description":"Venta de equipo m\u00e9dico, instrumental y uniformes quirpurgicos","publisher":{"@id":"https:\/\/instamedic.mx\/#organization"},"potentialAction":[{"@type":"SearchAction","target":{"@type":"EntryPoint","urlTemplate":"https:\/\/instamedic.mx\/?s={search_term_string}"},"query-input":"required name=search_term_string"}],"inLanguage":"en-US"},{"@type":"Organization","@id":"https:\/\/instamedic.mx\/#organization","name":"INSTAMEDIC","url":"https:\/\/instamedic.mx\/","logo":{"@type":"ImageObject","inLanguage":"en-US","@id":"https:\/\/instamedic.mx\/#\/schema\/logo\/image\/","url":"https:\/\/instamedic.mx\/wp-content\/uploads\/2024\/02\/Logo-instamedic.png","contentUrl":"https:\/\/instamedic.mx\/wp-content\/uploads\/2024\/02\/Logo-instamedic.png","width":500,"height":500,"caption":"INSTAMEDIC"},"image":{"@id":"https:\/\/instamedic.mx\/#\/schema\/logo\/image\/"},"sameAs":["https:\/\/www.facebook.com\/instamedicmx","https:\/\/www.instagram.com\/instamedic_mx\/"],"email":"info@instamedic.mx","telephone":"8713426247"}]}},"jetpack_sharing_enabled":true,"_links":{"self":[{"href":"https:\/\/instamedic.mx\/en\/wp-json\/wp\/v2\/product\/7829"}],"collection":[{"href":"https:\/\/instamedic.mx\/en\/wp-json\/wp\/v2\/product"}],"about":[{"href":"https:\/\/instamedic.mx\/en\/wp-json\/wp\/v2\/types\/product"}],"replies":[{"embeddable":true,"href":"https:\/\/instamedic.mx\/en\/wp-json\/wp\/v2\/comments?post=7829"}],"version-history":[{"count":4,"href":"https:\/\/instamedic.mx\/en\/wp-json\/wp\/v2\/product\/7829\/revisions"}],"predecessor-version":[{"id":23077,"href":"https:\/\/instamedic.mx\/en\/wp-json\/wp\/v2\/product\/7829\/revisions\/23077"}],"wp:featuredmedia":[{"embeddable":true,"href":"https:\/\/instamedic.mx\/en\/wp-json\/wp\/v2\/media\/7830"}],"wp:attachment":[{"href":"https:\/\/instamedic.mx\/en\/wp-json\/wp\/v2\/media?parent=7829"}],"wp:term":[{"taxonomy":"wpc-collection","embeddable":true,"href":"https:\/\/instamedic.mx\/en\/wp-json\/wp\/v2\/wpc-collection?post=7829"},{"taxonomy":"product_brand","embeddable":true,"href":"https:\/\/instamedic.mx\/en\/wp-json\/wp\/v2\/product_brand?post=7829"},{"taxonomy":"product_cat","embeddable":true,"href":"https:\/\/instamedic.mx\/en\/wp-json\/wp\/v2\/product_cat?post=7829"},{"taxonomy":"product_tag","embeddable":true,"href":"https:\/\/instamedic.mx\/en\/wp-json\/wp\/v2\/product_tag?post=7829"}],"curies":[{"name":"wp","href":"https:\/\/api.w.org\/{rel}","templated":true}]}}