{"id":7856,"date":"2020-01-25T22:50:41","date_gmt":"2020-01-25T22:50:41","guid":{"rendered":"https:\/\/instamedic.mx\/?post_type=product&#038;p=7856"},"modified":"2023-12-30T01:01:00","modified_gmt":"2023-12-30T01:01:00","slug":"uniforme-quirurgico-repelente","status":"publish","type":"product","link":"https:\/\/instamedic.mx\/en\/tienda-medica\/uniformes\/quirurgicos-uniformes\/uniforme-quirurgico-repelente\/uniforme-quirurgico-repelente\/","title":{"rendered":"Uniforme Quir\u00fargico Repelente para dama azul aqua pewter"},"content":{"rendered":"<p>Uniformes anti fluidos de Ana Isabel para mujer, pr\u00e1cticos, durables y super c\u00f3modos<\/p>\n<p>Los conjuntos de uniformes Ana Isabel contienen la filipina y el pantal\u00f3n:<\/p>\n<p>La filipina anti fluidos con corte acinturado cuenta una cintilla bajo el busto que brinda un toque a\u00fan m\u00e1s femenino, consta de 2 bolsas con aditamentos en su interior para guardar accesorios m\u00e9dico como plumas, l\u00e1mparas, etc y mantenerlos en forma vertical.<\/p>\n<p>El pantal\u00f3n Ana Isabel anti fluidos para mujer tiene un dise\u00f1o que combina a la perfecci\u00f3n, el ajuste es de jareta (cord\u00f3n) para hacer nudo y que se ajuste a tu cintura.<br \/>\nAs\u00ed mismo tiene una bolsa al costado y una trasera ambas de lado derecho ideal para cargar accesorios. accesorios como otoscopios martillos,<br \/>\nEn Instamedic contamos con una gran variedad de ropa quir\u00fargica y accesorios<\/p>","protected":false},"excerpt":{"rendered":"<p>En Instamedic tenemos uniformes super c\u00f3modos y femeninos para ti<\/p>","protected":false},"featured_media":22037,"comment_status":"open","ping_status":"closed","template":"","meta":[],"wpc-collection":[665],"product_brand":[657],"product_cat":[158,167,398],"product_tag":[400,401,399],"yoast_head":"<!-- This site is optimized with the Yoast SEO Premium plugin v22.3 (Yoast SEO v22.4) - https:\/\/yoast.com\/wordpress\/plugins\/seo\/ -->\n<title>Uniforme Quir\u00fargico Repelente para dama azul aqua pewter<\/title>\n<meta name=\"robots\" content=\"index, follow, max-snippet:-1, max-image-preview:large, max-video-preview:-1\" \/>\n<link rel=\"canonical\" href=\"https:\/\/instamedic.mx\/en\/tienda-medica\/uniformes\/quirurgicos-uniformes\/uniforme-quirurgico-repelente\/uniforme-quirurgico-repelente\/\" \/>\n<meta property=\"og:locale\" content=\"en_US\" \/>\n<meta property=\"og:type\" content=\"article\" \/>\n<meta property=\"og:title\" content=\"Uniforme Quir\u00fargico Repelente para dama azul aqua pewter\" \/>\n<meta property=\"og:description\" content=\"En Instamedic tenemos uniformes super c\u00f3modos y femeninos para ti\" \/>\n<meta property=\"og:url\" content=\"https:\/\/instamedic.mx\/en\/tienda-medica\/uniformes\/quirurgicos-uniformes\/uniforme-quirurgico-repelente\/uniforme-quirurgico-repelente\/\" \/>\n<meta property=\"og:site_name\" content=\"Instamedic\" \/>\n<meta property=\"article:publisher\" content=\"https:\/\/www.facebook.com\/instamedicmx\" \/>\n<meta property=\"article:modified_time\" content=\"2023-12-30T01:01:00+00:00\" \/>\n<meta property=\"og:image\" content=\"https:\/\/instamedic.mx\/wp-content\/uploads\/2020\/01\/UNIFORMES-1-674_1024x1024@2x.webp\" \/>\n\t<meta property=\"og:image:width\" content=\"1365\" \/>\n\t<meta property=\"og:image:height\" content=\"2048\" \/>\n\t<meta property=\"og:image:type\" content=\"image\/webp\" \/>\n<meta name=\"twitter:card\" content=\"summary_large_image\" \/>\n<meta name=\"twitter:label1\" content=\"Est. reading time\" \/>\n\t<meta name=\"twitter:data1\" content=\"1 minute\" \/>\n<script type=\"application\/ld+json\" class=\"yoast-schema-graph\">{\"@context\":\"https:\/\/schema.org\",\"@graph\":[{\"@type\":\"WebPage\",\"@id\":\"https:\/\/instamedic.mx\/tienda-medica\/uniformes\/quirurgicos-uniformes\/uniforme-quirurgico-repelente\/uniforme-quirurgico-repelente\/\",\"url\":\"https:\/\/instamedic.mx\/tienda-medica\/uniformes\/quirurgicos-uniformes\/uniforme-quirurgico-repelente\/uniforme-quirurgico-repelente\/\",\"name\":\"Uniforme Quir\u00fargico Repelente para dama azul aqua pewter\",\"isPartOf\":{\"@id\":\"https:\/\/instamedic.mx\/#website\"},\"primaryImageOfPage\":{\"@id\":\"https:\/\/instamedic.mx\/tienda-medica\/uniformes\/quirurgicos-uniformes\/uniforme-quirurgico-repelente\/uniforme-quirurgico-repelente\/#primaryimage\"},\"image\":{\"@id\":\"https:\/\/instamedic.mx\/tienda-medica\/uniformes\/quirurgicos-uniformes\/uniforme-quirurgico-repelente\/uniforme-quirurgico-repelente\/#primaryimage\"},\"thumbnailUrl\":\"https:\/\/instamedic.mx\/wp-content\/uploads\/2020\/01\/UNIFORMES-1-674_1024x1024@2x.webp\",\"datePublished\":\"2020-01-25T22:50:41+00:00\",\"dateModified\":\"2023-12-30T01:01:00+00:00\",\"breadcrumb\":{\"@id\":\"https:\/\/instamedic.mx\/tienda-medica\/uniformes\/quirurgicos-uniformes\/uniforme-quirurgico-repelente\/uniforme-quirurgico-repelente\/#breadcrumb\"},\"inLanguage\":\"en-US\",\"potentialAction\":[{\"@type\":\"ReadAction\",\"target\":[\"https:\/\/instamedic.mx\/tienda-medica\/uniformes\/quirurgicos-uniformes\/uniforme-quirurgico-repelente\/uniforme-quirurgico-repelente\/\"]}]},{\"@type\":\"ImageObject\",\"inLanguage\":\"en-US\",\"@id\":\"https:\/\/instamedic.mx\/tienda-medica\/uniformes\/quirurgicos-uniformes\/uniforme-quirurgico-repelente\/uniforme-quirurgico-repelente\/#primaryimage\",\"url\":\"https:\/\/instamedic.mx\/wp-content\/uploads\/2020\/01\/UNIFORMES-1-674_1024x1024@2x.webp\",\"contentUrl\":\"https:\/\/instamedic.mx\/wp-content\/uploads\/2020\/01\/UNIFORMES-1-674_1024x1024@2x.webp\",\"width\":1365,\"height\":2048,\"caption\":\"Unifomre quir\u00fargico repelente para dama color azul acqua\"},{\"@type\":\"BreadcrumbList\",\"@id\":\"https:\/\/instamedic.mx\/tienda-medica\/uniformes\/quirurgicos-uniformes\/uniforme-quirurgico-repelente\/uniforme-quirurgico-repelente\/#breadcrumb\",\"itemListElement\":[{\"@type\":\"ListItem\",\"position\":1,\"name\":\"Inicio\",\"item\":\"https:\/\/instamedic.mx\/\"},{\"@type\":\"ListItem\",\"position\":2,\"name\":\"Tienda m\u00e9dica\",\"item\":\"https:\/\/instamedic.mx\/tienda-medica\/\"},{\"@type\":\"ListItem\",\"position\":3,\"name\":\"Uniforme Quir\u00fargico Repelente para dama azul aqua pewter\"}]},{\"@type\":\"WebSite\",\"@id\":\"https:\/\/instamedic.mx\/#website\",\"url\":\"https:\/\/instamedic.mx\/\",\"name\":\"INSTAMEDIC\",\"description\":\"Venta de equipo m\u00e9dico, instrumental y uniformes quirpurgicos\",\"publisher\":{\"@id\":\"https:\/\/instamedic.mx\/#organization\"},\"potentialAction\":[{\"@type\":\"SearchAction\",\"target\":{\"@type\":\"EntryPoint\",\"urlTemplate\":\"https:\/\/instamedic.mx\/?s={search_term_string}\"},\"query-input\":\"required name=search_term_string\"}],\"inLanguage\":\"en-US\"},{\"@type\":\"Organization\",\"@id\":\"https:\/\/instamedic.mx\/#organization\",\"name\":\"INSTAMEDIC\",\"url\":\"https:\/\/instamedic.mx\/\",\"logo\":{\"@type\":\"ImageObject\",\"inLanguage\":\"en-US\",\"@id\":\"https:\/\/instamedic.mx\/#\/schema\/logo\/image\/\",\"url\":\"https:\/\/instamedic.mx\/wp-content\/uploads\/2024\/02\/Logo-instamedic.png\",\"contentUrl\":\"https:\/\/instamedic.mx\/wp-content\/uploads\/2024\/02\/Logo-instamedic.png\",\"width\":500,\"height\":500,\"caption\":\"INSTAMEDIC\"},\"image\":{\"@id\":\"https:\/\/instamedic.mx\/#\/schema\/logo\/image\/\"},\"sameAs\":[\"https:\/\/www.facebook.com\/instamedicmx\",\"https:\/\/www.instagram.com\/instamedic_mx\/\"],\"email\":\"info@instamedic.mx\",\"telephone\":\"8713426247\"}]}<\/script>\n<!-- \/ Yoast SEO Premium plugin. -->","yoast_head_json":{"title":"Uniforme Quir\u00fargico Repelente para dama azul aqua pewter","robots":{"index":"index","follow":"follow","max-snippet":"max-snippet:-1","max-image-preview":"max-image-preview:large","max-video-preview":"max-video-preview:-1"},"canonical":"https:\/\/instamedic.mx\/en\/tienda-medica\/uniformes\/quirurgicos-uniformes\/uniforme-quirurgico-repelente\/uniforme-quirurgico-repelente\/","og_locale":"en_US","og_type":"article","og_title":"Uniforme Quir\u00fargico Repelente para dama azul aqua pewter","og_description":"En Instamedic tenemos uniformes super c\u00f3modos y femeninos para ti","og_url":"https:\/\/instamedic.mx\/en\/tienda-medica\/uniformes\/quirurgicos-uniformes\/uniforme-quirurgico-repelente\/uniforme-quirurgico-repelente\/","og_site_name":"Instamedic","article_publisher":"https:\/\/www.facebook.com\/instamedicmx","article_modified_time":"2023-12-30T01:01:00+00:00","og_image":[{"width":1365,"height":2048,"url":"https:\/\/instamedic.mx\/wp-content\/uploads\/2020\/01\/UNIFORMES-1-674_1024x1024@2x.webp","type":"image\/webp"}],"twitter_card":"summary_large_image","twitter_misc":{"Est. reading time":"1 minute"},"schema":{"@context":"https:\/\/schema.org","@graph":[{"@type":"WebPage","@id":"https:\/\/instamedic.mx\/tienda-medica\/uniformes\/quirurgicos-uniformes\/uniforme-quirurgico-repelente\/uniforme-quirurgico-repelente\/","url":"https:\/\/instamedic.mx\/tienda-medica\/uniformes\/quirurgicos-uniformes\/uniforme-quirurgico-repelente\/uniforme-quirurgico-repelente\/","name":"Uniforme Quir\u00fargico Repelente para dama azul aqua pewter","isPartOf":{"@id":"https:\/\/instamedic.mx\/#website"},"primaryImageOfPage":{"@id":"https:\/\/instamedic.mx\/tienda-medica\/uniformes\/quirurgicos-uniformes\/uniforme-quirurgico-repelente\/uniforme-quirurgico-repelente\/#primaryimage"},"image":{"@id":"https:\/\/instamedic.mx\/tienda-medica\/uniformes\/quirurgicos-uniformes\/uniforme-quirurgico-repelente\/uniforme-quirurgico-repelente\/#primaryimage"},"thumbnailUrl":"https:\/\/instamedic.mx\/wp-content\/uploads\/2020\/01\/UNIFORMES-1-674_1024x1024@2x.webp","datePublished":"2020-01-25T22:50:41+00:00","dateModified":"2023-12-30T01:01:00+00:00","breadcrumb":{"@id":"https:\/\/instamedic.mx\/tienda-medica\/uniformes\/quirurgicos-uniformes\/uniforme-quirurgico-repelente\/uniforme-quirurgico-repelente\/#breadcrumb"},"inLanguage":"en-US","potentialAction":[{"@type":"ReadAction","target":["https:\/\/instamedic.mx\/tienda-medica\/uniformes\/quirurgicos-uniformes\/uniforme-quirurgico-repelente\/uniforme-quirurgico-repelente\/"]}]},{"@type":"ImageObject","inLanguage":"en-US","@id":"https:\/\/instamedic.mx\/tienda-medica\/uniformes\/quirurgicos-uniformes\/uniforme-quirurgico-repelente\/uniforme-quirurgico-repelente\/#primaryimage","url":"https:\/\/instamedic.mx\/wp-content\/uploads\/2020\/01\/UNIFORMES-1-674_1024x1024@2x.webp","contentUrl":"https:\/\/instamedic.mx\/wp-content\/uploads\/2020\/01\/UNIFORMES-1-674_1024x1024@2x.webp","width":1365,"height":2048,"caption":"Unifomre quir\u00fargico repelente para dama color azul acqua"},{"@type":"BreadcrumbList","@id":"https:\/\/instamedic.mx\/tienda-medica\/uniformes\/quirurgicos-uniformes\/uniforme-quirurgico-repelente\/uniforme-quirurgico-repelente\/#breadcrumb","itemListElement":[{"@type":"ListItem","position":1,"name":"Inicio","item":"https:\/\/instamedic.mx\/"},{"@type":"ListItem","position":2,"name":"Tienda m\u00e9dica","item":"https:\/\/instamedic.mx\/tienda-medica\/"},{"@type":"ListItem","position":3,"name":"Uniforme Quir\u00fargico Repelente para dama azul aqua pewter"}]},{"@type":"WebSite","@id":"https:\/\/instamedic.mx\/#website","url":"https:\/\/instamedic.mx\/","name":"INSTAMEDIC","description":"Venta de equipo m\u00e9dico, instrumental y uniformes quirpurgicos","publisher":{"@id":"https:\/\/instamedic.mx\/#organization"},"potentialAction":[{"@type":"SearchAction","target":{"@type":"EntryPoint","urlTemplate":"https:\/\/instamedic.mx\/?s={search_term_string}"},"query-input":"required name=search_term_string"}],"inLanguage":"en-US"},{"@type":"Organization","@id":"https:\/\/instamedic.mx\/#organization","name":"INSTAMEDIC","url":"https:\/\/instamedic.mx\/","logo":{"@type":"ImageObject","inLanguage":"en-US","@id":"https:\/\/instamedic.mx\/#\/schema\/logo\/image\/","url":"https:\/\/instamedic.mx\/wp-content\/uploads\/2024\/02\/Logo-instamedic.png","contentUrl":"https:\/\/instamedic.mx\/wp-content\/uploads\/2024\/02\/Logo-instamedic.png","width":500,"height":500,"caption":"INSTAMEDIC"},"image":{"@id":"https:\/\/instamedic.mx\/#\/schema\/logo\/image\/"},"sameAs":["https:\/\/www.facebook.com\/instamedicmx","https:\/\/www.instagram.com\/instamedic_mx\/"],"email":"info@instamedic.mx","telephone":"8713426247"}]}},"jetpack_sharing_enabled":true,"_links":{"self":[{"href":"https:\/\/instamedic.mx\/en\/wp-json\/wp\/v2\/product\/7856"}],"collection":[{"href":"https:\/\/instamedic.mx\/en\/wp-json\/wp\/v2\/product"}],"about":[{"href":"https:\/\/instamedic.mx\/en\/wp-json\/wp\/v2\/types\/product"}],"replies":[{"embeddable":true,"href":"https:\/\/instamedic.mx\/en\/wp-json\/wp\/v2\/comments?post=7856"}],"version-history":[{"count":4,"href":"https:\/\/instamedic.mx\/en\/wp-json\/wp\/v2\/product\/7856\/revisions"}],"predecessor-version":[{"id":22827,"href":"https:\/\/instamedic.mx\/en\/wp-json\/wp\/v2\/product\/7856\/revisions\/22827"}],"wp:featuredmedia":[{"embeddable":true,"href":"https:\/\/instamedic.mx\/en\/wp-json\/wp\/v2\/media\/22037"}],"wp:attachment":[{"href":"https:\/\/instamedic.mx\/en\/wp-json\/wp\/v2\/media?parent=7856"}],"wp:term":[{"taxonomy":"wpc-collection","embeddable":true,"href":"https:\/\/instamedic.mx\/en\/wp-json\/wp\/v2\/wpc-collection?post=7856"},{"taxonomy":"product_brand","embeddable":true,"href":"https:\/\/instamedic.mx\/en\/wp-json\/wp\/v2\/product_brand?post=7856"},{"taxonomy":"product_cat","embeddable":true,"href":"https:\/\/instamedic.mx\/en\/wp-json\/wp\/v2\/product_cat?post=7856"},{"taxonomy":"product_tag","embeddable":true,"href":"https:\/\/instamedic.mx\/en\/wp-json\/wp\/v2\/product_tag?post=7856"}],"curies":[{"name":"wp","href":"https:\/\/api.w.org\/{rel}","templated":true}]}}