{"id":8027,"date":"2020-02-28T02:13:48","date_gmt":"2020-02-28T02:13:48","guid":{"rendered":"https:\/\/instamedic.mx\/?post_type=product&#038;p=8027"},"modified":"2020-05-14T18:49:26","modified_gmt":"2020-05-14T18:49:26","slug":"uniforme-quirurgico-wonderwink-pro-para-dama-con-cuello-de-efecto-cruzado","status":"publish","type":"product","link":"https:\/\/instamedic.mx\/en\/tienda-medica\/uniformes\/quirurgicos-uniformes\/uniforme-quirurgico-wonderwink-pro-para-dama-con-cuello-de-efecto-cruzado\/","title":{"rendered":"Uniforme Quirurgico WonderWink PRO para dama con Cuello de Efecto Cruzado"},"content":{"rendered":"<div>Uniforme quirurgico Wonder wink pro para dama<\/div>\n<div><\/div>\n<div>La Blusa M\u00e9dica WonderWink PRO con Cuello de Efecto Cruzado tiene canes\u00fas en la parte delantera de los hombros, un lazo de utilidad en el cuello y escote y costuras de princesa. Para el almacenamiento, hay cuatro bolsillos: dos bolsillos de parche y dos bolsillos de entrada lateral. Aberturas laterales providencian movilidad m\u00e1s f\u00e1cil. Hecha de 78\/20\/2 poli\u00e9ster\/ray\u00f3n\/spandex.<\/div>\n<div><\/div>\n<div id=\"desc\" class=\"product_desc\">El Pantal\u00f3n M\u00e9dico de Cargo WonderWink PRO Knit Waist es un pantal\u00f3n a la cadera con cintura el\u00e1stica y cierre de cord\u00f3n. Para el almacenamiento, tiene cuatro bolsillos: dos bolsillos delanteros, un bolsillo de cargo a la izquierda, un bolsillo de cargo a la derecha. Tambi\u00e9n incluye un lazo de utilidad en el bolsillo derecho. Aberturas en los tordillos providencian m\u00e1s movilidad. Hecho de 78\/20\/2 poli\u00e9ster\/ray\u00f3n\/spandex.<\/div>\n<div class=\"product_copy\">El largo aproximado para talla M es 31&#8243;.<\/div>","protected":false},"excerpt":{"rendered":"<div>Uniforme quirurgico Wonder wink pro para dama<\/div>\n<div><\/div>\n<div>La Blusa M\u00e9dica WonderWink PRO con Cuello de Efecto Cruzado tiene canes\u00fas en la parte delantera de los hombros, un lazo de utilidad en el cuello y escote y costuras de princesa.\u00a0 Hecha de 78\/20\/2 poli\u00e9ster\/ray\u00f3n\/spandex.<\/div>\n<div><\/div>\n<div id=\"desc\" class=\"product_desc\">El Pantal\u00f3n M\u00e9dico de Cargo WonderWink PRO Knit Waist es un pantal\u00f3n a la cadera con cintura el\u00e1stica y cierre de cord\u00f3n. Para el almacenamiento, tiene cuatro bolsillos: dos bolsillos delanteros, un bolsillo de cargo a la izquierda, un bolsillo de cargo a la derecha. Tambi\u00e9n incluye un lazo de utilidad en el bolsillo derecho.\u00a0 Hecho de 78\/20\/2 poli\u00e9ster\/ray\u00f3n\/spandex.<\/div>\n<div class=\"product_copy\">El largo aproximado para talla M es 31&#8243;.<\/div>","protected":false},"featured_media":8033,"comment_status":"open","ping_status":"closed","template":"","meta":[],"wpc-collection":[665,666],"product_brand":[],"product_cat":[158,167],"product_tag":[161,243,399,160],"yoast_head":"<!-- This site is optimized with the Yoast SEO Premium plugin v22.3 (Yoast SEO v22.4) - https:\/\/yoast.com\/wordpress\/plugins\/seo\/ -->\n<title>Uniforme Quirurgico WonderWink PRO para dama con Cuello de Efecto Cruzado | Instamedic<\/title>\n<meta name=\"robots\" content=\"index, follow, max-snippet:-1, max-image-preview:large, max-video-preview:-1\" \/>\n<link rel=\"canonical\" href=\"https:\/\/instamedic.mx\/en\/tienda-medica\/uniformes\/quirurgicos-uniformes\/uniforme-quirurgico-wonderwink-pro-para-dama-con-cuello-de-efecto-cruzado\/\" \/>\n<meta property=\"og:locale\" content=\"en_US\" \/>\n<meta property=\"og:type\" content=\"article\" \/>\n<meta property=\"og:title\" content=\"Uniforme Quirurgico WonderWink PRO para dama con Cuello de Efecto Cruzado\" \/>\n<meta property=\"og:description\" content=\"Uniforme quirurgico Wonder wink pro para dama  La Blusa M\u00e9dica WonderWink PRO con Cuello de Efecto Cruzado tiene canes\u00fas en la parte delantera de los hombros, un lazo de utilidad en el cuello y escote y costuras de princesa.\u00a0 Hecha de 78\/20\/2 poli\u00e9ster\/ray\u00f3n\/spandex.  El Pantal\u00f3n M\u00e9dico de Cargo WonderWink PRO Knit Waist es un pantal\u00f3n a la cadera con cintura el\u00e1stica y cierre de cord\u00f3n. Para el almacenamiento, tiene cuatro bolsillos: dos bolsillos delanteros, un bolsillo de cargo a la izquierda, un bolsillo de cargo a la derecha. Tambi\u00e9n incluye un lazo de utilidad en el bolsillo derecho.\u00a0 Hecho de 78\/20\/2 poli\u00e9ster\/ray\u00f3n\/spandex. El largo aproximado para talla M es 31&quot;.\" \/>\n<meta property=\"og:url\" content=\"https:\/\/instamedic.mx\/en\/tienda-medica\/uniformes\/quirurgicos-uniformes\/uniforme-quirurgico-wonderwink-pro-para-dama-con-cuello-de-efecto-cruzado\/\" \/>\n<meta property=\"og:site_name\" content=\"Instamedic\" \/>\n<meta property=\"article:publisher\" content=\"https:\/\/www.facebook.com\/instamedicmx\" \/>\n<meta property=\"article:modified_time\" content=\"2020-05-14T18:49:26+00:00\" \/>\n<meta property=\"og:image\" content=\"https:\/\/instamedic.mx\/wp-content\/uploads\/2020\/02\/Wonder-wink-pro-w6519_royal.png\" \/>\n\t<meta property=\"og:image:width\" content=\"600\" \/>\n\t<meta property=\"og:image:height\" content=\"720\" \/>\n\t<meta property=\"og:image:type\" content=\"image\/png\" \/>\n<meta name=\"twitter:card\" content=\"summary_large_image\" \/>\n<meta name=\"twitter:label1\" content=\"Est. reading time\" \/>\n\t<meta name=\"twitter:data1\" content=\"1 minute\" \/>\n<script type=\"application\/ld+json\" class=\"yoast-schema-graph\">{\"@context\":\"https:\/\/schema.org\",\"@graph\":[{\"@type\":\"WebPage\",\"@id\":\"https:\/\/instamedic.mx\/tienda-medica\/uniformes\/quirurgicos-uniformes\/uniforme-quirurgico-wonderwink-pro-para-dama-con-cuello-de-efecto-cruzado\/\",\"url\":\"https:\/\/instamedic.mx\/tienda-medica\/uniformes\/quirurgicos-uniformes\/uniforme-quirurgico-wonderwink-pro-para-dama-con-cuello-de-efecto-cruzado\/\",\"name\":\"Uniforme Quirurgico WonderWink PRO para dama con Cuello de Efecto Cruzado | Instamedic\",\"isPartOf\":{\"@id\":\"https:\/\/instamedic.mx\/#website\"},\"primaryImageOfPage\":{\"@id\":\"https:\/\/instamedic.mx\/tienda-medica\/uniformes\/quirurgicos-uniformes\/uniforme-quirurgico-wonderwink-pro-para-dama-con-cuello-de-efecto-cruzado\/#primaryimage\"},\"image\":{\"@id\":\"https:\/\/instamedic.mx\/tienda-medica\/uniformes\/quirurgicos-uniformes\/uniforme-quirurgico-wonderwink-pro-para-dama-con-cuello-de-efecto-cruzado\/#primaryimage\"},\"thumbnailUrl\":\"https:\/\/instamedic.mx\/wp-content\/uploads\/2020\/02\/Wonder-wink-pro-w6519_royal.png\",\"datePublished\":\"2020-02-28T02:13:48+00:00\",\"dateModified\":\"2020-05-14T18:49:26+00:00\",\"breadcrumb\":{\"@id\":\"https:\/\/instamedic.mx\/tienda-medica\/uniformes\/quirurgicos-uniformes\/uniforme-quirurgico-wonderwink-pro-para-dama-con-cuello-de-efecto-cruzado\/#breadcrumb\"},\"inLanguage\":\"en-US\",\"potentialAction\":[{\"@type\":\"ReadAction\",\"target\":[\"https:\/\/instamedic.mx\/tienda-medica\/uniformes\/quirurgicos-uniformes\/uniforme-quirurgico-wonderwink-pro-para-dama-con-cuello-de-efecto-cruzado\/\"]}]},{\"@type\":\"ImageObject\",\"inLanguage\":\"en-US\",\"@id\":\"https:\/\/instamedic.mx\/tienda-medica\/uniformes\/quirurgicos-uniformes\/uniforme-quirurgico-wonderwink-pro-para-dama-con-cuello-de-efecto-cruzado\/#primaryimage\",\"url\":\"https:\/\/instamedic.mx\/wp-content\/uploads\/2020\/02\/Wonder-wink-pro-w6519_royal.png\",\"contentUrl\":\"https:\/\/instamedic.mx\/wp-content\/uploads\/2020\/02\/Wonder-wink-pro-w6519_royal.png\",\"width\":600,\"height\":720,\"caption\":\"Uniforme quirurgico wonder wink pro color azul\"},{\"@type\":\"BreadcrumbList\",\"@id\":\"https:\/\/instamedic.mx\/tienda-medica\/uniformes\/quirurgicos-uniformes\/uniforme-quirurgico-wonderwink-pro-para-dama-con-cuello-de-efecto-cruzado\/#breadcrumb\",\"itemListElement\":[{\"@type\":\"ListItem\",\"position\":1,\"name\":\"Inicio\",\"item\":\"https:\/\/instamedic.mx\/\"},{\"@type\":\"ListItem\",\"position\":2,\"name\":\"Tienda m\u00e9dica\",\"item\":\"https:\/\/instamedic.mx\/tienda-medica\/\"},{\"@type\":\"ListItem\",\"position\":3,\"name\":\"Uniforme Quirurgico WonderWink PRO para dama con Cuello de Efecto Cruzado\"}]},{\"@type\":\"WebSite\",\"@id\":\"https:\/\/instamedic.mx\/#website\",\"url\":\"https:\/\/instamedic.mx\/\",\"name\":\"INSTAMEDIC\",\"description\":\"Venta de equipo m\u00e9dico, instrumental y uniformes quirpurgicos\",\"publisher\":{\"@id\":\"https:\/\/instamedic.mx\/#organization\"},\"potentialAction\":[{\"@type\":\"SearchAction\",\"target\":{\"@type\":\"EntryPoint\",\"urlTemplate\":\"https:\/\/instamedic.mx\/?s={search_term_string}\"},\"query-input\":\"required name=search_term_string\"}],\"inLanguage\":\"en-US\"},{\"@type\":\"Organization\",\"@id\":\"https:\/\/instamedic.mx\/#organization\",\"name\":\"INSTAMEDIC\",\"url\":\"https:\/\/instamedic.mx\/\",\"logo\":{\"@type\":\"ImageObject\",\"inLanguage\":\"en-US\",\"@id\":\"https:\/\/instamedic.mx\/#\/schema\/logo\/image\/\",\"url\":\"https:\/\/instamedic.mx\/wp-content\/uploads\/2024\/02\/Logo-instamedic.png\",\"contentUrl\":\"https:\/\/instamedic.mx\/wp-content\/uploads\/2024\/02\/Logo-instamedic.png\",\"width\":500,\"height\":500,\"caption\":\"INSTAMEDIC\"},\"image\":{\"@id\":\"https:\/\/instamedic.mx\/#\/schema\/logo\/image\/\"},\"sameAs\":[\"https:\/\/www.facebook.com\/instamedicmx\",\"https:\/\/www.instagram.com\/instamedic_mx\/\"],\"email\":\"info@instamedic.mx\",\"telephone\":\"8713426247\"}]}<\/script>\n<!-- \/ Yoast SEO Premium plugin. -->","yoast_head_json":{"title":"Uniforme Quirurgico WonderWink PRO para dama con Cuello de Efecto Cruzado | Instamedic","robots":{"index":"index","follow":"follow","max-snippet":"max-snippet:-1","max-image-preview":"max-image-preview:large","max-video-preview":"max-video-preview:-1"},"canonical":"https:\/\/instamedic.mx\/en\/tienda-medica\/uniformes\/quirurgicos-uniformes\/uniforme-quirurgico-wonderwink-pro-para-dama-con-cuello-de-efecto-cruzado\/","og_locale":"en_US","og_type":"article","og_title":"Uniforme Quirurgico WonderWink PRO para dama con Cuello de Efecto Cruzado","og_description":"Uniforme quirurgico Wonder wink pro para dama  La Blusa M\u00e9dica WonderWink PRO con Cuello de Efecto Cruzado tiene canes\u00fas en la parte delantera de los hombros, un lazo de utilidad en el cuello y escote y costuras de princesa.\u00a0 Hecha de 78\/20\/2 poli\u00e9ster\/ray\u00f3n\/spandex.  El Pantal\u00f3n M\u00e9dico de Cargo WonderWink PRO Knit Waist es un pantal\u00f3n a la cadera con cintura el\u00e1stica y cierre de cord\u00f3n. Para el almacenamiento, tiene cuatro bolsillos: dos bolsillos delanteros, un bolsillo de cargo a la izquierda, un bolsillo de cargo a la derecha. Tambi\u00e9n incluye un lazo de utilidad en el bolsillo derecho.\u00a0 Hecho de 78\/20\/2 poli\u00e9ster\/ray\u00f3n\/spandex. El largo aproximado para talla M es 31\".","og_url":"https:\/\/instamedic.mx\/en\/tienda-medica\/uniformes\/quirurgicos-uniformes\/uniforme-quirurgico-wonderwink-pro-para-dama-con-cuello-de-efecto-cruzado\/","og_site_name":"Instamedic","article_publisher":"https:\/\/www.facebook.com\/instamedicmx","article_modified_time":"2020-05-14T18:49:26+00:00","og_image":[{"width":600,"height":720,"url":"https:\/\/instamedic.mx\/wp-content\/uploads\/2020\/02\/Wonder-wink-pro-w6519_royal.png","type":"image\/png"}],"twitter_card":"summary_large_image","twitter_misc":{"Est. reading time":"1 minute"},"schema":{"@context":"https:\/\/schema.org","@graph":[{"@type":"WebPage","@id":"https:\/\/instamedic.mx\/tienda-medica\/uniformes\/quirurgicos-uniformes\/uniforme-quirurgico-wonderwink-pro-para-dama-con-cuello-de-efecto-cruzado\/","url":"https:\/\/instamedic.mx\/tienda-medica\/uniformes\/quirurgicos-uniformes\/uniforme-quirurgico-wonderwink-pro-para-dama-con-cuello-de-efecto-cruzado\/","name":"Uniforme Quirurgico WonderWink PRO para dama con Cuello de Efecto Cruzado | Instamedic","isPartOf":{"@id":"https:\/\/instamedic.mx\/#website"},"primaryImageOfPage":{"@id":"https:\/\/instamedic.mx\/tienda-medica\/uniformes\/quirurgicos-uniformes\/uniforme-quirurgico-wonderwink-pro-para-dama-con-cuello-de-efecto-cruzado\/#primaryimage"},"image":{"@id":"https:\/\/instamedic.mx\/tienda-medica\/uniformes\/quirurgicos-uniformes\/uniforme-quirurgico-wonderwink-pro-para-dama-con-cuello-de-efecto-cruzado\/#primaryimage"},"thumbnailUrl":"https:\/\/instamedic.mx\/wp-content\/uploads\/2020\/02\/Wonder-wink-pro-w6519_royal.png","datePublished":"2020-02-28T02:13:48+00:00","dateModified":"2020-05-14T18:49:26+00:00","breadcrumb":{"@id":"https:\/\/instamedic.mx\/tienda-medica\/uniformes\/quirurgicos-uniformes\/uniforme-quirurgico-wonderwink-pro-para-dama-con-cuello-de-efecto-cruzado\/#breadcrumb"},"inLanguage":"en-US","potentialAction":[{"@type":"ReadAction","target":["https:\/\/instamedic.mx\/tienda-medica\/uniformes\/quirurgicos-uniformes\/uniforme-quirurgico-wonderwink-pro-para-dama-con-cuello-de-efecto-cruzado\/"]}]},{"@type":"ImageObject","inLanguage":"en-US","@id":"https:\/\/instamedic.mx\/tienda-medica\/uniformes\/quirurgicos-uniformes\/uniforme-quirurgico-wonderwink-pro-para-dama-con-cuello-de-efecto-cruzado\/#primaryimage","url":"https:\/\/instamedic.mx\/wp-content\/uploads\/2020\/02\/Wonder-wink-pro-w6519_royal.png","contentUrl":"https:\/\/instamedic.mx\/wp-content\/uploads\/2020\/02\/Wonder-wink-pro-w6519_royal.png","width":600,"height":720,"caption":"Uniforme quirurgico wonder wink pro color azul"},{"@type":"BreadcrumbList","@id":"https:\/\/instamedic.mx\/tienda-medica\/uniformes\/quirurgicos-uniformes\/uniforme-quirurgico-wonderwink-pro-para-dama-con-cuello-de-efecto-cruzado\/#breadcrumb","itemListElement":[{"@type":"ListItem","position":1,"name":"Inicio","item":"https:\/\/instamedic.mx\/"},{"@type":"ListItem","position":2,"name":"Tienda m\u00e9dica","item":"https:\/\/instamedic.mx\/tienda-medica\/"},{"@type":"ListItem","position":3,"name":"Uniforme Quirurgico WonderWink PRO para dama con Cuello de Efecto Cruzado"}]},{"@type":"WebSite","@id":"https:\/\/instamedic.mx\/#website","url":"https:\/\/instamedic.mx\/","name":"INSTAMEDIC","description":"Venta de equipo m\u00e9dico, instrumental y uniformes quirpurgicos","publisher":{"@id":"https:\/\/instamedic.mx\/#organization"},"potentialAction":[{"@type":"SearchAction","target":{"@type":"EntryPoint","urlTemplate":"https:\/\/instamedic.mx\/?s={search_term_string}"},"query-input":"required name=search_term_string"}],"inLanguage":"en-US"},{"@type":"Organization","@id":"https:\/\/instamedic.mx\/#organization","name":"INSTAMEDIC","url":"https:\/\/instamedic.mx\/","logo":{"@type":"ImageObject","inLanguage":"en-US","@id":"https:\/\/instamedic.mx\/#\/schema\/logo\/image\/","url":"https:\/\/instamedic.mx\/wp-content\/uploads\/2024\/02\/Logo-instamedic.png","contentUrl":"https:\/\/instamedic.mx\/wp-content\/uploads\/2024\/02\/Logo-instamedic.png","width":500,"height":500,"caption":"INSTAMEDIC"},"image":{"@id":"https:\/\/instamedic.mx\/#\/schema\/logo\/image\/"},"sameAs":["https:\/\/www.facebook.com\/instamedicmx","https:\/\/www.instagram.com\/instamedic_mx\/"],"email":"info@instamedic.mx","telephone":"8713426247"}]}},"jetpack_sharing_enabled":true,"_links":{"self":[{"href":"https:\/\/instamedic.mx\/en\/wp-json\/wp\/v2\/product\/8027"}],"collection":[{"href":"https:\/\/instamedic.mx\/en\/wp-json\/wp\/v2\/product"}],"about":[{"href":"https:\/\/instamedic.mx\/en\/wp-json\/wp\/v2\/types\/product"}],"replies":[{"embeddable":true,"href":"https:\/\/instamedic.mx\/en\/wp-json\/wp\/v2\/comments?post=8027"}],"version-history":[{"count":1,"href":"https:\/\/instamedic.mx\/en\/wp-json\/wp\/v2\/product\/8027\/revisions"}],"predecessor-version":[{"id":8275,"href":"https:\/\/instamedic.mx\/en\/wp-json\/wp\/v2\/product\/8027\/revisions\/8275"}],"wp:featuredmedia":[{"embeddable":true,"href":"https:\/\/instamedic.mx\/en\/wp-json\/wp\/v2\/media\/8033"}],"wp:attachment":[{"href":"https:\/\/instamedic.mx\/en\/wp-json\/wp\/v2\/media?parent=8027"}],"wp:term":[{"taxonomy":"wpc-collection","embeddable":true,"href":"https:\/\/instamedic.mx\/en\/wp-json\/wp\/v2\/wpc-collection?post=8027"},{"taxonomy":"product_brand","embeddable":true,"href":"https:\/\/instamedic.mx\/en\/wp-json\/wp\/v2\/product_brand?post=8027"},{"taxonomy":"product_cat","embeddable":true,"href":"https:\/\/instamedic.mx\/en\/wp-json\/wp\/v2\/product_cat?post=8027"},{"taxonomy":"product_tag","embeddable":true,"href":"https:\/\/instamedic.mx\/en\/wp-json\/wp\/v2\/product_tag?post=8027"}],"curies":[{"name":"wp","href":"https:\/\/api.w.org\/{rel}","templated":true}]}}