{"id":8050,"date":"2020-02-28T18:38:26","date_gmt":"2020-02-28T18:38:26","guid":{"rendered":"https:\/\/instamedic.mx\/?post_type=product&#038;p=8050"},"modified":"2023-09-20T20:50:45","modified_gmt":"2023-09-20T20:50:45","slug":"conjunto-uniforme-quirurgico-repelente","status":"publish","type":"product","link":"https:\/\/instamedic.mx\/en\/tienda-medica\/uniformes\/quirurgicos-uniformes\/uniforme-quirurgico-repelente\/conjunto-uniforme-quirurgico-repelente\/","title":{"rendered":"Uniforme Quir\u00fargico Repelente Ana Isabel"},"content":{"rendered":"<p>Uniformes anti fluidos de ana isabel para mujer, practicos, durables y super c\u00f3modos disponibles varios colores<\/p>\n<p>Los conjuntos de uniformes anaisabel contienen la filipina y el pantalon:<\/p>\n<p>La filipina anti fluidos con corte acinturado cuenta una cintilla bajo el busto que brinda un toque a\u00fan m\u00e1s femenino, consta de 2 bolsas con aditamentos en su interior para guardar accesorios m\u00e9dico como plumas, l\u00e1mparas, etc y mantenerlos en forma vertical.<\/p>\n<p>El pantal\u00f3n ana isabel anti fluidos para mujer tiene un dise\u00f1o que combina a la perfecci\u00f3n, el ajuste es de jareta (cord\u00f3n) para hacer nudo y que se ajuste a tu cintura.<br \/>\nAs\u00ed mismo tiene una bolsa al costado y una trasera ambas de lado derecho ideal para cargar accesorios. accesorios como otoscopios martillos,<br \/>\nEn Instamedic contamos con una gran variedad de ropa quir\u00fargica y accesorios<\/p>","protected":false},"excerpt":{"rendered":"<p>En Instamedic tenemos uniformes super c\u00f3modos y femeninos para ti en varios colores: rosa fiuscia<br \/>\nEn las siguientes tallas XS-3XL<\/p>","protected":false},"featured_media":8808,"comment_status":"open","ping_status":"closed","template":"","meta":[],"wpc-collection":[664],"product_brand":[],"product_cat":[167,398],"product_tag":[400,410,401,409,464,243,244,399,463,160],"yoast_head":"<!-- This site is optimized with the Yoast SEO Premium plugin v22.3 (Yoast SEO v22.4) - https:\/\/yoast.com\/wordpress\/plugins\/seo\/ -->\n<title>Uniforme Quir\u00fargico Repelente Ana Isabel | Instamedic<\/title>\n<meta name=\"robots\" content=\"index, follow, max-snippet:-1, max-image-preview:large, max-video-preview:-1\" \/>\n<link rel=\"canonical\" href=\"https:\/\/instamedic.mx\/en\/tienda-medica\/uniformes\/quirurgicos-uniformes\/uniforme-quirurgico-repelente\/conjunto-uniforme-quirurgico-repelente\/\" \/>\n<meta property=\"og:locale\" content=\"en_US\" \/>\n<meta property=\"og:type\" content=\"article\" \/>\n<meta property=\"og:title\" content=\"Uniforme Quir\u00fargico Repelente Ana Isabel\" \/>\n<meta property=\"og:description\" content=\"En Instamedic tenemos uniformes super c\u00f3modos y femeninos para ti en varios colores: rosa fiuscia En las siguientes tallas XS-3XL\" \/>\n<meta property=\"og:url\" content=\"https:\/\/instamedic.mx\/en\/tienda-medica\/uniformes\/quirurgicos-uniformes\/uniforme-quirurgico-repelente\/conjunto-uniforme-quirurgico-repelente\/\" \/>\n<meta property=\"og:site_name\" content=\"Instamedic\" \/>\n<meta property=\"article:publisher\" content=\"https:\/\/www.facebook.com\/instamedicmx\" \/>\n<meta property=\"article:modified_time\" content=\"2023-09-20T20:50:45+00:00\" \/>\n<meta property=\"og:image\" content=\"https:\/\/instamedic.mx\/wp-content\/uploads\/2020\/02\/UNIFORME-QUIRURGICO-ROSA-FANDANGO-EV-04.png\" \/>\n\t<meta property=\"og:image:width\" content=\"500\" \/>\n\t<meta property=\"og:image:height\" content=\"500\" \/>\n\t<meta property=\"og:image:type\" content=\"image\/png\" \/>\n<meta name=\"twitter:card\" content=\"summary_large_image\" \/>\n<meta name=\"twitter:label1\" content=\"Est. reading time\" \/>\n\t<meta name=\"twitter:data1\" content=\"1 minute\" \/>\n<script type=\"application\/ld+json\" class=\"yoast-schema-graph\">{\"@context\":\"https:\/\/schema.org\",\"@graph\":[{\"@type\":\"WebPage\",\"@id\":\"https:\/\/instamedic.mx\/tienda-medica\/uniformes\/quirurgicos-uniformes\/uniforme-quirurgico-repelente\/conjunto-uniforme-quirurgico-repelente\/\",\"url\":\"https:\/\/instamedic.mx\/tienda-medica\/uniformes\/quirurgicos-uniformes\/uniforme-quirurgico-repelente\/conjunto-uniforme-quirurgico-repelente\/\",\"name\":\"Uniforme Quir\u00fargico Repelente Ana Isabel | Instamedic\",\"isPartOf\":{\"@id\":\"https:\/\/instamedic.mx\/#website\"},\"primaryImageOfPage\":{\"@id\":\"https:\/\/instamedic.mx\/tienda-medica\/uniformes\/quirurgicos-uniformes\/uniforme-quirurgico-repelente\/conjunto-uniforme-quirurgico-repelente\/#primaryimage\"},\"image\":{\"@id\":\"https:\/\/instamedic.mx\/tienda-medica\/uniformes\/quirurgicos-uniformes\/uniforme-quirurgico-repelente\/conjunto-uniforme-quirurgico-repelente\/#primaryimage\"},\"thumbnailUrl\":\"https:\/\/instamedic.mx\/wp-content\/uploads\/2020\/02\/UNIFORME-QUIRURGICO-ROSA-FANDANGO-EV-04.png\",\"datePublished\":\"2020-02-28T18:38:26+00:00\",\"dateModified\":\"2023-09-20T20:50:45+00:00\",\"breadcrumb\":{\"@id\":\"https:\/\/instamedic.mx\/tienda-medica\/uniformes\/quirurgicos-uniformes\/uniforme-quirurgico-repelente\/conjunto-uniforme-quirurgico-repelente\/#breadcrumb\"},\"inLanguage\":\"en-US\",\"potentialAction\":[{\"@type\":\"ReadAction\",\"target\":[\"https:\/\/instamedic.mx\/tienda-medica\/uniformes\/quirurgicos-uniformes\/uniforme-quirurgico-repelente\/conjunto-uniforme-quirurgico-repelente\/\"]}]},{\"@type\":\"ImageObject\",\"inLanguage\":\"en-US\",\"@id\":\"https:\/\/instamedic.mx\/tienda-medica\/uniformes\/quirurgicos-uniformes\/uniforme-quirurgico-repelente\/conjunto-uniforme-quirurgico-repelente\/#primaryimage\",\"url\":\"https:\/\/instamedic.mx\/wp-content\/uploads\/2020\/02\/UNIFORME-QUIRURGICO-ROSA-FANDANGO-EV-04.png\",\"contentUrl\":\"https:\/\/instamedic.mx\/wp-content\/uploads\/2020\/02\/UNIFORME-QUIRURGICO-ROSA-FANDANGO-EV-04.png\",\"width\":500,\"height\":500},{\"@type\":\"BreadcrumbList\",\"@id\":\"https:\/\/instamedic.mx\/tienda-medica\/uniformes\/quirurgicos-uniformes\/uniforme-quirurgico-repelente\/conjunto-uniforme-quirurgico-repelente\/#breadcrumb\",\"itemListElement\":[{\"@type\":\"ListItem\",\"position\":1,\"name\":\"Inicio\",\"item\":\"https:\/\/instamedic.mx\/\"},{\"@type\":\"ListItem\",\"position\":2,\"name\":\"Tienda m\u00e9dica\",\"item\":\"https:\/\/instamedic.mx\/tienda-medica\/\"},{\"@type\":\"ListItem\",\"position\":3,\"name\":\"Uniforme Quir\u00fargico Repelente Ana Isabel\"}]},{\"@type\":\"WebSite\",\"@id\":\"https:\/\/instamedic.mx\/#website\",\"url\":\"https:\/\/instamedic.mx\/\",\"name\":\"INSTAMEDIC\",\"description\":\"Venta de equipo m\u00e9dico, instrumental y uniformes quirpurgicos\",\"publisher\":{\"@id\":\"https:\/\/instamedic.mx\/#organization\"},\"potentialAction\":[{\"@type\":\"SearchAction\",\"target\":{\"@type\":\"EntryPoint\",\"urlTemplate\":\"https:\/\/instamedic.mx\/?s={search_term_string}\"},\"query-input\":\"required name=search_term_string\"}],\"inLanguage\":\"en-US\"},{\"@type\":\"Organization\",\"@id\":\"https:\/\/instamedic.mx\/#organization\",\"name\":\"INSTAMEDIC\",\"url\":\"https:\/\/instamedic.mx\/\",\"logo\":{\"@type\":\"ImageObject\",\"inLanguage\":\"en-US\",\"@id\":\"https:\/\/instamedic.mx\/#\/schema\/logo\/image\/\",\"url\":\"https:\/\/instamedic.mx\/wp-content\/uploads\/2024\/02\/Logo-instamedic.png\",\"contentUrl\":\"https:\/\/instamedic.mx\/wp-content\/uploads\/2024\/02\/Logo-instamedic.png\",\"width\":500,\"height\":500,\"caption\":\"INSTAMEDIC\"},\"image\":{\"@id\":\"https:\/\/instamedic.mx\/#\/schema\/logo\/image\/\"},\"sameAs\":[\"https:\/\/www.facebook.com\/instamedicmx\",\"https:\/\/www.instagram.com\/instamedic_mx\/\"],\"email\":\"info@instamedic.mx\",\"telephone\":\"8713426247\"}]}<\/script>\n<!-- \/ Yoast SEO Premium plugin. -->","yoast_head_json":{"title":"Uniforme Quir\u00fargico Repelente Ana Isabel | Instamedic","robots":{"index":"index","follow":"follow","max-snippet":"max-snippet:-1","max-image-preview":"max-image-preview:large","max-video-preview":"max-video-preview:-1"},"canonical":"https:\/\/instamedic.mx\/en\/tienda-medica\/uniformes\/quirurgicos-uniformes\/uniforme-quirurgico-repelente\/conjunto-uniforme-quirurgico-repelente\/","og_locale":"en_US","og_type":"article","og_title":"Uniforme Quir\u00fargico Repelente Ana Isabel","og_description":"En Instamedic tenemos uniformes super c\u00f3modos y femeninos para ti en varios colores: rosa fiuscia En las siguientes tallas XS-3XL","og_url":"https:\/\/instamedic.mx\/en\/tienda-medica\/uniformes\/quirurgicos-uniformes\/uniforme-quirurgico-repelente\/conjunto-uniforme-quirurgico-repelente\/","og_site_name":"Instamedic","article_publisher":"https:\/\/www.facebook.com\/instamedicmx","article_modified_time":"2023-09-20T20:50:45+00:00","og_image":[{"width":500,"height":500,"url":"https:\/\/instamedic.mx\/wp-content\/uploads\/2020\/02\/UNIFORME-QUIRURGICO-ROSA-FANDANGO-EV-04.png","type":"image\/png"}],"twitter_card":"summary_large_image","twitter_misc":{"Est. reading time":"1 minute"},"schema":{"@context":"https:\/\/schema.org","@graph":[{"@type":"WebPage","@id":"https:\/\/instamedic.mx\/tienda-medica\/uniformes\/quirurgicos-uniformes\/uniforme-quirurgico-repelente\/conjunto-uniforme-quirurgico-repelente\/","url":"https:\/\/instamedic.mx\/tienda-medica\/uniformes\/quirurgicos-uniformes\/uniforme-quirurgico-repelente\/conjunto-uniforme-quirurgico-repelente\/","name":"Uniforme Quir\u00fargico Repelente Ana Isabel | Instamedic","isPartOf":{"@id":"https:\/\/instamedic.mx\/#website"},"primaryImageOfPage":{"@id":"https:\/\/instamedic.mx\/tienda-medica\/uniformes\/quirurgicos-uniformes\/uniforme-quirurgico-repelente\/conjunto-uniforme-quirurgico-repelente\/#primaryimage"},"image":{"@id":"https:\/\/instamedic.mx\/tienda-medica\/uniformes\/quirurgicos-uniformes\/uniforme-quirurgico-repelente\/conjunto-uniforme-quirurgico-repelente\/#primaryimage"},"thumbnailUrl":"https:\/\/instamedic.mx\/wp-content\/uploads\/2020\/02\/UNIFORME-QUIRURGICO-ROSA-FANDANGO-EV-04.png","datePublished":"2020-02-28T18:38:26+00:00","dateModified":"2023-09-20T20:50:45+00:00","breadcrumb":{"@id":"https:\/\/instamedic.mx\/tienda-medica\/uniformes\/quirurgicos-uniformes\/uniforme-quirurgico-repelente\/conjunto-uniforme-quirurgico-repelente\/#breadcrumb"},"inLanguage":"en-US","potentialAction":[{"@type":"ReadAction","target":["https:\/\/instamedic.mx\/tienda-medica\/uniformes\/quirurgicos-uniformes\/uniforme-quirurgico-repelente\/conjunto-uniforme-quirurgico-repelente\/"]}]},{"@type":"ImageObject","inLanguage":"en-US","@id":"https:\/\/instamedic.mx\/tienda-medica\/uniformes\/quirurgicos-uniformes\/uniforme-quirurgico-repelente\/conjunto-uniforme-quirurgico-repelente\/#primaryimage","url":"https:\/\/instamedic.mx\/wp-content\/uploads\/2020\/02\/UNIFORME-QUIRURGICO-ROSA-FANDANGO-EV-04.png","contentUrl":"https:\/\/instamedic.mx\/wp-content\/uploads\/2020\/02\/UNIFORME-QUIRURGICO-ROSA-FANDANGO-EV-04.png","width":500,"height":500},{"@type":"BreadcrumbList","@id":"https:\/\/instamedic.mx\/tienda-medica\/uniformes\/quirurgicos-uniformes\/uniforme-quirurgico-repelente\/conjunto-uniforme-quirurgico-repelente\/#breadcrumb","itemListElement":[{"@type":"ListItem","position":1,"name":"Inicio","item":"https:\/\/instamedic.mx\/"},{"@type":"ListItem","position":2,"name":"Tienda m\u00e9dica","item":"https:\/\/instamedic.mx\/tienda-medica\/"},{"@type":"ListItem","position":3,"name":"Uniforme Quir\u00fargico Repelente Ana Isabel"}]},{"@type":"WebSite","@id":"https:\/\/instamedic.mx\/#website","url":"https:\/\/instamedic.mx\/","name":"INSTAMEDIC","description":"Venta de equipo m\u00e9dico, instrumental y uniformes quirpurgicos","publisher":{"@id":"https:\/\/instamedic.mx\/#organization"},"potentialAction":[{"@type":"SearchAction","target":{"@type":"EntryPoint","urlTemplate":"https:\/\/instamedic.mx\/?s={search_term_string}"},"query-input":"required name=search_term_string"}],"inLanguage":"en-US"},{"@type":"Organization","@id":"https:\/\/instamedic.mx\/#organization","name":"INSTAMEDIC","url":"https:\/\/instamedic.mx\/","logo":{"@type":"ImageObject","inLanguage":"en-US","@id":"https:\/\/instamedic.mx\/#\/schema\/logo\/image\/","url":"https:\/\/instamedic.mx\/wp-content\/uploads\/2024\/02\/Logo-instamedic.png","contentUrl":"https:\/\/instamedic.mx\/wp-content\/uploads\/2024\/02\/Logo-instamedic.png","width":500,"height":500,"caption":"INSTAMEDIC"},"image":{"@id":"https:\/\/instamedic.mx\/#\/schema\/logo\/image\/"},"sameAs":["https:\/\/www.facebook.com\/instamedicmx","https:\/\/www.instagram.com\/instamedic_mx\/"],"email":"info@instamedic.mx","telephone":"8713426247"}]}},"jetpack_sharing_enabled":true,"_links":{"self":[{"href":"https:\/\/instamedic.mx\/en\/wp-json\/wp\/v2\/product\/8050"}],"collection":[{"href":"https:\/\/instamedic.mx\/en\/wp-json\/wp\/v2\/product"}],"about":[{"href":"https:\/\/instamedic.mx\/en\/wp-json\/wp\/v2\/types\/product"}],"replies":[{"embeddable":true,"href":"https:\/\/instamedic.mx\/en\/wp-json\/wp\/v2\/comments?post=8050"}],"version-history":[{"count":5,"href":"https:\/\/instamedic.mx\/en\/wp-json\/wp\/v2\/product\/8050\/revisions"}],"predecessor-version":[{"id":21972,"href":"https:\/\/instamedic.mx\/en\/wp-json\/wp\/v2\/product\/8050\/revisions\/21972"}],"wp:featuredmedia":[{"embeddable":true,"href":"https:\/\/instamedic.mx\/en\/wp-json\/wp\/v2\/media\/8808"}],"wp:attachment":[{"href":"https:\/\/instamedic.mx\/en\/wp-json\/wp\/v2\/media?parent=8050"}],"wp:term":[{"taxonomy":"wpc-collection","embeddable":true,"href":"https:\/\/instamedic.mx\/en\/wp-json\/wp\/v2\/wpc-collection?post=8050"},{"taxonomy":"product_brand","embeddable":true,"href":"https:\/\/instamedic.mx\/en\/wp-json\/wp\/v2\/product_brand?post=8050"},{"taxonomy":"product_cat","embeddable":true,"href":"https:\/\/instamedic.mx\/en\/wp-json\/wp\/v2\/product_cat?post=8050"},{"taxonomy":"product_tag","embeddable":true,"href":"https:\/\/instamedic.mx\/en\/wp-json\/wp\/v2\/product_tag?post=8050"}],"curies":[{"name":"wp","href":"https:\/\/api.w.org\/{rel}","templated":true}]}}