{"id":8350,"date":"2020-05-27T01:06:05","date_gmt":"2020-05-27T01:06:05","guid":{"rendered":"https:\/\/instamedic.mx\/?post_type=product&#038;p=8350"},"modified":"2020-05-27T01:06:06","modified_gmt":"2020-05-27T01:06:06","slug":"reloj-de-broche-para-enfermera","status":"publish","type":"product","link":"https:\/\/instamedic.mx\/en\/tienda-medica\/comun\/reloj\/reloj-de-broche-para-enfermera\/","title":{"rendered":"Reloj de broche para enfermera"},"content":{"rendered":"<p>Contenido: Un reloj<\/p>\n<p>MEDIDAS<br \/>\nDi\u00e1metro: 32 mm<br \/>\nEspesor: 8 mm<br \/>\nLargo de la cadena: 53 cm<\/p>\n<p>Observaciones:<br \/>\n&#8211; Sin estuche<br \/>\n&#8211; No a prueba de agua<br \/>\n&#8211; Con bater\u00eda econ\u00f3mica de prueba.<\/p>","protected":false},"excerpt":{"rendered":"<ul class=\"a-unordered-list a-vertical a-spacing-mini\">\n<li><span class=\"a-list-item\">COLGANTE ENCANTADOR \u2013 Dise\u00f1o atractivo con el colgante de dibujo animado de enfermera, cuenta con el clip para el uso simple sin preocupaci\u00f3n del da\u00f1o a la piel y la ropa<\/span><\/li>\n<li><span class=\"a-list-item\">LECTURA F\u00c1CIL \u2013 Movimiento cuarzo que funciona con el tiempo preciso y el dial con n\u00fameros \u00e1rabes grandes y agujas de hora\/minuto\/segundo para la lectura con conveniencia<\/span><\/li>\n<\/ul>","protected":false},"featured_media":8353,"comment_status":"open","ping_status":"closed","template":"","meta":[],"wpc-collection":[],"product_brand":[],"product_cat":[15,419],"product_tag":[423,421,422,420],"yoast_head":"<!-- This site is optimized with the Yoast SEO Premium plugin v22.3 (Yoast SEO v22.4) - https:\/\/yoast.com\/wordpress\/plugins\/seo\/ -->\n<title>Reloj de broche para enfermera | Instamedic<\/title>\n<meta name=\"robots\" content=\"index, follow, max-snippet:-1, max-image-preview:large, max-video-preview:-1\" \/>\n<link rel=\"canonical\" href=\"https:\/\/instamedic.mx\/en\/tienda-medica\/comun\/reloj\/reloj-de-broche-para-enfermera\/\" \/>\n<meta property=\"og:locale\" content=\"en_US\" \/>\n<meta property=\"og:type\" content=\"article\" \/>\n<meta property=\"og:title\" content=\"Reloj de broche para enfermera\" \/>\n<meta property=\"og:description\" content=\"COLGANTE ENCANTADOR \u2013 Dise\u00f1o atractivo con el colgante de dibujo animado de enfermera, cuenta con el clip para el uso simple sin preocupaci\u00f3n del da\u00f1o a la piel y la ropa  LECTURA F\u00c1CIL \u2013 Movimiento cuarzo que funciona con el tiempo preciso y el dial con n\u00fameros \u00e1rabes grandes y agujas de hora\/minuto\/segundo para la lectura con conveniencia\" \/>\n<meta property=\"og:url\" content=\"https:\/\/instamedic.mx\/en\/tienda-medica\/comun\/reloj\/reloj-de-broche-para-enfermera\/\" \/>\n<meta property=\"og:site_name\" content=\"Instamedic\" \/>\n<meta property=\"article:publisher\" content=\"https:\/\/www.facebook.com\/instamedicmx\" \/>\n<meta property=\"article:modified_time\" content=\"2020-05-27T01:06:06+00:00\" \/>\n<meta property=\"og:image\" content=\"https:\/\/instamedic.mx\/wp-content\/uploads\/2020\/05\/reloj-de-broche-para-enfermera-.png\" \/>\n\t<meta property=\"og:image:width\" content=\"604\" \/>\n\t<meta property=\"og:image:height\" content=\"637\" \/>\n\t<meta property=\"og:image:type\" content=\"image\/png\" \/>\n<meta name=\"twitter:card\" content=\"summary_large_image\" \/>\n<script type=\"application\/ld+json\" class=\"yoast-schema-graph\">{\"@context\":\"https:\/\/schema.org\",\"@graph\":[{\"@type\":\"WebPage\",\"@id\":\"https:\/\/instamedic.mx\/tienda-medica\/comun\/reloj\/reloj-de-broche-para-enfermera\/\",\"url\":\"https:\/\/instamedic.mx\/tienda-medica\/comun\/reloj\/reloj-de-broche-para-enfermera\/\",\"name\":\"Reloj de broche para enfermera | Instamedic\",\"isPartOf\":{\"@id\":\"https:\/\/instamedic.mx\/#website\"},\"primaryImageOfPage\":{\"@id\":\"https:\/\/instamedic.mx\/tienda-medica\/comun\/reloj\/reloj-de-broche-para-enfermera\/#primaryimage\"},\"image\":{\"@id\":\"https:\/\/instamedic.mx\/tienda-medica\/comun\/reloj\/reloj-de-broche-para-enfermera\/#primaryimage\"},\"thumbnailUrl\":\"https:\/\/instamedic.mx\/wp-content\/uploads\/2020\/05\/reloj-de-broche-para-enfermera-.png\",\"datePublished\":\"2020-05-27T01:06:05+00:00\",\"dateModified\":\"2020-05-27T01:06:06+00:00\",\"breadcrumb\":{\"@id\":\"https:\/\/instamedic.mx\/tienda-medica\/comun\/reloj\/reloj-de-broche-para-enfermera\/#breadcrumb\"},\"inLanguage\":\"en-US\",\"potentialAction\":[{\"@type\":\"ReadAction\",\"target\":[\"https:\/\/instamedic.mx\/tienda-medica\/comun\/reloj\/reloj-de-broche-para-enfermera\/\"]}]},{\"@type\":\"ImageObject\",\"inLanguage\":\"en-US\",\"@id\":\"https:\/\/instamedic.mx\/tienda-medica\/comun\/reloj\/reloj-de-broche-para-enfermera\/#primaryimage\",\"url\":\"https:\/\/instamedic.mx\/wp-content\/uploads\/2020\/05\/reloj-de-broche-para-enfermera-.png\",\"contentUrl\":\"https:\/\/instamedic.mx\/wp-content\/uploads\/2020\/05\/reloj-de-broche-para-enfermera-.png\",\"width\":604,\"height\":637},{\"@type\":\"BreadcrumbList\",\"@id\":\"https:\/\/instamedic.mx\/tienda-medica\/comun\/reloj\/reloj-de-broche-para-enfermera\/#breadcrumb\",\"itemListElement\":[{\"@type\":\"ListItem\",\"position\":1,\"name\":\"Inicio\",\"item\":\"https:\/\/instamedic.mx\/\"},{\"@type\":\"ListItem\",\"position\":2,\"name\":\"Tienda m\u00e9dica\",\"item\":\"https:\/\/instamedic.mx\/tienda-medica\/\"},{\"@type\":\"ListItem\",\"position\":3,\"name\":\"Reloj de broche para enfermera\"}]},{\"@type\":\"WebSite\",\"@id\":\"https:\/\/instamedic.mx\/#website\",\"url\":\"https:\/\/instamedic.mx\/\",\"name\":\"INSTAMEDIC\",\"description\":\"Venta de equipo m\u00e9dico, instrumental y uniformes quirpurgicos\",\"publisher\":{\"@id\":\"https:\/\/instamedic.mx\/#organization\"},\"potentialAction\":[{\"@type\":\"SearchAction\",\"target\":{\"@type\":\"EntryPoint\",\"urlTemplate\":\"https:\/\/instamedic.mx\/?s={search_term_string}\"},\"query-input\":\"required name=search_term_string\"}],\"inLanguage\":\"en-US\"},{\"@type\":\"Organization\",\"@id\":\"https:\/\/instamedic.mx\/#organization\",\"name\":\"INSTAMEDIC\",\"url\":\"https:\/\/instamedic.mx\/\",\"logo\":{\"@type\":\"ImageObject\",\"inLanguage\":\"en-US\",\"@id\":\"https:\/\/instamedic.mx\/#\/schema\/logo\/image\/\",\"url\":\"https:\/\/instamedic.mx\/wp-content\/uploads\/2024\/02\/Logo-instamedic.png\",\"contentUrl\":\"https:\/\/instamedic.mx\/wp-content\/uploads\/2024\/02\/Logo-instamedic.png\",\"width\":500,\"height\":500,\"caption\":\"INSTAMEDIC\"},\"image\":{\"@id\":\"https:\/\/instamedic.mx\/#\/schema\/logo\/image\/\"},\"sameAs\":[\"https:\/\/www.facebook.com\/instamedicmx\",\"https:\/\/www.instagram.com\/instamedic_mx\/\"],\"email\":\"info@instamedic.mx\",\"telephone\":\"8713426247\"}]}<\/script>\n<!-- \/ Yoast SEO Premium plugin. -->","yoast_head_json":{"title":"Reloj de broche para enfermera | Instamedic","robots":{"index":"index","follow":"follow","max-snippet":"max-snippet:-1","max-image-preview":"max-image-preview:large","max-video-preview":"max-video-preview:-1"},"canonical":"https:\/\/instamedic.mx\/en\/tienda-medica\/comun\/reloj\/reloj-de-broche-para-enfermera\/","og_locale":"en_US","og_type":"article","og_title":"Reloj de broche para enfermera","og_description":"COLGANTE ENCANTADOR \u2013 Dise\u00f1o atractivo con el colgante de dibujo animado de enfermera, cuenta con el clip para el uso simple sin preocupaci\u00f3n del da\u00f1o a la piel y la ropa  LECTURA F\u00c1CIL \u2013 Movimiento cuarzo que funciona con el tiempo preciso y el dial con n\u00fameros \u00e1rabes grandes y agujas de hora\/minuto\/segundo para la lectura con conveniencia","og_url":"https:\/\/instamedic.mx\/en\/tienda-medica\/comun\/reloj\/reloj-de-broche-para-enfermera\/","og_site_name":"Instamedic","article_publisher":"https:\/\/www.facebook.com\/instamedicmx","article_modified_time":"2020-05-27T01:06:06+00:00","og_image":[{"width":604,"height":637,"url":"https:\/\/instamedic.mx\/wp-content\/uploads\/2020\/05\/reloj-de-broche-para-enfermera-.png","type":"image\/png"}],"twitter_card":"summary_large_image","schema":{"@context":"https:\/\/schema.org","@graph":[{"@type":"WebPage","@id":"https:\/\/instamedic.mx\/tienda-medica\/comun\/reloj\/reloj-de-broche-para-enfermera\/","url":"https:\/\/instamedic.mx\/tienda-medica\/comun\/reloj\/reloj-de-broche-para-enfermera\/","name":"Reloj de broche para enfermera | Instamedic","isPartOf":{"@id":"https:\/\/instamedic.mx\/#website"},"primaryImageOfPage":{"@id":"https:\/\/instamedic.mx\/tienda-medica\/comun\/reloj\/reloj-de-broche-para-enfermera\/#primaryimage"},"image":{"@id":"https:\/\/instamedic.mx\/tienda-medica\/comun\/reloj\/reloj-de-broche-para-enfermera\/#primaryimage"},"thumbnailUrl":"https:\/\/instamedic.mx\/wp-content\/uploads\/2020\/05\/reloj-de-broche-para-enfermera-.png","datePublished":"2020-05-27T01:06:05+00:00","dateModified":"2020-05-27T01:06:06+00:00","breadcrumb":{"@id":"https:\/\/instamedic.mx\/tienda-medica\/comun\/reloj\/reloj-de-broche-para-enfermera\/#breadcrumb"},"inLanguage":"en-US","potentialAction":[{"@type":"ReadAction","target":["https:\/\/instamedic.mx\/tienda-medica\/comun\/reloj\/reloj-de-broche-para-enfermera\/"]}]},{"@type":"ImageObject","inLanguage":"en-US","@id":"https:\/\/instamedic.mx\/tienda-medica\/comun\/reloj\/reloj-de-broche-para-enfermera\/#primaryimage","url":"https:\/\/instamedic.mx\/wp-content\/uploads\/2020\/05\/reloj-de-broche-para-enfermera-.png","contentUrl":"https:\/\/instamedic.mx\/wp-content\/uploads\/2020\/05\/reloj-de-broche-para-enfermera-.png","width":604,"height":637},{"@type":"BreadcrumbList","@id":"https:\/\/instamedic.mx\/tienda-medica\/comun\/reloj\/reloj-de-broche-para-enfermera\/#breadcrumb","itemListElement":[{"@type":"ListItem","position":1,"name":"Inicio","item":"https:\/\/instamedic.mx\/"},{"@type":"ListItem","position":2,"name":"Tienda m\u00e9dica","item":"https:\/\/instamedic.mx\/tienda-medica\/"},{"@type":"ListItem","position":3,"name":"Reloj de broche para enfermera"}]},{"@type":"WebSite","@id":"https:\/\/instamedic.mx\/#website","url":"https:\/\/instamedic.mx\/","name":"INSTAMEDIC","description":"Venta de equipo m\u00e9dico, instrumental y uniformes quirpurgicos","publisher":{"@id":"https:\/\/instamedic.mx\/#organization"},"potentialAction":[{"@type":"SearchAction","target":{"@type":"EntryPoint","urlTemplate":"https:\/\/instamedic.mx\/?s={search_term_string}"},"query-input":"required name=search_term_string"}],"inLanguage":"en-US"},{"@type":"Organization","@id":"https:\/\/instamedic.mx\/#organization","name":"INSTAMEDIC","url":"https:\/\/instamedic.mx\/","logo":{"@type":"ImageObject","inLanguage":"en-US","@id":"https:\/\/instamedic.mx\/#\/schema\/logo\/image\/","url":"https:\/\/instamedic.mx\/wp-content\/uploads\/2024\/02\/Logo-instamedic.png","contentUrl":"https:\/\/instamedic.mx\/wp-content\/uploads\/2024\/02\/Logo-instamedic.png","width":500,"height":500,"caption":"INSTAMEDIC"},"image":{"@id":"https:\/\/instamedic.mx\/#\/schema\/logo\/image\/"},"sameAs":["https:\/\/www.facebook.com\/instamedicmx","https:\/\/www.instagram.com\/instamedic_mx\/"],"email":"info@instamedic.mx","telephone":"8713426247"}]}},"jetpack_sharing_enabled":true,"_links":{"self":[{"href":"https:\/\/instamedic.mx\/en\/wp-json\/wp\/v2\/product\/8350"}],"collection":[{"href":"https:\/\/instamedic.mx\/en\/wp-json\/wp\/v2\/product"}],"about":[{"href":"https:\/\/instamedic.mx\/en\/wp-json\/wp\/v2\/types\/product"}],"replies":[{"embeddable":true,"href":"https:\/\/instamedic.mx\/en\/wp-json\/wp\/v2\/comments?post=8350"}],"version-history":[{"count":1,"href":"https:\/\/instamedic.mx\/en\/wp-json\/wp\/v2\/product\/8350\/revisions"}],"predecessor-version":[{"id":8354,"href":"https:\/\/instamedic.mx\/en\/wp-json\/wp\/v2\/product\/8350\/revisions\/8354"}],"wp:featuredmedia":[{"embeddable":true,"href":"https:\/\/instamedic.mx\/en\/wp-json\/wp\/v2\/media\/8353"}],"wp:attachment":[{"href":"https:\/\/instamedic.mx\/en\/wp-json\/wp\/v2\/media?parent=8350"}],"wp:term":[{"taxonomy":"wpc-collection","embeddable":true,"href":"https:\/\/instamedic.mx\/en\/wp-json\/wp\/v2\/wpc-collection?post=8350"},{"taxonomy":"product_brand","embeddable":true,"href":"https:\/\/instamedic.mx\/en\/wp-json\/wp\/v2\/product_brand?post=8350"},{"taxonomy":"product_cat","embeddable":true,"href":"https:\/\/instamedic.mx\/en\/wp-json\/wp\/v2\/product_cat?post=8350"},{"taxonomy":"product_tag","embeddable":true,"href":"https:\/\/instamedic.mx\/en\/wp-json\/wp\/v2\/product_tag?post=8350"}],"curies":[{"name":"wp","href":"https:\/\/api.w.org\/{rel}","templated":true}]}}