{"id":8360,"date":"2020-05-27T01:55:15","date_gmt":"2020-05-27T01:55:15","guid":{"rendered":"https:\/\/instamedic.mx\/?post_type=product&#038;p=8360"},"modified":"2024-01-02T21:18:50","modified_gmt":"2024-01-02T21:18:50","slug":"baumanometro-digital-de-brazalete","status":"publish","type":"product","link":"https:\/\/instamedic.mx\/en\/tienda-medica\/equipo-medico\/diagnostico\/baumanometros\/baumanometros-digitales\/baumanometro-digital-de-brazalete\/","title":{"rendered":"Bauman\u00f3metro Digital de Brazalete"},"content":{"rendered":"<h2>Beurer BM35 Bauman\u00f3metro de Presi\u00f3n Arterial de brazo<\/h2>\n<p>Medici\u00f3n en el brazo completamente autom\u00e1tica.<br \/>\nIndicador grande y de f\u00e1cil lectura.<br \/>\nC\u00e1lculo del valor promedio de todos los valores guardados. Valor promedio de las mediciones realizadas por la noche en los \u00faltimos 7 d\u00edas. Valor promedio de las mediciones realizadas por la ma\u00f1ana en los \u00faltimos 7 d\u00edas.<br \/>\nAdvertencia de posibles alteraciones del ritmo card\u00edaco (detecci\u00f3n de arritmias).<br \/>\nProducto sanitario.<br \/>\nFunci\u00f3n de desconexi\u00f3n autom\u00e1tica.<\/p>\n<p><img decoding=\"async\" src=\"https:\/\/cdn.shopify.com\/s\/files\/1\/2961\/2964\/files\/BM35DescA_01bannerprincipal.jpg?v=1666042286\" alt=\"\" \/><\/p>\n<p><img decoding=\"async\" src=\"https:\/\/cdn.shopify.com\/s\/files\/1\/2961\/2964\/files\/BM35DescA_02caracprincipal.jpg?v=1666042305\" alt=\"\" \/><\/p>\n<p><img decoding=\"async\" src=\"https:\/\/cdn.shopify.com\/s\/files\/1\/2961\/2964\/files\/BM35DescA_03bullets1.jpg?v=1666042319\" alt=\"\" \/><\/p>\n<p><img decoding=\"async\" src=\"https:\/\/cdn.shopify.com\/s\/files\/1\/2961\/2964\/files\/BM35DescA_04descripfisica.jpg?v=1666042334\" alt=\"\" \/><\/p>\n<p><img decoding=\"async\" src=\"https:\/\/cdn.shopify.com\/s\/files\/1\/2961\/2964\/files\/BM35DescA_05Descripciondepantalla.jpg?v=1666042346\" alt=\"\" \/><\/p>\n<p><img decoding=\"async\" src=\"https:\/\/cdn.shopify.com\/s\/files\/1\/2961\/2964\/files\/BM35DescA_06Posturacorrecta.jpg?v=1666042365\" alt=\"\" \/><\/p>\n<p><img decoding=\"async\" src=\"https:\/\/cdn.shopify.com\/s\/files\/1\/2961\/2964\/files\/BM35DescA_07usos.jpg?v=1666042380\" alt=\"\" \/><\/p>\n<p><img decoding=\"async\" src=\"https:\/\/cdn.shopify.com\/s\/files\/1\/2961\/2964\/files\/BM35DescA_08contenidoencaja.jpg?v=1666042394\" alt=\"\" \/><\/p>\n<div class=\"item text-center\"><img decoding=\"async\" class=\"img-fluid\" title=\"\" src=\"https:\/\/pim.beurer.com\/images\/attribut\/Picto_medical_irregular_heart_rhythm.svg\" alt=\"Detecci\u00f3n de arritmias Funci&amp;oacute;n de advertencia de un posible trastorno del ritmo cardiaco \" width=\"75\" height=\"auto\" data-toggle=\"tooltip\" data-placement=\"top\" data-original-title=\"Detecci\u00f3n de arritmias\" \/><strong>Detecci\u00f3n de arritmias<\/strong><br \/>\nFunci\u00f3n de advertencia de un posible trastorno del ritmo cardiaco<\/div>\n<div class=\"item text-center\"><img decoding=\"async\" class=\"img-fluid\" title=\"\" src=\"https:\/\/pim.beurer.com\/images\/attribut\/Picto_medical_risk_indicator.svg\" alt=\"Indicador de riesgo Clasificaci\u00f3n de los resultados de medici\u00f3n con una escala de colores\" width=\"75\" height=\"auto\" data-toggle=\"tooltip\" data-placement=\"top\" data-original-title=\"Indicador de riesgo\" \/><strong>Indicador de riesgo<\/strong><br \/>\nClasificaci\u00f3n de los resultados de medici\u00f3n con una escala de colores<\/div>\n<p>Especificaciones:<br \/>\nMarca: Beurer.<br \/>\nModelo: BM35.<br \/>\nTipo de medici\u00f3n: Brazo.<br \/>\nCompletamente autom\u00e1tico: S\u00ed.<br \/>\nRegistros de memoria: 2 x 60.<br \/>\nDetecci\u00f3n de arritmias: S\u00ed.<br \/>\nIndicador de calma: No.<br \/>\nFecha y hora: S\u00ed.<br \/>\nDi\u00e1metro del brazalete: 23 -33 cm.<br \/>\nFunci\u00f3n de voz: No.<br \/>\nApto para alimentaci\u00f3n de red: No.<br \/>\nUso de pilas: S\u00ed (4 AAA).<br \/>\nIndicaci\u00f3n de cambio de pila: S\u00ed.<br \/>\nMecanismo de desconexi\u00f3n autom\u00e1tico: S\u00ed.<br \/>\nDimensiones: 13.5 x 10.4 x 4.4 cm.<br \/>\nPeso: 0.420 kg.<br \/>\nDimensiones de empaque: 17 x 10 x 12.8 cm.<br \/>\nPeso de empaque: 0.525 kg.<\/p>\n<p>Contenido:<br \/>\n1 Medidor de presi\u00f3n.<br \/>\n1 Brazalete de medici\u00f3n.<br \/>\n1 Estuche de viaje.<br \/>\nManual de uso.<\/p>\n<p>ESPECIFICACIONES T\u00c9CNICAS:<br \/>\nSKU: HOSA00A22058<br \/>\nRegistros de memoria: : 2 x 60.<br \/>\nTipo de medici\u00f3n: : Brazo.<br \/>\nIndicaci\u00f3n de cambio de pila:: S\u00ed.<br \/>\nDi\u00e1metro del brazalete:: 23 -33 cm.<br \/>\nDimensiones: : 13.5 x 10.4 x 4.4 cm.<br \/>\nDetecci\u00f3n de arritmias: : S\u00ed.<br \/>\nFecha y hora: : S\u00ed.<br \/>\nPeso:: 0.420 kg.<br \/>\nUso de pilas:: S\u00ed (4 AAA).<\/p>","protected":false},"excerpt":{"rendered":"<p>Medidor de Presi\u00f3n Arterial de brazo, medici\u00f3n completamente autom\u00e1tica.<br \/>\nIndicador grande y de f\u00e1cil lectura. con detecci\u00f3n de arritmias<\/p>","protected":false},"featured_media":8361,"comment_status":"open","ping_status":"closed","template":"","meta":[],"wpc-collection":[],"product_brand":[702],"product_cat":[104],"product_tag":[346,105,149,367,107],"yoast_head":"<!-- This site is optimized with the Yoast SEO Premium plugin v22.3 (Yoast SEO v22.4) - https:\/\/yoast.com\/wordpress\/plugins\/seo\/ -->\n<title>Bauman\u00f3metro Digital de Brazalete | Instamedic - Los mejores precios<\/title>\n<meta name=\"description\" content=\"Baumanometro digital beurer medidor de presi\u00f3n arterial autom\u00e1tico de alta calidad de uso en brazo. Indicador grande y de f\u00e1cil lectura. Detecta arritmias\" \/>\n<meta name=\"robots\" content=\"index, follow, max-snippet:-1, max-image-preview:large, max-video-preview:-1\" \/>\n<link rel=\"canonical\" href=\"https:\/\/instamedic.mx\/en\/tienda-medica\/equipo-medico\/diagnostico\/baumanometros\/baumanometros-digitales\/baumanometro-digital-de-brazalete\/\" \/>\n<meta property=\"og:locale\" content=\"en_US\" \/>\n<meta property=\"og:type\" content=\"article\" \/>\n<meta property=\"og:title\" content=\"Bauman\u00f3metro Digital de Brazalete\" \/>\n<meta property=\"og:description\" content=\"Baumanometro digital beurer medidor de presi\u00f3n arterial autom\u00e1tico de alta calidad de uso en brazo. Indicador grande y de f\u00e1cil lectura. Detecta arritmias\" \/>\n<meta property=\"og:url\" content=\"https:\/\/instamedic.mx\/en\/tienda-medica\/equipo-medico\/diagnostico\/baumanometros\/baumanometros-digitales\/baumanometro-digital-de-brazalete\/\" \/>\n<meta property=\"og:site_name\" content=\"Instamedic\" \/>\n<meta property=\"article:publisher\" content=\"https:\/\/www.facebook.com\/instamedicmx\" \/>\n<meta property=\"article:modified_time\" content=\"2024-01-02T21:18:50+00:00\" \/>\n<meta property=\"og:image\" content=\"https:\/\/instamedic.mx\/wp-content\/uploads\/2020\/05\/Baumanometro-digital-de-brazo1.jpeg\" \/>\n\t<meta property=\"og:image:width\" content=\"717\" \/>\n\t<meta property=\"og:image:height\" content=\"638\" \/>\n\t<meta property=\"og:image:type\" content=\"image\/jpeg\" \/>\n<meta name=\"twitter:card\" content=\"summary_large_image\" \/>\n<meta name=\"twitter:label1\" content=\"Est. reading time\" \/>\n\t<meta name=\"twitter:data1\" content=\"4 minutes\" \/>\n<script type=\"application\/ld+json\" class=\"yoast-schema-graph\">{\"@context\":\"https:\/\/schema.org\",\"@graph\":[{\"@type\":\"WebPage\",\"@id\":\"https:\/\/instamedic.mx\/tienda-medica\/equipo-medico\/diagnostico\/baumanometros\/baumanometros-digitales\/baumanometro-digital-de-brazalete\/\",\"url\":\"https:\/\/instamedic.mx\/tienda-medica\/equipo-medico\/diagnostico\/baumanometros\/baumanometros-digitales\/baumanometro-digital-de-brazalete\/\",\"name\":\"Bauman\u00f3metro Digital de Brazalete | Instamedic - Los mejores precios\",\"isPartOf\":{\"@id\":\"https:\/\/instamedic.mx\/#website\"},\"primaryImageOfPage\":{\"@id\":\"https:\/\/instamedic.mx\/tienda-medica\/equipo-medico\/diagnostico\/baumanometros\/baumanometros-digitales\/baumanometro-digital-de-brazalete\/#primaryimage\"},\"image\":{\"@id\":\"https:\/\/instamedic.mx\/tienda-medica\/equipo-medico\/diagnostico\/baumanometros\/baumanometros-digitales\/baumanometro-digital-de-brazalete\/#primaryimage\"},\"thumbnailUrl\":\"https:\/\/instamedic.mx\/wp-content\/uploads\/2020\/05\/Baumanometro-digital-de-brazo1.jpeg\",\"datePublished\":\"2020-05-27T01:55:15+00:00\",\"dateModified\":\"2024-01-02T21:18:50+00:00\",\"description\":\"Baumanometro digital beurer medidor de presi\u00f3n arterial autom\u00e1tico de alta calidad de uso en brazo. Indicador grande y de f\u00e1cil lectura. Detecta arritmias\",\"breadcrumb\":{\"@id\":\"https:\/\/instamedic.mx\/tienda-medica\/equipo-medico\/diagnostico\/baumanometros\/baumanometros-digitales\/baumanometro-digital-de-brazalete\/#breadcrumb\"},\"inLanguage\":\"en-US\",\"potentialAction\":[{\"@type\":\"ReadAction\",\"target\":[\"https:\/\/instamedic.mx\/tienda-medica\/equipo-medico\/diagnostico\/baumanometros\/baumanometros-digitales\/baumanometro-digital-de-brazalete\/\"]}]},{\"@type\":\"ImageObject\",\"inLanguage\":\"en-US\",\"@id\":\"https:\/\/instamedic.mx\/tienda-medica\/equipo-medico\/diagnostico\/baumanometros\/baumanometros-digitales\/baumanometro-digital-de-brazalete\/#primaryimage\",\"url\":\"https:\/\/instamedic.mx\/wp-content\/uploads\/2020\/05\/Baumanometro-digital-de-brazo1.jpeg\",\"contentUrl\":\"https:\/\/instamedic.mx\/wp-content\/uploads\/2020\/05\/Baumanometro-digital-de-brazo1.jpeg\",\"width\":717,\"height\":638,\"caption\":\"Baumanometro digital beurer BM35 para uso en brazo\"},{\"@type\":\"BreadcrumbList\",\"@id\":\"https:\/\/instamedic.mx\/tienda-medica\/equipo-medico\/diagnostico\/baumanometros\/baumanometros-digitales\/baumanometro-digital-de-brazalete\/#breadcrumb\",\"itemListElement\":[{\"@type\":\"ListItem\",\"position\":1,\"name\":\"Inicio\",\"item\":\"https:\/\/instamedic.mx\/\"},{\"@type\":\"ListItem\",\"position\":2,\"name\":\"Tienda m\u00e9dica\",\"item\":\"https:\/\/instamedic.mx\/tienda-medica\/\"},{\"@type\":\"ListItem\",\"position\":3,\"name\":\"Bauman\u00f3metro Digital de Brazalete\"}]},{\"@type\":\"WebSite\",\"@id\":\"https:\/\/instamedic.mx\/#website\",\"url\":\"https:\/\/instamedic.mx\/\",\"name\":\"INSTAMEDIC\",\"description\":\"Venta de equipo m\u00e9dico, instrumental y uniformes quirpurgicos\",\"publisher\":{\"@id\":\"https:\/\/instamedic.mx\/#organization\"},\"potentialAction\":[{\"@type\":\"SearchAction\",\"target\":{\"@type\":\"EntryPoint\",\"urlTemplate\":\"https:\/\/instamedic.mx\/?s={search_term_string}\"},\"query-input\":\"required name=search_term_string\"}],\"inLanguage\":\"en-US\"},{\"@type\":\"Organization\",\"@id\":\"https:\/\/instamedic.mx\/#organization\",\"name\":\"INSTAMEDIC\",\"url\":\"https:\/\/instamedic.mx\/\",\"logo\":{\"@type\":\"ImageObject\",\"inLanguage\":\"en-US\",\"@id\":\"https:\/\/instamedic.mx\/#\/schema\/logo\/image\/\",\"url\":\"https:\/\/instamedic.mx\/wp-content\/uploads\/2024\/02\/Logo-instamedic.png\",\"contentUrl\":\"https:\/\/instamedic.mx\/wp-content\/uploads\/2024\/02\/Logo-instamedic.png\",\"width\":500,\"height\":500,\"caption\":\"INSTAMEDIC\"},\"image\":{\"@id\":\"https:\/\/instamedic.mx\/#\/schema\/logo\/image\/\"},\"sameAs\":[\"https:\/\/www.facebook.com\/instamedicmx\",\"https:\/\/www.instagram.com\/instamedic_mx\/\"],\"email\":\"info@instamedic.mx\",\"telephone\":\"8713426247\"}]}<\/script>\n<!-- \/ Yoast SEO Premium plugin. -->","yoast_head_json":{"title":"Bauman\u00f3metro Digital de Brazalete | Instamedic - Los mejores precios","description":"Baumanometro digital beurer medidor de presi\u00f3n arterial autom\u00e1tico de alta calidad de uso en brazo. Indicador grande y de f\u00e1cil lectura. Detecta arritmias","robots":{"index":"index","follow":"follow","max-snippet":"max-snippet:-1","max-image-preview":"max-image-preview:large","max-video-preview":"max-video-preview:-1"},"canonical":"https:\/\/instamedic.mx\/en\/tienda-medica\/equipo-medico\/diagnostico\/baumanometros\/baumanometros-digitales\/baumanometro-digital-de-brazalete\/","og_locale":"en_US","og_type":"article","og_title":"Bauman\u00f3metro Digital de Brazalete","og_description":"Baumanometro digital beurer medidor de presi\u00f3n arterial autom\u00e1tico de alta calidad de uso en brazo. Indicador grande y de f\u00e1cil lectura. Detecta arritmias","og_url":"https:\/\/instamedic.mx\/en\/tienda-medica\/equipo-medico\/diagnostico\/baumanometros\/baumanometros-digitales\/baumanometro-digital-de-brazalete\/","og_site_name":"Instamedic","article_publisher":"https:\/\/www.facebook.com\/instamedicmx","article_modified_time":"2024-01-02T21:18:50+00:00","og_image":[{"width":717,"height":638,"url":"https:\/\/instamedic.mx\/wp-content\/uploads\/2020\/05\/Baumanometro-digital-de-brazo1.jpeg","type":"image\/jpeg"}],"twitter_card":"summary_large_image","twitter_misc":{"Est. reading time":"4 minutes"},"schema":{"@context":"https:\/\/schema.org","@graph":[{"@type":"WebPage","@id":"https:\/\/instamedic.mx\/tienda-medica\/equipo-medico\/diagnostico\/baumanometros\/baumanometros-digitales\/baumanometro-digital-de-brazalete\/","url":"https:\/\/instamedic.mx\/tienda-medica\/equipo-medico\/diagnostico\/baumanometros\/baumanometros-digitales\/baumanometro-digital-de-brazalete\/","name":"Bauman\u00f3metro Digital de Brazalete | Instamedic - Los mejores precios","isPartOf":{"@id":"https:\/\/instamedic.mx\/#website"},"primaryImageOfPage":{"@id":"https:\/\/instamedic.mx\/tienda-medica\/equipo-medico\/diagnostico\/baumanometros\/baumanometros-digitales\/baumanometro-digital-de-brazalete\/#primaryimage"},"image":{"@id":"https:\/\/instamedic.mx\/tienda-medica\/equipo-medico\/diagnostico\/baumanometros\/baumanometros-digitales\/baumanometro-digital-de-brazalete\/#primaryimage"},"thumbnailUrl":"https:\/\/instamedic.mx\/wp-content\/uploads\/2020\/05\/Baumanometro-digital-de-brazo1.jpeg","datePublished":"2020-05-27T01:55:15+00:00","dateModified":"2024-01-02T21:18:50+00:00","description":"Baumanometro digital beurer medidor de presi\u00f3n arterial autom\u00e1tico de alta calidad de uso en brazo. Indicador grande y de f\u00e1cil lectura. Detecta arritmias","breadcrumb":{"@id":"https:\/\/instamedic.mx\/tienda-medica\/equipo-medico\/diagnostico\/baumanometros\/baumanometros-digitales\/baumanometro-digital-de-brazalete\/#breadcrumb"},"inLanguage":"en-US","potentialAction":[{"@type":"ReadAction","target":["https:\/\/instamedic.mx\/tienda-medica\/equipo-medico\/diagnostico\/baumanometros\/baumanometros-digitales\/baumanometro-digital-de-brazalete\/"]}]},{"@type":"ImageObject","inLanguage":"en-US","@id":"https:\/\/instamedic.mx\/tienda-medica\/equipo-medico\/diagnostico\/baumanometros\/baumanometros-digitales\/baumanometro-digital-de-brazalete\/#primaryimage","url":"https:\/\/instamedic.mx\/wp-content\/uploads\/2020\/05\/Baumanometro-digital-de-brazo1.jpeg","contentUrl":"https:\/\/instamedic.mx\/wp-content\/uploads\/2020\/05\/Baumanometro-digital-de-brazo1.jpeg","width":717,"height":638,"caption":"Baumanometro digital beurer BM35 para uso en brazo"},{"@type":"BreadcrumbList","@id":"https:\/\/instamedic.mx\/tienda-medica\/equipo-medico\/diagnostico\/baumanometros\/baumanometros-digitales\/baumanometro-digital-de-brazalete\/#breadcrumb","itemListElement":[{"@type":"ListItem","position":1,"name":"Inicio","item":"https:\/\/instamedic.mx\/"},{"@type":"ListItem","position":2,"name":"Tienda m\u00e9dica","item":"https:\/\/instamedic.mx\/tienda-medica\/"},{"@type":"ListItem","position":3,"name":"Bauman\u00f3metro Digital de Brazalete"}]},{"@type":"WebSite","@id":"https:\/\/instamedic.mx\/#website","url":"https:\/\/instamedic.mx\/","name":"INSTAMEDIC","description":"Venta de equipo m\u00e9dico, instrumental y uniformes quirpurgicos","publisher":{"@id":"https:\/\/instamedic.mx\/#organization"},"potentialAction":[{"@type":"SearchAction","target":{"@type":"EntryPoint","urlTemplate":"https:\/\/instamedic.mx\/?s={search_term_string}"},"query-input":"required name=search_term_string"}],"inLanguage":"en-US"},{"@type":"Organization","@id":"https:\/\/instamedic.mx\/#organization","name":"INSTAMEDIC","url":"https:\/\/instamedic.mx\/","logo":{"@type":"ImageObject","inLanguage":"en-US","@id":"https:\/\/instamedic.mx\/#\/schema\/logo\/image\/","url":"https:\/\/instamedic.mx\/wp-content\/uploads\/2024\/02\/Logo-instamedic.png","contentUrl":"https:\/\/instamedic.mx\/wp-content\/uploads\/2024\/02\/Logo-instamedic.png","width":500,"height":500,"caption":"INSTAMEDIC"},"image":{"@id":"https:\/\/instamedic.mx\/#\/schema\/logo\/image\/"},"sameAs":["https:\/\/www.facebook.com\/instamedicmx","https:\/\/www.instagram.com\/instamedic_mx\/"],"email":"info@instamedic.mx","telephone":"8713426247"}]}},"jetpack_sharing_enabled":true,"_links":{"self":[{"href":"https:\/\/instamedic.mx\/en\/wp-json\/wp\/v2\/product\/8360"}],"collection":[{"href":"https:\/\/instamedic.mx\/en\/wp-json\/wp\/v2\/product"}],"about":[{"href":"https:\/\/instamedic.mx\/en\/wp-json\/wp\/v2\/types\/product"}],"replies":[{"embeddable":true,"href":"https:\/\/instamedic.mx\/en\/wp-json\/wp\/v2\/comments?post=8360"}],"version-history":[{"count":5,"href":"https:\/\/instamedic.mx\/en\/wp-json\/wp\/v2\/product\/8360\/revisions"}],"predecessor-version":[{"id":22830,"href":"https:\/\/instamedic.mx\/en\/wp-json\/wp\/v2\/product\/8360\/revisions\/22830"}],"wp:featuredmedia":[{"embeddable":true,"href":"https:\/\/instamedic.mx\/en\/wp-json\/wp\/v2\/media\/8361"}],"wp:attachment":[{"href":"https:\/\/instamedic.mx\/en\/wp-json\/wp\/v2\/media?parent=8360"}],"wp:term":[{"taxonomy":"wpc-collection","embeddable":true,"href":"https:\/\/instamedic.mx\/en\/wp-json\/wp\/v2\/wpc-collection?post=8360"},{"taxonomy":"product_brand","embeddable":true,"href":"https:\/\/instamedic.mx\/en\/wp-json\/wp\/v2\/product_brand?post=8360"},{"taxonomy":"product_cat","embeddable":true,"href":"https:\/\/instamedic.mx\/en\/wp-json\/wp\/v2\/product_cat?post=8360"},{"taxonomy":"product_tag","embeddable":true,"href":"https:\/\/instamedic.mx\/en\/wp-json\/wp\/v2\/product_tag?post=8360"}],"curies":[{"name":"wp","href":"https:\/\/api.w.org\/{rel}","templated":true}]}}