{"id":8389,"date":"2020-06-01T17:58:12","date_gmt":"2020-06-01T17:58:12","guid":{"rendered":"https:\/\/instamedic.mx\/?post_type=product&#038;p=8389"},"modified":"2022-08-04T02:50:43","modified_gmt":"2022-08-04T02:50:43","slug":"cubrebocas-kn95","status":"publish","type":"product","link":"https:\/\/instamedic.mx\/en\/tienda-medica\/comun\/cubrebocas\/cubrebocas-kn95\/","title":{"rendered":"Cubrebocas KN95"},"content":{"rendered":"<p>Cubrebocas KN95 para tu protecci\u00f3n ante COVID19<\/p>\n<p>Es un purificador de aire por filtraci\u00f3n cuando el usuario inhala, que filtra las part\u00edculas suspendidas en el aire que incluyen polvos, virus y bacterias. El t\u00e9rmino N95 se refiere a que el respirador puede filtrar al menos el 95% de part\u00edculas altamente penetrantes.<\/p>\n<p>Solicita tu descuento en pedidos grandes, contamos con paquetes de 100 &#8211; 1000 pzas<\/p>\n<p>Contamos con certificado<\/p>","protected":false},"excerpt":{"rendered":"<p>Cubrebocas KN95 para tu protecci\u00f3n ante COVID19.<\/p>\n<p>Solicita tu descuento en pedidos grandes, contamos con paquetes de 100 &#8211; 1000 pzas<\/p>","protected":false},"featured_media":8391,"comment_status":"open","ping_status":"closed","template":"","meta":[],"wpc-collection":[],"product_brand":[],"product_cat":[15,432],"product_tag":[433,434],"yoast_head":"<!-- This site is optimized with the Yoast SEO Premium plugin v22.3 (Yoast SEO v22.4) - https:\/\/yoast.com\/wordpress\/plugins\/seo\/ -->\n<title>Cubrebocas KN95 | Instamedic<\/title>\n<meta name=\"robots\" content=\"index, follow, max-snippet:-1, max-image-preview:large, max-video-preview:-1\" \/>\n<link rel=\"canonical\" href=\"https:\/\/instamedic.mx\/en\/tienda-medica\/comun\/cubrebocas\/cubrebocas-kn95\/\" \/>\n<meta property=\"og:locale\" content=\"en_US\" \/>\n<meta property=\"og:type\" content=\"article\" \/>\n<meta property=\"og:title\" content=\"Cubrebocas KN95\" \/>\n<meta property=\"og:description\" content=\"Cubrebocas KN95 para tu protecci\u00f3n ante COVID19.  Solicita tu descuento en pedidos grandes, contamos con paquetes de 100 - 1000 pzas\" \/>\n<meta property=\"og:url\" content=\"https:\/\/instamedic.mx\/en\/tienda-medica\/comun\/cubrebocas\/cubrebocas-kn95\/\" \/>\n<meta property=\"og:site_name\" content=\"Instamedic\" \/>\n<meta property=\"article:publisher\" content=\"https:\/\/www.facebook.com\/instamedicmx\" \/>\n<meta property=\"article:modified_time\" content=\"2022-08-04T02:50:43+00:00\" \/>\n<meta property=\"og:image\" content=\"https:\/\/instamedic.mx\/wp-content\/uploads\/2020\/06\/cubrebocas-KN95.jpeg\" \/>\n\t<meta property=\"og:image:width\" content=\"800\" \/>\n\t<meta property=\"og:image:height\" content=\"800\" \/>\n\t<meta property=\"og:image:type\" content=\"image\/jpeg\" \/>\n<meta name=\"twitter:card\" content=\"summary_large_image\" \/>\n<script type=\"application\/ld+json\" class=\"yoast-schema-graph\">{\"@context\":\"https:\/\/schema.org\",\"@graph\":[{\"@type\":\"WebPage\",\"@id\":\"https:\/\/instamedic.mx\/tienda-medica\/comun\/cubrebocas\/cubrebocas-kn95\/\",\"url\":\"https:\/\/instamedic.mx\/tienda-medica\/comun\/cubrebocas\/cubrebocas-kn95\/\",\"name\":\"Cubrebocas KN95 | Instamedic\",\"isPartOf\":{\"@id\":\"https:\/\/instamedic.mx\/#website\"},\"primaryImageOfPage\":{\"@id\":\"https:\/\/instamedic.mx\/tienda-medica\/comun\/cubrebocas\/cubrebocas-kn95\/#primaryimage\"},\"image\":{\"@id\":\"https:\/\/instamedic.mx\/tienda-medica\/comun\/cubrebocas\/cubrebocas-kn95\/#primaryimage\"},\"thumbnailUrl\":\"https:\/\/instamedic.mx\/wp-content\/uploads\/2020\/06\/cubrebocas-KN95.jpeg\",\"datePublished\":\"2020-06-01T17:58:12+00:00\",\"dateModified\":\"2022-08-04T02:50:43+00:00\",\"breadcrumb\":{\"@id\":\"https:\/\/instamedic.mx\/tienda-medica\/comun\/cubrebocas\/cubrebocas-kn95\/#breadcrumb\"},\"inLanguage\":\"en-US\",\"potentialAction\":[{\"@type\":\"ReadAction\",\"target\":[\"https:\/\/instamedic.mx\/tienda-medica\/comun\/cubrebocas\/cubrebocas-kn95\/\"]}]},{\"@type\":\"ImageObject\",\"inLanguage\":\"en-US\",\"@id\":\"https:\/\/instamedic.mx\/tienda-medica\/comun\/cubrebocas\/cubrebocas-kn95\/#primaryimage\",\"url\":\"https:\/\/instamedic.mx\/wp-content\/uploads\/2020\/06\/cubrebocas-KN95.jpeg\",\"contentUrl\":\"https:\/\/instamedic.mx\/wp-content\/uploads\/2020\/06\/cubrebocas-KN95.jpeg\",\"width\":800,\"height\":800},{\"@type\":\"BreadcrumbList\",\"@id\":\"https:\/\/instamedic.mx\/tienda-medica\/comun\/cubrebocas\/cubrebocas-kn95\/#breadcrumb\",\"itemListElement\":[{\"@type\":\"ListItem\",\"position\":1,\"name\":\"Inicio\",\"item\":\"https:\/\/instamedic.mx\/\"},{\"@type\":\"ListItem\",\"position\":2,\"name\":\"Tienda m\u00e9dica\",\"item\":\"https:\/\/instamedic.mx\/tienda-medica\/\"},{\"@type\":\"ListItem\",\"position\":3,\"name\":\"Cubrebocas KN95\"}]},{\"@type\":\"WebSite\",\"@id\":\"https:\/\/instamedic.mx\/#website\",\"url\":\"https:\/\/instamedic.mx\/\",\"name\":\"INSTAMEDIC\",\"description\":\"Venta de equipo m\u00e9dico, instrumental y uniformes quirpurgicos\",\"publisher\":{\"@id\":\"https:\/\/instamedic.mx\/#organization\"},\"potentialAction\":[{\"@type\":\"SearchAction\",\"target\":{\"@type\":\"EntryPoint\",\"urlTemplate\":\"https:\/\/instamedic.mx\/?s={search_term_string}\"},\"query-input\":\"required name=search_term_string\"}],\"inLanguage\":\"en-US\"},{\"@type\":\"Organization\",\"@id\":\"https:\/\/instamedic.mx\/#organization\",\"name\":\"INSTAMEDIC\",\"url\":\"https:\/\/instamedic.mx\/\",\"logo\":{\"@type\":\"ImageObject\",\"inLanguage\":\"en-US\",\"@id\":\"https:\/\/instamedic.mx\/#\/schema\/logo\/image\/\",\"url\":\"https:\/\/instamedic.mx\/wp-content\/uploads\/2024\/02\/Logo-instamedic.png\",\"contentUrl\":\"https:\/\/instamedic.mx\/wp-content\/uploads\/2024\/02\/Logo-instamedic.png\",\"width\":500,\"height\":500,\"caption\":\"INSTAMEDIC\"},\"image\":{\"@id\":\"https:\/\/instamedic.mx\/#\/schema\/logo\/image\/\"},\"sameAs\":[\"https:\/\/www.facebook.com\/instamedicmx\",\"https:\/\/www.instagram.com\/instamedic_mx\/\"],\"email\":\"info@instamedic.mx\",\"telephone\":\"8713426247\"}]}<\/script>\n<!-- \/ Yoast SEO Premium plugin. -->","yoast_head_json":{"title":"Cubrebocas KN95 | Instamedic","robots":{"index":"index","follow":"follow","max-snippet":"max-snippet:-1","max-image-preview":"max-image-preview:large","max-video-preview":"max-video-preview:-1"},"canonical":"https:\/\/instamedic.mx\/en\/tienda-medica\/comun\/cubrebocas\/cubrebocas-kn95\/","og_locale":"en_US","og_type":"article","og_title":"Cubrebocas KN95","og_description":"Cubrebocas KN95 para tu protecci\u00f3n ante COVID19.  Solicita tu descuento en pedidos grandes, contamos con paquetes de 100 - 1000 pzas","og_url":"https:\/\/instamedic.mx\/en\/tienda-medica\/comun\/cubrebocas\/cubrebocas-kn95\/","og_site_name":"Instamedic","article_publisher":"https:\/\/www.facebook.com\/instamedicmx","article_modified_time":"2022-08-04T02:50:43+00:00","og_image":[{"width":800,"height":800,"url":"https:\/\/instamedic.mx\/wp-content\/uploads\/2020\/06\/cubrebocas-KN95.jpeg","type":"image\/jpeg"}],"twitter_card":"summary_large_image","schema":{"@context":"https:\/\/schema.org","@graph":[{"@type":"WebPage","@id":"https:\/\/instamedic.mx\/tienda-medica\/comun\/cubrebocas\/cubrebocas-kn95\/","url":"https:\/\/instamedic.mx\/tienda-medica\/comun\/cubrebocas\/cubrebocas-kn95\/","name":"Cubrebocas KN95 | Instamedic","isPartOf":{"@id":"https:\/\/instamedic.mx\/#website"},"primaryImageOfPage":{"@id":"https:\/\/instamedic.mx\/tienda-medica\/comun\/cubrebocas\/cubrebocas-kn95\/#primaryimage"},"image":{"@id":"https:\/\/instamedic.mx\/tienda-medica\/comun\/cubrebocas\/cubrebocas-kn95\/#primaryimage"},"thumbnailUrl":"https:\/\/instamedic.mx\/wp-content\/uploads\/2020\/06\/cubrebocas-KN95.jpeg","datePublished":"2020-06-01T17:58:12+00:00","dateModified":"2022-08-04T02:50:43+00:00","breadcrumb":{"@id":"https:\/\/instamedic.mx\/tienda-medica\/comun\/cubrebocas\/cubrebocas-kn95\/#breadcrumb"},"inLanguage":"en-US","potentialAction":[{"@type":"ReadAction","target":["https:\/\/instamedic.mx\/tienda-medica\/comun\/cubrebocas\/cubrebocas-kn95\/"]}]},{"@type":"ImageObject","inLanguage":"en-US","@id":"https:\/\/instamedic.mx\/tienda-medica\/comun\/cubrebocas\/cubrebocas-kn95\/#primaryimage","url":"https:\/\/instamedic.mx\/wp-content\/uploads\/2020\/06\/cubrebocas-KN95.jpeg","contentUrl":"https:\/\/instamedic.mx\/wp-content\/uploads\/2020\/06\/cubrebocas-KN95.jpeg","width":800,"height":800},{"@type":"BreadcrumbList","@id":"https:\/\/instamedic.mx\/tienda-medica\/comun\/cubrebocas\/cubrebocas-kn95\/#breadcrumb","itemListElement":[{"@type":"ListItem","position":1,"name":"Inicio","item":"https:\/\/instamedic.mx\/"},{"@type":"ListItem","position":2,"name":"Tienda m\u00e9dica","item":"https:\/\/instamedic.mx\/tienda-medica\/"},{"@type":"ListItem","position":3,"name":"Cubrebocas KN95"}]},{"@type":"WebSite","@id":"https:\/\/instamedic.mx\/#website","url":"https:\/\/instamedic.mx\/","name":"INSTAMEDIC","description":"Venta de equipo m\u00e9dico, instrumental y uniformes quirpurgicos","publisher":{"@id":"https:\/\/instamedic.mx\/#organization"},"potentialAction":[{"@type":"SearchAction","target":{"@type":"EntryPoint","urlTemplate":"https:\/\/instamedic.mx\/?s={search_term_string}"},"query-input":"required name=search_term_string"}],"inLanguage":"en-US"},{"@type":"Organization","@id":"https:\/\/instamedic.mx\/#organization","name":"INSTAMEDIC","url":"https:\/\/instamedic.mx\/","logo":{"@type":"ImageObject","inLanguage":"en-US","@id":"https:\/\/instamedic.mx\/#\/schema\/logo\/image\/","url":"https:\/\/instamedic.mx\/wp-content\/uploads\/2024\/02\/Logo-instamedic.png","contentUrl":"https:\/\/instamedic.mx\/wp-content\/uploads\/2024\/02\/Logo-instamedic.png","width":500,"height":500,"caption":"INSTAMEDIC"},"image":{"@id":"https:\/\/instamedic.mx\/#\/schema\/logo\/image\/"},"sameAs":["https:\/\/www.facebook.com\/instamedicmx","https:\/\/www.instagram.com\/instamedic_mx\/"],"email":"info@instamedic.mx","telephone":"8713426247"}]}},"jetpack_sharing_enabled":true,"_links":{"self":[{"href":"https:\/\/instamedic.mx\/en\/wp-json\/wp\/v2\/product\/8389"}],"collection":[{"href":"https:\/\/instamedic.mx\/en\/wp-json\/wp\/v2\/product"}],"about":[{"href":"https:\/\/instamedic.mx\/en\/wp-json\/wp\/v2\/types\/product"}],"replies":[{"embeddable":true,"href":"https:\/\/instamedic.mx\/en\/wp-json\/wp\/v2\/comments?post=8389"}],"version-history":[{"count":1,"href":"https:\/\/instamedic.mx\/en\/wp-json\/wp\/v2\/product\/8389\/revisions"}],"predecessor-version":[{"id":8392,"href":"https:\/\/instamedic.mx\/en\/wp-json\/wp\/v2\/product\/8389\/revisions\/8392"}],"wp:featuredmedia":[{"embeddable":true,"href":"https:\/\/instamedic.mx\/en\/wp-json\/wp\/v2\/media\/8391"}],"wp:attachment":[{"href":"https:\/\/instamedic.mx\/en\/wp-json\/wp\/v2\/media?parent=8389"}],"wp:term":[{"taxonomy":"wpc-collection","embeddable":true,"href":"https:\/\/instamedic.mx\/en\/wp-json\/wp\/v2\/wpc-collection?post=8389"},{"taxonomy":"product_brand","embeddable":true,"href":"https:\/\/instamedic.mx\/en\/wp-json\/wp\/v2\/product_brand?post=8389"},{"taxonomy":"product_cat","embeddable":true,"href":"https:\/\/instamedic.mx\/en\/wp-json\/wp\/v2\/product_cat?post=8389"},{"taxonomy":"product_tag","embeddable":true,"href":"https:\/\/instamedic.mx\/en\/wp-json\/wp\/v2\/product_tag?post=8389"}],"curies":[{"name":"wp","href":"https:\/\/api.w.org\/{rel}","templated":true}]}}