{"id":8598,"date":"2020-12-02T03:05:24","date_gmt":"2020-12-02T03:05:24","guid":{"rendered":"https:\/\/instamedic.mx\/?post_type=product&#038;p=8598"},"modified":"2024-07-02T21:10:08","modified_gmt":"2024-07-02T21:10:08","slug":"charola-mayo-de-acero-inoxidable","status":"publish","type":"product","link":"https:\/\/instamedic.mx\/en\/tienda-medica\/instrumental-medico\/charolas-de-acero\/charola-mayo-de-acero-inoxidable\/","title":{"rendered":"Charola Mayo de Acero inoxidable"},"content":{"rendered":"<h2>Caracter\u00edsticas<\/h2>\n<div class=\"body\">\n<ul>\n<li>Resistente y f\u00e1cil de limpiar.,<\/li>\n<li>Fabricado con material de alta calidad.,<\/li>\n<li>Es un instrumento indispensable para cualquier hospital o sanatorio.,<\/li>\n<li>El material del que est\u00e1 fabricado evita que los instrumentos se contaminen, o adhieran bacterias, cuando se est\u00e9n utilizando.<\/li>\n<\/ul>\n<h2>Description<\/h2>\n<div class=\"body\">\n<ul>\n<li>Charola De Mayo De Acero Inoxidable Calibre 20,<\/li>\n<li>Fabricada con acero inoxidable calibre 20,<\/li>\n<li>Con orilla y puntas curvas.,<\/li>\n<li>Esterilizable.<\/li>\n<\/ul>\n<\/div>\n<\/div>\n<h2>Especificaciones<\/h2>\n<div class=\"body\">\n<h3>Cuanto mide una charola de mayo<\/h3>\n<p>Las Dimensiones son: 44 centimetros de largo x 33 centimetros de ancho x 1.5 centimetros de profundidad .<\/p>\n<p>&nbsp;<\/p>\n<\/div>\n<h2>Usos<\/h2>\n<div class=\"body\">\n<ul>\n<li>Para utilizarse con la base de mesa Mayo, recomendada para colocar, <a href=\"https:\/\/instamedic.mx\/en\/product-category\/instrumental-medico\/\">instrumental m\u00e9dico<\/a> o dental.<\/li>\n<\/ul>\n<p><a href=\"https:\/\/www.youtube.com\/watch?v=cTqCxu5qvII\">Vea como montar una mesa mayo\u00a0<\/a><\/p>\n<\/div>","protected":false},"excerpt":{"rendered":"<p><b>Charola mayo<\/b>\u00a0o tambi\u00e9n llamada\u00a0<b>charola<\/b>\u00a0<strong>para instrumental<\/strong>. Se utilizan para transportar instrumental quir\u00fargico, alimentos a pacientes, medicamentos, en \u00e1reas de hospitalizaci\u00f3n.<\/p>","protected":false},"featured_media":8600,"comment_status":"open","ping_status":"closed","template":"","meta":[],"wpc-collection":[],"product_brand":[691],"product_cat":[175,453],"product_tag":[454,455,178],"yoast_head":"<!-- This site is optimized with the Yoast SEO Premium plugin v22.3 (Yoast SEO v22.4) - https:\/\/yoast.com\/wordpress\/plugins\/seo\/ -->\n<title>Charola Mayo de Acero inoxidable | Precio de mayoreo<\/title>\n<meta name=\"description\" content=\"\u2705 Charola de mayo Ideal para transportar instrumental quir\u00fargico, alimentos a pacientes, medicamentos, en \u00e1reas de hospitalizaci\u00f3n.\" \/>\n<meta name=\"robots\" content=\"index, follow, max-snippet:-1, max-image-preview:large, max-video-preview:-1\" \/>\n<link rel=\"canonical\" href=\"https:\/\/instamedic.mx\/en\/tienda-medica\/instrumental-medico\/charolas-de-acero\/charola-mayo-de-acero-inoxidable\/\" \/>\n<meta property=\"og:locale\" content=\"en_US\" \/>\n<meta property=\"og:type\" content=\"article\" \/>\n<meta property=\"og:title\" content=\"Charola Mayo de Acero inoxidable\" \/>\n<meta property=\"og:description\" content=\"\u2705 Charola de mayo Ideal para transportar instrumental quir\u00fargico, alimentos a pacientes, medicamentos, en \u00e1reas de hospitalizaci\u00f3n.\" \/>\n<meta property=\"og:url\" content=\"https:\/\/instamedic.mx\/en\/tienda-medica\/instrumental-medico\/charolas-de-acero\/charola-mayo-de-acero-inoxidable\/\" \/>\n<meta property=\"og:site_name\" content=\"Instamedic\" \/>\n<meta property=\"article:publisher\" content=\"https:\/\/www.facebook.com\/instamedicmx\" \/>\n<meta property=\"article:modified_time\" content=\"2024-07-02T21:10:08+00:00\" \/>\n<meta property=\"og:image\" content=\"https:\/\/instamedic.mx\/wp-content\/uploads\/2020\/12\/charola-para-instrumental.jpg\" \/>\n\t<meta property=\"og:image:width\" content=\"800\" \/>\n\t<meta property=\"og:image:height\" content=\"800\" \/>\n\t<meta property=\"og:image:type\" content=\"image\/jpeg\" \/>\n<meta name=\"twitter:card\" content=\"summary_large_image\" \/>\n<meta name=\"twitter:label1\" content=\"Est. reading time\" \/>\n\t<meta name=\"twitter:data1\" content=\"1 minute\" \/>\n<script type=\"application\/ld+json\" class=\"yoast-schema-graph\">{\"@context\":\"https:\/\/schema.org\",\"@graph\":[{\"@type\":\"WebPage\",\"@id\":\"https:\/\/instamedic.mx\/tienda-medica\/instrumental-medico\/charolas-de-acero\/charola-mayo-de-acero-inoxidable\/\",\"url\":\"https:\/\/instamedic.mx\/tienda-medica\/instrumental-medico\/charolas-de-acero\/charola-mayo-de-acero-inoxidable\/\",\"name\":\"Charola Mayo de Acero inoxidable | Precio de mayoreo\",\"isPartOf\":{\"@id\":\"https:\/\/instamedic.mx\/#website\"},\"primaryImageOfPage\":{\"@id\":\"https:\/\/instamedic.mx\/tienda-medica\/instrumental-medico\/charolas-de-acero\/charola-mayo-de-acero-inoxidable\/#primaryimage\"},\"image\":{\"@id\":\"https:\/\/instamedic.mx\/tienda-medica\/instrumental-medico\/charolas-de-acero\/charola-mayo-de-acero-inoxidable\/#primaryimage\"},\"thumbnailUrl\":\"https:\/\/instamedic.mx\/wp-content\/uploads\/2020\/12\/charola-para-instrumental.jpg\",\"datePublished\":\"2020-12-02T03:05:24+00:00\",\"dateModified\":\"2024-07-02T21:10:08+00:00\",\"description\":\"\u2705 Charola de mayo Ideal para transportar instrumental quir\u00fargico, alimentos a pacientes, medicamentos, en \u00e1reas de hospitalizaci\u00f3n.\",\"breadcrumb\":{\"@id\":\"https:\/\/instamedic.mx\/tienda-medica\/instrumental-medico\/charolas-de-acero\/charola-mayo-de-acero-inoxidable\/#breadcrumb\"},\"inLanguage\":\"en-US\",\"potentialAction\":[{\"@type\":\"ReadAction\",\"target\":[\"https:\/\/instamedic.mx\/tienda-medica\/instrumental-medico\/charolas-de-acero\/charola-mayo-de-acero-inoxidable\/\"]}]},{\"@type\":\"ImageObject\",\"inLanguage\":\"en-US\",\"@id\":\"https:\/\/instamedic.mx\/tienda-medica\/instrumental-medico\/charolas-de-acero\/charola-mayo-de-acero-inoxidable\/#primaryimage\",\"url\":\"https:\/\/instamedic.mx\/wp-content\/uploads\/2020\/12\/charola-para-instrumental.jpg\",\"contentUrl\":\"https:\/\/instamedic.mx\/wp-content\/uploads\/2020\/12\/charola-para-instrumental.jpg\",\"width\":800,\"height\":800,\"caption\":\"Charola de mayo\"},{\"@type\":\"BreadcrumbList\",\"@id\":\"https:\/\/instamedic.mx\/tienda-medica\/instrumental-medico\/charolas-de-acero\/charola-mayo-de-acero-inoxidable\/#breadcrumb\",\"itemListElement\":[{\"@type\":\"ListItem\",\"position\":1,\"name\":\"Inicio\",\"item\":\"https:\/\/instamedic.mx\/\"},{\"@type\":\"ListItem\",\"position\":2,\"name\":\"Tienda m\u00e9dica\",\"item\":\"https:\/\/instamedic.mx\/tienda-medica\/\"},{\"@type\":\"ListItem\",\"position\":3,\"name\":\"Charola Mayo de Acero inoxidable\"}]},{\"@type\":\"WebSite\",\"@id\":\"https:\/\/instamedic.mx\/#website\",\"url\":\"https:\/\/instamedic.mx\/\",\"name\":\"INSTAMEDIC\",\"description\":\"Venta de equipo m\u00e9dico, instrumental y uniformes quirpurgicos\",\"publisher\":{\"@id\":\"https:\/\/instamedic.mx\/#organization\"},\"potentialAction\":[{\"@type\":\"SearchAction\",\"target\":{\"@type\":\"EntryPoint\",\"urlTemplate\":\"https:\/\/instamedic.mx\/?s={search_term_string}\"},\"query-input\":\"required name=search_term_string\"}],\"inLanguage\":\"en-US\"},{\"@type\":\"Organization\",\"@id\":\"https:\/\/instamedic.mx\/#organization\",\"name\":\"INSTAMEDIC\",\"url\":\"https:\/\/instamedic.mx\/\",\"logo\":{\"@type\":\"ImageObject\",\"inLanguage\":\"en-US\",\"@id\":\"https:\/\/instamedic.mx\/#\/schema\/logo\/image\/\",\"url\":\"https:\/\/instamedic.mx\/wp-content\/uploads\/2024\/02\/Logo-instamedic.png\",\"contentUrl\":\"https:\/\/instamedic.mx\/wp-content\/uploads\/2024\/02\/Logo-instamedic.png\",\"width\":500,\"height\":500,\"caption\":\"INSTAMEDIC\"},\"image\":{\"@id\":\"https:\/\/instamedic.mx\/#\/schema\/logo\/image\/\"},\"sameAs\":[\"https:\/\/www.facebook.com\/instamedicmx\",\"https:\/\/www.instagram.com\/instamedic_mx\/\"],\"email\":\"info@instamedic.mx\",\"telephone\":\"8713426247\"}]}<\/script>\n<!-- \/ Yoast SEO Premium plugin. -->","yoast_head_json":{"title":"Charola Mayo de Acero inoxidable | Precio de mayoreo","description":"\u2705 Charola de mayo Ideal para transportar instrumental quir\u00fargico, alimentos a pacientes, medicamentos, en \u00e1reas de hospitalizaci\u00f3n.","robots":{"index":"index","follow":"follow","max-snippet":"max-snippet:-1","max-image-preview":"max-image-preview:large","max-video-preview":"max-video-preview:-1"},"canonical":"https:\/\/instamedic.mx\/en\/tienda-medica\/instrumental-medico\/charolas-de-acero\/charola-mayo-de-acero-inoxidable\/","og_locale":"en_US","og_type":"article","og_title":"Charola Mayo de Acero inoxidable","og_description":"\u2705 Charola de mayo Ideal para transportar instrumental quir\u00fargico, alimentos a pacientes, medicamentos, en \u00e1reas de hospitalizaci\u00f3n.","og_url":"https:\/\/instamedic.mx\/en\/tienda-medica\/instrumental-medico\/charolas-de-acero\/charola-mayo-de-acero-inoxidable\/","og_site_name":"Instamedic","article_publisher":"https:\/\/www.facebook.com\/instamedicmx","article_modified_time":"2024-07-02T21:10:08+00:00","og_image":[{"width":800,"height":800,"url":"https:\/\/instamedic.mx\/wp-content\/uploads\/2020\/12\/charola-para-instrumental.jpg","type":"image\/jpeg"}],"twitter_card":"summary_large_image","twitter_misc":{"Est. reading time":"1 minute"},"schema":{"@context":"https:\/\/schema.org","@graph":[{"@type":"WebPage","@id":"https:\/\/instamedic.mx\/tienda-medica\/instrumental-medico\/charolas-de-acero\/charola-mayo-de-acero-inoxidable\/","url":"https:\/\/instamedic.mx\/tienda-medica\/instrumental-medico\/charolas-de-acero\/charola-mayo-de-acero-inoxidable\/","name":"Charola Mayo de Acero inoxidable | Precio de mayoreo","isPartOf":{"@id":"https:\/\/instamedic.mx\/#website"},"primaryImageOfPage":{"@id":"https:\/\/instamedic.mx\/tienda-medica\/instrumental-medico\/charolas-de-acero\/charola-mayo-de-acero-inoxidable\/#primaryimage"},"image":{"@id":"https:\/\/instamedic.mx\/tienda-medica\/instrumental-medico\/charolas-de-acero\/charola-mayo-de-acero-inoxidable\/#primaryimage"},"thumbnailUrl":"https:\/\/instamedic.mx\/wp-content\/uploads\/2020\/12\/charola-para-instrumental.jpg","datePublished":"2020-12-02T03:05:24+00:00","dateModified":"2024-07-02T21:10:08+00:00","description":"\u2705 Charola de mayo Ideal para transportar instrumental quir\u00fargico, alimentos a pacientes, medicamentos, en \u00e1reas de hospitalizaci\u00f3n.","breadcrumb":{"@id":"https:\/\/instamedic.mx\/tienda-medica\/instrumental-medico\/charolas-de-acero\/charola-mayo-de-acero-inoxidable\/#breadcrumb"},"inLanguage":"en-US","potentialAction":[{"@type":"ReadAction","target":["https:\/\/instamedic.mx\/tienda-medica\/instrumental-medico\/charolas-de-acero\/charola-mayo-de-acero-inoxidable\/"]}]},{"@type":"ImageObject","inLanguage":"en-US","@id":"https:\/\/instamedic.mx\/tienda-medica\/instrumental-medico\/charolas-de-acero\/charola-mayo-de-acero-inoxidable\/#primaryimage","url":"https:\/\/instamedic.mx\/wp-content\/uploads\/2020\/12\/charola-para-instrumental.jpg","contentUrl":"https:\/\/instamedic.mx\/wp-content\/uploads\/2020\/12\/charola-para-instrumental.jpg","width":800,"height":800,"caption":"Charola de mayo"},{"@type":"BreadcrumbList","@id":"https:\/\/instamedic.mx\/tienda-medica\/instrumental-medico\/charolas-de-acero\/charola-mayo-de-acero-inoxidable\/#breadcrumb","itemListElement":[{"@type":"ListItem","position":1,"name":"Inicio","item":"https:\/\/instamedic.mx\/"},{"@type":"ListItem","position":2,"name":"Tienda m\u00e9dica","item":"https:\/\/instamedic.mx\/tienda-medica\/"},{"@type":"ListItem","position":3,"name":"Charola Mayo de Acero inoxidable"}]},{"@type":"WebSite","@id":"https:\/\/instamedic.mx\/#website","url":"https:\/\/instamedic.mx\/","name":"INSTAMEDIC","description":"Venta de equipo m\u00e9dico, instrumental y uniformes quirpurgicos","publisher":{"@id":"https:\/\/instamedic.mx\/#organization"},"potentialAction":[{"@type":"SearchAction","target":{"@type":"EntryPoint","urlTemplate":"https:\/\/instamedic.mx\/?s={search_term_string}"},"query-input":"required name=search_term_string"}],"inLanguage":"en-US"},{"@type":"Organization","@id":"https:\/\/instamedic.mx\/#organization","name":"INSTAMEDIC","url":"https:\/\/instamedic.mx\/","logo":{"@type":"ImageObject","inLanguage":"en-US","@id":"https:\/\/instamedic.mx\/#\/schema\/logo\/image\/","url":"https:\/\/instamedic.mx\/wp-content\/uploads\/2024\/02\/Logo-instamedic.png","contentUrl":"https:\/\/instamedic.mx\/wp-content\/uploads\/2024\/02\/Logo-instamedic.png","width":500,"height":500,"caption":"INSTAMEDIC"},"image":{"@id":"https:\/\/instamedic.mx\/#\/schema\/logo\/image\/"},"sameAs":["https:\/\/www.facebook.com\/instamedicmx","https:\/\/www.instagram.com\/instamedic_mx\/"],"email":"info@instamedic.mx","telephone":"8713426247"}]}},"jetpack_sharing_enabled":true,"_links":{"self":[{"href":"https:\/\/instamedic.mx\/en\/wp-json\/wp\/v2\/product\/8598"}],"collection":[{"href":"https:\/\/instamedic.mx\/en\/wp-json\/wp\/v2\/product"}],"about":[{"href":"https:\/\/instamedic.mx\/en\/wp-json\/wp\/v2\/types\/product"}],"replies":[{"embeddable":true,"href":"https:\/\/instamedic.mx\/en\/wp-json\/wp\/v2\/comments?post=8598"}],"version-history":[{"count":5,"href":"https:\/\/instamedic.mx\/en\/wp-json\/wp\/v2\/product\/8598\/revisions"}],"predecessor-version":[{"id":22797,"href":"https:\/\/instamedic.mx\/en\/wp-json\/wp\/v2\/product\/8598\/revisions\/22797"}],"wp:featuredmedia":[{"embeddable":true,"href":"https:\/\/instamedic.mx\/en\/wp-json\/wp\/v2\/media\/8600"}],"wp:attachment":[{"href":"https:\/\/instamedic.mx\/en\/wp-json\/wp\/v2\/media?parent=8598"}],"wp:term":[{"taxonomy":"wpc-collection","embeddable":true,"href":"https:\/\/instamedic.mx\/en\/wp-json\/wp\/v2\/wpc-collection?post=8598"},{"taxonomy":"product_brand","embeddable":true,"href":"https:\/\/instamedic.mx\/en\/wp-json\/wp\/v2\/product_brand?post=8598"},{"taxonomy":"product_cat","embeddable":true,"href":"https:\/\/instamedic.mx\/en\/wp-json\/wp\/v2\/product_cat?post=8598"},{"taxonomy":"product_tag","embeddable":true,"href":"https:\/\/instamedic.mx\/en\/wp-json\/wp\/v2\/product_tag?post=8598"}],"curies":[{"name":"wp","href":"https:\/\/api.w.org\/{rel}","templated":true}]}}