{"id":8602,"date":"2020-12-02T03:17:42","date_gmt":"2020-12-02T03:17:42","guid":{"rendered":"https:\/\/instamedic.mx\/?post_type=product&#038;p=8602"},"modified":"2020-12-02T03:17:42","modified_gmt":"2020-12-02T03:17:42","slug":"charola-para-esterilizar-intrumental-con-soporte-interno-21x6-5x2-2-cm","status":"publish","type":"product","link":"https:\/\/instamedic.mx\/en\/tienda-medica\/instrumental-medico\/charolas-de-acero\/charola-para-esterilizar-intrumental-con-soporte-interno-21x6-5x2-2-cm\/","title":{"rendered":"CHAROLA PARA ESTERILIZAR INTRUMENTAL CON SOPORTE INTERNO 21&#215;6.5&#215;2.2 CM. (*)"},"content":{"rendered":"<ul class=\"listing\">\n<li>\n<h2>Caracter\u00edsticas<\/h2>\n<div class=\"body\">\n<p>\u00bbMaterial de primera calidad,<br \/>\n\u00bbPr\u00e1ctico y f\u00e1cil de limpiar,<br \/>\n\u00bbReutilizable y esterilizable,<\/p>\n<\/div>\n<\/li>\n<li>\n<h2>Usos<\/h2>\n<div class=\"body\">\n<p>\u00bbDise\u00f1ada para colocar el cat\u00e9ter e instrumental m\u00e9dico.,<br \/>\n\u00bbLa tapa brinda protecci\u00f3n al instrumental m\u00e9dico, evitando la, contaminaci\u00f3n de estos.,<br \/>\n\u00bbPermite que se esterilicen los instrumentos despu\u00e9s de ser, utilizados durante una intervenci\u00f3n quir\u00fargica o estudio m\u00e9dico,, para prevenir contagios e infecciones.<\/p>\n<\/div>\n<\/li>\n<\/ul>","protected":false},"excerpt":{"rendered":"<p><b>Charola<\/b> con tapa tambi\u00e9n conocida como <b>charola para esterilizar<\/b>.<br \/>\nEstas <b>charolas<\/b>\u00a0son muy vers\u00e1tiles, en ellas se pueden depositar o transportar\u00a0<b>instrumental de<\/b>\u00a0corte, sutura, curaci\u00f3n y esterilizaci\u00f3n\u00a0<b>de instrumental<\/b>\u00a0menor.<\/p>","protected":false},"featured_media":8604,"comment_status":"open","ping_status":"closed","template":"","meta":[],"wpc-collection":[],"product_brand":[],"product_cat":[175],"product_tag":[455,178,456,124],"yoast_head":"<!-- This site is optimized with the Yoast SEO Premium plugin v22.3 (Yoast SEO v22.4) - https:\/\/yoast.com\/wordpress\/plugins\/seo\/ -->\n<title>CHAROLA PARA ESTERILIZAR INTRUMENTAL CON SOPORTE INTERNO 21x6.5x2.2 CM. (*) | Instamedic<\/title>\n<meta name=\"robots\" content=\"index, follow, max-snippet:-1, max-image-preview:large, max-video-preview:-1\" \/>\n<link rel=\"canonical\" href=\"https:\/\/instamedic.mx\/en\/tienda-medica\/instrumental-medico\/charolas-de-acero\/charola-para-esterilizar-intrumental-con-soporte-interno-21x6-5x2-2-cm\/\" \/>\n<meta property=\"og:locale\" content=\"en_US\" \/>\n<meta property=\"og:type\" content=\"article\" \/>\n<meta property=\"og:title\" content=\"CHAROLA PARA ESTERILIZAR INTRUMENTAL CON SOPORTE INTERNO 21x6.5x2.2 CM. (*)\" \/>\n<meta property=\"og:description\" content=\"Charola con tapa tambi\u00e9n conocida como charola para esterilizar. Estas charolas\u00a0son muy vers\u00e1tiles, en ellas se pueden depositar o transportar\u00a0instrumental de\u00a0corte, sutura, curaci\u00f3n y esterilizaci\u00f3n\u00a0de instrumental\u00a0menor.\" \/>\n<meta property=\"og:url\" content=\"https:\/\/instamedic.mx\/en\/tienda-medica\/instrumental-medico\/charolas-de-acero\/charola-para-esterilizar-intrumental-con-soporte-interno-21x6-5x2-2-cm\/\" \/>\n<meta property=\"og:site_name\" content=\"Instamedic\" \/>\n<meta property=\"article:publisher\" content=\"https:\/\/www.facebook.com\/instamedicmx\" \/>\n<meta property=\"og:image\" content=\"https:\/\/instamedic.mx\/wp-content\/uploads\/2020\/12\/Charola-para-esterilizar-instrumental-hergom_N-0293.jpg\" \/>\n\t<meta property=\"og:image:width\" content=\"1200\" \/>\n\t<meta property=\"og:image:height\" content=\"1200\" \/>\n\t<meta property=\"og:image:type\" content=\"image\/jpeg\" \/>\n<meta name=\"twitter:card\" content=\"summary_large_image\" \/>\n<script type=\"application\/ld+json\" class=\"yoast-schema-graph\">{\"@context\":\"https:\/\/schema.org\",\"@graph\":[{\"@type\":\"WebPage\",\"@id\":\"https:\/\/instamedic.mx\/tienda-medica\/instrumental-medico\/charolas-de-acero\/charola-para-esterilizar-intrumental-con-soporte-interno-21x6-5x2-2-cm\/\",\"url\":\"https:\/\/instamedic.mx\/tienda-medica\/instrumental-medico\/charolas-de-acero\/charola-para-esterilizar-intrumental-con-soporte-interno-21x6-5x2-2-cm\/\",\"name\":\"CHAROLA PARA ESTERILIZAR INTRUMENTAL CON SOPORTE INTERNO 21x6.5x2.2 CM. (*) | Instamedic\",\"isPartOf\":{\"@id\":\"https:\/\/instamedic.mx\/#website\"},\"primaryImageOfPage\":{\"@id\":\"https:\/\/instamedic.mx\/tienda-medica\/instrumental-medico\/charolas-de-acero\/charola-para-esterilizar-intrumental-con-soporte-interno-21x6-5x2-2-cm\/#primaryimage\"},\"image\":{\"@id\":\"https:\/\/instamedic.mx\/tienda-medica\/instrumental-medico\/charolas-de-acero\/charola-para-esterilizar-intrumental-con-soporte-interno-21x6-5x2-2-cm\/#primaryimage\"},\"thumbnailUrl\":\"https:\/\/instamedic.mx\/wp-content\/uploads\/2020\/12\/Charola-para-esterilizar-instrumental-hergom_N-0293.jpg\",\"datePublished\":\"2020-12-02T03:17:42+00:00\",\"dateModified\":\"2020-12-02T03:17:42+00:00\",\"breadcrumb\":{\"@id\":\"https:\/\/instamedic.mx\/tienda-medica\/instrumental-medico\/charolas-de-acero\/charola-para-esterilizar-intrumental-con-soporte-interno-21x6-5x2-2-cm\/#breadcrumb\"},\"inLanguage\":\"en-US\",\"potentialAction\":[{\"@type\":\"ReadAction\",\"target\":[\"https:\/\/instamedic.mx\/tienda-medica\/instrumental-medico\/charolas-de-acero\/charola-para-esterilizar-intrumental-con-soporte-interno-21x6-5x2-2-cm\/\"]}]},{\"@type\":\"ImageObject\",\"inLanguage\":\"en-US\",\"@id\":\"https:\/\/instamedic.mx\/tienda-medica\/instrumental-medico\/charolas-de-acero\/charola-para-esterilizar-intrumental-con-soporte-interno-21x6-5x2-2-cm\/#primaryimage\",\"url\":\"https:\/\/instamedic.mx\/wp-content\/uploads\/2020\/12\/Charola-para-esterilizar-instrumental-hergom_N-0293.jpg\",\"contentUrl\":\"https:\/\/instamedic.mx\/wp-content\/uploads\/2020\/12\/Charola-para-esterilizar-instrumental-hergom_N-0293.jpg\",\"width\":1200,\"height\":1200},{\"@type\":\"BreadcrumbList\",\"@id\":\"https:\/\/instamedic.mx\/tienda-medica\/instrumental-medico\/charolas-de-acero\/charola-para-esterilizar-intrumental-con-soporte-interno-21x6-5x2-2-cm\/#breadcrumb\",\"itemListElement\":[{\"@type\":\"ListItem\",\"position\":1,\"name\":\"Inicio\",\"item\":\"https:\/\/instamedic.mx\/\"},{\"@type\":\"ListItem\",\"position\":2,\"name\":\"Tienda m\u00e9dica\",\"item\":\"https:\/\/instamedic.mx\/tienda-medica\/\"},{\"@type\":\"ListItem\",\"position\":3,\"name\":\"CHAROLA PARA ESTERILIZAR INTRUMENTAL CON SOPORTE INTERNO 21&#215;6.5&#215;2.2 CM. (*)\"}]},{\"@type\":\"WebSite\",\"@id\":\"https:\/\/instamedic.mx\/#website\",\"url\":\"https:\/\/instamedic.mx\/\",\"name\":\"INSTAMEDIC\",\"description\":\"Venta de equipo m\u00e9dico, instrumental y uniformes quirpurgicos\",\"publisher\":{\"@id\":\"https:\/\/instamedic.mx\/#organization\"},\"potentialAction\":[{\"@type\":\"SearchAction\",\"target\":{\"@type\":\"EntryPoint\",\"urlTemplate\":\"https:\/\/instamedic.mx\/?s={search_term_string}\"},\"query-input\":\"required name=search_term_string\"}],\"inLanguage\":\"en-US\"},{\"@type\":\"Organization\",\"@id\":\"https:\/\/instamedic.mx\/#organization\",\"name\":\"INSTAMEDIC\",\"url\":\"https:\/\/instamedic.mx\/\",\"logo\":{\"@type\":\"ImageObject\",\"inLanguage\":\"en-US\",\"@id\":\"https:\/\/instamedic.mx\/#\/schema\/logo\/image\/\",\"url\":\"https:\/\/instamedic.mx\/wp-content\/uploads\/2024\/02\/Logo-instamedic.png\",\"contentUrl\":\"https:\/\/instamedic.mx\/wp-content\/uploads\/2024\/02\/Logo-instamedic.png\",\"width\":500,\"height\":500,\"caption\":\"INSTAMEDIC\"},\"image\":{\"@id\":\"https:\/\/instamedic.mx\/#\/schema\/logo\/image\/\"},\"sameAs\":[\"https:\/\/www.facebook.com\/instamedicmx\",\"https:\/\/www.instagram.com\/instamedic_mx\/\"],\"email\":\"info@instamedic.mx\",\"telephone\":\"8713426247\"}]}<\/script>\n<!-- \/ Yoast SEO Premium plugin. -->","yoast_head_json":{"title":"CHAROLA PARA ESTERILIZAR INTRUMENTAL CON SOPORTE INTERNO 21x6.5x2.2 CM. (*) | Instamedic","robots":{"index":"index","follow":"follow","max-snippet":"max-snippet:-1","max-image-preview":"max-image-preview:large","max-video-preview":"max-video-preview:-1"},"canonical":"https:\/\/instamedic.mx\/en\/tienda-medica\/instrumental-medico\/charolas-de-acero\/charola-para-esterilizar-intrumental-con-soporte-interno-21x6-5x2-2-cm\/","og_locale":"en_US","og_type":"article","og_title":"CHAROLA PARA ESTERILIZAR INTRUMENTAL CON SOPORTE INTERNO 21x6.5x2.2 CM. (*)","og_description":"Charola con tapa tambi\u00e9n conocida como charola para esterilizar. Estas charolas\u00a0son muy vers\u00e1tiles, en ellas se pueden depositar o transportar\u00a0instrumental de\u00a0corte, sutura, curaci\u00f3n y esterilizaci\u00f3n\u00a0de instrumental\u00a0menor.","og_url":"https:\/\/instamedic.mx\/en\/tienda-medica\/instrumental-medico\/charolas-de-acero\/charola-para-esterilizar-intrumental-con-soporte-interno-21x6-5x2-2-cm\/","og_site_name":"Instamedic","article_publisher":"https:\/\/www.facebook.com\/instamedicmx","og_image":[{"width":1200,"height":1200,"url":"https:\/\/instamedic.mx\/wp-content\/uploads\/2020\/12\/Charola-para-esterilizar-instrumental-hergom_N-0293.jpg","type":"image\/jpeg"}],"twitter_card":"summary_large_image","schema":{"@context":"https:\/\/schema.org","@graph":[{"@type":"WebPage","@id":"https:\/\/instamedic.mx\/tienda-medica\/instrumental-medico\/charolas-de-acero\/charola-para-esterilizar-intrumental-con-soporte-interno-21x6-5x2-2-cm\/","url":"https:\/\/instamedic.mx\/tienda-medica\/instrumental-medico\/charolas-de-acero\/charola-para-esterilizar-intrumental-con-soporte-interno-21x6-5x2-2-cm\/","name":"CHAROLA PARA ESTERILIZAR INTRUMENTAL CON SOPORTE INTERNO 21x6.5x2.2 CM. (*) | Instamedic","isPartOf":{"@id":"https:\/\/instamedic.mx\/#website"},"primaryImageOfPage":{"@id":"https:\/\/instamedic.mx\/tienda-medica\/instrumental-medico\/charolas-de-acero\/charola-para-esterilizar-intrumental-con-soporte-interno-21x6-5x2-2-cm\/#primaryimage"},"image":{"@id":"https:\/\/instamedic.mx\/tienda-medica\/instrumental-medico\/charolas-de-acero\/charola-para-esterilizar-intrumental-con-soporte-interno-21x6-5x2-2-cm\/#primaryimage"},"thumbnailUrl":"https:\/\/instamedic.mx\/wp-content\/uploads\/2020\/12\/Charola-para-esterilizar-instrumental-hergom_N-0293.jpg","datePublished":"2020-12-02T03:17:42+00:00","dateModified":"2020-12-02T03:17:42+00:00","breadcrumb":{"@id":"https:\/\/instamedic.mx\/tienda-medica\/instrumental-medico\/charolas-de-acero\/charola-para-esterilizar-intrumental-con-soporte-interno-21x6-5x2-2-cm\/#breadcrumb"},"inLanguage":"en-US","potentialAction":[{"@type":"ReadAction","target":["https:\/\/instamedic.mx\/tienda-medica\/instrumental-medico\/charolas-de-acero\/charola-para-esterilizar-intrumental-con-soporte-interno-21x6-5x2-2-cm\/"]}]},{"@type":"ImageObject","inLanguage":"en-US","@id":"https:\/\/instamedic.mx\/tienda-medica\/instrumental-medico\/charolas-de-acero\/charola-para-esterilizar-intrumental-con-soporte-interno-21x6-5x2-2-cm\/#primaryimage","url":"https:\/\/instamedic.mx\/wp-content\/uploads\/2020\/12\/Charola-para-esterilizar-instrumental-hergom_N-0293.jpg","contentUrl":"https:\/\/instamedic.mx\/wp-content\/uploads\/2020\/12\/Charola-para-esterilizar-instrumental-hergom_N-0293.jpg","width":1200,"height":1200},{"@type":"BreadcrumbList","@id":"https:\/\/instamedic.mx\/tienda-medica\/instrumental-medico\/charolas-de-acero\/charola-para-esterilizar-intrumental-con-soporte-interno-21x6-5x2-2-cm\/#breadcrumb","itemListElement":[{"@type":"ListItem","position":1,"name":"Inicio","item":"https:\/\/instamedic.mx\/"},{"@type":"ListItem","position":2,"name":"Tienda m\u00e9dica","item":"https:\/\/instamedic.mx\/tienda-medica\/"},{"@type":"ListItem","position":3,"name":"CHAROLA PARA ESTERILIZAR INTRUMENTAL CON SOPORTE INTERNO 21&#215;6.5&#215;2.2 CM. (*)"}]},{"@type":"WebSite","@id":"https:\/\/instamedic.mx\/#website","url":"https:\/\/instamedic.mx\/","name":"INSTAMEDIC","description":"Venta de equipo m\u00e9dico, instrumental y uniformes quirpurgicos","publisher":{"@id":"https:\/\/instamedic.mx\/#organization"},"potentialAction":[{"@type":"SearchAction","target":{"@type":"EntryPoint","urlTemplate":"https:\/\/instamedic.mx\/?s={search_term_string}"},"query-input":"required name=search_term_string"}],"inLanguage":"en-US"},{"@type":"Organization","@id":"https:\/\/instamedic.mx\/#organization","name":"INSTAMEDIC","url":"https:\/\/instamedic.mx\/","logo":{"@type":"ImageObject","inLanguage":"en-US","@id":"https:\/\/instamedic.mx\/#\/schema\/logo\/image\/","url":"https:\/\/instamedic.mx\/wp-content\/uploads\/2024\/02\/Logo-instamedic.png","contentUrl":"https:\/\/instamedic.mx\/wp-content\/uploads\/2024\/02\/Logo-instamedic.png","width":500,"height":500,"caption":"INSTAMEDIC"},"image":{"@id":"https:\/\/instamedic.mx\/#\/schema\/logo\/image\/"},"sameAs":["https:\/\/www.facebook.com\/instamedicmx","https:\/\/www.instagram.com\/instamedic_mx\/"],"email":"info@instamedic.mx","telephone":"8713426247"}]}},"jetpack_sharing_enabled":true,"_links":{"self":[{"href":"https:\/\/instamedic.mx\/en\/wp-json\/wp\/v2\/product\/8602"}],"collection":[{"href":"https:\/\/instamedic.mx\/en\/wp-json\/wp\/v2\/product"}],"about":[{"href":"https:\/\/instamedic.mx\/en\/wp-json\/wp\/v2\/types\/product"}],"replies":[{"embeddable":true,"href":"https:\/\/instamedic.mx\/en\/wp-json\/wp\/v2\/comments?post=8602"}],"version-history":[{"count":1,"href":"https:\/\/instamedic.mx\/en\/wp-json\/wp\/v2\/product\/8602\/revisions"}],"predecessor-version":[{"id":8605,"href":"https:\/\/instamedic.mx\/en\/wp-json\/wp\/v2\/product\/8602\/revisions\/8605"}],"wp:featuredmedia":[{"embeddable":true,"href":"https:\/\/instamedic.mx\/en\/wp-json\/wp\/v2\/media\/8604"}],"wp:attachment":[{"href":"https:\/\/instamedic.mx\/en\/wp-json\/wp\/v2\/media?parent=8602"}],"wp:term":[{"taxonomy":"wpc-collection","embeddable":true,"href":"https:\/\/instamedic.mx\/en\/wp-json\/wp\/v2\/wpc-collection?post=8602"},{"taxonomy":"product_brand","embeddable":true,"href":"https:\/\/instamedic.mx\/en\/wp-json\/wp\/v2\/product_brand?post=8602"},{"taxonomy":"product_cat","embeddable":true,"href":"https:\/\/instamedic.mx\/en\/wp-json\/wp\/v2\/product_cat?post=8602"},{"taxonomy":"product_tag","embeddable":true,"href":"https:\/\/instamedic.mx\/en\/wp-json\/wp\/v2\/product_tag?post=8602"}],"curies":[{"name":"wp","href":"https:\/\/api.w.org\/{rel}","templated":true}]}}