{"id":8749,"date":"2021-01-21T22:51:10","date_gmt":"2021-01-21T22:51:10","guid":{"rendered":"https:\/\/instamedic.mx\/?post_type=product&#038;p=8749"},"modified":"2023-11-09T17:51:51","modified_gmt":"2023-11-09T17:51:51","slug":"uniforme-quirurgico-repelente-ana-isabel-4","status":"publish","type":"product","link":"https:\/\/instamedic.mx\/en\/tienda-medica\/uniformes\/quirurgicos-uniformes\/uniforme-quirurgico-repelente\/uniforme-quirurgico-repelente-ana-isabel-4\/","title":{"rendered":"Uniforme quir\u00fargico repelente azul francia dama"},"content":{"rendered":"<p>Modelo nuevo, prep\u00e1rate para ser la que tenga el uniforme m\u00e1s bonito.<\/p>","protected":false},"excerpt":{"rendered":"<h2>EV-04 UNIFORME QUIRURGICO REPELENTE AZUL FRANCIA<\/h2>\n<p class=\"a-size-large a-spacing-none a-color-secondary\"><span id=\"productTitle\" class=\"a-size-large product-title-word-break\">Protecci\u00f3n para el profesional de la salud TELA STRETCH FLEX-DRY-DYNAMIC .<\/span><\/p>\n<p class=\"a-size-large a-spacing-none a-color-secondary\">Conjunto de pantal\u00f3n y filipina de\u00a0manga corta con hermoso detalle de Cierre en el cuello, con 2 amplias bolsas delanteras.<\/p>\n<p>La composici\u00f3n textil de esta filipina es 96% Poli\u00e9ster y 4% Elast\u00e1no para que ambos materiales creen una prenda muy c\u00f3moda y duradera.<\/p>","protected":false},"featured_media":9092,"comment_status":"open","ping_status":"closed","template":"","meta":[],"wpc-collection":[665],"product_brand":[657],"product_cat":[158,167,398],"product_tag":[499,161,409,243,244,399,160],"yoast_head":"<!-- This site is optimized with the Yoast SEO Premium plugin v22.3 (Yoast SEO v22.4) - https:\/\/yoast.com\/wordpress\/plugins\/seo\/ -->\n<title>Uniforme quir\u00fargico repelente azul francia dama | Instamedic<\/title>\n<meta name=\"robots\" content=\"index, follow, max-snippet:-1, max-image-preview:large, max-video-preview:-1\" \/>\n<link rel=\"canonical\" href=\"https:\/\/instamedic.mx\/en\/tienda-medica\/uniformes\/quirurgicos-uniformes\/uniforme-quirurgico-repelente\/uniforme-quirurgico-repelente-ana-isabel-4\/\" \/>\n<meta property=\"og:locale\" content=\"en_US\" \/>\n<meta property=\"og:type\" content=\"article\" \/>\n<meta property=\"og:title\" content=\"Uniforme quir\u00fargico repelente azul francia dama\" \/>\n<meta property=\"og:description\" content=\"EV-04 UNIFORME QUIRURGICO REPELENTE AZUL FRANCIA Protecci\u00f3n para el profesional de la salud TELA STRETCH FLEX-DRY-DYNAMIC . Conjunto de pantal\u00f3n y filipina de\u00a0manga corta con hermoso detalle de Cierre en el cuello, con 2 amplias bolsas delanteras. La composici\u00f3n textil de esta filipina es 96% Poli\u00e9ster y 4% Elast\u00e1no para que ambos materiales creen una prenda muy c\u00f3moda y duradera.\" \/>\n<meta property=\"og:url\" content=\"https:\/\/instamedic.mx\/en\/tienda-medica\/uniformes\/quirurgicos-uniformes\/uniforme-quirurgico-repelente\/uniforme-quirurgico-repelente-ana-isabel-4\/\" \/>\n<meta property=\"og:site_name\" content=\"Instamedic\" \/>\n<meta property=\"article:publisher\" content=\"https:\/\/www.facebook.com\/instamedicmx\" \/>\n<meta property=\"article:modified_time\" content=\"2023-11-09T17:51:51+00:00\" \/>\n<meta property=\"og:image\" content=\"https:\/\/instamedic.mx\/wp-content\/uploads\/2021\/01\/EV-04_cce0153f-a19d-41f4-92c3-e226f51cfcf4_1024x1024_2x-_1_.jpg\" \/>\n\t<meta property=\"og:image:width\" content=\"1365\" \/>\n\t<meta property=\"og:image:height\" content=\"2048\" \/>\n\t<meta property=\"og:image:type\" content=\"image\/jpeg\" \/>\n<meta name=\"twitter:card\" content=\"summary_large_image\" \/>\n<meta name=\"twitter:label1\" content=\"Est. reading time\" \/>\n\t<meta name=\"twitter:data1\" content=\"1 minute\" \/>\n<script type=\"application\/ld+json\" class=\"yoast-schema-graph\">{\"@context\":\"https:\/\/schema.org\",\"@graph\":[{\"@type\":\"WebPage\",\"@id\":\"https:\/\/instamedic.mx\/tienda-medica\/uniformes\/quirurgicos-uniformes\/uniforme-quirurgico-repelente\/uniforme-quirurgico-repelente-ana-isabel-4\/\",\"url\":\"https:\/\/instamedic.mx\/tienda-medica\/uniformes\/quirurgicos-uniformes\/uniforme-quirurgico-repelente\/uniforme-quirurgico-repelente-ana-isabel-4\/\",\"name\":\"Uniforme quir\u00fargico repelente azul francia dama | Instamedic\",\"isPartOf\":{\"@id\":\"https:\/\/instamedic.mx\/#website\"},\"primaryImageOfPage\":{\"@id\":\"https:\/\/instamedic.mx\/tienda-medica\/uniformes\/quirurgicos-uniformes\/uniforme-quirurgico-repelente\/uniforme-quirurgico-repelente-ana-isabel-4\/#primaryimage\"},\"image\":{\"@id\":\"https:\/\/instamedic.mx\/tienda-medica\/uniformes\/quirurgicos-uniformes\/uniforme-quirurgico-repelente\/uniforme-quirurgico-repelente-ana-isabel-4\/#primaryimage\"},\"thumbnailUrl\":\"https:\/\/instamedic.mx\/wp-content\/uploads\/2021\/01\/EV-04_cce0153f-a19d-41f4-92c3-e226f51cfcf4_1024x1024_2x-_1_.jpg\",\"datePublished\":\"2021-01-21T22:51:10+00:00\",\"dateModified\":\"2023-11-09T17:51:51+00:00\",\"breadcrumb\":{\"@id\":\"https:\/\/instamedic.mx\/tienda-medica\/uniformes\/quirurgicos-uniformes\/uniforme-quirurgico-repelente\/uniforme-quirurgico-repelente-ana-isabel-4\/#breadcrumb\"},\"inLanguage\":\"en-US\",\"potentialAction\":[{\"@type\":\"ReadAction\",\"target\":[\"https:\/\/instamedic.mx\/tienda-medica\/uniformes\/quirurgicos-uniformes\/uniforme-quirurgico-repelente\/uniforme-quirurgico-repelente-ana-isabel-4\/\"]}]},{\"@type\":\"ImageObject\",\"inLanguage\":\"en-US\",\"@id\":\"https:\/\/instamedic.mx\/tienda-medica\/uniformes\/quirurgicos-uniformes\/uniforme-quirurgico-repelente\/uniforme-quirurgico-repelente-ana-isabel-4\/#primaryimage\",\"url\":\"https:\/\/instamedic.mx\/wp-content\/uploads\/2021\/01\/EV-04_cce0153f-a19d-41f4-92c3-e226f51cfcf4_1024x1024_2x-_1_.jpg\",\"contentUrl\":\"https:\/\/instamedic.mx\/wp-content\/uploads\/2021\/01\/EV-04_cce0153f-a19d-41f4-92c3-e226f51cfcf4_1024x1024_2x-_1_.jpg\",\"width\":1365,\"height\":2048,\"caption\":\"Traje uniforme quir\u00fargico antifluidos azul francia para mujer\"},{\"@type\":\"BreadcrumbList\",\"@id\":\"https:\/\/instamedic.mx\/tienda-medica\/uniformes\/quirurgicos-uniformes\/uniforme-quirurgico-repelente\/uniforme-quirurgico-repelente-ana-isabel-4\/#breadcrumb\",\"itemListElement\":[{\"@type\":\"ListItem\",\"position\":1,\"name\":\"Inicio\",\"item\":\"https:\/\/instamedic.mx\/\"},{\"@type\":\"ListItem\",\"position\":2,\"name\":\"Tienda m\u00e9dica\",\"item\":\"https:\/\/instamedic.mx\/tienda-medica\/\"},{\"@type\":\"ListItem\",\"position\":3,\"name\":\"Uniforme quir\u00fargico repelente azul francia dama\"}]},{\"@type\":\"WebSite\",\"@id\":\"https:\/\/instamedic.mx\/#website\",\"url\":\"https:\/\/instamedic.mx\/\",\"name\":\"INSTAMEDIC\",\"description\":\"Venta de equipo m\u00e9dico, instrumental y uniformes quirpurgicos\",\"publisher\":{\"@id\":\"https:\/\/instamedic.mx\/#organization\"},\"potentialAction\":[{\"@type\":\"SearchAction\",\"target\":{\"@type\":\"EntryPoint\",\"urlTemplate\":\"https:\/\/instamedic.mx\/?s={search_term_string}\"},\"query-input\":\"required name=search_term_string\"}],\"inLanguage\":\"en-US\"},{\"@type\":\"Organization\",\"@id\":\"https:\/\/instamedic.mx\/#organization\",\"name\":\"INSTAMEDIC\",\"url\":\"https:\/\/instamedic.mx\/\",\"logo\":{\"@type\":\"ImageObject\",\"inLanguage\":\"en-US\",\"@id\":\"https:\/\/instamedic.mx\/#\/schema\/logo\/image\/\",\"url\":\"https:\/\/instamedic.mx\/wp-content\/uploads\/2024\/02\/Logo-instamedic.png\",\"contentUrl\":\"https:\/\/instamedic.mx\/wp-content\/uploads\/2024\/02\/Logo-instamedic.png\",\"width\":500,\"height\":500,\"caption\":\"INSTAMEDIC\"},\"image\":{\"@id\":\"https:\/\/instamedic.mx\/#\/schema\/logo\/image\/\"},\"sameAs\":[\"https:\/\/www.facebook.com\/instamedicmx\",\"https:\/\/www.instagram.com\/instamedic_mx\/\"],\"email\":\"info@instamedic.mx\",\"telephone\":\"8713426247\"}]}<\/script>\n<!-- \/ Yoast SEO Premium plugin. -->","yoast_head_json":{"title":"Uniforme quir\u00fargico repelente azul francia dama | Instamedic","robots":{"index":"index","follow":"follow","max-snippet":"max-snippet:-1","max-image-preview":"max-image-preview:large","max-video-preview":"max-video-preview:-1"},"canonical":"https:\/\/instamedic.mx\/en\/tienda-medica\/uniformes\/quirurgicos-uniformes\/uniforme-quirurgico-repelente\/uniforme-quirurgico-repelente-ana-isabel-4\/","og_locale":"en_US","og_type":"article","og_title":"Uniforme quir\u00fargico repelente azul francia dama","og_description":"EV-04 UNIFORME QUIRURGICO REPELENTE AZUL FRANCIA Protecci\u00f3n para el profesional de la salud TELA STRETCH FLEX-DRY-DYNAMIC . Conjunto de pantal\u00f3n y filipina de\u00a0manga corta con hermoso detalle de Cierre en el cuello, con 2 amplias bolsas delanteras. La composici\u00f3n textil de esta filipina es 96% Poli\u00e9ster y 4% Elast\u00e1no para que ambos materiales creen una prenda muy c\u00f3moda y duradera.","og_url":"https:\/\/instamedic.mx\/en\/tienda-medica\/uniformes\/quirurgicos-uniformes\/uniforme-quirurgico-repelente\/uniforme-quirurgico-repelente-ana-isabel-4\/","og_site_name":"Instamedic","article_publisher":"https:\/\/www.facebook.com\/instamedicmx","article_modified_time":"2023-11-09T17:51:51+00:00","og_image":[{"width":1365,"height":2048,"url":"https:\/\/instamedic.mx\/wp-content\/uploads\/2021\/01\/EV-04_cce0153f-a19d-41f4-92c3-e226f51cfcf4_1024x1024_2x-_1_.jpg","type":"image\/jpeg"}],"twitter_card":"summary_large_image","twitter_misc":{"Est. reading time":"1 minute"},"schema":{"@context":"https:\/\/schema.org","@graph":[{"@type":"WebPage","@id":"https:\/\/instamedic.mx\/tienda-medica\/uniformes\/quirurgicos-uniformes\/uniforme-quirurgico-repelente\/uniforme-quirurgico-repelente-ana-isabel-4\/","url":"https:\/\/instamedic.mx\/tienda-medica\/uniformes\/quirurgicos-uniformes\/uniforme-quirurgico-repelente\/uniforme-quirurgico-repelente-ana-isabel-4\/","name":"Uniforme quir\u00fargico repelente azul francia dama | Instamedic","isPartOf":{"@id":"https:\/\/instamedic.mx\/#website"},"primaryImageOfPage":{"@id":"https:\/\/instamedic.mx\/tienda-medica\/uniformes\/quirurgicos-uniformes\/uniforme-quirurgico-repelente\/uniforme-quirurgico-repelente-ana-isabel-4\/#primaryimage"},"image":{"@id":"https:\/\/instamedic.mx\/tienda-medica\/uniformes\/quirurgicos-uniformes\/uniforme-quirurgico-repelente\/uniforme-quirurgico-repelente-ana-isabel-4\/#primaryimage"},"thumbnailUrl":"https:\/\/instamedic.mx\/wp-content\/uploads\/2021\/01\/EV-04_cce0153f-a19d-41f4-92c3-e226f51cfcf4_1024x1024_2x-_1_.jpg","datePublished":"2021-01-21T22:51:10+00:00","dateModified":"2023-11-09T17:51:51+00:00","breadcrumb":{"@id":"https:\/\/instamedic.mx\/tienda-medica\/uniformes\/quirurgicos-uniformes\/uniforme-quirurgico-repelente\/uniforme-quirurgico-repelente-ana-isabel-4\/#breadcrumb"},"inLanguage":"en-US","potentialAction":[{"@type":"ReadAction","target":["https:\/\/instamedic.mx\/tienda-medica\/uniformes\/quirurgicos-uniformes\/uniforme-quirurgico-repelente\/uniforme-quirurgico-repelente-ana-isabel-4\/"]}]},{"@type":"ImageObject","inLanguage":"en-US","@id":"https:\/\/instamedic.mx\/tienda-medica\/uniformes\/quirurgicos-uniformes\/uniforme-quirurgico-repelente\/uniforme-quirurgico-repelente-ana-isabel-4\/#primaryimage","url":"https:\/\/instamedic.mx\/wp-content\/uploads\/2021\/01\/EV-04_cce0153f-a19d-41f4-92c3-e226f51cfcf4_1024x1024_2x-_1_.jpg","contentUrl":"https:\/\/instamedic.mx\/wp-content\/uploads\/2021\/01\/EV-04_cce0153f-a19d-41f4-92c3-e226f51cfcf4_1024x1024_2x-_1_.jpg","width":1365,"height":2048,"caption":"Traje uniforme quir\u00fargico antifluidos azul francia para mujer"},{"@type":"BreadcrumbList","@id":"https:\/\/instamedic.mx\/tienda-medica\/uniformes\/quirurgicos-uniformes\/uniforme-quirurgico-repelente\/uniforme-quirurgico-repelente-ana-isabel-4\/#breadcrumb","itemListElement":[{"@type":"ListItem","position":1,"name":"Inicio","item":"https:\/\/instamedic.mx\/"},{"@type":"ListItem","position":2,"name":"Tienda m\u00e9dica","item":"https:\/\/instamedic.mx\/tienda-medica\/"},{"@type":"ListItem","position":3,"name":"Uniforme quir\u00fargico repelente azul francia dama"}]},{"@type":"WebSite","@id":"https:\/\/instamedic.mx\/#website","url":"https:\/\/instamedic.mx\/","name":"INSTAMEDIC","description":"Venta de equipo m\u00e9dico, instrumental y uniformes quirpurgicos","publisher":{"@id":"https:\/\/instamedic.mx\/#organization"},"potentialAction":[{"@type":"SearchAction","target":{"@type":"EntryPoint","urlTemplate":"https:\/\/instamedic.mx\/?s={search_term_string}"},"query-input":"required name=search_term_string"}],"inLanguage":"en-US"},{"@type":"Organization","@id":"https:\/\/instamedic.mx\/#organization","name":"INSTAMEDIC","url":"https:\/\/instamedic.mx\/","logo":{"@type":"ImageObject","inLanguage":"en-US","@id":"https:\/\/instamedic.mx\/#\/schema\/logo\/image\/","url":"https:\/\/instamedic.mx\/wp-content\/uploads\/2024\/02\/Logo-instamedic.png","contentUrl":"https:\/\/instamedic.mx\/wp-content\/uploads\/2024\/02\/Logo-instamedic.png","width":500,"height":500,"caption":"INSTAMEDIC"},"image":{"@id":"https:\/\/instamedic.mx\/#\/schema\/logo\/image\/"},"sameAs":["https:\/\/www.facebook.com\/instamedicmx","https:\/\/www.instagram.com\/instamedic_mx\/"],"email":"info@instamedic.mx","telephone":"8713426247"}]}},"jetpack_sharing_enabled":true,"_links":{"self":[{"href":"https:\/\/instamedic.mx\/en\/wp-json\/wp\/v2\/product\/8749"}],"collection":[{"href":"https:\/\/instamedic.mx\/en\/wp-json\/wp\/v2\/product"}],"about":[{"href":"https:\/\/instamedic.mx\/en\/wp-json\/wp\/v2\/types\/product"}],"replies":[{"embeddable":true,"href":"https:\/\/instamedic.mx\/en\/wp-json\/wp\/v2\/comments?post=8749"}],"version-history":[{"count":5,"href":"https:\/\/instamedic.mx\/en\/wp-json\/wp\/v2\/product\/8749\/revisions"}],"predecessor-version":[{"id":22084,"href":"https:\/\/instamedic.mx\/en\/wp-json\/wp\/v2\/product\/8749\/revisions\/22084"}],"wp:featuredmedia":[{"embeddable":true,"href":"https:\/\/instamedic.mx\/en\/wp-json\/wp\/v2\/media\/9092"}],"wp:attachment":[{"href":"https:\/\/instamedic.mx\/en\/wp-json\/wp\/v2\/media?parent=8749"}],"wp:term":[{"taxonomy":"wpc-collection","embeddable":true,"href":"https:\/\/instamedic.mx\/en\/wp-json\/wp\/v2\/wpc-collection?post=8749"},{"taxonomy":"product_brand","embeddable":true,"href":"https:\/\/instamedic.mx\/en\/wp-json\/wp\/v2\/product_brand?post=8749"},{"taxonomy":"product_cat","embeddable":true,"href":"https:\/\/instamedic.mx\/en\/wp-json\/wp\/v2\/product_cat?post=8749"},{"taxonomy":"product_tag","embeddable":true,"href":"https:\/\/instamedic.mx\/en\/wp-json\/wp\/v2\/product_tag?post=8749"}],"curies":[{"name":"wp","href":"https:\/\/api.w.org\/{rel}","templated":true}]}}